{"id":301245,"date":"2025-07-25T12:15:12","date_gmt":"2025-07-25T11:15:12","guid":{"rendered":"https:\/\/ecosupplements.be\/product\/kenay-pycnogenol-french-marine-pine-bark-extract-30-caps\/"},"modified":"2025-08-28T03:14:53","modified_gmt":"2025-08-28T02:14:53","slug":"kenay-pycnogenol-french-marine-pine-bark-extract-30-caps","status":"publish","type":"product","link":"https:\/\/ecosupplements.be\/fr\/produit\/kenay-pycnogenol-french-marine-pine-bark-extract-30-caps\/","title":{"rendered":"KENAY Pycnogenol French marine pine bark extract (30 caps)"},"content":{"rendered":"<div class=\"tab-pane fade in active\" id=\"opis\">\n<div class=\"rte\">\n<p><strong>Sk\u0142adniki: <\/strong>ekstrakt z kory sosny nadmorskiej (<em>Pinus pinaster<\/em>) standaryzowany na 65% oligomerycznych proantocyjanidyn (OPC); otoczka kapsu\u0142ki: hydroksylopropylometyloceluloza.\u00a0\u00a0\u00a0\u00a0<\/p>\n<table>\n<tbody>\n<tr>\n<td colspan=\"2\">\n<p><strong>Porcja dzienna:<\/strong> 1 kapsu\u0142ka<\/p>\n<p><strong>Opakowanie zawiera:<\/strong> 30 kapsu\u0142ek<\/p>\n<\/td>\n<\/tr>\n<tr>\n<td colspan=\"2\">\n<p><strong>Sk\u0142ad w porcji dziennej <\/strong><strong>(1 kapsu\u0142ka)<\/strong><\/p>\n<\/td>\n<\/tr>\n<tr>\n<td>\n<p>Ekstrakt z kory sosny nadmorskiej (<em>Pinus pinaster<\/em>) \/Pycnogenol<sup>\u00ae<\/sup>\/,<\/p>\n<p>w tym:<\/p>\n<p>oligomerycznych proantocyjanidyn (OPC) 65%<\/p>\n<\/td>\n<td>\n<p style=\"text-align:right;\">100 mg<\/p>\n<p style=\"text-align:right;\">\u00a0<\/p>\n<p style=\"text-align:right;\">65 mg<\/p>\n<\/td>\n<\/tr>\n<\/tbody>\n<\/table>\n<p>Sosna nadmorska \u2013 zdrowy uk\u0142ad naczyniowy<\/p>\n<p>Kora sosny nadmorskiej pomaga utrzyma\u0107 dobry stan zdrowia, chroni\u0105c kom\u00f3rki i tkanki dzi\u0119ki swoim w\u0142a\u015bciwo\u015bciom przeciwutleniaj\u0105cym. Ekstrakt z sosny nadmorskiej wspomaga mikrocyrkulacj\u0119 oraz chroni \u015bcianki naczy\u0144 krwiono\u015bnych.<\/p>\n<p>Pycnogenol<sup>\u00ae<\/sup> jest zarejestrowanym znakiem towarowym Horphag Research Ltd. Produkt mo\u017ce by\u0107 obj\u0119ty jednym lub wi\u0119ksz\u0105 liczb\u0105 patent\u00f3w ameryka\u0144skich lub innych kraj\u00f3w.<\/p>\n<p><strong>Spos\u00f3b u\u017cycia:<\/strong> 1 kapsu\u0142ka dziennie<\/p>\n<p><strong>Spos\u00f3b przechowywania<\/strong>: przechowywa\u0107 w zamkni\u0119tym opakowaniu w temperaturze pokojowej, w spos\u00f3b niedost\u0119pny dla ma\u0142ych dzieci<\/p>\n<p><strong>Uwagi: <\/strong>Nie nale\u017cy przekracza\u0107 zalecanej porcji do spo\u017cycia w ci\u0105gu dnia. Suplementy diety nie mog\u0105 by\u0107 stosowane jako substytut (zamiennik) zr\u00f3\u017cnicowanej diety. Wa\u017cny jest zr\u00f3\u017cnicowany spos\u00f3b \u017cywienia i zdrowy tryb \u017cycia. Nie nale\u017cy stosowa\u0107 w przypadku nadwra\u017cliwo\u015bci na jakikolwiek sk\u0142adnik preparatu. Preparatu nie powinny stosowa\u0107 kobiety w ci\u0105\u017cy, karmi\u0105ce piersi\u0105 oraz dzieci i m\u0142odzie\u017c poni\u017cej 18 roku \u017cycia.<\/p>\n<p><strong>Producent: <\/strong>Horphag Research Ltd. Szwajcaria<\/p>\n<\/p><\/div>\n<\/p><\/div>\n","protected":false},"excerpt":{"rendered":"<p>Sk\u0142adniki: ekstrakt z kory sosny nadmorskiej (Pinus pinaster) standaryzowany na 65% oligomerycznych proantocyjanidyn (OPC); otoczka kapsu\u0142ki: hydroksylopropylometyloceluloza.\u00a0\u00a0\u00a0\u00a0 Porcja dzienna: 1 kapsu\u0142ka Opakowanie zawiera: 30 kapsu\u0142ek Sk\u0142ad w porcji dziennej (1 kapsu\u0142ka) Ekstrakt z kory sosny nadmorskiej (Pinus pinaster) \/Pycnogenol\u00ae\/, w tym: oligomerycznych proantocyjanidyn (OPC) 65% 100 mg \u00a0 65 mg Sosna nadmorska \u2013 zdrowy uk\u0142ad [&#8230;]\n","protected":false},"featured_media":275385,"comment_status":"closed","ping_status":"open","template":"","meta":[],"product_brand":[5362],"product_cat":[5052,5094,5053],"product_tag":[],"class_list":{"0":"post-301245","1":"product","2":"type-product","3":"status-publish","4":"has-post-thumbnail","6":"product_brand-kenay-2","7":"product_cat-sante-et-bien-etre","8":"product_cat-supplements-a-base-de-plantes","9":"product_cat-vitamines-et-mineraux","11":"first","12":"instock","13":"taxable","14":"shipping-taxable","15":"purchasable","16":"product-type-simple"},"yoast_head":"<!-- This site is optimized with the Yoast SEO Premium plugin v27.3 (Yoast SEO v27.3) - https:\/\/yoast.com\/product\/yoast-seo-premium-wordpress\/ -->\n<title>KENAY Pycnogenol French marine pine bark extract (30 caps) - ECO Supplements<\/title>\n<meta name=\"description\" content=\"Wij hebben een ruime keuze aan producten van KENAY Pycnogenol French marine pine bark extract (30 caps) . Winkel bij Eco Supplements altijd gratis verzending boven 100\u20ac\" \/>\n<meta name=\"robots\" content=\"index, follow, max-snippet:-1, max-image-preview:large, max-video-preview:-1\" \/>\n<link rel=\"canonical\" href=\"https:\/\/ecosupplements.be\/fr\/produit\/kenay-pycnogenol-french-marine-pine-bark-extract-30-caps\/\" \/>\n<meta property=\"og:locale\" content=\"fr_FR\" \/>\n<meta property=\"og:type\" content=\"article\" \/>\n<meta property=\"og:title\" content=\"KENAY Pycnogenol French marine pine bark extract (30 caps)\" \/>\n<meta property=\"og:description\" content=\"Wij hebben een ruime keuze aan producten van KENAY Pycnogenol French marine pine bark extract (30 caps) . Winkel bij Eco Supplements altijd gratis verzending boven 100\u20ac\" \/>\n<meta property=\"og:url\" content=\"https:\/\/ecosupplements.be\/fr\/produit\/kenay-pycnogenol-french-marine-pine-bark-extract-30-caps\/\" \/>\n<meta property=\"og:site_name\" content=\"ECO Supplements\" \/>\n<meta property=\"article:modified_time\" content=\"2025-08-28T02:14:53+00:00\" \/>\n<meta property=\"og:image\" content=\"https:\/\/ecosupplements.be\/wp-content\/uploads\/2025\/08\/Kenay-KENAY-Pycnogenol-French-marine-pine-bark-extract-30-caps.jpg\" \/>\n\t<meta property=\"og:image:width\" content=\"600\" \/>\n\t<meta property=\"og:image:height\" content=\"600\" \/>\n\t<meta property=\"og:image:type\" content=\"image\/jpeg\" \/>\n<meta name=\"twitter:card\" content=\"summary_large_image\" \/>\n<meta name=\"twitter:label1\" content=\"Prix\" \/>\n\t<meta name=\"twitter:data1\" content=\"27.79&nbsp;&euro;\" \/>\n\t<meta name=\"twitter:label2\" content=\"Disponibilit\u00e9\" \/>\n\t<meta name=\"twitter:data2\" content=\"En stock\" \/>\n<script type=\"application\/ld+json\" class=\"yoast-schema-graph\">{\"@context\":\"https:\\\/\\\/schema.org\",\"@graph\":[{\"@type\":[\"WebPage\",\"ItemPage\"],\"@id\":\"https:\\\/\\\/ecosupplements.be\\\/fr\\\/produit\\\/kenay-pycnogenol-french-marine-pine-bark-extract-30-caps\\\/\",\"url\":\"https:\\\/\\\/ecosupplements.be\\\/fr\\\/produit\\\/kenay-pycnogenol-french-marine-pine-bark-extract-30-caps\\\/\",\"name\":\"KENAY Pycnogenol French marine pine bark extract (30 caps) - ECO Supplements\",\"isPartOf\":{\"@id\":\"https:\\\/\\\/ecosupplements.be\\\/fr\\\/#website\"},\"primaryImageOfPage\":{\"@id\":\"https:\\\/\\\/ecosupplements.be\\\/fr\\\/produit\\\/kenay-pycnogenol-french-marine-pine-bark-extract-30-caps\\\/#primaryimage\"},\"image\":{\"@id\":\"https:\\\/\\\/ecosupplements.be\\\/fr\\\/produit\\\/kenay-pycnogenol-french-marine-pine-bark-extract-30-caps\\\/#primaryimage\"},\"thumbnailUrl\":\"https:\\\/\\\/ecosupplements.be\\\/wp-content\\\/uploads\\\/2025\\\/08\\\/KENAY-Pycnogenol-French-marine-pine-bark-extract-30-caps.jpg\",\"datePublished\":\"2025-07-25T11:15:12+00:00\",\"dateModified\":\"2025-08-28T02:14:53+00:00\",\"description\":\"Wij hebben een ruime keuze aan producten van KENAY Pycnogenol French marine pine bark extract (30 caps) . Winkel bij Eco Supplements altijd gratis verzending boven 100\u20ac\",\"breadcrumb\":{\"@id\":\"https:\\\/\\\/ecosupplements.be\\\/fr\\\/produit\\\/kenay-pycnogenol-french-marine-pine-bark-extract-30-caps\\\/#breadcrumb\"},\"inLanguage\":\"fr-FR\",\"potentialAction\":[{\"@type\":\"ReadAction\",\"target\":[\"https:\\\/\\\/ecosupplements.be\\\/fr\\\/produit\\\/kenay-pycnogenol-french-marine-pine-bark-extract-30-caps\\\/\"]}]},{\"@type\":\"ImageObject\",\"inLanguage\":\"fr-FR\",\"@id\":\"https:\\\/\\\/ecosupplements.be\\\/fr\\\/produit\\\/kenay-pycnogenol-french-marine-pine-bark-extract-30-caps\\\/#primaryimage\",\"url\":\"https:\\\/\\\/ecosupplements.be\\\/wp-content\\\/uploads\\\/2025\\\/08\\\/KENAY-Pycnogenol-French-marine-pine-bark-extract-30-caps.jpg\",\"contentUrl\":\"https:\\\/\\\/ecosupplements.be\\\/wp-content\\\/uploads\\\/2025\\\/08\\\/KENAY-Pycnogenol-French-marine-pine-bark-extract-30-caps.jpg\",\"width\":600,\"height\":600},{\"@type\":\"BreadcrumbList\",\"@id\":\"https:\\\/\\\/ecosupplements.be\\\/fr\\\/produit\\\/kenay-pycnogenol-french-marine-pine-bark-extract-30-caps\\\/#breadcrumb\",\"itemListElement\":[{\"@type\":\"ListItem\",\"position\":1,\"name\":\"Home\",\"item\":\"https:\\\/\\\/ecosupplements.be\\\/fr\\\/\"},{\"@type\":\"ListItem\",\"position\":2,\"name\":\"Boutique\",\"item\":\"https:\\\/\\\/ecosupplements.be\\\/fr\\\/boutique\\\/\"},{\"@type\":\"ListItem\",\"position\":3,\"name\":\"KENAY Pycnogenol French marine pine bark extract (30 caps)\"}]},{\"@type\":\"WebSite\",\"@id\":\"https:\\\/\\\/ecosupplements.be\\\/fr\\\/#website\",\"url\":\"https:\\\/\\\/ecosupplements.be\\\/fr\\\/\",\"name\":\"ECO Supplements\",\"description\":\"Eco Supplements - Gezonde supplementen\",\"publisher\":{\"@id\":\"https:\\\/\\\/ecosupplements.be\\\/fr\\\/#organization\"},\"potentialAction\":[{\"@type\":\"SearchAction\",\"target\":{\"@type\":\"EntryPoint\",\"urlTemplate\":\"https:\\\/\\\/ecosupplements.be\\\/fr\\\/?s={search_term_string}\"},\"query-input\":{\"@type\":\"PropertyValueSpecification\",\"valueRequired\":true,\"valueName\":\"search_term_string\"}}],\"inLanguage\":\"fr-FR\"},{\"@type\":\"Organization\",\"@id\":\"https:\\\/\\\/ecosupplements.be\\\/fr\\\/#organization\",\"name\":\"Eco Supplements\",\"url\":\"https:\\\/\\\/ecosupplements.be\\\/fr\\\/\",\"logo\":{\"@type\":\"ImageObject\",\"inLanguage\":\"fr-FR\",\"@id\":\"https:\\\/\\\/ecosupplements.be\\\/fr\\\/#\\\/schema\\\/logo\\\/image\\\/\",\"url\":\"https:\\\/\\\/ecosupplements.be\\\/wp-content\\\/uploads\\\/2022\\\/06\\\/ecosupplement-family.png\",\"contentUrl\":\"https:\\\/\\\/ecosupplements.be\\\/wp-content\\\/uploads\\\/2022\\\/06\\\/ecosupplement-family.png\",\"width\":593,\"height\":374,\"caption\":\"Eco Supplements\"},\"image\":{\"@id\":\"https:\\\/\\\/ecosupplements.be\\\/fr\\\/#\\\/schema\\\/logo\\\/image\\\/\"}}]}<\/script>\n<meta property=\"product:brand\" content=\"Kenay\" \/>\n<meta property=\"product:price:amount\" content=\"27.79\" \/>\n<meta property=\"product:price:currency\" content=\"EUR\" \/>\n<meta property=\"og:availability\" content=\"instock\" \/>\n<meta property=\"product:availability\" content=\"instock\" \/>\n<meta property=\"product:retailer_item_id\" content=\"5900672153781\" \/>\n<meta property=\"product:condition\" content=\"new\" \/>\n<!-- \/ Yoast SEO Premium plugin. -->","yoast_head_json":{"title":"KENAY Pycnogenol French marine pine bark extract (30 caps) - ECO Supplements","description":"Wij hebben een ruime keuze aan producten van KENAY Pycnogenol French marine pine bark extract (30 caps) . Winkel bij Eco Supplements altijd gratis verzending boven 100\u20ac","robots":{"index":"index","follow":"follow","max-snippet":"max-snippet:-1","max-image-preview":"max-image-preview:large","max-video-preview":"max-video-preview:-1"},"canonical":"https:\/\/ecosupplements.be\/fr\/produit\/kenay-pycnogenol-french-marine-pine-bark-extract-30-caps\/","og_locale":"fr_FR","og_type":"article","og_title":"KENAY Pycnogenol French marine pine bark extract (30 caps)","og_description":"Wij hebben een ruime keuze aan producten van KENAY Pycnogenol French marine pine bark extract (30 caps) . Winkel bij Eco Supplements altijd gratis verzending boven 100\u20ac","og_url":"https:\/\/ecosupplements.be\/fr\/produit\/kenay-pycnogenol-french-marine-pine-bark-extract-30-caps\/","og_site_name":"ECO Supplements","article_modified_time":"2025-08-28T02:14:53+00:00","og_image":[{"width":600,"height":600,"url":"https:\/\/ecosupplements.be\/wp-content\/uploads\/2025\/08\/Kenay-KENAY-Pycnogenol-French-marine-pine-bark-extract-30-caps.jpg","type":"image\/jpeg"}],"twitter_card":"summary_large_image","twitter_misc":{"Prix":"27.79&nbsp;&euro;","Disponibilit\u00e9":"En stock"},"schema":{"@context":"https:\/\/schema.org","@graph":[{"@type":["WebPage","ItemPage"],"@id":"https:\/\/ecosupplements.be\/fr\/produit\/kenay-pycnogenol-french-marine-pine-bark-extract-30-caps\/","url":"https:\/\/ecosupplements.be\/fr\/produit\/kenay-pycnogenol-french-marine-pine-bark-extract-30-caps\/","name":"KENAY Pycnogenol French marine pine bark extract (30 caps) - ECO Supplements","isPartOf":{"@id":"https:\/\/ecosupplements.be\/fr\/#website"},"primaryImageOfPage":{"@id":"https:\/\/ecosupplements.be\/fr\/produit\/kenay-pycnogenol-french-marine-pine-bark-extract-30-caps\/#primaryimage"},"image":{"@id":"https:\/\/ecosupplements.be\/fr\/produit\/kenay-pycnogenol-french-marine-pine-bark-extract-30-caps\/#primaryimage"},"thumbnailUrl":"https:\/\/ecosupplements.be\/wp-content\/uploads\/2025\/08\/KENAY-Pycnogenol-French-marine-pine-bark-extract-30-caps.jpg","datePublished":"2025-07-25T11:15:12+00:00","dateModified":"2025-08-28T02:14:53+00:00","description":"Wij hebben een ruime keuze aan producten van KENAY Pycnogenol French marine pine bark extract (30 caps) . Winkel bij Eco Supplements altijd gratis verzending boven 100\u20ac","breadcrumb":{"@id":"https:\/\/ecosupplements.be\/fr\/produit\/kenay-pycnogenol-french-marine-pine-bark-extract-30-caps\/#breadcrumb"},"inLanguage":"fr-FR","potentialAction":[{"@type":"ReadAction","target":["https:\/\/ecosupplements.be\/fr\/produit\/kenay-pycnogenol-french-marine-pine-bark-extract-30-caps\/"]}]},{"@type":"ImageObject","inLanguage":"fr-FR","@id":"https:\/\/ecosupplements.be\/fr\/produit\/kenay-pycnogenol-french-marine-pine-bark-extract-30-caps\/#primaryimage","url":"https:\/\/ecosupplements.be\/wp-content\/uploads\/2025\/08\/KENAY-Pycnogenol-French-marine-pine-bark-extract-30-caps.jpg","contentUrl":"https:\/\/ecosupplements.be\/wp-content\/uploads\/2025\/08\/KENAY-Pycnogenol-French-marine-pine-bark-extract-30-caps.jpg","width":600,"height":600},{"@type":"BreadcrumbList","@id":"https:\/\/ecosupplements.be\/fr\/produit\/kenay-pycnogenol-french-marine-pine-bark-extract-30-caps\/#breadcrumb","itemListElement":[{"@type":"ListItem","position":1,"name":"Home","item":"https:\/\/ecosupplements.be\/fr\/"},{"@type":"ListItem","position":2,"name":"Boutique","item":"https:\/\/ecosupplements.be\/fr\/boutique\/"},{"@type":"ListItem","position":3,"name":"KENAY Pycnogenol French marine pine bark extract (30 caps)"}]},{"@type":"WebSite","@id":"https:\/\/ecosupplements.be\/fr\/#website","url":"https:\/\/ecosupplements.be\/fr\/","name":"ECO Supplements","description":"Eco Supplements - Gezonde supplementen","publisher":{"@id":"https:\/\/ecosupplements.be\/fr\/#organization"},"potentialAction":[{"@type":"SearchAction","target":{"@type":"EntryPoint","urlTemplate":"https:\/\/ecosupplements.be\/fr\/?s={search_term_string}"},"query-input":{"@type":"PropertyValueSpecification","valueRequired":true,"valueName":"search_term_string"}}],"inLanguage":"fr-FR"},{"@type":"Organization","@id":"https:\/\/ecosupplements.be\/fr\/#organization","name":"Eco Supplements","url":"https:\/\/ecosupplements.be\/fr\/","logo":{"@type":"ImageObject","inLanguage":"fr-FR","@id":"https:\/\/ecosupplements.be\/fr\/#\/schema\/logo\/image\/","url":"https:\/\/ecosupplements.be\/wp-content\/uploads\/2022\/06\/ecosupplement-family.png","contentUrl":"https:\/\/ecosupplements.be\/wp-content\/uploads\/2022\/06\/ecosupplement-family.png","width":593,"height":374,"caption":"Eco Supplements"},"image":{"@id":"https:\/\/ecosupplements.be\/fr\/#\/schema\/logo\/image\/"}}]},"product_brand":"Kenay","product_price_amount":"27.79","product_price_currency":"EUR","og_availability":"instock","product_availability":"instock","product_retailer_item_id":"5900672153781","product_condition":"new"},"_links":{"self":[{"href":"https:\/\/ecosupplements.be\/fr\/wp-json\/wp\/v2\/product\/301245","targetHints":{"allow":["GET"]}}],"collection":[{"href":"https:\/\/ecosupplements.be\/fr\/wp-json\/wp\/v2\/product"}],"about":[{"href":"https:\/\/ecosupplements.be\/fr\/wp-json\/wp\/v2\/types\/product"}],"replies":[{"embeddable":true,"href":"https:\/\/ecosupplements.be\/fr\/wp-json\/wp\/v2\/comments?post=301245"}],"wp:featuredmedia":[{"embeddable":true,"href":"https:\/\/ecosupplements.be\/fr\/wp-json\/wp\/v2\/media\/275385"}],"wp:attachment":[{"href":"https:\/\/ecosupplements.be\/fr\/wp-json\/wp\/v2\/media?parent=301245"}],"wp:term":[{"taxonomy":"product_brand","embeddable":true,"href":"https:\/\/ecosupplements.be\/fr\/wp-json\/wp\/v2\/product_brand?post=301245"},{"taxonomy":"product_cat","embeddable":true,"href":"https:\/\/ecosupplements.be\/fr\/wp-json\/wp\/v2\/product_cat?post=301245"},{"taxonomy":"product_tag","embeddable":true,"href":"https:\/\/ecosupplements.be\/fr\/wp-json\/wp\/v2\/product_tag?post=301245"}],"curies":[{"name":"wp","href":"https:\/\/api.w.org\/{rel}","templated":true}]}}