{"id":301293,"date":"2025-07-25T13:15:12","date_gmt":"2025-07-25T12:15:12","guid":{"rendered":"https:\/\/ecosupplements.be\/product\/kenay-ubiquinol-v100-active-coenzyme-q10-100-mg-120-caps\/"},"modified":"2025-08-28T03:15:49","modified_gmt":"2025-08-28T02:15:49","slug":"kenay-ubiquinol-v100-active-coenzyme-q10-100-mg-120-caps","status":"publish","type":"product","link":"https:\/\/ecosupplements.be\/fr\/produit\/kenay-ubiquinol-v100-active-coenzyme-q10-100-mg-120-caps\/","title":{"rendered":"KENAY Ubiquinol V100 Active Coenzyme Q10, 100 mg (120 caps)"},"content":{"rendered":"<p><strong>OPIS:<br \/><\/strong><\/p>\n<p><strong>Aktywna, zredukowana forma Koenzymu Q10, opracowana przez najlepszego \u015bwiatowego producenta naturalnego Koenzymu Q10 \u2013 firm\u0119 Kaneka w Japonii <\/strong><\/p>\n<p>Koenzym Q10 jest niezb\u0119dny dla \u017cycia ka\u017cdej kom\u00f3rki naszego cia\u0142a. Jest podstawowym elementem \u0142a\u0144cucha oddechowego, bior\u0105c czynny udzia\u0142 w przenoszeniu proton\u00f3w i elektron\u00f3w. Gdy przekroczymy 35 rok \u017cycia jego niewystarczaj\u0105ca ilo\u015b\u0107 w organizmie zaczyna by\u0107 zauwa\u017calna, dlatego te\u017c niezb\u0119dna jest jego suplementacja. Koenzym Q10 mo\u017ce wyst\u0119powa\u0107 w dw\u00f3ch formach \u2013 utlenionej (UBICHINON) i zredukowanej (UBICHINOL).<\/p>\n<p>Koenzym Q10 to produkt pochodz\u0105cy z procesu ekstrakcji fermentowanych dro\u017cd\u017cy, nie posiada formy cis i jest identyczny w swojej budowie z wytwarzanym przez organizm ludzki. Tylko 4%-6% sprzedawanego aktualnie na \u015bwiecie Koenzymu Q10 pochodzi z naturalnego procesu fermentacji, dlatego te\u017c jest on znacznie dro\u017cszy od tego uzyskiwanego w spos\u00f3b syntetyczny.<\/p>\n<p>Koenzym Q10 to \u201esuper paliwo\u201d dla naszego organizmu. Dostarcza niezb\u0119dnej energii do przetrwania ka\u017cdej kom\u00f3rki i tkanki.<\/p>\n<p>Wyst\u0119puje w ka\u017cdej cz\u0119\u015bci organizmu, a konkretnie w mitochondriach, czyli tam gdzie wytwarzana jest energia. Najwi\u0119ksza jego koncentracja znajduje si\u0119 jednak w kom\u00f3rkach mi\u0119\u015bnia sercowego. Serce to najbardziej zapracowany organ naszego cia\u0142a, potrzebuje zatem bardzo du\u017co energii aby podo\u0142a\u0107 nieustaj\u0105cej pracy. Organizm ludzki jest zdolny sam wytwarza\u0107 koenzym Q10, ale nie zawsze w ilo\u015bciach wystarczaj\u0105cych do prawid\u0142owego funkcjonowania.<\/p>\n<p>Koenzym Q10 zapewnia oko\u0142o 95% \u0142\u0105cznej energii organizmu cz\u0142owieka. 94% dost\u0119pnych na rynku produkt\u00f3w z koenzymem Q10 jest w postaci syntetycznej, w zwi\u0105zku z tym s\u0105 one ta\u0144sze i mniej warto\u015bciowe.<\/p>\n<p><strong>Koenzym Q10 rozpuszcza si\u0119 w t\u0142uszczach, dlatego je\u015bli ma on form\u0119 proszku nale\u017cy przyjmowa\u0107 go w trakcie lub bezpo\u015brednio po posi\u0142kach lub rozpuszcza\u0107 w \u0142y\u017cce oliwy z oliwek. Natomiast Ubichinol jest zamkni\u0119ty w specjalnej t\u0142uszczowej kapsu\u0142ce, gotowy do spo\u017cycia bez okre\u015blonych warunk\u00f3w<\/strong>.<\/p>\n<p><strong>SK\u0141AD:<\/strong><\/p>\n<p><strong><\/strong>Olej rzepakowy, ubichinol (aktywna forma koenzymu Q10), emulgator: estry kwas\u00f3w t\u0142uszczowych i poliglicerolu, substancja s\u0142odz\u0105ca: \u017c\u00f3\u0142ty wosk pszczeli, przeciwutleniacz: lecytyny (sojowe), skrobia kukurydziana, stabilizator: glicerol, substancja zag\u0119szczaj\u0105ca: karagen, barwnik: karmel, regulator kwasowo\u015bci: fosforany sodu.<\/p>\n<\/p>\n<table border=\"3\">\n<tbody>\n<tr>\n<td colspan=\"2\">\n<p><strong>Porcja dzienna:<\/strong> 1 kapsu\u0142ka<\/p>\n<p><strong>Opakowanie zawiera:<\/strong>\u00a0120 kapsu\u0142ek<\/p>\n<\/td>\n<\/tr>\n<tr>\n<td colspan=\"2\">\n<p><strong>Ilo\u015b\u0107 w porcji dziennej <\/strong><strong>(1 kapsu\u0142ka)<\/strong><\/p>\n<\/td>\n<\/tr>\n<tr>\n<td>\n<p>Ubiquinol\u00ae (KanekaQHTM) &#8211; aktywna forma koenzymu Q10<\/p>\n<\/td>\n<td>\n<p>100 mg<\/p>\n<\/td>\n<\/tr>\n<\/tbody>\n<\/table>\n<p><strong>SPOS\u00d3B U\u017bYCIA:<\/strong><\/p>\n<p>1 kapsu\u0142ka dziennie, podczas posi\u0142ku<\/p>\n<p>Nie nale\u017cy przekracza\u0107 zalecanej porcji do spo\u017cycia w ci\u0105gu dnia. Suplementy diety nie mog\u0105 by\u0107 stosowane jako substytut (zamiennik) zr\u00f3\u017cnicowanej diety. Nie nale\u017cy stosowa\u0107 w przypadku nadwra\u017cliwo\u015bci na jakikolwiek sk\u0142adnik preparatu. Preparatu nie powinny stosowa\u0107 kobiety w ci\u0105\u017cy, karmi\u0105ce piersi\u0105 oraz dzieci i m\u0142odzie\u017c poni\u017cej 18 roku \u017cycia.<\/p>\n<p><strong>PRZECHOWYWANIE:<\/strong><\/p>\n<p>Przechowywa\u0107 w zamkni\u0119tym opakowaniu w temperaturze pokojowej, w miejscu niedost\u0119pnym dla ma\u0142ych dzieci.<\/p><\/p>\n","protected":false},"excerpt":{"rendered":"<p>OPIS: Aktywna, zredukowana forma Koenzymu Q10, opracowana przez najlepszego \u015bwiatowego producenta naturalnego Koenzymu Q10 \u2013 firm\u0119 Kaneka w Japonii Koenzym Q10 jest niezb\u0119dny dla \u017cycia ka\u017cdej kom\u00f3rki naszego cia\u0142a. Jest podstawowym elementem \u0142a\u0144cucha oddechowego, bior\u0105c czynny udzia\u0142 w przenoszeniu proton\u00f3w i elektron\u00f3w. Gdy przekroczymy 35 rok \u017cycia jego niewystarczaj\u0105ca ilo\u015b\u0107 w organizmie zaczyna by\u0107 zauwa\u017calna, [&#8230;]\n","protected":false},"featured_media":275433,"comment_status":"closed","ping_status":"open","template":"","meta":[],"product_brand":[5362],"product_cat":[5053],"product_tag":[],"class_list":{"0":"post-301293","1":"product","2":"type-product","3":"status-publish","4":"has-post-thumbnail","6":"product_brand-kenay-2","7":"product_cat-vitamines-et-mineraux","9":"first","10":"instock","11":"taxable","12":"shipping-taxable","13":"purchasable","14":"product-type-simple"},"yoast_head":"<!-- This site is optimized with the Yoast SEO Premium plugin v27.3 (Yoast SEO v27.3) - https:\/\/yoast.com\/product\/yoast-seo-premium-wordpress\/ -->\n<title>KENAY Ubiquinol V100 Active Coenzyme Q10, 100 mg (120 caps) - ECO Supplements<\/title>\n<meta name=\"description\" content=\"Wij hebben een ruime keuze aan producten van KENAY Ubiquinol V100 Active Coenzyme Q10, 100 mg (120 caps) . Winkel bij Eco Supplements altijd gratis verzending boven 100\u20ac\" \/>\n<meta name=\"robots\" content=\"index, follow, max-snippet:-1, max-image-preview:large, max-video-preview:-1\" \/>\n<link rel=\"canonical\" href=\"https:\/\/ecosupplements.be\/fr\/produit\/kenay-ubiquinol-v100-active-coenzyme-q10-100-mg-120-caps\/\" \/>\n<meta property=\"og:locale\" content=\"fr_FR\" \/>\n<meta property=\"og:type\" content=\"article\" \/>\n<meta property=\"og:title\" content=\"KENAY Ubiquinol V100 Active Coenzyme Q10, 100 mg (120 caps)\" \/>\n<meta property=\"og:description\" content=\"Wij hebben een ruime keuze aan producten van KENAY Ubiquinol V100 Active Coenzyme Q10, 100 mg (120 caps) . Winkel bij Eco Supplements altijd gratis verzending boven 100\u20ac\" \/>\n<meta property=\"og:url\" content=\"https:\/\/ecosupplements.be\/fr\/produit\/kenay-ubiquinol-v100-active-coenzyme-q10-100-mg-120-caps\/\" \/>\n<meta property=\"og:site_name\" content=\"ECO Supplements\" \/>\n<meta property=\"article:modified_time\" content=\"2025-08-28T02:15:49+00:00\" \/>\n<meta property=\"og:image\" content=\"https:\/\/ecosupplements.be\/wp-content\/uploads\/2025\/08\/Kenay-KENAY-Ubiquinol-V100-Active-Coenzyme-Q10-100-mg-120-caps.jpg\" \/>\n\t<meta property=\"og:image:width\" content=\"600\" \/>\n\t<meta property=\"og:image:height\" content=\"800\" \/>\n\t<meta property=\"og:image:type\" content=\"image\/jpeg\" \/>\n<meta name=\"twitter:card\" content=\"summary_large_image\" \/>\n<meta name=\"twitter:label1\" content=\"Prix\" \/>\n\t<meta name=\"twitter:data1\" content=\"69.36&nbsp;&euro;\" \/>\n\t<meta name=\"twitter:label2\" content=\"Disponibilit\u00e9\" \/>\n\t<meta name=\"twitter:data2\" content=\"En stock\" \/>\n<script type=\"application\/ld+json\" class=\"yoast-schema-graph\">{\"@context\":\"https:\\\/\\\/schema.org\",\"@graph\":[{\"@type\":[\"WebPage\",\"ItemPage\"],\"@id\":\"https:\\\/\\\/ecosupplements.be\\\/fr\\\/produit\\\/kenay-ubiquinol-v100-active-coenzyme-q10-100-mg-120-caps\\\/\",\"url\":\"https:\\\/\\\/ecosupplements.be\\\/fr\\\/produit\\\/kenay-ubiquinol-v100-active-coenzyme-q10-100-mg-120-caps\\\/\",\"name\":\"KENAY Ubiquinol V100 Active Coenzyme Q10, 100 mg (120 caps) - ECO Supplements\",\"isPartOf\":{\"@id\":\"https:\\\/\\\/ecosupplements.be\\\/fr\\\/#website\"},\"primaryImageOfPage\":{\"@id\":\"https:\\\/\\\/ecosupplements.be\\\/fr\\\/produit\\\/kenay-ubiquinol-v100-active-coenzyme-q10-100-mg-120-caps\\\/#primaryimage\"},\"image\":{\"@id\":\"https:\\\/\\\/ecosupplements.be\\\/fr\\\/produit\\\/kenay-ubiquinol-v100-active-coenzyme-q10-100-mg-120-caps\\\/#primaryimage\"},\"thumbnailUrl\":\"https:\\\/\\\/ecosupplements.be\\\/wp-content\\\/uploads\\\/2025\\\/08\\\/KENAY-Ubiquinol-V100-Active-Coenzyme-Q10-100-mg-120-caps.jpg\",\"datePublished\":\"2025-07-25T12:15:12+00:00\",\"dateModified\":\"2025-08-28T02:15:49+00:00\",\"description\":\"Wij hebben een ruime keuze aan producten van KENAY Ubiquinol V100 Active Coenzyme Q10, 100 mg (120 caps) . Winkel bij Eco Supplements altijd gratis verzending boven 100\u20ac\",\"breadcrumb\":{\"@id\":\"https:\\\/\\\/ecosupplements.be\\\/fr\\\/produit\\\/kenay-ubiquinol-v100-active-coenzyme-q10-100-mg-120-caps\\\/#breadcrumb\"},\"inLanguage\":\"fr-FR\",\"potentialAction\":[{\"@type\":\"ReadAction\",\"target\":[\"https:\\\/\\\/ecosupplements.be\\\/fr\\\/produit\\\/kenay-ubiquinol-v100-active-coenzyme-q10-100-mg-120-caps\\\/\"]}]},{\"@type\":\"ImageObject\",\"inLanguage\":\"fr-FR\",\"@id\":\"https:\\\/\\\/ecosupplements.be\\\/fr\\\/produit\\\/kenay-ubiquinol-v100-active-coenzyme-q10-100-mg-120-caps\\\/#primaryimage\",\"url\":\"https:\\\/\\\/ecosupplements.be\\\/wp-content\\\/uploads\\\/2025\\\/08\\\/KENAY-Ubiquinol-V100-Active-Coenzyme-Q10-100-mg-120-caps.jpg\",\"contentUrl\":\"https:\\\/\\\/ecosupplements.be\\\/wp-content\\\/uploads\\\/2025\\\/08\\\/KENAY-Ubiquinol-V100-Active-Coenzyme-Q10-100-mg-120-caps.jpg\",\"width\":600,\"height\":800},{\"@type\":\"BreadcrumbList\",\"@id\":\"https:\\\/\\\/ecosupplements.be\\\/fr\\\/produit\\\/kenay-ubiquinol-v100-active-coenzyme-q10-100-mg-120-caps\\\/#breadcrumb\",\"itemListElement\":[{\"@type\":\"ListItem\",\"position\":1,\"name\":\"Home\",\"item\":\"https:\\\/\\\/ecosupplements.be\\\/fr\\\/\"},{\"@type\":\"ListItem\",\"position\":2,\"name\":\"Boutique\",\"item\":\"https:\\\/\\\/ecosupplements.be\\\/fr\\\/boutique\\\/\"},{\"@type\":\"ListItem\",\"position\":3,\"name\":\"KENAY Ubiquinol V100 Active Coenzyme Q10, 100 mg (120 caps)\"}]},{\"@type\":\"WebSite\",\"@id\":\"https:\\\/\\\/ecosupplements.be\\\/fr\\\/#website\",\"url\":\"https:\\\/\\\/ecosupplements.be\\\/fr\\\/\",\"name\":\"ECO Supplements\",\"description\":\"Eco Supplements - Gezonde supplementen\",\"publisher\":{\"@id\":\"https:\\\/\\\/ecosupplements.be\\\/fr\\\/#organization\"},\"potentialAction\":[{\"@type\":\"SearchAction\",\"target\":{\"@type\":\"EntryPoint\",\"urlTemplate\":\"https:\\\/\\\/ecosupplements.be\\\/fr\\\/?s={search_term_string}\"},\"query-input\":{\"@type\":\"PropertyValueSpecification\",\"valueRequired\":true,\"valueName\":\"search_term_string\"}}],\"inLanguage\":\"fr-FR\"},{\"@type\":\"Organization\",\"@id\":\"https:\\\/\\\/ecosupplements.be\\\/fr\\\/#organization\",\"name\":\"Eco Supplements\",\"url\":\"https:\\\/\\\/ecosupplements.be\\\/fr\\\/\",\"logo\":{\"@type\":\"ImageObject\",\"inLanguage\":\"fr-FR\",\"@id\":\"https:\\\/\\\/ecosupplements.be\\\/fr\\\/#\\\/schema\\\/logo\\\/image\\\/\",\"url\":\"https:\\\/\\\/ecosupplements.be\\\/wp-content\\\/uploads\\\/2022\\\/06\\\/ecosupplement-family.png\",\"contentUrl\":\"https:\\\/\\\/ecosupplements.be\\\/wp-content\\\/uploads\\\/2022\\\/06\\\/ecosupplement-family.png\",\"width\":593,\"height\":374,\"caption\":\"Eco Supplements\"},\"image\":{\"@id\":\"https:\\\/\\\/ecosupplements.be\\\/fr\\\/#\\\/schema\\\/logo\\\/image\\\/\"}}]}<\/script>\n<meta property=\"product:brand\" content=\"Kenay\" \/>\n<meta property=\"product:price:amount\" content=\"69.36\" \/>\n<meta property=\"product:price:currency\" content=\"EUR\" \/>\n<meta property=\"og:availability\" content=\"instock\" \/>\n<meta property=\"product:availability\" content=\"instock\" \/>\n<meta property=\"product:retailer_item_id\" content=\"5900672155129\" \/>\n<meta property=\"product:condition\" content=\"new\" \/>\n<!-- \/ Yoast SEO Premium plugin. -->","yoast_head_json":{"title":"KENAY Ubiquinol V100 Active Coenzyme Q10, 100 mg (120 caps) - ECO Supplements","description":"Wij hebben een ruime keuze aan producten van KENAY Ubiquinol V100 Active Coenzyme Q10, 100 mg (120 caps) . Winkel bij Eco Supplements altijd gratis verzending boven 100\u20ac","robots":{"index":"index","follow":"follow","max-snippet":"max-snippet:-1","max-image-preview":"max-image-preview:large","max-video-preview":"max-video-preview:-1"},"canonical":"https:\/\/ecosupplements.be\/fr\/produit\/kenay-ubiquinol-v100-active-coenzyme-q10-100-mg-120-caps\/","og_locale":"fr_FR","og_type":"article","og_title":"KENAY Ubiquinol V100 Active Coenzyme Q10, 100 mg (120 caps)","og_description":"Wij hebben een ruime keuze aan producten van KENAY Ubiquinol V100 Active Coenzyme Q10, 100 mg (120 caps) . Winkel bij Eco Supplements altijd gratis verzending boven 100\u20ac","og_url":"https:\/\/ecosupplements.be\/fr\/produit\/kenay-ubiquinol-v100-active-coenzyme-q10-100-mg-120-caps\/","og_site_name":"ECO Supplements","article_modified_time":"2025-08-28T02:15:49+00:00","og_image":[{"width":600,"height":800,"url":"https:\/\/ecosupplements.be\/wp-content\/uploads\/2025\/08\/Kenay-KENAY-Ubiquinol-V100-Active-Coenzyme-Q10-100-mg-120-caps.jpg","type":"image\/jpeg"}],"twitter_card":"summary_large_image","twitter_misc":{"Prix":"69.36&nbsp;&euro;","Disponibilit\u00e9":"En stock"},"schema":{"@context":"https:\/\/schema.org","@graph":[{"@type":["WebPage","ItemPage"],"@id":"https:\/\/ecosupplements.be\/fr\/produit\/kenay-ubiquinol-v100-active-coenzyme-q10-100-mg-120-caps\/","url":"https:\/\/ecosupplements.be\/fr\/produit\/kenay-ubiquinol-v100-active-coenzyme-q10-100-mg-120-caps\/","name":"KENAY Ubiquinol V100 Active Coenzyme Q10, 100 mg (120 caps) - ECO Supplements","isPartOf":{"@id":"https:\/\/ecosupplements.be\/fr\/#website"},"primaryImageOfPage":{"@id":"https:\/\/ecosupplements.be\/fr\/produit\/kenay-ubiquinol-v100-active-coenzyme-q10-100-mg-120-caps\/#primaryimage"},"image":{"@id":"https:\/\/ecosupplements.be\/fr\/produit\/kenay-ubiquinol-v100-active-coenzyme-q10-100-mg-120-caps\/#primaryimage"},"thumbnailUrl":"https:\/\/ecosupplements.be\/wp-content\/uploads\/2025\/08\/KENAY-Ubiquinol-V100-Active-Coenzyme-Q10-100-mg-120-caps.jpg","datePublished":"2025-07-25T12:15:12+00:00","dateModified":"2025-08-28T02:15:49+00:00","description":"Wij hebben een ruime keuze aan producten van KENAY Ubiquinol V100 Active Coenzyme Q10, 100 mg (120 caps) . Winkel bij Eco Supplements altijd gratis verzending boven 100\u20ac","breadcrumb":{"@id":"https:\/\/ecosupplements.be\/fr\/produit\/kenay-ubiquinol-v100-active-coenzyme-q10-100-mg-120-caps\/#breadcrumb"},"inLanguage":"fr-FR","potentialAction":[{"@type":"ReadAction","target":["https:\/\/ecosupplements.be\/fr\/produit\/kenay-ubiquinol-v100-active-coenzyme-q10-100-mg-120-caps\/"]}]},{"@type":"ImageObject","inLanguage":"fr-FR","@id":"https:\/\/ecosupplements.be\/fr\/produit\/kenay-ubiquinol-v100-active-coenzyme-q10-100-mg-120-caps\/#primaryimage","url":"https:\/\/ecosupplements.be\/wp-content\/uploads\/2025\/08\/KENAY-Ubiquinol-V100-Active-Coenzyme-Q10-100-mg-120-caps.jpg","contentUrl":"https:\/\/ecosupplements.be\/wp-content\/uploads\/2025\/08\/KENAY-Ubiquinol-V100-Active-Coenzyme-Q10-100-mg-120-caps.jpg","width":600,"height":800},{"@type":"BreadcrumbList","@id":"https:\/\/ecosupplements.be\/fr\/produit\/kenay-ubiquinol-v100-active-coenzyme-q10-100-mg-120-caps\/#breadcrumb","itemListElement":[{"@type":"ListItem","position":1,"name":"Home","item":"https:\/\/ecosupplements.be\/fr\/"},{"@type":"ListItem","position":2,"name":"Boutique","item":"https:\/\/ecosupplements.be\/fr\/boutique\/"},{"@type":"ListItem","position":3,"name":"KENAY Ubiquinol V100 Active Coenzyme Q10, 100 mg (120 caps)"}]},{"@type":"WebSite","@id":"https:\/\/ecosupplements.be\/fr\/#website","url":"https:\/\/ecosupplements.be\/fr\/","name":"ECO Supplements","description":"Eco Supplements - Gezonde supplementen","publisher":{"@id":"https:\/\/ecosupplements.be\/fr\/#organization"},"potentialAction":[{"@type":"SearchAction","target":{"@type":"EntryPoint","urlTemplate":"https:\/\/ecosupplements.be\/fr\/?s={search_term_string}"},"query-input":{"@type":"PropertyValueSpecification","valueRequired":true,"valueName":"search_term_string"}}],"inLanguage":"fr-FR"},{"@type":"Organization","@id":"https:\/\/ecosupplements.be\/fr\/#organization","name":"Eco Supplements","url":"https:\/\/ecosupplements.be\/fr\/","logo":{"@type":"ImageObject","inLanguage":"fr-FR","@id":"https:\/\/ecosupplements.be\/fr\/#\/schema\/logo\/image\/","url":"https:\/\/ecosupplements.be\/wp-content\/uploads\/2022\/06\/ecosupplement-family.png","contentUrl":"https:\/\/ecosupplements.be\/wp-content\/uploads\/2022\/06\/ecosupplement-family.png","width":593,"height":374,"caption":"Eco Supplements"},"image":{"@id":"https:\/\/ecosupplements.be\/fr\/#\/schema\/logo\/image\/"}}]},"product_brand":"Kenay","product_price_amount":"69.36","product_price_currency":"EUR","og_availability":"instock","product_availability":"instock","product_retailer_item_id":"5900672155129","product_condition":"new"},"_links":{"self":[{"href":"https:\/\/ecosupplements.be\/fr\/wp-json\/wp\/v2\/product\/301293","targetHints":{"allow":["GET"]}}],"collection":[{"href":"https:\/\/ecosupplements.be\/fr\/wp-json\/wp\/v2\/product"}],"about":[{"href":"https:\/\/ecosupplements.be\/fr\/wp-json\/wp\/v2\/types\/product"}],"replies":[{"embeddable":true,"href":"https:\/\/ecosupplements.be\/fr\/wp-json\/wp\/v2\/comments?post=301293"}],"wp:featuredmedia":[{"embeddable":true,"href":"https:\/\/ecosupplements.be\/fr\/wp-json\/wp\/v2\/media\/275433"}],"wp:attachment":[{"href":"https:\/\/ecosupplements.be\/fr\/wp-json\/wp\/v2\/media?parent=301293"}],"wp:term":[{"taxonomy":"product_brand","embeddable":true,"href":"https:\/\/ecosupplements.be\/fr\/wp-json\/wp\/v2\/product_brand?post=301293"},{"taxonomy":"product_cat","embeddable":true,"href":"https:\/\/ecosupplements.be\/fr\/wp-json\/wp\/v2\/product_cat?post=301293"},{"taxonomy":"product_tag","embeddable":true,"href":"https:\/\/ecosupplements.be\/fr\/wp-json\/wp\/v2\/product_tag?post=301293"}],"curies":[{"name":"wp","href":"https:\/\/api.w.org\/{rel}","templated":true}]}}