{"id":301323,"date":"2025-07-25T14:00:32","date_gmt":"2025-07-25T13:00:32","guid":{"rendered":"https:\/\/ecosupplements.be\/product\/kenay-vitamin-e-tocotrienols-and-tocopherols-tocogaia-ultra-30-caps\/"},"modified":"2025-08-28T03:16:22","modified_gmt":"2025-08-28T02:16:22","slug":"kenay-vitamin-e-tocotrienols-and-tocopherols-tocogaia-ultra-30-caps","status":"publish","type":"product","link":"https:\/\/ecosupplements.be\/fr\/produit\/kenay-vitamin-e-tocotrienols-and-tocopherols-tocogaia-ultra-30-caps\/","title":{"rendered":"KENAY Vitamin E Tocotrienols and Tocopherols TocoGaia Ultra (30 caps)"},"content":{"rendered":"<h2>Kiedy\u015b EVNOL SUPRABIO\u2122, teraz\u00a0TocoGaia\u2122 Ultra!<\/h2>\n<div class=\"product-description\">\n<p><span>Suplementy witaminy E zawieraj\u0105ce jedynie tokoferole, nie zapewniaj\u0105 maksymalnych korzy\u015bci. Pomimo, \u017ce tokoferole s\u0105 bardzo istotne dla zdrowia to brakuje im wielu synergicznych korzy\u015bci oferowanych przez swoich kuzyn\u00f3w \u2013 tokotrienole. Niewiele os\u00f3b zdaje sobie spraw\u0119 z faktu, \u017ce witamina E to grupa o\u015bmiu r\u00f3\u017cnych zwi\u0105zk\u00f3w.\u00a0 Komercyjne suplementy skupiaj\u0105 si\u0119 jedynie na 4 z nich \u2013 tokoferolach, pomijaj\u0105c bardzo istotne dla zdrowia tokotrienole. Z racji ma\u0142ych, ale istotnych r\u00f3\u017cnic strukturalnych, tokotrienole mog\u0105 bardziej zaanga\u017cowa\u0107 si\u0119 we wnikliwe procesy biologiczne.<\/span><\/p>\n<p><span>Tokotrienole klasyfikowane s\u0105 zwyczajowo jako moleku\u0142y z grupy witaminy E, z\u0142o\u017conej przede wszystkim ze zwi\u0105zk\u00f3w nazywanych tokoferolami. Mo\u017cemy jednak uzna\u0107 to za swego rodzaju zasz\u0142o\u015b\u0107 historyczn\u0105, poniewa\u017c dzisiaj ju\u017c wiemy, \u017ce najszerzej rozpowszechniony w po\u017cywieniu tokotrienol, pomimo zbli\u017conej budowy, wykazuje ledwie 1% aktywno\u015bci najaktywniejszego tokoferolu jako witamina E. Dlatego w\u0142a\u015bciwo\u015bci tokotrienoli wykraczaj\u0105 daleko poza aktywno\u015b\u0107 witaminy E. Tak wi\u0119c tokotrienole, cho\u0107 du\u017co s\u0142absze jako witamina E, posiadaj\u0105 znacznie wy\u017csze i lepiej udokumentowane zalety zdrowotne.<\/span><\/p>\n<\/p>\n<p><span><span>Korzy\u015bci i cechy produktu:<\/span><\/span><\/p>\n<p><span>&#8211; witamina E pomaga w ochronie kom\u00f3rek przed stresem oksydacyjnym<\/span><\/p>\n<p><span>&#8211; synergiczne po\u0142\u0105czenie tokotrienoli i tokoferoli<\/span><\/p>\n<p><span>&#8211; ekologiczne szklane opakowanie<\/span><\/p>\n<p><span>&#8211; zastrze\u017cona marka TocoGaia<span>\u00ae<\/span><\/span><\/p>\n<p><span>&#8211; NON-GMO<\/span><\/p>\n<\/p>\n<p><span><span>Sk\u0142adniki<\/span>: witamina E (jako d-alfa-tokoferol; kompleks d-tokotrienoli; kompleks steroli (1g\/100 g); ro\u015blinny skwalen (4 mg\/g); kapsu\u0142ka: \u017celatyna wo\u0142owa; substancja utrzymuj\u0105ca wilgotno\u015b\u0107: gliceryna.\u00a0<\/span><\/p>\n<table border=\"1\">\n<tbody>\n<tr>\n<td colspan=\"2\">\n<p><span><span>Porcja dzienna<\/span>: 1 kapsu\u0142ka<\/span><\/p>\n<p><span><span>Opakowanie zawiera<\/span>: 30 kapsu\u0142ek<\/span><\/p>\n<\/td>\n<td><\/td>\n<\/tr>\n<tr>\n<td colspan=\"2\">\n<p><span><span>Sk\u0142ad w porcji dziennej (1 kapsu\u0142ka)<\/span><\/span><\/p>\n<\/td>\n<td>\n<p><span><span>RWS*<\/span><\/span><\/p>\n<\/td>\n<\/tr>\n<tr>\n<td>\n<p><span>Kompleks tokotrienoli i tokoferoli TocoGaia<span>\u00ae\u00a0<\/span>20% Ultra<\/span><\/p>\n<\/td>\n<td>\n<p><span>330,0\u00a0mg<\/span><\/p>\n<\/td>\n<td>\n<p><span>&#8211;<\/span><\/p>\n<\/td>\n<\/tr>\n<tr>\n<td colspan=\"3\"><span>w tym:<\/span><\/td>\n<\/tr>\n<tr>\n<td><span>Witamina E (jako d-alfa-tokoferol)<\/span><\/td>\n<td>\n<p><span>13,4\u00a0mg\/20 IU**<\/span><\/p>\n<\/td>\n<td>\n<p><span>112%<\/span><\/p>\n<\/td>\n<\/tr>\n<tr>\n<td>\n<p><span>Kompleks d-tokotrienoli:\u00a0\u00a0\u00a0\u00a0<span>\u00a0\u00a0\u00a0\u00a0\u00a0\u00a0\u00a0\u00a0\u00a0\u00a0\u00a0\u00a0\u00a0\u00a0\u00a0\u00a0\u00a0\u00a0\u00a0\u00a0\u00a0\u00a0\u00a0<\/span><\/span><\/p>\n<\/td>\n<td><span>50,0\u00a0mg<\/span><\/td>\n<td><span>&#8211;<\/span><\/td>\n<\/tr>\n<tr>\n<td>\n<p><span>d-alfa-tokotrienol<\/span><\/p>\n<\/td>\n<td>\n<p><span>18,0\u00a0mg<\/span><\/p>\n<\/td>\n<td>\n<p><span>&#8211;<\/span><\/p>\n<\/td>\n<\/tr>\n<tr>\n<td>\n<p><span>d-beta-tokotrienol<\/span><\/p>\n<\/td>\n<td>\n<p><span>1,6\u00a0mg<\/span><\/p>\n<\/td>\n<td>\n<p><span>&#8211;<\/span><\/p>\n<\/td>\n<\/tr>\n<tr>\n<td>\n<p><span>d-gamma-tokotrienol<\/span><\/p>\n<\/td>\n<td>\n<p><span>23,4\u00a0mg<\/span><\/p>\n<\/td>\n<td>\n<p><span>&#8211;<\/span><\/p>\n<\/td>\n<\/tr>\n<tr>\n<td>\n<p><span>d-delta-tokotrienol<\/span><\/p>\n<\/td>\n<td>\n<p><span>7,0\u00a0mg<\/span><\/p>\n<\/td>\n<td>\n<p><span>&#8211;<\/span><\/p>\n<\/td>\n<\/tr>\n<tr>\n<td>\n<p><span>Kompleks steroli<\/span><\/p>\n<\/td>\n<td>\n<p><span>3,8\u00a0mg<\/span><\/p>\n<\/td>\n<td>\n<p><span>&#8211;<\/span><\/p>\n<\/td>\n<\/tr>\n<tr>\n<td>\n<p><span>Ro\u015blinny swalen<\/span><\/p>\n<\/td>\n<td><span>1,5\u00a0mg<\/span><\/td>\n<td><span>&#8211;<\/span><\/td>\n<\/tr>\n<\/tbody>\n<\/table>\n<p><span>*Referencyjna Warto\u015b\u0107 Spo\u017cycia<\/span><\/p>\n<p><span>**IU &#8211; Internetional Unit (jednostka mi\u0119dzynarodowa)<\/span><\/p>\n<p><span>TocoGaia<span>\u00ae<\/span>\u00a0Ultra jest znakiem towarowym PhytoGaia<\/span><\/p>\n<\/p>\n<p><span><span>Spos\u00f3b u\u017cycia:\u00a0<\/span>1 kapsu\u0142ka dziennie<\/span><\/p>\n<\/p>\n<p><span><span>Uwagi<\/span>:\u00a0 Nie nale\u017cy przekracza\u0107 zalecanej porcji do spo\u017cycia w ci\u0105gu dnia. Suplementy diety nie mog\u0105 by\u0107 stosowane jako substytut (zamiennik) zr\u00f3\u017cnicowanej diety. Nie nale\u017cy stosowa\u0107 w przypadku nadwra\u017cliwo\u015bci na jakikolwiek sk\u0142adnik preparatu. Preparatu nie powinny stosowa\u0107 kobiety w ci\u0105\u017cy, karmi\u0105ce piersi\u0105 oraz dzieci i m\u0142odzie\u017c poni\u017cej 18 roku \u017cycia. \u015arodek spo\u017cywczy przeznaczony wy\u0142\u0105cznie dla os\u00f3b, kt\u00f3re chc\u0105 obni\u017cy\u0107 st\u0119\u017cenie cholesterolu we krwi. Pacjenci za\u017cywaj\u0105cy leki na obni\u017cenie st\u0119\u017cenia cholesterolu powinni spo\u017cywa\u0107 dany produkt wy\u0142\u0105cznie pod kontrol\u0105 lekarza. Suplement diety nale\u017cy stosowa\u0107 W ramach zr\u00f3wnowa\u017conej i r\u00f3\u017cnorodnej diety, obejmuj\u0105cej regularne spo\u017cywanie owoc\u00f3w i warzyw w celu utrzymania poziom\u00f3w karotenoid\u00f3w. Nale\u017cy unika\u0107 dodatku steroli\/stanoli ro\u015blinnych w ilo\u015bciach wi\u0119kszych ni\u017c 3 g\/dob\u0119.<\/span><\/p>\n<p><span><span>Spos\u00f3b<\/span>\u00a0<span>przechowywania<\/span>: Przechowywa\u0107 w zamkni\u0119tym opakowaniu w ch\u0142odnym, suchym miejscu, w spos\u00f3b niedost\u0119pny dla ma\u0142ych dzieci.<\/span><\/p>\n<\/p><\/div>\n","protected":false},"excerpt":{"rendered":"<p>Kiedy\u015b EVNOL SUPRABIO\u2122, teraz\u00a0TocoGaia\u2122 Ultra! Suplementy witaminy E zawieraj\u0105ce jedynie tokoferole, nie zapewniaj\u0105 maksymalnych korzy\u015bci. Pomimo, \u017ce tokoferole s\u0105 bardzo istotne dla zdrowia to brakuje im wielu synergicznych korzy\u015bci oferowanych przez swoich kuzyn\u00f3w \u2013 tokotrienole. Niewiele os\u00f3b zdaje sobie spraw\u0119 z faktu, \u017ce witamina E to grupa o\u015bmiu r\u00f3\u017cnych zwi\u0105zk\u00f3w.\u00a0 Komercyjne suplementy skupiaj\u0105 si\u0119 jedynie [&#8230;]\n","protected":false},"featured_media":275463,"comment_status":"closed","ping_status":"open","template":"","meta":[],"product_brand":[5362],"product_cat":[5053,5059],"product_tag":[],"class_list":{"0":"post-301323","1":"product","2":"type-product","3":"status-publish","4":"has-post-thumbnail","6":"product_brand-kenay-2","7":"product_cat-vitamines-et-mineraux","8":"product_cat-vitamines-simples","10":"first","11":"instock","12":"taxable","13":"shipping-taxable","14":"purchasable","15":"product-type-simple"},"yoast_head":"<!-- This site is optimized with the Yoast SEO Premium plugin v27.3 (Yoast SEO v27.3) - https:\/\/yoast.com\/product\/yoast-seo-premium-wordpress\/ -->\n<title>KENAY Vitamin E Tocotrienols and Tocopherols TocoGaia Ultra (30 caps) - ECO Supplements<\/title>\n<meta name=\"description\" content=\"Wij hebben een ruime keuze aan producten van KENAY Vitamin E Tocotrienols and Tocopherols TocoGaia Ultra (30 caps) . Winkel bij Eco Supplements altijd gratis verzending boven 100\u20ac\" \/>\n<meta name=\"robots\" content=\"index, follow, max-snippet:-1, max-image-preview:large, max-video-preview:-1\" \/>\n<link rel=\"canonical\" href=\"https:\/\/ecosupplements.be\/fr\/produit\/kenay-vitamin-e-tocotrienols-and-tocopherols-tocogaia-ultra-30-caps\/\" \/>\n<meta property=\"og:locale\" content=\"fr_FR\" \/>\n<meta property=\"og:type\" content=\"article\" \/>\n<meta property=\"og:title\" content=\"KENAY Vitamin E Tocotrienols and Tocopherols TocoGaia Ultra (30 caps)\" \/>\n<meta property=\"og:description\" content=\"Wij hebben een ruime keuze aan producten van KENAY Vitamin E Tocotrienols and Tocopherols TocoGaia Ultra (30 caps) . Winkel bij Eco Supplements altijd gratis verzending boven 100\u20ac\" \/>\n<meta property=\"og:url\" content=\"https:\/\/ecosupplements.be\/fr\/produit\/kenay-vitamin-e-tocotrienols-and-tocopherols-tocogaia-ultra-30-caps\/\" \/>\n<meta property=\"og:site_name\" content=\"ECO Supplements\" \/>\n<meta property=\"article:modified_time\" content=\"2025-08-28T02:16:22+00:00\" \/>\n<meta property=\"og:image\" content=\"https:\/\/ecosupplements.be\/wp-content\/uploads\/2025\/08\/Kenay-KENAY-Vitamin-E-Tocotrienols-and-Tocopherols-TocoGaia-Ultra-30-caps.jpg\" \/>\n\t<meta property=\"og:image:width\" content=\"600\" \/>\n\t<meta property=\"og:image:height\" content=\"800\" \/>\n\t<meta property=\"og:image:type\" content=\"image\/jpeg\" \/>\n<meta name=\"twitter:card\" content=\"summary_large_image\" \/>\n<meta name=\"twitter:label1\" content=\"Prix\" \/>\n\t<meta name=\"twitter:data1\" content=\"13.48&nbsp;&euro;\" \/>\n\t<meta name=\"twitter:label2\" content=\"Disponibilit\u00e9\" \/>\n\t<meta name=\"twitter:data2\" content=\"En stock\" \/>\n<script type=\"application\/ld+json\" class=\"yoast-schema-graph\">{\"@context\":\"https:\\\/\\\/schema.org\",\"@graph\":[{\"@type\":[\"WebPage\",\"ItemPage\"],\"@id\":\"https:\\\/\\\/ecosupplements.be\\\/fr\\\/produit\\\/kenay-vitamin-e-tocotrienols-and-tocopherols-tocogaia-ultra-30-caps\\\/\",\"url\":\"https:\\\/\\\/ecosupplements.be\\\/fr\\\/produit\\\/kenay-vitamin-e-tocotrienols-and-tocopherols-tocogaia-ultra-30-caps\\\/\",\"name\":\"KENAY Vitamin E Tocotrienols and Tocopherols TocoGaia Ultra (30 caps) - ECO Supplements\",\"isPartOf\":{\"@id\":\"https:\\\/\\\/ecosupplements.be\\\/fr\\\/#website\"},\"primaryImageOfPage\":{\"@id\":\"https:\\\/\\\/ecosupplements.be\\\/fr\\\/produit\\\/kenay-vitamin-e-tocotrienols-and-tocopherols-tocogaia-ultra-30-caps\\\/#primaryimage\"},\"image\":{\"@id\":\"https:\\\/\\\/ecosupplements.be\\\/fr\\\/produit\\\/kenay-vitamin-e-tocotrienols-and-tocopherols-tocogaia-ultra-30-caps\\\/#primaryimage\"},\"thumbnailUrl\":\"https:\\\/\\\/ecosupplements.be\\\/wp-content\\\/uploads\\\/2025\\\/08\\\/KENAY-Vitamin-E-Tocotrienols-and-Tocopherols-TocoGaia-Ultra-30-caps.jpg\",\"datePublished\":\"2025-07-25T13:00:32+00:00\",\"dateModified\":\"2025-08-28T02:16:22+00:00\",\"description\":\"Wij hebben een ruime keuze aan producten van KENAY Vitamin E Tocotrienols and Tocopherols TocoGaia Ultra (30 caps) . Winkel bij Eco Supplements altijd gratis verzending boven 100\u20ac\",\"breadcrumb\":{\"@id\":\"https:\\\/\\\/ecosupplements.be\\\/fr\\\/produit\\\/kenay-vitamin-e-tocotrienols-and-tocopherols-tocogaia-ultra-30-caps\\\/#breadcrumb\"},\"inLanguage\":\"fr-FR\",\"potentialAction\":[{\"@type\":\"ReadAction\",\"target\":[\"https:\\\/\\\/ecosupplements.be\\\/fr\\\/produit\\\/kenay-vitamin-e-tocotrienols-and-tocopherols-tocogaia-ultra-30-caps\\\/\"]}]},{\"@type\":\"ImageObject\",\"inLanguage\":\"fr-FR\",\"@id\":\"https:\\\/\\\/ecosupplements.be\\\/fr\\\/produit\\\/kenay-vitamin-e-tocotrienols-and-tocopherols-tocogaia-ultra-30-caps\\\/#primaryimage\",\"url\":\"https:\\\/\\\/ecosupplements.be\\\/wp-content\\\/uploads\\\/2025\\\/08\\\/KENAY-Vitamin-E-Tocotrienols-and-Tocopherols-TocoGaia-Ultra-30-caps.jpg\",\"contentUrl\":\"https:\\\/\\\/ecosupplements.be\\\/wp-content\\\/uploads\\\/2025\\\/08\\\/KENAY-Vitamin-E-Tocotrienols-and-Tocopherols-TocoGaia-Ultra-30-caps.jpg\",\"width\":600,\"height\":800},{\"@type\":\"BreadcrumbList\",\"@id\":\"https:\\\/\\\/ecosupplements.be\\\/fr\\\/produit\\\/kenay-vitamin-e-tocotrienols-and-tocopherols-tocogaia-ultra-30-caps\\\/#breadcrumb\",\"itemListElement\":[{\"@type\":\"ListItem\",\"position\":1,\"name\":\"Home\",\"item\":\"https:\\\/\\\/ecosupplements.be\\\/fr\\\/\"},{\"@type\":\"ListItem\",\"position\":2,\"name\":\"Boutique\",\"item\":\"https:\\\/\\\/ecosupplements.be\\\/fr\\\/boutique\\\/\"},{\"@type\":\"ListItem\",\"position\":3,\"name\":\"KENAY Vitamin E Tocotrienols and Tocopherols TocoGaia Ultra (30 caps)\"}]},{\"@type\":\"WebSite\",\"@id\":\"https:\\\/\\\/ecosupplements.be\\\/fr\\\/#website\",\"url\":\"https:\\\/\\\/ecosupplements.be\\\/fr\\\/\",\"name\":\"ECO Supplements\",\"description\":\"Eco Supplements - Gezonde supplementen\",\"publisher\":{\"@id\":\"https:\\\/\\\/ecosupplements.be\\\/fr\\\/#organization\"},\"potentialAction\":[{\"@type\":\"SearchAction\",\"target\":{\"@type\":\"EntryPoint\",\"urlTemplate\":\"https:\\\/\\\/ecosupplements.be\\\/fr\\\/?s={search_term_string}\"},\"query-input\":{\"@type\":\"PropertyValueSpecification\",\"valueRequired\":true,\"valueName\":\"search_term_string\"}}],\"inLanguage\":\"fr-FR\"},{\"@type\":\"Organization\",\"@id\":\"https:\\\/\\\/ecosupplements.be\\\/fr\\\/#organization\",\"name\":\"Eco Supplements\",\"url\":\"https:\\\/\\\/ecosupplements.be\\\/fr\\\/\",\"logo\":{\"@type\":\"ImageObject\",\"inLanguage\":\"fr-FR\",\"@id\":\"https:\\\/\\\/ecosupplements.be\\\/fr\\\/#\\\/schema\\\/logo\\\/image\\\/\",\"url\":\"https:\\\/\\\/ecosupplements.be\\\/wp-content\\\/uploads\\\/2022\\\/06\\\/ecosupplement-family.png\",\"contentUrl\":\"https:\\\/\\\/ecosupplements.be\\\/wp-content\\\/uploads\\\/2022\\\/06\\\/ecosupplement-family.png\",\"width\":593,\"height\":374,\"caption\":\"Eco Supplements\"},\"image\":{\"@id\":\"https:\\\/\\\/ecosupplements.be\\\/fr\\\/#\\\/schema\\\/logo\\\/image\\\/\"}}]}<\/script>\n<meta property=\"product:brand\" content=\"Kenay\" \/>\n<meta property=\"product:price:amount\" content=\"13.48\" \/>\n<meta property=\"product:price:currency\" content=\"EUR\" \/>\n<meta property=\"og:availability\" content=\"instock\" \/>\n<meta property=\"product:availability\" content=\"instock\" \/>\n<meta property=\"product:retailer_item_id\" content=\"5900672154856\" \/>\n<meta property=\"product:condition\" content=\"new\" \/>\n<!-- \/ Yoast SEO Premium plugin. -->","yoast_head_json":{"title":"KENAY Vitamin E Tocotrienols and Tocopherols TocoGaia Ultra (30 caps) - ECO Supplements","description":"Wij hebben een ruime keuze aan producten van KENAY Vitamin E Tocotrienols and Tocopherols TocoGaia Ultra (30 caps) . Winkel bij Eco Supplements altijd gratis verzending boven 100\u20ac","robots":{"index":"index","follow":"follow","max-snippet":"max-snippet:-1","max-image-preview":"max-image-preview:large","max-video-preview":"max-video-preview:-1"},"canonical":"https:\/\/ecosupplements.be\/fr\/produit\/kenay-vitamin-e-tocotrienols-and-tocopherols-tocogaia-ultra-30-caps\/","og_locale":"fr_FR","og_type":"article","og_title":"KENAY Vitamin E Tocotrienols and Tocopherols TocoGaia Ultra (30 caps)","og_description":"Wij hebben een ruime keuze aan producten van KENAY Vitamin E Tocotrienols and Tocopherols TocoGaia Ultra (30 caps) . Winkel bij Eco Supplements altijd gratis verzending boven 100\u20ac","og_url":"https:\/\/ecosupplements.be\/fr\/produit\/kenay-vitamin-e-tocotrienols-and-tocopherols-tocogaia-ultra-30-caps\/","og_site_name":"ECO Supplements","article_modified_time":"2025-08-28T02:16:22+00:00","og_image":[{"width":600,"height":800,"url":"https:\/\/ecosupplements.be\/wp-content\/uploads\/2025\/08\/Kenay-KENAY-Vitamin-E-Tocotrienols-and-Tocopherols-TocoGaia-Ultra-30-caps.jpg","type":"image\/jpeg"}],"twitter_card":"summary_large_image","twitter_misc":{"Prix":"13.48&nbsp;&euro;","Disponibilit\u00e9":"En stock"},"schema":{"@context":"https:\/\/schema.org","@graph":[{"@type":["WebPage","ItemPage"],"@id":"https:\/\/ecosupplements.be\/fr\/produit\/kenay-vitamin-e-tocotrienols-and-tocopherols-tocogaia-ultra-30-caps\/","url":"https:\/\/ecosupplements.be\/fr\/produit\/kenay-vitamin-e-tocotrienols-and-tocopherols-tocogaia-ultra-30-caps\/","name":"KENAY Vitamin E Tocotrienols and Tocopherols TocoGaia Ultra (30 caps) - ECO Supplements","isPartOf":{"@id":"https:\/\/ecosupplements.be\/fr\/#website"},"primaryImageOfPage":{"@id":"https:\/\/ecosupplements.be\/fr\/produit\/kenay-vitamin-e-tocotrienols-and-tocopherols-tocogaia-ultra-30-caps\/#primaryimage"},"image":{"@id":"https:\/\/ecosupplements.be\/fr\/produit\/kenay-vitamin-e-tocotrienols-and-tocopherols-tocogaia-ultra-30-caps\/#primaryimage"},"thumbnailUrl":"https:\/\/ecosupplements.be\/wp-content\/uploads\/2025\/08\/KENAY-Vitamin-E-Tocotrienols-and-Tocopherols-TocoGaia-Ultra-30-caps.jpg","datePublished":"2025-07-25T13:00:32+00:00","dateModified":"2025-08-28T02:16:22+00:00","description":"Wij hebben een ruime keuze aan producten van KENAY Vitamin E Tocotrienols and Tocopherols TocoGaia Ultra (30 caps) . Winkel bij Eco Supplements altijd gratis verzending boven 100\u20ac","breadcrumb":{"@id":"https:\/\/ecosupplements.be\/fr\/produit\/kenay-vitamin-e-tocotrienols-and-tocopherols-tocogaia-ultra-30-caps\/#breadcrumb"},"inLanguage":"fr-FR","potentialAction":[{"@type":"ReadAction","target":["https:\/\/ecosupplements.be\/fr\/produit\/kenay-vitamin-e-tocotrienols-and-tocopherols-tocogaia-ultra-30-caps\/"]}]},{"@type":"ImageObject","inLanguage":"fr-FR","@id":"https:\/\/ecosupplements.be\/fr\/produit\/kenay-vitamin-e-tocotrienols-and-tocopherols-tocogaia-ultra-30-caps\/#primaryimage","url":"https:\/\/ecosupplements.be\/wp-content\/uploads\/2025\/08\/KENAY-Vitamin-E-Tocotrienols-and-Tocopherols-TocoGaia-Ultra-30-caps.jpg","contentUrl":"https:\/\/ecosupplements.be\/wp-content\/uploads\/2025\/08\/KENAY-Vitamin-E-Tocotrienols-and-Tocopherols-TocoGaia-Ultra-30-caps.jpg","width":600,"height":800},{"@type":"BreadcrumbList","@id":"https:\/\/ecosupplements.be\/fr\/produit\/kenay-vitamin-e-tocotrienols-and-tocopherols-tocogaia-ultra-30-caps\/#breadcrumb","itemListElement":[{"@type":"ListItem","position":1,"name":"Home","item":"https:\/\/ecosupplements.be\/fr\/"},{"@type":"ListItem","position":2,"name":"Boutique","item":"https:\/\/ecosupplements.be\/fr\/boutique\/"},{"@type":"ListItem","position":3,"name":"KENAY Vitamin E Tocotrienols and Tocopherols TocoGaia Ultra (30 caps)"}]},{"@type":"WebSite","@id":"https:\/\/ecosupplements.be\/fr\/#website","url":"https:\/\/ecosupplements.be\/fr\/","name":"ECO Supplements","description":"Eco Supplements - Gezonde supplementen","publisher":{"@id":"https:\/\/ecosupplements.be\/fr\/#organization"},"potentialAction":[{"@type":"SearchAction","target":{"@type":"EntryPoint","urlTemplate":"https:\/\/ecosupplements.be\/fr\/?s={search_term_string}"},"query-input":{"@type":"PropertyValueSpecification","valueRequired":true,"valueName":"search_term_string"}}],"inLanguage":"fr-FR"},{"@type":"Organization","@id":"https:\/\/ecosupplements.be\/fr\/#organization","name":"Eco Supplements","url":"https:\/\/ecosupplements.be\/fr\/","logo":{"@type":"ImageObject","inLanguage":"fr-FR","@id":"https:\/\/ecosupplements.be\/fr\/#\/schema\/logo\/image\/","url":"https:\/\/ecosupplements.be\/wp-content\/uploads\/2022\/06\/ecosupplement-family.png","contentUrl":"https:\/\/ecosupplements.be\/wp-content\/uploads\/2022\/06\/ecosupplement-family.png","width":593,"height":374,"caption":"Eco Supplements"},"image":{"@id":"https:\/\/ecosupplements.be\/fr\/#\/schema\/logo\/image\/"}}]},"product_brand":"Kenay","product_price_amount":"13.48","product_price_currency":"EUR","og_availability":"instock","product_availability":"instock","product_retailer_item_id":"5900672154856","product_condition":"new"},"_links":{"self":[{"href":"https:\/\/ecosupplements.be\/fr\/wp-json\/wp\/v2\/product\/301323","targetHints":{"allow":["GET"]}}],"collection":[{"href":"https:\/\/ecosupplements.be\/fr\/wp-json\/wp\/v2\/product"}],"about":[{"href":"https:\/\/ecosupplements.be\/fr\/wp-json\/wp\/v2\/types\/product"}],"replies":[{"embeddable":true,"href":"https:\/\/ecosupplements.be\/fr\/wp-json\/wp\/v2\/comments?post=301323"}],"wp:featuredmedia":[{"embeddable":true,"href":"https:\/\/ecosupplements.be\/fr\/wp-json\/wp\/v2\/media\/275463"}],"wp:attachment":[{"href":"https:\/\/ecosupplements.be\/fr\/wp-json\/wp\/v2\/media?parent=301323"}],"wp:term":[{"taxonomy":"product_brand","embeddable":true,"href":"https:\/\/ecosupplements.be\/fr\/wp-json\/wp\/v2\/product_brand?post=301323"},{"taxonomy":"product_cat","embeddable":true,"href":"https:\/\/ecosupplements.be\/fr\/wp-json\/wp\/v2\/product_cat?post=301323"},{"taxonomy":"product_tag","embeddable":true,"href":"https:\/\/ecosupplements.be\/fr\/wp-json\/wp\/v2\/product_tag?post=301323"}],"curies":[{"name":"wp","href":"https:\/\/api.w.org\/{rel}","templated":true}]}}