{"id":301335,"date":"2025-07-25T14:15:13","date_gmt":"2025-07-25T13:15:13","guid":{"rendered":"https:\/\/ecosupplements.be\/product\/kenay-vitamin-k-mena-q7-60-caps\/"},"modified":"2025-08-28T03:16:35","modified_gmt":"2025-08-28T02:16:35","slug":"kenay-vitamin-k-mena-q7-60-caps","status":"publish","type":"product","link":"https:\/\/ecosupplements.be\/fr\/produit\/kenay-vitamin-k-mena-q7-60-caps\/","title":{"rendered":"KENAY Vitamin K MENA Q7 (60 caps)"},"content":{"rendered":"<p><strong>Sk\u0142adniki:<\/strong> substancja wype\u0142niaj\u0105ca: celuloza mikrokrystaliczna; witamina K (menachinon-7) ze sfermentowanej ciecierzycy (z u\u017cyciem bakterii <em>Bacillus licheniformis<\/em>); otoczka kapsu\u0142ki: hydroksypropylometyloceluloza<\/p>\n<table>\n<tbody>\n<tr>\n<td colspan=\"3\">\n<p><strong>Porcja dzienna:<\/strong> 1 kapsu\u0142ka<\/p>\n<p><strong>Opakowanie zawiera:<\/strong> 60 kapsu\u0142ek<\/p>\n<\/td>\n<\/tr>\n<tr>\n<td colspan=\"2\">\n<p><strong>Sk\u0142ad w porcji dziennej <\/strong><strong>(1 kapsu\u0142ka)<\/strong><\/p>\n<\/td>\n<td>\n<p><strong>RWS*<\/strong><\/p>\n<\/td>\n<\/tr>\n<tr>\n<td>\n<p>Witamina K (K<sub>2<\/sub> MenaQ7<sup>\u00ae<\/sup>) ze sfermentowanej ciecierzycy<\/p>\n<p>(z u\u017cyciem bakterii <em>Bacillus licheniformis<\/em>)<\/p>\n<\/td>\n<td style=\"text-align:center;\">\n<p>100 \u00b5g<\/p>\n<\/td>\n<td style=\"text-align:center;\">\n<p>133%<\/p>\n<\/td>\n<\/tr>\n<\/tbody>\n<\/table>\n<p>*Referencyjna Warto\u015b\u0107 Spo\u017cycia<\/p>\n<p>Witamina K (K<sub>2<\/sub> MenaQ7<sup>\u00ae<\/sup>) z ciecierzycy \u2013 najaktywniejsza biologicznie forma witaminy K<\/p>\n<p>Naturalna witamina K (K<sub>2<\/sub> MenaQ7<sup>\u00ae<\/sup>) jest pozyskiwana z ciecierzycy w wyniku procesu fermentacji z u\u017cyciem bakterii <em>Bacillus licheniformis<\/em>. Do produkcji witaminy K (menachinon-7) firma NattoPharma wykorzystuje technologi\u0119 chronion\u0105 patentami, w wyniku kt\u00f3rej pozyskiwany jest czysty i skoncentrowany surowiec najwy\u017cszej jako\u015bci.<\/p>\n<p>Witamina K:<\/p>\n<ul>\n<li>pomaga w utrzymaniu zdrowych ko\u015bci<\/li>\n<li>przyczynia si\u0119 do prawid\u0142owego krzepni\u0119cia krwi<\/li>\n<\/ul>\n<p>Produkt nie zawiera bia\u0142ka sojowego, ani innych alergen\u00f3w.<\/p>\n<p>MenaQ7<sup>\u00ae<\/sup> jest zarejestrowan\u0105 mark\u0105 firmy Natto Pharma<\/p>\n<p><strong>Spos\u00f3b u\u017cycia:<\/strong> 1 kapsu\u0142ka dziennie<\/p>\n<p><strong>Spos\u00f3b przechowywania<\/strong>: przechowywa\u0107 w zamkni\u0119tym opakowaniu w temperaturze pokojowej, w spos\u00f3b niedost\u0119pny dla ma\u0142ych dzieci<\/p>\n<p><strong>Uwagi<\/strong>: nie nale\u017cy przekracza\u0107 zalecanej porcji dziennej do spo\u017cycia. Suplement diety nie mo\u017ce by\u0107 stosowany jako substytut (zamiennik) zr\u00f3\u017cnicowanej diety. Wa\u017cny jest zr\u00f3wnowa\u017cony spos\u00f3b \u017cywienia i\u00a0zdrowy tryb \u017cycia Nie stosowa\u0107 w przypadku nadwra\u017cliwo\u015bci na jakikolwiek sk\u0142adnik preparatu. W przypadku przyjmowania lek\u00f3w przeciwzakrzepowych nale\u017cy przed zastosowaniem preparatu skonsultowa\u0107 si\u0119 z lekarzem. Nale\u017cy prowadzi\u0107 zdrowy tryb \u017cycia i prawid\u0142owo si\u0119 od\u017cywia\u0107.<\/p>\n<p><strong>Producent:<\/strong> NattoPharma ASA, Norwegia<\/p>\n","protected":false},"excerpt":{"rendered":"<p>Sk\u0142adniki: substancja wype\u0142niaj\u0105ca: celuloza mikrokrystaliczna; witamina K (menachinon-7) ze sfermentowanej ciecierzycy (z u\u017cyciem bakterii Bacillus licheniformis); otoczka kapsu\u0142ki: hydroksypropylometyloceluloza Porcja dzienna: 1 kapsu\u0142ka Opakowanie zawiera: 60 kapsu\u0142ek Sk\u0142ad w porcji dziennej (1 kapsu\u0142ka) RWS* Witamina K (K2 MenaQ7\u00ae) ze sfermentowanej ciecierzycy (z u\u017cyciem bakterii Bacillus licheniformis) 100 \u00b5g 133% *Referencyjna Warto\u015b\u0107 Spo\u017cycia Witamina K (K2 [&#8230;]\n","protected":false},"featured_media":275475,"comment_status":"closed","ping_status":"open","template":"","meta":[],"product_brand":[5362],"product_cat":[5053,5059],"product_tag":[],"class_list":{"0":"post-301335","1":"product","2":"type-product","3":"status-publish","4":"has-post-thumbnail","6":"product_brand-kenay-2","7":"product_cat-vitamines-et-mineraux","8":"product_cat-vitamines-simples","10":"first","11":"instock","12":"taxable","13":"shipping-taxable","14":"purchasable","15":"product-type-simple"},"yoast_head":"<!-- This site is optimized with the Yoast SEO Premium plugin v27.5 (Yoast SEO v27.5) - https:\/\/yoast.com\/product\/yoast-seo-premium-wordpress\/ -->\n<title>KENAY Vitamin K MENA Q7 (60 caps) - ECO Supplements<\/title>\n<meta name=\"description\" content=\"Wij hebben een ruime keuze aan producten van KENAY Vitamin K MENA Q7 (60 caps) . Winkel bij Eco Supplements altijd gratis verzending boven 100\u20ac\" \/>\n<meta name=\"robots\" content=\"index, follow, max-snippet:-1, max-image-preview:large, max-video-preview:-1\" \/>\n<link rel=\"canonical\" href=\"https:\/\/ecosupplements.be\/fr\/produit\/kenay-vitamin-k-mena-q7-60-caps\/\" \/>\n<meta property=\"og:locale\" content=\"fr_FR\" \/>\n<meta property=\"og:type\" content=\"article\" \/>\n<meta property=\"og:title\" content=\"KENAY Vitamin K MENA Q7 (60 caps)\" \/>\n<meta property=\"og:description\" content=\"Wij hebben een ruime keuze aan producten van KENAY Vitamin K MENA Q7 (60 caps) . Winkel bij Eco Supplements altijd gratis verzending boven 100\u20ac\" \/>\n<meta property=\"og:url\" content=\"https:\/\/ecosupplements.be\/fr\/produit\/kenay-vitamin-k-mena-q7-60-caps\/\" \/>\n<meta property=\"og:site_name\" content=\"ECO Supplements\" \/>\n<meta property=\"article:modified_time\" content=\"2025-08-28T02:16:35+00:00\" \/>\n<meta property=\"og:image\" content=\"https:\/\/ecosupplements.be\/wp-content\/uploads\/2025\/08\/Kenay-KENAY-Vitamin-K-MENA-Q7-60-caps.jpg\" \/>\n\t<meta property=\"og:image:width\" content=\"600\" \/>\n\t<meta property=\"og:image:height\" content=\"600\" \/>\n\t<meta property=\"og:image:type\" content=\"image\/jpeg\" \/>\n<meta name=\"twitter:card\" content=\"summary_large_image\" \/>\n<meta name=\"twitter:label1\" content=\"Prix\" \/>\n\t<meta name=\"twitter:data1\" content=\"12.93&nbsp;&euro;\" \/>\n\t<meta name=\"twitter:label2\" content=\"Disponibilit\u00e9\" \/>\n\t<meta name=\"twitter:data2\" content=\"En stock\" \/>\n<script type=\"application\/ld+json\" class=\"yoast-schema-graph\">{\"@context\":\"https:\\\/\\\/schema.org\",\"@graph\":[{\"@type\":[\"WebPage\",\"ItemPage\"],\"@id\":\"https:\\\/\\\/ecosupplements.be\\\/fr\\\/produit\\\/kenay-vitamin-k-mena-q7-60-caps\\\/\",\"url\":\"https:\\\/\\\/ecosupplements.be\\\/fr\\\/produit\\\/kenay-vitamin-k-mena-q7-60-caps\\\/\",\"name\":\"KENAY Vitamin K MENA Q7 (60 caps) - ECO Supplements\",\"isPartOf\":{\"@id\":\"https:\\\/\\\/ecosupplements.be\\\/fr\\\/#website\"},\"primaryImageOfPage\":{\"@id\":\"https:\\\/\\\/ecosupplements.be\\\/fr\\\/produit\\\/kenay-vitamin-k-mena-q7-60-caps\\\/#primaryimage\"},\"image\":{\"@id\":\"https:\\\/\\\/ecosupplements.be\\\/fr\\\/produit\\\/kenay-vitamin-k-mena-q7-60-caps\\\/#primaryimage\"},\"thumbnailUrl\":\"https:\\\/\\\/ecosupplements.be\\\/wp-content\\\/uploads\\\/2025\\\/08\\\/KENAY-Vitamin-K-MENA-Q7-60-caps.jpg\",\"datePublished\":\"2025-07-25T13:15:13+00:00\",\"dateModified\":\"2025-08-28T02:16:35+00:00\",\"description\":\"Wij hebben een ruime keuze aan producten van KENAY Vitamin K MENA Q7 (60 caps) . Winkel bij Eco Supplements altijd gratis verzending boven 100\u20ac\",\"breadcrumb\":{\"@id\":\"https:\\\/\\\/ecosupplements.be\\\/fr\\\/produit\\\/kenay-vitamin-k-mena-q7-60-caps\\\/#breadcrumb\"},\"inLanguage\":\"fr-FR\",\"potentialAction\":[{\"@type\":\"ReadAction\",\"target\":[\"https:\\\/\\\/ecosupplements.be\\\/fr\\\/produit\\\/kenay-vitamin-k-mena-q7-60-caps\\\/\"]}]},{\"@type\":\"ImageObject\",\"inLanguage\":\"fr-FR\",\"@id\":\"https:\\\/\\\/ecosupplements.be\\\/fr\\\/produit\\\/kenay-vitamin-k-mena-q7-60-caps\\\/#primaryimage\",\"url\":\"https:\\\/\\\/ecosupplements.be\\\/wp-content\\\/uploads\\\/2025\\\/08\\\/KENAY-Vitamin-K-MENA-Q7-60-caps.jpg\",\"contentUrl\":\"https:\\\/\\\/ecosupplements.be\\\/wp-content\\\/uploads\\\/2025\\\/08\\\/KENAY-Vitamin-K-MENA-Q7-60-caps.jpg\",\"width\":600,\"height\":600},{\"@type\":\"BreadcrumbList\",\"@id\":\"https:\\\/\\\/ecosupplements.be\\\/fr\\\/produit\\\/kenay-vitamin-k-mena-q7-60-caps\\\/#breadcrumb\",\"itemListElement\":[{\"@type\":\"ListItem\",\"position\":1,\"name\":\"Home\",\"item\":\"https:\\\/\\\/ecosupplements.be\\\/fr\\\/\"},{\"@type\":\"ListItem\",\"position\":2,\"name\":\"Boutique\",\"item\":\"https:\\\/\\\/ecosupplements.be\\\/fr\\\/boutique\\\/\"},{\"@type\":\"ListItem\",\"position\":3,\"name\":\"KENAY Vitamin K MENA Q7 (60 caps)\"}]},{\"@type\":\"WebSite\",\"@id\":\"https:\\\/\\\/ecosupplements.be\\\/fr\\\/#website\",\"url\":\"https:\\\/\\\/ecosupplements.be\\\/fr\\\/\",\"name\":\"ECO Supplements\",\"description\":\"Eco Supplements - Gezonde supplementen\",\"publisher\":{\"@id\":\"https:\\\/\\\/ecosupplements.be\\\/fr\\\/#organization\"},\"potentialAction\":[{\"@type\":\"SearchAction\",\"target\":{\"@type\":\"EntryPoint\",\"urlTemplate\":\"https:\\\/\\\/ecosupplements.be\\\/fr\\\/?s={search_term_string}\"},\"query-input\":{\"@type\":\"PropertyValueSpecification\",\"valueRequired\":true,\"valueName\":\"search_term_string\"}}],\"inLanguage\":\"fr-FR\"},{\"@type\":\"Organization\",\"@id\":\"https:\\\/\\\/ecosupplements.be\\\/fr\\\/#organization\",\"name\":\"Eco Supplements\",\"url\":\"https:\\\/\\\/ecosupplements.be\\\/fr\\\/\",\"logo\":{\"@type\":\"ImageObject\",\"inLanguage\":\"fr-FR\",\"@id\":\"https:\\\/\\\/ecosupplements.be\\\/fr\\\/#\\\/schema\\\/logo\\\/image\\\/\",\"url\":\"https:\\\/\\\/ecosupplements.be\\\/wp-content\\\/uploads\\\/2022\\\/06\\\/ecosupplement-family.png\",\"contentUrl\":\"https:\\\/\\\/ecosupplements.be\\\/wp-content\\\/uploads\\\/2022\\\/06\\\/ecosupplement-family.png\",\"width\":593,\"height\":374,\"caption\":\"Eco Supplements\"},\"image\":{\"@id\":\"https:\\\/\\\/ecosupplements.be\\\/fr\\\/#\\\/schema\\\/logo\\\/image\\\/\"}}]}<\/script>\n<meta property=\"product:brand\" content=\"Kenay\" \/>\n<meta property=\"product:price:amount\" content=\"12.93\" \/>\n<meta property=\"product:price:currency\" content=\"EUR\" \/>\n<meta property=\"og:availability\" content=\"instock\" \/>\n<meta property=\"product:availability\" content=\"instock\" \/>\n<meta property=\"product:retailer_item_id\" content=\"5900672152227\" \/>\n<meta property=\"product:condition\" content=\"new\" \/>\n<!-- \/ Yoast SEO Premium plugin. -->","yoast_head_json":{"title":"KENAY Vitamin K MENA Q7 (60 caps) - ECO Supplements","description":"Wij hebben een ruime keuze aan producten van KENAY Vitamin K MENA Q7 (60 caps) . Winkel bij Eco Supplements altijd gratis verzending boven 100\u20ac","robots":{"index":"index","follow":"follow","max-snippet":"max-snippet:-1","max-image-preview":"max-image-preview:large","max-video-preview":"max-video-preview:-1"},"canonical":"https:\/\/ecosupplements.be\/fr\/produit\/kenay-vitamin-k-mena-q7-60-caps\/","og_locale":"fr_FR","og_type":"article","og_title":"KENAY Vitamin K MENA Q7 (60 caps)","og_description":"Wij hebben een ruime keuze aan producten van KENAY Vitamin K MENA Q7 (60 caps) . Winkel bij Eco Supplements altijd gratis verzending boven 100\u20ac","og_url":"https:\/\/ecosupplements.be\/fr\/produit\/kenay-vitamin-k-mena-q7-60-caps\/","og_site_name":"ECO Supplements","article_modified_time":"2025-08-28T02:16:35+00:00","og_image":[{"width":600,"height":600,"url":"https:\/\/ecosupplements.be\/wp-content\/uploads\/2025\/08\/Kenay-KENAY-Vitamin-K-MENA-Q7-60-caps.jpg","type":"image\/jpeg"}],"twitter_card":"summary_large_image","twitter_misc":{"Prix":"12.93&nbsp;&euro;","Disponibilit\u00e9":"En stock"},"schema":{"@context":"https:\/\/schema.org","@graph":[{"@type":["WebPage","ItemPage"],"@id":"https:\/\/ecosupplements.be\/fr\/produit\/kenay-vitamin-k-mena-q7-60-caps\/","url":"https:\/\/ecosupplements.be\/fr\/produit\/kenay-vitamin-k-mena-q7-60-caps\/","name":"KENAY Vitamin K MENA Q7 (60 caps) - ECO Supplements","isPartOf":{"@id":"https:\/\/ecosupplements.be\/fr\/#website"},"primaryImageOfPage":{"@id":"https:\/\/ecosupplements.be\/fr\/produit\/kenay-vitamin-k-mena-q7-60-caps\/#primaryimage"},"image":{"@id":"https:\/\/ecosupplements.be\/fr\/produit\/kenay-vitamin-k-mena-q7-60-caps\/#primaryimage"},"thumbnailUrl":"https:\/\/ecosupplements.be\/wp-content\/uploads\/2025\/08\/KENAY-Vitamin-K-MENA-Q7-60-caps.jpg","datePublished":"2025-07-25T13:15:13+00:00","dateModified":"2025-08-28T02:16:35+00:00","description":"Wij hebben een ruime keuze aan producten van KENAY Vitamin K MENA Q7 (60 caps) . Winkel bij Eco Supplements altijd gratis verzending boven 100\u20ac","breadcrumb":{"@id":"https:\/\/ecosupplements.be\/fr\/produit\/kenay-vitamin-k-mena-q7-60-caps\/#breadcrumb"},"inLanguage":"fr-FR","potentialAction":[{"@type":"ReadAction","target":["https:\/\/ecosupplements.be\/fr\/produit\/kenay-vitamin-k-mena-q7-60-caps\/"]}]},{"@type":"ImageObject","inLanguage":"fr-FR","@id":"https:\/\/ecosupplements.be\/fr\/produit\/kenay-vitamin-k-mena-q7-60-caps\/#primaryimage","url":"https:\/\/ecosupplements.be\/wp-content\/uploads\/2025\/08\/KENAY-Vitamin-K-MENA-Q7-60-caps.jpg","contentUrl":"https:\/\/ecosupplements.be\/wp-content\/uploads\/2025\/08\/KENAY-Vitamin-K-MENA-Q7-60-caps.jpg","width":600,"height":600},{"@type":"BreadcrumbList","@id":"https:\/\/ecosupplements.be\/fr\/produit\/kenay-vitamin-k-mena-q7-60-caps\/#breadcrumb","itemListElement":[{"@type":"ListItem","position":1,"name":"Home","item":"https:\/\/ecosupplements.be\/fr\/"},{"@type":"ListItem","position":2,"name":"Boutique","item":"https:\/\/ecosupplements.be\/fr\/boutique\/"},{"@type":"ListItem","position":3,"name":"KENAY Vitamin K MENA Q7 (60 caps)"}]},{"@type":"WebSite","@id":"https:\/\/ecosupplements.be\/fr\/#website","url":"https:\/\/ecosupplements.be\/fr\/","name":"ECO Supplements","description":"Eco Supplements - Gezonde supplementen","publisher":{"@id":"https:\/\/ecosupplements.be\/fr\/#organization"},"potentialAction":[{"@type":"SearchAction","target":{"@type":"EntryPoint","urlTemplate":"https:\/\/ecosupplements.be\/fr\/?s={search_term_string}"},"query-input":{"@type":"PropertyValueSpecification","valueRequired":true,"valueName":"search_term_string"}}],"inLanguage":"fr-FR"},{"@type":"Organization","@id":"https:\/\/ecosupplements.be\/fr\/#organization","name":"Eco Supplements","url":"https:\/\/ecosupplements.be\/fr\/","logo":{"@type":"ImageObject","inLanguage":"fr-FR","@id":"https:\/\/ecosupplements.be\/fr\/#\/schema\/logo\/image\/","url":"https:\/\/ecosupplements.be\/wp-content\/uploads\/2022\/06\/ecosupplement-family.png","contentUrl":"https:\/\/ecosupplements.be\/wp-content\/uploads\/2022\/06\/ecosupplement-family.png","width":593,"height":374,"caption":"Eco Supplements"},"image":{"@id":"https:\/\/ecosupplements.be\/fr\/#\/schema\/logo\/image\/"}}]},"product_brand":"Kenay","product_price_amount":"12.93","product_price_currency":"EUR","og_availability":"instock","product_availability":"instock","product_retailer_item_id":"5900672152227","product_condition":"new"},"_links":{"self":[{"href":"https:\/\/ecosupplements.be\/fr\/wp-json\/wp\/v2\/product\/301335","targetHints":{"allow":["GET"]}}],"collection":[{"href":"https:\/\/ecosupplements.be\/fr\/wp-json\/wp\/v2\/product"}],"about":[{"href":"https:\/\/ecosupplements.be\/fr\/wp-json\/wp\/v2\/types\/product"}],"replies":[{"embeddable":true,"href":"https:\/\/ecosupplements.be\/fr\/wp-json\/wp\/v2\/comments?post=301335"}],"wp:featuredmedia":[{"embeddable":true,"href":"https:\/\/ecosupplements.be\/fr\/wp-json\/wp\/v2\/media\/275475"}],"wp:attachment":[{"href":"https:\/\/ecosupplements.be\/fr\/wp-json\/wp\/v2\/media?parent=301335"}],"wp:term":[{"taxonomy":"product_brand","embeddable":true,"href":"https:\/\/ecosupplements.be\/fr\/wp-json\/wp\/v2\/product_brand?post=301335"},{"taxonomy":"product_cat","embeddable":true,"href":"https:\/\/ecosupplements.be\/fr\/wp-json\/wp\/v2\/product_cat?post=301335"},{"taxonomy":"product_tag","embeddable":true,"href":"https:\/\/ecosupplements.be\/fr\/wp-json\/wp\/v2\/product_tag?post=301335"}],"curies":[{"name":"wp","href":"https:\/\/api.w.org\/{rel}","templated":true}]}}