{"id":301341,"date":"2025-07-25T14:15:13","date_gmt":"2025-07-25T13:15:13","guid":{"rendered":"https:\/\/ecosupplements.be\/product\/kenay-resveratrol-trans-micronized-100-mg-60-caps\/"},"modified":"2025-08-28T03:16:41","modified_gmt":"2025-08-28T02:16:41","slug":"kenay-resveratrol-trans-micronized-100-mg-60-caps","status":"publish","type":"product","link":"https:\/\/ecosupplements.be\/fr\/produit\/kenay-resveratrol-trans-micronized-100-mg-60-caps\/","title":{"rendered":"KENAY Resveratrol Trans Micronized, 100 mg (60 caps)"},"content":{"rendered":"<p><strong>OPIS:<\/strong><\/p>\n<p><strong>Resveratrol<\/strong>\u00a0jest naturalnie wyst\u0119puj\u0105c\u0105 fitoaleksyn\u0105 wytwarzan\u0105 przez niekt\u00f3re z ro\u015blin wy\u017cszych tj. ro\u015blin o zaawansowanej budowie i sposobach rozmna\u017cania. Resveratrol jest reakcj\u0105 na stres wywo\u0142an\u0105 uszkodzeniami, infekcjami grzybowymi czy te\u017c konsekwencjami zanieczyszczenia \u015brodowiska, a wi\u0119c \u2013 kr\u00f3tko m\u00f3wi\u0105c resvetarol jest substancj\u0105 obronn\u0105, uaktywniaj\u0105c\u0105 si\u0119 w chwili zagro\u017cenia. Resveratrol jest pochodn\u0105 stilbenu, zaliczanego do grupy ro\u015blinnych polifenoli, kt\u00f3re s\u0105 powszechnie uznawane za sk\u0142adniki o wyj\u0105tkowo korzystnym wp\u0142ywie na zdrowie.<\/p>\n<p>Najbogatszym \u017ar\u00f3d\u0142em resveratrolu trans jest rdest japo\u0144ski. Resveratrol jest r\u00f3wnie\u017c cennym sk\u0142adnikiem soku z ciemnych winogron. Mo\u017cna go znale\u017a\u0107 tak\u017ce w winie, szczeg\u00f3lnie czerwonym. Ze wzgl\u0119du na wyj\u0105tkowe w\u0142a\u015bciwo\u015bci tego zwi\u0105zku, wci\u0105\u017c trwaj\u0105 poszukiwania jego nowych \u017ar\u00f3de\u0142.<\/p>\n<p><strong>Co znaczy mikronizacja?<\/strong><\/p>\n<p>W tym przypadku mikronizacja znaczy zmniejszenie cz\u0105steczek sypkiej formy ekstraktu do takich rozmiar\u00f3w, by jego absorpcja przez nasz organizm by\u0142a \u0142atwiejsza, szybsza a tym samym skuteczniejsza.<br \/>Zmikronizowane cz\u0105steczki pudru s\u0105 od 100 do 200 razy mniejsze od cz\u0105steczek regularnego ekstraktu. Ich wielko\u015b\u0107 znajduje si\u0119 w przedziale 1-4 mikron\u00f3w. Wi\u0119kszo\u015b\u0107 dost\u0119pnych zmikronizowanych preparat\u00f3w to przedzia\u0142 149-224 mikron\u00f3w. Absorpcja takiej formy preparatu jest ok. 200% razy wi\u0119ksza ni\u017c regularnego resveratrolu trans.<\/p>\n<p><strong>SK\u0141AD:<\/strong><\/p>\n<p>ekstrakt z korzeni i k\u0142\u0105czy rdestu japo\u0144skiego, substancja wype\u0142niaj\u0105ca: celuloza mikrokrystaliczna, stearynian magnezu, kapsu\u0142ka: celuloza ro\u015blinna\u00a0<\/p>\n<table width=\"656\">\n<tbody>\n<tr>\n<td colspan=\"2\">\n<p><strong>Porcja dzienna:<\/strong>\u00a02 kapsu\u0142ki<\/p>\n<p><strong>Opakowanie zawiera:<\/strong>\u00a060 kapsu\u0142ek<\/p>\n<\/td>\n<\/tr>\n<tr>\n<td>\n<p><strong>Ilo\u015b\u0107 w porcji dziennej (2 kapsu\u0142ki)<br \/><\/strong><\/p>\n<\/td>\n<td>\n<p><strong>Ilo\u015b\u0107<\/strong><\/p>\n<\/td>\n<\/tr>\n<tr>\n<td>\n<p>Resweratrol trans<\/p>\n<p>zmikronizowany czysty zwi\u0105zek otrzymany z ekstraktu korzeni i k\u0142\u0105czy rdestu japo\u0144skiego<\/p>\n<p>(<em>Polygonum Cuspidatum<\/em>) (98-99%)<\/p>\n<\/td>\n<td>\n<p>200 mg<\/p>\n<\/td>\n<\/tr>\n<\/tbody>\n<\/table>\n<p><strong>SPOS\u00d3B U\u017bYCIA:<\/strong><\/p>\n<p>2 razy dziennie po 1 kapsu\u0142ce<\/p>\n<p><strong><\/strong>Nie nale\u017cy przekracza\u0107 zalecanej porcji do spo\u017cycia w ci\u0105gu dnia. Suplementy diety nie mog\u0105 by\u0107 stosowane jako substytut (zamiennik) zr\u00f3\u017cnicowanej diety.<\/p>\n<p><strong>PRZECIWWSKAZANIA:<\/strong><\/p>\n<p>Nie nale\u017cy stosowa\u0107 w przypadku nadwra\u017cliwo\u015bci na jakikolwiek sk\u0142adnik preparatu. Preparatu nie powinny stosowa\u0107 kobiety w ci\u0105\u017cy, karmi\u0105ce piersi\u0105 oraz dzieci i m\u0142odzie\u017c poni\u017cej 18 roku \u017cycia.<\/p>\n<p><strong>PRZECHOWYWANIE:<\/strong><\/p>\n<p>Przechowywa\u0107 w zamkni\u0119tym opakowaniu w temperaturze pokojowej, w miejscu niedost\u0119pnym dla ma\u0142ych dzieci.<\/p><\/p>\n","protected":false},"excerpt":{"rendered":"<p>OPIS: Resveratrol\u00a0jest naturalnie wyst\u0119puj\u0105c\u0105 fitoaleksyn\u0105 wytwarzan\u0105 przez niekt\u00f3re z ro\u015blin wy\u017cszych tj. ro\u015blin o zaawansowanej budowie i sposobach rozmna\u017cania. Resveratrol jest reakcj\u0105 na stres wywo\u0142an\u0105 uszkodzeniami, infekcjami grzybowymi czy te\u017c konsekwencjami zanieczyszczenia \u015brodowiska, a wi\u0119c \u2013 kr\u00f3tko m\u00f3wi\u0105c resvetarol jest substancj\u0105 obronn\u0105, uaktywniaj\u0105c\u0105 si\u0119 w chwili zagro\u017cenia. Resveratrol jest pochodn\u0105 stilbenu, zaliczanego do grupy ro\u015blinnych [&#8230;]\n","protected":false},"featured_media":275481,"comment_status":"closed","ping_status":"open","template":"","meta":[],"product_brand":[5362],"product_cat":[5053],"product_tag":[],"class_list":{"0":"post-301341","1":"product","2":"type-product","3":"status-publish","4":"has-post-thumbnail","6":"product_brand-kenay-2","7":"product_cat-vitamines-et-mineraux","9":"first","10":"instock","11":"taxable","12":"shipping-taxable","13":"purchasable","14":"product-type-simple"},"yoast_head":"<!-- This site is optimized with the Yoast SEO Premium plugin v27.5 (Yoast SEO v27.5) - https:\/\/yoast.com\/product\/yoast-seo-premium-wordpress\/ -->\n<title>KENAY Resveratrol Trans Micronized, 100 mg (60 caps) - ECO Supplements<\/title>\n<meta name=\"description\" content=\"Wij hebben een ruime keuze aan producten van KENAY Resveratrol Trans Micronized, 100 mg (60 caps) . Winkel bij Eco Supplements altijd gratis verzending boven 100\u20ac\" \/>\n<meta name=\"robots\" content=\"index, follow, max-snippet:-1, max-image-preview:large, max-video-preview:-1\" \/>\n<link rel=\"canonical\" href=\"https:\/\/ecosupplements.be\/fr\/produit\/kenay-resveratrol-trans-micronized-100-mg-60-caps\/\" \/>\n<meta property=\"og:locale\" content=\"fr_FR\" \/>\n<meta property=\"og:type\" content=\"article\" \/>\n<meta property=\"og:title\" content=\"KENAY Resveratrol Trans Micronized, 100 mg (60 caps)\" \/>\n<meta property=\"og:description\" content=\"Wij hebben een ruime keuze aan producten van KENAY Resveratrol Trans Micronized, 100 mg (60 caps) . Winkel bij Eco Supplements altijd gratis verzending boven 100\u20ac\" \/>\n<meta property=\"og:url\" content=\"https:\/\/ecosupplements.be\/fr\/produit\/kenay-resveratrol-trans-micronized-100-mg-60-caps\/\" \/>\n<meta property=\"og:site_name\" content=\"ECO Supplements\" \/>\n<meta property=\"article:modified_time\" content=\"2025-08-28T02:16:41+00:00\" \/>\n<meta property=\"og:image\" content=\"https:\/\/ecosupplements.be\/wp-content\/uploads\/2025\/08\/Kenay-KENAY-Resveratrol-Trans-Micronized-100-mg-60-caps.jpg\" \/>\n\t<meta property=\"og:image:width\" content=\"795\" \/>\n\t<meta property=\"og:image:height\" content=\"1241\" \/>\n\t<meta property=\"og:image:type\" content=\"image\/jpeg\" \/>\n<meta name=\"twitter:card\" content=\"summary_large_image\" \/>\n<meta name=\"twitter:label1\" content=\"Prix\" \/>\n\t<meta name=\"twitter:data1\" content=\"23.11&nbsp;&euro;\" \/>\n\t<meta name=\"twitter:label2\" content=\"Disponibilit\u00e9\" \/>\n\t<meta name=\"twitter:data2\" content=\"En stock\" \/>\n<script type=\"application\/ld+json\" class=\"yoast-schema-graph\">{\"@context\":\"https:\\\/\\\/schema.org\",\"@graph\":[{\"@type\":[\"WebPage\",\"ItemPage\"],\"@id\":\"https:\\\/\\\/ecosupplements.be\\\/fr\\\/produit\\\/kenay-resveratrol-trans-micronized-100-mg-60-caps\\\/\",\"url\":\"https:\\\/\\\/ecosupplements.be\\\/fr\\\/produit\\\/kenay-resveratrol-trans-micronized-100-mg-60-caps\\\/\",\"name\":\"KENAY Resveratrol Trans Micronized, 100 mg (60 caps) - ECO Supplements\",\"isPartOf\":{\"@id\":\"https:\\\/\\\/ecosupplements.be\\\/fr\\\/#website\"},\"primaryImageOfPage\":{\"@id\":\"https:\\\/\\\/ecosupplements.be\\\/fr\\\/produit\\\/kenay-resveratrol-trans-micronized-100-mg-60-caps\\\/#primaryimage\"},\"image\":{\"@id\":\"https:\\\/\\\/ecosupplements.be\\\/fr\\\/produit\\\/kenay-resveratrol-trans-micronized-100-mg-60-caps\\\/#primaryimage\"},\"thumbnailUrl\":\"https:\\\/\\\/ecosupplements.be\\\/wp-content\\\/uploads\\\/2025\\\/08\\\/KENAY-Resveratrol-Trans-Micronized-100-mg-60-caps.jpg\",\"datePublished\":\"2025-07-25T13:15:13+00:00\",\"dateModified\":\"2025-08-28T02:16:41+00:00\",\"description\":\"Wij hebben een ruime keuze aan producten van KENAY Resveratrol Trans Micronized, 100 mg (60 caps) . Winkel bij Eco Supplements altijd gratis verzending boven 100\u20ac\",\"breadcrumb\":{\"@id\":\"https:\\\/\\\/ecosupplements.be\\\/fr\\\/produit\\\/kenay-resveratrol-trans-micronized-100-mg-60-caps\\\/#breadcrumb\"},\"inLanguage\":\"fr-FR\",\"potentialAction\":[{\"@type\":\"ReadAction\",\"target\":[\"https:\\\/\\\/ecosupplements.be\\\/fr\\\/produit\\\/kenay-resveratrol-trans-micronized-100-mg-60-caps\\\/\"]}]},{\"@type\":\"ImageObject\",\"inLanguage\":\"fr-FR\",\"@id\":\"https:\\\/\\\/ecosupplements.be\\\/fr\\\/produit\\\/kenay-resveratrol-trans-micronized-100-mg-60-caps\\\/#primaryimage\",\"url\":\"https:\\\/\\\/ecosupplements.be\\\/wp-content\\\/uploads\\\/2025\\\/08\\\/KENAY-Resveratrol-Trans-Micronized-100-mg-60-caps.jpg\",\"contentUrl\":\"https:\\\/\\\/ecosupplements.be\\\/wp-content\\\/uploads\\\/2025\\\/08\\\/KENAY-Resveratrol-Trans-Micronized-100-mg-60-caps.jpg\",\"width\":795,\"height\":1241},{\"@type\":\"BreadcrumbList\",\"@id\":\"https:\\\/\\\/ecosupplements.be\\\/fr\\\/produit\\\/kenay-resveratrol-trans-micronized-100-mg-60-caps\\\/#breadcrumb\",\"itemListElement\":[{\"@type\":\"ListItem\",\"position\":1,\"name\":\"Home\",\"item\":\"https:\\\/\\\/ecosupplements.be\\\/fr\\\/\"},{\"@type\":\"ListItem\",\"position\":2,\"name\":\"Boutique\",\"item\":\"https:\\\/\\\/ecosupplements.be\\\/fr\\\/boutique\\\/\"},{\"@type\":\"ListItem\",\"position\":3,\"name\":\"KENAY Resveratrol Trans Micronized, 100 mg (60 caps)\"}]},{\"@type\":\"WebSite\",\"@id\":\"https:\\\/\\\/ecosupplements.be\\\/fr\\\/#website\",\"url\":\"https:\\\/\\\/ecosupplements.be\\\/fr\\\/\",\"name\":\"ECO Supplements\",\"description\":\"Eco Supplements - Gezonde supplementen\",\"publisher\":{\"@id\":\"https:\\\/\\\/ecosupplements.be\\\/fr\\\/#organization\"},\"potentialAction\":[{\"@type\":\"SearchAction\",\"target\":{\"@type\":\"EntryPoint\",\"urlTemplate\":\"https:\\\/\\\/ecosupplements.be\\\/fr\\\/?s={search_term_string}\"},\"query-input\":{\"@type\":\"PropertyValueSpecification\",\"valueRequired\":true,\"valueName\":\"search_term_string\"}}],\"inLanguage\":\"fr-FR\"},{\"@type\":\"Organization\",\"@id\":\"https:\\\/\\\/ecosupplements.be\\\/fr\\\/#organization\",\"name\":\"Eco Supplements\",\"url\":\"https:\\\/\\\/ecosupplements.be\\\/fr\\\/\",\"logo\":{\"@type\":\"ImageObject\",\"inLanguage\":\"fr-FR\",\"@id\":\"https:\\\/\\\/ecosupplements.be\\\/fr\\\/#\\\/schema\\\/logo\\\/image\\\/\",\"url\":\"https:\\\/\\\/ecosupplements.be\\\/wp-content\\\/uploads\\\/2022\\\/06\\\/ecosupplement-family.png\",\"contentUrl\":\"https:\\\/\\\/ecosupplements.be\\\/wp-content\\\/uploads\\\/2022\\\/06\\\/ecosupplement-family.png\",\"width\":593,\"height\":374,\"caption\":\"Eco Supplements\"},\"image\":{\"@id\":\"https:\\\/\\\/ecosupplements.be\\\/fr\\\/#\\\/schema\\\/logo\\\/image\\\/\"}}]}<\/script>\n<meta property=\"product:brand\" content=\"Kenay\" \/>\n<meta property=\"product:price:amount\" content=\"23.11\" \/>\n<meta property=\"product:price:currency\" content=\"EUR\" \/>\n<meta property=\"og:availability\" content=\"instock\" \/>\n<meta property=\"product:availability\" content=\"instock\" \/>\n<meta property=\"product:retailer_item_id\" content=\"5900672150346\" \/>\n<meta property=\"product:condition\" content=\"new\" \/>\n<!-- \/ Yoast SEO Premium plugin. -->","yoast_head_json":{"title":"KENAY Resveratrol Trans Micronized, 100 mg (60 caps) - ECO Supplements","description":"Wij hebben een ruime keuze aan producten van KENAY Resveratrol Trans Micronized, 100 mg (60 caps) . Winkel bij Eco Supplements altijd gratis verzending boven 100\u20ac","robots":{"index":"index","follow":"follow","max-snippet":"max-snippet:-1","max-image-preview":"max-image-preview:large","max-video-preview":"max-video-preview:-1"},"canonical":"https:\/\/ecosupplements.be\/fr\/produit\/kenay-resveratrol-trans-micronized-100-mg-60-caps\/","og_locale":"fr_FR","og_type":"article","og_title":"KENAY Resveratrol Trans Micronized, 100 mg (60 caps)","og_description":"Wij hebben een ruime keuze aan producten van KENAY Resveratrol Trans Micronized, 100 mg (60 caps) . Winkel bij Eco Supplements altijd gratis verzending boven 100\u20ac","og_url":"https:\/\/ecosupplements.be\/fr\/produit\/kenay-resveratrol-trans-micronized-100-mg-60-caps\/","og_site_name":"ECO Supplements","article_modified_time":"2025-08-28T02:16:41+00:00","og_image":[{"width":795,"height":1241,"url":"https:\/\/ecosupplements.be\/wp-content\/uploads\/2025\/08\/Kenay-KENAY-Resveratrol-Trans-Micronized-100-mg-60-caps.jpg","type":"image\/jpeg"}],"twitter_card":"summary_large_image","twitter_misc":{"Prix":"23.11&nbsp;&euro;","Disponibilit\u00e9":"En stock"},"schema":{"@context":"https:\/\/schema.org","@graph":[{"@type":["WebPage","ItemPage"],"@id":"https:\/\/ecosupplements.be\/fr\/produit\/kenay-resveratrol-trans-micronized-100-mg-60-caps\/","url":"https:\/\/ecosupplements.be\/fr\/produit\/kenay-resveratrol-trans-micronized-100-mg-60-caps\/","name":"KENAY Resveratrol Trans Micronized, 100 mg (60 caps) - ECO Supplements","isPartOf":{"@id":"https:\/\/ecosupplements.be\/fr\/#website"},"primaryImageOfPage":{"@id":"https:\/\/ecosupplements.be\/fr\/produit\/kenay-resveratrol-trans-micronized-100-mg-60-caps\/#primaryimage"},"image":{"@id":"https:\/\/ecosupplements.be\/fr\/produit\/kenay-resveratrol-trans-micronized-100-mg-60-caps\/#primaryimage"},"thumbnailUrl":"https:\/\/ecosupplements.be\/wp-content\/uploads\/2025\/08\/KENAY-Resveratrol-Trans-Micronized-100-mg-60-caps.jpg","datePublished":"2025-07-25T13:15:13+00:00","dateModified":"2025-08-28T02:16:41+00:00","description":"Wij hebben een ruime keuze aan producten van KENAY Resveratrol Trans Micronized, 100 mg (60 caps) . Winkel bij Eco Supplements altijd gratis verzending boven 100\u20ac","breadcrumb":{"@id":"https:\/\/ecosupplements.be\/fr\/produit\/kenay-resveratrol-trans-micronized-100-mg-60-caps\/#breadcrumb"},"inLanguage":"fr-FR","potentialAction":[{"@type":"ReadAction","target":["https:\/\/ecosupplements.be\/fr\/produit\/kenay-resveratrol-trans-micronized-100-mg-60-caps\/"]}]},{"@type":"ImageObject","inLanguage":"fr-FR","@id":"https:\/\/ecosupplements.be\/fr\/produit\/kenay-resveratrol-trans-micronized-100-mg-60-caps\/#primaryimage","url":"https:\/\/ecosupplements.be\/wp-content\/uploads\/2025\/08\/KENAY-Resveratrol-Trans-Micronized-100-mg-60-caps.jpg","contentUrl":"https:\/\/ecosupplements.be\/wp-content\/uploads\/2025\/08\/KENAY-Resveratrol-Trans-Micronized-100-mg-60-caps.jpg","width":795,"height":1241},{"@type":"BreadcrumbList","@id":"https:\/\/ecosupplements.be\/fr\/produit\/kenay-resveratrol-trans-micronized-100-mg-60-caps\/#breadcrumb","itemListElement":[{"@type":"ListItem","position":1,"name":"Home","item":"https:\/\/ecosupplements.be\/fr\/"},{"@type":"ListItem","position":2,"name":"Boutique","item":"https:\/\/ecosupplements.be\/fr\/boutique\/"},{"@type":"ListItem","position":3,"name":"KENAY Resveratrol Trans Micronized, 100 mg (60 caps)"}]},{"@type":"WebSite","@id":"https:\/\/ecosupplements.be\/fr\/#website","url":"https:\/\/ecosupplements.be\/fr\/","name":"ECO Supplements","description":"Eco Supplements - Gezonde supplementen","publisher":{"@id":"https:\/\/ecosupplements.be\/fr\/#organization"},"potentialAction":[{"@type":"SearchAction","target":{"@type":"EntryPoint","urlTemplate":"https:\/\/ecosupplements.be\/fr\/?s={search_term_string}"},"query-input":{"@type":"PropertyValueSpecification","valueRequired":true,"valueName":"search_term_string"}}],"inLanguage":"fr-FR"},{"@type":"Organization","@id":"https:\/\/ecosupplements.be\/fr\/#organization","name":"Eco Supplements","url":"https:\/\/ecosupplements.be\/fr\/","logo":{"@type":"ImageObject","inLanguage":"fr-FR","@id":"https:\/\/ecosupplements.be\/fr\/#\/schema\/logo\/image\/","url":"https:\/\/ecosupplements.be\/wp-content\/uploads\/2022\/06\/ecosupplement-family.png","contentUrl":"https:\/\/ecosupplements.be\/wp-content\/uploads\/2022\/06\/ecosupplement-family.png","width":593,"height":374,"caption":"Eco Supplements"},"image":{"@id":"https:\/\/ecosupplements.be\/fr\/#\/schema\/logo\/image\/"}}]},"product_brand":"Kenay","product_price_amount":"23.11","product_price_currency":"EUR","og_availability":"instock","product_availability":"instock","product_retailer_item_id":"5900672150346","product_condition":"new"},"_links":{"self":[{"href":"https:\/\/ecosupplements.be\/fr\/wp-json\/wp\/v2\/product\/301341","targetHints":{"allow":["GET"]}}],"collection":[{"href":"https:\/\/ecosupplements.be\/fr\/wp-json\/wp\/v2\/product"}],"about":[{"href":"https:\/\/ecosupplements.be\/fr\/wp-json\/wp\/v2\/types\/product"}],"replies":[{"embeddable":true,"href":"https:\/\/ecosupplements.be\/fr\/wp-json\/wp\/v2\/comments?post=301341"}],"wp:featuredmedia":[{"embeddable":true,"href":"https:\/\/ecosupplements.be\/fr\/wp-json\/wp\/v2\/media\/275481"}],"wp:attachment":[{"href":"https:\/\/ecosupplements.be\/fr\/wp-json\/wp\/v2\/media?parent=301341"}],"wp:term":[{"taxonomy":"product_brand","embeddable":true,"href":"https:\/\/ecosupplements.be\/fr\/wp-json\/wp\/v2\/product_brand?post=301341"},{"taxonomy":"product_cat","embeddable":true,"href":"https:\/\/ecosupplements.be\/fr\/wp-json\/wp\/v2\/product_cat?post=301341"},{"taxonomy":"product_tag","embeddable":true,"href":"https:\/\/ecosupplements.be\/fr\/wp-json\/wp\/v2\/product_tag?post=301341"}],"curies":[{"name":"wp","href":"https:\/\/api.w.org\/{rel}","templated":true}]}}