{"id":301350,"date":"2025-07-25T14:30:25","date_gmt":"2025-07-25T13:30:25","guid":{"rendered":"https:\/\/ecosupplements.be\/product\/kenay-ginseng-fermented-gs15-4-30-caps\/"},"modified":"2025-08-28T03:16:52","modified_gmt":"2025-08-28T02:16:52","slug":"kenay-ginseng-fermented-gs15-4-30-caps","status":"publish","type":"product","link":"https:\/\/ecosupplements.be\/fr\/produit\/kenay-ginseng-fermented-gs15-4-30-caps\/","title":{"rendered":"KENAY Ginseng fermented GS15-4 (30 caps)"},"content":{"rendered":"<h2 class=\"title\">\u017be\u0144sze\u0144 sfermentowany GS15-4\u00ae (30 kapsu\u0142ek)<\/h2>\n<div class=\"rte\">\n<p><strong>Sk\u0142adniki:&nbsp;<\/strong>ekstrakt z fermentowanego korzenia \u017ce\u0144-szenia korea\u0144skiego (<em>Panax ginseng<\/em>);&nbsp;no\u015bnik: gliceryna ro\u015blinna (bez GMO), kapsu\u0142ka: hydroksypropylometyloceluloza.<\/p>\n<table class=\" cke_show_border\">\n<tbody>\n<tr>\n<td colspan=\"2\">\n<p><strong>Porcja dzienna:<\/strong>&nbsp;1 kapsu\u0142ka<\/p>\n<p><strong>Opakowanie zawiera:<\/strong>&nbsp;30 kapsu\u0142ek<\/p>\n<\/td>\n<\/tr>\n<tr>\n<td>\n<p><strong>Porcja dzienna zawiera<\/strong><\/p>\n<\/td>\n<td>\n<p><strong>Ilo\u015b\u0107<\/strong><\/p>\n<\/td>\n<\/tr>\n<tr>\n<td>\n<p>GS15-4<span>\u00ae*<\/span>&nbsp;ekstrakt sfermentowanego \u017ce\u0144-szenia korea\u0144skiego (<span>Panax Ginseng<\/span>)<\/p>\n<\/td>\n<td>\n<p>119 mg<\/p>\n<\/td>\n<\/tr>\n<\/tbody>\n<\/table>\n<ul>\n<li>15 RAZY LEPIEJ WCH\u0141ANIANY<\/li>\n<li>4 RAZY SZYBSZE DZIA\u0141ANIE<\/li>\n<\/ul>\n<p>Najbardziej biodost\u0119pny \u017ce\u0144-sze\u0144 na \u015bwiecie.<\/p>\n<p>Kapsu\u0142ki sfermentowanego \u017ce\u0144-szenia s\u0105 bezpieczne i nietoksyczne, pomagaj\u0105 osi\u0105gn\u0105\u0107 r\u00f3wnowag\u0119 organizmu. \u017be\u0144-sze\u0144 przyjmowany codziennie zapewnia sta\u0142e zasoby energii, wi\u0119ksz\u0105 jasno\u015b\u0107 umys\u0142u i lepszy nastr\u00f3j.<\/p>\n<p>W sk\u0142ad sfermentowanego \u017ce\u0144-szenia o wysokim stopniu wch\u0142aniania firmy ILHWA wchodzi opatentowany sk\u0142adnik GS15-4<span>\u00ae<\/span>.<\/p>\n<p><strong>Firma ILHWA jest \u015bwiatowej s\u0142awy liderem w produkcji preparat\u00f3w z \u017ce\u0144-szeniem od 1971r.<\/strong><\/p>\n<p>Firma ILHWA od 40 lat zajmuje si\u0119 badaniami naukowymi, a jej wysokiej jako\u015bci produkty s\u0105 znane na ca\u0142ym \u015bwiecie. ILHWA oznacza &#8220;Harmonia&#8221;, dlatego stale szuka harmonii w nauce i naturze. Celem firmy ILHWA jest dostarczanie wysokiej jako\u015bci produkt\u00f3w z \u017ce\u0144-szenia, aby zapewni\u0107 dobre zdrowie i samopoczucie.<\/p>\n<p>W1981r. powsta\u0142o centrum badawcze i rozwojowe firmy ILHWA, wykorzystuj\u0105ce prze\u0142omowe odkrycia w zakresie uprawy, zbior\u00f3w, przetwarzania i ekstrakcji \u017ce\u0144-szenia. Aktualnie ILHWA to nowoczesna firma, kt\u00f3rej 3 g\u0142\u00f3wne oddzia\u0142y to: produkty z \u017ce\u0144-szeniem, preparaty farmaceutyczne i napoje. Firma posiada certyfikat Koszerno\u015bci, ISO, GMP, wega\u0144ski i non-GMO. Ponadto posiada wiele patent\u00f3w oraz opublikowa\u0142a setki bada\u0144 klinicznych.<\/p>\n<p>ILHWA wykorzystuje nowoczesne osi\u0105gni\u0119cia naukowe w zakresie bada\u0144 i rozwoju produktu. Najwa\u017cniejsz\u0105 misj\u0105 firmy jest wykorzystywanie bada\u0144 naukowych oraz wspania\u0142ych w\u0142a\u015bciwo\u015bci korzenia \u017ce\u0144-szenia.<\/p>\n<p>*GS15-4<span>\u00ae<\/span>&nbsp;Ginseng Extract jest zarejestrowan\u0105 mark\u0105 firmy ILHWA NA.&nbsp;<\/p>\n<p><strong>Spos\u00f3b u\u017cycia:<\/strong>&nbsp;1 kapsu\u0142ka dziennie rano lub wieczorem, przed jedzeniem popijaj\u0105c wod\u0105. Kiedy poziom stresu jest wysoki, mo\u017cesz przyj\u0105\u0107 dodatkow\u0105 kapsu\u0142k\u0119<\/p>\n<p><strong>Spos\u00f3b przechowywania<\/strong>: przechowywa\u0107 w zamkni\u0119tym opakowaniu w temperaturze pokojowej, w miejscu niedost\u0119pnym dla ma\u0142ych dzieci<\/p>\n<p><strong>Uwagi:<\/strong>&nbsp;nie nale\u017cy przekracza\u0107 zalecanej porcji dziennej. Suplement diety nie mo\u017ce by\u0107 stosowany jako substytut zr\u00f3\u017cnicowanej diety<\/p>\n<p><strong>Certyfikaty<\/strong>: certyfikat koszerno\u015bci, ISO, GMP, wega\u0144ski i non-GMO<\/p>\n<p><strong>Producent:<\/strong>&nbsp;ILHWA NA Inc. USA<\/p>\n<\/div>\n","protected":false},"excerpt":{"rendered":"<p>\u017be\u0144sze\u0144 sfermentowany GS15-4\u00ae (30 kapsu\u0142ek) Sk\u0142adniki:&nbsp;ekstrakt z fermentowanego korzenia \u017ce\u0144-szenia korea\u0144skiego (Panax ginseng);&nbsp;no\u015bnik: gliceryna ro\u015blinna (bez GMO), kapsu\u0142ka: hydroksypropylometyloceluloza. Porcja dzienna:&nbsp;1 kapsu\u0142ka Opakowanie zawiera:&nbsp;30 kapsu\u0142ek Porcja dzienna zawiera Ilo\u015b\u0107 GS15-4\u00ae*&nbsp;ekstrakt sfermentowanego \u017ce\u0144-szenia korea\u0144skiego (Panax Ginseng) 119 mg 15 RAZY LEPIEJ WCH\u0141ANIANY 4 RAZY SZYBSZE DZIA\u0141ANIE Najbardziej biodost\u0119pny \u017ce\u0144-sze\u0144 na \u015bwiecie. Kapsu\u0142ki sfermentowanego \u017ce\u0144-szenia s\u0105 bezpieczne [&#8230;]\n","protected":false},"featured_media":275490,"comment_status":"closed","ping_status":"open","template":"","meta":[],"product_brand":[5362],"product_cat":[5052,5094,5053],"product_tag":[],"class_list":{"0":"post-301350","1":"product","2":"type-product","3":"status-publish","4":"has-post-thumbnail","6":"product_brand-kenay-2","7":"product_cat-sante-et-bien-etre","8":"product_cat-supplements-a-base-de-plantes","9":"product_cat-vitamines-et-mineraux","11":"first","12":"instock","13":"taxable","14":"shipping-taxable","15":"purchasable","16":"product-type-simple"},"yoast_head":"<!-- This site is optimized with the Yoast SEO Premium plugin v27.3 (Yoast SEO v27.3) - https:\/\/yoast.com\/product\/yoast-seo-premium-wordpress\/ -->\n<title>KENAY Ginseng fermented GS15-4 (30 caps) - ECO Supplements<\/title>\n<meta name=\"description\" content=\"Wij hebben een ruime keuze aan producten van KENAY Ginseng fermented GS15-4 (30 caps) . Winkel bij Eco Supplements altijd gratis verzending boven 100\u20ac\" \/>\n<meta name=\"robots\" content=\"index, follow, max-snippet:-1, max-image-preview:large, max-video-preview:-1\" \/>\n<link rel=\"canonical\" href=\"https:\/\/ecosupplements.be\/fr\/produit\/kenay-ginseng-fermented-gs15-4-30-caps\/\" \/>\n<meta property=\"og:locale\" content=\"fr_FR\" \/>\n<meta property=\"og:type\" content=\"article\" \/>\n<meta property=\"og:title\" content=\"KENAY Ginseng fermented GS15-4 (30 caps)\" \/>\n<meta property=\"og:description\" content=\"Wij hebben een ruime keuze aan producten van KENAY Ginseng fermented GS15-4 (30 caps) . Winkel bij Eco Supplements altijd gratis verzending boven 100\u20ac\" \/>\n<meta property=\"og:url\" content=\"https:\/\/ecosupplements.be\/fr\/produit\/kenay-ginseng-fermented-gs15-4-30-caps\/\" \/>\n<meta property=\"og:site_name\" content=\"ECO Supplements\" \/>\n<meta property=\"article:modified_time\" content=\"2025-08-28T02:16:52+00:00\" \/>\n<meta property=\"og:image\" content=\"https:\/\/ecosupplements.be\/wp-content\/uploads\/2025\/08\/Kenay-KENAY-Ginseng-fermented-GS15-4-30-caps.jpg\" \/>\n\t<meta property=\"og:image:width\" content=\"600\" \/>\n\t<meta property=\"og:image:height\" content=\"800\" \/>\n\t<meta property=\"og:image:type\" content=\"image\/jpeg\" \/>\n<meta name=\"twitter:card\" content=\"summary_large_image\" \/>\n<meta name=\"twitter:label1\" content=\"Prix\" \/>\n\t<meta name=\"twitter:data1\" content=\"25.31&nbsp;&euro;\" \/>\n\t<meta name=\"twitter:label2\" content=\"Disponibilit\u00e9\" \/>\n\t<meta name=\"twitter:data2\" content=\"En stock\" \/>\n<script type=\"application\/ld+json\" class=\"yoast-schema-graph\">{\"@context\":\"https:\\\/\\\/schema.org\",\"@graph\":[{\"@type\":[\"WebPage\",\"ItemPage\"],\"@id\":\"https:\\\/\\\/ecosupplements.be\\\/fr\\\/produit\\\/kenay-ginseng-fermented-gs15-4-30-caps\\\/\",\"url\":\"https:\\\/\\\/ecosupplements.be\\\/fr\\\/produit\\\/kenay-ginseng-fermented-gs15-4-30-caps\\\/\",\"name\":\"KENAY Ginseng fermented GS15-4 (30 caps) - ECO Supplements\",\"isPartOf\":{\"@id\":\"https:\\\/\\\/ecosupplements.be\\\/fr\\\/#website\"},\"primaryImageOfPage\":{\"@id\":\"https:\\\/\\\/ecosupplements.be\\\/fr\\\/produit\\\/kenay-ginseng-fermented-gs15-4-30-caps\\\/#primaryimage\"},\"image\":{\"@id\":\"https:\\\/\\\/ecosupplements.be\\\/fr\\\/produit\\\/kenay-ginseng-fermented-gs15-4-30-caps\\\/#primaryimage\"},\"thumbnailUrl\":\"https:\\\/\\\/ecosupplements.be\\\/wp-content\\\/uploads\\\/2025\\\/08\\\/KENAY-Ginseng-fermented-GS15-4-30-caps.jpg\",\"datePublished\":\"2025-07-25T13:30:25+00:00\",\"dateModified\":\"2025-08-28T02:16:52+00:00\",\"description\":\"Wij hebben een ruime keuze aan producten van KENAY Ginseng fermented GS15-4 (30 caps) . Winkel bij Eco Supplements altijd gratis verzending boven 100\u20ac\",\"breadcrumb\":{\"@id\":\"https:\\\/\\\/ecosupplements.be\\\/fr\\\/produit\\\/kenay-ginseng-fermented-gs15-4-30-caps\\\/#breadcrumb\"},\"inLanguage\":\"fr-FR\",\"potentialAction\":[{\"@type\":\"ReadAction\",\"target\":[\"https:\\\/\\\/ecosupplements.be\\\/fr\\\/produit\\\/kenay-ginseng-fermented-gs15-4-30-caps\\\/\"]}]},{\"@type\":\"ImageObject\",\"inLanguage\":\"fr-FR\",\"@id\":\"https:\\\/\\\/ecosupplements.be\\\/fr\\\/produit\\\/kenay-ginseng-fermented-gs15-4-30-caps\\\/#primaryimage\",\"url\":\"https:\\\/\\\/ecosupplements.be\\\/wp-content\\\/uploads\\\/2025\\\/08\\\/KENAY-Ginseng-fermented-GS15-4-30-caps.jpg\",\"contentUrl\":\"https:\\\/\\\/ecosupplements.be\\\/wp-content\\\/uploads\\\/2025\\\/08\\\/KENAY-Ginseng-fermented-GS15-4-30-caps.jpg\",\"width\":600,\"height\":800},{\"@type\":\"BreadcrumbList\",\"@id\":\"https:\\\/\\\/ecosupplements.be\\\/fr\\\/produit\\\/kenay-ginseng-fermented-gs15-4-30-caps\\\/#breadcrumb\",\"itemListElement\":[{\"@type\":\"ListItem\",\"position\":1,\"name\":\"Home\",\"item\":\"https:\\\/\\\/ecosupplements.be\\\/fr\\\/\"},{\"@type\":\"ListItem\",\"position\":2,\"name\":\"Boutique\",\"item\":\"https:\\\/\\\/ecosupplements.be\\\/fr\\\/boutique\\\/\"},{\"@type\":\"ListItem\",\"position\":3,\"name\":\"KENAY Ginseng fermented GS15-4 (30 caps)\"}]},{\"@type\":\"WebSite\",\"@id\":\"https:\\\/\\\/ecosupplements.be\\\/fr\\\/#website\",\"url\":\"https:\\\/\\\/ecosupplements.be\\\/fr\\\/\",\"name\":\"ECO Supplements\",\"description\":\"Eco Supplements - Gezonde supplementen\",\"publisher\":{\"@id\":\"https:\\\/\\\/ecosupplements.be\\\/fr\\\/#organization\"},\"potentialAction\":[{\"@type\":\"SearchAction\",\"target\":{\"@type\":\"EntryPoint\",\"urlTemplate\":\"https:\\\/\\\/ecosupplements.be\\\/fr\\\/?s={search_term_string}\"},\"query-input\":{\"@type\":\"PropertyValueSpecification\",\"valueRequired\":true,\"valueName\":\"search_term_string\"}}],\"inLanguage\":\"fr-FR\"},{\"@type\":\"Organization\",\"@id\":\"https:\\\/\\\/ecosupplements.be\\\/fr\\\/#organization\",\"name\":\"Eco Supplements\",\"url\":\"https:\\\/\\\/ecosupplements.be\\\/fr\\\/\",\"logo\":{\"@type\":\"ImageObject\",\"inLanguage\":\"fr-FR\",\"@id\":\"https:\\\/\\\/ecosupplements.be\\\/fr\\\/#\\\/schema\\\/logo\\\/image\\\/\",\"url\":\"https:\\\/\\\/ecosupplements.be\\\/wp-content\\\/uploads\\\/2022\\\/06\\\/ecosupplement-family.png\",\"contentUrl\":\"https:\\\/\\\/ecosupplements.be\\\/wp-content\\\/uploads\\\/2022\\\/06\\\/ecosupplement-family.png\",\"width\":593,\"height\":374,\"caption\":\"Eco Supplements\"},\"image\":{\"@id\":\"https:\\\/\\\/ecosupplements.be\\\/fr\\\/#\\\/schema\\\/logo\\\/image\\\/\"}}]}<\/script>\n<meta property=\"product:brand\" content=\"Kenay\" \/>\n<meta property=\"product:price:amount\" content=\"25.31\" \/>\n<meta property=\"product:price:currency\" content=\"EUR\" \/>\n<meta property=\"og:availability\" content=\"instock\" \/>\n<meta property=\"product:availability\" content=\"instock\" \/>\n<meta property=\"product:retailer_item_id\" content=\"5900672154726\" \/>\n<meta property=\"product:condition\" content=\"new\" \/>\n<!-- \/ Yoast SEO Premium plugin. -->","yoast_head_json":{"title":"KENAY Ginseng fermented GS15-4 (30 caps) - ECO Supplements","description":"Wij hebben een ruime keuze aan producten van KENAY Ginseng fermented GS15-4 (30 caps) . Winkel bij Eco Supplements altijd gratis verzending boven 100\u20ac","robots":{"index":"index","follow":"follow","max-snippet":"max-snippet:-1","max-image-preview":"max-image-preview:large","max-video-preview":"max-video-preview:-1"},"canonical":"https:\/\/ecosupplements.be\/fr\/produit\/kenay-ginseng-fermented-gs15-4-30-caps\/","og_locale":"fr_FR","og_type":"article","og_title":"KENAY Ginseng fermented GS15-4 (30 caps)","og_description":"Wij hebben een ruime keuze aan producten van KENAY Ginseng fermented GS15-4 (30 caps) . Winkel bij Eco Supplements altijd gratis verzending boven 100\u20ac","og_url":"https:\/\/ecosupplements.be\/fr\/produit\/kenay-ginseng-fermented-gs15-4-30-caps\/","og_site_name":"ECO Supplements","article_modified_time":"2025-08-28T02:16:52+00:00","og_image":[{"width":600,"height":800,"url":"https:\/\/ecosupplements.be\/wp-content\/uploads\/2025\/08\/Kenay-KENAY-Ginseng-fermented-GS15-4-30-caps.jpg","type":"image\/jpeg"}],"twitter_card":"summary_large_image","twitter_misc":{"Prix":"25.31&nbsp;&euro;","Disponibilit\u00e9":"En stock"},"schema":{"@context":"https:\/\/schema.org","@graph":[{"@type":["WebPage","ItemPage"],"@id":"https:\/\/ecosupplements.be\/fr\/produit\/kenay-ginseng-fermented-gs15-4-30-caps\/","url":"https:\/\/ecosupplements.be\/fr\/produit\/kenay-ginseng-fermented-gs15-4-30-caps\/","name":"KENAY Ginseng fermented GS15-4 (30 caps) - ECO Supplements","isPartOf":{"@id":"https:\/\/ecosupplements.be\/fr\/#website"},"primaryImageOfPage":{"@id":"https:\/\/ecosupplements.be\/fr\/produit\/kenay-ginseng-fermented-gs15-4-30-caps\/#primaryimage"},"image":{"@id":"https:\/\/ecosupplements.be\/fr\/produit\/kenay-ginseng-fermented-gs15-4-30-caps\/#primaryimage"},"thumbnailUrl":"https:\/\/ecosupplements.be\/wp-content\/uploads\/2025\/08\/KENAY-Ginseng-fermented-GS15-4-30-caps.jpg","datePublished":"2025-07-25T13:30:25+00:00","dateModified":"2025-08-28T02:16:52+00:00","description":"Wij hebben een ruime keuze aan producten van KENAY Ginseng fermented GS15-4 (30 caps) . Winkel bij Eco Supplements altijd gratis verzending boven 100\u20ac","breadcrumb":{"@id":"https:\/\/ecosupplements.be\/fr\/produit\/kenay-ginseng-fermented-gs15-4-30-caps\/#breadcrumb"},"inLanguage":"fr-FR","potentialAction":[{"@type":"ReadAction","target":["https:\/\/ecosupplements.be\/fr\/produit\/kenay-ginseng-fermented-gs15-4-30-caps\/"]}]},{"@type":"ImageObject","inLanguage":"fr-FR","@id":"https:\/\/ecosupplements.be\/fr\/produit\/kenay-ginseng-fermented-gs15-4-30-caps\/#primaryimage","url":"https:\/\/ecosupplements.be\/wp-content\/uploads\/2025\/08\/KENAY-Ginseng-fermented-GS15-4-30-caps.jpg","contentUrl":"https:\/\/ecosupplements.be\/wp-content\/uploads\/2025\/08\/KENAY-Ginseng-fermented-GS15-4-30-caps.jpg","width":600,"height":800},{"@type":"BreadcrumbList","@id":"https:\/\/ecosupplements.be\/fr\/produit\/kenay-ginseng-fermented-gs15-4-30-caps\/#breadcrumb","itemListElement":[{"@type":"ListItem","position":1,"name":"Home","item":"https:\/\/ecosupplements.be\/fr\/"},{"@type":"ListItem","position":2,"name":"Boutique","item":"https:\/\/ecosupplements.be\/fr\/boutique\/"},{"@type":"ListItem","position":3,"name":"KENAY Ginseng fermented GS15-4 (30 caps)"}]},{"@type":"WebSite","@id":"https:\/\/ecosupplements.be\/fr\/#website","url":"https:\/\/ecosupplements.be\/fr\/","name":"ECO Supplements","description":"Eco Supplements - Gezonde supplementen","publisher":{"@id":"https:\/\/ecosupplements.be\/fr\/#organization"},"potentialAction":[{"@type":"SearchAction","target":{"@type":"EntryPoint","urlTemplate":"https:\/\/ecosupplements.be\/fr\/?s={search_term_string}"},"query-input":{"@type":"PropertyValueSpecification","valueRequired":true,"valueName":"search_term_string"}}],"inLanguage":"fr-FR"},{"@type":"Organization","@id":"https:\/\/ecosupplements.be\/fr\/#organization","name":"Eco Supplements","url":"https:\/\/ecosupplements.be\/fr\/","logo":{"@type":"ImageObject","inLanguage":"fr-FR","@id":"https:\/\/ecosupplements.be\/fr\/#\/schema\/logo\/image\/","url":"https:\/\/ecosupplements.be\/wp-content\/uploads\/2022\/06\/ecosupplement-family.png","contentUrl":"https:\/\/ecosupplements.be\/wp-content\/uploads\/2022\/06\/ecosupplement-family.png","width":593,"height":374,"caption":"Eco Supplements"},"image":{"@id":"https:\/\/ecosupplements.be\/fr\/#\/schema\/logo\/image\/"}}]},"product_brand":"Kenay","product_price_amount":"25.31","product_price_currency":"EUR","og_availability":"instock","product_availability":"instock","product_retailer_item_id":"5900672154726","product_condition":"new"},"_links":{"self":[{"href":"https:\/\/ecosupplements.be\/fr\/wp-json\/wp\/v2\/product\/301350","targetHints":{"allow":["GET"]}}],"collection":[{"href":"https:\/\/ecosupplements.be\/fr\/wp-json\/wp\/v2\/product"}],"about":[{"href":"https:\/\/ecosupplements.be\/fr\/wp-json\/wp\/v2\/types\/product"}],"replies":[{"embeddable":true,"href":"https:\/\/ecosupplements.be\/fr\/wp-json\/wp\/v2\/comments?post=301350"}],"wp:featuredmedia":[{"embeddable":true,"href":"https:\/\/ecosupplements.be\/fr\/wp-json\/wp\/v2\/media\/275490"}],"wp:attachment":[{"href":"https:\/\/ecosupplements.be\/fr\/wp-json\/wp\/v2\/media?parent=301350"}],"wp:term":[{"taxonomy":"product_brand","embeddable":true,"href":"https:\/\/ecosupplements.be\/fr\/wp-json\/wp\/v2\/product_brand?post=301350"},{"taxonomy":"product_cat","embeddable":true,"href":"https:\/\/ecosupplements.be\/fr\/wp-json\/wp\/v2\/product_cat?post=301350"},{"taxonomy":"product_tag","embeddable":true,"href":"https:\/\/ecosupplements.be\/fr\/wp-json\/wp\/v2\/product_tag?post=301350"}],"curies":[{"name":"wp","href":"https:\/\/api.w.org\/{rel}","templated":true}]}}