{"id":301365,"date":"2025-07-25T14:45:13","date_gmt":"2025-07-25T13:45:13","guid":{"rendered":"https:\/\/ecosupplements.be\/product\/krauterhaus-sanct-bernhard-anti-acne-for-pimples-pimples-and-blackheads-roll-on-10-ml-0338-fl-oz\/"},"modified":"2025-08-28T03:17:12","modified_gmt":"2025-08-28T02:17:12","slug":"krauterhaus-sanct-bernhard-anti-acne-for-pimples-pimples-and-blackheads-roll-on-10-ml-0338-fl-oz","status":"publish","type":"product","link":"https:\/\/ecosupplements.be\/fr\/produit\/krauterhaus-sanct-bernhard-anti-acne-for-pimples-pimples-and-blackheads-roll-on-10-ml-0338-fl-oz\/","title":{"rendered":"KRAUTERHAUS SANCT BERNHARD Anti Acne &#8211; for pimples, pimples and blackheads Roll-on (10 ml \/ 0,338 fl. oz.)"},"content":{"rendered":"<p><b>OPIS:<\/b><\/p>\n<p><span>Formu\u0142a z cynkiem PCA dzia\u0142a antybakteryjnie i reguluje wydzielanie sebum. Alantoina, pantenol, gliceryna i oczar wirginijski \u0142agodz\u0105 stany zapalne oraz zapewniaj\u0105 optymalny poziom nawil\u017cenia.<\/span><\/p>\n<p><strong>SK\u0141AD<\/strong>:<\/p>\n<p><span>Aqua, Alcohol denat., Propylene Glycol, Panthenol, Glycerin, Hamamelis Virginiana Water, Allantoin, Zinc PCA, Sodium Salicylate.<\/span><\/p>\n<p><strong>SPOS\u00d3B U\u017bYCIA:<\/strong><\/p>\n<p><span>Stosowa\u0107 miejscowo na pryszcze, wypryski i zask\u00f3rniki. Do stosowania zewn\u0119trznego.<\/span><\/p>\n<p><strong><strong>PRZECIWWSKAZANIA:<\/strong><\/strong><\/p>\n<p>Nie stosowa\u0107 u dzieci. Nie stosowa\u0107 w okolicach oczu.&nbsp;<\/p>\n<p><strong>SPOS\u00d3B PRZECHOWYWANIA:<\/strong><\/p>\n<p>Przechowywa\u0107 z dala od \u015bwiat\u0142a s\u0142onecznego, w temperaturze pokojowej w spos\u00f3b niedost\u0119pny dla ma\u0142ych dzieci.<\/p>\n<p><\/p>\n","protected":false},"excerpt":{"rendered":"<p>OPIS: Formu\u0142a z cynkiem PCA dzia\u0142a antybakteryjnie i reguluje wydzielanie sebum. Alantoina, pantenol, gliceryna i oczar wirginijski \u0142agodz\u0105 stany zapalne oraz zapewniaj\u0105 optymalny poziom nawil\u017cenia. SK\u0141AD: Aqua, Alcohol denat., Propylene Glycol, Panthenol, Glycerin, Hamamelis Virginiana Water, Allantoin, Zinc PCA, Sodium Salicylate. SPOS\u00d3B U\u017bYCIA: Stosowa\u0107 miejscowo na pryszcze, wypryski i zask\u00f3rniki. Do stosowania zewn\u0119trznego. PRZECIWWSKAZANIA: Nie [&#8230;]\n","protected":false},"featured_media":275505,"comment_status":"closed","ping_status":"open","template":"","meta":[],"product_brand":[5364],"product_cat":[5155],"product_tag":[],"class_list":{"0":"post-301365","1":"product","2":"type-product","3":"status-publish","4":"has-post-thumbnail","6":"product_brand-krauterhaus-sanct-bernhard-2","7":"product_cat-cosmetiques","9":"first","10":"instock","11":"taxable","12":"shipping-taxable","13":"purchasable","14":"product-type-simple"},"yoast_head":"<!-- This site is optimized with the Yoast SEO Premium plugin v27.3 (Yoast SEO v27.3) - https:\/\/yoast.com\/product\/yoast-seo-premium-wordpress\/ -->\n<title>KRAUTERHAUS SANCT BERNHARD Anti Acne - for pimples, pimples and blackheads Roll-on (10 ml \/ 0,338 fl. oz.) - ECO Supplements<\/title>\n<meta name=\"description\" content=\"Wij hebben een ruime keuze aan producten van KRAUTERHAUS SANCT BERNHARD Anti Acne - for pimples, pimples and blackheads Roll-on (10 ml \/ 0,338 fl. oz.) . Winkel bij Eco Supplements altijd gratis verzending boven 100\u20ac\" \/>\n<meta name=\"robots\" content=\"index, follow, max-snippet:-1, max-image-preview:large, max-video-preview:-1\" \/>\n<link rel=\"canonical\" href=\"https:\/\/ecosupplements.be\/fr\/produit\/krauterhaus-sanct-bernhard-anti-acne-for-pimples-pimples-and-blackheads-roll-on-10-ml-0338-fl-oz\/\" \/>\n<meta property=\"og:locale\" content=\"fr_FR\" \/>\n<meta property=\"og:type\" content=\"article\" \/>\n<meta property=\"og:title\" content=\"KRAUTERHAUS SANCT BERNHARD Anti Acne - for pimples, pimples and blackheads Roll-on (10 ml \/ 0,338 fl. oz.)\" \/>\n<meta property=\"og:description\" content=\"Wij hebben een ruime keuze aan producten van KRAUTERHAUS SANCT BERNHARD Anti Acne - for pimples, pimples and blackheads Roll-on (10 ml \/ 0,338 fl. oz.) . Winkel bij Eco Supplements altijd gratis verzending boven 100\u20ac\" \/>\n<meta property=\"og:url\" content=\"https:\/\/ecosupplements.be\/fr\/produit\/krauterhaus-sanct-bernhard-anti-acne-for-pimples-pimples-and-blackheads-roll-on-10-ml-0338-fl-oz\/\" \/>\n<meta property=\"og:site_name\" content=\"ECO Supplements\" \/>\n<meta property=\"article:modified_time\" content=\"2025-08-28T02:17:12+00:00\" \/>\n<meta property=\"og:image\" content=\"https:\/\/ecosupplements.be\/wp-content\/uploads\/2025\/08\/Krauterhaus-Sanct-Bernhard-KRAUTERHAUS-SANCT-BERNHARD-Anti-Acne-for-pimples-pimples-and-blackheads-Roll-on-10-ml-0338-fl.-oz.jpg\" \/>\n\t<meta property=\"og:image:width\" content=\"660\" \/>\n\t<meta property=\"og:image:height\" content=\"660\" \/>\n\t<meta property=\"og:image:type\" content=\"image\/jpeg\" \/>\n<meta name=\"twitter:card\" content=\"summary_large_image\" \/>\n<meta name=\"twitter:label1\" content=\"Prix\" \/>\n\t<meta name=\"twitter:data1\" content=\"7.78&nbsp;&euro;\" \/>\n\t<meta name=\"twitter:label2\" content=\"Disponibilit\u00e9\" \/>\n\t<meta name=\"twitter:data2\" content=\"En stock\" \/>\n<script type=\"application\/ld+json\" class=\"yoast-schema-graph\">{\"@context\":\"https:\\\/\\\/schema.org\",\"@graph\":[{\"@type\":[\"WebPage\",\"ItemPage\"],\"@id\":\"https:\\\/\\\/ecosupplements.be\\\/fr\\\/produit\\\/krauterhaus-sanct-bernhard-anti-acne-for-pimples-pimples-and-blackheads-roll-on-10-ml-0338-fl-oz\\\/\",\"url\":\"https:\\\/\\\/ecosupplements.be\\\/fr\\\/produit\\\/krauterhaus-sanct-bernhard-anti-acne-for-pimples-pimples-and-blackheads-roll-on-10-ml-0338-fl-oz\\\/\",\"name\":\"KRAUTERHAUS SANCT BERNHARD Anti Acne - for pimples, pimples and blackheads Roll-on (10 ml \\\/ 0,338 fl. oz.) - ECO Supplements\",\"isPartOf\":{\"@id\":\"https:\\\/\\\/ecosupplements.be\\\/fr\\\/#website\"},\"primaryImageOfPage\":{\"@id\":\"https:\\\/\\\/ecosupplements.be\\\/fr\\\/produit\\\/krauterhaus-sanct-bernhard-anti-acne-for-pimples-pimples-and-blackheads-roll-on-10-ml-0338-fl-oz\\\/#primaryimage\"},\"image\":{\"@id\":\"https:\\\/\\\/ecosupplements.be\\\/fr\\\/produit\\\/krauterhaus-sanct-bernhard-anti-acne-for-pimples-pimples-and-blackheads-roll-on-10-ml-0338-fl-oz\\\/#primaryimage\"},\"thumbnailUrl\":\"https:\\\/\\\/ecosupplements.be\\\/wp-content\\\/uploads\\\/2025\\\/08\\\/KRAUTERHAUS-SANCT-BERNHARD-Anti-Acne-for-pimples-pimples-and-blackheads-Roll-on-10-ml-0338-fl.-oz.jpg\",\"datePublished\":\"2025-07-25T13:45:13+00:00\",\"dateModified\":\"2025-08-28T02:17:12+00:00\",\"description\":\"Wij hebben een ruime keuze aan producten van KRAUTERHAUS SANCT BERNHARD Anti Acne - for pimples, pimples and blackheads Roll-on (10 ml \\\/ 0,338 fl. oz.) . Winkel bij Eco Supplements altijd gratis verzending boven 100\u20ac\",\"breadcrumb\":{\"@id\":\"https:\\\/\\\/ecosupplements.be\\\/fr\\\/produit\\\/krauterhaus-sanct-bernhard-anti-acne-for-pimples-pimples-and-blackheads-roll-on-10-ml-0338-fl-oz\\\/#breadcrumb\"},\"inLanguage\":\"fr-FR\",\"potentialAction\":[{\"@type\":\"ReadAction\",\"target\":[\"https:\\\/\\\/ecosupplements.be\\\/fr\\\/produit\\\/krauterhaus-sanct-bernhard-anti-acne-for-pimples-pimples-and-blackheads-roll-on-10-ml-0338-fl-oz\\\/\"]}]},{\"@type\":\"ImageObject\",\"inLanguage\":\"fr-FR\",\"@id\":\"https:\\\/\\\/ecosupplements.be\\\/fr\\\/produit\\\/krauterhaus-sanct-bernhard-anti-acne-for-pimples-pimples-and-blackheads-roll-on-10-ml-0338-fl-oz\\\/#primaryimage\",\"url\":\"https:\\\/\\\/ecosupplements.be\\\/wp-content\\\/uploads\\\/2025\\\/08\\\/KRAUTERHAUS-SANCT-BERNHARD-Anti-Acne-for-pimples-pimples-and-blackheads-Roll-on-10-ml-0338-fl.-oz.jpg\",\"contentUrl\":\"https:\\\/\\\/ecosupplements.be\\\/wp-content\\\/uploads\\\/2025\\\/08\\\/KRAUTERHAUS-SANCT-BERNHARD-Anti-Acne-for-pimples-pimples-and-blackheads-Roll-on-10-ml-0338-fl.-oz.jpg\",\"width\":660,\"height\":660},{\"@type\":\"BreadcrumbList\",\"@id\":\"https:\\\/\\\/ecosupplements.be\\\/fr\\\/produit\\\/krauterhaus-sanct-bernhard-anti-acne-for-pimples-pimples-and-blackheads-roll-on-10-ml-0338-fl-oz\\\/#breadcrumb\",\"itemListElement\":[{\"@type\":\"ListItem\",\"position\":1,\"name\":\"Home\",\"item\":\"https:\\\/\\\/ecosupplements.be\\\/fr\\\/\"},{\"@type\":\"ListItem\",\"position\":2,\"name\":\"Boutique\",\"item\":\"https:\\\/\\\/ecosupplements.be\\\/fr\\\/boutique\\\/\"},{\"@type\":\"ListItem\",\"position\":3,\"name\":\"KRAUTERHAUS SANCT BERNHARD Anti Acne &#8211; for pimples, pimples and blackheads Roll-on (10 ml \\\/ 0,338 fl. oz.)\"}]},{\"@type\":\"WebSite\",\"@id\":\"https:\\\/\\\/ecosupplements.be\\\/fr\\\/#website\",\"url\":\"https:\\\/\\\/ecosupplements.be\\\/fr\\\/\",\"name\":\"ECO Supplements\",\"description\":\"Eco Supplements - Gezonde supplementen\",\"publisher\":{\"@id\":\"https:\\\/\\\/ecosupplements.be\\\/fr\\\/#organization\"},\"potentialAction\":[{\"@type\":\"SearchAction\",\"target\":{\"@type\":\"EntryPoint\",\"urlTemplate\":\"https:\\\/\\\/ecosupplements.be\\\/fr\\\/?s={search_term_string}\"},\"query-input\":{\"@type\":\"PropertyValueSpecification\",\"valueRequired\":true,\"valueName\":\"search_term_string\"}}],\"inLanguage\":\"fr-FR\"},{\"@type\":\"Organization\",\"@id\":\"https:\\\/\\\/ecosupplements.be\\\/fr\\\/#organization\",\"name\":\"Eco Supplements\",\"url\":\"https:\\\/\\\/ecosupplements.be\\\/fr\\\/\",\"logo\":{\"@type\":\"ImageObject\",\"inLanguage\":\"fr-FR\",\"@id\":\"https:\\\/\\\/ecosupplements.be\\\/fr\\\/#\\\/schema\\\/logo\\\/image\\\/\",\"url\":\"https:\\\/\\\/ecosupplements.be\\\/wp-content\\\/uploads\\\/2022\\\/06\\\/ecosupplement-family.png\",\"contentUrl\":\"https:\\\/\\\/ecosupplements.be\\\/wp-content\\\/uploads\\\/2022\\\/06\\\/ecosupplement-family.png\",\"width\":593,\"height\":374,\"caption\":\"Eco Supplements\"},\"image\":{\"@id\":\"https:\\\/\\\/ecosupplements.be\\\/fr\\\/#\\\/schema\\\/logo\\\/image\\\/\"}}]}<\/script>\n<meta property=\"product:brand\" content=\"Krauterhaus Sanct Bernhard\" \/>\n<meta property=\"product:price:amount\" content=\"7.78\" \/>\n<meta property=\"product:price:currency\" content=\"EUR\" \/>\n<meta property=\"og:availability\" content=\"instock\" \/>\n<meta property=\"product:availability\" content=\"instock\" \/>\n<meta property=\"product:retailer_item_id\" content=\"4250382211976\" \/>\n<meta property=\"product:condition\" content=\"new\" \/>\n<!-- \/ Yoast SEO Premium plugin. -->","yoast_head_json":{"title":"KRAUTERHAUS SANCT BERNHARD Anti Acne - for pimples, pimples and blackheads Roll-on (10 ml \/ 0,338 fl. oz.) - ECO Supplements","description":"Wij hebben een ruime keuze aan producten van KRAUTERHAUS SANCT BERNHARD Anti Acne - for pimples, pimples and blackheads Roll-on (10 ml \/ 0,338 fl. oz.) . Winkel bij Eco Supplements altijd gratis verzending boven 100\u20ac","robots":{"index":"index","follow":"follow","max-snippet":"max-snippet:-1","max-image-preview":"max-image-preview:large","max-video-preview":"max-video-preview:-1"},"canonical":"https:\/\/ecosupplements.be\/fr\/produit\/krauterhaus-sanct-bernhard-anti-acne-for-pimples-pimples-and-blackheads-roll-on-10-ml-0338-fl-oz\/","og_locale":"fr_FR","og_type":"article","og_title":"KRAUTERHAUS SANCT BERNHARD Anti Acne - for pimples, pimples and blackheads Roll-on (10 ml \/ 0,338 fl. oz.)","og_description":"Wij hebben een ruime keuze aan producten van KRAUTERHAUS SANCT BERNHARD Anti Acne - for pimples, pimples and blackheads Roll-on (10 ml \/ 0,338 fl. oz.) . Winkel bij Eco Supplements altijd gratis verzending boven 100\u20ac","og_url":"https:\/\/ecosupplements.be\/fr\/produit\/krauterhaus-sanct-bernhard-anti-acne-for-pimples-pimples-and-blackheads-roll-on-10-ml-0338-fl-oz\/","og_site_name":"ECO Supplements","article_modified_time":"2025-08-28T02:17:12+00:00","og_image":[{"width":660,"height":660,"url":"https:\/\/ecosupplements.be\/wp-content\/uploads\/2025\/08\/Krauterhaus-Sanct-Bernhard-KRAUTERHAUS-SANCT-BERNHARD-Anti-Acne-for-pimples-pimples-and-blackheads-Roll-on-10-ml-0338-fl.-oz.jpg","type":"image\/jpeg"}],"twitter_card":"summary_large_image","twitter_misc":{"Prix":"7.78&nbsp;&euro;","Disponibilit\u00e9":"En stock"},"schema":{"@context":"https:\/\/schema.org","@graph":[{"@type":["WebPage","ItemPage"],"@id":"https:\/\/ecosupplements.be\/fr\/produit\/krauterhaus-sanct-bernhard-anti-acne-for-pimples-pimples-and-blackheads-roll-on-10-ml-0338-fl-oz\/","url":"https:\/\/ecosupplements.be\/fr\/produit\/krauterhaus-sanct-bernhard-anti-acne-for-pimples-pimples-and-blackheads-roll-on-10-ml-0338-fl-oz\/","name":"KRAUTERHAUS SANCT BERNHARD Anti Acne - for pimples, pimples and blackheads Roll-on (10 ml \/ 0,338 fl. oz.) - ECO Supplements","isPartOf":{"@id":"https:\/\/ecosupplements.be\/fr\/#website"},"primaryImageOfPage":{"@id":"https:\/\/ecosupplements.be\/fr\/produit\/krauterhaus-sanct-bernhard-anti-acne-for-pimples-pimples-and-blackheads-roll-on-10-ml-0338-fl-oz\/#primaryimage"},"image":{"@id":"https:\/\/ecosupplements.be\/fr\/produit\/krauterhaus-sanct-bernhard-anti-acne-for-pimples-pimples-and-blackheads-roll-on-10-ml-0338-fl-oz\/#primaryimage"},"thumbnailUrl":"https:\/\/ecosupplements.be\/wp-content\/uploads\/2025\/08\/KRAUTERHAUS-SANCT-BERNHARD-Anti-Acne-for-pimples-pimples-and-blackheads-Roll-on-10-ml-0338-fl.-oz.jpg","datePublished":"2025-07-25T13:45:13+00:00","dateModified":"2025-08-28T02:17:12+00:00","description":"Wij hebben een ruime keuze aan producten van KRAUTERHAUS SANCT BERNHARD Anti Acne - for pimples, pimples and blackheads Roll-on (10 ml \/ 0,338 fl. oz.) . Winkel bij Eco Supplements altijd gratis verzending boven 100\u20ac","breadcrumb":{"@id":"https:\/\/ecosupplements.be\/fr\/produit\/krauterhaus-sanct-bernhard-anti-acne-for-pimples-pimples-and-blackheads-roll-on-10-ml-0338-fl-oz\/#breadcrumb"},"inLanguage":"fr-FR","potentialAction":[{"@type":"ReadAction","target":["https:\/\/ecosupplements.be\/fr\/produit\/krauterhaus-sanct-bernhard-anti-acne-for-pimples-pimples-and-blackheads-roll-on-10-ml-0338-fl-oz\/"]}]},{"@type":"ImageObject","inLanguage":"fr-FR","@id":"https:\/\/ecosupplements.be\/fr\/produit\/krauterhaus-sanct-bernhard-anti-acne-for-pimples-pimples-and-blackheads-roll-on-10-ml-0338-fl-oz\/#primaryimage","url":"https:\/\/ecosupplements.be\/wp-content\/uploads\/2025\/08\/KRAUTERHAUS-SANCT-BERNHARD-Anti-Acne-for-pimples-pimples-and-blackheads-Roll-on-10-ml-0338-fl.-oz.jpg","contentUrl":"https:\/\/ecosupplements.be\/wp-content\/uploads\/2025\/08\/KRAUTERHAUS-SANCT-BERNHARD-Anti-Acne-for-pimples-pimples-and-blackheads-Roll-on-10-ml-0338-fl.-oz.jpg","width":660,"height":660},{"@type":"BreadcrumbList","@id":"https:\/\/ecosupplements.be\/fr\/produit\/krauterhaus-sanct-bernhard-anti-acne-for-pimples-pimples-and-blackheads-roll-on-10-ml-0338-fl-oz\/#breadcrumb","itemListElement":[{"@type":"ListItem","position":1,"name":"Home","item":"https:\/\/ecosupplements.be\/fr\/"},{"@type":"ListItem","position":2,"name":"Boutique","item":"https:\/\/ecosupplements.be\/fr\/boutique\/"},{"@type":"ListItem","position":3,"name":"KRAUTERHAUS SANCT BERNHARD Anti Acne &#8211; for pimples, pimples and blackheads Roll-on (10 ml \/ 0,338 fl. oz.)"}]},{"@type":"WebSite","@id":"https:\/\/ecosupplements.be\/fr\/#website","url":"https:\/\/ecosupplements.be\/fr\/","name":"ECO Supplements","description":"Eco Supplements - Gezonde supplementen","publisher":{"@id":"https:\/\/ecosupplements.be\/fr\/#organization"},"potentialAction":[{"@type":"SearchAction","target":{"@type":"EntryPoint","urlTemplate":"https:\/\/ecosupplements.be\/fr\/?s={search_term_string}"},"query-input":{"@type":"PropertyValueSpecification","valueRequired":true,"valueName":"search_term_string"}}],"inLanguage":"fr-FR"},{"@type":"Organization","@id":"https:\/\/ecosupplements.be\/fr\/#organization","name":"Eco Supplements","url":"https:\/\/ecosupplements.be\/fr\/","logo":{"@type":"ImageObject","inLanguage":"fr-FR","@id":"https:\/\/ecosupplements.be\/fr\/#\/schema\/logo\/image\/","url":"https:\/\/ecosupplements.be\/wp-content\/uploads\/2022\/06\/ecosupplement-family.png","contentUrl":"https:\/\/ecosupplements.be\/wp-content\/uploads\/2022\/06\/ecosupplement-family.png","width":593,"height":374,"caption":"Eco Supplements"},"image":{"@id":"https:\/\/ecosupplements.be\/fr\/#\/schema\/logo\/image\/"}}]},"product_brand":"Krauterhaus Sanct Bernhard","product_price_amount":"7.78","product_price_currency":"EUR","og_availability":"instock","product_availability":"instock","product_retailer_item_id":"4250382211976","product_condition":"new"},"_links":{"self":[{"href":"https:\/\/ecosupplements.be\/fr\/wp-json\/wp\/v2\/product\/301365","targetHints":{"allow":["GET"]}}],"collection":[{"href":"https:\/\/ecosupplements.be\/fr\/wp-json\/wp\/v2\/product"}],"about":[{"href":"https:\/\/ecosupplements.be\/fr\/wp-json\/wp\/v2\/types\/product"}],"replies":[{"embeddable":true,"href":"https:\/\/ecosupplements.be\/fr\/wp-json\/wp\/v2\/comments?post=301365"}],"wp:featuredmedia":[{"embeddable":true,"href":"https:\/\/ecosupplements.be\/fr\/wp-json\/wp\/v2\/media\/275505"}],"wp:attachment":[{"href":"https:\/\/ecosupplements.be\/fr\/wp-json\/wp\/v2\/media?parent=301365"}],"wp:term":[{"taxonomy":"product_brand","embeddable":true,"href":"https:\/\/ecosupplements.be\/fr\/wp-json\/wp\/v2\/product_brand?post=301365"},{"taxonomy":"product_cat","embeddable":true,"href":"https:\/\/ecosupplements.be\/fr\/wp-json\/wp\/v2\/product_cat?post=301365"},{"taxonomy":"product_tag","embeddable":true,"href":"https:\/\/ecosupplements.be\/fr\/wp-json\/wp\/v2\/product_tag?post=301365"}],"curies":[{"name":"wp","href":"https:\/\/api.w.org\/{rel}","templated":true}]}}