{"id":301383,"date":"2025-07-25T15:15:13","date_gmt":"2025-07-25T14:15:13","guid":{"rendered":"https:\/\/ecosupplements.be\/product\/krauterhaus-sanct-bernhard-horse-chestnut-vine-leaf-cream-25-ml-0845-fl-oz\/"},"modified":"2025-08-28T03:17:31","modified_gmt":"2025-08-28T02:17:31","slug":"krauterhaus-sanct-bernhard-horse-chestnut-vine-leaf-cream-25-ml-0845-fl-oz","status":"publish","type":"product","link":"https:\/\/ecosupplements.be\/fr\/produit\/krauterhaus-sanct-bernhard-horse-chestnut-vine-leaf-cream-25-ml-0845-fl-oz\/","title":{"rendered":"KRAUTERHAUS SANCT BERNHARD Horse Chestnut Vine Leaf Cream (25 ml \/ 0,845 fl. oz.)"},"content":{"rendered":"<p>OPIS:<\/p>\n<p>Krem zawiera m.in. ekstrakt z kasztanowca, olejek z kie\u0142ek zb\u00f3\u017c, ekstrakt z li\u015bci czerwonego winogrona, olejek jojoba, olejek awokado i mi\u00f3d. Kasztanowce i li\u015bcie czerwonych winoro\u015bli zawieraj\u0105 naturalne substancje, kt\u00f3re poprawiaj\u0105 ukrwienie n\u00f3g. Krem przynosi d\u0142ugotrwa\u0142\u0105 ulg\u0119 zm\u0119czonym i spuchni\u0119tym nogom.<\/p>\n<p>SK\u0141AD:<\/p>\n<p>Aqua, Cetearyl Alcohol, Propylene Glycol, Pentylene Glycol, Caprylic\/Capric Triglyceride, Simmondsia Chinensis Seed Oil, Mel, Persea Gratissima Oil, Zea Mays Germ Oil, Aesculus Hippocastanum Leaf Extract, Vitis Vinifera Leaf Extract, Triticum Vulgare Germ Oil, Tocopherol, Retinyl Palmitate, Ascorbyl Palmitate, Fructose, Glycine, Sodium Lactate, Urea, Helianthus Annuus Seed Oil, Sodium Cetearyl Sulfate, Lecithin, Lactic Acid, Sodium PCA, Hydrogenated Palm Glycerides Citrate, Sodium Benzoate, Niacinamide, Inositol, Phenoxyethanol, Dehydroacetic Acid, Benzoic Acid, Citric Acid, Parfum.<\/p>\n<p>SPOS\u00d3B U\u017bYCIA:<\/p>\n<p>Wmasowa\u0107 w sk\u00f3r\u0119 n\u00f3g.<\/p>\n<p>Do u\u017cytku zewn\u0119trznego.<\/p>\n","protected":false},"excerpt":{"rendered":"<p>OPIS: Krem zawiera m.in. ekstrakt z kasztanowca, olejek z kie\u0142ek zb\u00f3\u017c, ekstrakt z li\u015bci czerwonego winogrona, olejek jojoba, olejek awokado i mi\u00f3d. Kasztanowce i li\u015bcie czerwonych winoro\u015bli zawieraj\u0105 naturalne substancje, kt\u00f3re poprawiaj\u0105 ukrwienie n\u00f3g. Krem przynosi d\u0142ugotrwa\u0142\u0105 ulg\u0119 zm\u0119czonym i spuchni\u0119tym nogom. SK\u0141AD: Aqua, Cetearyl Alcohol, Propylene Glycol, Pentylene Glycol, Caprylic\/Capric Triglyceride, Simmondsia Chinensis Seed [&#8230;]\n","protected":false},"featured_media":275523,"comment_status":"closed","ping_status":"open","template":"","meta":[],"product_brand":[5364],"product_cat":[5155],"product_tag":[],"class_list":{"0":"post-301383","1":"product","2":"type-product","3":"status-publish","4":"has-post-thumbnail","6":"product_brand-krauterhaus-sanct-bernhard-2","7":"product_cat-cosmetiques","9":"first","10":"instock","11":"taxable","12":"shipping-taxable","13":"purchasable","14":"product-type-simple"},"yoast_head":"<!-- This site is optimized with the Yoast SEO Premium plugin v27.3 (Yoast SEO v27.3) - https:\/\/yoast.com\/product\/yoast-seo-premium-wordpress\/ -->\n<title>KRAUTERHAUS SANCT BERNHARD Horse Chestnut Vine Leaf Cream (25 ml \/ 0,845 fl. oz.) - ECO Supplements<\/title>\n<meta name=\"description\" content=\"Wij hebben een ruime keuze aan producten van KRAUTERHAUS SANCT BERNHARD Horse Chestnut Vine Leaf Cream (25 ml \/ 0,845 fl. oz.) . Winkel bij Eco Supplements altijd gratis verzending boven 100\u20ac\" \/>\n<meta name=\"robots\" content=\"index, follow, max-snippet:-1, max-image-preview:large, max-video-preview:-1\" \/>\n<link rel=\"canonical\" href=\"https:\/\/ecosupplements.be\/fr\/produit\/krauterhaus-sanct-bernhard-horse-chestnut-vine-leaf-cream-25-ml-0845-fl-oz\/\" \/>\n<meta property=\"og:locale\" content=\"fr_FR\" \/>\n<meta property=\"og:type\" content=\"article\" \/>\n<meta property=\"og:title\" content=\"KRAUTERHAUS SANCT BERNHARD Horse Chestnut Vine Leaf Cream (25 ml \/ 0,845 fl. oz.)\" \/>\n<meta property=\"og:description\" content=\"Wij hebben een ruime keuze aan producten van KRAUTERHAUS SANCT BERNHARD Horse Chestnut Vine Leaf Cream (25 ml \/ 0,845 fl. oz.) . Winkel bij Eco Supplements altijd gratis verzending boven 100\u20ac\" \/>\n<meta property=\"og:url\" content=\"https:\/\/ecosupplements.be\/fr\/produit\/krauterhaus-sanct-bernhard-horse-chestnut-vine-leaf-cream-25-ml-0845-fl-oz\/\" \/>\n<meta property=\"og:site_name\" content=\"ECO Supplements\" \/>\n<meta property=\"article:modified_time\" content=\"2025-08-28T02:17:31+00:00\" \/>\n<meta property=\"og:image\" content=\"https:\/\/ecosupplements.be\/wp-content\/uploads\/2025\/08\/Krauterhaus-Sanct-Bernhard-KRAUTERHAUS-SANCT-BERNHARD-Horse-Chestnut-Vine-Leaf-Cream-25-ml-0845-fl.-oz.jpg\" \/>\n\t<meta property=\"og:image:width\" content=\"800\" \/>\n\t<meta property=\"og:image:height\" content=\"800\" \/>\n\t<meta property=\"og:image:type\" content=\"image\/jpeg\" \/>\n<meta name=\"twitter:card\" content=\"summary_large_image\" \/>\n<meta name=\"twitter:label1\" content=\"Prix\" \/>\n\t<meta name=\"twitter:data1\" content=\"2.29&nbsp;&euro;\" \/>\n\t<meta name=\"twitter:label2\" content=\"Disponibilit\u00e9\" \/>\n\t<meta name=\"twitter:data2\" content=\"En stock\" \/>\n<script type=\"application\/ld+json\" class=\"yoast-schema-graph\">{\"@context\":\"https:\\\/\\\/schema.org\",\"@graph\":[{\"@type\":[\"WebPage\",\"ItemPage\"],\"@id\":\"https:\\\/\\\/ecosupplements.be\\\/fr\\\/produit\\\/krauterhaus-sanct-bernhard-horse-chestnut-vine-leaf-cream-25-ml-0845-fl-oz\\\/\",\"url\":\"https:\\\/\\\/ecosupplements.be\\\/fr\\\/produit\\\/krauterhaus-sanct-bernhard-horse-chestnut-vine-leaf-cream-25-ml-0845-fl-oz\\\/\",\"name\":\"KRAUTERHAUS SANCT BERNHARD Horse Chestnut Vine Leaf Cream (25 ml \\\/ 0,845 fl. oz.) - ECO Supplements\",\"isPartOf\":{\"@id\":\"https:\\\/\\\/ecosupplements.be\\\/fr\\\/#website\"},\"primaryImageOfPage\":{\"@id\":\"https:\\\/\\\/ecosupplements.be\\\/fr\\\/produit\\\/krauterhaus-sanct-bernhard-horse-chestnut-vine-leaf-cream-25-ml-0845-fl-oz\\\/#primaryimage\"},\"image\":{\"@id\":\"https:\\\/\\\/ecosupplements.be\\\/fr\\\/produit\\\/krauterhaus-sanct-bernhard-horse-chestnut-vine-leaf-cream-25-ml-0845-fl-oz\\\/#primaryimage\"},\"thumbnailUrl\":\"https:\\\/\\\/ecosupplements.be\\\/wp-content\\\/uploads\\\/2025\\\/08\\\/KRAUTERHAUS-SANCT-BERNHARD-Horse-Chestnut-Vine-Leaf-Cream-25-ml-0845-fl.-oz.jpg\",\"datePublished\":\"2025-07-25T14:15:13+00:00\",\"dateModified\":\"2025-08-28T02:17:31+00:00\",\"description\":\"Wij hebben een ruime keuze aan producten van KRAUTERHAUS SANCT BERNHARD Horse Chestnut Vine Leaf Cream (25 ml \\\/ 0,845 fl. oz.) . Winkel bij Eco Supplements altijd gratis verzending boven 100\u20ac\",\"breadcrumb\":{\"@id\":\"https:\\\/\\\/ecosupplements.be\\\/fr\\\/produit\\\/krauterhaus-sanct-bernhard-horse-chestnut-vine-leaf-cream-25-ml-0845-fl-oz\\\/#breadcrumb\"},\"inLanguage\":\"fr-FR\",\"potentialAction\":[{\"@type\":\"ReadAction\",\"target\":[\"https:\\\/\\\/ecosupplements.be\\\/fr\\\/produit\\\/krauterhaus-sanct-bernhard-horse-chestnut-vine-leaf-cream-25-ml-0845-fl-oz\\\/\"]}]},{\"@type\":\"ImageObject\",\"inLanguage\":\"fr-FR\",\"@id\":\"https:\\\/\\\/ecosupplements.be\\\/fr\\\/produit\\\/krauterhaus-sanct-bernhard-horse-chestnut-vine-leaf-cream-25-ml-0845-fl-oz\\\/#primaryimage\",\"url\":\"https:\\\/\\\/ecosupplements.be\\\/wp-content\\\/uploads\\\/2025\\\/08\\\/KRAUTERHAUS-SANCT-BERNHARD-Horse-Chestnut-Vine-Leaf-Cream-25-ml-0845-fl.-oz.jpg\",\"contentUrl\":\"https:\\\/\\\/ecosupplements.be\\\/wp-content\\\/uploads\\\/2025\\\/08\\\/KRAUTERHAUS-SANCT-BERNHARD-Horse-Chestnut-Vine-Leaf-Cream-25-ml-0845-fl.-oz.jpg\",\"width\":800,\"height\":800},{\"@type\":\"BreadcrumbList\",\"@id\":\"https:\\\/\\\/ecosupplements.be\\\/fr\\\/produit\\\/krauterhaus-sanct-bernhard-horse-chestnut-vine-leaf-cream-25-ml-0845-fl-oz\\\/#breadcrumb\",\"itemListElement\":[{\"@type\":\"ListItem\",\"position\":1,\"name\":\"Home\",\"item\":\"https:\\\/\\\/ecosupplements.be\\\/fr\\\/\"},{\"@type\":\"ListItem\",\"position\":2,\"name\":\"Boutique\",\"item\":\"https:\\\/\\\/ecosupplements.be\\\/fr\\\/boutique\\\/\"},{\"@type\":\"ListItem\",\"position\":3,\"name\":\"KRAUTERHAUS SANCT BERNHARD Horse Chestnut Vine Leaf Cream (25 ml \\\/ 0,845 fl. oz.)\"}]},{\"@type\":\"WebSite\",\"@id\":\"https:\\\/\\\/ecosupplements.be\\\/fr\\\/#website\",\"url\":\"https:\\\/\\\/ecosupplements.be\\\/fr\\\/\",\"name\":\"ECO Supplements\",\"description\":\"Eco Supplements - Gezonde supplementen\",\"publisher\":{\"@id\":\"https:\\\/\\\/ecosupplements.be\\\/fr\\\/#organization\"},\"potentialAction\":[{\"@type\":\"SearchAction\",\"target\":{\"@type\":\"EntryPoint\",\"urlTemplate\":\"https:\\\/\\\/ecosupplements.be\\\/fr\\\/?s={search_term_string}\"},\"query-input\":{\"@type\":\"PropertyValueSpecification\",\"valueRequired\":true,\"valueName\":\"search_term_string\"}}],\"inLanguage\":\"fr-FR\"},{\"@type\":\"Organization\",\"@id\":\"https:\\\/\\\/ecosupplements.be\\\/fr\\\/#organization\",\"name\":\"Eco Supplements\",\"url\":\"https:\\\/\\\/ecosupplements.be\\\/fr\\\/\",\"logo\":{\"@type\":\"ImageObject\",\"inLanguage\":\"fr-FR\",\"@id\":\"https:\\\/\\\/ecosupplements.be\\\/fr\\\/#\\\/schema\\\/logo\\\/image\\\/\",\"url\":\"https:\\\/\\\/ecosupplements.be\\\/wp-content\\\/uploads\\\/2022\\\/06\\\/ecosupplement-family.png\",\"contentUrl\":\"https:\\\/\\\/ecosupplements.be\\\/wp-content\\\/uploads\\\/2022\\\/06\\\/ecosupplement-family.png\",\"width\":593,\"height\":374,\"caption\":\"Eco Supplements\"},\"image\":{\"@id\":\"https:\\\/\\\/ecosupplements.be\\\/fr\\\/#\\\/schema\\\/logo\\\/image\\\/\"}}]}<\/script>\n<meta property=\"product:brand\" content=\"Krauterhaus Sanct Bernhard\" \/>\n<meta property=\"product:price:amount\" content=\"2.29\" \/>\n<meta property=\"product:price:currency\" content=\"EUR\" \/>\n<meta property=\"og:availability\" content=\"instock\" \/>\n<meta property=\"product:availability\" content=\"instock\" \/>\n<meta property=\"product:retailer_item_id\" content=\"9999999995238\" \/>\n<meta property=\"product:condition\" content=\"new\" \/>\n<!-- \/ Yoast SEO Premium plugin. -->","yoast_head_json":{"title":"KRAUTERHAUS SANCT BERNHARD Horse Chestnut Vine Leaf Cream (25 ml \/ 0,845 fl. oz.) - ECO Supplements","description":"Wij hebben een ruime keuze aan producten van KRAUTERHAUS SANCT BERNHARD Horse Chestnut Vine Leaf Cream (25 ml \/ 0,845 fl. oz.) . Winkel bij Eco Supplements altijd gratis verzending boven 100\u20ac","robots":{"index":"index","follow":"follow","max-snippet":"max-snippet:-1","max-image-preview":"max-image-preview:large","max-video-preview":"max-video-preview:-1"},"canonical":"https:\/\/ecosupplements.be\/fr\/produit\/krauterhaus-sanct-bernhard-horse-chestnut-vine-leaf-cream-25-ml-0845-fl-oz\/","og_locale":"fr_FR","og_type":"article","og_title":"KRAUTERHAUS SANCT BERNHARD Horse Chestnut Vine Leaf Cream (25 ml \/ 0,845 fl. oz.)","og_description":"Wij hebben een ruime keuze aan producten van KRAUTERHAUS SANCT BERNHARD Horse Chestnut Vine Leaf Cream (25 ml \/ 0,845 fl. oz.) . Winkel bij Eco Supplements altijd gratis verzending boven 100\u20ac","og_url":"https:\/\/ecosupplements.be\/fr\/produit\/krauterhaus-sanct-bernhard-horse-chestnut-vine-leaf-cream-25-ml-0845-fl-oz\/","og_site_name":"ECO Supplements","article_modified_time":"2025-08-28T02:17:31+00:00","og_image":[{"width":800,"height":800,"url":"https:\/\/ecosupplements.be\/wp-content\/uploads\/2025\/08\/Krauterhaus-Sanct-Bernhard-KRAUTERHAUS-SANCT-BERNHARD-Horse-Chestnut-Vine-Leaf-Cream-25-ml-0845-fl.-oz.jpg","type":"image\/jpeg"}],"twitter_card":"summary_large_image","twitter_misc":{"Prix":"2.29&nbsp;&euro;","Disponibilit\u00e9":"En stock"},"schema":{"@context":"https:\/\/schema.org","@graph":[{"@type":["WebPage","ItemPage"],"@id":"https:\/\/ecosupplements.be\/fr\/produit\/krauterhaus-sanct-bernhard-horse-chestnut-vine-leaf-cream-25-ml-0845-fl-oz\/","url":"https:\/\/ecosupplements.be\/fr\/produit\/krauterhaus-sanct-bernhard-horse-chestnut-vine-leaf-cream-25-ml-0845-fl-oz\/","name":"KRAUTERHAUS SANCT BERNHARD Horse Chestnut Vine Leaf Cream (25 ml \/ 0,845 fl. oz.) - ECO Supplements","isPartOf":{"@id":"https:\/\/ecosupplements.be\/fr\/#website"},"primaryImageOfPage":{"@id":"https:\/\/ecosupplements.be\/fr\/produit\/krauterhaus-sanct-bernhard-horse-chestnut-vine-leaf-cream-25-ml-0845-fl-oz\/#primaryimage"},"image":{"@id":"https:\/\/ecosupplements.be\/fr\/produit\/krauterhaus-sanct-bernhard-horse-chestnut-vine-leaf-cream-25-ml-0845-fl-oz\/#primaryimage"},"thumbnailUrl":"https:\/\/ecosupplements.be\/wp-content\/uploads\/2025\/08\/KRAUTERHAUS-SANCT-BERNHARD-Horse-Chestnut-Vine-Leaf-Cream-25-ml-0845-fl.-oz.jpg","datePublished":"2025-07-25T14:15:13+00:00","dateModified":"2025-08-28T02:17:31+00:00","description":"Wij hebben een ruime keuze aan producten van KRAUTERHAUS SANCT BERNHARD Horse Chestnut Vine Leaf Cream (25 ml \/ 0,845 fl. oz.) . Winkel bij Eco Supplements altijd gratis verzending boven 100\u20ac","breadcrumb":{"@id":"https:\/\/ecosupplements.be\/fr\/produit\/krauterhaus-sanct-bernhard-horse-chestnut-vine-leaf-cream-25-ml-0845-fl-oz\/#breadcrumb"},"inLanguage":"fr-FR","potentialAction":[{"@type":"ReadAction","target":["https:\/\/ecosupplements.be\/fr\/produit\/krauterhaus-sanct-bernhard-horse-chestnut-vine-leaf-cream-25-ml-0845-fl-oz\/"]}]},{"@type":"ImageObject","inLanguage":"fr-FR","@id":"https:\/\/ecosupplements.be\/fr\/produit\/krauterhaus-sanct-bernhard-horse-chestnut-vine-leaf-cream-25-ml-0845-fl-oz\/#primaryimage","url":"https:\/\/ecosupplements.be\/wp-content\/uploads\/2025\/08\/KRAUTERHAUS-SANCT-BERNHARD-Horse-Chestnut-Vine-Leaf-Cream-25-ml-0845-fl.-oz.jpg","contentUrl":"https:\/\/ecosupplements.be\/wp-content\/uploads\/2025\/08\/KRAUTERHAUS-SANCT-BERNHARD-Horse-Chestnut-Vine-Leaf-Cream-25-ml-0845-fl.-oz.jpg","width":800,"height":800},{"@type":"BreadcrumbList","@id":"https:\/\/ecosupplements.be\/fr\/produit\/krauterhaus-sanct-bernhard-horse-chestnut-vine-leaf-cream-25-ml-0845-fl-oz\/#breadcrumb","itemListElement":[{"@type":"ListItem","position":1,"name":"Home","item":"https:\/\/ecosupplements.be\/fr\/"},{"@type":"ListItem","position":2,"name":"Boutique","item":"https:\/\/ecosupplements.be\/fr\/boutique\/"},{"@type":"ListItem","position":3,"name":"KRAUTERHAUS SANCT BERNHARD Horse Chestnut Vine Leaf Cream (25 ml \/ 0,845 fl. oz.)"}]},{"@type":"WebSite","@id":"https:\/\/ecosupplements.be\/fr\/#website","url":"https:\/\/ecosupplements.be\/fr\/","name":"ECO Supplements","description":"Eco Supplements - Gezonde supplementen","publisher":{"@id":"https:\/\/ecosupplements.be\/fr\/#organization"},"potentialAction":[{"@type":"SearchAction","target":{"@type":"EntryPoint","urlTemplate":"https:\/\/ecosupplements.be\/fr\/?s={search_term_string}"},"query-input":{"@type":"PropertyValueSpecification","valueRequired":true,"valueName":"search_term_string"}}],"inLanguage":"fr-FR"},{"@type":"Organization","@id":"https:\/\/ecosupplements.be\/fr\/#organization","name":"Eco Supplements","url":"https:\/\/ecosupplements.be\/fr\/","logo":{"@type":"ImageObject","inLanguage":"fr-FR","@id":"https:\/\/ecosupplements.be\/fr\/#\/schema\/logo\/image\/","url":"https:\/\/ecosupplements.be\/wp-content\/uploads\/2022\/06\/ecosupplement-family.png","contentUrl":"https:\/\/ecosupplements.be\/wp-content\/uploads\/2022\/06\/ecosupplement-family.png","width":593,"height":374,"caption":"Eco Supplements"},"image":{"@id":"https:\/\/ecosupplements.be\/fr\/#\/schema\/logo\/image\/"}}]},"product_brand":"Krauterhaus Sanct Bernhard","product_price_amount":"2.29","product_price_currency":"EUR","og_availability":"instock","product_availability":"instock","product_retailer_item_id":"9999999995238","product_condition":"new"},"_links":{"self":[{"href":"https:\/\/ecosupplements.be\/fr\/wp-json\/wp\/v2\/product\/301383","targetHints":{"allow":["GET"]}}],"collection":[{"href":"https:\/\/ecosupplements.be\/fr\/wp-json\/wp\/v2\/product"}],"about":[{"href":"https:\/\/ecosupplements.be\/fr\/wp-json\/wp\/v2\/types\/product"}],"replies":[{"embeddable":true,"href":"https:\/\/ecosupplements.be\/fr\/wp-json\/wp\/v2\/comments?post=301383"}],"wp:featuredmedia":[{"embeddable":true,"href":"https:\/\/ecosupplements.be\/fr\/wp-json\/wp\/v2\/media\/275523"}],"wp:attachment":[{"href":"https:\/\/ecosupplements.be\/fr\/wp-json\/wp\/v2\/media?parent=301383"}],"wp:term":[{"taxonomy":"product_brand","embeddable":true,"href":"https:\/\/ecosupplements.be\/fr\/wp-json\/wp\/v2\/product_brand?post=301383"},{"taxonomy":"product_cat","embeddable":true,"href":"https:\/\/ecosupplements.be\/fr\/wp-json\/wp\/v2\/product_cat?post=301383"},{"taxonomy":"product_tag","embeddable":true,"href":"https:\/\/ecosupplements.be\/fr\/wp-json\/wp\/v2\/product_tag?post=301383"}],"curies":[{"name":"wp","href":"https:\/\/api.w.org\/{rel}","templated":true}]}}