{"id":301386,"date":"2025-07-25T15:15:13","date_gmt":"2025-07-25T14:15:13","guid":{"rendered":"https:\/\/ecosupplements.be\/product\/krauterhaus-sanct-bernhard-green-lipped-mussel-balm-150-ml-507-fl-oz\/"},"modified":"2025-08-28T03:17:33","modified_gmt":"2025-08-28T02:17:33","slug":"krauterhaus-sanct-bernhard-green-lipped-mussel-balm-150-ml-507-fl-oz","status":"publish","type":"product","link":"https:\/\/ecosupplements.be\/fr\/produit\/krauterhaus-sanct-bernhard-green-lipped-mussel-balm-150-ml-507-fl-oz\/","title":{"rendered":"KRAUTERHAUS SANCT BERNHARD Green-lipped Mussel Balm (150 ml \/ 5,07 fl. oz.)"},"content":{"rendered":"<p>OPIS:<\/p>\n<p>Balsam zawiera cenny <strong>ekstrakt z mi\u0105\u017cszu omu\u0142ka zielonowargowego Perna Canaliculus<\/strong> (Nowa Zelandia). Oleje ro\u015blinne od\u017cywiaj\u0105 sk\u00f3r\u0119 i sprawiaj\u0105 \u017ce jest mi\u0119kka i elastyczna. Kadzid\u0142o i oleje maj\u0105 relaksuj\u0105cy wp\u0142yw na sk\u00f3r\u0119, mi\u0119\u015bnie i stawy. Po zastosowaniu najpierw odczuwany jest efekt ch\u0142odzenia, kt\u00f3ry nast\u0119pnie zamienia si\u0119 w przyjemne uczucie ciep\u0142a maj\u0105c korzystny wp\u0142yw na kolana, biodra, plecy i ramiona.<\/p>\n<p>Opis dzia\u0142ania:\u00a0<span>ogromne mo\u017cliwo\u015bci terapeutyczne w zakresie zwalczania artroz i odbudowy tkanki chrz\u0119stnej. Nie wywo\u0142uje skutk\u00f3w ubocznych. Balsam dobrze rozprowadza si\u0119 na sk\u00f3rze.\u00a0<\/span><\/p>\n<p><strong>Ma\u0142\u017ca zielona<\/strong> zawiera du\u017c\u0105 ilo\u015b\u0107 glikozaminoglikan\u00f3w, kt\u00f3re wykazuj\u0105 silne dzia\u0142anie przeciwzapalne. W organizmie s\u0105\u00a0 niezb\u0119dne do wi\u0105zania wody oraz odpowiadaj\u0105 za lepko-spr\u0119\u017cyste w\u0142a\u015bciwo\u015bci \u0142\u0119kotki. Glikozaminoglikany wyst\u0119puj\u0105 naturalnie w p\u0142ynie stawowym i chrz\u0105stce. Powoduj\u0105, \u017ce tkanka chrz\u0119stna jest zdrowa i elastyczna\u2013 gdy wyst\u0105pi ich niedob\u00f3r, staw wysusza si\u0119. Wiele dolegliwo\u015bci spowodowanych jest brakiem glikozaminoglikan\u00f3w, posiadaj\u0105cych zdolno\u015b\u0107 wi\u0105zania wody. Dzi\u0119ki temu chrz\u0105stka mo\u017ce reagowa\u0107 jak g\u0105bka. Gdy ci\u015bnienie w stawie spada, wch\u0142ania ona wod\u0119. Gdy ci\u015bnienie si\u0119 zwi\u0119ksza, woda jest ponownie oddawana. Chrz\u0105stka reaguje na ruch i dzia\u0142a jak amortyzator, przy tym chroni ona przed uszkodzeniami pod wp\u0142ywem obci\u0105\u017cenia.\u00a0<\/p>\n<p>Dzi\u0119ki ekstraktowi z zielonej ma\u0142\u017cy dostarczane s\u0105 naturalne glikozaminoglikany, kt\u00f3re stymuluj\u0105 odbudow\u0119 tkanki chrz\u0119stnej, zapobiegaj\u0105 procesom degradacji chrz\u0105stki i dzia\u0142aj\u0105 przeciwzapalnie. Stawy mog\u0105 si\u0119 zregenerowa\u0107, dochodzi do spowolnienia lub ca\u0142kowitego zahamowania objaw\u00f3w zwyrodnienia staw\u00f3w. [&#8230;] Suplementy z zielonej ma\u0142\u017cy s\u0105 u\u017cywane zar\u00f3wno profilaktycznie (u sportowc\u00f3w), jak i u os\u00f3b w podesz\u0142ym wieku, kt\u00f3re cierpi\u0105 na choroby zwyrodnieniowe staw\u00f3w).[&#8230;]\n<p>Niezale\u017cnie od tego, czy chcecie Pa\u0144stwo uchroni\u0107 swoje stawy przed zwyrodnieniami, czy te\u017c zrobi\u0107 co\u015b z istniej\u0105cymi ju\u017c dolegliwo\u015bciami stawowymi: ekstrakt z ma\u0142\u017cy zielonej dostarcza w spos\u00f3b naturalny tego, czego potrzebuje organizm. Degradacja staw\u00f3w zostaje zatrzymana i tworzy si\u0119 nowa tkanka chrz\u0119stna.<\/p>\n<p>\u0179r\u00f3d\u0142o:<br \/>Gesunde Gelenke dank Gr\u00fcnlippmuschel\u00a0Ellen Heidb\u00f6hmer<br \/>Zw\u00f6lf Helfer f\u00fcr Ihre Gesundheit\u00a0C. Vietmeier, J. Oppermann, Dr. A. Schemionek<\/p>\n<p>SK\u0141AD:<\/p>\n<p><span>ekstrakt z omu\u0142ka zielonowargowego Perna Canaliculus, oleje ro\u015blinne, kadzid\u0142o.<\/span><\/p>\n<p><span>Aqua, Cetearyl Alcohol, Caprylic\/Capric Triglyceride, Simmondsia Chinensis Seed Oil, Mel, Persea Gratissima Oil, Zea Mays Germ Oil, Gaultheria Procumbens Leaf Oil, Perna Canaliculus Extract, Triticum Vulgare Germ Oil, Urea, Retinyl Palmitate, Menthol, Ethyl Nicotinate, Sodium Lactate, Sodium PCA, Glycine, Fructose, Niacinamide, Inositol, Lactic Acid, Lecithin, Ascorbyl Palmitate, Sodium Cetearyl Sulfate, Hydrogenated Palm Glycerides Citrate, Sodium Benzoate, Phenoxyethanol, Dehydroacetic Acid, Benzoic Acid, Citric Acid, Helianthus Annuus Seed Oil, Glycerin, Tocopherol, Boswellia Carterii Oil (Limonene, Linalool &#8211; aus nat\u00fcrlichem \u00e4therischen \u00d6l), CI 75810.<\/span><\/p>\n<p>SPOS\u00d3B U\u017bYCIA:<\/p>\n<p>balsam nanie\u015b\u0107 na sk\u00f3r\u0119 i delikatnie wmasowa\u0107, stosowa\u0107 na barki, ramiona, \u0142okcie, biodra, kolana.<\/p>\n<p>Nie stosowa\u0107 na oczy, na uszkodzon\u0105 sk\u00f3r\u0119 lub b\u0142ony \u015bluzowe. Ewentualne zaczerwienienie sk\u00f3ry jest oznak\u0105 wp\u0142ywu balsamu (lepsze ukrwienie sk\u00f3ry).<\/p>\n","protected":false},"excerpt":{"rendered":"<p>OPIS: Balsam zawiera cenny ekstrakt z mi\u0105\u017cszu omu\u0142ka zielonowargowego Perna Canaliculus (Nowa Zelandia). Oleje ro\u015blinne od\u017cywiaj\u0105 sk\u00f3r\u0119 i sprawiaj\u0105 \u017ce jest mi\u0119kka i elastyczna. Kadzid\u0142o i oleje maj\u0105 relaksuj\u0105cy wp\u0142yw na sk\u00f3r\u0119, mi\u0119\u015bnie i stawy. Po zastosowaniu najpierw odczuwany jest efekt ch\u0142odzenia, kt\u00f3ry nast\u0119pnie zamienia si\u0119 w przyjemne uczucie ciep\u0142a maj\u0105c korzystny wp\u0142yw na kolana, [&#8230;]\n","protected":false},"featured_media":275526,"comment_status":"closed","ping_status":"open","template":"","meta":[],"product_brand":[5364],"product_cat":[5171,5053],"product_tag":[],"class_list":{"0":"post-301386","1":"product","2":"type-product","3":"status-publish","4":"has-post-thumbnail","6":"product_brand-krauterhaus-sanct-bernhard-2","7":"product_cat-superaliments","8":"product_cat-vitamines-et-mineraux","10":"first","11":"instock","12":"taxable","13":"shipping-taxable","14":"purchasable","15":"product-type-simple"},"yoast_head":"<!-- This site is optimized with the Yoast SEO Premium plugin v27.5 (Yoast SEO v27.5) - https:\/\/yoast.com\/product\/yoast-seo-premium-wordpress\/ -->\n<title>KRAUTERHAUS SANCT BERNHARD Green-lipped Mussel Balm (150 ml \/ 5,07 fl. oz.) - ECO Supplements<\/title>\n<meta name=\"description\" content=\"Wij hebben een ruime keuze aan producten van KRAUTERHAUS SANCT BERNHARD Green-lipped Mussel Balm (150 ml \/ 5,07 fl. oz.) . Winkel bij Eco Supplements altijd gratis verzending boven 100\u20ac\" \/>\n<meta name=\"robots\" content=\"index, follow, max-snippet:-1, max-image-preview:large, max-video-preview:-1\" \/>\n<link rel=\"canonical\" href=\"https:\/\/ecosupplements.be\/fr\/produit\/krauterhaus-sanct-bernhard-green-lipped-mussel-balm-150-ml-507-fl-oz\/\" \/>\n<meta property=\"og:locale\" content=\"fr_FR\" \/>\n<meta property=\"og:type\" content=\"article\" \/>\n<meta property=\"og:title\" content=\"KRAUTERHAUS SANCT BERNHARD Green-lipped Mussel Balm (150 ml \/ 5,07 fl. oz.)\" \/>\n<meta property=\"og:description\" content=\"Wij hebben een ruime keuze aan producten van KRAUTERHAUS SANCT BERNHARD Green-lipped Mussel Balm (150 ml \/ 5,07 fl. oz.) . Winkel bij Eco Supplements altijd gratis verzending boven 100\u20ac\" \/>\n<meta property=\"og:url\" content=\"https:\/\/ecosupplements.be\/fr\/produit\/krauterhaus-sanct-bernhard-green-lipped-mussel-balm-150-ml-507-fl-oz\/\" \/>\n<meta property=\"og:site_name\" content=\"ECO Supplements\" \/>\n<meta property=\"article:modified_time\" content=\"2025-08-28T02:17:33+00:00\" \/>\n<meta property=\"og:image\" content=\"https:\/\/ecosupplements.be\/wp-content\/uploads\/2025\/08\/Krauterhaus-Sanct-Bernhard-KRAUTERHAUS-SANCT-BERNHARD-Green-lipped-Mussel-Balm-150-ml-507-fl.-oz.jpg\" \/>\n\t<meta property=\"og:image:width\" content=\"800\" \/>\n\t<meta property=\"og:image:height\" content=\"800\" \/>\n\t<meta property=\"og:image:type\" content=\"image\/jpeg\" \/>\n<meta name=\"twitter:card\" content=\"summary_large_image\" \/>\n<meta name=\"twitter:label1\" content=\"Prix\" \/>\n\t<meta name=\"twitter:data1\" content=\"10.10&nbsp;&euro;\" \/>\n\t<meta name=\"twitter:label2\" content=\"Disponibilit\u00e9\" \/>\n\t<meta name=\"twitter:data2\" content=\"En stock\" \/>\n<script type=\"application\/ld+json\" class=\"yoast-schema-graph\">{\"@context\":\"https:\\\/\\\/schema.org\",\"@graph\":[{\"@type\":[\"WebPage\",\"ItemPage\"],\"@id\":\"https:\\\/\\\/ecosupplements.be\\\/fr\\\/produit\\\/krauterhaus-sanct-bernhard-green-lipped-mussel-balm-150-ml-507-fl-oz\\\/\",\"url\":\"https:\\\/\\\/ecosupplements.be\\\/fr\\\/produit\\\/krauterhaus-sanct-bernhard-green-lipped-mussel-balm-150-ml-507-fl-oz\\\/\",\"name\":\"KRAUTERHAUS SANCT BERNHARD Green-lipped Mussel Balm (150 ml \\\/ 5,07 fl. oz.) - ECO Supplements\",\"isPartOf\":{\"@id\":\"https:\\\/\\\/ecosupplements.be\\\/fr\\\/#website\"},\"primaryImageOfPage\":{\"@id\":\"https:\\\/\\\/ecosupplements.be\\\/fr\\\/produit\\\/krauterhaus-sanct-bernhard-green-lipped-mussel-balm-150-ml-507-fl-oz\\\/#primaryimage\"},\"image\":{\"@id\":\"https:\\\/\\\/ecosupplements.be\\\/fr\\\/produit\\\/krauterhaus-sanct-bernhard-green-lipped-mussel-balm-150-ml-507-fl-oz\\\/#primaryimage\"},\"thumbnailUrl\":\"https:\\\/\\\/ecosupplements.be\\\/wp-content\\\/uploads\\\/2025\\\/08\\\/KRAUTERHAUS-SANCT-BERNHARD-Green-lipped-Mussel-Balm-150-ml-507-fl.-oz.jpg\",\"datePublished\":\"2025-07-25T14:15:13+00:00\",\"dateModified\":\"2025-08-28T02:17:33+00:00\",\"description\":\"Wij hebben een ruime keuze aan producten van KRAUTERHAUS SANCT BERNHARD Green-lipped Mussel Balm (150 ml \\\/ 5,07 fl. oz.) . Winkel bij Eco Supplements altijd gratis verzending boven 100\u20ac\",\"breadcrumb\":{\"@id\":\"https:\\\/\\\/ecosupplements.be\\\/fr\\\/produit\\\/krauterhaus-sanct-bernhard-green-lipped-mussel-balm-150-ml-507-fl-oz\\\/#breadcrumb\"},\"inLanguage\":\"fr-FR\",\"potentialAction\":[{\"@type\":\"ReadAction\",\"target\":[\"https:\\\/\\\/ecosupplements.be\\\/fr\\\/produit\\\/krauterhaus-sanct-bernhard-green-lipped-mussel-balm-150-ml-507-fl-oz\\\/\"]}]},{\"@type\":\"ImageObject\",\"inLanguage\":\"fr-FR\",\"@id\":\"https:\\\/\\\/ecosupplements.be\\\/fr\\\/produit\\\/krauterhaus-sanct-bernhard-green-lipped-mussel-balm-150-ml-507-fl-oz\\\/#primaryimage\",\"url\":\"https:\\\/\\\/ecosupplements.be\\\/wp-content\\\/uploads\\\/2025\\\/08\\\/KRAUTERHAUS-SANCT-BERNHARD-Green-lipped-Mussel-Balm-150-ml-507-fl.-oz.jpg\",\"contentUrl\":\"https:\\\/\\\/ecosupplements.be\\\/wp-content\\\/uploads\\\/2025\\\/08\\\/KRAUTERHAUS-SANCT-BERNHARD-Green-lipped-Mussel-Balm-150-ml-507-fl.-oz.jpg\",\"width\":800,\"height\":800},{\"@type\":\"BreadcrumbList\",\"@id\":\"https:\\\/\\\/ecosupplements.be\\\/fr\\\/produit\\\/krauterhaus-sanct-bernhard-green-lipped-mussel-balm-150-ml-507-fl-oz\\\/#breadcrumb\",\"itemListElement\":[{\"@type\":\"ListItem\",\"position\":1,\"name\":\"Home\",\"item\":\"https:\\\/\\\/ecosupplements.be\\\/fr\\\/\"},{\"@type\":\"ListItem\",\"position\":2,\"name\":\"Boutique\",\"item\":\"https:\\\/\\\/ecosupplements.be\\\/fr\\\/boutique\\\/\"},{\"@type\":\"ListItem\",\"position\":3,\"name\":\"KRAUTERHAUS SANCT BERNHARD Green-lipped Mussel Balm (150 ml \\\/ 5,07 fl. oz.)\"}]},{\"@type\":\"WebSite\",\"@id\":\"https:\\\/\\\/ecosupplements.be\\\/fr\\\/#website\",\"url\":\"https:\\\/\\\/ecosupplements.be\\\/fr\\\/\",\"name\":\"ECO Supplements\",\"description\":\"Eco Supplements - Gezonde supplementen\",\"publisher\":{\"@id\":\"https:\\\/\\\/ecosupplements.be\\\/fr\\\/#organization\"},\"potentialAction\":[{\"@type\":\"SearchAction\",\"target\":{\"@type\":\"EntryPoint\",\"urlTemplate\":\"https:\\\/\\\/ecosupplements.be\\\/fr\\\/?s={search_term_string}\"},\"query-input\":{\"@type\":\"PropertyValueSpecification\",\"valueRequired\":true,\"valueName\":\"search_term_string\"}}],\"inLanguage\":\"fr-FR\"},{\"@type\":\"Organization\",\"@id\":\"https:\\\/\\\/ecosupplements.be\\\/fr\\\/#organization\",\"name\":\"Eco Supplements\",\"url\":\"https:\\\/\\\/ecosupplements.be\\\/fr\\\/\",\"logo\":{\"@type\":\"ImageObject\",\"inLanguage\":\"fr-FR\",\"@id\":\"https:\\\/\\\/ecosupplements.be\\\/fr\\\/#\\\/schema\\\/logo\\\/image\\\/\",\"url\":\"https:\\\/\\\/ecosupplements.be\\\/wp-content\\\/uploads\\\/2022\\\/06\\\/ecosupplement-family.png\",\"contentUrl\":\"https:\\\/\\\/ecosupplements.be\\\/wp-content\\\/uploads\\\/2022\\\/06\\\/ecosupplement-family.png\",\"width\":593,\"height\":374,\"caption\":\"Eco Supplements\"},\"image\":{\"@id\":\"https:\\\/\\\/ecosupplements.be\\\/fr\\\/#\\\/schema\\\/logo\\\/image\\\/\"}}]}<\/script>\n<meta property=\"product:brand\" content=\"Krauterhaus Sanct Bernhard\" \/>\n<meta property=\"product:price:amount\" content=\"10.10\" \/>\n<meta property=\"product:price:currency\" content=\"EUR\" \/>\n<meta property=\"og:availability\" content=\"instock\" \/>\n<meta property=\"product:availability\" content=\"instock\" \/>\n<meta property=\"product:retailer_item_id\" content=\"4250382202998\" \/>\n<meta property=\"product:condition\" content=\"new\" \/>\n<!-- \/ Yoast SEO Premium plugin. -->","yoast_head_json":{"title":"KRAUTERHAUS SANCT BERNHARD Green-lipped Mussel Balm (150 ml \/ 5,07 fl. oz.) - ECO Supplements","description":"Wij hebben een ruime keuze aan producten van KRAUTERHAUS SANCT BERNHARD Green-lipped Mussel Balm (150 ml \/ 5,07 fl. oz.) . Winkel bij Eco Supplements altijd gratis verzending boven 100\u20ac","robots":{"index":"index","follow":"follow","max-snippet":"max-snippet:-1","max-image-preview":"max-image-preview:large","max-video-preview":"max-video-preview:-1"},"canonical":"https:\/\/ecosupplements.be\/fr\/produit\/krauterhaus-sanct-bernhard-green-lipped-mussel-balm-150-ml-507-fl-oz\/","og_locale":"fr_FR","og_type":"article","og_title":"KRAUTERHAUS SANCT BERNHARD Green-lipped Mussel Balm (150 ml \/ 5,07 fl. oz.)","og_description":"Wij hebben een ruime keuze aan producten van KRAUTERHAUS SANCT BERNHARD Green-lipped Mussel Balm (150 ml \/ 5,07 fl. oz.) . Winkel bij Eco Supplements altijd gratis verzending boven 100\u20ac","og_url":"https:\/\/ecosupplements.be\/fr\/produit\/krauterhaus-sanct-bernhard-green-lipped-mussel-balm-150-ml-507-fl-oz\/","og_site_name":"ECO Supplements","article_modified_time":"2025-08-28T02:17:33+00:00","og_image":[{"width":800,"height":800,"url":"https:\/\/ecosupplements.be\/wp-content\/uploads\/2025\/08\/Krauterhaus-Sanct-Bernhard-KRAUTERHAUS-SANCT-BERNHARD-Green-lipped-Mussel-Balm-150-ml-507-fl.-oz.jpg","type":"image\/jpeg"}],"twitter_card":"summary_large_image","twitter_misc":{"Prix":"10.10&nbsp;&euro;","Disponibilit\u00e9":"En stock"},"schema":{"@context":"https:\/\/schema.org","@graph":[{"@type":["WebPage","ItemPage"],"@id":"https:\/\/ecosupplements.be\/fr\/produit\/krauterhaus-sanct-bernhard-green-lipped-mussel-balm-150-ml-507-fl-oz\/","url":"https:\/\/ecosupplements.be\/fr\/produit\/krauterhaus-sanct-bernhard-green-lipped-mussel-balm-150-ml-507-fl-oz\/","name":"KRAUTERHAUS SANCT BERNHARD Green-lipped Mussel Balm (150 ml \/ 5,07 fl. oz.) - ECO Supplements","isPartOf":{"@id":"https:\/\/ecosupplements.be\/fr\/#website"},"primaryImageOfPage":{"@id":"https:\/\/ecosupplements.be\/fr\/produit\/krauterhaus-sanct-bernhard-green-lipped-mussel-balm-150-ml-507-fl-oz\/#primaryimage"},"image":{"@id":"https:\/\/ecosupplements.be\/fr\/produit\/krauterhaus-sanct-bernhard-green-lipped-mussel-balm-150-ml-507-fl-oz\/#primaryimage"},"thumbnailUrl":"https:\/\/ecosupplements.be\/wp-content\/uploads\/2025\/08\/KRAUTERHAUS-SANCT-BERNHARD-Green-lipped-Mussel-Balm-150-ml-507-fl.-oz.jpg","datePublished":"2025-07-25T14:15:13+00:00","dateModified":"2025-08-28T02:17:33+00:00","description":"Wij hebben een ruime keuze aan producten van KRAUTERHAUS SANCT BERNHARD Green-lipped Mussel Balm (150 ml \/ 5,07 fl. oz.) . Winkel bij Eco Supplements altijd gratis verzending boven 100\u20ac","breadcrumb":{"@id":"https:\/\/ecosupplements.be\/fr\/produit\/krauterhaus-sanct-bernhard-green-lipped-mussel-balm-150-ml-507-fl-oz\/#breadcrumb"},"inLanguage":"fr-FR","potentialAction":[{"@type":"ReadAction","target":["https:\/\/ecosupplements.be\/fr\/produit\/krauterhaus-sanct-bernhard-green-lipped-mussel-balm-150-ml-507-fl-oz\/"]}]},{"@type":"ImageObject","inLanguage":"fr-FR","@id":"https:\/\/ecosupplements.be\/fr\/produit\/krauterhaus-sanct-bernhard-green-lipped-mussel-balm-150-ml-507-fl-oz\/#primaryimage","url":"https:\/\/ecosupplements.be\/wp-content\/uploads\/2025\/08\/KRAUTERHAUS-SANCT-BERNHARD-Green-lipped-Mussel-Balm-150-ml-507-fl.-oz.jpg","contentUrl":"https:\/\/ecosupplements.be\/wp-content\/uploads\/2025\/08\/KRAUTERHAUS-SANCT-BERNHARD-Green-lipped-Mussel-Balm-150-ml-507-fl.-oz.jpg","width":800,"height":800},{"@type":"BreadcrumbList","@id":"https:\/\/ecosupplements.be\/fr\/produit\/krauterhaus-sanct-bernhard-green-lipped-mussel-balm-150-ml-507-fl-oz\/#breadcrumb","itemListElement":[{"@type":"ListItem","position":1,"name":"Home","item":"https:\/\/ecosupplements.be\/fr\/"},{"@type":"ListItem","position":2,"name":"Boutique","item":"https:\/\/ecosupplements.be\/fr\/boutique\/"},{"@type":"ListItem","position":3,"name":"KRAUTERHAUS SANCT BERNHARD Green-lipped Mussel Balm (150 ml \/ 5,07 fl. oz.)"}]},{"@type":"WebSite","@id":"https:\/\/ecosupplements.be\/fr\/#website","url":"https:\/\/ecosupplements.be\/fr\/","name":"ECO Supplements","description":"Eco Supplements - Gezonde supplementen","publisher":{"@id":"https:\/\/ecosupplements.be\/fr\/#organization"},"potentialAction":[{"@type":"SearchAction","target":{"@type":"EntryPoint","urlTemplate":"https:\/\/ecosupplements.be\/fr\/?s={search_term_string}"},"query-input":{"@type":"PropertyValueSpecification","valueRequired":true,"valueName":"search_term_string"}}],"inLanguage":"fr-FR"},{"@type":"Organization","@id":"https:\/\/ecosupplements.be\/fr\/#organization","name":"Eco Supplements","url":"https:\/\/ecosupplements.be\/fr\/","logo":{"@type":"ImageObject","inLanguage":"fr-FR","@id":"https:\/\/ecosupplements.be\/fr\/#\/schema\/logo\/image\/","url":"https:\/\/ecosupplements.be\/wp-content\/uploads\/2022\/06\/ecosupplement-family.png","contentUrl":"https:\/\/ecosupplements.be\/wp-content\/uploads\/2022\/06\/ecosupplement-family.png","width":593,"height":374,"caption":"Eco Supplements"},"image":{"@id":"https:\/\/ecosupplements.be\/fr\/#\/schema\/logo\/image\/"}}]},"product_brand":"Krauterhaus Sanct Bernhard","product_price_amount":"10.10","product_price_currency":"EUR","og_availability":"instock","product_availability":"instock","product_retailer_item_id":"4250382202998","product_condition":"new"},"_links":{"self":[{"href":"https:\/\/ecosupplements.be\/fr\/wp-json\/wp\/v2\/product\/301386","targetHints":{"allow":["GET"]}}],"collection":[{"href":"https:\/\/ecosupplements.be\/fr\/wp-json\/wp\/v2\/product"}],"about":[{"href":"https:\/\/ecosupplements.be\/fr\/wp-json\/wp\/v2\/types\/product"}],"replies":[{"embeddable":true,"href":"https:\/\/ecosupplements.be\/fr\/wp-json\/wp\/v2\/comments?post=301386"}],"wp:featuredmedia":[{"embeddable":true,"href":"https:\/\/ecosupplements.be\/fr\/wp-json\/wp\/v2\/media\/275526"}],"wp:attachment":[{"href":"https:\/\/ecosupplements.be\/fr\/wp-json\/wp\/v2\/media?parent=301386"}],"wp:term":[{"taxonomy":"product_brand","embeddable":true,"href":"https:\/\/ecosupplements.be\/fr\/wp-json\/wp\/v2\/product_brand?post=301386"},{"taxonomy":"product_cat","embeddable":true,"href":"https:\/\/ecosupplements.be\/fr\/wp-json\/wp\/v2\/product_cat?post=301386"},{"taxonomy":"product_tag","embeddable":true,"href":"https:\/\/ecosupplements.be\/fr\/wp-json\/wp\/v2\/product_tag?post=301386"}],"curies":[{"name":"wp","href":"https:\/\/api.w.org\/{rel}","templated":true}]}}