{"id":301458,"date":"2025-07-25T16:45:12","date_gmt":"2025-07-25T15:45:12","guid":{"rendered":"https:\/\/ecosupplements.be\/product\/krauterhaus-sanct-bernhard-skin-care-cream-with-collagen-and-carotene-125-ml-423-fl-oz\/"},"modified":"2025-08-28T03:18:56","modified_gmt":"2025-08-28T02:18:56","slug":"krauterhaus-sanct-bernhard-skin-care-cream-with-collagen-and-carotene-125-ml-423-fl-oz","status":"publish","type":"product","link":"https:\/\/ecosupplements.be\/fr\/produit\/krauterhaus-sanct-bernhard-skin-care-cream-with-collagen-and-carotene-125-ml-423-fl-oz\/","title":{"rendered":"KRAUTERHAUS SANCT BERNHARD Skin care cream with collagen and carotene (125 ml \/ 4,23 fl. oz.)"},"content":{"rendered":"<p>OPIS:<\/p>\n<p><strong>Krem piel\u0119gnacyjny z kolagenem i karotenem<\/strong> jest naprawd\u0119 wszechstronny, idealnie nadaje si\u0119 zar\u00f3wno dla cery normalnej oraz dojrza\u0142ej. Jest idealny do piel\u0119gnacji wra\u017cliwych cz\u0119\u015bci cia\u0142a takich jak: twarz, okolice oczu, szyje, ramiona, r\u0119ce, \u0142okcie i kolana.<\/p>\n<p><strong>Kolagen<\/strong> jest odpowiedzialny za utrzymywanie wody w nask\u00f3rku, dzi\u0119ki czemu go nawil\u017ca, a tak\u017ce kondycjonuje, czyli zmi\u0119kcza i wyg\u0142adza.<br \/> U\u017cywanie kremu daje pozwala uzyska\u0107 dobre samopoczuciem z dobrze wygl\u0105daj\u0105cej cery. Krem posiada doskona\u0142a kremow\u0105 konsystencje co pozwala na szybkie i przyjemne rozprowadzenie po ciele. Posiada przyjemny kwiatowy zapach.<\/p>\n<\/p>\n<p><strong>Krem piel\u0119gnacyjny z kolagenem i karotenem:<\/strong><\/p>\n<p>\u00a0\u00a0\u00a0 nadaje si\u0119 do piel\u0119gnacji sk\u00f3ry normalnej i dojrza\u0142ej<br \/>\u00a0\u00a0\u00a0 delikatnie wyg\u0142adza, nawil\u017ca i uelastycznia sk\u00f3r\u0119 twarzy<br \/>\u00a0\u00a0\u00a0 uj\u0119drnia sk\u00f3r\u0119 wok\u00f3\u0142 oczu<br \/>\u00a0\u00a0\u00a0 tak\u017ce do piel\u0119gnacji szyi i dekoltu<br \/>\u00a0\u00a0\u00a0 idealny do nawil\u017cania suchych d\u0142oni oraz spierzchni\u0119tych cz\u0119\u015bci cia\u0142a (szybko si\u0119 wch\u0142ania)<br \/>\u00a0\u00a0\u00a0 posiada delikatny, bardzo przyjemny zapach<\/p>\n<p>SK\u0141AD:<\/p>\n<p>Po\u0142\u0105czenie najwy\u017cej jako\u015bci kolagenu z beta karotenem. Dodatkowo wzbogacony o naturalne ekstrakty oraz perfum.<\/p>\n<\/p>\n<p><b>Ingredients:<\/b><span>\u00a0Aqua, Cetearyl Alcohol, Dimethicone, Sorbitol, Isopropyl Palmitate, Pentylene Glycol, Stearic Acid, Palmitic Acid, Tocopherol, Daucus Carota Sativa Root Extract, Allantoin, Sodium Cetearyl Sulfate, Hydrolyzed Collagen, Glycine Soja Oil, Beta-Carotene, Lecithin, Ascorbyl Palmitate, Helianthus Annuus Seed Oil, Parfum (Hexyl Cinnamal, Linalool, Alpha-Isomethyl Ionone, Citronellol, Limonene, Coumarin).<\/span><\/p>\n<\/p>\n<p>SPOS\u00d3B U\u017bYCIA:<\/p>\n<p>C<span>odziennie rano i wieczorem nak\u0142ada\u0107 preparat na oczyszczon\u0105 sk\u00f3r\u0119 twarzy, szyi i dekoltu.<\/span><\/p>\n<p><span> Do u\u017cytku zewn\u0119trznego<\/span><\/p>\n","protected":false},"excerpt":{"rendered":"<p>OPIS: Krem piel\u0119gnacyjny z kolagenem i karotenem jest naprawd\u0119 wszechstronny, idealnie nadaje si\u0119 zar\u00f3wno dla cery normalnej oraz dojrza\u0142ej. Jest idealny do piel\u0119gnacji wra\u017cliwych cz\u0119\u015bci cia\u0142a takich jak: twarz, okolice oczu, szyje, ramiona, r\u0119ce, \u0142okcie i kolana. Kolagen jest odpowiedzialny za utrzymywanie wody w nask\u00f3rku, dzi\u0119ki czemu go nawil\u017ca, a tak\u017ce kondycjonuje, czyli zmi\u0119kcza i [&#8230;]\n","protected":false},"featured_media":275598,"comment_status":"closed","ping_status":"open","template":"","meta":[],"product_brand":[5364],"product_cat":[5121,5052,5053],"product_tag":[],"class_list":{"0":"post-301458","1":"product","2":"type-product","3":"status-publish","4":"has-post-thumbnail","6":"product_brand-krauterhaus-sanct-bernhard-2","7":"product_cat-collagene","8":"product_cat-sante-et-bien-etre","9":"product_cat-vitamines-et-mineraux","11":"first","12":"instock","13":"taxable","14":"shipping-taxable","15":"purchasable","16":"product-type-simple"},"yoast_head":"<!-- This site is optimized with the Yoast SEO Premium plugin v27.5 (Yoast SEO v27.5) - https:\/\/yoast.com\/product\/yoast-seo-premium-wordpress\/ -->\n<title>KRAUTERHAUS SANCT BERNHARD Skin care cream with collagen and carotene (125 ml \/ 4,23 fl. oz.) - ECO Supplements<\/title>\n<meta name=\"description\" content=\"Wij hebben een ruime keuze aan producten van KRAUTERHAUS SANCT BERNHARD Skin care cream with collagen and carotene (125 ml \/ 4,23 fl. oz.) . Winkel bij Eco Supplements altijd gratis verzending boven 100\u20ac\" \/>\n<meta name=\"robots\" content=\"index, follow, max-snippet:-1, max-image-preview:large, max-video-preview:-1\" \/>\n<link rel=\"canonical\" href=\"https:\/\/ecosupplements.be\/fr\/produit\/krauterhaus-sanct-bernhard-skin-care-cream-with-collagen-and-carotene-125-ml-423-fl-oz\/\" \/>\n<meta property=\"og:locale\" content=\"fr_FR\" \/>\n<meta property=\"og:type\" content=\"article\" \/>\n<meta property=\"og:title\" content=\"KRAUTERHAUS SANCT BERNHARD Skin care cream with collagen and carotene (125 ml \/ 4,23 fl. oz.)\" \/>\n<meta property=\"og:description\" content=\"Wij hebben een ruime keuze aan producten van KRAUTERHAUS SANCT BERNHARD Skin care cream with collagen and carotene (125 ml \/ 4,23 fl. oz.) . Winkel bij Eco Supplements altijd gratis verzending boven 100\u20ac\" \/>\n<meta property=\"og:url\" content=\"https:\/\/ecosupplements.be\/fr\/produit\/krauterhaus-sanct-bernhard-skin-care-cream-with-collagen-and-carotene-125-ml-423-fl-oz\/\" \/>\n<meta property=\"og:site_name\" content=\"ECO Supplements\" \/>\n<meta property=\"article:modified_time\" content=\"2025-08-28T02:18:56+00:00\" \/>\n<meta property=\"og:image\" content=\"https:\/\/ecosupplements.be\/wp-content\/uploads\/2025\/08\/Krauterhaus-Sanct-Bernhard-KRAUTERHAUS-SANCT-BERNHARD-Skin-care-cream-with-collagen-and-carotene-125-ml-423-fl.-oz.jpg\" \/>\n\t<meta property=\"og:image:width\" content=\"703\" \/>\n\t<meta property=\"og:image:height\" content=\"660\" \/>\n\t<meta property=\"og:image:type\" content=\"image\/jpeg\" \/>\n<meta name=\"twitter:card\" content=\"summary_large_image\" \/>\n<meta name=\"twitter:label1\" content=\"Prix\" \/>\n\t<meta name=\"twitter:data1\" content=\"9.85&nbsp;&euro;\" \/>\n\t<meta name=\"twitter:label2\" content=\"Disponibilit\u00e9\" \/>\n\t<meta name=\"twitter:data2\" content=\"En stock\" \/>\n<script type=\"application\/ld+json\" class=\"yoast-schema-graph\">{\"@context\":\"https:\\\/\\\/schema.org\",\"@graph\":[{\"@type\":[\"WebPage\",\"ItemPage\"],\"@id\":\"https:\\\/\\\/ecosupplements.be\\\/fr\\\/produit\\\/krauterhaus-sanct-bernhard-skin-care-cream-with-collagen-and-carotene-125-ml-423-fl-oz\\\/\",\"url\":\"https:\\\/\\\/ecosupplements.be\\\/fr\\\/produit\\\/krauterhaus-sanct-bernhard-skin-care-cream-with-collagen-and-carotene-125-ml-423-fl-oz\\\/\",\"name\":\"KRAUTERHAUS SANCT BERNHARD Skin care cream with collagen and carotene (125 ml \\\/ 4,23 fl. oz.) - ECO Supplements\",\"isPartOf\":{\"@id\":\"https:\\\/\\\/ecosupplements.be\\\/fr\\\/#website\"},\"primaryImageOfPage\":{\"@id\":\"https:\\\/\\\/ecosupplements.be\\\/fr\\\/produit\\\/krauterhaus-sanct-bernhard-skin-care-cream-with-collagen-and-carotene-125-ml-423-fl-oz\\\/#primaryimage\"},\"image\":{\"@id\":\"https:\\\/\\\/ecosupplements.be\\\/fr\\\/produit\\\/krauterhaus-sanct-bernhard-skin-care-cream-with-collagen-and-carotene-125-ml-423-fl-oz\\\/#primaryimage\"},\"thumbnailUrl\":\"https:\\\/\\\/ecosupplements.be\\\/wp-content\\\/uploads\\\/2025\\\/08\\\/KRAUTERHAUS-SANCT-BERNHARD-Skin-care-cream-with-collagen-and-carotene-125-ml-423-fl.-oz.jpg\",\"datePublished\":\"2025-07-25T15:45:12+00:00\",\"dateModified\":\"2025-08-28T02:18:56+00:00\",\"description\":\"Wij hebben een ruime keuze aan producten van KRAUTERHAUS SANCT BERNHARD Skin care cream with collagen and carotene (125 ml \\\/ 4,23 fl. oz.) . Winkel bij Eco Supplements altijd gratis verzending boven 100\u20ac\",\"breadcrumb\":{\"@id\":\"https:\\\/\\\/ecosupplements.be\\\/fr\\\/produit\\\/krauterhaus-sanct-bernhard-skin-care-cream-with-collagen-and-carotene-125-ml-423-fl-oz\\\/#breadcrumb\"},\"inLanguage\":\"fr-FR\",\"potentialAction\":[{\"@type\":\"ReadAction\",\"target\":[\"https:\\\/\\\/ecosupplements.be\\\/fr\\\/produit\\\/krauterhaus-sanct-bernhard-skin-care-cream-with-collagen-and-carotene-125-ml-423-fl-oz\\\/\"]}]},{\"@type\":\"ImageObject\",\"inLanguage\":\"fr-FR\",\"@id\":\"https:\\\/\\\/ecosupplements.be\\\/fr\\\/produit\\\/krauterhaus-sanct-bernhard-skin-care-cream-with-collagen-and-carotene-125-ml-423-fl-oz\\\/#primaryimage\",\"url\":\"https:\\\/\\\/ecosupplements.be\\\/wp-content\\\/uploads\\\/2025\\\/08\\\/KRAUTERHAUS-SANCT-BERNHARD-Skin-care-cream-with-collagen-and-carotene-125-ml-423-fl.-oz.jpg\",\"contentUrl\":\"https:\\\/\\\/ecosupplements.be\\\/wp-content\\\/uploads\\\/2025\\\/08\\\/KRAUTERHAUS-SANCT-BERNHARD-Skin-care-cream-with-collagen-and-carotene-125-ml-423-fl.-oz.jpg\",\"width\":703,\"height\":660},{\"@type\":\"BreadcrumbList\",\"@id\":\"https:\\\/\\\/ecosupplements.be\\\/fr\\\/produit\\\/krauterhaus-sanct-bernhard-skin-care-cream-with-collagen-and-carotene-125-ml-423-fl-oz\\\/#breadcrumb\",\"itemListElement\":[{\"@type\":\"ListItem\",\"position\":1,\"name\":\"Home\",\"item\":\"https:\\\/\\\/ecosupplements.be\\\/fr\\\/\"},{\"@type\":\"ListItem\",\"position\":2,\"name\":\"Boutique\",\"item\":\"https:\\\/\\\/ecosupplements.be\\\/fr\\\/boutique\\\/\"},{\"@type\":\"ListItem\",\"position\":3,\"name\":\"KRAUTERHAUS SANCT BERNHARD Skin care cream with collagen and carotene (125 ml \\\/ 4,23 fl. oz.)\"}]},{\"@type\":\"WebSite\",\"@id\":\"https:\\\/\\\/ecosupplements.be\\\/fr\\\/#website\",\"url\":\"https:\\\/\\\/ecosupplements.be\\\/fr\\\/\",\"name\":\"ECO Supplements\",\"description\":\"Eco Supplements - Gezonde supplementen\",\"publisher\":{\"@id\":\"https:\\\/\\\/ecosupplements.be\\\/fr\\\/#organization\"},\"potentialAction\":[{\"@type\":\"SearchAction\",\"target\":{\"@type\":\"EntryPoint\",\"urlTemplate\":\"https:\\\/\\\/ecosupplements.be\\\/fr\\\/?s={search_term_string}\"},\"query-input\":{\"@type\":\"PropertyValueSpecification\",\"valueRequired\":true,\"valueName\":\"search_term_string\"}}],\"inLanguage\":\"fr-FR\"},{\"@type\":\"Organization\",\"@id\":\"https:\\\/\\\/ecosupplements.be\\\/fr\\\/#organization\",\"name\":\"Eco Supplements\",\"url\":\"https:\\\/\\\/ecosupplements.be\\\/fr\\\/\",\"logo\":{\"@type\":\"ImageObject\",\"inLanguage\":\"fr-FR\",\"@id\":\"https:\\\/\\\/ecosupplements.be\\\/fr\\\/#\\\/schema\\\/logo\\\/image\\\/\",\"url\":\"https:\\\/\\\/ecosupplements.be\\\/wp-content\\\/uploads\\\/2022\\\/06\\\/ecosupplement-family.png\",\"contentUrl\":\"https:\\\/\\\/ecosupplements.be\\\/wp-content\\\/uploads\\\/2022\\\/06\\\/ecosupplement-family.png\",\"width\":593,\"height\":374,\"caption\":\"Eco Supplements\"},\"image\":{\"@id\":\"https:\\\/\\\/ecosupplements.be\\\/fr\\\/#\\\/schema\\\/logo\\\/image\\\/\"}}]}<\/script>\n<meta property=\"product:brand\" content=\"Krauterhaus Sanct Bernhard\" \/>\n<meta property=\"product:price:amount\" content=\"9.85\" \/>\n<meta property=\"product:price:currency\" content=\"EUR\" \/>\n<meta property=\"og:availability\" content=\"instock\" \/>\n<meta property=\"product:availability\" content=\"instock\" \/>\n<meta property=\"product:retailer_item_id\" content=\"4250382204039\" \/>\n<meta property=\"product:condition\" content=\"new\" \/>\n<!-- \/ Yoast SEO Premium plugin. -->","yoast_head_json":{"title":"KRAUTERHAUS SANCT BERNHARD Skin care cream with collagen and carotene (125 ml \/ 4,23 fl. oz.) - ECO Supplements","description":"Wij hebben een ruime keuze aan producten van KRAUTERHAUS SANCT BERNHARD Skin care cream with collagen and carotene (125 ml \/ 4,23 fl. oz.) . Winkel bij Eco Supplements altijd gratis verzending boven 100\u20ac","robots":{"index":"index","follow":"follow","max-snippet":"max-snippet:-1","max-image-preview":"max-image-preview:large","max-video-preview":"max-video-preview:-1"},"canonical":"https:\/\/ecosupplements.be\/fr\/produit\/krauterhaus-sanct-bernhard-skin-care-cream-with-collagen-and-carotene-125-ml-423-fl-oz\/","og_locale":"fr_FR","og_type":"article","og_title":"KRAUTERHAUS SANCT BERNHARD Skin care cream with collagen and carotene (125 ml \/ 4,23 fl. oz.)","og_description":"Wij hebben een ruime keuze aan producten van KRAUTERHAUS SANCT BERNHARD Skin care cream with collagen and carotene (125 ml \/ 4,23 fl. oz.) . Winkel bij Eco Supplements altijd gratis verzending boven 100\u20ac","og_url":"https:\/\/ecosupplements.be\/fr\/produit\/krauterhaus-sanct-bernhard-skin-care-cream-with-collagen-and-carotene-125-ml-423-fl-oz\/","og_site_name":"ECO Supplements","article_modified_time":"2025-08-28T02:18:56+00:00","og_image":[{"width":703,"height":660,"url":"https:\/\/ecosupplements.be\/wp-content\/uploads\/2025\/08\/Krauterhaus-Sanct-Bernhard-KRAUTERHAUS-SANCT-BERNHARD-Skin-care-cream-with-collagen-and-carotene-125-ml-423-fl.-oz.jpg","type":"image\/jpeg"}],"twitter_card":"summary_large_image","twitter_misc":{"Prix":"9.85&nbsp;&euro;","Disponibilit\u00e9":"En stock"},"schema":{"@context":"https:\/\/schema.org","@graph":[{"@type":["WebPage","ItemPage"],"@id":"https:\/\/ecosupplements.be\/fr\/produit\/krauterhaus-sanct-bernhard-skin-care-cream-with-collagen-and-carotene-125-ml-423-fl-oz\/","url":"https:\/\/ecosupplements.be\/fr\/produit\/krauterhaus-sanct-bernhard-skin-care-cream-with-collagen-and-carotene-125-ml-423-fl-oz\/","name":"KRAUTERHAUS SANCT BERNHARD Skin care cream with collagen and carotene (125 ml \/ 4,23 fl. oz.) - ECO Supplements","isPartOf":{"@id":"https:\/\/ecosupplements.be\/fr\/#website"},"primaryImageOfPage":{"@id":"https:\/\/ecosupplements.be\/fr\/produit\/krauterhaus-sanct-bernhard-skin-care-cream-with-collagen-and-carotene-125-ml-423-fl-oz\/#primaryimage"},"image":{"@id":"https:\/\/ecosupplements.be\/fr\/produit\/krauterhaus-sanct-bernhard-skin-care-cream-with-collagen-and-carotene-125-ml-423-fl-oz\/#primaryimage"},"thumbnailUrl":"https:\/\/ecosupplements.be\/wp-content\/uploads\/2025\/08\/KRAUTERHAUS-SANCT-BERNHARD-Skin-care-cream-with-collagen-and-carotene-125-ml-423-fl.-oz.jpg","datePublished":"2025-07-25T15:45:12+00:00","dateModified":"2025-08-28T02:18:56+00:00","description":"Wij hebben een ruime keuze aan producten van KRAUTERHAUS SANCT BERNHARD Skin care cream with collagen and carotene (125 ml \/ 4,23 fl. oz.) . Winkel bij Eco Supplements altijd gratis verzending boven 100\u20ac","breadcrumb":{"@id":"https:\/\/ecosupplements.be\/fr\/produit\/krauterhaus-sanct-bernhard-skin-care-cream-with-collagen-and-carotene-125-ml-423-fl-oz\/#breadcrumb"},"inLanguage":"fr-FR","potentialAction":[{"@type":"ReadAction","target":["https:\/\/ecosupplements.be\/fr\/produit\/krauterhaus-sanct-bernhard-skin-care-cream-with-collagen-and-carotene-125-ml-423-fl-oz\/"]}]},{"@type":"ImageObject","inLanguage":"fr-FR","@id":"https:\/\/ecosupplements.be\/fr\/produit\/krauterhaus-sanct-bernhard-skin-care-cream-with-collagen-and-carotene-125-ml-423-fl-oz\/#primaryimage","url":"https:\/\/ecosupplements.be\/wp-content\/uploads\/2025\/08\/KRAUTERHAUS-SANCT-BERNHARD-Skin-care-cream-with-collagen-and-carotene-125-ml-423-fl.-oz.jpg","contentUrl":"https:\/\/ecosupplements.be\/wp-content\/uploads\/2025\/08\/KRAUTERHAUS-SANCT-BERNHARD-Skin-care-cream-with-collagen-and-carotene-125-ml-423-fl.-oz.jpg","width":703,"height":660},{"@type":"BreadcrumbList","@id":"https:\/\/ecosupplements.be\/fr\/produit\/krauterhaus-sanct-bernhard-skin-care-cream-with-collagen-and-carotene-125-ml-423-fl-oz\/#breadcrumb","itemListElement":[{"@type":"ListItem","position":1,"name":"Home","item":"https:\/\/ecosupplements.be\/fr\/"},{"@type":"ListItem","position":2,"name":"Boutique","item":"https:\/\/ecosupplements.be\/fr\/boutique\/"},{"@type":"ListItem","position":3,"name":"KRAUTERHAUS SANCT BERNHARD Skin care cream with collagen and carotene (125 ml \/ 4,23 fl. oz.)"}]},{"@type":"WebSite","@id":"https:\/\/ecosupplements.be\/fr\/#website","url":"https:\/\/ecosupplements.be\/fr\/","name":"ECO Supplements","description":"Eco Supplements - Gezonde supplementen","publisher":{"@id":"https:\/\/ecosupplements.be\/fr\/#organization"},"potentialAction":[{"@type":"SearchAction","target":{"@type":"EntryPoint","urlTemplate":"https:\/\/ecosupplements.be\/fr\/?s={search_term_string}"},"query-input":{"@type":"PropertyValueSpecification","valueRequired":true,"valueName":"search_term_string"}}],"inLanguage":"fr-FR"},{"@type":"Organization","@id":"https:\/\/ecosupplements.be\/fr\/#organization","name":"Eco Supplements","url":"https:\/\/ecosupplements.be\/fr\/","logo":{"@type":"ImageObject","inLanguage":"fr-FR","@id":"https:\/\/ecosupplements.be\/fr\/#\/schema\/logo\/image\/","url":"https:\/\/ecosupplements.be\/wp-content\/uploads\/2022\/06\/ecosupplement-family.png","contentUrl":"https:\/\/ecosupplements.be\/wp-content\/uploads\/2022\/06\/ecosupplement-family.png","width":593,"height":374,"caption":"Eco Supplements"},"image":{"@id":"https:\/\/ecosupplements.be\/fr\/#\/schema\/logo\/image\/"}}]},"product_brand":"Krauterhaus Sanct Bernhard","product_price_amount":"9.85","product_price_currency":"EUR","og_availability":"instock","product_availability":"instock","product_retailer_item_id":"4250382204039","product_condition":"new"},"_links":{"self":[{"href":"https:\/\/ecosupplements.be\/fr\/wp-json\/wp\/v2\/product\/301458","targetHints":{"allow":["GET"]}}],"collection":[{"href":"https:\/\/ecosupplements.be\/fr\/wp-json\/wp\/v2\/product"}],"about":[{"href":"https:\/\/ecosupplements.be\/fr\/wp-json\/wp\/v2\/types\/product"}],"replies":[{"embeddable":true,"href":"https:\/\/ecosupplements.be\/fr\/wp-json\/wp\/v2\/comments?post=301458"}],"wp:featuredmedia":[{"embeddable":true,"href":"https:\/\/ecosupplements.be\/fr\/wp-json\/wp\/v2\/media\/275598"}],"wp:attachment":[{"href":"https:\/\/ecosupplements.be\/fr\/wp-json\/wp\/v2\/media?parent=301458"}],"wp:term":[{"taxonomy":"product_brand","embeddable":true,"href":"https:\/\/ecosupplements.be\/fr\/wp-json\/wp\/v2\/product_brand?post=301458"},{"taxonomy":"product_cat","embeddable":true,"href":"https:\/\/ecosupplements.be\/fr\/wp-json\/wp\/v2\/product_cat?post=301458"},{"taxonomy":"product_tag","embeddable":true,"href":"https:\/\/ecosupplements.be\/fr\/wp-json\/wp\/v2\/product_tag?post=301458"}],"curies":[{"name":"wp","href":"https:\/\/api.w.org\/{rel}","templated":true}]}}