{"id":301515,"date":"2025-07-25T18:00:29","date_gmt":"2025-07-25T17:00:29","guid":{"rendered":"https:\/\/ecosupplements.be\/product\/krauterhaus-sanct-bernhard-omega-3-fish-oil-capsules-500-mg-120-caps\/"},"modified":"2025-08-28T03:20:01","modified_gmt":"2025-08-28T02:20:01","slug":"krauterhaus-sanct-bernhard-omega-3-fish-oil-capsules-500-mg-120-caps","status":"publish","type":"product","link":"https:\/\/ecosupplements.be\/fr\/produit\/krauterhaus-sanct-bernhard-omega-3-fish-oil-capsules-500-mg-120-caps\/","title":{"rendered":"KRAUTERHAUS SANCT BERNHARD Omega 3 Fish Oil Capsules, 500 mg (120 caps)"},"content":{"rendered":"<p><strong>SK\u0141AD:<\/strong><\/p>\n<p><span><span>olej<\/span><\/span><span>\u00a0<\/span><span><span>rybny<\/span><\/span><span>\u00a0(71%), otoczka kapsu\u0142ki: \u017celatyna spo\u017cywcza wo\u0142owa, substancja utrzymuj\u0105ca wilgo\u0107: glicerol, witamina E, olej s\u0142onecznikowy.<\/span><\/p>\n<table style=\"height:328px;\" width=\"399\" border=\"3\">\n<tbody>\n<tr>\n<td><strong>Sk\u0142adniki aktywne:<\/strong><\/td>\n<td style=\"text-align:center;\"><strong>w 1 kaps.<\/strong><\/td>\n<td style=\"text-align:center;\"><strong>w 6 kaps.<\/strong><\/td>\n<\/tr>\n<tr>\n<td>Olej rybny\u00a0<\/td>\n<td style=\"text-align:center;\">500 mg<\/td>\n<td style=\"text-align:center;\">3000 mg<\/td>\n<\/tr>\n<tr>\n<td>w tym: t\u0142uszcz<\/td>\n<td style=\"text-align:center;\">500 mg<\/td>\n<td style=\"text-align:center;\">3000 mg<\/td>\n<\/tr>\n<tr>\n<td>w tym:<\/td>\n<td style=\"text-align:center;\">&#8211;<\/td>\n<td style=\"text-align:center;\">&#8211;<\/td>\n<\/tr>\n<tr>\n<td>kwasy t\u0142uszczowe nasycone<\/td>\n<td style=\"text-align:center;\">136,5 mg<\/td>\n<td style=\"text-align:center;\">819 mg<\/td>\n<\/tr>\n<tr>\n<td>kwasy t\u0142uszczowe nienasycone\u00a0<\/td>\n<td style=\"text-align:center;\">308,5 mg<\/td>\n<td style=\"text-align:center;\">1851 mg<\/td>\n<\/tr>\n<tr>\n<td>w tym:<\/td>\n<td style=\"text-align:center;\">&#8211;<\/td>\n<td style=\"text-align:center;\">&#8211;<\/td>\n<\/tr>\n<tr>\n<td>kwasy t\u0142uszczowe jednonienasycone<\/td>\n<td style=\"text-align:center;\">112 mg<\/td>\n<td style=\"text-align:center;\">672 mg<\/td>\n<\/tr>\n<tr>\n<td>kwasy t\u0142uszczowe wielonienasycone<\/td>\n<td style=\"text-align:center;\">196,5 mg\u00a0<\/td>\n<td style=\"text-align:center;\">1179 mg<\/td>\n<\/tr>\n<tr>\n<td>w tym:<\/td>\n<td style=\"text-align:center;\">&#8211;<\/td>\n<td style=\"text-align:center;\">&#8211;<\/td>\n<\/tr>\n<tr>\n<td>kwasy t\u0142uszczowe omega 3<\/td>\n<td style=\"text-align:center;\">min. 150 mg<\/td>\n<td style=\"text-align:center;\">min. 900 mg<\/td>\n<\/tr>\n<tr>\n<td>w tym:<\/td>\n<td style=\"text-align:center;\">&#8211;<\/td>\n<td style=\"text-align:center;\">&#8211;<\/td>\n<\/tr>\n<tr>\n<td>EPA<\/td>\n<td style=\"text-align:center;\">90 mg\u00a0<\/td>\n<td style=\"text-align:center;\">540 mg\u00a0<\/td>\n<\/tr>\n<tr>\n<td>DHA\u00a0<\/td>\n<td style=\"text-align:center;\">60 mg<\/td>\n<td style=\"text-align:center;\">360 mg<\/td>\n<\/tr>\n<tr>\n<td>Witamina E<\/td>\n<td style=\"text-align:center;\">3,5 mg (5 IU)<\/td>\n<td style=\"text-align:center;\">21 mg (30 IU)<\/td>\n<\/tr>\n<\/tbody>\n<\/table>\n<p><strong>SPOS\u00d3B U\u017bYCIA:<\/strong><\/p>\n<p><span>3 razy dziennie po 2 kapsu\u0142ki, popijaj\u0105c wod\u0105.<\/span><\/p>\n<p><strong>PRZECIWWSKAZANIA:<\/strong><\/p>\n<p>Nie nale\u017cy przekracza\u0107 zalecanej porcji do spo\u017cycia w ci\u0105gu dnia. Suplementy diety nie mog\u0105 by\u0107 stosowane jako substytut (zamiennik) zr\u00f3\u017cnicowanej diety.<\/p>\n<p><strong>PRZECHOWYWANIE:<\/strong><\/p>\n<p>Chroni\u0107 od \u015bwiat\u0142a, przechowywa\u0107 w temperaturze poni\u017cej 25 \u00b0C, w ch\u0142odnym i suchym miejscu niedost\u0119pnym dla ma\u0142ych dzieci.<\/p>\n","protected":false},"excerpt":{"rendered":"<p>SK\u0141AD: olej\u00a0rybny\u00a0(71%), otoczka kapsu\u0142ki: \u017celatyna spo\u017cywcza wo\u0142owa, substancja utrzymuj\u0105ca wilgo\u0107: glicerol, witamina E, olej s\u0142onecznikowy. Sk\u0142adniki aktywne: w 1 kaps. w 6 kaps. Olej rybny\u00a0 500 mg 3000 mg w tym: t\u0142uszcz 500 mg 3000 mg w tym: &#8211; &#8211; kwasy t\u0142uszczowe nasycone 136,5 mg 819 mg kwasy t\u0142uszczowe nienasycone\u00a0 308,5 mg 1851 mg w [&#8230;]\n","protected":false},"featured_media":275655,"comment_status":"closed","ping_status":"open","template":"","meta":[],"product_brand":[5364],"product_cat":[5082,5053],"product_tag":[],"class_list":{"0":"post-301515","1":"product","2":"type-product","3":"status-publish","4":"has-post-thumbnail","6":"product_brand-krauterhaus-sanct-bernhard-2","7":"product_cat-omegas-efa-cla-huiles","8":"product_cat-vitamines-et-mineraux","10":"first","11":"instock","12":"taxable","13":"shipping-taxable","14":"purchasable","15":"product-type-simple"},"yoast_head":"<!-- This site is optimized with the Yoast SEO Premium plugin v27.3 (Yoast SEO v27.3) - https:\/\/yoast.com\/product\/yoast-seo-premium-wordpress\/ -->\n<title>KRAUTERHAUS SANCT BERNHARD Omega 3 Fish Oil Capsules, 500 mg (120 caps) - ECO Supplements<\/title>\n<meta name=\"description\" content=\"Wij hebben een ruime keuze aan producten van KRAUTERHAUS SANCT BERNHARD Omega 3 Fish Oil Capsules, 500 mg (120 caps) . Winkel bij Eco Supplements altijd gratis verzending boven 100\u20ac\" \/>\n<meta name=\"robots\" content=\"index, follow, max-snippet:-1, max-image-preview:large, max-video-preview:-1\" \/>\n<link rel=\"canonical\" href=\"https:\/\/ecosupplements.be\/fr\/produit\/krauterhaus-sanct-bernhard-omega-3-fish-oil-capsules-500-mg-120-caps\/\" \/>\n<meta property=\"og:locale\" content=\"fr_FR\" \/>\n<meta property=\"og:type\" content=\"article\" \/>\n<meta property=\"og:title\" content=\"KRAUTERHAUS SANCT BERNHARD Omega 3 Fish Oil Capsules, 500 mg (120 caps)\" \/>\n<meta property=\"og:description\" content=\"Wij hebben een ruime keuze aan producten van KRAUTERHAUS SANCT BERNHARD Omega 3 Fish Oil Capsules, 500 mg (120 caps) . Winkel bij Eco Supplements altijd gratis verzending boven 100\u20ac\" \/>\n<meta property=\"og:url\" content=\"https:\/\/ecosupplements.be\/fr\/produit\/krauterhaus-sanct-bernhard-omega-3-fish-oil-capsules-500-mg-120-caps\/\" \/>\n<meta property=\"og:site_name\" content=\"ECO Supplements\" \/>\n<meta property=\"article:modified_time\" content=\"2025-08-28T02:20:01+00:00\" \/>\n<meta property=\"og:image\" content=\"https:\/\/ecosupplements.be\/wp-content\/uploads\/2025\/08\/Krauterhaus-Sanct-Bernhard-KRAUTERHAUS-SANCT-BERNHARD-Omega-3-Fish-Oil-Capsules-500-mg-120-caps.jpg\" \/>\n\t<meta property=\"og:image:width\" content=\"1080\" \/>\n\t<meta property=\"og:image:height\" content=\"1504\" \/>\n\t<meta property=\"og:image:type\" content=\"image\/jpeg\" \/>\n<meta name=\"twitter:card\" content=\"summary_large_image\" \/>\n<meta name=\"twitter:label1\" content=\"Prix\" \/>\n\t<meta name=\"twitter:data1\" content=\"7.82&nbsp;&euro;\" \/>\n\t<meta name=\"twitter:label2\" content=\"Disponibilit\u00e9\" \/>\n\t<meta name=\"twitter:data2\" content=\"En stock\" \/>\n<script type=\"application\/ld+json\" class=\"yoast-schema-graph\">{\"@context\":\"https:\\\/\\\/schema.org\",\"@graph\":[{\"@type\":[\"WebPage\",\"ItemPage\"],\"@id\":\"https:\\\/\\\/ecosupplements.be\\\/fr\\\/produit\\\/krauterhaus-sanct-bernhard-omega-3-fish-oil-capsules-500-mg-120-caps\\\/\",\"url\":\"https:\\\/\\\/ecosupplements.be\\\/fr\\\/produit\\\/krauterhaus-sanct-bernhard-omega-3-fish-oil-capsules-500-mg-120-caps\\\/\",\"name\":\"KRAUTERHAUS SANCT BERNHARD Omega 3 Fish Oil Capsules, 500 mg (120 caps) - ECO Supplements\",\"isPartOf\":{\"@id\":\"https:\\\/\\\/ecosupplements.be\\\/fr\\\/#website\"},\"primaryImageOfPage\":{\"@id\":\"https:\\\/\\\/ecosupplements.be\\\/fr\\\/produit\\\/krauterhaus-sanct-bernhard-omega-3-fish-oil-capsules-500-mg-120-caps\\\/#primaryimage\"},\"image\":{\"@id\":\"https:\\\/\\\/ecosupplements.be\\\/fr\\\/produit\\\/krauterhaus-sanct-bernhard-omega-3-fish-oil-capsules-500-mg-120-caps\\\/#primaryimage\"},\"thumbnailUrl\":\"https:\\\/\\\/ecosupplements.be\\\/wp-content\\\/uploads\\\/2025\\\/08\\\/KRAUTERHAUS-SANCT-BERNHARD-Omega-3-Fish-Oil-Capsules-500-mg-120-caps.jpg\",\"datePublished\":\"2025-07-25T17:00:29+00:00\",\"dateModified\":\"2025-08-28T02:20:01+00:00\",\"description\":\"Wij hebben een ruime keuze aan producten van KRAUTERHAUS SANCT BERNHARD Omega 3 Fish Oil Capsules, 500 mg (120 caps) . Winkel bij Eco Supplements altijd gratis verzending boven 100\u20ac\",\"breadcrumb\":{\"@id\":\"https:\\\/\\\/ecosupplements.be\\\/fr\\\/produit\\\/krauterhaus-sanct-bernhard-omega-3-fish-oil-capsules-500-mg-120-caps\\\/#breadcrumb\"},\"inLanguage\":\"fr-FR\",\"potentialAction\":[{\"@type\":\"ReadAction\",\"target\":[\"https:\\\/\\\/ecosupplements.be\\\/fr\\\/produit\\\/krauterhaus-sanct-bernhard-omega-3-fish-oil-capsules-500-mg-120-caps\\\/\"]}]},{\"@type\":\"ImageObject\",\"inLanguage\":\"fr-FR\",\"@id\":\"https:\\\/\\\/ecosupplements.be\\\/fr\\\/produit\\\/krauterhaus-sanct-bernhard-omega-3-fish-oil-capsules-500-mg-120-caps\\\/#primaryimage\",\"url\":\"https:\\\/\\\/ecosupplements.be\\\/wp-content\\\/uploads\\\/2025\\\/08\\\/KRAUTERHAUS-SANCT-BERNHARD-Omega-3-Fish-Oil-Capsules-500-mg-120-caps.jpg\",\"contentUrl\":\"https:\\\/\\\/ecosupplements.be\\\/wp-content\\\/uploads\\\/2025\\\/08\\\/KRAUTERHAUS-SANCT-BERNHARD-Omega-3-Fish-Oil-Capsules-500-mg-120-caps.jpg\",\"width\":1080,\"height\":1504},{\"@type\":\"BreadcrumbList\",\"@id\":\"https:\\\/\\\/ecosupplements.be\\\/fr\\\/produit\\\/krauterhaus-sanct-bernhard-omega-3-fish-oil-capsules-500-mg-120-caps\\\/#breadcrumb\",\"itemListElement\":[{\"@type\":\"ListItem\",\"position\":1,\"name\":\"Home\",\"item\":\"https:\\\/\\\/ecosupplements.be\\\/fr\\\/\"},{\"@type\":\"ListItem\",\"position\":2,\"name\":\"Boutique\",\"item\":\"https:\\\/\\\/ecosupplements.be\\\/fr\\\/boutique\\\/\"},{\"@type\":\"ListItem\",\"position\":3,\"name\":\"KRAUTERHAUS SANCT BERNHARD Omega 3 Fish Oil Capsules, 500 mg (120 caps)\"}]},{\"@type\":\"WebSite\",\"@id\":\"https:\\\/\\\/ecosupplements.be\\\/fr\\\/#website\",\"url\":\"https:\\\/\\\/ecosupplements.be\\\/fr\\\/\",\"name\":\"ECO Supplements\",\"description\":\"Eco Supplements - Gezonde supplementen\",\"publisher\":{\"@id\":\"https:\\\/\\\/ecosupplements.be\\\/fr\\\/#organization\"},\"potentialAction\":[{\"@type\":\"SearchAction\",\"target\":{\"@type\":\"EntryPoint\",\"urlTemplate\":\"https:\\\/\\\/ecosupplements.be\\\/fr\\\/?s={search_term_string}\"},\"query-input\":{\"@type\":\"PropertyValueSpecification\",\"valueRequired\":true,\"valueName\":\"search_term_string\"}}],\"inLanguage\":\"fr-FR\"},{\"@type\":\"Organization\",\"@id\":\"https:\\\/\\\/ecosupplements.be\\\/fr\\\/#organization\",\"name\":\"Eco Supplements\",\"url\":\"https:\\\/\\\/ecosupplements.be\\\/fr\\\/\",\"logo\":{\"@type\":\"ImageObject\",\"inLanguage\":\"fr-FR\",\"@id\":\"https:\\\/\\\/ecosupplements.be\\\/fr\\\/#\\\/schema\\\/logo\\\/image\\\/\",\"url\":\"https:\\\/\\\/ecosupplements.be\\\/wp-content\\\/uploads\\\/2022\\\/06\\\/ecosupplement-family.png\",\"contentUrl\":\"https:\\\/\\\/ecosupplements.be\\\/wp-content\\\/uploads\\\/2022\\\/06\\\/ecosupplement-family.png\",\"width\":593,\"height\":374,\"caption\":\"Eco Supplements\"},\"image\":{\"@id\":\"https:\\\/\\\/ecosupplements.be\\\/fr\\\/#\\\/schema\\\/logo\\\/image\\\/\"}}]}<\/script>\n<meta property=\"product:brand\" content=\"Krauterhaus Sanct Bernhard\" \/>\n<meta property=\"product:price:amount\" content=\"7.82\" \/>\n<meta property=\"product:price:currency\" content=\"EUR\" \/>\n<meta property=\"og:availability\" content=\"instock\" \/>\n<meta property=\"product:availability\" content=\"instock\" \/>\n<meta property=\"product:retailer_item_id\" content=\"4250382204923\" \/>\n<meta property=\"product:condition\" content=\"new\" \/>\n<!-- \/ Yoast SEO Premium plugin. -->","yoast_head_json":{"title":"KRAUTERHAUS SANCT BERNHARD Omega 3 Fish Oil Capsules, 500 mg (120 caps) - ECO Supplements","description":"Wij hebben een ruime keuze aan producten van KRAUTERHAUS SANCT BERNHARD Omega 3 Fish Oil Capsules, 500 mg (120 caps) . Winkel bij Eco Supplements altijd gratis verzending boven 100\u20ac","robots":{"index":"index","follow":"follow","max-snippet":"max-snippet:-1","max-image-preview":"max-image-preview:large","max-video-preview":"max-video-preview:-1"},"canonical":"https:\/\/ecosupplements.be\/fr\/produit\/krauterhaus-sanct-bernhard-omega-3-fish-oil-capsules-500-mg-120-caps\/","og_locale":"fr_FR","og_type":"article","og_title":"KRAUTERHAUS SANCT BERNHARD Omega 3 Fish Oil Capsules, 500 mg (120 caps)","og_description":"Wij hebben een ruime keuze aan producten van KRAUTERHAUS SANCT BERNHARD Omega 3 Fish Oil Capsules, 500 mg (120 caps) . Winkel bij Eco Supplements altijd gratis verzending boven 100\u20ac","og_url":"https:\/\/ecosupplements.be\/fr\/produit\/krauterhaus-sanct-bernhard-omega-3-fish-oil-capsules-500-mg-120-caps\/","og_site_name":"ECO Supplements","article_modified_time":"2025-08-28T02:20:01+00:00","og_image":[{"width":1080,"height":1504,"url":"https:\/\/ecosupplements.be\/wp-content\/uploads\/2025\/08\/Krauterhaus-Sanct-Bernhard-KRAUTERHAUS-SANCT-BERNHARD-Omega-3-Fish-Oil-Capsules-500-mg-120-caps.jpg","type":"image\/jpeg"}],"twitter_card":"summary_large_image","twitter_misc":{"Prix":"7.82&nbsp;&euro;","Disponibilit\u00e9":"En stock"},"schema":{"@context":"https:\/\/schema.org","@graph":[{"@type":["WebPage","ItemPage"],"@id":"https:\/\/ecosupplements.be\/fr\/produit\/krauterhaus-sanct-bernhard-omega-3-fish-oil-capsules-500-mg-120-caps\/","url":"https:\/\/ecosupplements.be\/fr\/produit\/krauterhaus-sanct-bernhard-omega-3-fish-oil-capsules-500-mg-120-caps\/","name":"KRAUTERHAUS SANCT BERNHARD Omega 3 Fish Oil Capsules, 500 mg (120 caps) - ECO Supplements","isPartOf":{"@id":"https:\/\/ecosupplements.be\/fr\/#website"},"primaryImageOfPage":{"@id":"https:\/\/ecosupplements.be\/fr\/produit\/krauterhaus-sanct-bernhard-omega-3-fish-oil-capsules-500-mg-120-caps\/#primaryimage"},"image":{"@id":"https:\/\/ecosupplements.be\/fr\/produit\/krauterhaus-sanct-bernhard-omega-3-fish-oil-capsules-500-mg-120-caps\/#primaryimage"},"thumbnailUrl":"https:\/\/ecosupplements.be\/wp-content\/uploads\/2025\/08\/KRAUTERHAUS-SANCT-BERNHARD-Omega-3-Fish-Oil-Capsules-500-mg-120-caps.jpg","datePublished":"2025-07-25T17:00:29+00:00","dateModified":"2025-08-28T02:20:01+00:00","description":"Wij hebben een ruime keuze aan producten van KRAUTERHAUS SANCT BERNHARD Omega 3 Fish Oil Capsules, 500 mg (120 caps) . Winkel bij Eco Supplements altijd gratis verzending boven 100\u20ac","breadcrumb":{"@id":"https:\/\/ecosupplements.be\/fr\/produit\/krauterhaus-sanct-bernhard-omega-3-fish-oil-capsules-500-mg-120-caps\/#breadcrumb"},"inLanguage":"fr-FR","potentialAction":[{"@type":"ReadAction","target":["https:\/\/ecosupplements.be\/fr\/produit\/krauterhaus-sanct-bernhard-omega-3-fish-oil-capsules-500-mg-120-caps\/"]}]},{"@type":"ImageObject","inLanguage":"fr-FR","@id":"https:\/\/ecosupplements.be\/fr\/produit\/krauterhaus-sanct-bernhard-omega-3-fish-oil-capsules-500-mg-120-caps\/#primaryimage","url":"https:\/\/ecosupplements.be\/wp-content\/uploads\/2025\/08\/KRAUTERHAUS-SANCT-BERNHARD-Omega-3-Fish-Oil-Capsules-500-mg-120-caps.jpg","contentUrl":"https:\/\/ecosupplements.be\/wp-content\/uploads\/2025\/08\/KRAUTERHAUS-SANCT-BERNHARD-Omega-3-Fish-Oil-Capsules-500-mg-120-caps.jpg","width":1080,"height":1504},{"@type":"BreadcrumbList","@id":"https:\/\/ecosupplements.be\/fr\/produit\/krauterhaus-sanct-bernhard-omega-3-fish-oil-capsules-500-mg-120-caps\/#breadcrumb","itemListElement":[{"@type":"ListItem","position":1,"name":"Home","item":"https:\/\/ecosupplements.be\/fr\/"},{"@type":"ListItem","position":2,"name":"Boutique","item":"https:\/\/ecosupplements.be\/fr\/boutique\/"},{"@type":"ListItem","position":3,"name":"KRAUTERHAUS SANCT BERNHARD Omega 3 Fish Oil Capsules, 500 mg (120 caps)"}]},{"@type":"WebSite","@id":"https:\/\/ecosupplements.be\/fr\/#website","url":"https:\/\/ecosupplements.be\/fr\/","name":"ECO Supplements","description":"Eco Supplements - Gezonde supplementen","publisher":{"@id":"https:\/\/ecosupplements.be\/fr\/#organization"},"potentialAction":[{"@type":"SearchAction","target":{"@type":"EntryPoint","urlTemplate":"https:\/\/ecosupplements.be\/fr\/?s={search_term_string}"},"query-input":{"@type":"PropertyValueSpecification","valueRequired":true,"valueName":"search_term_string"}}],"inLanguage":"fr-FR"},{"@type":"Organization","@id":"https:\/\/ecosupplements.be\/fr\/#organization","name":"Eco Supplements","url":"https:\/\/ecosupplements.be\/fr\/","logo":{"@type":"ImageObject","inLanguage":"fr-FR","@id":"https:\/\/ecosupplements.be\/fr\/#\/schema\/logo\/image\/","url":"https:\/\/ecosupplements.be\/wp-content\/uploads\/2022\/06\/ecosupplement-family.png","contentUrl":"https:\/\/ecosupplements.be\/wp-content\/uploads\/2022\/06\/ecosupplement-family.png","width":593,"height":374,"caption":"Eco Supplements"},"image":{"@id":"https:\/\/ecosupplements.be\/fr\/#\/schema\/logo\/image\/"}}]},"product_brand":"Krauterhaus Sanct Bernhard","product_price_amount":"7.82","product_price_currency":"EUR","og_availability":"instock","product_availability":"instock","product_retailer_item_id":"4250382204923","product_condition":"new"},"_links":{"self":[{"href":"https:\/\/ecosupplements.be\/fr\/wp-json\/wp\/v2\/product\/301515","targetHints":{"allow":["GET"]}}],"collection":[{"href":"https:\/\/ecosupplements.be\/fr\/wp-json\/wp\/v2\/product"}],"about":[{"href":"https:\/\/ecosupplements.be\/fr\/wp-json\/wp\/v2\/types\/product"}],"replies":[{"embeddable":true,"href":"https:\/\/ecosupplements.be\/fr\/wp-json\/wp\/v2\/comments?post=301515"}],"wp:featuredmedia":[{"embeddable":true,"href":"https:\/\/ecosupplements.be\/fr\/wp-json\/wp\/v2\/media\/275655"}],"wp:attachment":[{"href":"https:\/\/ecosupplements.be\/fr\/wp-json\/wp\/v2\/media?parent=301515"}],"wp:term":[{"taxonomy":"product_brand","embeddable":true,"href":"https:\/\/ecosupplements.be\/fr\/wp-json\/wp\/v2\/product_brand?post=301515"},{"taxonomy":"product_cat","embeddable":true,"href":"https:\/\/ecosupplements.be\/fr\/wp-json\/wp\/v2\/product_cat?post=301515"},{"taxonomy":"product_tag","embeddable":true,"href":"https:\/\/ecosupplements.be\/fr\/wp-json\/wp\/v2\/product_tag?post=301515"}],"curies":[{"name":"wp","href":"https:\/\/api.w.org\/{rel}","templated":true}]}}