{"id":301539,"date":"2025-07-25T18:30:22","date_gmt":"2025-07-25T17:30:22","guid":{"rendered":"https:\/\/ecosupplements.be\/product\/krauterhaus-sanct-bernhard-after-a-bite-roll-on-10-ml-0338-fl-oz\/"},"modified":"2025-08-28T03:20:29","modified_gmt":"2025-08-28T02:20:29","slug":"krauterhaus-sanct-bernhard-after-a-bite-roll-on-10-ml-0338-fl-oz","status":"publish","type":"product","link":"https:\/\/ecosupplements.be\/fr\/produit\/krauterhaus-sanct-bernhard-after-a-bite-roll-on-10-ml-0338-fl-oz\/","title":{"rendered":"Roll-on Apr\u00e8s-Piq\u00fbre KRAUTERHAUS SANCT BERNHARD (10 ml \/ 0,338 fl. oz.)"},"content":{"rendered":"<p><strong>Nom du produit :<\/strong> KRAUTERHAUS SANCT BERNHARD After a bite Roll-on (10 ml \/ 0,338 fl. oz.)<\/p>\n<p><strong>Ingr\u00e9dients principaux :<\/strong> Eau, alcool d\u00e9natur\u00e9, glyc\u00e9rine, Laureth-9, panth\u00e9nol, propyl\u00e8ne glycol, menthol et un m\u00e9lange d&#8217;huiles essentielles (limon\u00e8ne, linalol, eug\u00e9nol, citral, g\u00e9raniol &#8211; issus d&#8217;huiles essentielles naturelles).<\/p>\n<p><strong>Contenu et emballage :<\/strong> Un applicateur roll-on de 10 ml pour une request facile et pr\u00e9cise.<\/p>\n<p><strong>Utilisation :<\/strong> Con\u00e7u avec un applicateur roll-on pour faciliter l&#8217;application sur les zones concern\u00e9es. Usage externe uniquement.<\/p>\n<p><strong>Caract\u00e9ristiques pratiques :<\/strong> Le format roll-on est id\u00e9al pour une utilisation pratique et rapide au quotidien.<\/p>\n<p><b>description g\u00e9n\u00e9rale : <\/b>Ce produit combine des ingr\u00e9dients de haute qualit\u00e9 dans un format pratique. L&#8217;utilisation de composants naturels comme le menthol et diverses huiles essentielles enrichit ce produit tout en respectant une approche respectueuse de la nature. Parfait pour ceux qui appr\u00e9cient les solutions simples dans leur routine quotidienne.<\/p>\n<p><b>Modes de conservation : <\/b>A conserver dans un endroit sec et frais \u00e0 l&#8217;abri des enfants.<\/p>\n","protected":false},"excerpt":{"rendered":"<p>Nom du produit : KRAUTERHAUS SANCT BERNHARD After a bite Roll-on (10 ml \/ 0,338 fl. oz.) Ingr\u00e9dients principaux : Eau, alcool d\u00e9natur\u00e9, glyc\u00e9rine, Laureth-9, panth\u00e9nol, propyl\u00e8ne glycol, menthol et un m\u00e9lange d&#8217;huiles essentielles (limon\u00e8ne, linalol, eug\u00e9nol, citral, g\u00e9raniol &#8211; issus d&#8217;huiles essentielles naturelles). Contenu et emballage : Un applicateur roll-on de 10 ml pour [&#8230;]\n","protected":false},"featured_media":275679,"comment_status":"closed","ping_status":"open","template":"","meta":[],"product_brand":[5364],"product_cat":[5155],"product_tag":[],"class_list":{"0":"post-301539","1":"product","2":"type-product","3":"status-publish","4":"has-post-thumbnail","6":"product_brand-krauterhaus-sanct-bernhard-2","7":"product_cat-cosmetiques","9":"first","10":"instock","11":"taxable","12":"shipping-taxable","13":"purchasable","14":"product-type-simple"},"yoast_head":"<!-- This site is optimized with the Yoast SEO Premium plugin v27.3 (Yoast SEO v27.3) - https:\/\/yoast.com\/product\/yoast-seo-premium-wordpress\/ -->\n<title>Roll-on Apr\u00e8s-Piq\u00fbre KRAUTERHAUS SANCT BERNHARD (10 ml \/ 0,338 fl. oz.) - ECO Supplements<\/title>\n<meta name=\"description\" content=\"Wij hebben een ruime keuze aan producten van Roll-on Apr\u00e8s-Piq\u00fbre KRAUTERHAUS SANCT BERNHARD (10 ml \/ 0,338 fl. oz.) . Winkel bij Eco Supplements altijd gratis verzending boven 100\u20ac\" \/>\n<meta name=\"robots\" content=\"index, follow, max-snippet:-1, max-image-preview:large, max-video-preview:-1\" \/>\n<link rel=\"canonical\" href=\"https:\/\/ecosupplements.be\/fr\/produit\/krauterhaus-sanct-bernhard-after-a-bite-roll-on-10-ml-0338-fl-oz\/\" \/>\n<meta property=\"og:locale\" content=\"fr_FR\" \/>\n<meta property=\"og:type\" content=\"article\" \/>\n<meta property=\"og:title\" content=\"Roll-on Apr\u00e8s-Piq\u00fbre KRAUTERHAUS SANCT BERNHARD (10 ml \/ 0,338 fl. oz.)\" \/>\n<meta property=\"og:description\" content=\"Wij hebben een ruime keuze aan producten van Roll-on Apr\u00e8s-Piq\u00fbre KRAUTERHAUS SANCT BERNHARD (10 ml \/ 0,338 fl. oz.) . Winkel bij Eco Supplements altijd gratis verzending boven 100\u20ac\" \/>\n<meta property=\"og:url\" content=\"https:\/\/ecosupplements.be\/fr\/produit\/krauterhaus-sanct-bernhard-after-a-bite-roll-on-10-ml-0338-fl-oz\/\" \/>\n<meta property=\"og:site_name\" content=\"ECO Supplements\" \/>\n<meta property=\"article:modified_time\" content=\"2025-08-28T02:20:29+00:00\" \/>\n<meta property=\"og:image\" content=\"https:\/\/ecosupplements.be\/wp-content\/uploads\/2025\/08\/Krauterhaus-Sanct-Bernhard-KRAUTERHAUS-SANCT-BERNHARD-After-a-bite-Roll-on-10-ml-0338-fl.-oz.jpg\" \/>\n\t<meta property=\"og:image:width\" content=\"660\" \/>\n\t<meta property=\"og:image:height\" content=\"660\" \/>\n\t<meta property=\"og:image:type\" content=\"image\/jpeg\" \/>\n<meta name=\"twitter:card\" content=\"summary_large_image\" \/>\n<meta name=\"twitter:label1\" content=\"Prix\" \/>\n\t<meta name=\"twitter:data1\" content=\"5.72&nbsp;&euro;\" \/>\n\t<meta name=\"twitter:label2\" content=\"Disponibilit\u00e9\" \/>\n\t<meta name=\"twitter:data2\" content=\"En stock\" \/>\n<script type=\"application\/ld+json\" class=\"yoast-schema-graph\">{\"@context\":\"https:\\\/\\\/schema.org\",\"@graph\":[{\"@type\":[\"WebPage\",\"ItemPage\"],\"@id\":\"https:\\\/\\\/ecosupplements.be\\\/fr\\\/produit\\\/krauterhaus-sanct-bernhard-after-a-bite-roll-on-10-ml-0338-fl-oz\\\/\",\"url\":\"https:\\\/\\\/ecosupplements.be\\\/fr\\\/produit\\\/krauterhaus-sanct-bernhard-after-a-bite-roll-on-10-ml-0338-fl-oz\\\/\",\"name\":\"Roll-on Apr\u00e8s-Piq\u00fbre KRAUTERHAUS SANCT BERNHARD (10 ml \\\/ 0,338 fl. oz.) - ECO Supplements\",\"isPartOf\":{\"@id\":\"https:\\\/\\\/ecosupplements.be\\\/fr\\\/#website\"},\"primaryImageOfPage\":{\"@id\":\"https:\\\/\\\/ecosupplements.be\\\/fr\\\/produit\\\/krauterhaus-sanct-bernhard-after-a-bite-roll-on-10-ml-0338-fl-oz\\\/#primaryimage\"},\"image\":{\"@id\":\"https:\\\/\\\/ecosupplements.be\\\/fr\\\/produit\\\/krauterhaus-sanct-bernhard-after-a-bite-roll-on-10-ml-0338-fl-oz\\\/#primaryimage\"},\"thumbnailUrl\":\"https:\\\/\\\/ecosupplements.be\\\/wp-content\\\/uploads\\\/2025\\\/08\\\/KRAUTERHAUS-SANCT-BERNHARD-After-a-bite-Roll-on-10-ml-0338-fl.-oz.jpg\",\"datePublished\":\"2025-07-25T17:30:22+00:00\",\"dateModified\":\"2025-08-28T02:20:29+00:00\",\"description\":\"Wij hebben een ruime keuze aan producten van Roll-on Apr\u00e8s-Piq\u00fbre KRAUTERHAUS SANCT BERNHARD (10 ml \\\/ 0,338 fl. oz.) . Winkel bij Eco Supplements altijd gratis verzending boven 100\u20ac\",\"breadcrumb\":{\"@id\":\"https:\\\/\\\/ecosupplements.be\\\/fr\\\/produit\\\/krauterhaus-sanct-bernhard-after-a-bite-roll-on-10-ml-0338-fl-oz\\\/#breadcrumb\"},\"inLanguage\":\"fr-FR\",\"potentialAction\":[{\"@type\":\"ReadAction\",\"target\":[\"https:\\\/\\\/ecosupplements.be\\\/fr\\\/produit\\\/krauterhaus-sanct-bernhard-after-a-bite-roll-on-10-ml-0338-fl-oz\\\/\"]}]},{\"@type\":\"ImageObject\",\"inLanguage\":\"fr-FR\",\"@id\":\"https:\\\/\\\/ecosupplements.be\\\/fr\\\/produit\\\/krauterhaus-sanct-bernhard-after-a-bite-roll-on-10-ml-0338-fl-oz\\\/#primaryimage\",\"url\":\"https:\\\/\\\/ecosupplements.be\\\/wp-content\\\/uploads\\\/2025\\\/08\\\/KRAUTERHAUS-SANCT-BERNHARD-After-a-bite-Roll-on-10-ml-0338-fl.-oz.jpg\",\"contentUrl\":\"https:\\\/\\\/ecosupplements.be\\\/wp-content\\\/uploads\\\/2025\\\/08\\\/KRAUTERHAUS-SANCT-BERNHARD-After-a-bite-Roll-on-10-ml-0338-fl.-oz.jpg\",\"width\":660,\"height\":660},{\"@type\":\"BreadcrumbList\",\"@id\":\"https:\\\/\\\/ecosupplements.be\\\/fr\\\/produit\\\/krauterhaus-sanct-bernhard-after-a-bite-roll-on-10-ml-0338-fl-oz\\\/#breadcrumb\",\"itemListElement\":[{\"@type\":\"ListItem\",\"position\":1,\"name\":\"Home\",\"item\":\"https:\\\/\\\/ecosupplements.be\\\/fr\\\/\"},{\"@type\":\"ListItem\",\"position\":2,\"name\":\"Boutique\",\"item\":\"https:\\\/\\\/ecosupplements.be\\\/fr\\\/boutique\\\/\"},{\"@type\":\"ListItem\",\"position\":3,\"name\":\"Roll-on Apr\u00e8s-Piq\u00fbre KRAUTERHAUS SANCT BERNHARD (10 ml \\\/ 0,338 fl. oz.)\"}]},{\"@type\":\"WebSite\",\"@id\":\"https:\\\/\\\/ecosupplements.be\\\/fr\\\/#website\",\"url\":\"https:\\\/\\\/ecosupplements.be\\\/fr\\\/\",\"name\":\"ECO Supplements\",\"description\":\"Eco Supplements - Gezonde supplementen\",\"publisher\":{\"@id\":\"https:\\\/\\\/ecosupplements.be\\\/fr\\\/#organization\"},\"potentialAction\":[{\"@type\":\"SearchAction\",\"target\":{\"@type\":\"EntryPoint\",\"urlTemplate\":\"https:\\\/\\\/ecosupplements.be\\\/fr\\\/?s={search_term_string}\"},\"query-input\":{\"@type\":\"PropertyValueSpecification\",\"valueRequired\":true,\"valueName\":\"search_term_string\"}}],\"inLanguage\":\"fr-FR\"},{\"@type\":\"Organization\",\"@id\":\"https:\\\/\\\/ecosupplements.be\\\/fr\\\/#organization\",\"name\":\"Eco Supplements\",\"url\":\"https:\\\/\\\/ecosupplements.be\\\/fr\\\/\",\"logo\":{\"@type\":\"ImageObject\",\"inLanguage\":\"fr-FR\",\"@id\":\"https:\\\/\\\/ecosupplements.be\\\/fr\\\/#\\\/schema\\\/logo\\\/image\\\/\",\"url\":\"https:\\\/\\\/ecosupplements.be\\\/wp-content\\\/uploads\\\/2022\\\/06\\\/ecosupplement-family.png\",\"contentUrl\":\"https:\\\/\\\/ecosupplements.be\\\/wp-content\\\/uploads\\\/2022\\\/06\\\/ecosupplement-family.png\",\"width\":593,\"height\":374,\"caption\":\"Eco Supplements\"},\"image\":{\"@id\":\"https:\\\/\\\/ecosupplements.be\\\/fr\\\/#\\\/schema\\\/logo\\\/image\\\/\"}}]}<\/script>\n<meta property=\"product:brand\" content=\"Krauterhaus Sanct Bernhard\" \/>\n<meta property=\"product:price:amount\" content=\"5.72\" \/>\n<meta property=\"product:price:currency\" content=\"EUR\" \/>\n<meta property=\"og:availability\" content=\"instock\" \/>\n<meta property=\"product:availability\" content=\"instock\" \/>\n<meta property=\"product:retailer_item_id\" content=\"4250382202165\" \/>\n<meta property=\"product:condition\" content=\"new\" \/>\n<!-- \/ Yoast SEO Premium plugin. -->","yoast_head_json":{"title":"Roll-on Apr\u00e8s-Piq\u00fbre KRAUTERHAUS SANCT BERNHARD (10 ml \/ 0,338 fl. oz.) - ECO Supplements","description":"Wij hebben een ruime keuze aan producten van Roll-on Apr\u00e8s-Piq\u00fbre KRAUTERHAUS SANCT BERNHARD (10 ml \/ 0,338 fl. oz.) . Winkel bij Eco Supplements altijd gratis verzending boven 100\u20ac","robots":{"index":"index","follow":"follow","max-snippet":"max-snippet:-1","max-image-preview":"max-image-preview:large","max-video-preview":"max-video-preview:-1"},"canonical":"https:\/\/ecosupplements.be\/fr\/produit\/krauterhaus-sanct-bernhard-after-a-bite-roll-on-10-ml-0338-fl-oz\/","og_locale":"fr_FR","og_type":"article","og_title":"Roll-on Apr\u00e8s-Piq\u00fbre KRAUTERHAUS SANCT BERNHARD (10 ml \/ 0,338 fl. oz.)","og_description":"Wij hebben een ruime keuze aan producten van Roll-on Apr\u00e8s-Piq\u00fbre KRAUTERHAUS SANCT BERNHARD (10 ml \/ 0,338 fl. oz.) . Winkel bij Eco Supplements altijd gratis verzending boven 100\u20ac","og_url":"https:\/\/ecosupplements.be\/fr\/produit\/krauterhaus-sanct-bernhard-after-a-bite-roll-on-10-ml-0338-fl-oz\/","og_site_name":"ECO Supplements","article_modified_time":"2025-08-28T02:20:29+00:00","og_image":[{"width":660,"height":660,"url":"https:\/\/ecosupplements.be\/wp-content\/uploads\/2025\/08\/Krauterhaus-Sanct-Bernhard-KRAUTERHAUS-SANCT-BERNHARD-After-a-bite-Roll-on-10-ml-0338-fl.-oz.jpg","type":"image\/jpeg"}],"twitter_card":"summary_large_image","twitter_misc":{"Prix":"5.72&nbsp;&euro;","Disponibilit\u00e9":"En stock"},"schema":{"@context":"https:\/\/schema.org","@graph":[{"@type":["WebPage","ItemPage"],"@id":"https:\/\/ecosupplements.be\/fr\/produit\/krauterhaus-sanct-bernhard-after-a-bite-roll-on-10-ml-0338-fl-oz\/","url":"https:\/\/ecosupplements.be\/fr\/produit\/krauterhaus-sanct-bernhard-after-a-bite-roll-on-10-ml-0338-fl-oz\/","name":"Roll-on Apr\u00e8s-Piq\u00fbre KRAUTERHAUS SANCT BERNHARD (10 ml \/ 0,338 fl. oz.) - ECO Supplements","isPartOf":{"@id":"https:\/\/ecosupplements.be\/fr\/#website"},"primaryImageOfPage":{"@id":"https:\/\/ecosupplements.be\/fr\/produit\/krauterhaus-sanct-bernhard-after-a-bite-roll-on-10-ml-0338-fl-oz\/#primaryimage"},"image":{"@id":"https:\/\/ecosupplements.be\/fr\/produit\/krauterhaus-sanct-bernhard-after-a-bite-roll-on-10-ml-0338-fl-oz\/#primaryimage"},"thumbnailUrl":"https:\/\/ecosupplements.be\/wp-content\/uploads\/2025\/08\/KRAUTERHAUS-SANCT-BERNHARD-After-a-bite-Roll-on-10-ml-0338-fl.-oz.jpg","datePublished":"2025-07-25T17:30:22+00:00","dateModified":"2025-08-28T02:20:29+00:00","description":"Wij hebben een ruime keuze aan producten van Roll-on Apr\u00e8s-Piq\u00fbre KRAUTERHAUS SANCT BERNHARD (10 ml \/ 0,338 fl. oz.) . Winkel bij Eco Supplements altijd gratis verzending boven 100\u20ac","breadcrumb":{"@id":"https:\/\/ecosupplements.be\/fr\/produit\/krauterhaus-sanct-bernhard-after-a-bite-roll-on-10-ml-0338-fl-oz\/#breadcrumb"},"inLanguage":"fr-FR","potentialAction":[{"@type":"ReadAction","target":["https:\/\/ecosupplements.be\/fr\/produit\/krauterhaus-sanct-bernhard-after-a-bite-roll-on-10-ml-0338-fl-oz\/"]}]},{"@type":"ImageObject","inLanguage":"fr-FR","@id":"https:\/\/ecosupplements.be\/fr\/produit\/krauterhaus-sanct-bernhard-after-a-bite-roll-on-10-ml-0338-fl-oz\/#primaryimage","url":"https:\/\/ecosupplements.be\/wp-content\/uploads\/2025\/08\/KRAUTERHAUS-SANCT-BERNHARD-After-a-bite-Roll-on-10-ml-0338-fl.-oz.jpg","contentUrl":"https:\/\/ecosupplements.be\/wp-content\/uploads\/2025\/08\/KRAUTERHAUS-SANCT-BERNHARD-After-a-bite-Roll-on-10-ml-0338-fl.-oz.jpg","width":660,"height":660},{"@type":"BreadcrumbList","@id":"https:\/\/ecosupplements.be\/fr\/produit\/krauterhaus-sanct-bernhard-after-a-bite-roll-on-10-ml-0338-fl-oz\/#breadcrumb","itemListElement":[{"@type":"ListItem","position":1,"name":"Home","item":"https:\/\/ecosupplements.be\/fr\/"},{"@type":"ListItem","position":2,"name":"Boutique","item":"https:\/\/ecosupplements.be\/fr\/boutique\/"},{"@type":"ListItem","position":3,"name":"Roll-on Apr\u00e8s-Piq\u00fbre KRAUTERHAUS SANCT BERNHARD (10 ml \/ 0,338 fl. oz.)"}]},{"@type":"WebSite","@id":"https:\/\/ecosupplements.be\/fr\/#website","url":"https:\/\/ecosupplements.be\/fr\/","name":"ECO Supplements","description":"Eco Supplements - Gezonde supplementen","publisher":{"@id":"https:\/\/ecosupplements.be\/fr\/#organization"},"potentialAction":[{"@type":"SearchAction","target":{"@type":"EntryPoint","urlTemplate":"https:\/\/ecosupplements.be\/fr\/?s={search_term_string}"},"query-input":{"@type":"PropertyValueSpecification","valueRequired":true,"valueName":"search_term_string"}}],"inLanguage":"fr-FR"},{"@type":"Organization","@id":"https:\/\/ecosupplements.be\/fr\/#organization","name":"Eco Supplements","url":"https:\/\/ecosupplements.be\/fr\/","logo":{"@type":"ImageObject","inLanguage":"fr-FR","@id":"https:\/\/ecosupplements.be\/fr\/#\/schema\/logo\/image\/","url":"https:\/\/ecosupplements.be\/wp-content\/uploads\/2022\/06\/ecosupplement-family.png","contentUrl":"https:\/\/ecosupplements.be\/wp-content\/uploads\/2022\/06\/ecosupplement-family.png","width":593,"height":374,"caption":"Eco Supplements"},"image":{"@id":"https:\/\/ecosupplements.be\/fr\/#\/schema\/logo\/image\/"}}]},"product_brand":"Krauterhaus Sanct Bernhard","product_price_amount":"5.72","product_price_currency":"EUR","og_availability":"instock","product_availability":"instock","product_retailer_item_id":"4250382202165","product_condition":"new"},"_links":{"self":[{"href":"https:\/\/ecosupplements.be\/fr\/wp-json\/wp\/v2\/product\/301539","targetHints":{"allow":["GET"]}}],"collection":[{"href":"https:\/\/ecosupplements.be\/fr\/wp-json\/wp\/v2\/product"}],"about":[{"href":"https:\/\/ecosupplements.be\/fr\/wp-json\/wp\/v2\/types\/product"}],"replies":[{"embeddable":true,"href":"https:\/\/ecosupplements.be\/fr\/wp-json\/wp\/v2\/comments?post=301539"}],"wp:featuredmedia":[{"embeddable":true,"href":"https:\/\/ecosupplements.be\/fr\/wp-json\/wp\/v2\/media\/275679"}],"wp:attachment":[{"href":"https:\/\/ecosupplements.be\/fr\/wp-json\/wp\/v2\/media?parent=301539"}],"wp:term":[{"taxonomy":"product_brand","embeddable":true,"href":"https:\/\/ecosupplements.be\/fr\/wp-json\/wp\/v2\/product_brand?post=301539"},{"taxonomy":"product_cat","embeddable":true,"href":"https:\/\/ecosupplements.be\/fr\/wp-json\/wp\/v2\/product_cat?post=301539"},{"taxonomy":"product_tag","embeddable":true,"href":"https:\/\/ecosupplements.be\/fr\/wp-json\/wp\/v2\/product_tag?post=301539"}],"curies":[{"name":"wp","href":"https:\/\/api.w.org\/{rel}","templated":true}]}}