{"id":301584,"date":"2025-07-25T19:30:20","date_gmt":"2025-07-25T18:30:20","guid":{"rendered":"https:\/\/ecosupplements.be\/product\/book-niestabilnosc-stawu-szyjnego-dr-bodo-kuklinski-415-pages\/"},"modified":"2025-08-28T03:21:21","modified_gmt":"2025-08-28T02:21:21","slug":"book-niestabilnosc-stawu-szyjnego-dr-bodo-kuklinski-415-pages","status":"publish","type":"product","link":"https:\/\/ecosupplements.be\/fr\/produit\/book-niestabilnosc-stawu-szyjnego-dr-bodo-kuklinski-415-pages\/","title":{"rendered":"Livre &#8211; Instabilit\u00e9 de l&#8217;articulation cervicale Dr Bodo Kuklinski (415 pages)"},"content":{"rendered":"<p><strong>Nom du produit :<\/strong> BOOK &#8211; Niestabilno\u015b\u0107 stawu szyjnego Dr Bodo Kuklinski<\/p>\n<p><strong>Contenu et emballage :<\/strong> Ce livre de 415 pages est pr\u00e9sent\u00e9 dans un format pratique, id\u00e9al pour une lecture confortable \u00e0 la maison ou en d\u00e9placement.<\/p>\n<p>Ce livre offre une compilation d&#8217;informations enrichissantes,r\u00e9dig\u00e9es par le dr Bodo Kuklinski,qui partage son expertise sur des sujets vari\u00e9s. L&#8217;ouvrage se distingue par sa qualit\u00e9 \u00e9ditoriale et la clart\u00e9 de ses explications.<\/p>\n<p><strong>Ingr\u00e9dients principaux :<\/strong> Le texte est compos\u00e9 d&#8217;une mani\u00e8re accessible et est enrichi de diverses illustrations qui facilitent la compr\u00e9hension des concepts abord\u00e9s. La qualit\u00e9 du papier et l&#8217;impression sont con\u00e7ues pour offrir une exp\u00e9rience de lecture agr\u00e9able.<\/p>\n<p><strong>Utilisation :<\/strong> Id\u00e9al pour les lecteurs cherchant \u00e0 enrichir leur biblioth\u00e8que avec des ouvrages informatifs. Parfait pour une lecture quotidienne ou comme r\u00e9f\u00e9rence occasionnelle.<\/p>\n<p>Ce produit s&#8217;int\u00e8gre harmonieusement dans un mode de vie actif et \u00e9quilibr\u00e9, offrant aux amateurs de lecture un choix parfait alliant qualit\u00e9 et contenu riche.<\/p>\n","protected":false},"excerpt":{"rendered":"<p>Nom du produit : BOOK &#8211; Niestabilno\u015b\u0107 stawu szyjnego Dr Bodo Kuklinski Contenu et emballage : Ce livre de 415 pages est pr\u00e9sent\u00e9 dans un format pratique, id\u00e9al pour une lecture confortable \u00e0 la maison ou en d\u00e9placement. Ce livre offre une compilation d&#8217;informations enrichissantes,r\u00e9dig\u00e9es par le dr Bodo Kuklinski,qui partage son expertise sur des [&#8230;]\n","protected":false},"featured_media":275724,"comment_status":"closed","ping_status":"open","template":"","meta":[],"product_brand":[5365],"product_cat":[5213,5052],"product_tag":[],"class_list":{"0":"post-301584","1":"product","2":"type-product","3":"status-publish","4":"has-post-thumbnail","6":"product_brand-ksiazki-2","7":"product_cat-materiel-educatif","8":"product_cat-sante-et-bien-etre","10":"first","11":"instock","12":"taxable","13":"shipping-taxable","14":"purchasable","15":"product-type-simple"},"yoast_head":"<!-- This site is optimized with the Yoast SEO Premium plugin v27.3 (Yoast SEO v27.3) - https:\/\/yoast.com\/product\/yoast-seo-premium-wordpress\/ -->\n<title>Livre - Instabilit\u00e9 de l&#039;articulation cervicale Dr Bodo Kuklinski (415 pages) - ECO Supplements<\/title>\n<meta name=\"description\" content=\"Wij hebben een ruime keuze aan producten van Livre - Instabilit\u00e9 de l&#039;articulation cervicale Dr Bodo Kuklinski (415 pages) . Winkel bij Eco Supplements altijd gratis verzending boven 100\u20ac\" \/>\n<meta name=\"robots\" content=\"index, follow, max-snippet:-1, max-image-preview:large, max-video-preview:-1\" \/>\n<link rel=\"canonical\" href=\"https:\/\/ecosupplements.be\/fr\/produit\/book-niestabilnosc-stawu-szyjnego-dr-bodo-kuklinski-415-pages\/\" \/>\n<meta property=\"og:locale\" content=\"fr_FR\" \/>\n<meta property=\"og:type\" content=\"article\" \/>\n<meta property=\"og:title\" content=\"Livre - Instabilit\u00e9 de l&#039;articulation cervicale Dr Bodo Kuklinski (415 pages)\" \/>\n<meta property=\"og:description\" content=\"Wij hebben een ruime keuze aan producten van Livre - Instabilit\u00e9 de l&#039;articulation cervicale Dr Bodo Kuklinski (415 pages) . Winkel bij Eco Supplements altijd gratis verzending boven 100\u20ac\" \/>\n<meta property=\"og:url\" content=\"https:\/\/ecosupplements.be\/fr\/produit\/book-niestabilnosc-stawu-szyjnego-dr-bodo-kuklinski-415-pages\/\" \/>\n<meta property=\"og:site_name\" content=\"ECO Supplements\" \/>\n<meta property=\"article:modified_time\" content=\"2025-08-28T02:21:21+00:00\" \/>\n<meta property=\"og:image\" content=\"https:\/\/ecosupplements.be\/wp-content\/uploads\/2025\/08\/Ksiazki-BOOK-Niestabilnosc-stawu-szyjnego-Dr-Bodo-Kuklinski-415-pages.jpg\" \/>\n\t<meta property=\"og:image:width\" content=\"357\" \/>\n\t<meta property=\"og:image:height\" content=\"496\" \/>\n\t<meta property=\"og:image:type\" content=\"image\/jpeg\" \/>\n<meta name=\"twitter:card\" content=\"summary_large_image\" \/>\n<meta name=\"twitter:label1\" content=\"Prix\" \/>\n\t<meta name=\"twitter:data1\" content=\"32.68&nbsp;&euro;\" \/>\n\t<meta name=\"twitter:label2\" content=\"Disponibilit\u00e9\" \/>\n\t<meta name=\"twitter:data2\" content=\"En stock\" \/>\n<script type=\"application\/ld+json\" class=\"yoast-schema-graph\">{\"@context\":\"https:\\\/\\\/schema.org\",\"@graph\":[{\"@type\":[\"WebPage\",\"ItemPage\"],\"@id\":\"https:\\\/\\\/ecosupplements.be\\\/fr\\\/produit\\\/book-niestabilnosc-stawu-szyjnego-dr-bodo-kuklinski-415-pages\\\/\",\"url\":\"https:\\\/\\\/ecosupplements.be\\\/fr\\\/produit\\\/book-niestabilnosc-stawu-szyjnego-dr-bodo-kuklinski-415-pages\\\/\",\"name\":\"Livre - Instabilit\u00e9 de l'articulation cervicale Dr Bodo Kuklinski (415 pages) - ECO Supplements\",\"isPartOf\":{\"@id\":\"https:\\\/\\\/ecosupplements.be\\\/fr\\\/#website\"},\"primaryImageOfPage\":{\"@id\":\"https:\\\/\\\/ecosupplements.be\\\/fr\\\/produit\\\/book-niestabilnosc-stawu-szyjnego-dr-bodo-kuklinski-415-pages\\\/#primaryimage\"},\"image\":{\"@id\":\"https:\\\/\\\/ecosupplements.be\\\/fr\\\/produit\\\/book-niestabilnosc-stawu-szyjnego-dr-bodo-kuklinski-415-pages\\\/#primaryimage\"},\"thumbnailUrl\":\"https:\\\/\\\/ecosupplements.be\\\/wp-content\\\/uploads\\\/2025\\\/08\\\/BOOK-Niestabilnosc-stawu-szyjnego-Dr-Bodo-Kuklinski-415-pages.jpg\",\"datePublished\":\"2025-07-25T18:30:20+00:00\",\"dateModified\":\"2025-08-28T02:21:21+00:00\",\"description\":\"Wij hebben een ruime keuze aan producten van Livre - Instabilit\u00e9 de l'articulation cervicale Dr Bodo Kuklinski (415 pages) . Winkel bij Eco Supplements altijd gratis verzending boven 100\u20ac\",\"breadcrumb\":{\"@id\":\"https:\\\/\\\/ecosupplements.be\\\/fr\\\/produit\\\/book-niestabilnosc-stawu-szyjnego-dr-bodo-kuklinski-415-pages\\\/#breadcrumb\"},\"inLanguage\":\"fr-FR\",\"potentialAction\":[{\"@type\":\"ReadAction\",\"target\":[\"https:\\\/\\\/ecosupplements.be\\\/fr\\\/produit\\\/book-niestabilnosc-stawu-szyjnego-dr-bodo-kuklinski-415-pages\\\/\"]}]},{\"@type\":\"ImageObject\",\"inLanguage\":\"fr-FR\",\"@id\":\"https:\\\/\\\/ecosupplements.be\\\/fr\\\/produit\\\/book-niestabilnosc-stawu-szyjnego-dr-bodo-kuklinski-415-pages\\\/#primaryimage\",\"url\":\"https:\\\/\\\/ecosupplements.be\\\/wp-content\\\/uploads\\\/2025\\\/08\\\/BOOK-Niestabilnosc-stawu-szyjnego-Dr-Bodo-Kuklinski-415-pages.jpg\",\"contentUrl\":\"https:\\\/\\\/ecosupplements.be\\\/wp-content\\\/uploads\\\/2025\\\/08\\\/BOOK-Niestabilnosc-stawu-szyjnego-Dr-Bodo-Kuklinski-415-pages.jpg\",\"width\":357,\"height\":496},{\"@type\":\"BreadcrumbList\",\"@id\":\"https:\\\/\\\/ecosupplements.be\\\/fr\\\/produit\\\/book-niestabilnosc-stawu-szyjnego-dr-bodo-kuklinski-415-pages\\\/#breadcrumb\",\"itemListElement\":[{\"@type\":\"ListItem\",\"position\":1,\"name\":\"Home\",\"item\":\"https:\\\/\\\/ecosupplements.be\\\/fr\\\/\"},{\"@type\":\"ListItem\",\"position\":2,\"name\":\"Boutique\",\"item\":\"https:\\\/\\\/ecosupplements.be\\\/fr\\\/boutique\\\/\"},{\"@type\":\"ListItem\",\"position\":3,\"name\":\"Livre &#8211; Instabilit\u00e9 de l&#8217;articulation cervicale Dr Bodo Kuklinski (415 pages)\"}]},{\"@type\":\"WebSite\",\"@id\":\"https:\\\/\\\/ecosupplements.be\\\/fr\\\/#website\",\"url\":\"https:\\\/\\\/ecosupplements.be\\\/fr\\\/\",\"name\":\"ECO Supplements\",\"description\":\"Eco Supplements - Gezonde supplementen\",\"publisher\":{\"@id\":\"https:\\\/\\\/ecosupplements.be\\\/fr\\\/#organization\"},\"potentialAction\":[{\"@type\":\"SearchAction\",\"target\":{\"@type\":\"EntryPoint\",\"urlTemplate\":\"https:\\\/\\\/ecosupplements.be\\\/fr\\\/?s={search_term_string}\"},\"query-input\":{\"@type\":\"PropertyValueSpecification\",\"valueRequired\":true,\"valueName\":\"search_term_string\"}}],\"inLanguage\":\"fr-FR\"},{\"@type\":\"Organization\",\"@id\":\"https:\\\/\\\/ecosupplements.be\\\/fr\\\/#organization\",\"name\":\"Eco Supplements\",\"url\":\"https:\\\/\\\/ecosupplements.be\\\/fr\\\/\",\"logo\":{\"@type\":\"ImageObject\",\"inLanguage\":\"fr-FR\",\"@id\":\"https:\\\/\\\/ecosupplements.be\\\/fr\\\/#\\\/schema\\\/logo\\\/image\\\/\",\"url\":\"https:\\\/\\\/ecosupplements.be\\\/wp-content\\\/uploads\\\/2022\\\/06\\\/ecosupplement-family.png\",\"contentUrl\":\"https:\\\/\\\/ecosupplements.be\\\/wp-content\\\/uploads\\\/2022\\\/06\\\/ecosupplement-family.png\",\"width\":593,\"height\":374,\"caption\":\"Eco Supplements\"},\"image\":{\"@id\":\"https:\\\/\\\/ecosupplements.be\\\/fr\\\/#\\\/schema\\\/logo\\\/image\\\/\"}}]}<\/script>\n<meta property=\"product:brand\" content=\"Ksi\u0105\u017cki\" \/>\n<meta property=\"product:price:amount\" content=\"32.68\" \/>\n<meta property=\"product:price:currency\" content=\"EUR\" \/>\n<meta property=\"og:availability\" content=\"instock\" \/>\n<meta property=\"product:availability\" content=\"instock\" \/>\n<meta property=\"product:retailer_item_id\" content=\"9788394794118\" \/>\n<meta property=\"product:condition\" content=\"new\" \/>\n<!-- \/ Yoast SEO Premium plugin. -->","yoast_head_json":{"title":"Livre - Instabilit\u00e9 de l'articulation cervicale Dr Bodo Kuklinski (415 pages) - ECO Supplements","description":"Wij hebben een ruime keuze aan producten van Livre - Instabilit\u00e9 de l'articulation cervicale Dr Bodo Kuklinski (415 pages) . Winkel bij Eco Supplements altijd gratis verzending boven 100\u20ac","robots":{"index":"index","follow":"follow","max-snippet":"max-snippet:-1","max-image-preview":"max-image-preview:large","max-video-preview":"max-video-preview:-1"},"canonical":"https:\/\/ecosupplements.be\/fr\/produit\/book-niestabilnosc-stawu-szyjnego-dr-bodo-kuklinski-415-pages\/","og_locale":"fr_FR","og_type":"article","og_title":"Livre - Instabilit\u00e9 de l'articulation cervicale Dr Bodo Kuklinski (415 pages)","og_description":"Wij hebben een ruime keuze aan producten van Livre - Instabilit\u00e9 de l'articulation cervicale Dr Bodo Kuklinski (415 pages) . Winkel bij Eco Supplements altijd gratis verzending boven 100\u20ac","og_url":"https:\/\/ecosupplements.be\/fr\/produit\/book-niestabilnosc-stawu-szyjnego-dr-bodo-kuklinski-415-pages\/","og_site_name":"ECO Supplements","article_modified_time":"2025-08-28T02:21:21+00:00","og_image":[{"width":357,"height":496,"url":"https:\/\/ecosupplements.be\/wp-content\/uploads\/2025\/08\/Ksiazki-BOOK-Niestabilnosc-stawu-szyjnego-Dr-Bodo-Kuklinski-415-pages.jpg","type":"image\/jpeg"}],"twitter_card":"summary_large_image","twitter_misc":{"Prix":"32.68&nbsp;&euro;","Disponibilit\u00e9":"En stock"},"schema":{"@context":"https:\/\/schema.org","@graph":[{"@type":["WebPage","ItemPage"],"@id":"https:\/\/ecosupplements.be\/fr\/produit\/book-niestabilnosc-stawu-szyjnego-dr-bodo-kuklinski-415-pages\/","url":"https:\/\/ecosupplements.be\/fr\/produit\/book-niestabilnosc-stawu-szyjnego-dr-bodo-kuklinski-415-pages\/","name":"Livre - Instabilit\u00e9 de l'articulation cervicale Dr Bodo Kuklinski (415 pages) - ECO Supplements","isPartOf":{"@id":"https:\/\/ecosupplements.be\/fr\/#website"},"primaryImageOfPage":{"@id":"https:\/\/ecosupplements.be\/fr\/produit\/book-niestabilnosc-stawu-szyjnego-dr-bodo-kuklinski-415-pages\/#primaryimage"},"image":{"@id":"https:\/\/ecosupplements.be\/fr\/produit\/book-niestabilnosc-stawu-szyjnego-dr-bodo-kuklinski-415-pages\/#primaryimage"},"thumbnailUrl":"https:\/\/ecosupplements.be\/wp-content\/uploads\/2025\/08\/BOOK-Niestabilnosc-stawu-szyjnego-Dr-Bodo-Kuklinski-415-pages.jpg","datePublished":"2025-07-25T18:30:20+00:00","dateModified":"2025-08-28T02:21:21+00:00","description":"Wij hebben een ruime keuze aan producten van Livre - Instabilit\u00e9 de l'articulation cervicale Dr Bodo Kuklinski (415 pages) . Winkel bij Eco Supplements altijd gratis verzending boven 100\u20ac","breadcrumb":{"@id":"https:\/\/ecosupplements.be\/fr\/produit\/book-niestabilnosc-stawu-szyjnego-dr-bodo-kuklinski-415-pages\/#breadcrumb"},"inLanguage":"fr-FR","potentialAction":[{"@type":"ReadAction","target":["https:\/\/ecosupplements.be\/fr\/produit\/book-niestabilnosc-stawu-szyjnego-dr-bodo-kuklinski-415-pages\/"]}]},{"@type":"ImageObject","inLanguage":"fr-FR","@id":"https:\/\/ecosupplements.be\/fr\/produit\/book-niestabilnosc-stawu-szyjnego-dr-bodo-kuklinski-415-pages\/#primaryimage","url":"https:\/\/ecosupplements.be\/wp-content\/uploads\/2025\/08\/BOOK-Niestabilnosc-stawu-szyjnego-Dr-Bodo-Kuklinski-415-pages.jpg","contentUrl":"https:\/\/ecosupplements.be\/wp-content\/uploads\/2025\/08\/BOOK-Niestabilnosc-stawu-szyjnego-Dr-Bodo-Kuklinski-415-pages.jpg","width":357,"height":496},{"@type":"BreadcrumbList","@id":"https:\/\/ecosupplements.be\/fr\/produit\/book-niestabilnosc-stawu-szyjnego-dr-bodo-kuklinski-415-pages\/#breadcrumb","itemListElement":[{"@type":"ListItem","position":1,"name":"Home","item":"https:\/\/ecosupplements.be\/fr\/"},{"@type":"ListItem","position":2,"name":"Boutique","item":"https:\/\/ecosupplements.be\/fr\/boutique\/"},{"@type":"ListItem","position":3,"name":"Livre &#8211; Instabilit\u00e9 de l&#8217;articulation cervicale Dr Bodo Kuklinski (415 pages)"}]},{"@type":"WebSite","@id":"https:\/\/ecosupplements.be\/fr\/#website","url":"https:\/\/ecosupplements.be\/fr\/","name":"ECO Supplements","description":"Eco Supplements - Gezonde supplementen","publisher":{"@id":"https:\/\/ecosupplements.be\/fr\/#organization"},"potentialAction":[{"@type":"SearchAction","target":{"@type":"EntryPoint","urlTemplate":"https:\/\/ecosupplements.be\/fr\/?s={search_term_string}"},"query-input":{"@type":"PropertyValueSpecification","valueRequired":true,"valueName":"search_term_string"}}],"inLanguage":"fr-FR"},{"@type":"Organization","@id":"https:\/\/ecosupplements.be\/fr\/#organization","name":"Eco Supplements","url":"https:\/\/ecosupplements.be\/fr\/","logo":{"@type":"ImageObject","inLanguage":"fr-FR","@id":"https:\/\/ecosupplements.be\/fr\/#\/schema\/logo\/image\/","url":"https:\/\/ecosupplements.be\/wp-content\/uploads\/2022\/06\/ecosupplement-family.png","contentUrl":"https:\/\/ecosupplements.be\/wp-content\/uploads\/2022\/06\/ecosupplement-family.png","width":593,"height":374,"caption":"Eco Supplements"},"image":{"@id":"https:\/\/ecosupplements.be\/fr\/#\/schema\/logo\/image\/"}}]},"product_brand":"Ksi\u0105\u017cki","product_price_amount":"32.68","product_price_currency":"EUR","og_availability":"instock","product_availability":"instock","product_retailer_item_id":"9788394794118","product_condition":"new"},"_links":{"self":[{"href":"https:\/\/ecosupplements.be\/fr\/wp-json\/wp\/v2\/product\/301584","targetHints":{"allow":["GET"]}}],"collection":[{"href":"https:\/\/ecosupplements.be\/fr\/wp-json\/wp\/v2\/product"}],"about":[{"href":"https:\/\/ecosupplements.be\/fr\/wp-json\/wp\/v2\/types\/product"}],"replies":[{"embeddable":true,"href":"https:\/\/ecosupplements.be\/fr\/wp-json\/wp\/v2\/comments?post=301584"}],"wp:featuredmedia":[{"embeddable":true,"href":"https:\/\/ecosupplements.be\/fr\/wp-json\/wp\/v2\/media\/275724"}],"wp:attachment":[{"href":"https:\/\/ecosupplements.be\/fr\/wp-json\/wp\/v2\/media?parent=301584"}],"wp:term":[{"taxonomy":"product_brand","embeddable":true,"href":"https:\/\/ecosupplements.be\/fr\/wp-json\/wp\/v2\/product_brand?post=301584"},{"taxonomy":"product_cat","embeddable":true,"href":"https:\/\/ecosupplements.be\/fr\/wp-json\/wp\/v2\/product_cat?post=301584"},{"taxonomy":"product_tag","embeddable":true,"href":"https:\/\/ecosupplements.be\/fr\/wp-json\/wp\/v2\/product_tag?post=301584"}],"curies":[{"name":"wp","href":"https:\/\/api.w.org\/{rel}","templated":true}]}}