{"id":301617,"date":"2025-07-25T20:00:26","date_gmt":"2025-07-25T19:00:26","guid":{"rendered":"https:\/\/ecosupplements.be\/product\/labs212-b9-folate-5-mthf-60-vcaps\/"},"modified":"2025-08-28T03:22:02","modified_gmt":"2025-08-28T02:22:02","slug":"labs212-b9-folate-5-mthf-60-vcaps","status":"publish","type":"product","link":"https:\/\/ecosupplements.be\/fr\/produit\/labs212-b9-folate-5-mthf-60-vcaps\/","title":{"rendered":"Labs212 B9 Folates 5-MTHF (60 g\u00e9lules)"},"content":{"rendered":"<p><strong>Nom du produit :<\/strong> LABS212 B9 Folate 5-MTHF (60 vcaps)<\/p>\n<p><strong>Description :<\/strong> D\u00e9couvrez un choix naturel avec le LABS212 B9 Folate 5-MTHF, con\u00e7u pour s&#8217;int\u00e9grer harmonieusement \u00e0 votre quotidien. Ce produit est formul\u00e9 \u00e0 partir d&#8217;ingr\u00e9dients de haute qualit\u00e9 et d&#8217;origine naturelle, offrant une exp\u00e9rience pure et simple.<\/p>\n<p><strong>Ingr\u00e9dients principaux :<\/strong> Contient de la Quatrefolic\u00ae &#8211; S\u00f3l glukozaminowa kwasu (65)-5-metylotetrahydrofoliowego, b\u0142onnik z akacji (fibre d&#8217;acacia), L-leucine. Ces composants sont choisis pour leur grande puret\u00e9 et leur origine naturelle.<\/p>\n<p><strong>Contenu et emballage :<\/strong> Chaque bo\u00eete contient 60 capsules v\u00e9g\u00e9tales faciles \u00e0 utiliser.<\/p>\n<p><strong>Utilisation :<\/strong> Prendre une capsule par jour avec de l&#8217;eau. ce format pratique facilite l&#8217;int\u00e9gration du produit dans votre routine quotidienne.<\/p>\n<p><strong>Caract\u00e9ristiques pratiques :<\/strong> Les capsules v\u00e9g\u00e9tales Vcaps\u00aePlus utilis\u00e9es dans ce produit sont con\u00e7ues pour \u00eatre simples \u00e0 prendre. Elles ne contiennent aucun ar\u00f4me artificiel, mettant en avant la qualit\u00e9 naturelle des ingr\u00e9dients.<\/p>\n<p>Ce compl\u00e9ment est un excellent ajout pour ceux qui appr\u00e9cient les produits purs et sans complications dans leur r\u00e9gime quotidien. Il est \u00e9galement adapt\u00e9 aux v\u00e9gans.<\/p>\n","protected":false},"excerpt":{"rendered":"<p>Nom du produit : LABS212 B9 Folate 5-MTHF (60 vcaps) Description : D\u00e9couvrez un choix naturel avec le LABS212 B9 Folate 5-MTHF, con\u00e7u pour s&#8217;int\u00e9grer harmonieusement \u00e0 votre quotidien. Ce produit est formul\u00e9 \u00e0 partir d&#8217;ingr\u00e9dients de haute qualit\u00e9 et d&#8217;origine naturelle, offrant une exp\u00e9rience pure et simple. Ingr\u00e9dients principaux : Contient de la Quatrefolic\u00ae [&#8230;]\n","protected":false},"featured_media":275757,"comment_status":"closed","ping_status":"open","template":"","meta":[],"product_brand":[5366],"product_cat":[5053],"product_tag":[],"class_list":{"0":"post-301617","1":"product","2":"type-product","3":"status-publish","4":"has-post-thumbnail","6":"product_brand-labs212-2","7":"product_cat-vitamines-et-mineraux","9":"first","10":"instock","11":"taxable","12":"shipping-taxable","13":"purchasable","14":"product-type-simple"},"yoast_head":"<!-- This site is optimized with the Yoast SEO Premium plugin v27.5 (Yoast SEO v27.5) - https:\/\/yoast.com\/product\/yoast-seo-premium-wordpress\/ -->\n<title>Labs212 B9 Folates 5-MTHF (60 g\u00e9lules) - ECO Supplements<\/title>\n<meta name=\"description\" content=\"Wij hebben een ruime keuze aan producten van Labs212 B9 Folates 5-MTHF (60 g\u00e9lules) . Winkel bij Eco Supplements altijd gratis verzending boven 100\u20ac\" \/>\n<meta name=\"robots\" content=\"index, follow, max-snippet:-1, max-image-preview:large, max-video-preview:-1\" \/>\n<link rel=\"canonical\" href=\"https:\/\/ecosupplements.be\/fr\/produit\/labs212-b9-folate-5-mthf-60-vcaps\/\" \/>\n<meta property=\"og:locale\" content=\"fr_FR\" \/>\n<meta property=\"og:type\" content=\"article\" \/>\n<meta property=\"og:title\" content=\"Labs212 B9 Folates 5-MTHF (60 g\u00e9lules)\" \/>\n<meta property=\"og:description\" content=\"Wij hebben een ruime keuze aan producten van Labs212 B9 Folates 5-MTHF (60 g\u00e9lules) . Winkel bij Eco Supplements altijd gratis verzending boven 100\u20ac\" \/>\n<meta property=\"og:url\" content=\"https:\/\/ecosupplements.be\/fr\/produit\/labs212-b9-folate-5-mthf-60-vcaps\/\" \/>\n<meta property=\"og:site_name\" content=\"ECO Supplements\" \/>\n<meta property=\"article:modified_time\" content=\"2025-08-28T02:22:02+00:00\" \/>\n<meta property=\"og:image\" content=\"https:\/\/ecosupplements.be\/wp-content\/uploads\/2025\/08\/Labs212-LABS212-B9-Folate-5-MTHF-60-vcaps.jpg\" \/>\n\t<meta property=\"og:image:width\" content=\"826\" \/>\n\t<meta property=\"og:image:height\" content=\"958\" \/>\n\t<meta property=\"og:image:type\" content=\"image\/jpeg\" \/>\n<meta name=\"twitter:card\" content=\"summary_large_image\" \/>\n<meta name=\"twitter:label1\" content=\"Prix\" \/>\n\t<meta name=\"twitter:data1\" content=\"11.26&nbsp;&euro;\" \/>\n\t<meta name=\"twitter:label2\" content=\"Disponibilit\u00e9\" \/>\n\t<meta name=\"twitter:data2\" content=\"En stock\" \/>\n<script type=\"application\/ld+json\" class=\"yoast-schema-graph\">{\"@context\":\"https:\\\/\\\/schema.org\",\"@graph\":[{\"@type\":[\"WebPage\",\"ItemPage\"],\"@id\":\"https:\\\/\\\/ecosupplements.be\\\/fr\\\/produit\\\/labs212-b9-folate-5-mthf-60-vcaps\\\/\",\"url\":\"https:\\\/\\\/ecosupplements.be\\\/fr\\\/produit\\\/labs212-b9-folate-5-mthf-60-vcaps\\\/\",\"name\":\"Labs212 B9 Folates 5-MTHF (60 g\u00e9lules) - ECO Supplements\",\"isPartOf\":{\"@id\":\"https:\\\/\\\/ecosupplements.be\\\/fr\\\/#website\"},\"primaryImageOfPage\":{\"@id\":\"https:\\\/\\\/ecosupplements.be\\\/fr\\\/produit\\\/labs212-b9-folate-5-mthf-60-vcaps\\\/#primaryimage\"},\"image\":{\"@id\":\"https:\\\/\\\/ecosupplements.be\\\/fr\\\/produit\\\/labs212-b9-folate-5-mthf-60-vcaps\\\/#primaryimage\"},\"thumbnailUrl\":\"https:\\\/\\\/ecosupplements.be\\\/wp-content\\\/uploads\\\/2025\\\/08\\\/LABS212-B9-Folate-5-MTHF-60-vcaps.jpg\",\"datePublished\":\"2025-07-25T19:00:26+00:00\",\"dateModified\":\"2025-08-28T02:22:02+00:00\",\"description\":\"Wij hebben een ruime keuze aan producten van Labs212 B9 Folates 5-MTHF (60 g\u00e9lules) . Winkel bij Eco Supplements altijd gratis verzending boven 100\u20ac\",\"breadcrumb\":{\"@id\":\"https:\\\/\\\/ecosupplements.be\\\/fr\\\/produit\\\/labs212-b9-folate-5-mthf-60-vcaps\\\/#breadcrumb\"},\"inLanguage\":\"fr-FR\",\"potentialAction\":[{\"@type\":\"ReadAction\",\"target\":[\"https:\\\/\\\/ecosupplements.be\\\/fr\\\/produit\\\/labs212-b9-folate-5-mthf-60-vcaps\\\/\"]}]},{\"@type\":\"ImageObject\",\"inLanguage\":\"fr-FR\",\"@id\":\"https:\\\/\\\/ecosupplements.be\\\/fr\\\/produit\\\/labs212-b9-folate-5-mthf-60-vcaps\\\/#primaryimage\",\"url\":\"https:\\\/\\\/ecosupplements.be\\\/wp-content\\\/uploads\\\/2025\\\/08\\\/LABS212-B9-Folate-5-MTHF-60-vcaps.jpg\",\"contentUrl\":\"https:\\\/\\\/ecosupplements.be\\\/wp-content\\\/uploads\\\/2025\\\/08\\\/LABS212-B9-Folate-5-MTHF-60-vcaps.jpg\",\"width\":826,\"height\":958},{\"@type\":\"BreadcrumbList\",\"@id\":\"https:\\\/\\\/ecosupplements.be\\\/fr\\\/produit\\\/labs212-b9-folate-5-mthf-60-vcaps\\\/#breadcrumb\",\"itemListElement\":[{\"@type\":\"ListItem\",\"position\":1,\"name\":\"Home\",\"item\":\"https:\\\/\\\/ecosupplements.be\\\/fr\\\/\"},{\"@type\":\"ListItem\",\"position\":2,\"name\":\"Boutique\",\"item\":\"https:\\\/\\\/ecosupplements.be\\\/fr\\\/boutique\\\/\"},{\"@type\":\"ListItem\",\"position\":3,\"name\":\"Labs212 B9 Folates 5-MTHF (60 g\u00e9lules)\"}]},{\"@type\":\"WebSite\",\"@id\":\"https:\\\/\\\/ecosupplements.be\\\/fr\\\/#website\",\"url\":\"https:\\\/\\\/ecosupplements.be\\\/fr\\\/\",\"name\":\"ECO Supplements\",\"description\":\"Eco Supplements - Gezonde supplementen\",\"publisher\":{\"@id\":\"https:\\\/\\\/ecosupplements.be\\\/fr\\\/#organization\"},\"potentialAction\":[{\"@type\":\"SearchAction\",\"target\":{\"@type\":\"EntryPoint\",\"urlTemplate\":\"https:\\\/\\\/ecosupplements.be\\\/fr\\\/?s={search_term_string}\"},\"query-input\":{\"@type\":\"PropertyValueSpecification\",\"valueRequired\":true,\"valueName\":\"search_term_string\"}}],\"inLanguage\":\"fr-FR\"},{\"@type\":\"Organization\",\"@id\":\"https:\\\/\\\/ecosupplements.be\\\/fr\\\/#organization\",\"name\":\"Eco Supplements\",\"url\":\"https:\\\/\\\/ecosupplements.be\\\/fr\\\/\",\"logo\":{\"@type\":\"ImageObject\",\"inLanguage\":\"fr-FR\",\"@id\":\"https:\\\/\\\/ecosupplements.be\\\/fr\\\/#\\\/schema\\\/logo\\\/image\\\/\",\"url\":\"https:\\\/\\\/ecosupplements.be\\\/wp-content\\\/uploads\\\/2022\\\/06\\\/ecosupplement-family.png\",\"contentUrl\":\"https:\\\/\\\/ecosupplements.be\\\/wp-content\\\/uploads\\\/2022\\\/06\\\/ecosupplement-family.png\",\"width\":593,\"height\":374,\"caption\":\"Eco Supplements\"},\"image\":{\"@id\":\"https:\\\/\\\/ecosupplements.be\\\/fr\\\/#\\\/schema\\\/logo\\\/image\\\/\"}}]}<\/script>\n<meta property=\"product:brand\" content=\"Labs212\" \/>\n<meta property=\"product:price:amount\" content=\"11.26\" \/>\n<meta property=\"product:price:currency\" content=\"EUR\" \/>\n<meta property=\"og:availability\" content=\"instock\" \/>\n<meta property=\"product:availability\" content=\"instock\" \/>\n<meta property=\"product:retailer_item_id\" content=\"5903943955695\" \/>\n<meta property=\"product:condition\" content=\"new\" \/>\n<!-- \/ Yoast SEO Premium plugin. -->","yoast_head_json":{"title":"Labs212 B9 Folates 5-MTHF (60 g\u00e9lules) - ECO Supplements","description":"Wij hebben een ruime keuze aan producten van Labs212 B9 Folates 5-MTHF (60 g\u00e9lules) . Winkel bij Eco Supplements altijd gratis verzending boven 100\u20ac","robots":{"index":"index","follow":"follow","max-snippet":"max-snippet:-1","max-image-preview":"max-image-preview:large","max-video-preview":"max-video-preview:-1"},"canonical":"https:\/\/ecosupplements.be\/fr\/produit\/labs212-b9-folate-5-mthf-60-vcaps\/","og_locale":"fr_FR","og_type":"article","og_title":"Labs212 B9 Folates 5-MTHF (60 g\u00e9lules)","og_description":"Wij hebben een ruime keuze aan producten van Labs212 B9 Folates 5-MTHF (60 g\u00e9lules) . Winkel bij Eco Supplements altijd gratis verzending boven 100\u20ac","og_url":"https:\/\/ecosupplements.be\/fr\/produit\/labs212-b9-folate-5-mthf-60-vcaps\/","og_site_name":"ECO Supplements","article_modified_time":"2025-08-28T02:22:02+00:00","og_image":[{"width":826,"height":958,"url":"https:\/\/ecosupplements.be\/wp-content\/uploads\/2025\/08\/Labs212-LABS212-B9-Folate-5-MTHF-60-vcaps.jpg","type":"image\/jpeg"}],"twitter_card":"summary_large_image","twitter_misc":{"Prix":"11.26&nbsp;&euro;","Disponibilit\u00e9":"En stock"},"schema":{"@context":"https:\/\/schema.org","@graph":[{"@type":["WebPage","ItemPage"],"@id":"https:\/\/ecosupplements.be\/fr\/produit\/labs212-b9-folate-5-mthf-60-vcaps\/","url":"https:\/\/ecosupplements.be\/fr\/produit\/labs212-b9-folate-5-mthf-60-vcaps\/","name":"Labs212 B9 Folates 5-MTHF (60 g\u00e9lules) - ECO Supplements","isPartOf":{"@id":"https:\/\/ecosupplements.be\/fr\/#website"},"primaryImageOfPage":{"@id":"https:\/\/ecosupplements.be\/fr\/produit\/labs212-b9-folate-5-mthf-60-vcaps\/#primaryimage"},"image":{"@id":"https:\/\/ecosupplements.be\/fr\/produit\/labs212-b9-folate-5-mthf-60-vcaps\/#primaryimage"},"thumbnailUrl":"https:\/\/ecosupplements.be\/wp-content\/uploads\/2025\/08\/LABS212-B9-Folate-5-MTHF-60-vcaps.jpg","datePublished":"2025-07-25T19:00:26+00:00","dateModified":"2025-08-28T02:22:02+00:00","description":"Wij hebben een ruime keuze aan producten van Labs212 B9 Folates 5-MTHF (60 g\u00e9lules) . Winkel bij Eco Supplements altijd gratis verzending boven 100\u20ac","breadcrumb":{"@id":"https:\/\/ecosupplements.be\/fr\/produit\/labs212-b9-folate-5-mthf-60-vcaps\/#breadcrumb"},"inLanguage":"fr-FR","potentialAction":[{"@type":"ReadAction","target":["https:\/\/ecosupplements.be\/fr\/produit\/labs212-b9-folate-5-mthf-60-vcaps\/"]}]},{"@type":"ImageObject","inLanguage":"fr-FR","@id":"https:\/\/ecosupplements.be\/fr\/produit\/labs212-b9-folate-5-mthf-60-vcaps\/#primaryimage","url":"https:\/\/ecosupplements.be\/wp-content\/uploads\/2025\/08\/LABS212-B9-Folate-5-MTHF-60-vcaps.jpg","contentUrl":"https:\/\/ecosupplements.be\/wp-content\/uploads\/2025\/08\/LABS212-B9-Folate-5-MTHF-60-vcaps.jpg","width":826,"height":958},{"@type":"BreadcrumbList","@id":"https:\/\/ecosupplements.be\/fr\/produit\/labs212-b9-folate-5-mthf-60-vcaps\/#breadcrumb","itemListElement":[{"@type":"ListItem","position":1,"name":"Home","item":"https:\/\/ecosupplements.be\/fr\/"},{"@type":"ListItem","position":2,"name":"Boutique","item":"https:\/\/ecosupplements.be\/fr\/boutique\/"},{"@type":"ListItem","position":3,"name":"Labs212 B9 Folates 5-MTHF (60 g\u00e9lules)"}]},{"@type":"WebSite","@id":"https:\/\/ecosupplements.be\/fr\/#website","url":"https:\/\/ecosupplements.be\/fr\/","name":"ECO Supplements","description":"Eco Supplements - Gezonde supplementen","publisher":{"@id":"https:\/\/ecosupplements.be\/fr\/#organization"},"potentialAction":[{"@type":"SearchAction","target":{"@type":"EntryPoint","urlTemplate":"https:\/\/ecosupplements.be\/fr\/?s={search_term_string}"},"query-input":{"@type":"PropertyValueSpecification","valueRequired":true,"valueName":"search_term_string"}}],"inLanguage":"fr-FR"},{"@type":"Organization","@id":"https:\/\/ecosupplements.be\/fr\/#organization","name":"Eco Supplements","url":"https:\/\/ecosupplements.be\/fr\/","logo":{"@type":"ImageObject","inLanguage":"fr-FR","@id":"https:\/\/ecosupplements.be\/fr\/#\/schema\/logo\/image\/","url":"https:\/\/ecosupplements.be\/wp-content\/uploads\/2022\/06\/ecosupplement-family.png","contentUrl":"https:\/\/ecosupplements.be\/wp-content\/uploads\/2022\/06\/ecosupplement-family.png","width":593,"height":374,"caption":"Eco Supplements"},"image":{"@id":"https:\/\/ecosupplements.be\/fr\/#\/schema\/logo\/image\/"}}]},"product_brand":"Labs212","product_price_amount":"11.26","product_price_currency":"EUR","og_availability":"instock","product_availability":"instock","product_retailer_item_id":"5903943955695","product_condition":"new"},"_links":{"self":[{"href":"https:\/\/ecosupplements.be\/fr\/wp-json\/wp\/v2\/product\/301617","targetHints":{"allow":["GET"]}}],"collection":[{"href":"https:\/\/ecosupplements.be\/fr\/wp-json\/wp\/v2\/product"}],"about":[{"href":"https:\/\/ecosupplements.be\/fr\/wp-json\/wp\/v2\/types\/product"}],"replies":[{"embeddable":true,"href":"https:\/\/ecosupplements.be\/fr\/wp-json\/wp\/v2\/comments?post=301617"}],"wp:featuredmedia":[{"embeddable":true,"href":"https:\/\/ecosupplements.be\/fr\/wp-json\/wp\/v2\/media\/275757"}],"wp:attachment":[{"href":"https:\/\/ecosupplements.be\/fr\/wp-json\/wp\/v2\/media?parent=301617"}],"wp:term":[{"taxonomy":"product_brand","embeddable":true,"href":"https:\/\/ecosupplements.be\/fr\/wp-json\/wp\/v2\/product_brand?post=301617"},{"taxonomy":"product_cat","embeddable":true,"href":"https:\/\/ecosupplements.be\/fr\/wp-json\/wp\/v2\/product_cat?post=301617"},{"taxonomy":"product_tag","embeddable":true,"href":"https:\/\/ecosupplements.be\/fr\/wp-json\/wp\/v2\/product_tag?post=301617"}],"curies":[{"name":"wp","href":"https:\/\/api.w.org\/{rel}","templated":true}]}}