{"id":301662,"date":"2025-07-25T21:00:28","date_gmt":"2025-07-25T20:00:28","guid":{"rendered":"https:\/\/ecosupplements.be\/product\/labs212-myo-inositol-100-g-3527-oz\/"},"modified":"2025-08-28T03:22:58","modified_gmt":"2025-08-28T02:22:58","slug":"labs212-myo-inositol-100-g-3527-oz","status":"publish","type":"product","link":"https:\/\/ecosupplements.be\/fr\/produit\/labs212-myo-inositol-100-g-3527-oz\/","title":{"rendered":"Myo-Inositol LABS212 (100 g \/ 3,527 oz.)"},"content":{"rendered":"<p><strong>Nom du produit :<\/strong> LABS212 Myo-inositol (100 g \/ 3,527 oz.)<\/p>\n<p><strong>Description :<\/strong> D\u00e9couvrez le Myo-Inositol de LABS212, un choix naturel pour ceux qui appr\u00e9cient les ingr\u00e9dients purs et d&#8217;origine naturelle. Ce produit est pr\u00e9sent\u00e9 sous forme de poudre fine, facile \u00e0 int\u00e9grer dans votre routine quotidienne.<\/p>\n<p><strong>Ingr\u00e9dients principaux :<\/strong> myo-inositol.<\/p>\n<p><strong>Contenu et emballage :<\/strong> Chaque paquet contient 100 g (3,527 oz) de myo-inositol en poudre.<\/p>\n<p><strong>utilisation :<\/strong> Pour une utilisation quotidienne simple, dissolvez la quantit\u00e9 recommand\u00e9e de deux mesures fournies dans une cuill\u00e8re d&#8217;eau ou un verre d&#8217;eau. Peut \u00e9galement \u00eatre consomm\u00e9 sec.<\/p>\n<p><b>Note:<\/b> Ne d\u00e9passez pas la dose journali\u00e8re recommand\u00e9e. Pour maintenir un \u00e9tat optimal, adoptez une alimentation vari\u00e9e et un mode de vie sain. Ce compl\u00e9ment alimentaire ne doit pas remplacer une alimentation diversifi\u00e9e.<\/p>\n<p><b>Rangement:<\/b> Conservez le produit dans son emballage original \u00e0 l&#8217;abri du soleil direct et \u00e0 une temp\u00e9rature entre 5-25\u00b0C, hors de port\u00e9e des enfants.<\/p>\n","protected":false},"excerpt":{"rendered":"<p>Nom du produit : LABS212 Myo-inositol (100 g \/ 3,527 oz.) Description : D\u00e9couvrez le Myo-Inositol de LABS212, un choix naturel pour ceux qui appr\u00e9cient les ingr\u00e9dients purs et d&#8217;origine naturelle. Ce produit est pr\u00e9sent\u00e9 sous forme de poudre fine, facile \u00e0 int\u00e9grer dans votre routine quotidienne. Ingr\u00e9dients principaux : myo-inositol. Contenu et emballage : [&#8230;]\n","protected":false},"featured_media":275802,"comment_status":"closed","ping_status":"open","template":"","meta":[],"product_brand":[5366],"product_cat":[5053],"product_tag":[],"class_list":{"0":"post-301662","1":"product","2":"type-product","3":"status-publish","4":"has-post-thumbnail","6":"product_brand-labs212-2","7":"product_cat-vitamines-et-mineraux","9":"first","10":"instock","11":"taxable","12":"shipping-taxable","13":"purchasable","14":"product-type-simple"},"yoast_head":"<!-- This site is optimized with the Yoast SEO Premium plugin v27.5 (Yoast SEO v27.5) - https:\/\/yoast.com\/product\/yoast-seo-premium-wordpress\/ -->\n<title>Myo-Inositol LABS212 (100 g \/ 3,527 oz.) - ECO Supplements<\/title>\n<meta name=\"description\" content=\"Wij hebben een ruime keuze aan producten van Myo-Inositol LABS212 (100 g \/ 3,527 oz.) . Winkel bij Eco Supplements altijd gratis verzending boven 100\u20ac\" \/>\n<meta name=\"robots\" content=\"index, follow, max-snippet:-1, max-image-preview:large, max-video-preview:-1\" \/>\n<link rel=\"canonical\" href=\"https:\/\/ecosupplements.be\/fr\/produit\/labs212-myo-inositol-100-g-3527-oz\/\" \/>\n<meta property=\"og:locale\" content=\"fr_FR\" \/>\n<meta property=\"og:type\" content=\"article\" \/>\n<meta property=\"og:title\" content=\"Myo-Inositol LABS212 (100 g \/ 3,527 oz.)\" \/>\n<meta property=\"og:description\" content=\"Wij hebben een ruime keuze aan producten van Myo-Inositol LABS212 (100 g \/ 3,527 oz.) . Winkel bij Eco Supplements altijd gratis verzending boven 100\u20ac\" \/>\n<meta property=\"og:url\" content=\"https:\/\/ecosupplements.be\/fr\/produit\/labs212-myo-inositol-100-g-3527-oz\/\" \/>\n<meta property=\"og:site_name\" content=\"ECO Supplements\" \/>\n<meta property=\"article:modified_time\" content=\"2025-08-28T02:22:58+00:00\" \/>\n<meta property=\"og:image\" content=\"https:\/\/ecosupplements.be\/wp-content\/uploads\/2025\/08\/Labs212-LABS212-Myo-Inositol-100-g-3527-oz.jpg\" \/>\n\t<meta property=\"og:image:width\" content=\"1844\" \/>\n\t<meta property=\"og:image:height\" content=\"1000\" \/>\n\t<meta property=\"og:image:type\" content=\"image\/jpeg\" \/>\n<meta name=\"twitter:card\" content=\"summary_large_image\" \/>\n<meta name=\"twitter:label1\" content=\"Prix\" \/>\n\t<meta name=\"twitter:data1\" content=\"25.03&nbsp;&euro;\" \/>\n\t<meta name=\"twitter:label2\" content=\"Disponibilit\u00e9\" \/>\n\t<meta name=\"twitter:data2\" content=\"En stock\" \/>\n<script type=\"application\/ld+json\" class=\"yoast-schema-graph\">{\"@context\":\"https:\\\/\\\/schema.org\",\"@graph\":[{\"@type\":[\"WebPage\",\"ItemPage\"],\"@id\":\"https:\\\/\\\/ecosupplements.be\\\/fr\\\/produit\\\/labs212-myo-inositol-100-g-3527-oz\\\/\",\"url\":\"https:\\\/\\\/ecosupplements.be\\\/fr\\\/produit\\\/labs212-myo-inositol-100-g-3527-oz\\\/\",\"name\":\"Myo-Inositol LABS212 (100 g \\\/ 3,527 oz.) - ECO Supplements\",\"isPartOf\":{\"@id\":\"https:\\\/\\\/ecosupplements.be\\\/fr\\\/#website\"},\"primaryImageOfPage\":{\"@id\":\"https:\\\/\\\/ecosupplements.be\\\/fr\\\/produit\\\/labs212-myo-inositol-100-g-3527-oz\\\/#primaryimage\"},\"image\":{\"@id\":\"https:\\\/\\\/ecosupplements.be\\\/fr\\\/produit\\\/labs212-myo-inositol-100-g-3527-oz\\\/#primaryimage\"},\"thumbnailUrl\":\"https:\\\/\\\/ecosupplements.be\\\/wp-content\\\/uploads\\\/2025\\\/08\\\/LABS212-Myo-Inositol-100-g-3527-oz.jpg\",\"datePublished\":\"2025-07-25T20:00:28+00:00\",\"dateModified\":\"2025-08-28T02:22:58+00:00\",\"description\":\"Wij hebben een ruime keuze aan producten van Myo-Inositol LABS212 (100 g \\\/ 3,527 oz.) . Winkel bij Eco Supplements altijd gratis verzending boven 100\u20ac\",\"breadcrumb\":{\"@id\":\"https:\\\/\\\/ecosupplements.be\\\/fr\\\/produit\\\/labs212-myo-inositol-100-g-3527-oz\\\/#breadcrumb\"},\"inLanguage\":\"fr-FR\",\"potentialAction\":[{\"@type\":\"ReadAction\",\"target\":[\"https:\\\/\\\/ecosupplements.be\\\/fr\\\/produit\\\/labs212-myo-inositol-100-g-3527-oz\\\/\"]}]},{\"@type\":\"ImageObject\",\"inLanguage\":\"fr-FR\",\"@id\":\"https:\\\/\\\/ecosupplements.be\\\/fr\\\/produit\\\/labs212-myo-inositol-100-g-3527-oz\\\/#primaryimage\",\"url\":\"https:\\\/\\\/ecosupplements.be\\\/wp-content\\\/uploads\\\/2025\\\/08\\\/LABS212-Myo-Inositol-100-g-3527-oz.jpg\",\"contentUrl\":\"https:\\\/\\\/ecosupplements.be\\\/wp-content\\\/uploads\\\/2025\\\/08\\\/LABS212-Myo-Inositol-100-g-3527-oz.jpg\",\"width\":1844,\"height\":1000},{\"@type\":\"BreadcrumbList\",\"@id\":\"https:\\\/\\\/ecosupplements.be\\\/fr\\\/produit\\\/labs212-myo-inositol-100-g-3527-oz\\\/#breadcrumb\",\"itemListElement\":[{\"@type\":\"ListItem\",\"position\":1,\"name\":\"Home\",\"item\":\"https:\\\/\\\/ecosupplements.be\\\/fr\\\/\"},{\"@type\":\"ListItem\",\"position\":2,\"name\":\"Boutique\",\"item\":\"https:\\\/\\\/ecosupplements.be\\\/fr\\\/boutique\\\/\"},{\"@type\":\"ListItem\",\"position\":3,\"name\":\"Myo-Inositol LABS212 (100 g \\\/ 3,527 oz.)\"}]},{\"@type\":\"WebSite\",\"@id\":\"https:\\\/\\\/ecosupplements.be\\\/fr\\\/#website\",\"url\":\"https:\\\/\\\/ecosupplements.be\\\/fr\\\/\",\"name\":\"ECO Supplements\",\"description\":\"Eco Supplements - Gezonde supplementen\",\"publisher\":{\"@id\":\"https:\\\/\\\/ecosupplements.be\\\/fr\\\/#organization\"},\"potentialAction\":[{\"@type\":\"SearchAction\",\"target\":{\"@type\":\"EntryPoint\",\"urlTemplate\":\"https:\\\/\\\/ecosupplements.be\\\/fr\\\/?s={search_term_string}\"},\"query-input\":{\"@type\":\"PropertyValueSpecification\",\"valueRequired\":true,\"valueName\":\"search_term_string\"}}],\"inLanguage\":\"fr-FR\"},{\"@type\":\"Organization\",\"@id\":\"https:\\\/\\\/ecosupplements.be\\\/fr\\\/#organization\",\"name\":\"Eco Supplements\",\"url\":\"https:\\\/\\\/ecosupplements.be\\\/fr\\\/\",\"logo\":{\"@type\":\"ImageObject\",\"inLanguage\":\"fr-FR\",\"@id\":\"https:\\\/\\\/ecosupplements.be\\\/fr\\\/#\\\/schema\\\/logo\\\/image\\\/\",\"url\":\"https:\\\/\\\/ecosupplements.be\\\/wp-content\\\/uploads\\\/2022\\\/06\\\/ecosupplement-family.png\",\"contentUrl\":\"https:\\\/\\\/ecosupplements.be\\\/wp-content\\\/uploads\\\/2022\\\/06\\\/ecosupplement-family.png\",\"width\":593,\"height\":374,\"caption\":\"Eco Supplements\"},\"image\":{\"@id\":\"https:\\\/\\\/ecosupplements.be\\\/fr\\\/#\\\/schema\\\/logo\\\/image\\\/\"}}]}<\/script>\n<meta property=\"product:brand\" content=\"Labs212\" \/>\n<meta property=\"product:price:amount\" content=\"25.03\" \/>\n<meta property=\"product:price:currency\" content=\"EUR\" \/>\n<meta property=\"og:availability\" content=\"instock\" \/>\n<meta property=\"product:availability\" content=\"instock\" \/>\n<meta property=\"product:retailer_item_id\" content=\"5903943955688\" \/>\n<meta property=\"product:condition\" content=\"new\" \/>\n<!-- \/ Yoast SEO Premium plugin. -->","yoast_head_json":{"title":"Myo-Inositol LABS212 (100 g \/ 3,527 oz.) - ECO Supplements","description":"Wij hebben een ruime keuze aan producten van Myo-Inositol LABS212 (100 g \/ 3,527 oz.) . Winkel bij Eco Supplements altijd gratis verzending boven 100\u20ac","robots":{"index":"index","follow":"follow","max-snippet":"max-snippet:-1","max-image-preview":"max-image-preview:large","max-video-preview":"max-video-preview:-1"},"canonical":"https:\/\/ecosupplements.be\/fr\/produit\/labs212-myo-inositol-100-g-3527-oz\/","og_locale":"fr_FR","og_type":"article","og_title":"Myo-Inositol LABS212 (100 g \/ 3,527 oz.)","og_description":"Wij hebben een ruime keuze aan producten van Myo-Inositol LABS212 (100 g \/ 3,527 oz.) . Winkel bij Eco Supplements altijd gratis verzending boven 100\u20ac","og_url":"https:\/\/ecosupplements.be\/fr\/produit\/labs212-myo-inositol-100-g-3527-oz\/","og_site_name":"ECO Supplements","article_modified_time":"2025-08-28T02:22:58+00:00","og_image":[{"width":1844,"height":1000,"url":"https:\/\/ecosupplements.be\/wp-content\/uploads\/2025\/08\/Labs212-LABS212-Myo-Inositol-100-g-3527-oz.jpg","type":"image\/jpeg"}],"twitter_card":"summary_large_image","twitter_misc":{"Prix":"25.03&nbsp;&euro;","Disponibilit\u00e9":"En stock"},"schema":{"@context":"https:\/\/schema.org","@graph":[{"@type":["WebPage","ItemPage"],"@id":"https:\/\/ecosupplements.be\/fr\/produit\/labs212-myo-inositol-100-g-3527-oz\/","url":"https:\/\/ecosupplements.be\/fr\/produit\/labs212-myo-inositol-100-g-3527-oz\/","name":"Myo-Inositol LABS212 (100 g \/ 3,527 oz.) - ECO Supplements","isPartOf":{"@id":"https:\/\/ecosupplements.be\/fr\/#website"},"primaryImageOfPage":{"@id":"https:\/\/ecosupplements.be\/fr\/produit\/labs212-myo-inositol-100-g-3527-oz\/#primaryimage"},"image":{"@id":"https:\/\/ecosupplements.be\/fr\/produit\/labs212-myo-inositol-100-g-3527-oz\/#primaryimage"},"thumbnailUrl":"https:\/\/ecosupplements.be\/wp-content\/uploads\/2025\/08\/LABS212-Myo-Inositol-100-g-3527-oz.jpg","datePublished":"2025-07-25T20:00:28+00:00","dateModified":"2025-08-28T02:22:58+00:00","description":"Wij hebben een ruime keuze aan producten van Myo-Inositol LABS212 (100 g \/ 3,527 oz.) . Winkel bij Eco Supplements altijd gratis verzending boven 100\u20ac","breadcrumb":{"@id":"https:\/\/ecosupplements.be\/fr\/produit\/labs212-myo-inositol-100-g-3527-oz\/#breadcrumb"},"inLanguage":"fr-FR","potentialAction":[{"@type":"ReadAction","target":["https:\/\/ecosupplements.be\/fr\/produit\/labs212-myo-inositol-100-g-3527-oz\/"]}]},{"@type":"ImageObject","inLanguage":"fr-FR","@id":"https:\/\/ecosupplements.be\/fr\/produit\/labs212-myo-inositol-100-g-3527-oz\/#primaryimage","url":"https:\/\/ecosupplements.be\/wp-content\/uploads\/2025\/08\/LABS212-Myo-Inositol-100-g-3527-oz.jpg","contentUrl":"https:\/\/ecosupplements.be\/wp-content\/uploads\/2025\/08\/LABS212-Myo-Inositol-100-g-3527-oz.jpg","width":1844,"height":1000},{"@type":"BreadcrumbList","@id":"https:\/\/ecosupplements.be\/fr\/produit\/labs212-myo-inositol-100-g-3527-oz\/#breadcrumb","itemListElement":[{"@type":"ListItem","position":1,"name":"Home","item":"https:\/\/ecosupplements.be\/fr\/"},{"@type":"ListItem","position":2,"name":"Boutique","item":"https:\/\/ecosupplements.be\/fr\/boutique\/"},{"@type":"ListItem","position":3,"name":"Myo-Inositol LABS212 (100 g \/ 3,527 oz.)"}]},{"@type":"WebSite","@id":"https:\/\/ecosupplements.be\/fr\/#website","url":"https:\/\/ecosupplements.be\/fr\/","name":"ECO Supplements","description":"Eco Supplements - Gezonde supplementen","publisher":{"@id":"https:\/\/ecosupplements.be\/fr\/#organization"},"potentialAction":[{"@type":"SearchAction","target":{"@type":"EntryPoint","urlTemplate":"https:\/\/ecosupplements.be\/fr\/?s={search_term_string}"},"query-input":{"@type":"PropertyValueSpecification","valueRequired":true,"valueName":"search_term_string"}}],"inLanguage":"fr-FR"},{"@type":"Organization","@id":"https:\/\/ecosupplements.be\/fr\/#organization","name":"Eco Supplements","url":"https:\/\/ecosupplements.be\/fr\/","logo":{"@type":"ImageObject","inLanguage":"fr-FR","@id":"https:\/\/ecosupplements.be\/fr\/#\/schema\/logo\/image\/","url":"https:\/\/ecosupplements.be\/wp-content\/uploads\/2022\/06\/ecosupplement-family.png","contentUrl":"https:\/\/ecosupplements.be\/wp-content\/uploads\/2022\/06\/ecosupplement-family.png","width":593,"height":374,"caption":"Eco Supplements"},"image":{"@id":"https:\/\/ecosupplements.be\/fr\/#\/schema\/logo\/image\/"}}]},"product_brand":"Labs212","product_price_amount":"25.03","product_price_currency":"EUR","og_availability":"instock","product_availability":"instock","product_retailer_item_id":"5903943955688","product_condition":"new"},"_links":{"self":[{"href":"https:\/\/ecosupplements.be\/fr\/wp-json\/wp\/v2\/product\/301662","targetHints":{"allow":["GET"]}}],"collection":[{"href":"https:\/\/ecosupplements.be\/fr\/wp-json\/wp\/v2\/product"}],"about":[{"href":"https:\/\/ecosupplements.be\/fr\/wp-json\/wp\/v2\/types\/product"}],"replies":[{"embeddable":true,"href":"https:\/\/ecosupplements.be\/fr\/wp-json\/wp\/v2\/comments?post=301662"}],"wp:featuredmedia":[{"embeddable":true,"href":"https:\/\/ecosupplements.be\/fr\/wp-json\/wp\/v2\/media\/275802"}],"wp:attachment":[{"href":"https:\/\/ecosupplements.be\/fr\/wp-json\/wp\/v2\/media?parent=301662"}],"wp:term":[{"taxonomy":"product_brand","embeddable":true,"href":"https:\/\/ecosupplements.be\/fr\/wp-json\/wp\/v2\/product_brand?post=301662"},{"taxonomy":"product_cat","embeddable":true,"href":"https:\/\/ecosupplements.be\/fr\/wp-json\/wp\/v2\/product_cat?post=301662"},{"taxonomy":"product_tag","embeddable":true,"href":"https:\/\/ecosupplements.be\/fr\/wp-json\/wp\/v2\/product_tag?post=301662"}],"curies":[{"name":"wp","href":"https:\/\/api.w.org\/{rel}","templated":true}]}}