{"id":301704,"date":"2025-07-25T22:00:28","date_gmt":"2025-07-25T21:00:28","guid":{"rendered":"https:\/\/ecosupplements.be\/product\/life-extension-branched-chain-amino-acids-90-caps\/"},"modified":"2025-08-28T03:23:48","modified_gmt":"2025-08-28T02:23:48","slug":"life-extension-branched-chain-amino-acids-90-caps","status":"publish","type":"product","link":"https:\/\/ecosupplements.be\/fr\/produit\/life-extension-branched-chain-amino-acids-90-caps\/","title":{"rendered":"Acides amin\u00e9s \u00e0 cha\u00eene ramifi\u00e9e LIFE EXTENSION (90 g\u00e9lules)"},"content":{"rendered":"<h2>LIFE EXTENSION Branched Chain Amino acids (90 caps)<\/h2>\n<p>D\u00e9couvrez les acides amin\u00e9s \u00e0 cha\u00eene ramifi\u00e9e de LIFE EXTENSION, pr\u00e9sent\u00e9s dans un emballage pratique contenant 90 capsules. Chaque capsule est formul\u00e9e avec des ingr\u00e9dients d&#8217;origine naturelle, offrant une grande puret\u00e9 et qualit\u00e9.<\/p>\n<h3>Ingr\u00e9dients principaux<\/h3>\n<ul>\n<li>L-leucine (forme libre) : 300 mg par capsule<\/li>\n<li>L-isoleucine (forme libre) : 150 mg par capsule<\/li>\n<li>L-valine (forme libre) : 150 mg par capsule<\/li>\n<\/ul>\n<p>Ces composants sont encapsul\u00e9s dans une g\u00e9lule en cellulose v\u00e9g\u00e9tale, adapt\u00e9e \u00e0 un mode de vie respectueux de l&#8217;environnement.<\/p>\n<h3>Utilisation recommand\u00e9e<\/h3>\n<p>La dose quotidienne sugg\u00e9r\u00e9e est de quatre capsules. Il est conseill\u00e9 de ne pas d\u00e9passer la quantit\u00e9 recommand\u00e9e pour maintenir l&#8217;\u00e9quilibre quotidien.<\/p>\n<h3>Caract\u00e9ristiques pratiques<\/h3>\n<p>Ce produit se distingue par sa facilit\u00e9 d&#8217;utilisation gr\u00e2ce \u00e0 son format en capsules facilement transportables. Conservez le flacon dans un endroit sec et frais pour pr\u00e9server sa qualit\u00e9 optimale.<\/p>\n<p><strong>note :<\/strong> Ce compl\u00e9ment alimentaire n&#8217;est pas destin\u00e9 \u00e0 remplacer une alimentation vari\u00e9e et \u00e9quilibr\u00e9e. Pour toute condition particuli\u00e8re ou sensibilit\u00e9 aux ingr\u00e9dients, il est recommand\u00e9 de consulter un professionnel avant utilisation.<\/p>\n<p>Avec LIFE EXTENSION Branched Chain Amino Acids, int\u00e9grez simplement des \u00e9l\u00e9ments purs et naturels \u00e0 votre routine quotidienne sans compromis sur la qualit\u00e9.<\/p>\n","protected":false},"excerpt":{"rendered":"<p>LIFE EXTENSION Branched Chain Amino acids (90 caps) D\u00e9couvrez les acides amin\u00e9s \u00e0 cha\u00eene ramifi\u00e9e de LIFE EXTENSION, pr\u00e9sent\u00e9s dans un emballage pratique contenant 90 capsules. Chaque capsule est formul\u00e9e avec des ingr\u00e9dients d&#8217;origine naturelle, offrant une grande puret\u00e9 et qualit\u00e9. Ingr\u00e9dients principaux L-leucine (forme libre) : 300 mg par capsule L-isoleucine (forme libre) : [&#8230;]\n","protected":false},"featured_media":275844,"comment_status":"closed","ping_status":"open","template":"","meta":[],"product_brand":[4723],"product_cat":[5067,5053],"product_tag":[],"class_list":{"0":"post-301704","1":"product","2":"type-product","3":"status-publish","4":"has-post-thumbnail","6":"product_brand-life-extension-2","7":"product_cat-acides-amines-et-bcaa","8":"product_cat-vitamines-et-mineraux","10":"first","11":"instock","12":"taxable","13":"shipping-taxable","14":"purchasable","15":"product-type-simple"},"yoast_head":"<!-- This site is optimized with the Yoast SEO Premium plugin v27.5 (Yoast SEO v27.5) - https:\/\/yoast.com\/product\/yoast-seo-premium-wordpress\/ -->\n<title>Acides amin\u00e9s \u00e0 cha\u00eene ramifi\u00e9e LIFE EXTENSION (90 g\u00e9lules) - ECO Supplements<\/title>\n<meta name=\"description\" content=\"Wij hebben een ruime keuze aan producten van Acides amin\u00e9s \u00e0 cha\u00eene ramifi\u00e9e LIFE EXTENSION (90 g\u00e9lules) . Winkel bij Eco Supplements altijd gratis verzending boven 100\u20ac\" \/>\n<meta name=\"robots\" content=\"index, follow, max-snippet:-1, max-image-preview:large, max-video-preview:-1\" \/>\n<link rel=\"canonical\" href=\"https:\/\/ecosupplements.be\/fr\/produit\/life-extension-branched-chain-amino-acids-90-caps\/\" \/>\n<meta property=\"og:locale\" content=\"fr_FR\" \/>\n<meta property=\"og:type\" content=\"article\" \/>\n<meta property=\"og:title\" content=\"Acides amin\u00e9s \u00e0 cha\u00eene ramifi\u00e9e LIFE EXTENSION (90 g\u00e9lules)\" \/>\n<meta property=\"og:description\" content=\"Wij hebben een ruime keuze aan producten van Acides amin\u00e9s \u00e0 cha\u00eene ramifi\u00e9e LIFE EXTENSION (90 g\u00e9lules) . Winkel bij Eco Supplements altijd gratis verzending boven 100\u20ac\" \/>\n<meta property=\"og:url\" content=\"https:\/\/ecosupplements.be\/fr\/produit\/life-extension-branched-chain-amino-acids-90-caps\/\" \/>\n<meta property=\"og:site_name\" content=\"ECO Supplements\" \/>\n<meta property=\"article:modified_time\" content=\"2025-08-28T02:23:48+00:00\" \/>\n<meta property=\"og:image\" content=\"https:\/\/ecosupplements.be\/wp-content\/uploads\/2025\/08\/Life-Extension-LIFE-EXTENSION-Branched-Chain-Amino-Acids-90-caps.jpg\" \/>\n\t<meta property=\"og:image:width\" content=\"830\" \/>\n\t<meta property=\"og:image:height\" content=\"1500\" \/>\n\t<meta property=\"og:image:type\" content=\"image\/jpeg\" \/>\n<meta name=\"twitter:card\" content=\"summary_large_image\" \/>\n<meta name=\"twitter:label1\" content=\"Prix\" \/>\n\t<meta name=\"twitter:data1\" content=\"19.81&nbsp;&euro;\" \/>\n\t<meta name=\"twitter:label2\" content=\"Disponibilit\u00e9\" \/>\n\t<meta name=\"twitter:data2\" content=\"En stock\" \/>\n<script type=\"application\/ld+json\" class=\"yoast-schema-graph\">{\"@context\":\"https:\\\/\\\/schema.org\",\"@graph\":[{\"@type\":[\"WebPage\",\"ItemPage\"],\"@id\":\"https:\\\/\\\/ecosupplements.be\\\/fr\\\/produit\\\/life-extension-branched-chain-amino-acids-90-caps\\\/\",\"url\":\"https:\\\/\\\/ecosupplements.be\\\/fr\\\/produit\\\/life-extension-branched-chain-amino-acids-90-caps\\\/\",\"name\":\"Acides amin\u00e9s \u00e0 cha\u00eene ramifi\u00e9e LIFE EXTENSION (90 g\u00e9lules) - ECO Supplements\",\"isPartOf\":{\"@id\":\"https:\\\/\\\/ecosupplements.be\\\/fr\\\/#website\"},\"primaryImageOfPage\":{\"@id\":\"https:\\\/\\\/ecosupplements.be\\\/fr\\\/produit\\\/life-extension-branched-chain-amino-acids-90-caps\\\/#primaryimage\"},\"image\":{\"@id\":\"https:\\\/\\\/ecosupplements.be\\\/fr\\\/produit\\\/life-extension-branched-chain-amino-acids-90-caps\\\/#primaryimage\"},\"thumbnailUrl\":\"https:\\\/\\\/ecosupplements.be\\\/wp-content\\\/uploads\\\/2025\\\/08\\\/LIFE-EXTENSION-Branched-Chain-Amino-Acids-90-caps.jpg\",\"datePublished\":\"2025-07-25T21:00:28+00:00\",\"dateModified\":\"2025-08-28T02:23:48+00:00\",\"description\":\"Wij hebben een ruime keuze aan producten van Acides amin\u00e9s \u00e0 cha\u00eene ramifi\u00e9e LIFE EXTENSION (90 g\u00e9lules) . Winkel bij Eco Supplements altijd gratis verzending boven 100\u20ac\",\"breadcrumb\":{\"@id\":\"https:\\\/\\\/ecosupplements.be\\\/fr\\\/produit\\\/life-extension-branched-chain-amino-acids-90-caps\\\/#breadcrumb\"},\"inLanguage\":\"fr-FR\",\"potentialAction\":[{\"@type\":\"ReadAction\",\"target\":[\"https:\\\/\\\/ecosupplements.be\\\/fr\\\/produit\\\/life-extension-branched-chain-amino-acids-90-caps\\\/\"]}]},{\"@type\":\"ImageObject\",\"inLanguage\":\"fr-FR\",\"@id\":\"https:\\\/\\\/ecosupplements.be\\\/fr\\\/produit\\\/life-extension-branched-chain-amino-acids-90-caps\\\/#primaryimage\",\"url\":\"https:\\\/\\\/ecosupplements.be\\\/wp-content\\\/uploads\\\/2025\\\/08\\\/LIFE-EXTENSION-Branched-Chain-Amino-Acids-90-caps.jpg\",\"contentUrl\":\"https:\\\/\\\/ecosupplements.be\\\/wp-content\\\/uploads\\\/2025\\\/08\\\/LIFE-EXTENSION-Branched-Chain-Amino-Acids-90-caps.jpg\",\"width\":830,\"height\":1500},{\"@type\":\"BreadcrumbList\",\"@id\":\"https:\\\/\\\/ecosupplements.be\\\/fr\\\/produit\\\/life-extension-branched-chain-amino-acids-90-caps\\\/#breadcrumb\",\"itemListElement\":[{\"@type\":\"ListItem\",\"position\":1,\"name\":\"Home\",\"item\":\"https:\\\/\\\/ecosupplements.be\\\/fr\\\/\"},{\"@type\":\"ListItem\",\"position\":2,\"name\":\"Boutique\",\"item\":\"https:\\\/\\\/ecosupplements.be\\\/fr\\\/boutique\\\/\"},{\"@type\":\"ListItem\",\"position\":3,\"name\":\"Acides amin\u00e9s \u00e0 cha\u00eene ramifi\u00e9e LIFE EXTENSION (90 g\u00e9lules)\"}]},{\"@type\":\"WebSite\",\"@id\":\"https:\\\/\\\/ecosupplements.be\\\/fr\\\/#website\",\"url\":\"https:\\\/\\\/ecosupplements.be\\\/fr\\\/\",\"name\":\"ECO Supplements\",\"description\":\"Eco Supplements - Gezonde supplementen\",\"publisher\":{\"@id\":\"https:\\\/\\\/ecosupplements.be\\\/fr\\\/#organization\"},\"potentialAction\":[{\"@type\":\"SearchAction\",\"target\":{\"@type\":\"EntryPoint\",\"urlTemplate\":\"https:\\\/\\\/ecosupplements.be\\\/fr\\\/?s={search_term_string}\"},\"query-input\":{\"@type\":\"PropertyValueSpecification\",\"valueRequired\":true,\"valueName\":\"search_term_string\"}}],\"inLanguage\":\"fr-FR\"},{\"@type\":\"Organization\",\"@id\":\"https:\\\/\\\/ecosupplements.be\\\/fr\\\/#organization\",\"name\":\"Eco Supplements\",\"url\":\"https:\\\/\\\/ecosupplements.be\\\/fr\\\/\",\"logo\":{\"@type\":\"ImageObject\",\"inLanguage\":\"fr-FR\",\"@id\":\"https:\\\/\\\/ecosupplements.be\\\/fr\\\/#\\\/schema\\\/logo\\\/image\\\/\",\"url\":\"https:\\\/\\\/ecosupplements.be\\\/wp-content\\\/uploads\\\/2022\\\/06\\\/ecosupplement-family.png\",\"contentUrl\":\"https:\\\/\\\/ecosupplements.be\\\/wp-content\\\/uploads\\\/2022\\\/06\\\/ecosupplement-family.png\",\"width\":593,\"height\":374,\"caption\":\"Eco Supplements\"},\"image\":{\"@id\":\"https:\\\/\\\/ecosupplements.be\\\/fr\\\/#\\\/schema\\\/logo\\\/image\\\/\"}}]}<\/script>\n<meta property=\"product:brand\" content=\"Life Extension\" \/>\n<meta property=\"product:price:amount\" content=\"19.81\" \/>\n<meta property=\"product:price:currency\" content=\"EUR\" \/>\n<meta property=\"og:availability\" content=\"instock\" \/>\n<meta property=\"product:availability\" content=\"instock\" \/>\n<meta property=\"product:retailer_item_id\" content=\"737870125396\" \/>\n<meta property=\"product:condition\" content=\"new\" \/>\n<!-- \/ Yoast SEO Premium plugin. -->","yoast_head_json":{"title":"Acides amin\u00e9s \u00e0 cha\u00eene ramifi\u00e9e LIFE EXTENSION (90 g\u00e9lules) - ECO Supplements","description":"Wij hebben een ruime keuze aan producten van Acides amin\u00e9s \u00e0 cha\u00eene ramifi\u00e9e LIFE EXTENSION (90 g\u00e9lules) . Winkel bij Eco Supplements altijd gratis verzending boven 100\u20ac","robots":{"index":"index","follow":"follow","max-snippet":"max-snippet:-1","max-image-preview":"max-image-preview:large","max-video-preview":"max-video-preview:-1"},"canonical":"https:\/\/ecosupplements.be\/fr\/produit\/life-extension-branched-chain-amino-acids-90-caps\/","og_locale":"fr_FR","og_type":"article","og_title":"Acides amin\u00e9s \u00e0 cha\u00eene ramifi\u00e9e LIFE EXTENSION (90 g\u00e9lules)","og_description":"Wij hebben een ruime keuze aan producten van Acides amin\u00e9s \u00e0 cha\u00eene ramifi\u00e9e LIFE EXTENSION (90 g\u00e9lules) . Winkel bij Eco Supplements altijd gratis verzending boven 100\u20ac","og_url":"https:\/\/ecosupplements.be\/fr\/produit\/life-extension-branched-chain-amino-acids-90-caps\/","og_site_name":"ECO Supplements","article_modified_time":"2025-08-28T02:23:48+00:00","og_image":[{"width":830,"height":1500,"url":"https:\/\/ecosupplements.be\/wp-content\/uploads\/2025\/08\/Life-Extension-LIFE-EXTENSION-Branched-Chain-Amino-Acids-90-caps.jpg","type":"image\/jpeg"}],"twitter_card":"summary_large_image","twitter_misc":{"Prix":"19.81&nbsp;&euro;","Disponibilit\u00e9":"En stock"},"schema":{"@context":"https:\/\/schema.org","@graph":[{"@type":["WebPage","ItemPage"],"@id":"https:\/\/ecosupplements.be\/fr\/produit\/life-extension-branched-chain-amino-acids-90-caps\/","url":"https:\/\/ecosupplements.be\/fr\/produit\/life-extension-branched-chain-amino-acids-90-caps\/","name":"Acides amin\u00e9s \u00e0 cha\u00eene ramifi\u00e9e LIFE EXTENSION (90 g\u00e9lules) - ECO Supplements","isPartOf":{"@id":"https:\/\/ecosupplements.be\/fr\/#website"},"primaryImageOfPage":{"@id":"https:\/\/ecosupplements.be\/fr\/produit\/life-extension-branched-chain-amino-acids-90-caps\/#primaryimage"},"image":{"@id":"https:\/\/ecosupplements.be\/fr\/produit\/life-extension-branched-chain-amino-acids-90-caps\/#primaryimage"},"thumbnailUrl":"https:\/\/ecosupplements.be\/wp-content\/uploads\/2025\/08\/LIFE-EXTENSION-Branched-Chain-Amino-Acids-90-caps.jpg","datePublished":"2025-07-25T21:00:28+00:00","dateModified":"2025-08-28T02:23:48+00:00","description":"Wij hebben een ruime keuze aan producten van Acides amin\u00e9s \u00e0 cha\u00eene ramifi\u00e9e LIFE EXTENSION (90 g\u00e9lules) . Winkel bij Eco Supplements altijd gratis verzending boven 100\u20ac","breadcrumb":{"@id":"https:\/\/ecosupplements.be\/fr\/produit\/life-extension-branched-chain-amino-acids-90-caps\/#breadcrumb"},"inLanguage":"fr-FR","potentialAction":[{"@type":"ReadAction","target":["https:\/\/ecosupplements.be\/fr\/produit\/life-extension-branched-chain-amino-acids-90-caps\/"]}]},{"@type":"ImageObject","inLanguage":"fr-FR","@id":"https:\/\/ecosupplements.be\/fr\/produit\/life-extension-branched-chain-amino-acids-90-caps\/#primaryimage","url":"https:\/\/ecosupplements.be\/wp-content\/uploads\/2025\/08\/LIFE-EXTENSION-Branched-Chain-Amino-Acids-90-caps.jpg","contentUrl":"https:\/\/ecosupplements.be\/wp-content\/uploads\/2025\/08\/LIFE-EXTENSION-Branched-Chain-Amino-Acids-90-caps.jpg","width":830,"height":1500},{"@type":"BreadcrumbList","@id":"https:\/\/ecosupplements.be\/fr\/produit\/life-extension-branched-chain-amino-acids-90-caps\/#breadcrumb","itemListElement":[{"@type":"ListItem","position":1,"name":"Home","item":"https:\/\/ecosupplements.be\/fr\/"},{"@type":"ListItem","position":2,"name":"Boutique","item":"https:\/\/ecosupplements.be\/fr\/boutique\/"},{"@type":"ListItem","position":3,"name":"Acides amin\u00e9s \u00e0 cha\u00eene ramifi\u00e9e LIFE EXTENSION (90 g\u00e9lules)"}]},{"@type":"WebSite","@id":"https:\/\/ecosupplements.be\/fr\/#website","url":"https:\/\/ecosupplements.be\/fr\/","name":"ECO Supplements","description":"Eco Supplements - Gezonde supplementen","publisher":{"@id":"https:\/\/ecosupplements.be\/fr\/#organization"},"potentialAction":[{"@type":"SearchAction","target":{"@type":"EntryPoint","urlTemplate":"https:\/\/ecosupplements.be\/fr\/?s={search_term_string}"},"query-input":{"@type":"PropertyValueSpecification","valueRequired":true,"valueName":"search_term_string"}}],"inLanguage":"fr-FR"},{"@type":"Organization","@id":"https:\/\/ecosupplements.be\/fr\/#organization","name":"Eco Supplements","url":"https:\/\/ecosupplements.be\/fr\/","logo":{"@type":"ImageObject","inLanguage":"fr-FR","@id":"https:\/\/ecosupplements.be\/fr\/#\/schema\/logo\/image\/","url":"https:\/\/ecosupplements.be\/wp-content\/uploads\/2022\/06\/ecosupplement-family.png","contentUrl":"https:\/\/ecosupplements.be\/wp-content\/uploads\/2022\/06\/ecosupplement-family.png","width":593,"height":374,"caption":"Eco Supplements"},"image":{"@id":"https:\/\/ecosupplements.be\/fr\/#\/schema\/logo\/image\/"}}]},"product_brand":"Life Extension","product_price_amount":"19.81","product_price_currency":"EUR","og_availability":"instock","product_availability":"instock","product_retailer_item_id":"737870125396","product_condition":"new"},"_links":{"self":[{"href":"https:\/\/ecosupplements.be\/fr\/wp-json\/wp\/v2\/product\/301704","targetHints":{"allow":["GET"]}}],"collection":[{"href":"https:\/\/ecosupplements.be\/fr\/wp-json\/wp\/v2\/product"}],"about":[{"href":"https:\/\/ecosupplements.be\/fr\/wp-json\/wp\/v2\/types\/product"}],"replies":[{"embeddable":true,"href":"https:\/\/ecosupplements.be\/fr\/wp-json\/wp\/v2\/comments?post=301704"}],"wp:featuredmedia":[{"embeddable":true,"href":"https:\/\/ecosupplements.be\/fr\/wp-json\/wp\/v2\/media\/275844"}],"wp:attachment":[{"href":"https:\/\/ecosupplements.be\/fr\/wp-json\/wp\/v2\/media?parent=301704"}],"wp:term":[{"taxonomy":"product_brand","embeddable":true,"href":"https:\/\/ecosupplements.be\/fr\/wp-json\/wp\/v2\/product_brand?post=301704"},{"taxonomy":"product_cat","embeddable":true,"href":"https:\/\/ecosupplements.be\/fr\/wp-json\/wp\/v2\/product_cat?post=301704"},{"taxonomy":"product_tag","embeddable":true,"href":"https:\/\/ecosupplements.be\/fr\/wp-json\/wp\/v2\/product_tag?post=301704"}],"curies":[{"name":"wp","href":"https:\/\/api.w.org\/{rel}","templated":true}]}}