{"id":301716,"date":"2025-07-25T22:15:13","date_gmt":"2025-07-25T21:15:13","guid":{"rendered":"https:\/\/ecosupplements.be\/product\/life-extension-dog-skin-coat-90-kaps\/"},"modified":"2025-08-28T03:24:03","modified_gmt":"2025-08-28T02:24:03","slug":"life-extension-dog-skin-coat-90-kaps","status":"publish","type":"product","link":"https:\/\/ecosupplements.be\/fr\/produit\/life-extension-dog-skin-coat-90-kaps\/","title":{"rendered":"LIFE EXTENSION Compl\u00e9ment pour la peau et le pelage des chiens (90 capsules)"},"content":{"rendered":"<p><strong>Nom du produit :<\/strong> LIFE EXTENSION Dog Skin &amp; Coat<\/p>\n<p><strong>Description :<\/strong> Un choix parfait pour ceux qui appr\u00e9cient les ingr\u00e9dients naturels. Ce produit contient une s\u00e9lection d&#8217;huiles de haute qualit\u00e9, dont l&#8217;huile de poisson et l&#8217;huile de saumon sauvage d&#8217;alaska, connues pour leur puret\u00e9 exceptionnelle.<\/p>\n<p><strong>Ingr\u00e9dients principaux :<\/strong> huile de poisson, huile de saumon (sauvage d&#8217;Alaska), farine de tapioca, poudre de lin, farine de pois chiches, eau, glyc\u00e9rol (maintient l&#8217;humidit\u00e9), ar\u00f4me naturel de saumon, gomme guar, conservateur (acide sorbique).<\/p>\n<p><strong>Contenu et emballage :<\/strong> Bo\u00eete contenant 90 capsules faciles \u00e0 utiliser.<\/p>\n<p><strong>Utilisation recommand\u00e9e :<\/strong><\/p>\n<ul>\n<li>Pour les chiens jusqu&#8217;\u00e0 9.4 kg : 1 capsule par jour.<\/li>\n<li>Pour les chiens entre 9.5 kg et 18.5 kg : 2 capsules par jour.<\/li>\n<li>Pour les chiens entre 18.6 kg et 27.4 kg : 3 capsules par jour.<\/li>\n<li>Pour les chiens pesant plus de 27.5 kg : 4 capsules par jour.<\/li>\n<\/ul>\n<p>Ce produit est destin\u00e9 \u00e0 un usage compl\u00e9mentaire intermittent ou comme suppl\u00e9ment alimentaire uniquement pour chiens.<\/p>\n<p><em>Note: Ce produit est exclusivement destin\u00e9 aux animaux domestiques; il n&#8217;est pas con\u00e7u pour la consommation humaine. Gardez le paquet hors port\u00e9e des enfants et des animaux domestiques pour \u00e9viter toute ingestion accidentelle.<br \/>En cas d&#8217;utilisation non pr\u00e9vue ou si vous avez des questions sur son utilisation appropri\u00e9e chez votre animal domestique sp\u00e9cifique veuillez consulter un professionnel v\u00e9t\u00e9rinaire.<br \/>Conservez dans un endroit frais et sec avec le r\u00e9cipient bien ferm\u00e9 lorsque non utilis\u00e9<\/em>.<\/p>\n","protected":false},"excerpt":{"rendered":"<p>Nom du produit : LIFE EXTENSION Dog Skin &amp; Coat Description : Un choix parfait pour ceux qui appr\u00e9cient les ingr\u00e9dients naturels. Ce produit contient une s\u00e9lection d&#8217;huiles de haute qualit\u00e9, dont l&#8217;huile de poisson et l&#8217;huile de saumon sauvage d&#8217;alaska, connues pour leur puret\u00e9 exceptionnelle. Ingr\u00e9dients principaux : huile de poisson, huile de saumon [&#8230;]\n","protected":false},"featured_media":301717,"comment_status":"closed","ping_status":"open","template":"","meta":[],"product_brand":[4723],"product_cat":[5052,5133],"product_tag":[],"class_list":{"0":"post-301716","1":"product","2":"type-product","3":"status-publish","4":"has-post-thumbnail","6":"product_brand-life-extension-2","7":"product_cat-sante-et-bien-etre","8":"product_cat-supplements-pour-animaux-de-compagnie","10":"first","11":"instock","12":"taxable","13":"shipping-taxable","14":"purchasable","15":"product-type-simple"},"yoast_head":"<!-- This site is optimized with the Yoast SEO Premium plugin v27.5 (Yoast SEO v27.5) - https:\/\/yoast.com\/product\/yoast-seo-premium-wordpress\/ -->\n<title>LIFE EXTENSION Compl\u00e9ment pour la peau et le pelage des chiens (90 capsules) - ECO Supplements<\/title>\n<meta name=\"description\" content=\"Wij hebben een ruime keuze aan producten van LIFE EXTENSION Compl\u00e9ment pour la peau et le pelage des chiens (90 capsules) . Winkel bij Eco Supplements altijd gratis verzending boven 100\u20ac\" \/>\n<meta name=\"robots\" content=\"index, follow, max-snippet:-1, max-image-preview:large, max-video-preview:-1\" \/>\n<link rel=\"canonical\" href=\"https:\/\/ecosupplements.be\/fr\/produit\/life-extension-dog-skin-coat-90-kaps\/\" \/>\n<meta property=\"og:locale\" content=\"fr_FR\" \/>\n<meta property=\"og:type\" content=\"article\" \/>\n<meta property=\"og:title\" content=\"LIFE EXTENSION Compl\u00e9ment pour la peau et le pelage des chiens (90 capsules)\" \/>\n<meta property=\"og:description\" content=\"Wij hebben een ruime keuze aan producten van LIFE EXTENSION Compl\u00e9ment pour la peau et le pelage des chiens (90 capsules) . Winkel bij Eco Supplements altijd gratis verzending boven 100\u20ac\" \/>\n<meta property=\"og:url\" content=\"https:\/\/ecosupplements.be\/fr\/produit\/life-extension-dog-skin-coat-90-kaps\/\" \/>\n<meta property=\"og:site_name\" content=\"ECO Supplements\" \/>\n<meta property=\"article:modified_time\" content=\"2025-08-28T02:24:03+00:00\" \/>\n<meta property=\"og:image\" content=\"https:\/\/ecosupplements.be\/wp-content\/uploads\/2025\/08\/Life-Extension-LIFE-EXTENSION-Dog-Skin-Coat-90-kaps.jpg\" \/>\n\t<meta property=\"og:image:width\" content=\"1080\" \/>\n\t<meta property=\"og:image:height\" content=\"1327\" \/>\n\t<meta property=\"og:image:type\" content=\"image\/jpeg\" \/>\n<meta name=\"twitter:card\" content=\"summary_large_image\" \/>\n<meta name=\"twitter:label1\" content=\"Prix\" \/>\n\t<meta name=\"twitter:data1\" content=\"31.66&nbsp;&euro;\" \/>\n\t<meta name=\"twitter:label2\" content=\"Disponibilit\u00e9\" \/>\n\t<meta name=\"twitter:data2\" content=\"En stock\" \/>\n<script type=\"application\/ld+json\" class=\"yoast-schema-graph\">{\"@context\":\"https:\\\/\\\/schema.org\",\"@graph\":[{\"@type\":[\"WebPage\",\"ItemPage\"],\"@id\":\"https:\\\/\\\/ecosupplements.be\\\/fr\\\/produit\\\/life-extension-dog-skin-coat-90-kaps\\\/\",\"url\":\"https:\\\/\\\/ecosupplements.be\\\/fr\\\/produit\\\/life-extension-dog-skin-coat-90-kaps\\\/\",\"name\":\"LIFE EXTENSION Compl\u00e9ment pour la peau et le pelage des chiens (90 capsules) - ECO Supplements\",\"isPartOf\":{\"@id\":\"https:\\\/\\\/ecosupplements.be\\\/fr\\\/#website\"},\"primaryImageOfPage\":{\"@id\":\"https:\\\/\\\/ecosupplements.be\\\/fr\\\/produit\\\/life-extension-dog-skin-coat-90-kaps\\\/#primaryimage\"},\"image\":{\"@id\":\"https:\\\/\\\/ecosupplements.be\\\/fr\\\/produit\\\/life-extension-dog-skin-coat-90-kaps\\\/#primaryimage\"},\"thumbnailUrl\":\"https:\\\/\\\/ecosupplements.be\\\/wp-content\\\/uploads\\\/2025\\\/08\\\/Life-Extension-LIFE-EXTENSION-Dog-Skin-Coat-90-kaps.jpg\",\"datePublished\":\"2025-07-25T21:15:13+00:00\",\"dateModified\":\"2025-08-28T02:24:03+00:00\",\"description\":\"Wij hebben een ruime keuze aan producten van LIFE EXTENSION Compl\u00e9ment pour la peau et le pelage des chiens (90 capsules) . Winkel bij Eco Supplements altijd gratis verzending boven 100\u20ac\",\"breadcrumb\":{\"@id\":\"https:\\\/\\\/ecosupplements.be\\\/fr\\\/produit\\\/life-extension-dog-skin-coat-90-kaps\\\/#breadcrumb\"},\"inLanguage\":\"fr-FR\",\"potentialAction\":[{\"@type\":\"ReadAction\",\"target\":[\"https:\\\/\\\/ecosupplements.be\\\/fr\\\/produit\\\/life-extension-dog-skin-coat-90-kaps\\\/\"]}]},{\"@type\":\"ImageObject\",\"inLanguage\":\"fr-FR\",\"@id\":\"https:\\\/\\\/ecosupplements.be\\\/fr\\\/produit\\\/life-extension-dog-skin-coat-90-kaps\\\/#primaryimage\",\"url\":\"https:\\\/\\\/ecosupplements.be\\\/wp-content\\\/uploads\\\/2025\\\/08\\\/Life-Extension-LIFE-EXTENSION-Dog-Skin-Coat-90-kaps.jpg\",\"contentUrl\":\"https:\\\/\\\/ecosupplements.be\\\/wp-content\\\/uploads\\\/2025\\\/08\\\/Life-Extension-LIFE-EXTENSION-Dog-Skin-Coat-90-kaps.jpg\",\"width\":1080,\"height\":1327},{\"@type\":\"BreadcrumbList\",\"@id\":\"https:\\\/\\\/ecosupplements.be\\\/fr\\\/produit\\\/life-extension-dog-skin-coat-90-kaps\\\/#breadcrumb\",\"itemListElement\":[{\"@type\":\"ListItem\",\"position\":1,\"name\":\"Home\",\"item\":\"https:\\\/\\\/ecosupplements.be\\\/fr\\\/\"},{\"@type\":\"ListItem\",\"position\":2,\"name\":\"Boutique\",\"item\":\"https:\\\/\\\/ecosupplements.be\\\/fr\\\/boutique\\\/\"},{\"@type\":\"ListItem\",\"position\":3,\"name\":\"LIFE EXTENSION Compl\u00e9ment pour la peau et le pelage des chiens (90 capsules)\"}]},{\"@type\":\"WebSite\",\"@id\":\"https:\\\/\\\/ecosupplements.be\\\/fr\\\/#website\",\"url\":\"https:\\\/\\\/ecosupplements.be\\\/fr\\\/\",\"name\":\"ECO Supplements\",\"description\":\"Eco Supplements - Gezonde supplementen\",\"publisher\":{\"@id\":\"https:\\\/\\\/ecosupplements.be\\\/fr\\\/#organization\"},\"potentialAction\":[{\"@type\":\"SearchAction\",\"target\":{\"@type\":\"EntryPoint\",\"urlTemplate\":\"https:\\\/\\\/ecosupplements.be\\\/fr\\\/?s={search_term_string}\"},\"query-input\":{\"@type\":\"PropertyValueSpecification\",\"valueRequired\":true,\"valueName\":\"search_term_string\"}}],\"inLanguage\":\"fr-FR\"},{\"@type\":\"Organization\",\"@id\":\"https:\\\/\\\/ecosupplements.be\\\/fr\\\/#organization\",\"name\":\"Eco Supplements\",\"url\":\"https:\\\/\\\/ecosupplements.be\\\/fr\\\/\",\"logo\":{\"@type\":\"ImageObject\",\"inLanguage\":\"fr-FR\",\"@id\":\"https:\\\/\\\/ecosupplements.be\\\/fr\\\/#\\\/schema\\\/logo\\\/image\\\/\",\"url\":\"https:\\\/\\\/ecosupplements.be\\\/wp-content\\\/uploads\\\/2022\\\/06\\\/ecosupplement-family.png\",\"contentUrl\":\"https:\\\/\\\/ecosupplements.be\\\/wp-content\\\/uploads\\\/2022\\\/06\\\/ecosupplement-family.png\",\"width\":593,\"height\":374,\"caption\":\"Eco Supplements\"},\"image\":{\"@id\":\"https:\\\/\\\/ecosupplements.be\\\/fr\\\/#\\\/schema\\\/logo\\\/image\\\/\"}}]}<\/script>\n<meta property=\"product:brand\" content=\"Life Extension\" \/>\n<meta property=\"product:price:amount\" content=\"31.66\" \/>\n<meta property=\"product:price:currency\" content=\"EUR\" \/>\n<meta property=\"og:availability\" content=\"instock\" \/>\n<meta property=\"product:availability\" content=\"instock\" \/>\n<meta property=\"product:retailer_item_id\" content=\"737870252290\" \/>\n<meta property=\"product:condition\" content=\"new\" \/>\n<!-- \/ Yoast SEO Premium plugin. -->","yoast_head_json":{"title":"LIFE EXTENSION Compl\u00e9ment pour la peau et le pelage des chiens (90 capsules) - ECO Supplements","description":"Wij hebben een ruime keuze aan producten van LIFE EXTENSION Compl\u00e9ment pour la peau et le pelage des chiens (90 capsules) . Winkel bij Eco Supplements altijd gratis verzending boven 100\u20ac","robots":{"index":"index","follow":"follow","max-snippet":"max-snippet:-1","max-image-preview":"max-image-preview:large","max-video-preview":"max-video-preview:-1"},"canonical":"https:\/\/ecosupplements.be\/fr\/produit\/life-extension-dog-skin-coat-90-kaps\/","og_locale":"fr_FR","og_type":"article","og_title":"LIFE EXTENSION Compl\u00e9ment pour la peau et le pelage des chiens (90 capsules)","og_description":"Wij hebben een ruime keuze aan producten van LIFE EXTENSION Compl\u00e9ment pour la peau et le pelage des chiens (90 capsules) . Winkel bij Eco Supplements altijd gratis verzending boven 100\u20ac","og_url":"https:\/\/ecosupplements.be\/fr\/produit\/life-extension-dog-skin-coat-90-kaps\/","og_site_name":"ECO Supplements","article_modified_time":"2025-08-28T02:24:03+00:00","og_image":[{"width":1080,"height":1327,"url":"https:\/\/ecosupplements.be\/wp-content\/uploads\/2025\/08\/Life-Extension-LIFE-EXTENSION-Dog-Skin-Coat-90-kaps.jpg","type":"image\/jpeg"}],"twitter_card":"summary_large_image","twitter_misc":{"Prix":"31.66&nbsp;&euro;","Disponibilit\u00e9":"En stock"},"schema":{"@context":"https:\/\/schema.org","@graph":[{"@type":["WebPage","ItemPage"],"@id":"https:\/\/ecosupplements.be\/fr\/produit\/life-extension-dog-skin-coat-90-kaps\/","url":"https:\/\/ecosupplements.be\/fr\/produit\/life-extension-dog-skin-coat-90-kaps\/","name":"LIFE EXTENSION Compl\u00e9ment pour la peau et le pelage des chiens (90 capsules) - ECO Supplements","isPartOf":{"@id":"https:\/\/ecosupplements.be\/fr\/#website"},"primaryImageOfPage":{"@id":"https:\/\/ecosupplements.be\/fr\/produit\/life-extension-dog-skin-coat-90-kaps\/#primaryimage"},"image":{"@id":"https:\/\/ecosupplements.be\/fr\/produit\/life-extension-dog-skin-coat-90-kaps\/#primaryimage"},"thumbnailUrl":"https:\/\/ecosupplements.be\/wp-content\/uploads\/2025\/08\/Life-Extension-LIFE-EXTENSION-Dog-Skin-Coat-90-kaps.jpg","datePublished":"2025-07-25T21:15:13+00:00","dateModified":"2025-08-28T02:24:03+00:00","description":"Wij hebben een ruime keuze aan producten van LIFE EXTENSION Compl\u00e9ment pour la peau et le pelage des chiens (90 capsules) . Winkel bij Eco Supplements altijd gratis verzending boven 100\u20ac","breadcrumb":{"@id":"https:\/\/ecosupplements.be\/fr\/produit\/life-extension-dog-skin-coat-90-kaps\/#breadcrumb"},"inLanguage":"fr-FR","potentialAction":[{"@type":"ReadAction","target":["https:\/\/ecosupplements.be\/fr\/produit\/life-extension-dog-skin-coat-90-kaps\/"]}]},{"@type":"ImageObject","inLanguage":"fr-FR","@id":"https:\/\/ecosupplements.be\/fr\/produit\/life-extension-dog-skin-coat-90-kaps\/#primaryimage","url":"https:\/\/ecosupplements.be\/wp-content\/uploads\/2025\/08\/Life-Extension-LIFE-EXTENSION-Dog-Skin-Coat-90-kaps.jpg","contentUrl":"https:\/\/ecosupplements.be\/wp-content\/uploads\/2025\/08\/Life-Extension-LIFE-EXTENSION-Dog-Skin-Coat-90-kaps.jpg","width":1080,"height":1327},{"@type":"BreadcrumbList","@id":"https:\/\/ecosupplements.be\/fr\/produit\/life-extension-dog-skin-coat-90-kaps\/#breadcrumb","itemListElement":[{"@type":"ListItem","position":1,"name":"Home","item":"https:\/\/ecosupplements.be\/fr\/"},{"@type":"ListItem","position":2,"name":"Boutique","item":"https:\/\/ecosupplements.be\/fr\/boutique\/"},{"@type":"ListItem","position":3,"name":"LIFE EXTENSION Compl\u00e9ment pour la peau et le pelage des chiens (90 capsules)"}]},{"@type":"WebSite","@id":"https:\/\/ecosupplements.be\/fr\/#website","url":"https:\/\/ecosupplements.be\/fr\/","name":"ECO Supplements","description":"Eco Supplements - Gezonde supplementen","publisher":{"@id":"https:\/\/ecosupplements.be\/fr\/#organization"},"potentialAction":[{"@type":"SearchAction","target":{"@type":"EntryPoint","urlTemplate":"https:\/\/ecosupplements.be\/fr\/?s={search_term_string}"},"query-input":{"@type":"PropertyValueSpecification","valueRequired":true,"valueName":"search_term_string"}}],"inLanguage":"fr-FR"},{"@type":"Organization","@id":"https:\/\/ecosupplements.be\/fr\/#organization","name":"Eco Supplements","url":"https:\/\/ecosupplements.be\/fr\/","logo":{"@type":"ImageObject","inLanguage":"fr-FR","@id":"https:\/\/ecosupplements.be\/fr\/#\/schema\/logo\/image\/","url":"https:\/\/ecosupplements.be\/wp-content\/uploads\/2022\/06\/ecosupplement-family.png","contentUrl":"https:\/\/ecosupplements.be\/wp-content\/uploads\/2022\/06\/ecosupplement-family.png","width":593,"height":374,"caption":"Eco Supplements"},"image":{"@id":"https:\/\/ecosupplements.be\/fr\/#\/schema\/logo\/image\/"}}]},"product_brand":"Life Extension","product_price_amount":"31.66","product_price_currency":"EUR","og_availability":"instock","product_availability":"instock","product_retailer_item_id":"737870252290","product_condition":"new"},"_links":{"self":[{"href":"https:\/\/ecosupplements.be\/fr\/wp-json\/wp\/v2\/product\/301716","targetHints":{"allow":["GET"]}}],"collection":[{"href":"https:\/\/ecosupplements.be\/fr\/wp-json\/wp\/v2\/product"}],"about":[{"href":"https:\/\/ecosupplements.be\/fr\/wp-json\/wp\/v2\/types\/product"}],"replies":[{"embeddable":true,"href":"https:\/\/ecosupplements.be\/fr\/wp-json\/wp\/v2\/comments?post=301716"}],"wp:featuredmedia":[{"embeddable":true,"href":"https:\/\/ecosupplements.be\/fr\/wp-json\/wp\/v2\/media\/301717"}],"wp:attachment":[{"href":"https:\/\/ecosupplements.be\/fr\/wp-json\/wp\/v2\/media?parent=301716"}],"wp:term":[{"taxonomy":"product_brand","embeddable":true,"href":"https:\/\/ecosupplements.be\/fr\/wp-json\/wp\/v2\/product_brand?post=301716"},{"taxonomy":"product_cat","embeddable":true,"href":"https:\/\/ecosupplements.be\/fr\/wp-json\/wp\/v2\/product_cat?post=301716"},{"taxonomy":"product_tag","embeddable":true,"href":"https:\/\/ecosupplements.be\/fr\/wp-json\/wp\/v2\/product_tag?post=301716"}],"curies":[{"name":"wp","href":"https:\/\/api.w.org\/{rel}","templated":true}]}}