{"id":301719,"date":"2025-07-25T22:15:13","date_gmt":"2025-07-25T21:15:13","guid":{"rendered":"https:\/\/ecosupplements.be\/product\/life-extension-essential-youth-l-ergothioneine-30-caps\/"},"modified":"2025-08-28T03:24:06","modified_gmt":"2025-08-28T02:24:06","slug":"life-extension-essential-youth-l-ergothioneine-30-caps","status":"publish","type":"product","link":"https:\/\/ecosupplements.be\/fr\/produit\/life-extension-essential-youth-l-ergothioneine-30-caps\/","title":{"rendered":"Extension de vie &#8211; Jeunesse Essentielle L-Ergothion\u00e9ine (30 g\u00e9lules)"},"content":{"rendered":"<p><strong>Nom du produit :<\/strong> LIFE EXTENSION Essential Youth L-Ergothioneine (30 caps)<\/p>\n<p><strong>Description :<\/strong> D\u00e9couvrez un choix naturel pour les amateurs de qualit\u00e9 avec LIFE EXTENSION Essential Youth L-Ergothioneine. Ce produit est formul\u00e9 \u00e0 partir d&#8217;ingr\u00e9dients soigneusement s\u00e9lectionn\u00e9s pour leur origine naturelle et leur grande puret\u00e9.<\/p>\n<p><strong>Ingr\u00e9dients principaux :<\/strong> Chaque capsule contient ErgoActive<sup>\u00ae<\/sup> (L-ergothion\u00e9ine) \u00e0 hauteur de 5 mg, enrichie en vitamine C issue du palmitynian askorbylu, ainsi que des otr\u0119by ry\u017cowe (son de riz) et une base v\u00e9g\u00e9tale hydroksypropylometyloceluloza pour la capsule.<\/p>\n<p><strong>Contenu et emballage :<\/strong> Le produit est pr\u00e9sent\u00e9 dans un emballage contenant 30 capsules faciles \u00e0 utiliser.<\/p>\n<p><strong>Utilisation recommand\u00e9e :<\/strong> Prendre une capsule par jour. Il est conseill\u00e9 de ne pas d\u00e9passer la dose journali\u00e8re recommand\u00e9e.<\/p>\n<p><strong>Fonctionnalit\u00e9s pratiques :<\/strong> Les capsules sont con\u00e7ues pour \u00eatre simples d&#8217;utilisation au quotidien, int\u00e9grant facilement dans votre routine sans perturber votre emploi du temps charg\u00e9.<\/p>\n<p style=\"text-align:justify\"><em>Ce compl\u00e9ment alimentaire s&#8217;int\u00e8gre parfaitement dans un mode de vie \u00e9quilibr\u00e9 et actif. Il est important de maintenir une alimentation vari\u00e9e et \u00e9quilibr\u00e9e ainsi qu&#8217;un mode de vie sain. pour toute question sp\u00e9cifique concernant l&#8217;utilisation du produit, il est recommand\u00e9 de consulter un professionnel de sant\u00e9.<\/em><\/p>\n","protected":false},"excerpt":{"rendered":"<p>Nom du produit : LIFE EXTENSION Essential Youth L-Ergothioneine (30 caps) Description : D\u00e9couvrez un choix naturel pour les amateurs de qualit\u00e9 avec LIFE EXTENSION Essential Youth L-Ergothioneine. Ce produit est formul\u00e9 \u00e0 partir d&#8217;ingr\u00e9dients soigneusement s\u00e9lectionn\u00e9s pour leur origine naturelle et leur grande puret\u00e9. Ingr\u00e9dients principaux : Chaque capsule contient ErgoActive\u00ae (L-ergothion\u00e9ine) \u00e0 hauteur [&#8230;]\n","protected":false},"featured_media":275859,"comment_status":"closed","ping_status":"open","template":"","meta":[],"product_brand":[4723],"product_cat":[5067,5053],"product_tag":[],"class_list":{"0":"post-301719","1":"product","2":"type-product","3":"status-publish","4":"has-post-thumbnail","6":"product_brand-life-extension-2","7":"product_cat-acides-amines-et-bcaa","8":"product_cat-vitamines-et-mineraux","10":"first","11":"instock","12":"taxable","13":"shipping-taxable","14":"purchasable","15":"product-type-simple"},"yoast_head":"<!-- This site is optimized with the Yoast SEO Premium plugin v27.3 (Yoast SEO v27.3) - https:\/\/yoast.com\/product\/yoast-seo-premium-wordpress\/ -->\n<title>Extension de vie - Jeunesse Essentielle L-Ergothion\u00e9ine (30 g\u00e9lules) - ECO Supplements<\/title>\n<meta name=\"description\" content=\"Wij hebben een ruime keuze aan producten van Extension de vie - Jeunesse Essentielle L-Ergothion\u00e9ine (30 g\u00e9lules) . Winkel bij Eco Supplements altijd gratis verzending boven 100\u20ac\" \/>\n<meta name=\"robots\" content=\"index, follow, max-snippet:-1, max-image-preview:large, max-video-preview:-1\" \/>\n<link rel=\"canonical\" href=\"https:\/\/ecosupplements.be\/fr\/produit\/life-extension-essential-youth-l-ergothioneine-30-caps\/\" \/>\n<meta property=\"og:locale\" content=\"fr_FR\" \/>\n<meta property=\"og:type\" content=\"article\" \/>\n<meta property=\"og:title\" content=\"Extension de vie - Jeunesse Essentielle L-Ergothion\u00e9ine (30 g\u00e9lules)\" \/>\n<meta property=\"og:description\" content=\"Wij hebben een ruime keuze aan producten van Extension de vie - Jeunesse Essentielle L-Ergothion\u00e9ine (30 g\u00e9lules) . Winkel bij Eco Supplements altijd gratis verzending boven 100\u20ac\" \/>\n<meta property=\"og:url\" content=\"https:\/\/ecosupplements.be\/fr\/produit\/life-extension-essential-youth-l-ergothioneine-30-caps\/\" \/>\n<meta property=\"og:site_name\" content=\"ECO Supplements\" \/>\n<meta property=\"article:modified_time\" content=\"2025-08-28T02:24:06+00:00\" \/>\n<meta property=\"og:image\" content=\"https:\/\/ecosupplements.be\/wp-content\/uploads\/2025\/08\/Life-Extension-LIFE-EXTENSION-Essential-Youth-L-Ergothioneine-30-caps.jpg\" \/>\n\t<meta property=\"og:image:width\" content=\"600\" \/>\n\t<meta property=\"og:image:height\" content=\"800\" \/>\n\t<meta property=\"og:image:type\" content=\"image\/jpeg\" \/>\n<meta name=\"twitter:card\" content=\"summary_large_image\" \/>\n<meta name=\"twitter:label1\" content=\"Prix\" \/>\n\t<meta name=\"twitter:data1\" content=\"25.92&nbsp;&euro;\" \/>\n\t<meta name=\"twitter:label2\" content=\"Disponibilit\u00e9\" \/>\n\t<meta name=\"twitter:data2\" content=\"En stock\" \/>\n<script type=\"application\/ld+json\" class=\"yoast-schema-graph\">{\"@context\":\"https:\\\/\\\/schema.org\",\"@graph\":[{\"@type\":[\"WebPage\",\"ItemPage\"],\"@id\":\"https:\\\/\\\/ecosupplements.be\\\/fr\\\/produit\\\/life-extension-essential-youth-l-ergothioneine-30-caps\\\/\",\"url\":\"https:\\\/\\\/ecosupplements.be\\\/fr\\\/produit\\\/life-extension-essential-youth-l-ergothioneine-30-caps\\\/\",\"name\":\"Extension de vie - Jeunesse Essentielle L-Ergothion\u00e9ine (30 g\u00e9lules) - ECO Supplements\",\"isPartOf\":{\"@id\":\"https:\\\/\\\/ecosupplements.be\\\/fr\\\/#website\"},\"primaryImageOfPage\":{\"@id\":\"https:\\\/\\\/ecosupplements.be\\\/fr\\\/produit\\\/life-extension-essential-youth-l-ergothioneine-30-caps\\\/#primaryimage\"},\"image\":{\"@id\":\"https:\\\/\\\/ecosupplements.be\\\/fr\\\/produit\\\/life-extension-essential-youth-l-ergothioneine-30-caps\\\/#primaryimage\"},\"thumbnailUrl\":\"https:\\\/\\\/ecosupplements.be\\\/wp-content\\\/uploads\\\/2025\\\/08\\\/LIFE-EXTENSION-Essential-Youth-L-Ergothioneine-30-caps.jpg\",\"datePublished\":\"2025-07-25T21:15:13+00:00\",\"dateModified\":\"2025-08-28T02:24:06+00:00\",\"description\":\"Wij hebben een ruime keuze aan producten van Extension de vie - Jeunesse Essentielle L-Ergothion\u00e9ine (30 g\u00e9lules) . Winkel bij Eco Supplements altijd gratis verzending boven 100\u20ac\",\"breadcrumb\":{\"@id\":\"https:\\\/\\\/ecosupplements.be\\\/fr\\\/produit\\\/life-extension-essential-youth-l-ergothioneine-30-caps\\\/#breadcrumb\"},\"inLanguage\":\"fr-FR\",\"potentialAction\":[{\"@type\":\"ReadAction\",\"target\":[\"https:\\\/\\\/ecosupplements.be\\\/fr\\\/produit\\\/life-extension-essential-youth-l-ergothioneine-30-caps\\\/\"]}]},{\"@type\":\"ImageObject\",\"inLanguage\":\"fr-FR\",\"@id\":\"https:\\\/\\\/ecosupplements.be\\\/fr\\\/produit\\\/life-extension-essential-youth-l-ergothioneine-30-caps\\\/#primaryimage\",\"url\":\"https:\\\/\\\/ecosupplements.be\\\/wp-content\\\/uploads\\\/2025\\\/08\\\/LIFE-EXTENSION-Essential-Youth-L-Ergothioneine-30-caps.jpg\",\"contentUrl\":\"https:\\\/\\\/ecosupplements.be\\\/wp-content\\\/uploads\\\/2025\\\/08\\\/LIFE-EXTENSION-Essential-Youth-L-Ergothioneine-30-caps.jpg\",\"width\":600,\"height\":800},{\"@type\":\"BreadcrumbList\",\"@id\":\"https:\\\/\\\/ecosupplements.be\\\/fr\\\/produit\\\/life-extension-essential-youth-l-ergothioneine-30-caps\\\/#breadcrumb\",\"itemListElement\":[{\"@type\":\"ListItem\",\"position\":1,\"name\":\"Home\",\"item\":\"https:\\\/\\\/ecosupplements.be\\\/fr\\\/\"},{\"@type\":\"ListItem\",\"position\":2,\"name\":\"Boutique\",\"item\":\"https:\\\/\\\/ecosupplements.be\\\/fr\\\/boutique\\\/\"},{\"@type\":\"ListItem\",\"position\":3,\"name\":\"Extension de vie &#8211; Jeunesse Essentielle L-Ergothion\u00e9ine (30 g\u00e9lules)\"}]},{\"@type\":\"WebSite\",\"@id\":\"https:\\\/\\\/ecosupplements.be\\\/fr\\\/#website\",\"url\":\"https:\\\/\\\/ecosupplements.be\\\/fr\\\/\",\"name\":\"ECO Supplements\",\"description\":\"Eco Supplements - Gezonde supplementen\",\"publisher\":{\"@id\":\"https:\\\/\\\/ecosupplements.be\\\/fr\\\/#organization\"},\"potentialAction\":[{\"@type\":\"SearchAction\",\"target\":{\"@type\":\"EntryPoint\",\"urlTemplate\":\"https:\\\/\\\/ecosupplements.be\\\/fr\\\/?s={search_term_string}\"},\"query-input\":{\"@type\":\"PropertyValueSpecification\",\"valueRequired\":true,\"valueName\":\"search_term_string\"}}],\"inLanguage\":\"fr-FR\"},{\"@type\":\"Organization\",\"@id\":\"https:\\\/\\\/ecosupplements.be\\\/fr\\\/#organization\",\"name\":\"Eco Supplements\",\"url\":\"https:\\\/\\\/ecosupplements.be\\\/fr\\\/\",\"logo\":{\"@type\":\"ImageObject\",\"inLanguage\":\"fr-FR\",\"@id\":\"https:\\\/\\\/ecosupplements.be\\\/fr\\\/#\\\/schema\\\/logo\\\/image\\\/\",\"url\":\"https:\\\/\\\/ecosupplements.be\\\/wp-content\\\/uploads\\\/2022\\\/06\\\/ecosupplement-family.png\",\"contentUrl\":\"https:\\\/\\\/ecosupplements.be\\\/wp-content\\\/uploads\\\/2022\\\/06\\\/ecosupplement-family.png\",\"width\":593,\"height\":374,\"caption\":\"Eco Supplements\"},\"image\":{\"@id\":\"https:\\\/\\\/ecosupplements.be\\\/fr\\\/#\\\/schema\\\/logo\\\/image\\\/\"}}]}<\/script>\n<meta property=\"product:brand\" content=\"Life Extension\" \/>\n<meta property=\"product:price:amount\" content=\"25.92\" \/>\n<meta property=\"product:price:currency\" content=\"EUR\" \/>\n<meta property=\"og:availability\" content=\"instock\" \/>\n<meta property=\"product:availability\" content=\"instock\" \/>\n<meta property=\"product:retailer_item_id\" content=\"737870243137\" \/>\n<meta property=\"product:condition\" content=\"new\" \/>\n<!-- \/ Yoast SEO Premium plugin. -->","yoast_head_json":{"title":"Extension de vie - Jeunesse Essentielle L-Ergothion\u00e9ine (30 g\u00e9lules) - ECO Supplements","description":"Wij hebben een ruime keuze aan producten van Extension de vie - Jeunesse Essentielle L-Ergothion\u00e9ine (30 g\u00e9lules) . Winkel bij Eco Supplements altijd gratis verzending boven 100\u20ac","robots":{"index":"index","follow":"follow","max-snippet":"max-snippet:-1","max-image-preview":"max-image-preview:large","max-video-preview":"max-video-preview:-1"},"canonical":"https:\/\/ecosupplements.be\/fr\/produit\/life-extension-essential-youth-l-ergothioneine-30-caps\/","og_locale":"fr_FR","og_type":"article","og_title":"Extension de vie - Jeunesse Essentielle L-Ergothion\u00e9ine (30 g\u00e9lules)","og_description":"Wij hebben een ruime keuze aan producten van Extension de vie - Jeunesse Essentielle L-Ergothion\u00e9ine (30 g\u00e9lules) . Winkel bij Eco Supplements altijd gratis verzending boven 100\u20ac","og_url":"https:\/\/ecosupplements.be\/fr\/produit\/life-extension-essential-youth-l-ergothioneine-30-caps\/","og_site_name":"ECO Supplements","article_modified_time":"2025-08-28T02:24:06+00:00","og_image":[{"width":600,"height":800,"url":"https:\/\/ecosupplements.be\/wp-content\/uploads\/2025\/08\/Life-Extension-LIFE-EXTENSION-Essential-Youth-L-Ergothioneine-30-caps.jpg","type":"image\/jpeg"}],"twitter_card":"summary_large_image","twitter_misc":{"Prix":"25.92&nbsp;&euro;","Disponibilit\u00e9":"En stock"},"schema":{"@context":"https:\/\/schema.org","@graph":[{"@type":["WebPage","ItemPage"],"@id":"https:\/\/ecosupplements.be\/fr\/produit\/life-extension-essential-youth-l-ergothioneine-30-caps\/","url":"https:\/\/ecosupplements.be\/fr\/produit\/life-extension-essential-youth-l-ergothioneine-30-caps\/","name":"Extension de vie - Jeunesse Essentielle L-Ergothion\u00e9ine (30 g\u00e9lules) - ECO Supplements","isPartOf":{"@id":"https:\/\/ecosupplements.be\/fr\/#website"},"primaryImageOfPage":{"@id":"https:\/\/ecosupplements.be\/fr\/produit\/life-extension-essential-youth-l-ergothioneine-30-caps\/#primaryimage"},"image":{"@id":"https:\/\/ecosupplements.be\/fr\/produit\/life-extension-essential-youth-l-ergothioneine-30-caps\/#primaryimage"},"thumbnailUrl":"https:\/\/ecosupplements.be\/wp-content\/uploads\/2025\/08\/LIFE-EXTENSION-Essential-Youth-L-Ergothioneine-30-caps.jpg","datePublished":"2025-07-25T21:15:13+00:00","dateModified":"2025-08-28T02:24:06+00:00","description":"Wij hebben een ruime keuze aan producten van Extension de vie - Jeunesse Essentielle L-Ergothion\u00e9ine (30 g\u00e9lules) . Winkel bij Eco Supplements altijd gratis verzending boven 100\u20ac","breadcrumb":{"@id":"https:\/\/ecosupplements.be\/fr\/produit\/life-extension-essential-youth-l-ergothioneine-30-caps\/#breadcrumb"},"inLanguage":"fr-FR","potentialAction":[{"@type":"ReadAction","target":["https:\/\/ecosupplements.be\/fr\/produit\/life-extension-essential-youth-l-ergothioneine-30-caps\/"]}]},{"@type":"ImageObject","inLanguage":"fr-FR","@id":"https:\/\/ecosupplements.be\/fr\/produit\/life-extension-essential-youth-l-ergothioneine-30-caps\/#primaryimage","url":"https:\/\/ecosupplements.be\/wp-content\/uploads\/2025\/08\/LIFE-EXTENSION-Essential-Youth-L-Ergothioneine-30-caps.jpg","contentUrl":"https:\/\/ecosupplements.be\/wp-content\/uploads\/2025\/08\/LIFE-EXTENSION-Essential-Youth-L-Ergothioneine-30-caps.jpg","width":600,"height":800},{"@type":"BreadcrumbList","@id":"https:\/\/ecosupplements.be\/fr\/produit\/life-extension-essential-youth-l-ergothioneine-30-caps\/#breadcrumb","itemListElement":[{"@type":"ListItem","position":1,"name":"Home","item":"https:\/\/ecosupplements.be\/fr\/"},{"@type":"ListItem","position":2,"name":"Boutique","item":"https:\/\/ecosupplements.be\/fr\/boutique\/"},{"@type":"ListItem","position":3,"name":"Extension de vie &#8211; Jeunesse Essentielle L-Ergothion\u00e9ine (30 g\u00e9lules)"}]},{"@type":"WebSite","@id":"https:\/\/ecosupplements.be\/fr\/#website","url":"https:\/\/ecosupplements.be\/fr\/","name":"ECO Supplements","description":"Eco Supplements - Gezonde supplementen","publisher":{"@id":"https:\/\/ecosupplements.be\/fr\/#organization"},"potentialAction":[{"@type":"SearchAction","target":{"@type":"EntryPoint","urlTemplate":"https:\/\/ecosupplements.be\/fr\/?s={search_term_string}"},"query-input":{"@type":"PropertyValueSpecification","valueRequired":true,"valueName":"search_term_string"}}],"inLanguage":"fr-FR"},{"@type":"Organization","@id":"https:\/\/ecosupplements.be\/fr\/#organization","name":"Eco Supplements","url":"https:\/\/ecosupplements.be\/fr\/","logo":{"@type":"ImageObject","inLanguage":"fr-FR","@id":"https:\/\/ecosupplements.be\/fr\/#\/schema\/logo\/image\/","url":"https:\/\/ecosupplements.be\/wp-content\/uploads\/2022\/06\/ecosupplement-family.png","contentUrl":"https:\/\/ecosupplements.be\/wp-content\/uploads\/2022\/06\/ecosupplement-family.png","width":593,"height":374,"caption":"Eco Supplements"},"image":{"@id":"https:\/\/ecosupplements.be\/fr\/#\/schema\/logo\/image\/"}}]},"product_brand":"Life Extension","product_price_amount":"25.92","product_price_currency":"EUR","og_availability":"instock","product_availability":"instock","product_retailer_item_id":"737870243137","product_condition":"new"},"_links":{"self":[{"href":"https:\/\/ecosupplements.be\/fr\/wp-json\/wp\/v2\/product\/301719","targetHints":{"allow":["GET"]}}],"collection":[{"href":"https:\/\/ecosupplements.be\/fr\/wp-json\/wp\/v2\/product"}],"about":[{"href":"https:\/\/ecosupplements.be\/fr\/wp-json\/wp\/v2\/types\/product"}],"replies":[{"embeddable":true,"href":"https:\/\/ecosupplements.be\/fr\/wp-json\/wp\/v2\/comments?post=301719"}],"wp:featuredmedia":[{"embeddable":true,"href":"https:\/\/ecosupplements.be\/fr\/wp-json\/wp\/v2\/media\/275859"}],"wp:attachment":[{"href":"https:\/\/ecosupplements.be\/fr\/wp-json\/wp\/v2\/media?parent=301719"}],"wp:term":[{"taxonomy":"product_brand","embeddable":true,"href":"https:\/\/ecosupplements.be\/fr\/wp-json\/wp\/v2\/product_brand?post=301719"},{"taxonomy":"product_cat","embeddable":true,"href":"https:\/\/ecosupplements.be\/fr\/wp-json\/wp\/v2\/product_cat?post=301719"},{"taxonomy":"product_tag","embeddable":true,"href":"https:\/\/ecosupplements.be\/fr\/wp-json\/wp\/v2\/product_tag?post=301719"}],"curies":[{"name":"wp","href":"https:\/\/api.w.org\/{rel}","templated":true}]}}