{"id":301728,"date":"2025-07-25T22:30:19","date_gmt":"2025-07-25T21:30:19","guid":{"rendered":"https:\/\/ecosupplements.be\/product\/life-extension-mega-epa-dha-eu-120-sgels\/"},"modified":"2025-08-28T03:24:18","modified_gmt":"2025-08-28T02:24:18","slug":"life-extension-mega-epa-dha-eu-120-sgels","status":"publish","type":"product","link":"https:\/\/ecosupplements.be\/fr\/produit\/life-extension-mega-epa-dha-eu-120-sgels\/","title":{"rendered":"LIFE EXTENSION M\u00e9ga EPA\/DHA UE (120 g\u00e9lules)"},"content":{"rendered":"<div class=\"product-description\">\n<h2>LIFE EXTENSION Mega EPA\/DHA EU (120 sgels)<\/h2>\n<p>D\u00e9couvrez un choix naturel pour votre quotidien avec LIFE EXTENSION Mega EPA\/DHA. ce produit est compos\u00e9 d&#8217;un concentr\u00e9 d&#8217;huile de poisson hautement raffin\u00e9, provenant de sardines sauvages, et encapsul\u00e9 dans une g\u00e9latine de poisson (tilapia) pour une puret\u00e9 exceptionnelle.<\/p>\n<h3>Ingr\u00e9dients principaux<\/h3>\n<ul>\n<li>Concentr\u00e9 d&#8217;huile de poisson: 2000 mg par dose journali\u00e8re (2 capsules)<\/li>\n<li>EPA (Acide eicosapenta\u00e9no\u00efque): 720 mg<\/li>\n<li>DHA (Acide docosahexa\u00e9no\u00efque): 480 mg<\/li>\n<li>Aromatisant naturel au citron et extrait de romarin comme antioxydant<\/li>\n<\/ul>\n<h3>Utilisation recommand\u00e9e<\/h3>\n<p>Prenez deux capsules par jour avec un repas. Ce format pratique facilite l&#8217;int\u00e9gration \u00e0 votre routine quotidienne.<\/p>\n<h3>Caract\u00e9ristiques du produit<\/h3>\n<p>Ce compl\u00e9ment se pr\u00e9sente sous forme de g\u00e9lules faciles \u00e0 avaler, enrichies d&#8217;un l\u00e9ger ar\u00f4me naturel de citron pour am\u00e9liorer l&#8217;exp\u00e9rience gustative sans recourir \u00e0 des additifs artificiels.<\/p>\n<h3>Emballage et conservation<\/h3>\n<p>L&#8217;emballage contient 120 g\u00e9lules souples.Conservez le flacon dans un endroit sec et frais, hors de port\u00e9e des enfants.<\/p>\n<h4>Note:<\/h4>\n<p><\/p>\n<p>Ce produit est con\u00e7u pour \u00eatre int\u00e9gr\u00e9 dans un mode vie \u00e9quilibr\u00e9e et ne doit pas remplacer une alimentation vari\u00e9e. Ne d\u00e9passez pas la dose journali\u00e8re recommand\u00e9e.<\/p>\n<\/p><\/div>\n","protected":false},"excerpt":{"rendered":"<p>LIFE EXTENSION Mega EPA\/DHA EU (120 sgels) D\u00e9couvrez un choix naturel pour votre quotidien avec LIFE EXTENSION Mega EPA\/DHA. ce produit est compos\u00e9 d&#8217;un concentr\u00e9 d&#8217;huile de poisson hautement raffin\u00e9, provenant de sardines sauvages, et encapsul\u00e9 dans une g\u00e9latine de poisson (tilapia) pour une puret\u00e9 exceptionnelle. Ingr\u00e9dients principaux Concentr\u00e9 d&#8217;huile de poisson: 2000 mg par [&#8230;]\n","protected":false},"featured_media":275868,"comment_status":"closed","ping_status":"open","template":"","meta":[],"product_brand":[4723],"product_cat":[5082,5053],"product_tag":[],"class_list":{"0":"post-301728","1":"product","2":"type-product","3":"status-publish","4":"has-post-thumbnail","6":"product_brand-life-extension-2","7":"product_cat-omegas-efa-cla-huiles","8":"product_cat-vitamines-et-mineraux","10":"first","11":"instock","12":"taxable","13":"shipping-taxable","14":"purchasable","15":"product-type-simple"},"yoast_head":"<!-- This site is optimized with the Yoast SEO Premium plugin v27.3 (Yoast SEO v27.3) - https:\/\/yoast.com\/product\/yoast-seo-premium-wordpress\/ -->\n<title>LIFE EXTENSION M\u00e9ga EPA\/DHA UE (120 g\u00e9lules) - ECO Supplements<\/title>\n<meta name=\"description\" content=\"Wij hebben een ruime keuze aan producten van LIFE EXTENSION M\u00e9ga EPA\/DHA UE (120 g\u00e9lules) . Winkel bij Eco Supplements altijd gratis verzending boven 100\u20ac\" \/>\n<meta name=\"robots\" content=\"index, follow, max-snippet:-1, max-image-preview:large, max-video-preview:-1\" \/>\n<link rel=\"canonical\" href=\"https:\/\/ecosupplements.be\/fr\/produit\/life-extension-mega-epa-dha-eu-120-sgels\/\" \/>\n<meta property=\"og:locale\" content=\"fr_FR\" \/>\n<meta property=\"og:type\" content=\"article\" \/>\n<meta property=\"og:title\" content=\"LIFE EXTENSION M\u00e9ga EPA\/DHA UE (120 g\u00e9lules)\" \/>\n<meta property=\"og:description\" content=\"Wij hebben een ruime keuze aan producten van LIFE EXTENSION M\u00e9ga EPA\/DHA UE (120 g\u00e9lules) . Winkel bij Eco Supplements altijd gratis verzending boven 100\u20ac\" \/>\n<meta property=\"og:url\" content=\"https:\/\/ecosupplements.be\/fr\/produit\/life-extension-mega-epa-dha-eu-120-sgels\/\" \/>\n<meta property=\"og:site_name\" content=\"ECO Supplements\" \/>\n<meta property=\"article:modified_time\" content=\"2025-08-28T02:24:18+00:00\" \/>\n<meta property=\"og:image\" content=\"https:\/\/ecosupplements.be\/wp-content\/uploads\/2025\/08\/Life-Extension-LIFE-EXTENSION-Mega-EPADHA-EU-120-sgels.jpg\" \/>\n\t<meta property=\"og:image:width\" content=\"800\" \/>\n\t<meta property=\"og:image:height\" content=\"800\" \/>\n\t<meta property=\"og:image:type\" content=\"image\/jpeg\" \/>\n<meta name=\"twitter:card\" content=\"summary_large_image\" \/>\n<meta name=\"twitter:label1\" content=\"Prix\" \/>\n\t<meta name=\"twitter:data1\" content=\"39.34&nbsp;&euro;\" \/>\n\t<meta name=\"twitter:label2\" content=\"Disponibilit\u00e9\" \/>\n\t<meta name=\"twitter:data2\" content=\"En stock\" \/>\n<script type=\"application\/ld+json\" class=\"yoast-schema-graph\">{\"@context\":\"https:\\\/\\\/schema.org\",\"@graph\":[{\"@type\":[\"WebPage\",\"ItemPage\"],\"@id\":\"https:\\\/\\\/ecosupplements.be\\\/fr\\\/produit\\\/life-extension-mega-epa-dha-eu-120-sgels\\\/\",\"url\":\"https:\\\/\\\/ecosupplements.be\\\/fr\\\/produit\\\/life-extension-mega-epa-dha-eu-120-sgels\\\/\",\"name\":\"LIFE EXTENSION M\u00e9ga EPA\\\/DHA UE (120 g\u00e9lules) - ECO Supplements\",\"isPartOf\":{\"@id\":\"https:\\\/\\\/ecosupplements.be\\\/fr\\\/#website\"},\"primaryImageOfPage\":{\"@id\":\"https:\\\/\\\/ecosupplements.be\\\/fr\\\/produit\\\/life-extension-mega-epa-dha-eu-120-sgels\\\/#primaryimage\"},\"image\":{\"@id\":\"https:\\\/\\\/ecosupplements.be\\\/fr\\\/produit\\\/life-extension-mega-epa-dha-eu-120-sgels\\\/#primaryimage\"},\"thumbnailUrl\":\"https:\\\/\\\/ecosupplements.be\\\/wp-content\\\/uploads\\\/2025\\\/08\\\/LIFE-EXTENSION-Mega-EPADHA-EU-120-sgels.jpg\",\"datePublished\":\"2025-07-25T21:30:19+00:00\",\"dateModified\":\"2025-08-28T02:24:18+00:00\",\"description\":\"Wij hebben een ruime keuze aan producten van LIFE EXTENSION M\u00e9ga EPA\\\/DHA UE (120 g\u00e9lules) . Winkel bij Eco Supplements altijd gratis verzending boven 100\u20ac\",\"breadcrumb\":{\"@id\":\"https:\\\/\\\/ecosupplements.be\\\/fr\\\/produit\\\/life-extension-mega-epa-dha-eu-120-sgels\\\/#breadcrumb\"},\"inLanguage\":\"fr-FR\",\"potentialAction\":[{\"@type\":\"ReadAction\",\"target\":[\"https:\\\/\\\/ecosupplements.be\\\/fr\\\/produit\\\/life-extension-mega-epa-dha-eu-120-sgels\\\/\"]}]},{\"@type\":\"ImageObject\",\"inLanguage\":\"fr-FR\",\"@id\":\"https:\\\/\\\/ecosupplements.be\\\/fr\\\/produit\\\/life-extension-mega-epa-dha-eu-120-sgels\\\/#primaryimage\",\"url\":\"https:\\\/\\\/ecosupplements.be\\\/wp-content\\\/uploads\\\/2025\\\/08\\\/LIFE-EXTENSION-Mega-EPADHA-EU-120-sgels.jpg\",\"contentUrl\":\"https:\\\/\\\/ecosupplements.be\\\/wp-content\\\/uploads\\\/2025\\\/08\\\/LIFE-EXTENSION-Mega-EPADHA-EU-120-sgels.jpg\",\"width\":800,\"height\":800},{\"@type\":\"BreadcrumbList\",\"@id\":\"https:\\\/\\\/ecosupplements.be\\\/fr\\\/produit\\\/life-extension-mega-epa-dha-eu-120-sgels\\\/#breadcrumb\",\"itemListElement\":[{\"@type\":\"ListItem\",\"position\":1,\"name\":\"Home\",\"item\":\"https:\\\/\\\/ecosupplements.be\\\/fr\\\/\"},{\"@type\":\"ListItem\",\"position\":2,\"name\":\"Boutique\",\"item\":\"https:\\\/\\\/ecosupplements.be\\\/fr\\\/boutique\\\/\"},{\"@type\":\"ListItem\",\"position\":3,\"name\":\"LIFE EXTENSION M\u00e9ga EPA\\\/DHA UE (120 g\u00e9lules)\"}]},{\"@type\":\"WebSite\",\"@id\":\"https:\\\/\\\/ecosupplements.be\\\/fr\\\/#website\",\"url\":\"https:\\\/\\\/ecosupplements.be\\\/fr\\\/\",\"name\":\"ECO Supplements\",\"description\":\"Eco Supplements - Gezonde supplementen\",\"publisher\":{\"@id\":\"https:\\\/\\\/ecosupplements.be\\\/fr\\\/#organization\"},\"potentialAction\":[{\"@type\":\"SearchAction\",\"target\":{\"@type\":\"EntryPoint\",\"urlTemplate\":\"https:\\\/\\\/ecosupplements.be\\\/fr\\\/?s={search_term_string}\"},\"query-input\":{\"@type\":\"PropertyValueSpecification\",\"valueRequired\":true,\"valueName\":\"search_term_string\"}}],\"inLanguage\":\"fr-FR\"},{\"@type\":\"Organization\",\"@id\":\"https:\\\/\\\/ecosupplements.be\\\/fr\\\/#organization\",\"name\":\"Eco Supplements\",\"url\":\"https:\\\/\\\/ecosupplements.be\\\/fr\\\/\",\"logo\":{\"@type\":\"ImageObject\",\"inLanguage\":\"fr-FR\",\"@id\":\"https:\\\/\\\/ecosupplements.be\\\/fr\\\/#\\\/schema\\\/logo\\\/image\\\/\",\"url\":\"https:\\\/\\\/ecosupplements.be\\\/wp-content\\\/uploads\\\/2022\\\/06\\\/ecosupplement-family.png\",\"contentUrl\":\"https:\\\/\\\/ecosupplements.be\\\/wp-content\\\/uploads\\\/2022\\\/06\\\/ecosupplement-family.png\",\"width\":593,\"height\":374,\"caption\":\"Eco Supplements\"},\"image\":{\"@id\":\"https:\\\/\\\/ecosupplements.be\\\/fr\\\/#\\\/schema\\\/logo\\\/image\\\/\"}}]}<\/script>\n<meta property=\"product:brand\" content=\"Life Extension\" \/>\n<meta property=\"product:price:amount\" content=\"39.34\" \/>\n<meta property=\"product:price:currency\" content=\"EUR\" \/>\n<meta property=\"og:availability\" content=\"instock\" \/>\n<meta property=\"product:availability\" content=\"instock\" \/>\n<meta property=\"product:retailer_item_id\" content=\"8720648297076\" \/>\n<meta property=\"product:condition\" content=\"new\" \/>\n<!-- \/ Yoast SEO Premium plugin. -->","yoast_head_json":{"title":"LIFE EXTENSION M\u00e9ga EPA\/DHA UE (120 g\u00e9lules) - ECO Supplements","description":"Wij hebben een ruime keuze aan producten van LIFE EXTENSION M\u00e9ga EPA\/DHA UE (120 g\u00e9lules) . Winkel bij Eco Supplements altijd gratis verzending boven 100\u20ac","robots":{"index":"index","follow":"follow","max-snippet":"max-snippet:-1","max-image-preview":"max-image-preview:large","max-video-preview":"max-video-preview:-1"},"canonical":"https:\/\/ecosupplements.be\/fr\/produit\/life-extension-mega-epa-dha-eu-120-sgels\/","og_locale":"fr_FR","og_type":"article","og_title":"LIFE EXTENSION M\u00e9ga EPA\/DHA UE (120 g\u00e9lules)","og_description":"Wij hebben een ruime keuze aan producten van LIFE EXTENSION M\u00e9ga EPA\/DHA UE (120 g\u00e9lules) . Winkel bij Eco Supplements altijd gratis verzending boven 100\u20ac","og_url":"https:\/\/ecosupplements.be\/fr\/produit\/life-extension-mega-epa-dha-eu-120-sgels\/","og_site_name":"ECO Supplements","article_modified_time":"2025-08-28T02:24:18+00:00","og_image":[{"width":800,"height":800,"url":"https:\/\/ecosupplements.be\/wp-content\/uploads\/2025\/08\/Life-Extension-LIFE-EXTENSION-Mega-EPADHA-EU-120-sgels.jpg","type":"image\/jpeg"}],"twitter_card":"summary_large_image","twitter_misc":{"Prix":"39.34&nbsp;&euro;","Disponibilit\u00e9":"En stock"},"schema":{"@context":"https:\/\/schema.org","@graph":[{"@type":["WebPage","ItemPage"],"@id":"https:\/\/ecosupplements.be\/fr\/produit\/life-extension-mega-epa-dha-eu-120-sgels\/","url":"https:\/\/ecosupplements.be\/fr\/produit\/life-extension-mega-epa-dha-eu-120-sgels\/","name":"LIFE EXTENSION M\u00e9ga EPA\/DHA UE (120 g\u00e9lules) - ECO Supplements","isPartOf":{"@id":"https:\/\/ecosupplements.be\/fr\/#website"},"primaryImageOfPage":{"@id":"https:\/\/ecosupplements.be\/fr\/produit\/life-extension-mega-epa-dha-eu-120-sgels\/#primaryimage"},"image":{"@id":"https:\/\/ecosupplements.be\/fr\/produit\/life-extension-mega-epa-dha-eu-120-sgels\/#primaryimage"},"thumbnailUrl":"https:\/\/ecosupplements.be\/wp-content\/uploads\/2025\/08\/LIFE-EXTENSION-Mega-EPADHA-EU-120-sgels.jpg","datePublished":"2025-07-25T21:30:19+00:00","dateModified":"2025-08-28T02:24:18+00:00","description":"Wij hebben een ruime keuze aan producten van LIFE EXTENSION M\u00e9ga EPA\/DHA UE (120 g\u00e9lules) . Winkel bij Eco Supplements altijd gratis verzending boven 100\u20ac","breadcrumb":{"@id":"https:\/\/ecosupplements.be\/fr\/produit\/life-extension-mega-epa-dha-eu-120-sgels\/#breadcrumb"},"inLanguage":"fr-FR","potentialAction":[{"@type":"ReadAction","target":["https:\/\/ecosupplements.be\/fr\/produit\/life-extension-mega-epa-dha-eu-120-sgels\/"]}]},{"@type":"ImageObject","inLanguage":"fr-FR","@id":"https:\/\/ecosupplements.be\/fr\/produit\/life-extension-mega-epa-dha-eu-120-sgels\/#primaryimage","url":"https:\/\/ecosupplements.be\/wp-content\/uploads\/2025\/08\/LIFE-EXTENSION-Mega-EPADHA-EU-120-sgels.jpg","contentUrl":"https:\/\/ecosupplements.be\/wp-content\/uploads\/2025\/08\/LIFE-EXTENSION-Mega-EPADHA-EU-120-sgels.jpg","width":800,"height":800},{"@type":"BreadcrumbList","@id":"https:\/\/ecosupplements.be\/fr\/produit\/life-extension-mega-epa-dha-eu-120-sgels\/#breadcrumb","itemListElement":[{"@type":"ListItem","position":1,"name":"Home","item":"https:\/\/ecosupplements.be\/fr\/"},{"@type":"ListItem","position":2,"name":"Boutique","item":"https:\/\/ecosupplements.be\/fr\/boutique\/"},{"@type":"ListItem","position":3,"name":"LIFE EXTENSION M\u00e9ga EPA\/DHA UE (120 g\u00e9lules)"}]},{"@type":"WebSite","@id":"https:\/\/ecosupplements.be\/fr\/#website","url":"https:\/\/ecosupplements.be\/fr\/","name":"ECO Supplements","description":"Eco Supplements - Gezonde supplementen","publisher":{"@id":"https:\/\/ecosupplements.be\/fr\/#organization"},"potentialAction":[{"@type":"SearchAction","target":{"@type":"EntryPoint","urlTemplate":"https:\/\/ecosupplements.be\/fr\/?s={search_term_string}"},"query-input":{"@type":"PropertyValueSpecification","valueRequired":true,"valueName":"search_term_string"}}],"inLanguage":"fr-FR"},{"@type":"Organization","@id":"https:\/\/ecosupplements.be\/fr\/#organization","name":"Eco Supplements","url":"https:\/\/ecosupplements.be\/fr\/","logo":{"@type":"ImageObject","inLanguage":"fr-FR","@id":"https:\/\/ecosupplements.be\/fr\/#\/schema\/logo\/image\/","url":"https:\/\/ecosupplements.be\/wp-content\/uploads\/2022\/06\/ecosupplement-family.png","contentUrl":"https:\/\/ecosupplements.be\/wp-content\/uploads\/2022\/06\/ecosupplement-family.png","width":593,"height":374,"caption":"Eco Supplements"},"image":{"@id":"https:\/\/ecosupplements.be\/fr\/#\/schema\/logo\/image\/"}}]},"product_brand":"Life Extension","product_price_amount":"39.34","product_price_currency":"EUR","og_availability":"instock","product_availability":"instock","product_retailer_item_id":"8720648297076","product_condition":"new"},"_links":{"self":[{"href":"https:\/\/ecosupplements.be\/fr\/wp-json\/wp\/v2\/product\/301728","targetHints":{"allow":["GET"]}}],"collection":[{"href":"https:\/\/ecosupplements.be\/fr\/wp-json\/wp\/v2\/product"}],"about":[{"href":"https:\/\/ecosupplements.be\/fr\/wp-json\/wp\/v2\/types\/product"}],"replies":[{"embeddable":true,"href":"https:\/\/ecosupplements.be\/fr\/wp-json\/wp\/v2\/comments?post=301728"}],"wp:featuredmedia":[{"embeddable":true,"href":"https:\/\/ecosupplements.be\/fr\/wp-json\/wp\/v2\/media\/275868"}],"wp:attachment":[{"href":"https:\/\/ecosupplements.be\/fr\/wp-json\/wp\/v2\/media?parent=301728"}],"wp:term":[{"taxonomy":"product_brand","embeddable":true,"href":"https:\/\/ecosupplements.be\/fr\/wp-json\/wp\/v2\/product_brand?post=301728"},{"taxonomy":"product_cat","embeddable":true,"href":"https:\/\/ecosupplements.be\/fr\/wp-json\/wp\/v2\/product_cat?post=301728"},{"taxonomy":"product_tag","embeddable":true,"href":"https:\/\/ecosupplements.be\/fr\/wp-json\/wp\/v2\/product_tag?post=301728"}],"curies":[{"name":"wp","href":"https:\/\/api.w.org\/{rel}","templated":true}]}}