{"id":301737,"date":"2025-07-25T22:30:19","date_gmt":"2025-07-25T21:30:19","guid":{"rendered":"https:\/\/ecosupplements.be\/product\/life-extension-super-omega-3-epa-dha-with-sesame-lignans-olive-extract-eu-version-240-easy-to-swallow-sgels\/"},"modified":"2025-08-28T03:24:27","modified_gmt":"2025-08-28T02:24:27","slug":"life-extension-super-omega-3-epa-dha-with-sesame-lignans-olive-extract-eu-version-240-easy-to-swallow-sgels","status":"publish","type":"product","link":"https:\/\/ecosupplements.be\/fr\/produit\/life-extension-super-omega-3-epa-dha-with-sesame-lignans-olive-extract-eu-version-240-easy-to-swallow-sgels\/","title":{"rendered":"LIFE EXTENSION Super Om\u00e9ga-3 EPA\/DHA avec Lignanes de S\u00e9same et Extrait d&#8217;Olive version UE (240 g\u00e9lules faciles \u00e0 avaler)"},"content":{"rendered":"<h2>LIFE EXTENSION Super Omega-3 EPA\/DHA with Sesame Lignans &amp; Olive Extract EU version (240 easy-to-swallow sgels)<\/h2>\n<p>D\u00e9couvrez le compl\u00e9ment quotidien id\u00e9al pour ceux qui appr\u00e9cient les ingr\u00e9dients de haute qualit\u00e9 et d&#8217;origine naturelle. LIFE EXTENSION Super Omega-3 est une formule riche en huile de poisson raffin\u00e9e, provenant des sardines du Pacifique Sud au large des c\u00f4tes chiliennes. Ce produit est soigneusement distill\u00e9 pour \u00e9liminer les impuret\u00e9s, garantissant ainsi une puret\u00e9 exceptionnelle.<\/p>\n<p><strong>Ingr\u00e9dients principaux :<\/strong> Concentr\u00e9 d&#8217;huile de poisson raffin\u00e9e (sardine), extrait d&#8217;olive (feuilles et fruits), extrait de graines de s\u00e9same, gelatine, glycerine, eau purifi\u00e9e.<\/p>\n<p>Cette composition unique inclut \u00e9galement un extrait d&#8217;olive enrichi en polyph\u00e9nols et un extrait de graines de s\u00e9same pour compl\u00e9ter la formule.Chaque capsule est facile \u00e0 avaler et con\u00e7ue pour \u00eatre int\u00e9gr\u00e9e sans effort dans votre routine quotidienne.<\/p>\n<table border=\"1\">\n<tbody>\n<tr>\n<td><strong>contenu<\/strong><\/td>\n<td style=\"text-align:center\">240 capsules<\/td>\n<\/tr>\n<tr>\n<td><strong>Utilisation recommand\u00e9e<\/strong><\/td>\n<td style=\"text-align:center\">Prendre huit (8) capsules par jour avec un repas.<\/td>\n<\/tr>\n<\/tbody>\n<\/table>\n<p>Ce produit est parfaitement adapt\u00e9 \u00e0 ceux qui cherchent \u00e0 incorporer des \u00e9l\u00e9ments naturels dans leur mode de vie actif sans compromettre la facilit\u00e9 d&#8217;utilisation ou le go\u00fbt. Conservez ce produit dans un endroit sec et frais pour maintenir sa qualit\u00e9 optimale.<\/p>\n","protected":false},"excerpt":{"rendered":"<p>LIFE EXTENSION Super Omega-3 EPA\/DHA with Sesame Lignans &amp; Olive Extract EU version (240 easy-to-swallow sgels) D\u00e9couvrez le compl\u00e9ment quotidien id\u00e9al pour ceux qui appr\u00e9cient les ingr\u00e9dients de haute qualit\u00e9 et d&#8217;origine naturelle. LIFE EXTENSION Super Omega-3 est une formule riche en huile de poisson raffin\u00e9e, provenant des sardines du Pacifique Sud au large des [&#8230;]\n","protected":false},"featured_media":275877,"comment_status":"closed","ping_status":"open","template":"","meta":[],"product_brand":[4723],"product_cat":[5082,5053],"product_tag":[],"class_list":{"0":"post-301737","1":"product","2":"type-product","3":"status-publish","4":"has-post-thumbnail","6":"product_brand-life-extension-2","7":"product_cat-omegas-efa-cla-huiles","8":"product_cat-vitamines-et-mineraux","10":"first","11":"instock","12":"taxable","13":"shipping-taxable","14":"purchasable","15":"product-type-simple"},"yoast_head":"<!-- This site is optimized with the Yoast SEO Premium plugin v27.3 (Yoast SEO v27.3) - https:\/\/yoast.com\/product\/yoast-seo-premium-wordpress\/ -->\n<title>LIFE EXTENSION Super Om\u00e9ga-3 EPA\/DHA avec Lignanes de S\u00e9same et Extrait d&#039;Olive version UE (240 g\u00e9lules faciles \u00e0 avaler) - ECO Supplements<\/title>\n<meta name=\"description\" content=\"Wij hebben een ruime keuze aan producten van LIFE EXTENSION Super Om\u00e9ga-3 EPA\/DHA avec Lignanes de S\u00e9same et Extrait d&#039;Olive version UE (240 g\u00e9lules faciles \u00e0 avaler) . Winkel bij Eco Supplements altijd gratis verzending boven 100\u20ac\" \/>\n<meta name=\"robots\" content=\"index, follow, max-snippet:-1, max-image-preview:large, max-video-preview:-1\" \/>\n<link rel=\"canonical\" href=\"https:\/\/ecosupplements.be\/fr\/produit\/life-extension-super-omega-3-epa-dha-with-sesame-lignans-olive-extract-eu-version-240-easy-to-swallow-sgels\/\" \/>\n<meta property=\"og:locale\" content=\"fr_FR\" \/>\n<meta property=\"og:type\" content=\"article\" \/>\n<meta property=\"og:title\" content=\"LIFE EXTENSION Super Om\u00e9ga-3 EPA\/DHA avec Lignanes de S\u00e9same et Extrait d&#039;Olive version UE (240 g\u00e9lules faciles \u00e0 avaler)\" \/>\n<meta property=\"og:description\" content=\"Wij hebben een ruime keuze aan producten van LIFE EXTENSION Super Om\u00e9ga-3 EPA\/DHA avec Lignanes de S\u00e9same et Extrait d&#039;Olive version UE (240 g\u00e9lules faciles \u00e0 avaler) . Winkel bij Eco Supplements altijd gratis verzending boven 100\u20ac\" \/>\n<meta property=\"og:url\" content=\"https:\/\/ecosupplements.be\/fr\/produit\/life-extension-super-omega-3-epa-dha-with-sesame-lignans-olive-extract-eu-version-240-easy-to-swallow-sgels\/\" \/>\n<meta property=\"og:site_name\" content=\"ECO Supplements\" \/>\n<meta property=\"article:modified_time\" content=\"2025-08-28T02:24:27+00:00\" \/>\n<meta property=\"og:image\" content=\"https:\/\/ecosupplements.be\/wp-content\/uploads\/2025\/08\/Life-Extension-LIFE-EXTENSION-Super-Omega-3-EPADHA-with-Sesame-Lignans-Olive-Extract-EU-version-240-easy-to-swallow-sgels.jpg\" \/>\n\t<meta property=\"og:image:width\" content=\"800\" \/>\n\t<meta property=\"og:image:height\" content=\"800\" \/>\n\t<meta property=\"og:image:type\" content=\"image\/jpeg\" \/>\n<meta name=\"twitter:card\" content=\"summary_large_image\" \/>\n<meta name=\"twitter:label1\" content=\"Prix\" \/>\n\t<meta name=\"twitter:data1\" content=\"48.20&nbsp;&euro;\" \/>\n\t<meta name=\"twitter:label2\" content=\"Disponibilit\u00e9\" \/>\n\t<meta name=\"twitter:data2\" content=\"En stock\" \/>\n<script type=\"application\/ld+json\" class=\"yoast-schema-graph\">{\"@context\":\"https:\\\/\\\/schema.org\",\"@graph\":[{\"@type\":[\"WebPage\",\"ItemPage\"],\"@id\":\"https:\\\/\\\/ecosupplements.be\\\/fr\\\/produit\\\/life-extension-super-omega-3-epa-dha-with-sesame-lignans-olive-extract-eu-version-240-easy-to-swallow-sgels\\\/\",\"url\":\"https:\\\/\\\/ecosupplements.be\\\/fr\\\/produit\\\/life-extension-super-omega-3-epa-dha-with-sesame-lignans-olive-extract-eu-version-240-easy-to-swallow-sgels\\\/\",\"name\":\"LIFE EXTENSION Super Om\u00e9ga-3 EPA\\\/DHA avec Lignanes de S\u00e9same et Extrait d'Olive version UE (240 g\u00e9lules faciles \u00e0 avaler) - ECO Supplements\",\"isPartOf\":{\"@id\":\"https:\\\/\\\/ecosupplements.be\\\/fr\\\/#website\"},\"primaryImageOfPage\":{\"@id\":\"https:\\\/\\\/ecosupplements.be\\\/fr\\\/produit\\\/life-extension-super-omega-3-epa-dha-with-sesame-lignans-olive-extract-eu-version-240-easy-to-swallow-sgels\\\/#primaryimage\"},\"image\":{\"@id\":\"https:\\\/\\\/ecosupplements.be\\\/fr\\\/produit\\\/life-extension-super-omega-3-epa-dha-with-sesame-lignans-olive-extract-eu-version-240-easy-to-swallow-sgels\\\/#primaryimage\"},\"thumbnailUrl\":\"https:\\\/\\\/ecosupplements.be\\\/wp-content\\\/uploads\\\/2025\\\/08\\\/LIFE-EXTENSION-Super-Omega-3-EPADHA-with-Sesame-Lignans-Olive-Extract-EU-version-240-easy-to-swallow-sgels.jpg\",\"datePublished\":\"2025-07-25T21:30:19+00:00\",\"dateModified\":\"2025-08-28T02:24:27+00:00\",\"description\":\"Wij hebben een ruime keuze aan producten van LIFE EXTENSION Super Om\u00e9ga-3 EPA\\\/DHA avec Lignanes de S\u00e9same et Extrait d'Olive version UE (240 g\u00e9lules faciles \u00e0 avaler) . Winkel bij Eco Supplements altijd gratis verzending boven 100\u20ac\",\"breadcrumb\":{\"@id\":\"https:\\\/\\\/ecosupplements.be\\\/fr\\\/produit\\\/life-extension-super-omega-3-epa-dha-with-sesame-lignans-olive-extract-eu-version-240-easy-to-swallow-sgels\\\/#breadcrumb\"},\"inLanguage\":\"fr-FR\",\"potentialAction\":[{\"@type\":\"ReadAction\",\"target\":[\"https:\\\/\\\/ecosupplements.be\\\/fr\\\/produit\\\/life-extension-super-omega-3-epa-dha-with-sesame-lignans-olive-extract-eu-version-240-easy-to-swallow-sgels\\\/\"]}]},{\"@type\":\"ImageObject\",\"inLanguage\":\"fr-FR\",\"@id\":\"https:\\\/\\\/ecosupplements.be\\\/fr\\\/produit\\\/life-extension-super-omega-3-epa-dha-with-sesame-lignans-olive-extract-eu-version-240-easy-to-swallow-sgels\\\/#primaryimage\",\"url\":\"https:\\\/\\\/ecosupplements.be\\\/wp-content\\\/uploads\\\/2025\\\/08\\\/LIFE-EXTENSION-Super-Omega-3-EPADHA-with-Sesame-Lignans-Olive-Extract-EU-version-240-easy-to-swallow-sgels.jpg\",\"contentUrl\":\"https:\\\/\\\/ecosupplements.be\\\/wp-content\\\/uploads\\\/2025\\\/08\\\/LIFE-EXTENSION-Super-Omega-3-EPADHA-with-Sesame-Lignans-Olive-Extract-EU-version-240-easy-to-swallow-sgels.jpg\",\"width\":800,\"height\":800},{\"@type\":\"BreadcrumbList\",\"@id\":\"https:\\\/\\\/ecosupplements.be\\\/fr\\\/produit\\\/life-extension-super-omega-3-epa-dha-with-sesame-lignans-olive-extract-eu-version-240-easy-to-swallow-sgels\\\/#breadcrumb\",\"itemListElement\":[{\"@type\":\"ListItem\",\"position\":1,\"name\":\"Home\",\"item\":\"https:\\\/\\\/ecosupplements.be\\\/fr\\\/\"},{\"@type\":\"ListItem\",\"position\":2,\"name\":\"Boutique\",\"item\":\"https:\\\/\\\/ecosupplements.be\\\/fr\\\/boutique\\\/\"},{\"@type\":\"ListItem\",\"position\":3,\"name\":\"LIFE EXTENSION Super Om\u00e9ga-3 EPA\\\/DHA avec Lignanes de S\u00e9same et Extrait d&#8217;Olive version UE (240 g\u00e9lules faciles \u00e0 avaler)\"}]},{\"@type\":\"WebSite\",\"@id\":\"https:\\\/\\\/ecosupplements.be\\\/fr\\\/#website\",\"url\":\"https:\\\/\\\/ecosupplements.be\\\/fr\\\/\",\"name\":\"ECO Supplements\",\"description\":\"Eco Supplements - Gezonde supplementen\",\"publisher\":{\"@id\":\"https:\\\/\\\/ecosupplements.be\\\/fr\\\/#organization\"},\"potentialAction\":[{\"@type\":\"SearchAction\",\"target\":{\"@type\":\"EntryPoint\",\"urlTemplate\":\"https:\\\/\\\/ecosupplements.be\\\/fr\\\/?s={search_term_string}\"},\"query-input\":{\"@type\":\"PropertyValueSpecification\",\"valueRequired\":true,\"valueName\":\"search_term_string\"}}],\"inLanguage\":\"fr-FR\"},{\"@type\":\"Organization\",\"@id\":\"https:\\\/\\\/ecosupplements.be\\\/fr\\\/#organization\",\"name\":\"Eco Supplements\",\"url\":\"https:\\\/\\\/ecosupplements.be\\\/fr\\\/\",\"logo\":{\"@type\":\"ImageObject\",\"inLanguage\":\"fr-FR\",\"@id\":\"https:\\\/\\\/ecosupplements.be\\\/fr\\\/#\\\/schema\\\/logo\\\/image\\\/\",\"url\":\"https:\\\/\\\/ecosupplements.be\\\/wp-content\\\/uploads\\\/2022\\\/06\\\/ecosupplement-family.png\",\"contentUrl\":\"https:\\\/\\\/ecosupplements.be\\\/wp-content\\\/uploads\\\/2022\\\/06\\\/ecosupplement-family.png\",\"width\":593,\"height\":374,\"caption\":\"Eco Supplements\"},\"image\":{\"@id\":\"https:\\\/\\\/ecosupplements.be\\\/fr\\\/#\\\/schema\\\/logo\\\/image\\\/\"}}]}<\/script>\n<meta property=\"product:brand\" content=\"Life Extension\" \/>\n<meta property=\"product:price:amount\" content=\"48.20\" \/>\n<meta property=\"product:price:currency\" content=\"EUR\" \/>\n<meta property=\"og:availability\" content=\"instock\" \/>\n<meta property=\"product:availability\" content=\"instock\" \/>\n<meta property=\"product:retailer_item_id\" content=\"8720648297090\" \/>\n<meta property=\"product:condition\" content=\"new\" \/>\n<!-- \/ Yoast SEO Premium plugin. -->","yoast_head_json":{"title":"LIFE EXTENSION Super Om\u00e9ga-3 EPA\/DHA avec Lignanes de S\u00e9same et Extrait d'Olive version UE (240 g\u00e9lules faciles \u00e0 avaler) - ECO Supplements","description":"Wij hebben een ruime keuze aan producten van LIFE EXTENSION Super Om\u00e9ga-3 EPA\/DHA avec Lignanes de S\u00e9same et Extrait d'Olive version UE (240 g\u00e9lules faciles \u00e0 avaler) . Winkel bij Eco Supplements altijd gratis verzending boven 100\u20ac","robots":{"index":"index","follow":"follow","max-snippet":"max-snippet:-1","max-image-preview":"max-image-preview:large","max-video-preview":"max-video-preview:-1"},"canonical":"https:\/\/ecosupplements.be\/fr\/produit\/life-extension-super-omega-3-epa-dha-with-sesame-lignans-olive-extract-eu-version-240-easy-to-swallow-sgels\/","og_locale":"fr_FR","og_type":"article","og_title":"LIFE EXTENSION Super Om\u00e9ga-3 EPA\/DHA avec Lignanes de S\u00e9same et Extrait d'Olive version UE (240 g\u00e9lules faciles \u00e0 avaler)","og_description":"Wij hebben een ruime keuze aan producten van LIFE EXTENSION Super Om\u00e9ga-3 EPA\/DHA avec Lignanes de S\u00e9same et Extrait d'Olive version UE (240 g\u00e9lules faciles \u00e0 avaler) . Winkel bij Eco Supplements altijd gratis verzending boven 100\u20ac","og_url":"https:\/\/ecosupplements.be\/fr\/produit\/life-extension-super-omega-3-epa-dha-with-sesame-lignans-olive-extract-eu-version-240-easy-to-swallow-sgels\/","og_site_name":"ECO Supplements","article_modified_time":"2025-08-28T02:24:27+00:00","og_image":[{"width":800,"height":800,"url":"https:\/\/ecosupplements.be\/wp-content\/uploads\/2025\/08\/Life-Extension-LIFE-EXTENSION-Super-Omega-3-EPADHA-with-Sesame-Lignans-Olive-Extract-EU-version-240-easy-to-swallow-sgels.jpg","type":"image\/jpeg"}],"twitter_card":"summary_large_image","twitter_misc":{"Prix":"48.20&nbsp;&euro;","Disponibilit\u00e9":"En stock"},"schema":{"@context":"https:\/\/schema.org","@graph":[{"@type":["WebPage","ItemPage"],"@id":"https:\/\/ecosupplements.be\/fr\/produit\/life-extension-super-omega-3-epa-dha-with-sesame-lignans-olive-extract-eu-version-240-easy-to-swallow-sgels\/","url":"https:\/\/ecosupplements.be\/fr\/produit\/life-extension-super-omega-3-epa-dha-with-sesame-lignans-olive-extract-eu-version-240-easy-to-swallow-sgels\/","name":"LIFE EXTENSION Super Om\u00e9ga-3 EPA\/DHA avec Lignanes de S\u00e9same et Extrait d'Olive version UE (240 g\u00e9lules faciles \u00e0 avaler) - ECO Supplements","isPartOf":{"@id":"https:\/\/ecosupplements.be\/fr\/#website"},"primaryImageOfPage":{"@id":"https:\/\/ecosupplements.be\/fr\/produit\/life-extension-super-omega-3-epa-dha-with-sesame-lignans-olive-extract-eu-version-240-easy-to-swallow-sgels\/#primaryimage"},"image":{"@id":"https:\/\/ecosupplements.be\/fr\/produit\/life-extension-super-omega-3-epa-dha-with-sesame-lignans-olive-extract-eu-version-240-easy-to-swallow-sgels\/#primaryimage"},"thumbnailUrl":"https:\/\/ecosupplements.be\/wp-content\/uploads\/2025\/08\/LIFE-EXTENSION-Super-Omega-3-EPADHA-with-Sesame-Lignans-Olive-Extract-EU-version-240-easy-to-swallow-sgels.jpg","datePublished":"2025-07-25T21:30:19+00:00","dateModified":"2025-08-28T02:24:27+00:00","description":"Wij hebben een ruime keuze aan producten van LIFE EXTENSION Super Om\u00e9ga-3 EPA\/DHA avec Lignanes de S\u00e9same et Extrait d'Olive version UE (240 g\u00e9lules faciles \u00e0 avaler) . Winkel bij Eco Supplements altijd gratis verzending boven 100\u20ac","breadcrumb":{"@id":"https:\/\/ecosupplements.be\/fr\/produit\/life-extension-super-omega-3-epa-dha-with-sesame-lignans-olive-extract-eu-version-240-easy-to-swallow-sgels\/#breadcrumb"},"inLanguage":"fr-FR","potentialAction":[{"@type":"ReadAction","target":["https:\/\/ecosupplements.be\/fr\/produit\/life-extension-super-omega-3-epa-dha-with-sesame-lignans-olive-extract-eu-version-240-easy-to-swallow-sgels\/"]}]},{"@type":"ImageObject","inLanguage":"fr-FR","@id":"https:\/\/ecosupplements.be\/fr\/produit\/life-extension-super-omega-3-epa-dha-with-sesame-lignans-olive-extract-eu-version-240-easy-to-swallow-sgels\/#primaryimage","url":"https:\/\/ecosupplements.be\/wp-content\/uploads\/2025\/08\/LIFE-EXTENSION-Super-Omega-3-EPADHA-with-Sesame-Lignans-Olive-Extract-EU-version-240-easy-to-swallow-sgels.jpg","contentUrl":"https:\/\/ecosupplements.be\/wp-content\/uploads\/2025\/08\/LIFE-EXTENSION-Super-Omega-3-EPADHA-with-Sesame-Lignans-Olive-Extract-EU-version-240-easy-to-swallow-sgels.jpg","width":800,"height":800},{"@type":"BreadcrumbList","@id":"https:\/\/ecosupplements.be\/fr\/produit\/life-extension-super-omega-3-epa-dha-with-sesame-lignans-olive-extract-eu-version-240-easy-to-swallow-sgels\/#breadcrumb","itemListElement":[{"@type":"ListItem","position":1,"name":"Home","item":"https:\/\/ecosupplements.be\/fr\/"},{"@type":"ListItem","position":2,"name":"Boutique","item":"https:\/\/ecosupplements.be\/fr\/boutique\/"},{"@type":"ListItem","position":3,"name":"LIFE EXTENSION Super Om\u00e9ga-3 EPA\/DHA avec Lignanes de S\u00e9same et Extrait d&#8217;Olive version UE (240 g\u00e9lules faciles \u00e0 avaler)"}]},{"@type":"WebSite","@id":"https:\/\/ecosupplements.be\/fr\/#website","url":"https:\/\/ecosupplements.be\/fr\/","name":"ECO Supplements","description":"Eco Supplements - Gezonde supplementen","publisher":{"@id":"https:\/\/ecosupplements.be\/fr\/#organization"},"potentialAction":[{"@type":"SearchAction","target":{"@type":"EntryPoint","urlTemplate":"https:\/\/ecosupplements.be\/fr\/?s={search_term_string}"},"query-input":{"@type":"PropertyValueSpecification","valueRequired":true,"valueName":"search_term_string"}}],"inLanguage":"fr-FR"},{"@type":"Organization","@id":"https:\/\/ecosupplements.be\/fr\/#organization","name":"Eco Supplements","url":"https:\/\/ecosupplements.be\/fr\/","logo":{"@type":"ImageObject","inLanguage":"fr-FR","@id":"https:\/\/ecosupplements.be\/fr\/#\/schema\/logo\/image\/","url":"https:\/\/ecosupplements.be\/wp-content\/uploads\/2022\/06\/ecosupplement-family.png","contentUrl":"https:\/\/ecosupplements.be\/wp-content\/uploads\/2022\/06\/ecosupplement-family.png","width":593,"height":374,"caption":"Eco Supplements"},"image":{"@id":"https:\/\/ecosupplements.be\/fr\/#\/schema\/logo\/image\/"}}]},"product_brand":"Life Extension","product_price_amount":"48.20","product_price_currency":"EUR","og_availability":"instock","product_availability":"instock","product_retailer_item_id":"8720648297090","product_condition":"new"},"_links":{"self":[{"href":"https:\/\/ecosupplements.be\/fr\/wp-json\/wp\/v2\/product\/301737","targetHints":{"allow":["GET"]}}],"collection":[{"href":"https:\/\/ecosupplements.be\/fr\/wp-json\/wp\/v2\/product"}],"about":[{"href":"https:\/\/ecosupplements.be\/fr\/wp-json\/wp\/v2\/types\/product"}],"replies":[{"embeddable":true,"href":"https:\/\/ecosupplements.be\/fr\/wp-json\/wp\/v2\/comments?post=301737"}],"wp:featuredmedia":[{"embeddable":true,"href":"https:\/\/ecosupplements.be\/fr\/wp-json\/wp\/v2\/media\/275877"}],"wp:attachment":[{"href":"https:\/\/ecosupplements.be\/fr\/wp-json\/wp\/v2\/media?parent=301737"}],"wp:term":[{"taxonomy":"product_brand","embeddable":true,"href":"https:\/\/ecosupplements.be\/fr\/wp-json\/wp\/v2\/product_brand?post=301737"},{"taxonomy":"product_cat","embeddable":true,"href":"https:\/\/ecosupplements.be\/fr\/wp-json\/wp\/v2\/product_cat?post=301737"},{"taxonomy":"product_tag","embeddable":true,"href":"https:\/\/ecosupplements.be\/fr\/wp-json\/wp\/v2\/product_tag?post=301737"}],"curies":[{"name":"wp","href":"https:\/\/api.w.org\/{rel}","templated":true}]}}