{"id":301755,"date":"2025-07-25T23:00:27","date_gmt":"2025-07-25T22:00:27","guid":{"rendered":"https:\/\/ecosupplements.be\/product\/life-extension-vitamin-d3-1000-iu-25-mcg-eu-version-250-caps\/"},"modified":"2025-08-28T03:24:48","modified_gmt":"2025-08-28T02:24:48","slug":"life-extension-vitamin-d3-1000-iu-25-mcg-eu-version-250-caps","status":"publish","type":"product","link":"https:\/\/ecosupplements.be\/fr\/produit\/life-extension-vitamin-d3-1000-iu-25-mcg-eu-version-250-caps\/","title":{"rendered":"Vitamine D3 de LIFE EXTENSION, 1000 UI, 25 mcg, version UE (250 g\u00e9lules)"},"content":{"rendered":"<div>\n<h1>LIFE EXTENSION Vitamin D3, 1000 IU, 25 mcg, EU version (250 caps)<\/h1>\n<p>D\u00e9couvrez le compl\u00e9ment quotidien LIFE EXTENSION Vitamin D3 dans sa version europ\u00e9enne. Chaque capsule contient de la vitamine D3 (1000 IU), enrichie avec de l&#8217;huile d&#8217;olive extra vierge pour une qualit\u00e9 sup\u00e9rieure.<\/p>\n<p><strong>Ingr\u00e9dients principaux :<\/strong> Vitamine D3,huile d&#8217;olive extra vierge,acides gras \u00e0 cha\u00eene moyenne,g\u00e9latine,glyc\u00e9rine et eau purifi\u00e9e. Un ajout d\u00e9licat d&#8217;extrait de romarin compl\u00e8te cette composition raffin\u00e9e.<\/p>\n<p><strong>Contenu et emballage :<\/strong> Ce produit est pr\u00e9sent\u00e9 dans un emballage contenant 250 capsules faciles \u00e0 utiliser.<\/p>\n<p><strong>Utilisation recommand\u00e9e :<\/strong> Prendre une capsule par jour avec un repas pour int\u00e9grer facilement ce produit dans votre routine quotidienne.<\/p>\n<p>Ce choix parfait pour ceux qui appr\u00e9cient les ingr\u00e9dients naturels s&#8217;int\u00e8gre harmonieusement dans un mode de vie actif et \u00e9quilibr\u00e9. Profitez d&#8217;un produit pratique au quotidien sans compromis sur la qualit\u00e9.<\/p>\n<\/div>\n","protected":false},"excerpt":{"rendered":"<p>LIFE EXTENSION Vitamin D3, 1000 IU, 25 mcg, EU version (250 caps) D\u00e9couvrez le compl\u00e9ment quotidien LIFE EXTENSION Vitamin D3 dans sa version europ\u00e9enne. Chaque capsule contient de la vitamine D3 (1000 IU), enrichie avec de l&#8217;huile d&#8217;olive extra vierge pour une qualit\u00e9 sup\u00e9rieure. Ingr\u00e9dients principaux : Vitamine D3,huile d&#8217;olive extra vierge,acides gras \u00e0 cha\u00eene [&#8230;]\n","protected":false},"featured_media":275895,"comment_status":"closed","ping_status":"open","template":"","meta":[],"product_brand":[4723],"product_cat":[5053,5059],"product_tag":[],"class_list":{"0":"post-301755","1":"product","2":"type-product","3":"status-publish","4":"has-post-thumbnail","6":"product_brand-life-extension-2","7":"product_cat-vitamines-et-mineraux","8":"product_cat-vitamines-simples","10":"first","11":"instock","12":"taxable","13":"shipping-taxable","14":"purchasable","15":"product-type-simple"},"yoast_head":"<!-- This site is optimized with the Yoast SEO Premium plugin v27.3 (Yoast SEO v27.3) - https:\/\/yoast.com\/product\/yoast-seo-premium-wordpress\/ -->\n<title>Vitamine D3 de LIFE EXTENSION, 1000 UI, 25 mcg, version UE (250 g\u00e9lules) - ECO Supplements<\/title>\n<meta name=\"description\" content=\"Wij hebben een ruime keuze aan producten van Vitamine D3 de LIFE EXTENSION, 1000 UI, 25 mcg, version UE (250 g\u00e9lules) . Winkel bij Eco Supplements altijd gratis verzending boven 100\u20ac\" \/>\n<meta name=\"robots\" content=\"index, follow, max-snippet:-1, max-image-preview:large, max-video-preview:-1\" \/>\n<link rel=\"canonical\" href=\"https:\/\/ecosupplements.be\/fr\/produit\/life-extension-vitamin-d3-1000-iu-25-mcg-eu-version-250-caps\/\" \/>\n<meta property=\"og:locale\" content=\"fr_FR\" \/>\n<meta property=\"og:type\" content=\"article\" \/>\n<meta property=\"og:title\" content=\"Vitamine D3 de LIFE EXTENSION, 1000 UI, 25 mcg, version UE (250 g\u00e9lules)\" \/>\n<meta property=\"og:description\" content=\"Wij hebben een ruime keuze aan producten van Vitamine D3 de LIFE EXTENSION, 1000 UI, 25 mcg, version UE (250 g\u00e9lules) . Winkel bij Eco Supplements altijd gratis verzending boven 100\u20ac\" \/>\n<meta property=\"og:url\" content=\"https:\/\/ecosupplements.be\/fr\/produit\/life-extension-vitamin-d3-1000-iu-25-mcg-eu-version-250-caps\/\" \/>\n<meta property=\"og:site_name\" content=\"ECO Supplements\" \/>\n<meta property=\"article:modified_time\" content=\"2025-08-28T02:24:48+00:00\" \/>\n<meta property=\"og:image\" content=\"https:\/\/ecosupplements.be\/wp-content\/uploads\/2025\/08\/Life-Extension-LIFE-EXTENSION-Vitamin-D3-1000-IU-25-mcg-EU-version-250-caps.jpg\" \/>\n\t<meta property=\"og:image:width\" content=\"418\" \/>\n\t<meta property=\"og:image:height\" content=\"785\" \/>\n\t<meta property=\"og:image:type\" content=\"image\/jpeg\" \/>\n<meta name=\"twitter:card\" content=\"summary_large_image\" \/>\n<meta name=\"twitter:label1\" content=\"Prix\" \/>\n\t<meta name=\"twitter:data1\" content=\"17.81&nbsp;&euro;\" \/>\n\t<meta name=\"twitter:label2\" content=\"Disponibilit\u00e9\" \/>\n\t<meta name=\"twitter:data2\" content=\"En stock\" \/>\n<script type=\"application\/ld+json\" class=\"yoast-schema-graph\">{\"@context\":\"https:\\\/\\\/schema.org\",\"@graph\":[{\"@type\":[\"WebPage\",\"ItemPage\"],\"@id\":\"https:\\\/\\\/ecosupplements.be\\\/fr\\\/produit\\\/life-extension-vitamin-d3-1000-iu-25-mcg-eu-version-250-caps\\\/\",\"url\":\"https:\\\/\\\/ecosupplements.be\\\/fr\\\/produit\\\/life-extension-vitamin-d3-1000-iu-25-mcg-eu-version-250-caps\\\/\",\"name\":\"Vitamine D3 de LIFE EXTENSION, 1000 UI, 25 mcg, version UE (250 g\u00e9lules) - ECO Supplements\",\"isPartOf\":{\"@id\":\"https:\\\/\\\/ecosupplements.be\\\/fr\\\/#website\"},\"primaryImageOfPage\":{\"@id\":\"https:\\\/\\\/ecosupplements.be\\\/fr\\\/produit\\\/life-extension-vitamin-d3-1000-iu-25-mcg-eu-version-250-caps\\\/#primaryimage\"},\"image\":{\"@id\":\"https:\\\/\\\/ecosupplements.be\\\/fr\\\/produit\\\/life-extension-vitamin-d3-1000-iu-25-mcg-eu-version-250-caps\\\/#primaryimage\"},\"thumbnailUrl\":\"https:\\\/\\\/ecosupplements.be\\\/wp-content\\\/uploads\\\/2025\\\/08\\\/LIFE-EXTENSION-Vitamin-D3-1000-IU-25-mcg-EU-version-250-caps.jpg\",\"datePublished\":\"2025-07-25T22:00:27+00:00\",\"dateModified\":\"2025-08-28T02:24:48+00:00\",\"description\":\"Wij hebben een ruime keuze aan producten van Vitamine D3 de LIFE EXTENSION, 1000 UI, 25 mcg, version UE (250 g\u00e9lules) . Winkel bij Eco Supplements altijd gratis verzending boven 100\u20ac\",\"breadcrumb\":{\"@id\":\"https:\\\/\\\/ecosupplements.be\\\/fr\\\/produit\\\/life-extension-vitamin-d3-1000-iu-25-mcg-eu-version-250-caps\\\/#breadcrumb\"},\"inLanguage\":\"fr-FR\",\"potentialAction\":[{\"@type\":\"ReadAction\",\"target\":[\"https:\\\/\\\/ecosupplements.be\\\/fr\\\/produit\\\/life-extension-vitamin-d3-1000-iu-25-mcg-eu-version-250-caps\\\/\"]}]},{\"@type\":\"ImageObject\",\"inLanguage\":\"fr-FR\",\"@id\":\"https:\\\/\\\/ecosupplements.be\\\/fr\\\/produit\\\/life-extension-vitamin-d3-1000-iu-25-mcg-eu-version-250-caps\\\/#primaryimage\",\"url\":\"https:\\\/\\\/ecosupplements.be\\\/wp-content\\\/uploads\\\/2025\\\/08\\\/LIFE-EXTENSION-Vitamin-D3-1000-IU-25-mcg-EU-version-250-caps.jpg\",\"contentUrl\":\"https:\\\/\\\/ecosupplements.be\\\/wp-content\\\/uploads\\\/2025\\\/08\\\/LIFE-EXTENSION-Vitamin-D3-1000-IU-25-mcg-EU-version-250-caps.jpg\",\"width\":418,\"height\":785},{\"@type\":\"BreadcrumbList\",\"@id\":\"https:\\\/\\\/ecosupplements.be\\\/fr\\\/produit\\\/life-extension-vitamin-d3-1000-iu-25-mcg-eu-version-250-caps\\\/#breadcrumb\",\"itemListElement\":[{\"@type\":\"ListItem\",\"position\":1,\"name\":\"Home\",\"item\":\"https:\\\/\\\/ecosupplements.be\\\/fr\\\/\"},{\"@type\":\"ListItem\",\"position\":2,\"name\":\"Boutique\",\"item\":\"https:\\\/\\\/ecosupplements.be\\\/fr\\\/boutique\\\/\"},{\"@type\":\"ListItem\",\"position\":3,\"name\":\"Vitamine D3 de LIFE EXTENSION, 1000 UI, 25 mcg, version UE (250 g\u00e9lules)\"}]},{\"@type\":\"WebSite\",\"@id\":\"https:\\\/\\\/ecosupplements.be\\\/fr\\\/#website\",\"url\":\"https:\\\/\\\/ecosupplements.be\\\/fr\\\/\",\"name\":\"ECO Supplements\",\"description\":\"Eco Supplements - Gezonde supplementen\",\"publisher\":{\"@id\":\"https:\\\/\\\/ecosupplements.be\\\/fr\\\/#organization\"},\"potentialAction\":[{\"@type\":\"SearchAction\",\"target\":{\"@type\":\"EntryPoint\",\"urlTemplate\":\"https:\\\/\\\/ecosupplements.be\\\/fr\\\/?s={search_term_string}\"},\"query-input\":{\"@type\":\"PropertyValueSpecification\",\"valueRequired\":true,\"valueName\":\"search_term_string\"}}],\"inLanguage\":\"fr-FR\"},{\"@type\":\"Organization\",\"@id\":\"https:\\\/\\\/ecosupplements.be\\\/fr\\\/#organization\",\"name\":\"Eco Supplements\",\"url\":\"https:\\\/\\\/ecosupplements.be\\\/fr\\\/\",\"logo\":{\"@type\":\"ImageObject\",\"inLanguage\":\"fr-FR\",\"@id\":\"https:\\\/\\\/ecosupplements.be\\\/fr\\\/#\\\/schema\\\/logo\\\/image\\\/\",\"url\":\"https:\\\/\\\/ecosupplements.be\\\/wp-content\\\/uploads\\\/2022\\\/06\\\/ecosupplement-family.png\",\"contentUrl\":\"https:\\\/\\\/ecosupplements.be\\\/wp-content\\\/uploads\\\/2022\\\/06\\\/ecosupplement-family.png\",\"width\":593,\"height\":374,\"caption\":\"Eco Supplements\"},\"image\":{\"@id\":\"https:\\\/\\\/ecosupplements.be\\\/fr\\\/#\\\/schema\\\/logo\\\/image\\\/\"}}]}<\/script>\n<meta property=\"product:brand\" content=\"Life Extension\" \/>\n<meta property=\"product:price:amount\" content=\"17.81\" \/>\n<meta property=\"product:price:currency\" content=\"EUR\" \/>\n<meta property=\"og:availability\" content=\"instock\" \/>\n<meta property=\"product:availability\" content=\"instock\" \/>\n<meta property=\"product:retailer_item_id\" content=\"8719327044674\" \/>\n<meta property=\"product:condition\" content=\"new\" \/>\n<!-- \/ Yoast SEO Premium plugin. -->","yoast_head_json":{"title":"Vitamine D3 de LIFE EXTENSION, 1000 UI, 25 mcg, version UE (250 g\u00e9lules) - ECO Supplements","description":"Wij hebben een ruime keuze aan producten van Vitamine D3 de LIFE EXTENSION, 1000 UI, 25 mcg, version UE (250 g\u00e9lules) . Winkel bij Eco Supplements altijd gratis verzending boven 100\u20ac","robots":{"index":"index","follow":"follow","max-snippet":"max-snippet:-1","max-image-preview":"max-image-preview:large","max-video-preview":"max-video-preview:-1"},"canonical":"https:\/\/ecosupplements.be\/fr\/produit\/life-extension-vitamin-d3-1000-iu-25-mcg-eu-version-250-caps\/","og_locale":"fr_FR","og_type":"article","og_title":"Vitamine D3 de LIFE EXTENSION, 1000 UI, 25 mcg, version UE (250 g\u00e9lules)","og_description":"Wij hebben een ruime keuze aan producten van Vitamine D3 de LIFE EXTENSION, 1000 UI, 25 mcg, version UE (250 g\u00e9lules) . Winkel bij Eco Supplements altijd gratis verzending boven 100\u20ac","og_url":"https:\/\/ecosupplements.be\/fr\/produit\/life-extension-vitamin-d3-1000-iu-25-mcg-eu-version-250-caps\/","og_site_name":"ECO Supplements","article_modified_time":"2025-08-28T02:24:48+00:00","og_image":[{"width":418,"height":785,"url":"https:\/\/ecosupplements.be\/wp-content\/uploads\/2025\/08\/Life-Extension-LIFE-EXTENSION-Vitamin-D3-1000-IU-25-mcg-EU-version-250-caps.jpg","type":"image\/jpeg"}],"twitter_card":"summary_large_image","twitter_misc":{"Prix":"17.81&nbsp;&euro;","Disponibilit\u00e9":"En stock"},"schema":{"@context":"https:\/\/schema.org","@graph":[{"@type":["WebPage","ItemPage"],"@id":"https:\/\/ecosupplements.be\/fr\/produit\/life-extension-vitamin-d3-1000-iu-25-mcg-eu-version-250-caps\/","url":"https:\/\/ecosupplements.be\/fr\/produit\/life-extension-vitamin-d3-1000-iu-25-mcg-eu-version-250-caps\/","name":"Vitamine D3 de LIFE EXTENSION, 1000 UI, 25 mcg, version UE (250 g\u00e9lules) - ECO Supplements","isPartOf":{"@id":"https:\/\/ecosupplements.be\/fr\/#website"},"primaryImageOfPage":{"@id":"https:\/\/ecosupplements.be\/fr\/produit\/life-extension-vitamin-d3-1000-iu-25-mcg-eu-version-250-caps\/#primaryimage"},"image":{"@id":"https:\/\/ecosupplements.be\/fr\/produit\/life-extension-vitamin-d3-1000-iu-25-mcg-eu-version-250-caps\/#primaryimage"},"thumbnailUrl":"https:\/\/ecosupplements.be\/wp-content\/uploads\/2025\/08\/LIFE-EXTENSION-Vitamin-D3-1000-IU-25-mcg-EU-version-250-caps.jpg","datePublished":"2025-07-25T22:00:27+00:00","dateModified":"2025-08-28T02:24:48+00:00","description":"Wij hebben een ruime keuze aan producten van Vitamine D3 de LIFE EXTENSION, 1000 UI, 25 mcg, version UE (250 g\u00e9lules) . Winkel bij Eco Supplements altijd gratis verzending boven 100\u20ac","breadcrumb":{"@id":"https:\/\/ecosupplements.be\/fr\/produit\/life-extension-vitamin-d3-1000-iu-25-mcg-eu-version-250-caps\/#breadcrumb"},"inLanguage":"fr-FR","potentialAction":[{"@type":"ReadAction","target":["https:\/\/ecosupplements.be\/fr\/produit\/life-extension-vitamin-d3-1000-iu-25-mcg-eu-version-250-caps\/"]}]},{"@type":"ImageObject","inLanguage":"fr-FR","@id":"https:\/\/ecosupplements.be\/fr\/produit\/life-extension-vitamin-d3-1000-iu-25-mcg-eu-version-250-caps\/#primaryimage","url":"https:\/\/ecosupplements.be\/wp-content\/uploads\/2025\/08\/LIFE-EXTENSION-Vitamin-D3-1000-IU-25-mcg-EU-version-250-caps.jpg","contentUrl":"https:\/\/ecosupplements.be\/wp-content\/uploads\/2025\/08\/LIFE-EXTENSION-Vitamin-D3-1000-IU-25-mcg-EU-version-250-caps.jpg","width":418,"height":785},{"@type":"BreadcrumbList","@id":"https:\/\/ecosupplements.be\/fr\/produit\/life-extension-vitamin-d3-1000-iu-25-mcg-eu-version-250-caps\/#breadcrumb","itemListElement":[{"@type":"ListItem","position":1,"name":"Home","item":"https:\/\/ecosupplements.be\/fr\/"},{"@type":"ListItem","position":2,"name":"Boutique","item":"https:\/\/ecosupplements.be\/fr\/boutique\/"},{"@type":"ListItem","position":3,"name":"Vitamine D3 de LIFE EXTENSION, 1000 UI, 25 mcg, version UE (250 g\u00e9lules)"}]},{"@type":"WebSite","@id":"https:\/\/ecosupplements.be\/fr\/#website","url":"https:\/\/ecosupplements.be\/fr\/","name":"ECO Supplements","description":"Eco Supplements - Gezonde supplementen","publisher":{"@id":"https:\/\/ecosupplements.be\/fr\/#organization"},"potentialAction":[{"@type":"SearchAction","target":{"@type":"EntryPoint","urlTemplate":"https:\/\/ecosupplements.be\/fr\/?s={search_term_string}"},"query-input":{"@type":"PropertyValueSpecification","valueRequired":true,"valueName":"search_term_string"}}],"inLanguage":"fr-FR"},{"@type":"Organization","@id":"https:\/\/ecosupplements.be\/fr\/#organization","name":"Eco Supplements","url":"https:\/\/ecosupplements.be\/fr\/","logo":{"@type":"ImageObject","inLanguage":"fr-FR","@id":"https:\/\/ecosupplements.be\/fr\/#\/schema\/logo\/image\/","url":"https:\/\/ecosupplements.be\/wp-content\/uploads\/2022\/06\/ecosupplement-family.png","contentUrl":"https:\/\/ecosupplements.be\/wp-content\/uploads\/2022\/06\/ecosupplement-family.png","width":593,"height":374,"caption":"Eco Supplements"},"image":{"@id":"https:\/\/ecosupplements.be\/fr\/#\/schema\/logo\/image\/"}}]},"product_brand":"Life Extension","product_price_amount":"17.81","product_price_currency":"EUR","og_availability":"instock","product_availability":"instock","product_retailer_item_id":"8719327044674","product_condition":"new"},"_links":{"self":[{"href":"https:\/\/ecosupplements.be\/fr\/wp-json\/wp\/v2\/product\/301755","targetHints":{"allow":["GET"]}}],"collection":[{"href":"https:\/\/ecosupplements.be\/fr\/wp-json\/wp\/v2\/product"}],"about":[{"href":"https:\/\/ecosupplements.be\/fr\/wp-json\/wp\/v2\/types\/product"}],"replies":[{"embeddable":true,"href":"https:\/\/ecosupplements.be\/fr\/wp-json\/wp\/v2\/comments?post=301755"}],"wp:featuredmedia":[{"embeddable":true,"href":"https:\/\/ecosupplements.be\/fr\/wp-json\/wp\/v2\/media\/275895"}],"wp:attachment":[{"href":"https:\/\/ecosupplements.be\/fr\/wp-json\/wp\/v2\/media?parent=301755"}],"wp:term":[{"taxonomy":"product_brand","embeddable":true,"href":"https:\/\/ecosupplements.be\/fr\/wp-json\/wp\/v2\/product_brand?post=301755"},{"taxonomy":"product_cat","embeddable":true,"href":"https:\/\/ecosupplements.be\/fr\/wp-json\/wp\/v2\/product_cat?post=301755"},{"taxonomy":"product_tag","embeddable":true,"href":"https:\/\/ecosupplements.be\/fr\/wp-json\/wp\/v2\/product_tag?post=301755"}],"curies":[{"name":"wp","href":"https:\/\/api.w.org\/{rel}","templated":true}]}}