{"id":301758,"date":"2025-07-25T23:00:27","date_gmt":"2025-07-25T22:00:27","guid":{"rendered":"https:\/\/ecosupplements.be\/product\/lifeessence-by-yango-natural-eucalyptus-essential-oil-30-ml\/"},"modified":"2025-08-28T03:24:50","modified_gmt":"2025-08-28T02:24:50","slug":"lifeessence-by-yango-natural-eucalyptus-essential-oil-30-ml","status":"publish","type":"product","link":"https:\/\/ecosupplements.be\/fr\/produit\/lifeessence-by-yango-natural-eucalyptus-essential-oil-30-ml\/","title":{"rendered":"Huile essentielle d&#8217;eucalyptus naturelle LIFEESSENCE de Yango (30 ml)"},"content":{"rendered":"<h1>LIFEESSENCE by Yango Natural Eucalyptus Essential Oil (30 ml)<\/h1>\n<p>D\u00e9couvrez le <strong>LIFEESSENCE by Yango Natural Eucalyptus Essential Oil<\/strong>, un choix parfait pour ceux qui appr\u00e9cient les ingr\u00e9dients naturels dans un mode de vie sain. Ce produit est \u00e9labour\u00e9 \u00e0 partir d&#8217;huile de feuille d&#8217;<em>Eucalyptus globulus<\/em>, connue pour son parfum frais et vivifiant.<\/p>\n<div>\n<h2>Ingr\u00e9dients principaux<\/h2>\n<p><strong>Composition :<\/strong> Eucalyptus globulus leaf oil, limonene*, pinene*, alpha-terpinene*, terpinolene*.<\/p>\n<p>*Composants naturels de l&#8217;huile essentielle.<\/p>\n<p><strong>100% des ingr\u00e9dients sont d&#8217;origine naturelle.<\/strong><\/p>\n<p>Ce produit est obtenu par distillation \u00e0 la vapeur d&#8217;eau, garantissant une grande puret\u00e9 et pr\u00e9servation des qualit\u00e9s originelles de la plante.<\/p>\n<\/div>\n<div>\n<h2>Utilisation recommand\u00e9e<\/h2>\n<ul>\n<li><b>Pour le bain :<\/b> Ajoutez 10-15 gouttes dans votre baignoire remplie d&#8217;eau ti\u00e8de pour une exp\u00e9rience rafra\u00eechissante.<\/li>\n<li><b>Pour le massage :<\/b> M\u00e9langez 30 gouttes avec 100 ml d&#8217;une huile porteuse comme l&#8217;huile de jojoba pour une request externe relaxante.<\/li>\n<li><b>dans les produits cosm\u00e9tiques :<\/b> Int\u00e9grez quelques gouttes \u00e0 votre shampooing ou baume habituel pour enrichir vos soins capillaires et cutan\u00e9s avec un parfum agr\u00e9able.<\/li>\n<li><b>Dans la sauna :<\/b> Utilisez quelques gouttes pour am\u00e9liorer l&#8217;ambiance avec un ar\u00f4me purifiant lors de vos s\u00e9ances en sauna.<\/li>\n<\/ul>\n<p>Note : Ce produit est destin\u00e9 uniquement \u00e0 un usage externe. Conservez-le dans un endroit s\u00e9curis\u00e9, hors de port\u00e9e des enfants. Prot\u00e9gez-le contre la lumi\u00e8re directe du soleil et conservez-le dans son emballage original bien ferm\u00e9 afin de maintenir sa qualit\u00e9 optimale sur le long terme.\n<\/p><\/div>\n<p>Avec LIFEESSENCE by Yango,int\u00e9grez simplement la puret\u00e9 et la fra\u00eecheur naturelle du eucalyptus dans votre quotidien sans effort!<\/p>\n","protected":false},"excerpt":{"rendered":"<p>LIFEESSENCE by Yango Natural Eucalyptus Essential Oil (30 ml) D\u00e9couvrez le LIFEESSENCE by Yango Natural Eucalyptus Essential Oil, un choix parfait pour ceux qui appr\u00e9cient les ingr\u00e9dients naturels dans un mode de vie sain. Ce produit est \u00e9labour\u00e9 \u00e0 partir d&#8217;huile de feuille d&#8217;Eucalyptus globulus, connue pour son parfum frais et vivifiant. Ingr\u00e9dients principaux Composition [&#8230;]\n","protected":false},"featured_media":275898,"comment_status":"closed","ping_status":"open","template":"","meta":[],"product_brand":[5367],"product_cat":[5131],"product_tag":[],"class_list":{"0":"post-301758","1":"product","2":"type-product","3":"status-publish","4":"has-post-thumbnail","6":"product_brand-lifeessence-by-yango-2","7":"product_cat-aromatherapie","9":"first","10":"instock","11":"taxable","12":"shipping-taxable","13":"purchasable","14":"product-type-simple"},"yoast_head":"<!-- This site is optimized with the Yoast SEO Premium plugin v27.3 (Yoast SEO v27.3) - https:\/\/yoast.com\/product\/yoast-seo-premium-wordpress\/ -->\n<title>Huile essentielle d&#039;eucalyptus naturelle LIFEESSENCE de Yango (30 ml) - ECO Supplements<\/title>\n<meta name=\"description\" content=\"Wij hebben een ruime keuze aan producten van Huile essentielle d&#039;eucalyptus naturelle LIFEESSENCE de Yango (30 ml) . Winkel bij Eco Supplements altijd gratis verzending boven 100\u20ac\" \/>\n<meta name=\"robots\" content=\"index, follow, max-snippet:-1, max-image-preview:large, max-video-preview:-1\" \/>\n<link rel=\"canonical\" href=\"https:\/\/ecosupplements.be\/fr\/produit\/lifeessence-by-yango-natural-eucalyptus-essential-oil-30-ml\/\" \/>\n<meta property=\"og:locale\" content=\"fr_FR\" \/>\n<meta property=\"og:type\" content=\"article\" \/>\n<meta property=\"og:title\" content=\"Huile essentielle d&#039;eucalyptus naturelle LIFEESSENCE de Yango (30 ml)\" \/>\n<meta property=\"og:description\" content=\"Wij hebben een ruime keuze aan producten van Huile essentielle d&#039;eucalyptus naturelle LIFEESSENCE de Yango (30 ml) . Winkel bij Eco Supplements altijd gratis verzending boven 100\u20ac\" \/>\n<meta property=\"og:url\" content=\"https:\/\/ecosupplements.be\/fr\/produit\/lifeessence-by-yango-natural-eucalyptus-essential-oil-30-ml\/\" \/>\n<meta property=\"og:site_name\" content=\"ECO Supplements\" \/>\n<meta property=\"article:modified_time\" content=\"2025-08-28T02:24:50+00:00\" \/>\n<meta property=\"og:image\" content=\"https:\/\/ecosupplements.be\/wp-content\/uploads\/2025\/08\/LIFEESSENCE-by-Yango-LIFEESSENCE-by-Yango-Natural-Eucalyptus-Essential-Oil-30-ml.jpg\" \/>\n\t<meta property=\"og:image:width\" content=\"800\" \/>\n\t<meta property=\"og:image:height\" content=\"800\" \/>\n\t<meta property=\"og:image:type\" content=\"image\/jpeg\" \/>\n<meta name=\"twitter:card\" content=\"summary_large_image\" \/>\n<meta name=\"twitter:label1\" content=\"Prix\" \/>\n\t<meta name=\"twitter:data1\" content=\"11.79&nbsp;&euro;\" \/>\n\t<meta name=\"twitter:label2\" content=\"Disponibilit\u00e9\" \/>\n\t<meta name=\"twitter:data2\" content=\"En stock\" \/>\n<script type=\"application\/ld+json\" class=\"yoast-schema-graph\">{\"@context\":\"https:\\\/\\\/schema.org\",\"@graph\":[{\"@type\":[\"WebPage\",\"ItemPage\"],\"@id\":\"https:\\\/\\\/ecosupplements.be\\\/fr\\\/produit\\\/lifeessence-by-yango-natural-eucalyptus-essential-oil-30-ml\\\/\",\"url\":\"https:\\\/\\\/ecosupplements.be\\\/fr\\\/produit\\\/lifeessence-by-yango-natural-eucalyptus-essential-oil-30-ml\\\/\",\"name\":\"Huile essentielle d'eucalyptus naturelle LIFEESSENCE de Yango (30 ml) - ECO Supplements\",\"isPartOf\":{\"@id\":\"https:\\\/\\\/ecosupplements.be\\\/fr\\\/#website\"},\"primaryImageOfPage\":{\"@id\":\"https:\\\/\\\/ecosupplements.be\\\/fr\\\/produit\\\/lifeessence-by-yango-natural-eucalyptus-essential-oil-30-ml\\\/#primaryimage\"},\"image\":{\"@id\":\"https:\\\/\\\/ecosupplements.be\\\/fr\\\/produit\\\/lifeessence-by-yango-natural-eucalyptus-essential-oil-30-ml\\\/#primaryimage\"},\"thumbnailUrl\":\"https:\\\/\\\/ecosupplements.be\\\/wp-content\\\/uploads\\\/2025\\\/08\\\/LIFEESSENCE-by-Yango-Natural-Eucalyptus-Essential-Oil-30-ml.jpg\",\"datePublished\":\"2025-07-25T22:00:27+00:00\",\"dateModified\":\"2025-08-28T02:24:50+00:00\",\"description\":\"Wij hebben een ruime keuze aan producten van Huile essentielle d'eucalyptus naturelle LIFEESSENCE de Yango (30 ml) . Winkel bij Eco Supplements altijd gratis verzending boven 100\u20ac\",\"breadcrumb\":{\"@id\":\"https:\\\/\\\/ecosupplements.be\\\/fr\\\/produit\\\/lifeessence-by-yango-natural-eucalyptus-essential-oil-30-ml\\\/#breadcrumb\"},\"inLanguage\":\"fr-FR\",\"potentialAction\":[{\"@type\":\"ReadAction\",\"target\":[\"https:\\\/\\\/ecosupplements.be\\\/fr\\\/produit\\\/lifeessence-by-yango-natural-eucalyptus-essential-oil-30-ml\\\/\"]}]},{\"@type\":\"ImageObject\",\"inLanguage\":\"fr-FR\",\"@id\":\"https:\\\/\\\/ecosupplements.be\\\/fr\\\/produit\\\/lifeessence-by-yango-natural-eucalyptus-essential-oil-30-ml\\\/#primaryimage\",\"url\":\"https:\\\/\\\/ecosupplements.be\\\/wp-content\\\/uploads\\\/2025\\\/08\\\/LIFEESSENCE-by-Yango-Natural-Eucalyptus-Essential-Oil-30-ml.jpg\",\"contentUrl\":\"https:\\\/\\\/ecosupplements.be\\\/wp-content\\\/uploads\\\/2025\\\/08\\\/LIFEESSENCE-by-Yango-Natural-Eucalyptus-Essential-Oil-30-ml.jpg\",\"width\":800,\"height\":800},{\"@type\":\"BreadcrumbList\",\"@id\":\"https:\\\/\\\/ecosupplements.be\\\/fr\\\/produit\\\/lifeessence-by-yango-natural-eucalyptus-essential-oil-30-ml\\\/#breadcrumb\",\"itemListElement\":[{\"@type\":\"ListItem\",\"position\":1,\"name\":\"Home\",\"item\":\"https:\\\/\\\/ecosupplements.be\\\/fr\\\/\"},{\"@type\":\"ListItem\",\"position\":2,\"name\":\"Boutique\",\"item\":\"https:\\\/\\\/ecosupplements.be\\\/fr\\\/boutique\\\/\"},{\"@type\":\"ListItem\",\"position\":3,\"name\":\"Huile essentielle d&#8217;eucalyptus naturelle LIFEESSENCE de Yango (30 ml)\"}]},{\"@type\":\"WebSite\",\"@id\":\"https:\\\/\\\/ecosupplements.be\\\/fr\\\/#website\",\"url\":\"https:\\\/\\\/ecosupplements.be\\\/fr\\\/\",\"name\":\"ECO Supplements\",\"description\":\"Eco Supplements - Gezonde supplementen\",\"publisher\":{\"@id\":\"https:\\\/\\\/ecosupplements.be\\\/fr\\\/#organization\"},\"potentialAction\":[{\"@type\":\"SearchAction\",\"target\":{\"@type\":\"EntryPoint\",\"urlTemplate\":\"https:\\\/\\\/ecosupplements.be\\\/fr\\\/?s={search_term_string}\"},\"query-input\":{\"@type\":\"PropertyValueSpecification\",\"valueRequired\":true,\"valueName\":\"search_term_string\"}}],\"inLanguage\":\"fr-FR\"},{\"@type\":\"Organization\",\"@id\":\"https:\\\/\\\/ecosupplements.be\\\/fr\\\/#organization\",\"name\":\"Eco Supplements\",\"url\":\"https:\\\/\\\/ecosupplements.be\\\/fr\\\/\",\"logo\":{\"@type\":\"ImageObject\",\"inLanguage\":\"fr-FR\",\"@id\":\"https:\\\/\\\/ecosupplements.be\\\/fr\\\/#\\\/schema\\\/logo\\\/image\\\/\",\"url\":\"https:\\\/\\\/ecosupplements.be\\\/wp-content\\\/uploads\\\/2022\\\/06\\\/ecosupplement-family.png\",\"contentUrl\":\"https:\\\/\\\/ecosupplements.be\\\/wp-content\\\/uploads\\\/2022\\\/06\\\/ecosupplement-family.png\",\"width\":593,\"height\":374,\"caption\":\"Eco Supplements\"},\"image\":{\"@id\":\"https:\\\/\\\/ecosupplements.be\\\/fr\\\/#\\\/schema\\\/logo\\\/image\\\/\"}}]}<\/script>\n<meta property=\"product:brand\" content=\"LIFEESSENCE by Yango\" \/>\n<meta property=\"product:price:amount\" content=\"11.79\" \/>\n<meta property=\"product:price:currency\" content=\"EUR\" \/>\n<meta property=\"og:availability\" content=\"instock\" \/>\n<meta property=\"product:availability\" content=\"instock\" \/>\n<meta property=\"product:retailer_item_id\" content=\"5904194063887\" \/>\n<meta property=\"product:condition\" content=\"new\" \/>\n<!-- \/ Yoast SEO Premium plugin. -->","yoast_head_json":{"title":"Huile essentielle d'eucalyptus naturelle LIFEESSENCE de Yango (30 ml) - ECO Supplements","description":"Wij hebben een ruime keuze aan producten van Huile essentielle d'eucalyptus naturelle LIFEESSENCE de Yango (30 ml) . Winkel bij Eco Supplements altijd gratis verzending boven 100\u20ac","robots":{"index":"index","follow":"follow","max-snippet":"max-snippet:-1","max-image-preview":"max-image-preview:large","max-video-preview":"max-video-preview:-1"},"canonical":"https:\/\/ecosupplements.be\/fr\/produit\/lifeessence-by-yango-natural-eucalyptus-essential-oil-30-ml\/","og_locale":"fr_FR","og_type":"article","og_title":"Huile essentielle d'eucalyptus naturelle LIFEESSENCE de Yango (30 ml)","og_description":"Wij hebben een ruime keuze aan producten van Huile essentielle d'eucalyptus naturelle LIFEESSENCE de Yango (30 ml) . Winkel bij Eco Supplements altijd gratis verzending boven 100\u20ac","og_url":"https:\/\/ecosupplements.be\/fr\/produit\/lifeessence-by-yango-natural-eucalyptus-essential-oil-30-ml\/","og_site_name":"ECO Supplements","article_modified_time":"2025-08-28T02:24:50+00:00","og_image":[{"width":800,"height":800,"url":"https:\/\/ecosupplements.be\/wp-content\/uploads\/2025\/08\/LIFEESSENCE-by-Yango-LIFEESSENCE-by-Yango-Natural-Eucalyptus-Essential-Oil-30-ml.jpg","type":"image\/jpeg"}],"twitter_card":"summary_large_image","twitter_misc":{"Prix":"11.79&nbsp;&euro;","Disponibilit\u00e9":"En stock"},"schema":{"@context":"https:\/\/schema.org","@graph":[{"@type":["WebPage","ItemPage"],"@id":"https:\/\/ecosupplements.be\/fr\/produit\/lifeessence-by-yango-natural-eucalyptus-essential-oil-30-ml\/","url":"https:\/\/ecosupplements.be\/fr\/produit\/lifeessence-by-yango-natural-eucalyptus-essential-oil-30-ml\/","name":"Huile essentielle d'eucalyptus naturelle LIFEESSENCE de Yango (30 ml) - ECO Supplements","isPartOf":{"@id":"https:\/\/ecosupplements.be\/fr\/#website"},"primaryImageOfPage":{"@id":"https:\/\/ecosupplements.be\/fr\/produit\/lifeessence-by-yango-natural-eucalyptus-essential-oil-30-ml\/#primaryimage"},"image":{"@id":"https:\/\/ecosupplements.be\/fr\/produit\/lifeessence-by-yango-natural-eucalyptus-essential-oil-30-ml\/#primaryimage"},"thumbnailUrl":"https:\/\/ecosupplements.be\/wp-content\/uploads\/2025\/08\/LIFEESSENCE-by-Yango-Natural-Eucalyptus-Essential-Oil-30-ml.jpg","datePublished":"2025-07-25T22:00:27+00:00","dateModified":"2025-08-28T02:24:50+00:00","description":"Wij hebben een ruime keuze aan producten van Huile essentielle d'eucalyptus naturelle LIFEESSENCE de Yango (30 ml) . Winkel bij Eco Supplements altijd gratis verzending boven 100\u20ac","breadcrumb":{"@id":"https:\/\/ecosupplements.be\/fr\/produit\/lifeessence-by-yango-natural-eucalyptus-essential-oil-30-ml\/#breadcrumb"},"inLanguage":"fr-FR","potentialAction":[{"@type":"ReadAction","target":["https:\/\/ecosupplements.be\/fr\/produit\/lifeessence-by-yango-natural-eucalyptus-essential-oil-30-ml\/"]}]},{"@type":"ImageObject","inLanguage":"fr-FR","@id":"https:\/\/ecosupplements.be\/fr\/produit\/lifeessence-by-yango-natural-eucalyptus-essential-oil-30-ml\/#primaryimage","url":"https:\/\/ecosupplements.be\/wp-content\/uploads\/2025\/08\/LIFEESSENCE-by-Yango-Natural-Eucalyptus-Essential-Oil-30-ml.jpg","contentUrl":"https:\/\/ecosupplements.be\/wp-content\/uploads\/2025\/08\/LIFEESSENCE-by-Yango-Natural-Eucalyptus-Essential-Oil-30-ml.jpg","width":800,"height":800},{"@type":"BreadcrumbList","@id":"https:\/\/ecosupplements.be\/fr\/produit\/lifeessence-by-yango-natural-eucalyptus-essential-oil-30-ml\/#breadcrumb","itemListElement":[{"@type":"ListItem","position":1,"name":"Home","item":"https:\/\/ecosupplements.be\/fr\/"},{"@type":"ListItem","position":2,"name":"Boutique","item":"https:\/\/ecosupplements.be\/fr\/boutique\/"},{"@type":"ListItem","position":3,"name":"Huile essentielle d&#8217;eucalyptus naturelle LIFEESSENCE de Yango (30 ml)"}]},{"@type":"WebSite","@id":"https:\/\/ecosupplements.be\/fr\/#website","url":"https:\/\/ecosupplements.be\/fr\/","name":"ECO Supplements","description":"Eco Supplements - Gezonde supplementen","publisher":{"@id":"https:\/\/ecosupplements.be\/fr\/#organization"},"potentialAction":[{"@type":"SearchAction","target":{"@type":"EntryPoint","urlTemplate":"https:\/\/ecosupplements.be\/fr\/?s={search_term_string}"},"query-input":{"@type":"PropertyValueSpecification","valueRequired":true,"valueName":"search_term_string"}}],"inLanguage":"fr-FR"},{"@type":"Organization","@id":"https:\/\/ecosupplements.be\/fr\/#organization","name":"Eco Supplements","url":"https:\/\/ecosupplements.be\/fr\/","logo":{"@type":"ImageObject","inLanguage":"fr-FR","@id":"https:\/\/ecosupplements.be\/fr\/#\/schema\/logo\/image\/","url":"https:\/\/ecosupplements.be\/wp-content\/uploads\/2022\/06\/ecosupplement-family.png","contentUrl":"https:\/\/ecosupplements.be\/wp-content\/uploads\/2022\/06\/ecosupplement-family.png","width":593,"height":374,"caption":"Eco Supplements"},"image":{"@id":"https:\/\/ecosupplements.be\/fr\/#\/schema\/logo\/image\/"}}]},"product_brand":"LIFEESSENCE by Yango","product_price_amount":"11.79","product_price_currency":"EUR","og_availability":"instock","product_availability":"instock","product_retailer_item_id":"5904194063887","product_condition":"new"},"_links":{"self":[{"href":"https:\/\/ecosupplements.be\/fr\/wp-json\/wp\/v2\/product\/301758","targetHints":{"allow":["GET"]}}],"collection":[{"href":"https:\/\/ecosupplements.be\/fr\/wp-json\/wp\/v2\/product"}],"about":[{"href":"https:\/\/ecosupplements.be\/fr\/wp-json\/wp\/v2\/types\/product"}],"replies":[{"embeddable":true,"href":"https:\/\/ecosupplements.be\/fr\/wp-json\/wp\/v2\/comments?post=301758"}],"wp:featuredmedia":[{"embeddable":true,"href":"https:\/\/ecosupplements.be\/fr\/wp-json\/wp\/v2\/media\/275898"}],"wp:attachment":[{"href":"https:\/\/ecosupplements.be\/fr\/wp-json\/wp\/v2\/media?parent=301758"}],"wp:term":[{"taxonomy":"product_brand","embeddable":true,"href":"https:\/\/ecosupplements.be\/fr\/wp-json\/wp\/v2\/product_brand?post=301758"},{"taxonomy":"product_cat","embeddable":true,"href":"https:\/\/ecosupplements.be\/fr\/wp-json\/wp\/v2\/product_cat?post=301758"},{"taxonomy":"product_tag","embeddable":true,"href":"https:\/\/ecosupplements.be\/fr\/wp-json\/wp\/v2\/product_tag?post=301758"}],"curies":[{"name":"wp","href":"https:\/\/api.w.org\/{rel}","templated":true}]}}