{"id":301764,"date":"2025-07-25T23:15:13","date_gmt":"2025-07-25T22:15:13","guid":{"rendered":"https:\/\/ecosupplements.be\/product\/lifeessence-by-yango-natural-frankincense-essential-oil-30-ml\/"},"modified":"2025-08-28T03:24:57","modified_gmt":"2025-08-28T02:24:57","slug":"lifeessence-by-yango-natural-frankincense-essential-oil-30-ml","status":"publish","type":"product","link":"https:\/\/ecosupplements.be\/fr\/produit\/lifeessence-by-yango-natural-frankincense-essential-oil-30-ml\/","title":{"rendered":"Huile essentielle d&#8217;encens naturel LIFEESSENCE de Yango (30 ml)"},"content":{"rendered":"<h1>LIFEESSENCE by Yango Natural Frankincense Essential Oil (30 ml)<\/h1>\n<p>D\u00e9couvrez le <strong>huile essentielle de Frankincense<\/strong>,un produit 100% naturel,extrait par distillation \u00e0 la vapeur de la r\u00e9sine du Boswellia serrata. Ce processus traditionnel garantit une puret\u00e9 et une qualit\u00e9 exceptionnelles, capturant l&#8217;essence m\u00eame de la r\u00e9sine dans chaque goutte.<\/p>\n<div id=\"product-composition\">\n<h2>Ingr\u00e9dients<\/h2>\n<p><strong>Composition :<\/strong> Huile de r\u00e9sine Boswellia serrata*, pin\u00e8ne*, limon\u00e8ne*.<\/p>\n<p>*Ingr\u00e9dients issus de sources naturelles.<\/p>\n<\/div>\n<h3>Utilisation<\/h3>\n<ul>\n<li><b>Pour aromatiser votre environnement :<\/b> Ajoutez quelques gouttes dans un diffuseur pour parfumer d\u00e9licatement votre espace.<\/li>\n<li><b>Pour des moments de d\u00e9tente :<\/b> Int\u00e9grez quelques gouttes \u00e0 l&#8217;eau du bain pour une exp\u00e9rience olfactive enrichissante.<\/li>\n<li><b>Pour personnaliser vos produits cosm\u00e9tiques :<\/b> Enrichissez vos lotions ou cr\u00e8mes avec quelques gouttes pour leur donner une fragrance subtile et agr\u00e9able.<\/li>\n<\/ul>\n<p>Ce produit est con\u00e7u exclusivement pour un usage externe. Veillez \u00e0 le conserver dans un endroit frais et sec, \u00e0 l&#8217;abri de la lumi\u00e8re directe du soleil et hors de port\u00e9e des enfants.<\/p>\n<p>Avec LIFEESSENCE by Yango, optez pour un choix respectueux de l&#8217;environnement qui s&#8217;int\u00e8gre parfaitement dans un mode vie actif et conscient. Profitez d&#8217;un produit pratique au quotidien, id\u00e9al pour ceux qui appr\u00e9cient les ingr\u00e9dients purs et naturels.<\/p>\n","protected":false},"excerpt":{"rendered":"<p>LIFEESSENCE by Yango Natural Frankincense Essential Oil (30 ml) D\u00e9couvrez le huile essentielle de Frankincense,un produit 100% naturel,extrait par distillation \u00e0 la vapeur de la r\u00e9sine du Boswellia serrata. Ce processus traditionnel garantit une puret\u00e9 et une qualit\u00e9 exceptionnelles, capturant l&#8217;essence m\u00eame de la r\u00e9sine dans chaque goutte. Ingr\u00e9dients Composition : Huile de r\u00e9sine Boswellia [&#8230;]\n","protected":false},"featured_media":275904,"comment_status":"closed","ping_status":"open","template":"","meta":[],"product_brand":[5367],"product_cat":[5131],"product_tag":[],"class_list":{"0":"post-301764","1":"product","2":"type-product","3":"status-publish","4":"has-post-thumbnail","6":"product_brand-lifeessence-by-yango-2","7":"product_cat-aromatherapie","9":"first","10":"instock","11":"taxable","12":"shipping-taxable","13":"purchasable","14":"product-type-simple"},"yoast_head":"<!-- This site is optimized with the Yoast SEO Premium plugin v27.3 (Yoast SEO v27.3) - https:\/\/yoast.com\/product\/yoast-seo-premium-wordpress\/ -->\n<title>Huile essentielle d&#039;encens naturel LIFEESSENCE de Yango (30 ml) - ECO Supplements<\/title>\n<meta name=\"description\" content=\"Wij hebben een ruime keuze aan producten van Huile essentielle d&#039;encens naturel LIFEESSENCE de Yango (30 ml) . Winkel bij Eco Supplements altijd gratis verzending boven 100\u20ac\" \/>\n<meta name=\"robots\" content=\"index, follow, max-snippet:-1, max-image-preview:large, max-video-preview:-1\" \/>\n<link rel=\"canonical\" href=\"https:\/\/ecosupplements.be\/fr\/produit\/lifeessence-by-yango-natural-frankincense-essential-oil-30-ml\/\" \/>\n<meta property=\"og:locale\" content=\"fr_FR\" \/>\n<meta property=\"og:type\" content=\"article\" \/>\n<meta property=\"og:title\" content=\"Huile essentielle d&#039;encens naturel LIFEESSENCE de Yango (30 ml)\" \/>\n<meta property=\"og:description\" content=\"Wij hebben een ruime keuze aan producten van Huile essentielle d&#039;encens naturel LIFEESSENCE de Yango (30 ml) . Winkel bij Eco Supplements altijd gratis verzending boven 100\u20ac\" \/>\n<meta property=\"og:url\" content=\"https:\/\/ecosupplements.be\/fr\/produit\/lifeessence-by-yango-natural-frankincense-essential-oil-30-ml\/\" \/>\n<meta property=\"og:site_name\" content=\"ECO Supplements\" \/>\n<meta property=\"article:modified_time\" content=\"2025-08-28T02:24:57+00:00\" \/>\n<meta property=\"og:image\" content=\"https:\/\/ecosupplements.be\/wp-content\/uploads\/2025\/08\/LIFEESSENCE-by-Yango-LIFEESSENCE-by-Yango-Natural-Frankincense-essential-oil-30-ml.jpg\" \/>\n\t<meta property=\"og:image:width\" content=\"800\" \/>\n\t<meta property=\"og:image:height\" content=\"800\" \/>\n\t<meta property=\"og:image:type\" content=\"image\/jpeg\" \/>\n<meta name=\"twitter:card\" content=\"summary_large_image\" \/>\n<meta name=\"twitter:label1\" content=\"Prix\" \/>\n\t<meta name=\"twitter:data1\" content=\"23.33&nbsp;&euro;\" \/>\n\t<meta name=\"twitter:label2\" content=\"Disponibilit\u00e9\" \/>\n\t<meta name=\"twitter:data2\" content=\"En stock\" \/>\n<script type=\"application\/ld+json\" class=\"yoast-schema-graph\">{\"@context\":\"https:\\\/\\\/schema.org\",\"@graph\":[{\"@type\":[\"WebPage\",\"ItemPage\"],\"@id\":\"https:\\\/\\\/ecosupplements.be\\\/fr\\\/produit\\\/lifeessence-by-yango-natural-frankincense-essential-oil-30-ml\\\/\",\"url\":\"https:\\\/\\\/ecosupplements.be\\\/fr\\\/produit\\\/lifeessence-by-yango-natural-frankincense-essential-oil-30-ml\\\/\",\"name\":\"Huile essentielle d'encens naturel LIFEESSENCE de Yango (30 ml) - ECO Supplements\",\"isPartOf\":{\"@id\":\"https:\\\/\\\/ecosupplements.be\\\/fr\\\/#website\"},\"primaryImageOfPage\":{\"@id\":\"https:\\\/\\\/ecosupplements.be\\\/fr\\\/produit\\\/lifeessence-by-yango-natural-frankincense-essential-oil-30-ml\\\/#primaryimage\"},\"image\":{\"@id\":\"https:\\\/\\\/ecosupplements.be\\\/fr\\\/produit\\\/lifeessence-by-yango-natural-frankincense-essential-oil-30-ml\\\/#primaryimage\"},\"thumbnailUrl\":\"https:\\\/\\\/ecosupplements.be\\\/wp-content\\\/uploads\\\/2025\\\/08\\\/LIFEESSENCE-by-Yango-Natural-Frankincense-essential-oil-30-ml.jpg\",\"datePublished\":\"2025-07-25T22:15:13+00:00\",\"dateModified\":\"2025-08-28T02:24:57+00:00\",\"description\":\"Wij hebben een ruime keuze aan producten van Huile essentielle d'encens naturel LIFEESSENCE de Yango (30 ml) . Winkel bij Eco Supplements altijd gratis verzending boven 100\u20ac\",\"breadcrumb\":{\"@id\":\"https:\\\/\\\/ecosupplements.be\\\/fr\\\/produit\\\/lifeessence-by-yango-natural-frankincense-essential-oil-30-ml\\\/#breadcrumb\"},\"inLanguage\":\"fr-FR\",\"potentialAction\":[{\"@type\":\"ReadAction\",\"target\":[\"https:\\\/\\\/ecosupplements.be\\\/fr\\\/produit\\\/lifeessence-by-yango-natural-frankincense-essential-oil-30-ml\\\/\"]}]},{\"@type\":\"ImageObject\",\"inLanguage\":\"fr-FR\",\"@id\":\"https:\\\/\\\/ecosupplements.be\\\/fr\\\/produit\\\/lifeessence-by-yango-natural-frankincense-essential-oil-30-ml\\\/#primaryimage\",\"url\":\"https:\\\/\\\/ecosupplements.be\\\/wp-content\\\/uploads\\\/2025\\\/08\\\/LIFEESSENCE-by-Yango-Natural-Frankincense-essential-oil-30-ml.jpg\",\"contentUrl\":\"https:\\\/\\\/ecosupplements.be\\\/wp-content\\\/uploads\\\/2025\\\/08\\\/LIFEESSENCE-by-Yango-Natural-Frankincense-essential-oil-30-ml.jpg\",\"width\":800,\"height\":800},{\"@type\":\"BreadcrumbList\",\"@id\":\"https:\\\/\\\/ecosupplements.be\\\/fr\\\/produit\\\/lifeessence-by-yango-natural-frankincense-essential-oil-30-ml\\\/#breadcrumb\",\"itemListElement\":[{\"@type\":\"ListItem\",\"position\":1,\"name\":\"Home\",\"item\":\"https:\\\/\\\/ecosupplements.be\\\/fr\\\/\"},{\"@type\":\"ListItem\",\"position\":2,\"name\":\"Boutique\",\"item\":\"https:\\\/\\\/ecosupplements.be\\\/fr\\\/boutique\\\/\"},{\"@type\":\"ListItem\",\"position\":3,\"name\":\"Huile essentielle d&#8217;encens naturel LIFEESSENCE de Yango (30 ml)\"}]},{\"@type\":\"WebSite\",\"@id\":\"https:\\\/\\\/ecosupplements.be\\\/fr\\\/#website\",\"url\":\"https:\\\/\\\/ecosupplements.be\\\/fr\\\/\",\"name\":\"ECO Supplements\",\"description\":\"Eco Supplements - Gezonde supplementen\",\"publisher\":{\"@id\":\"https:\\\/\\\/ecosupplements.be\\\/fr\\\/#organization\"},\"potentialAction\":[{\"@type\":\"SearchAction\",\"target\":{\"@type\":\"EntryPoint\",\"urlTemplate\":\"https:\\\/\\\/ecosupplements.be\\\/fr\\\/?s={search_term_string}\"},\"query-input\":{\"@type\":\"PropertyValueSpecification\",\"valueRequired\":true,\"valueName\":\"search_term_string\"}}],\"inLanguage\":\"fr-FR\"},{\"@type\":\"Organization\",\"@id\":\"https:\\\/\\\/ecosupplements.be\\\/fr\\\/#organization\",\"name\":\"Eco Supplements\",\"url\":\"https:\\\/\\\/ecosupplements.be\\\/fr\\\/\",\"logo\":{\"@type\":\"ImageObject\",\"inLanguage\":\"fr-FR\",\"@id\":\"https:\\\/\\\/ecosupplements.be\\\/fr\\\/#\\\/schema\\\/logo\\\/image\\\/\",\"url\":\"https:\\\/\\\/ecosupplements.be\\\/wp-content\\\/uploads\\\/2022\\\/06\\\/ecosupplement-family.png\",\"contentUrl\":\"https:\\\/\\\/ecosupplements.be\\\/wp-content\\\/uploads\\\/2022\\\/06\\\/ecosupplement-family.png\",\"width\":593,\"height\":374,\"caption\":\"Eco Supplements\"},\"image\":{\"@id\":\"https:\\\/\\\/ecosupplements.be\\\/fr\\\/#\\\/schema\\\/logo\\\/image\\\/\"}}]}<\/script>\n<meta property=\"product:brand\" content=\"LIFEESSENCE by Yango\" \/>\n<meta property=\"product:price:amount\" content=\"23.33\" \/>\n<meta property=\"product:price:currency\" content=\"EUR\" \/>\n<meta property=\"og:availability\" content=\"instock\" \/>\n<meta property=\"product:availability\" content=\"instock\" \/>\n<meta property=\"product:retailer_item_id\" content=\"5904194063900\" \/>\n<meta property=\"product:condition\" content=\"new\" \/>\n<!-- \/ Yoast SEO Premium plugin. -->","yoast_head_json":{"title":"Huile essentielle d'encens naturel LIFEESSENCE de Yango (30 ml) - ECO Supplements","description":"Wij hebben een ruime keuze aan producten van Huile essentielle d'encens naturel LIFEESSENCE de Yango (30 ml) . Winkel bij Eco Supplements altijd gratis verzending boven 100\u20ac","robots":{"index":"index","follow":"follow","max-snippet":"max-snippet:-1","max-image-preview":"max-image-preview:large","max-video-preview":"max-video-preview:-1"},"canonical":"https:\/\/ecosupplements.be\/fr\/produit\/lifeessence-by-yango-natural-frankincense-essential-oil-30-ml\/","og_locale":"fr_FR","og_type":"article","og_title":"Huile essentielle d'encens naturel LIFEESSENCE de Yango (30 ml)","og_description":"Wij hebben een ruime keuze aan producten van Huile essentielle d'encens naturel LIFEESSENCE de Yango (30 ml) . Winkel bij Eco Supplements altijd gratis verzending boven 100\u20ac","og_url":"https:\/\/ecosupplements.be\/fr\/produit\/lifeessence-by-yango-natural-frankincense-essential-oil-30-ml\/","og_site_name":"ECO Supplements","article_modified_time":"2025-08-28T02:24:57+00:00","og_image":[{"width":800,"height":800,"url":"https:\/\/ecosupplements.be\/wp-content\/uploads\/2025\/08\/LIFEESSENCE-by-Yango-LIFEESSENCE-by-Yango-Natural-Frankincense-essential-oil-30-ml.jpg","type":"image\/jpeg"}],"twitter_card":"summary_large_image","twitter_misc":{"Prix":"23.33&nbsp;&euro;","Disponibilit\u00e9":"En stock"},"schema":{"@context":"https:\/\/schema.org","@graph":[{"@type":["WebPage","ItemPage"],"@id":"https:\/\/ecosupplements.be\/fr\/produit\/lifeessence-by-yango-natural-frankincense-essential-oil-30-ml\/","url":"https:\/\/ecosupplements.be\/fr\/produit\/lifeessence-by-yango-natural-frankincense-essential-oil-30-ml\/","name":"Huile essentielle d'encens naturel LIFEESSENCE de Yango (30 ml) - ECO Supplements","isPartOf":{"@id":"https:\/\/ecosupplements.be\/fr\/#website"},"primaryImageOfPage":{"@id":"https:\/\/ecosupplements.be\/fr\/produit\/lifeessence-by-yango-natural-frankincense-essential-oil-30-ml\/#primaryimage"},"image":{"@id":"https:\/\/ecosupplements.be\/fr\/produit\/lifeessence-by-yango-natural-frankincense-essential-oil-30-ml\/#primaryimage"},"thumbnailUrl":"https:\/\/ecosupplements.be\/wp-content\/uploads\/2025\/08\/LIFEESSENCE-by-Yango-Natural-Frankincense-essential-oil-30-ml.jpg","datePublished":"2025-07-25T22:15:13+00:00","dateModified":"2025-08-28T02:24:57+00:00","description":"Wij hebben een ruime keuze aan producten van Huile essentielle d'encens naturel LIFEESSENCE de Yango (30 ml) . Winkel bij Eco Supplements altijd gratis verzending boven 100\u20ac","breadcrumb":{"@id":"https:\/\/ecosupplements.be\/fr\/produit\/lifeessence-by-yango-natural-frankincense-essential-oil-30-ml\/#breadcrumb"},"inLanguage":"fr-FR","potentialAction":[{"@type":"ReadAction","target":["https:\/\/ecosupplements.be\/fr\/produit\/lifeessence-by-yango-natural-frankincense-essential-oil-30-ml\/"]}]},{"@type":"ImageObject","inLanguage":"fr-FR","@id":"https:\/\/ecosupplements.be\/fr\/produit\/lifeessence-by-yango-natural-frankincense-essential-oil-30-ml\/#primaryimage","url":"https:\/\/ecosupplements.be\/wp-content\/uploads\/2025\/08\/LIFEESSENCE-by-Yango-Natural-Frankincense-essential-oil-30-ml.jpg","contentUrl":"https:\/\/ecosupplements.be\/wp-content\/uploads\/2025\/08\/LIFEESSENCE-by-Yango-Natural-Frankincense-essential-oil-30-ml.jpg","width":800,"height":800},{"@type":"BreadcrumbList","@id":"https:\/\/ecosupplements.be\/fr\/produit\/lifeessence-by-yango-natural-frankincense-essential-oil-30-ml\/#breadcrumb","itemListElement":[{"@type":"ListItem","position":1,"name":"Home","item":"https:\/\/ecosupplements.be\/fr\/"},{"@type":"ListItem","position":2,"name":"Boutique","item":"https:\/\/ecosupplements.be\/fr\/boutique\/"},{"@type":"ListItem","position":3,"name":"Huile essentielle d&#8217;encens naturel LIFEESSENCE de Yango (30 ml)"}]},{"@type":"WebSite","@id":"https:\/\/ecosupplements.be\/fr\/#website","url":"https:\/\/ecosupplements.be\/fr\/","name":"ECO Supplements","description":"Eco Supplements - Gezonde supplementen","publisher":{"@id":"https:\/\/ecosupplements.be\/fr\/#organization"},"potentialAction":[{"@type":"SearchAction","target":{"@type":"EntryPoint","urlTemplate":"https:\/\/ecosupplements.be\/fr\/?s={search_term_string}"},"query-input":{"@type":"PropertyValueSpecification","valueRequired":true,"valueName":"search_term_string"}}],"inLanguage":"fr-FR"},{"@type":"Organization","@id":"https:\/\/ecosupplements.be\/fr\/#organization","name":"Eco Supplements","url":"https:\/\/ecosupplements.be\/fr\/","logo":{"@type":"ImageObject","inLanguage":"fr-FR","@id":"https:\/\/ecosupplements.be\/fr\/#\/schema\/logo\/image\/","url":"https:\/\/ecosupplements.be\/wp-content\/uploads\/2022\/06\/ecosupplement-family.png","contentUrl":"https:\/\/ecosupplements.be\/wp-content\/uploads\/2022\/06\/ecosupplement-family.png","width":593,"height":374,"caption":"Eco Supplements"},"image":{"@id":"https:\/\/ecosupplements.be\/fr\/#\/schema\/logo\/image\/"}}]},"product_brand":"LIFEESSENCE by Yango","product_price_amount":"23.33","product_price_currency":"EUR","og_availability":"instock","product_availability":"instock","product_retailer_item_id":"5904194063900","product_condition":"new"},"_links":{"self":[{"href":"https:\/\/ecosupplements.be\/fr\/wp-json\/wp\/v2\/product\/301764","targetHints":{"allow":["GET"]}}],"collection":[{"href":"https:\/\/ecosupplements.be\/fr\/wp-json\/wp\/v2\/product"}],"about":[{"href":"https:\/\/ecosupplements.be\/fr\/wp-json\/wp\/v2\/types\/product"}],"replies":[{"embeddable":true,"href":"https:\/\/ecosupplements.be\/fr\/wp-json\/wp\/v2\/comments?post=301764"}],"wp:featuredmedia":[{"embeddable":true,"href":"https:\/\/ecosupplements.be\/fr\/wp-json\/wp\/v2\/media\/275904"}],"wp:attachment":[{"href":"https:\/\/ecosupplements.be\/fr\/wp-json\/wp\/v2\/media?parent=301764"}],"wp:term":[{"taxonomy":"product_brand","embeddable":true,"href":"https:\/\/ecosupplements.be\/fr\/wp-json\/wp\/v2\/product_brand?post=301764"},{"taxonomy":"product_cat","embeddable":true,"href":"https:\/\/ecosupplements.be\/fr\/wp-json\/wp\/v2\/product_cat?post=301764"},{"taxonomy":"product_tag","embeddable":true,"href":"https:\/\/ecosupplements.be\/fr\/wp-json\/wp\/v2\/product_tag?post=301764"}],"curies":[{"name":"wp","href":"https:\/\/api.w.org\/{rel}","templated":true}]}}