{"id":301794,"date":"2025-07-25T23:45:11","date_gmt":"2025-07-25T22:45:11","guid":{"rendered":"https:\/\/ecosupplements.be\/product\/mom-sos-for-breastfeeding-mothers-250-g-8-81-oz\/"},"modified":"2025-08-28T03:25:36","modified_gmt":"2025-08-28T02:25:36","slug":"mom-sos-for-breastfeeding-mothers-250-g-8-81-oz","status":"publish","type":"product","link":"https:\/\/ecosupplements.be\/fr\/produit\/mom-sos-for-breastfeeding-mothers-250-g-8-81-oz\/","title":{"rendered":"SOS Maman pour les m\u00e8res allaitantes (250 g \/ 8.81 oz.)"},"content":{"rendered":"<h4><b>MOM SOS pour les m\u00e8res allaitantes (250 g \/ 8.81 oz.)<\/b><\/h4>\n<p>D\u00e9couvrez MOM SOS, un choix naturel pour votre quotidien. Ce produit est compos\u00e9 d&#8217;ingr\u00e9dients de haute qualit\u00e9, incluant du malt d&#8217;orge \u00e0 34%, reconnu pour sa puret\u00e9 et son origine naturelle. sans additifs alimentaires, il est con\u00e7u pour s&#8217;int\u00e9grer harmonieusement dans une alimentation \u00e9quilibr\u00e9e.<\/p>\n<ul>\n<li>Contenu : 250 g \/ 8.81 oz.<\/li>\n<li>Ingr\u00e9dients principaux : Malt d&#8217;orge, vitamines et min\u00e9raux d&#8217;origine naturelle.<\/li>\n<li>Caract\u00e9ristiques : Sans additifs alimentaires, adapt\u00e9 \u00e0 ceux qui \u00e9vitent les produits laitiers ou allergiques aux prot\u00e9ines de lait de vache.<\/li>\n<\/ul>\n<p><b>Utilisation :<\/b> Pour pr\u00e9parer, ajoutez deux \u00e0 trois petites cuill\u00e8res (20-25 g) de MOM SOS dans un peu d&#8217;eau chaude jusqu&#8217;\u00e0 obtenir une p\u00e2te lisse. Incorporez ensuite environ 200 ml de lait chaud ou autre boisson similaire et consommez imm\u00e9diatement apr\u00e8s pr\u00e9paration.<\/p>\n<p><b>Dosage recommand\u00e9 :<\/b> Commencez par deux doses par jour pendant les trois premiers jours avant un repas, puis continuez avec une dose par jour pendant les cinq \u00e0 six jours suivants. Ne pas d\u00e9passer 80 g de MOM SOS par jour.<\/p>\n<p>Ce produit est un compl\u00e9ment pratique qui s&#8217;int\u00e8gre facilement dans votre routine quotidienne tout en respectant un mode de vie actif et \u00e9quilibr\u00e9. Il ne remplace pas une alimentation vari\u00e9e et \u00e9quilibr\u00e9e ni un mode de vie sain.Conservez le produit hors de port\u00e9e des enfants.<\/p>\n","protected":false},"excerpt":{"rendered":"<p>MOM SOS pour les m\u00e8res allaitantes (250 g \/ 8.81 oz.) D\u00e9couvrez MOM SOS, un choix naturel pour votre quotidien. Ce produit est compos\u00e9 d&#8217;ingr\u00e9dients de haute qualit\u00e9, incluant du malt d&#8217;orge \u00e0 34%, reconnu pour sa puret\u00e9 et son origine naturelle. sans additifs alimentaires, il est con\u00e7u pour s&#8217;int\u00e9grer harmonieusement dans une alimentation \u00e9quilibr\u00e9e. [&#8230;]\n","protected":false},"featured_media":275934,"comment_status":"closed","ping_status":"open","template":"","meta":[],"product_brand":[5370],"product_cat":[5053],"product_tag":[],"class_list":{"0":"post-301794","1":"product","2":"type-product","3":"status-publish","4":"has-post-thumbnail","6":"product_brand-mom-sos-2","7":"product_cat-vitamines-et-mineraux","9":"first","10":"outofstock","11":"taxable","12":"shipping-taxable","13":"purchasable","14":"product-type-simple"},"yoast_head":"<!-- This site is optimized with the Yoast SEO Premium plugin v27.3 (Yoast SEO v27.3) - https:\/\/yoast.com\/product\/yoast-seo-premium-wordpress\/ -->\n<title>SOS Maman pour les m\u00e8res allaitantes (250 g \/ 8.81 oz.) - ECO Supplements<\/title>\n<meta name=\"description\" content=\"Wij hebben een ruime keuze aan producten van SOS Maman pour les m\u00e8res allaitantes (250 g \/ 8.81 oz.) . Winkel bij Eco Supplements altijd gratis verzending boven 100\u20ac\" \/>\n<meta name=\"robots\" content=\"index, follow, max-snippet:-1, max-image-preview:large, max-video-preview:-1\" \/>\n<link rel=\"canonical\" href=\"https:\/\/ecosupplements.be\/fr\/produit\/mom-sos-for-breastfeeding-mothers-250-g-8-81-oz\/\" \/>\n<meta property=\"og:locale\" content=\"fr_FR\" \/>\n<meta property=\"og:type\" content=\"article\" \/>\n<meta property=\"og:title\" content=\"SOS Maman pour les m\u00e8res allaitantes (250 g \/ 8.81 oz.)\" \/>\n<meta property=\"og:description\" content=\"Wij hebben een ruime keuze aan producten van SOS Maman pour les m\u00e8res allaitantes (250 g \/ 8.81 oz.) . Winkel bij Eco Supplements altijd gratis verzending boven 100\u20ac\" \/>\n<meta property=\"og:url\" content=\"https:\/\/ecosupplements.be\/fr\/produit\/mom-sos-for-breastfeeding-mothers-250-g-8-81-oz\/\" \/>\n<meta property=\"og:site_name\" content=\"ECO Supplements\" \/>\n<meta property=\"article:modified_time\" content=\"2025-08-28T02:25:36+00:00\" \/>\n<meta property=\"og:image\" content=\"https:\/\/ecosupplements.be\/wp-content\/uploads\/2025\/08\/MOM-SOS-MOM-SOS-for-breastfeeding-mothers-250-g-8.81-oz.jpg\" \/>\n\t<meta property=\"og:image:width\" content=\"1080\" \/>\n\t<meta property=\"og:image:height\" content=\"1080\" \/>\n\t<meta property=\"og:image:type\" content=\"image\/jpeg\" \/>\n<meta name=\"twitter:card\" content=\"summary_large_image\" \/>\n<meta name=\"twitter:label1\" content=\"Prix\" \/>\n\t<meta name=\"twitter:data1\" content=\"15.22&nbsp;&euro;\" \/>\n\t<meta name=\"twitter:label2\" content=\"Disponibilit\u00e9\" \/>\n\t<meta name=\"twitter:data2\" content=\"Rupture de stock\" \/>\n<script type=\"application\/ld+json\" class=\"yoast-schema-graph\">{\"@context\":\"https:\\\/\\\/schema.org\",\"@graph\":[{\"@type\":[\"WebPage\",\"ItemPage\"],\"@id\":\"https:\\\/\\\/ecosupplements.be\\\/fr\\\/produit\\\/mom-sos-for-breastfeeding-mothers-250-g-8-81-oz\\\/\",\"url\":\"https:\\\/\\\/ecosupplements.be\\\/fr\\\/produit\\\/mom-sos-for-breastfeeding-mothers-250-g-8-81-oz\\\/\",\"name\":\"SOS Maman pour les m\u00e8res allaitantes (250 g \\\/ 8.81 oz.) - ECO Supplements\",\"isPartOf\":{\"@id\":\"https:\\\/\\\/ecosupplements.be\\\/fr\\\/#website\"},\"primaryImageOfPage\":{\"@id\":\"https:\\\/\\\/ecosupplements.be\\\/fr\\\/produit\\\/mom-sos-for-breastfeeding-mothers-250-g-8-81-oz\\\/#primaryimage\"},\"image\":{\"@id\":\"https:\\\/\\\/ecosupplements.be\\\/fr\\\/produit\\\/mom-sos-for-breastfeeding-mothers-250-g-8-81-oz\\\/#primaryimage\"},\"thumbnailUrl\":\"https:\\\/\\\/ecosupplements.be\\\/wp-content\\\/uploads\\\/2025\\\/08\\\/MOM-SOS-for-breastfeeding-mothers-250-g-8.81-oz.jpg\",\"datePublished\":\"2025-07-25T22:45:11+00:00\",\"dateModified\":\"2025-08-28T02:25:36+00:00\",\"description\":\"Wij hebben een ruime keuze aan producten van SOS Maman pour les m\u00e8res allaitantes (250 g \\\/ 8.81 oz.) . Winkel bij Eco Supplements altijd gratis verzending boven 100\u20ac\",\"breadcrumb\":{\"@id\":\"https:\\\/\\\/ecosupplements.be\\\/fr\\\/produit\\\/mom-sos-for-breastfeeding-mothers-250-g-8-81-oz\\\/#breadcrumb\"},\"inLanguage\":\"fr-FR\",\"potentialAction\":[{\"@type\":\"ReadAction\",\"target\":[\"https:\\\/\\\/ecosupplements.be\\\/fr\\\/produit\\\/mom-sos-for-breastfeeding-mothers-250-g-8-81-oz\\\/\"]}]},{\"@type\":\"ImageObject\",\"inLanguage\":\"fr-FR\",\"@id\":\"https:\\\/\\\/ecosupplements.be\\\/fr\\\/produit\\\/mom-sos-for-breastfeeding-mothers-250-g-8-81-oz\\\/#primaryimage\",\"url\":\"https:\\\/\\\/ecosupplements.be\\\/wp-content\\\/uploads\\\/2025\\\/08\\\/MOM-SOS-for-breastfeeding-mothers-250-g-8.81-oz.jpg\",\"contentUrl\":\"https:\\\/\\\/ecosupplements.be\\\/wp-content\\\/uploads\\\/2025\\\/08\\\/MOM-SOS-for-breastfeeding-mothers-250-g-8.81-oz.jpg\",\"width\":1080,\"height\":1080},{\"@type\":\"BreadcrumbList\",\"@id\":\"https:\\\/\\\/ecosupplements.be\\\/fr\\\/produit\\\/mom-sos-for-breastfeeding-mothers-250-g-8-81-oz\\\/#breadcrumb\",\"itemListElement\":[{\"@type\":\"ListItem\",\"position\":1,\"name\":\"Home\",\"item\":\"https:\\\/\\\/ecosupplements.be\\\/fr\\\/\"},{\"@type\":\"ListItem\",\"position\":2,\"name\":\"Boutique\",\"item\":\"https:\\\/\\\/ecosupplements.be\\\/fr\\\/boutique\\\/\"},{\"@type\":\"ListItem\",\"position\":3,\"name\":\"SOS Maman pour les m\u00e8res allaitantes (250 g \\\/ 8.81 oz.)\"}]},{\"@type\":\"WebSite\",\"@id\":\"https:\\\/\\\/ecosupplements.be\\\/fr\\\/#website\",\"url\":\"https:\\\/\\\/ecosupplements.be\\\/fr\\\/\",\"name\":\"ECO Supplements\",\"description\":\"Eco Supplements - Gezonde supplementen\",\"publisher\":{\"@id\":\"https:\\\/\\\/ecosupplements.be\\\/fr\\\/#organization\"},\"potentialAction\":[{\"@type\":\"SearchAction\",\"target\":{\"@type\":\"EntryPoint\",\"urlTemplate\":\"https:\\\/\\\/ecosupplements.be\\\/fr\\\/?s={search_term_string}\"},\"query-input\":{\"@type\":\"PropertyValueSpecification\",\"valueRequired\":true,\"valueName\":\"search_term_string\"}}],\"inLanguage\":\"fr-FR\"},{\"@type\":\"Organization\",\"@id\":\"https:\\\/\\\/ecosupplements.be\\\/fr\\\/#organization\",\"name\":\"Eco Supplements\",\"url\":\"https:\\\/\\\/ecosupplements.be\\\/fr\\\/\",\"logo\":{\"@type\":\"ImageObject\",\"inLanguage\":\"fr-FR\",\"@id\":\"https:\\\/\\\/ecosupplements.be\\\/fr\\\/#\\\/schema\\\/logo\\\/image\\\/\",\"url\":\"https:\\\/\\\/ecosupplements.be\\\/wp-content\\\/uploads\\\/2022\\\/06\\\/ecosupplement-family.png\",\"contentUrl\":\"https:\\\/\\\/ecosupplements.be\\\/wp-content\\\/uploads\\\/2022\\\/06\\\/ecosupplement-family.png\",\"width\":593,\"height\":374,\"caption\":\"Eco Supplements\"},\"image\":{\"@id\":\"https:\\\/\\\/ecosupplements.be\\\/fr\\\/#\\\/schema\\\/logo\\\/image\\\/\"}}]}<\/script>\n<meta property=\"product:brand\" content=\"MOM SOS\" \/>\n<meta property=\"product:price:amount\" content=\"15.22\" \/>\n<meta property=\"product:price:currency\" content=\"EUR\" \/>\n<meta property=\"og:availability\" content=\"out of stock\" \/>\n<meta property=\"product:availability\" content=\"out of stock\" \/>\n<meta property=\"product:retailer_item_id\" content=\"5907582673170\" \/>\n<meta property=\"product:condition\" content=\"new\" \/>\n<!-- \/ Yoast SEO Premium plugin. -->","yoast_head_json":{"title":"SOS Maman pour les m\u00e8res allaitantes (250 g \/ 8.81 oz.) - ECO Supplements","description":"Wij hebben een ruime keuze aan producten van SOS Maman pour les m\u00e8res allaitantes (250 g \/ 8.81 oz.) . Winkel bij Eco Supplements altijd gratis verzending boven 100\u20ac","robots":{"index":"index","follow":"follow","max-snippet":"max-snippet:-1","max-image-preview":"max-image-preview:large","max-video-preview":"max-video-preview:-1"},"canonical":"https:\/\/ecosupplements.be\/fr\/produit\/mom-sos-for-breastfeeding-mothers-250-g-8-81-oz\/","og_locale":"fr_FR","og_type":"article","og_title":"SOS Maman pour les m\u00e8res allaitantes (250 g \/ 8.81 oz.)","og_description":"Wij hebben een ruime keuze aan producten van SOS Maman pour les m\u00e8res allaitantes (250 g \/ 8.81 oz.) . Winkel bij Eco Supplements altijd gratis verzending boven 100\u20ac","og_url":"https:\/\/ecosupplements.be\/fr\/produit\/mom-sos-for-breastfeeding-mothers-250-g-8-81-oz\/","og_site_name":"ECO Supplements","article_modified_time":"2025-08-28T02:25:36+00:00","og_image":[{"width":1080,"height":1080,"url":"https:\/\/ecosupplements.be\/wp-content\/uploads\/2025\/08\/MOM-SOS-MOM-SOS-for-breastfeeding-mothers-250-g-8.81-oz.jpg","type":"image\/jpeg"}],"twitter_card":"summary_large_image","twitter_misc":{"Prix":"15.22&nbsp;&euro;","Disponibilit\u00e9":"Rupture de stock"},"schema":{"@context":"https:\/\/schema.org","@graph":[{"@type":["WebPage","ItemPage"],"@id":"https:\/\/ecosupplements.be\/fr\/produit\/mom-sos-for-breastfeeding-mothers-250-g-8-81-oz\/","url":"https:\/\/ecosupplements.be\/fr\/produit\/mom-sos-for-breastfeeding-mothers-250-g-8-81-oz\/","name":"SOS Maman pour les m\u00e8res allaitantes (250 g \/ 8.81 oz.) - ECO Supplements","isPartOf":{"@id":"https:\/\/ecosupplements.be\/fr\/#website"},"primaryImageOfPage":{"@id":"https:\/\/ecosupplements.be\/fr\/produit\/mom-sos-for-breastfeeding-mothers-250-g-8-81-oz\/#primaryimage"},"image":{"@id":"https:\/\/ecosupplements.be\/fr\/produit\/mom-sos-for-breastfeeding-mothers-250-g-8-81-oz\/#primaryimage"},"thumbnailUrl":"https:\/\/ecosupplements.be\/wp-content\/uploads\/2025\/08\/MOM-SOS-for-breastfeeding-mothers-250-g-8.81-oz.jpg","datePublished":"2025-07-25T22:45:11+00:00","dateModified":"2025-08-28T02:25:36+00:00","description":"Wij hebben een ruime keuze aan producten van SOS Maman pour les m\u00e8res allaitantes (250 g \/ 8.81 oz.) . Winkel bij Eco Supplements altijd gratis verzending boven 100\u20ac","breadcrumb":{"@id":"https:\/\/ecosupplements.be\/fr\/produit\/mom-sos-for-breastfeeding-mothers-250-g-8-81-oz\/#breadcrumb"},"inLanguage":"fr-FR","potentialAction":[{"@type":"ReadAction","target":["https:\/\/ecosupplements.be\/fr\/produit\/mom-sos-for-breastfeeding-mothers-250-g-8-81-oz\/"]}]},{"@type":"ImageObject","inLanguage":"fr-FR","@id":"https:\/\/ecosupplements.be\/fr\/produit\/mom-sos-for-breastfeeding-mothers-250-g-8-81-oz\/#primaryimage","url":"https:\/\/ecosupplements.be\/wp-content\/uploads\/2025\/08\/MOM-SOS-for-breastfeeding-mothers-250-g-8.81-oz.jpg","contentUrl":"https:\/\/ecosupplements.be\/wp-content\/uploads\/2025\/08\/MOM-SOS-for-breastfeeding-mothers-250-g-8.81-oz.jpg","width":1080,"height":1080},{"@type":"BreadcrumbList","@id":"https:\/\/ecosupplements.be\/fr\/produit\/mom-sos-for-breastfeeding-mothers-250-g-8-81-oz\/#breadcrumb","itemListElement":[{"@type":"ListItem","position":1,"name":"Home","item":"https:\/\/ecosupplements.be\/fr\/"},{"@type":"ListItem","position":2,"name":"Boutique","item":"https:\/\/ecosupplements.be\/fr\/boutique\/"},{"@type":"ListItem","position":3,"name":"SOS Maman pour les m\u00e8res allaitantes (250 g \/ 8.81 oz.)"}]},{"@type":"WebSite","@id":"https:\/\/ecosupplements.be\/fr\/#website","url":"https:\/\/ecosupplements.be\/fr\/","name":"ECO Supplements","description":"Eco Supplements - Gezonde supplementen","publisher":{"@id":"https:\/\/ecosupplements.be\/fr\/#organization"},"potentialAction":[{"@type":"SearchAction","target":{"@type":"EntryPoint","urlTemplate":"https:\/\/ecosupplements.be\/fr\/?s={search_term_string}"},"query-input":{"@type":"PropertyValueSpecification","valueRequired":true,"valueName":"search_term_string"}}],"inLanguage":"fr-FR"},{"@type":"Organization","@id":"https:\/\/ecosupplements.be\/fr\/#organization","name":"Eco Supplements","url":"https:\/\/ecosupplements.be\/fr\/","logo":{"@type":"ImageObject","inLanguage":"fr-FR","@id":"https:\/\/ecosupplements.be\/fr\/#\/schema\/logo\/image\/","url":"https:\/\/ecosupplements.be\/wp-content\/uploads\/2022\/06\/ecosupplement-family.png","contentUrl":"https:\/\/ecosupplements.be\/wp-content\/uploads\/2022\/06\/ecosupplement-family.png","width":593,"height":374,"caption":"Eco Supplements"},"image":{"@id":"https:\/\/ecosupplements.be\/fr\/#\/schema\/logo\/image\/"}}]},"product_brand":"MOM SOS","product_price_amount":"15.22","product_price_currency":"EUR","og_availability":"out of stock","product_availability":"out of stock","product_retailer_item_id":"5907582673170","product_condition":"new"},"_links":{"self":[{"href":"https:\/\/ecosupplements.be\/fr\/wp-json\/wp\/v2\/product\/301794","targetHints":{"allow":["GET"]}}],"collection":[{"href":"https:\/\/ecosupplements.be\/fr\/wp-json\/wp\/v2\/product"}],"about":[{"href":"https:\/\/ecosupplements.be\/fr\/wp-json\/wp\/v2\/types\/product"}],"replies":[{"embeddable":true,"href":"https:\/\/ecosupplements.be\/fr\/wp-json\/wp\/v2\/comments?post=301794"}],"wp:featuredmedia":[{"embeddable":true,"href":"https:\/\/ecosupplements.be\/fr\/wp-json\/wp\/v2\/media\/275934"}],"wp:attachment":[{"href":"https:\/\/ecosupplements.be\/fr\/wp-json\/wp\/v2\/media?parent=301794"}],"wp:term":[{"taxonomy":"product_brand","embeddable":true,"href":"https:\/\/ecosupplements.be\/fr\/wp-json\/wp\/v2\/product_brand?post=301794"},{"taxonomy":"product_cat","embeddable":true,"href":"https:\/\/ecosupplements.be\/fr\/wp-json\/wp\/v2\/product_cat?post=301794"},{"taxonomy":"product_tag","embeddable":true,"href":"https:\/\/ecosupplements.be\/fr\/wp-json\/wp\/v2\/product_tag?post=301794"}],"curies":[{"name":"wp","href":"https:\/\/api.w.org\/{rel}","templated":true}]}}