{"id":301857,"date":"2025-07-26T00:46:09","date_gmt":"2025-07-25T23:46:09","guid":{"rendered":"https:\/\/ecosupplements.be\/product\/natures-answer-turmeric-with-black-pepper-480-ml\/"},"modified":"2025-08-28T03:26:48","modified_gmt":"2025-08-28T02:26:48","slug":"natures-answer-turmeric-with-black-pepper-480-ml","status":"publish","type":"product","link":"https:\/\/ecosupplements.be\/fr\/produit\/natures-answer-turmeric-with-black-pepper-480-ml\/","title":{"rendered":"R\u00e9ponse de la Nature : Curcuma avec Poivre Noir (480 ml)"},"content":{"rendered":"<p><strong>Nom du produit :<\/strong> NATURE&#8217;S ANSWER Turmeric with Black Pepper (480 ml)<\/p>\n<p><strong>Description :<\/strong> D\u00e9couvrez le go\u00fbt naturel et riche de notre Turmeric with Black Pepper. Ce produit combine l&#8217;extrait de curcuma, connu pour ses propri\u00e9t\u00e9s antioxydantes, avec une touche de poivre noir pour am\u00e9liorer l&#8217;absorption. Sa saveur d&#8217;orange naturelle rend chaque prise agr\u00e9able et rafra\u00eechissante.<\/p>\n<p><strong>Ingr\u00e9dients principaux :<\/strong><\/p>\n<ul>\n<li>Extrait de racine de curcuma (curcuma longa) : 100 mg<\/li>\n<li>Extrait de fruits de poivre noir (Piper nigrum) : 2 mg<\/li>\n<li>Aromatisants naturels et conservateurs<\/li>\n<\/ul>\n<p><strong>Utilisation recommand\u00e9e :<\/strong> Pour int\u00e9grer facilement \u00e0 votre routine quotidienne, m\u00e9langez 3 ml (environ un cinqui\u00e8me d&#8217;une cuill\u00e8re \u00e0 soupe) dans votre eau, jus ou smoothie pr\u00e9f\u00e9r\u00e9 une fois par jour.<\/p>\n<p><strong>Caract\u00e9ristiques pratiques :<\/strong><\/p>\n<ul>\n<li>Favorise un mode de vie actif gr\u00e2ce \u00e0 son format liquide facile \u00e0 m\u00e9langer.<\/li>\n<li>sans ingr\u00e9dients artificiels, garantissant une approche plus naturelle.<\/li>\n<li>Packaging pratique qui permet une utilisation mesur\u00e9e sans gaspillage.<\/li>\n<\/ul>\n<p><em>Ce produit est destin\u00e9 aux adultes et doit \u00eatre stock\u00e9 dans un endroit frais et sec, hors de port\u00e9e des enfants. Non recommand\u00e9 pour les femmes enceintes ou allaitantes.<\/em><\/p>\n","protected":false},"excerpt":{"rendered":"<p>Nom du produit : NATURE&#8217;S ANSWER Turmeric with Black Pepper (480 ml) Description : D\u00e9couvrez le go\u00fbt naturel et riche de notre Turmeric with Black Pepper. Ce produit combine l&#8217;extrait de curcuma, connu pour ses propri\u00e9t\u00e9s antioxydantes, avec une touche de poivre noir pour am\u00e9liorer l&#8217;absorption. Sa saveur d&#8217;orange naturelle rend chaque prise agr\u00e9able et [&#8230;]\n","protected":false},"featured_media":275997,"comment_status":"closed","ping_status":"open","template":"","meta":[],"product_brand":[5286],"product_cat":[5052,5094,5053],"product_tag":[],"class_list":{"0":"post-301857","1":"product","2":"type-product","3":"status-publish","4":"has-post-thumbnail","6":"product_brand-natures-answer-2","7":"product_cat-sante-et-bien-etre","8":"product_cat-supplements-a-base-de-plantes","9":"product_cat-vitamines-et-mineraux","11":"first","12":"instock","13":"taxable","14":"shipping-taxable","15":"purchasable","16":"product-type-simple"},"yoast_head":"<!-- This site is optimized with the Yoast SEO Premium plugin v27.5 (Yoast SEO v27.5) - https:\/\/yoast.com\/product\/yoast-seo-premium-wordpress\/ -->\n<title>R\u00e9ponse de la Nature : Curcuma avec Poivre Noir (480 ml) - ECO Supplements<\/title>\n<meta name=\"description\" content=\"Wij hebben een ruime keuze aan producten van R\u00e9ponse de la Nature : Curcuma avec Poivre Noir (480 ml) . Winkel bij Eco Supplements altijd gratis verzending boven 100\u20ac\" \/>\n<meta name=\"robots\" content=\"index, follow, max-snippet:-1, max-image-preview:large, max-video-preview:-1\" \/>\n<link rel=\"canonical\" href=\"https:\/\/ecosupplements.be\/fr\/produit\/natures-answer-turmeric-with-black-pepper-480-ml\/\" \/>\n<meta property=\"og:locale\" content=\"fr_FR\" \/>\n<meta property=\"og:type\" content=\"article\" \/>\n<meta property=\"og:title\" content=\"R\u00e9ponse de la Nature : Curcuma avec Poivre Noir (480 ml)\" \/>\n<meta property=\"og:description\" content=\"Wij hebben een ruime keuze aan producten van R\u00e9ponse de la Nature : Curcuma avec Poivre Noir (480 ml) . Winkel bij Eco Supplements altijd gratis verzending boven 100\u20ac\" \/>\n<meta property=\"og:url\" content=\"https:\/\/ecosupplements.be\/fr\/produit\/natures-answer-turmeric-with-black-pepper-480-ml\/\" \/>\n<meta property=\"og:site_name\" content=\"ECO Supplements\" \/>\n<meta property=\"article:modified_time\" content=\"2025-08-28T02:26:48+00:00\" \/>\n<meta property=\"og:image\" content=\"https:\/\/ecosupplements.be\/wp-content\/uploads\/2025\/08\/Natures-Answer-NATURES-ANSWER-Turmeric-with-Black-Pepper-480-ml.jpg\" \/>\n\t<meta property=\"og:image:width\" content=\"1080\" \/>\n\t<meta property=\"og:image:height\" content=\"1080\" \/>\n\t<meta property=\"og:image:type\" content=\"image\/jpeg\" \/>\n<meta name=\"twitter:card\" content=\"summary_large_image\" \/>\n<meta name=\"twitter:label1\" content=\"Prix\" \/>\n\t<meta name=\"twitter:data1\" content=\"34.68&nbsp;&euro;\" \/>\n\t<meta name=\"twitter:label2\" content=\"Disponibilit\u00e9\" \/>\n\t<meta name=\"twitter:data2\" content=\"En stock\" \/>\n<script type=\"application\/ld+json\" class=\"yoast-schema-graph\">{\"@context\":\"https:\\\/\\\/schema.org\",\"@graph\":[{\"@type\":[\"WebPage\",\"ItemPage\"],\"@id\":\"https:\\\/\\\/ecosupplements.be\\\/fr\\\/produit\\\/natures-answer-turmeric-with-black-pepper-480-ml\\\/\",\"url\":\"https:\\\/\\\/ecosupplements.be\\\/fr\\\/produit\\\/natures-answer-turmeric-with-black-pepper-480-ml\\\/\",\"name\":\"R\u00e9ponse de la Nature : Curcuma avec Poivre Noir (480 ml) - ECO Supplements\",\"isPartOf\":{\"@id\":\"https:\\\/\\\/ecosupplements.be\\\/fr\\\/#website\"},\"primaryImageOfPage\":{\"@id\":\"https:\\\/\\\/ecosupplements.be\\\/fr\\\/produit\\\/natures-answer-turmeric-with-black-pepper-480-ml\\\/#primaryimage\"},\"image\":{\"@id\":\"https:\\\/\\\/ecosupplements.be\\\/fr\\\/produit\\\/natures-answer-turmeric-with-black-pepper-480-ml\\\/#primaryimage\"},\"thumbnailUrl\":\"https:\\\/\\\/ecosupplements.be\\\/wp-content\\\/uploads\\\/2025\\\/08\\\/NATURES-ANSWER-Turmeric-with-Black-Pepper-480-ml.jpg\",\"datePublished\":\"2025-07-25T23:46:09+00:00\",\"dateModified\":\"2025-08-28T02:26:48+00:00\",\"description\":\"Wij hebben een ruime keuze aan producten van R\u00e9ponse de la Nature : Curcuma avec Poivre Noir (480 ml) . Winkel bij Eco Supplements altijd gratis verzending boven 100\u20ac\",\"breadcrumb\":{\"@id\":\"https:\\\/\\\/ecosupplements.be\\\/fr\\\/produit\\\/natures-answer-turmeric-with-black-pepper-480-ml\\\/#breadcrumb\"},\"inLanguage\":\"fr-FR\",\"potentialAction\":[{\"@type\":\"ReadAction\",\"target\":[\"https:\\\/\\\/ecosupplements.be\\\/fr\\\/produit\\\/natures-answer-turmeric-with-black-pepper-480-ml\\\/\"]}]},{\"@type\":\"ImageObject\",\"inLanguage\":\"fr-FR\",\"@id\":\"https:\\\/\\\/ecosupplements.be\\\/fr\\\/produit\\\/natures-answer-turmeric-with-black-pepper-480-ml\\\/#primaryimage\",\"url\":\"https:\\\/\\\/ecosupplements.be\\\/wp-content\\\/uploads\\\/2025\\\/08\\\/NATURES-ANSWER-Turmeric-with-Black-Pepper-480-ml.jpg\",\"contentUrl\":\"https:\\\/\\\/ecosupplements.be\\\/wp-content\\\/uploads\\\/2025\\\/08\\\/NATURES-ANSWER-Turmeric-with-Black-Pepper-480-ml.jpg\",\"width\":1080,\"height\":1080},{\"@type\":\"BreadcrumbList\",\"@id\":\"https:\\\/\\\/ecosupplements.be\\\/fr\\\/produit\\\/natures-answer-turmeric-with-black-pepper-480-ml\\\/#breadcrumb\",\"itemListElement\":[{\"@type\":\"ListItem\",\"position\":1,\"name\":\"Home\",\"item\":\"https:\\\/\\\/ecosupplements.be\\\/fr\\\/\"},{\"@type\":\"ListItem\",\"position\":2,\"name\":\"Boutique\",\"item\":\"https:\\\/\\\/ecosupplements.be\\\/fr\\\/boutique\\\/\"},{\"@type\":\"ListItem\",\"position\":3,\"name\":\"R\u00e9ponse de la Nature : Curcuma avec Poivre Noir (480 ml)\"}]},{\"@type\":\"WebSite\",\"@id\":\"https:\\\/\\\/ecosupplements.be\\\/fr\\\/#website\",\"url\":\"https:\\\/\\\/ecosupplements.be\\\/fr\\\/\",\"name\":\"ECO Supplements\",\"description\":\"Eco Supplements - Gezonde supplementen\",\"publisher\":{\"@id\":\"https:\\\/\\\/ecosupplements.be\\\/fr\\\/#organization\"},\"potentialAction\":[{\"@type\":\"SearchAction\",\"target\":{\"@type\":\"EntryPoint\",\"urlTemplate\":\"https:\\\/\\\/ecosupplements.be\\\/fr\\\/?s={search_term_string}\"},\"query-input\":{\"@type\":\"PropertyValueSpecification\",\"valueRequired\":true,\"valueName\":\"search_term_string\"}}],\"inLanguage\":\"fr-FR\"},{\"@type\":\"Organization\",\"@id\":\"https:\\\/\\\/ecosupplements.be\\\/fr\\\/#organization\",\"name\":\"Eco Supplements\",\"url\":\"https:\\\/\\\/ecosupplements.be\\\/fr\\\/\",\"logo\":{\"@type\":\"ImageObject\",\"inLanguage\":\"fr-FR\",\"@id\":\"https:\\\/\\\/ecosupplements.be\\\/fr\\\/#\\\/schema\\\/logo\\\/image\\\/\",\"url\":\"https:\\\/\\\/ecosupplements.be\\\/wp-content\\\/uploads\\\/2022\\\/06\\\/ecosupplement-family.png\",\"contentUrl\":\"https:\\\/\\\/ecosupplements.be\\\/wp-content\\\/uploads\\\/2022\\\/06\\\/ecosupplement-family.png\",\"width\":593,\"height\":374,\"caption\":\"Eco Supplements\"},\"image\":{\"@id\":\"https:\\\/\\\/ecosupplements.be\\\/fr\\\/#\\\/schema\\\/logo\\\/image\\\/\"}}]}<\/script>\n<meta property=\"product:brand\" content=\"Nature&#039;s Answer\" \/>\n<meta property=\"product:price:amount\" content=\"34.68\" \/>\n<meta property=\"product:price:currency\" content=\"EUR\" \/>\n<meta property=\"og:availability\" content=\"instock\" \/>\n<meta property=\"product:availability\" content=\"instock\" \/>\n<meta property=\"product:retailer_item_id\" content=\"083000261633\" \/>\n<meta property=\"product:condition\" content=\"new\" \/>\n<!-- \/ Yoast SEO Premium plugin. -->","yoast_head_json":{"title":"R\u00e9ponse de la Nature : Curcuma avec Poivre Noir (480 ml) - ECO Supplements","description":"Wij hebben een ruime keuze aan producten van R\u00e9ponse de la Nature : Curcuma avec Poivre Noir (480 ml) . Winkel bij Eco Supplements altijd gratis verzending boven 100\u20ac","robots":{"index":"index","follow":"follow","max-snippet":"max-snippet:-1","max-image-preview":"max-image-preview:large","max-video-preview":"max-video-preview:-1"},"canonical":"https:\/\/ecosupplements.be\/fr\/produit\/natures-answer-turmeric-with-black-pepper-480-ml\/","og_locale":"fr_FR","og_type":"article","og_title":"R\u00e9ponse de la Nature : Curcuma avec Poivre Noir (480 ml)","og_description":"Wij hebben een ruime keuze aan producten van R\u00e9ponse de la Nature : Curcuma avec Poivre Noir (480 ml) . Winkel bij Eco Supplements altijd gratis verzending boven 100\u20ac","og_url":"https:\/\/ecosupplements.be\/fr\/produit\/natures-answer-turmeric-with-black-pepper-480-ml\/","og_site_name":"ECO Supplements","article_modified_time":"2025-08-28T02:26:48+00:00","og_image":[{"width":1080,"height":1080,"url":"https:\/\/ecosupplements.be\/wp-content\/uploads\/2025\/08\/Natures-Answer-NATURES-ANSWER-Turmeric-with-Black-Pepper-480-ml.jpg","type":"image\/jpeg"}],"twitter_card":"summary_large_image","twitter_misc":{"Prix":"34.68&nbsp;&euro;","Disponibilit\u00e9":"En stock"},"schema":{"@context":"https:\/\/schema.org","@graph":[{"@type":["WebPage","ItemPage"],"@id":"https:\/\/ecosupplements.be\/fr\/produit\/natures-answer-turmeric-with-black-pepper-480-ml\/","url":"https:\/\/ecosupplements.be\/fr\/produit\/natures-answer-turmeric-with-black-pepper-480-ml\/","name":"R\u00e9ponse de la Nature : Curcuma avec Poivre Noir (480 ml) - ECO Supplements","isPartOf":{"@id":"https:\/\/ecosupplements.be\/fr\/#website"},"primaryImageOfPage":{"@id":"https:\/\/ecosupplements.be\/fr\/produit\/natures-answer-turmeric-with-black-pepper-480-ml\/#primaryimage"},"image":{"@id":"https:\/\/ecosupplements.be\/fr\/produit\/natures-answer-turmeric-with-black-pepper-480-ml\/#primaryimage"},"thumbnailUrl":"https:\/\/ecosupplements.be\/wp-content\/uploads\/2025\/08\/NATURES-ANSWER-Turmeric-with-Black-Pepper-480-ml.jpg","datePublished":"2025-07-25T23:46:09+00:00","dateModified":"2025-08-28T02:26:48+00:00","description":"Wij hebben een ruime keuze aan producten van R\u00e9ponse de la Nature : Curcuma avec Poivre Noir (480 ml) . Winkel bij Eco Supplements altijd gratis verzending boven 100\u20ac","breadcrumb":{"@id":"https:\/\/ecosupplements.be\/fr\/produit\/natures-answer-turmeric-with-black-pepper-480-ml\/#breadcrumb"},"inLanguage":"fr-FR","potentialAction":[{"@type":"ReadAction","target":["https:\/\/ecosupplements.be\/fr\/produit\/natures-answer-turmeric-with-black-pepper-480-ml\/"]}]},{"@type":"ImageObject","inLanguage":"fr-FR","@id":"https:\/\/ecosupplements.be\/fr\/produit\/natures-answer-turmeric-with-black-pepper-480-ml\/#primaryimage","url":"https:\/\/ecosupplements.be\/wp-content\/uploads\/2025\/08\/NATURES-ANSWER-Turmeric-with-Black-Pepper-480-ml.jpg","contentUrl":"https:\/\/ecosupplements.be\/wp-content\/uploads\/2025\/08\/NATURES-ANSWER-Turmeric-with-Black-Pepper-480-ml.jpg","width":1080,"height":1080},{"@type":"BreadcrumbList","@id":"https:\/\/ecosupplements.be\/fr\/produit\/natures-answer-turmeric-with-black-pepper-480-ml\/#breadcrumb","itemListElement":[{"@type":"ListItem","position":1,"name":"Home","item":"https:\/\/ecosupplements.be\/fr\/"},{"@type":"ListItem","position":2,"name":"Boutique","item":"https:\/\/ecosupplements.be\/fr\/boutique\/"},{"@type":"ListItem","position":3,"name":"R\u00e9ponse de la Nature : Curcuma avec Poivre Noir (480 ml)"}]},{"@type":"WebSite","@id":"https:\/\/ecosupplements.be\/fr\/#website","url":"https:\/\/ecosupplements.be\/fr\/","name":"ECO Supplements","description":"Eco Supplements - Gezonde supplementen","publisher":{"@id":"https:\/\/ecosupplements.be\/fr\/#organization"},"potentialAction":[{"@type":"SearchAction","target":{"@type":"EntryPoint","urlTemplate":"https:\/\/ecosupplements.be\/fr\/?s={search_term_string}"},"query-input":{"@type":"PropertyValueSpecification","valueRequired":true,"valueName":"search_term_string"}}],"inLanguage":"fr-FR"},{"@type":"Organization","@id":"https:\/\/ecosupplements.be\/fr\/#organization","name":"Eco Supplements","url":"https:\/\/ecosupplements.be\/fr\/","logo":{"@type":"ImageObject","inLanguage":"fr-FR","@id":"https:\/\/ecosupplements.be\/fr\/#\/schema\/logo\/image\/","url":"https:\/\/ecosupplements.be\/wp-content\/uploads\/2022\/06\/ecosupplement-family.png","contentUrl":"https:\/\/ecosupplements.be\/wp-content\/uploads\/2022\/06\/ecosupplement-family.png","width":593,"height":374,"caption":"Eco Supplements"},"image":{"@id":"https:\/\/ecosupplements.be\/fr\/#\/schema\/logo\/image\/"}}]},"product_brand":"Nature's Answer","product_price_amount":"34.68","product_price_currency":"EUR","og_availability":"instock","product_availability":"instock","product_retailer_item_id":"083000261633","product_condition":"new"},"_links":{"self":[{"href":"https:\/\/ecosupplements.be\/fr\/wp-json\/wp\/v2\/product\/301857","targetHints":{"allow":["GET"]}}],"collection":[{"href":"https:\/\/ecosupplements.be\/fr\/wp-json\/wp\/v2\/product"}],"about":[{"href":"https:\/\/ecosupplements.be\/fr\/wp-json\/wp\/v2\/types\/product"}],"replies":[{"embeddable":true,"href":"https:\/\/ecosupplements.be\/fr\/wp-json\/wp\/v2\/comments?post=301857"}],"wp:featuredmedia":[{"embeddable":true,"href":"https:\/\/ecosupplements.be\/fr\/wp-json\/wp\/v2\/media\/275997"}],"wp:attachment":[{"href":"https:\/\/ecosupplements.be\/fr\/wp-json\/wp\/v2\/media?parent=301857"}],"wp:term":[{"taxonomy":"product_brand","embeddable":true,"href":"https:\/\/ecosupplements.be\/fr\/wp-json\/wp\/v2\/product_brand?post=301857"},{"taxonomy":"product_cat","embeddable":true,"href":"https:\/\/ecosupplements.be\/fr\/wp-json\/wp\/v2\/product_cat?post=301857"},{"taxonomy":"product_tag","embeddable":true,"href":"https:\/\/ecosupplements.be\/fr\/wp-json\/wp\/v2\/product_tag?post=301857"}],"curies":[{"name":"wp","href":"https:\/\/api.w.org\/{rel}","templated":true}]}}