{"id":301881,"date":"2025-07-26T01:15:12","date_gmt":"2025-07-26T00:15:12","guid":{"rendered":"https:\/\/ecosupplements.be\/product\/nfo-spirulina-chlorella-260-tabs\/"},"modified":"2025-08-28T03:27:17","modified_gmt":"2025-08-28T02:27:17","slug":"nfo-spirulina-chlorella-260-tabs","status":"publish","type":"product","link":"https:\/\/ecosupplements.be\/fr\/produit\/nfo-spirulina-chlorella-260-tabs\/","title":{"rendered":"Spiruline &amp; chlorelle (260 comprim\u00e9s)"},"content":{"rendered":"<h4><b>NFO\u00ae spirulina &amp; Chlorella (260 tabs)<\/b><\/h4>\n<p>D\u00e9couvrez NFO\u00ae Spirulina &amp; Chlorella, un produit compos\u00e9 de deux ingr\u00e9dients naturels : la spiruline et la chlorelle.Ces algues sont reconnues pour leur haute teneur en prot\u00e9ines, vitamines et min\u00e9raux.<\/p>\n<p><b>Composition :<\/b><\/p>\n<ul>\n<li>Spiruline : Une micro-algue bleu-vert connue pour sa composition riche et naturelle.<\/li>\n<li>chlorella : Une algue verte unicellulaire qui compl\u00e8te id\u00e9alement la spiruline dans ce m\u00e9lange.<\/li>\n<\/ul>\n<p>Ce produit est pr\u00e9sent\u00e9 sous forme de tablettes, avec un total de 260 unit\u00e9s par emballage. Il est con\u00e7u pour \u00eatre int\u00e9gr\u00e9 facilement dans votre quotidien gr\u00e2ce \u00e0 son format pratique.<\/p>\n<p><b>Utilisation :<\/b><\/p>\n<p>Consommez r\u00e9guli\u00e8rement selon les indications sur l&#8217;emballage pour compl\u00e9menter votre alimentation quotidienne.<\/p>\n<p>Ces tablettes sont un choix parfait pour ceux qui appr\u00e9cient les ingr\u00e9dients purs et d&#8217;origine naturelle dans leur routine quotidienne. elles s&#8217;int\u00e8grent harmonieusement dans un mode de vie actif sans pr\u00e9tendre \u00e0 des effets sp\u00e9cifiques sur la sant\u00e9 ou le bien-\u00eatre.<\/p>\n<p>Avec NFO\u00ae Spirulina &amp; Chlorella, optez pour une approche simple et naturelle chaque jour!<\/p>\n","protected":false},"excerpt":{"rendered":"<p>NFO\u00ae spirulina &amp; Chlorella (260 tabs) D\u00e9couvrez NFO\u00ae Spirulina &amp; Chlorella, un produit compos\u00e9 de deux ingr\u00e9dients naturels : la spiruline et la chlorelle.Ces algues sont reconnues pour leur haute teneur en prot\u00e9ines, vitamines et min\u00e9raux. Composition : Spiruline : Une micro-algue bleu-vert connue pour sa composition riche et naturelle. chlorella : Une algue verte [&#8230;]\n","protected":false},"featured_media":276021,"comment_status":"closed","ping_status":"open","template":"","meta":[],"product_brand":[5372],"product_cat":[5053],"product_tag":[],"class_list":{"0":"post-301881","1":"product","2":"type-product","3":"status-publish","4":"has-post-thumbnail","6":"product_brand-nfo-2","7":"product_cat-vitamines-et-mineraux","9":"first","10":"outofstock","11":"taxable","12":"shipping-taxable","13":"purchasable","14":"product-type-simple"},"yoast_head":"<!-- This site is optimized with the Yoast SEO Premium plugin v27.3 (Yoast SEO v27.3) - https:\/\/yoast.com\/product\/yoast-seo-premium-wordpress\/ -->\n<title>Spiruline &amp; chlorelle (260 comprim\u00e9s) - ECO Supplements<\/title>\n<meta name=\"description\" content=\"Wij hebben een ruime keuze aan producten van Spiruline &amp; chlorelle (260 comprim\u00e9s) . Winkel bij Eco Supplements altijd gratis verzending boven 100\u20ac\" \/>\n<meta name=\"robots\" content=\"index, follow, max-snippet:-1, max-image-preview:large, max-video-preview:-1\" \/>\n<link rel=\"canonical\" href=\"https:\/\/ecosupplements.be\/fr\/produit\/nfo-spirulina-chlorella-260-tabs\/\" \/>\n<meta property=\"og:locale\" content=\"fr_FR\" \/>\n<meta property=\"og:type\" content=\"article\" \/>\n<meta property=\"og:title\" content=\"Spiruline &amp; chlorelle (260 comprim\u00e9s)\" \/>\n<meta property=\"og:description\" content=\"Wij hebben een ruime keuze aan producten van Spiruline &amp; chlorelle (260 comprim\u00e9s) . Winkel bij Eco Supplements altijd gratis verzending boven 100\u20ac\" \/>\n<meta property=\"og:url\" content=\"https:\/\/ecosupplements.be\/fr\/produit\/nfo-spirulina-chlorella-260-tabs\/\" \/>\n<meta property=\"og:site_name\" content=\"ECO Supplements\" \/>\n<meta property=\"article:modified_time\" content=\"2025-08-28T02:27:17+00:00\" \/>\n<meta property=\"og:image\" content=\"https:\/\/ecosupplements.be\/wp-content\/uploads\/2025\/08\/NFO-NFO-Spirulina-chlorella-260-tabs.jpg\" \/>\n\t<meta property=\"og:image:width\" content=\"759\" \/>\n\t<meta property=\"og:image:height\" content=\"759\" \/>\n\t<meta property=\"og:image:type\" content=\"image\/jpeg\" \/>\n<meta name=\"twitter:card\" content=\"summary_large_image\" \/>\n<meta name=\"twitter:label1\" content=\"Prix\" \/>\n\t<meta name=\"twitter:data1\" content=\"37.67&nbsp;&euro;\" \/>\n\t<meta name=\"twitter:label2\" content=\"Disponibilit\u00e9\" \/>\n\t<meta name=\"twitter:data2\" content=\"Rupture de stock\" \/>\n<script type=\"application\/ld+json\" class=\"yoast-schema-graph\">{\"@context\":\"https:\\\/\\\/schema.org\",\"@graph\":[{\"@type\":[\"WebPage\",\"ItemPage\"],\"@id\":\"https:\\\/\\\/ecosupplements.be\\\/fr\\\/produit\\\/nfo-spirulina-chlorella-260-tabs\\\/\",\"url\":\"https:\\\/\\\/ecosupplements.be\\\/fr\\\/produit\\\/nfo-spirulina-chlorella-260-tabs\\\/\",\"name\":\"Spiruline &amp; chlorelle (260 comprim\u00e9s) - ECO Supplements\",\"isPartOf\":{\"@id\":\"https:\\\/\\\/ecosupplements.be\\\/fr\\\/#website\"},\"primaryImageOfPage\":{\"@id\":\"https:\\\/\\\/ecosupplements.be\\\/fr\\\/produit\\\/nfo-spirulina-chlorella-260-tabs\\\/#primaryimage\"},\"image\":{\"@id\":\"https:\\\/\\\/ecosupplements.be\\\/fr\\\/produit\\\/nfo-spirulina-chlorella-260-tabs\\\/#primaryimage\"},\"thumbnailUrl\":\"https:\\\/\\\/ecosupplements.be\\\/wp-content\\\/uploads\\\/2025\\\/08\\\/NFO-Spirulina-chlorella-260-tabs.jpg\",\"datePublished\":\"2025-07-26T00:15:12+00:00\",\"dateModified\":\"2025-08-28T02:27:17+00:00\",\"description\":\"Wij hebben een ruime keuze aan producten van Spiruline &amp; chlorelle (260 comprim\u00e9s) . Winkel bij Eco Supplements altijd gratis verzending boven 100\u20ac\",\"breadcrumb\":{\"@id\":\"https:\\\/\\\/ecosupplements.be\\\/fr\\\/produit\\\/nfo-spirulina-chlorella-260-tabs\\\/#breadcrumb\"},\"inLanguage\":\"fr-FR\",\"potentialAction\":[{\"@type\":\"ReadAction\",\"target\":[\"https:\\\/\\\/ecosupplements.be\\\/fr\\\/produit\\\/nfo-spirulina-chlorella-260-tabs\\\/\"]}]},{\"@type\":\"ImageObject\",\"inLanguage\":\"fr-FR\",\"@id\":\"https:\\\/\\\/ecosupplements.be\\\/fr\\\/produit\\\/nfo-spirulina-chlorella-260-tabs\\\/#primaryimage\",\"url\":\"https:\\\/\\\/ecosupplements.be\\\/wp-content\\\/uploads\\\/2025\\\/08\\\/NFO-Spirulina-chlorella-260-tabs.jpg\",\"contentUrl\":\"https:\\\/\\\/ecosupplements.be\\\/wp-content\\\/uploads\\\/2025\\\/08\\\/NFO-Spirulina-chlorella-260-tabs.jpg\",\"width\":759,\"height\":759},{\"@type\":\"BreadcrumbList\",\"@id\":\"https:\\\/\\\/ecosupplements.be\\\/fr\\\/produit\\\/nfo-spirulina-chlorella-260-tabs\\\/#breadcrumb\",\"itemListElement\":[{\"@type\":\"ListItem\",\"position\":1,\"name\":\"Home\",\"item\":\"https:\\\/\\\/ecosupplements.be\\\/fr\\\/\"},{\"@type\":\"ListItem\",\"position\":2,\"name\":\"Boutique\",\"item\":\"https:\\\/\\\/ecosupplements.be\\\/fr\\\/boutique\\\/\"},{\"@type\":\"ListItem\",\"position\":3,\"name\":\"Spiruline &amp; chlorelle (260 comprim\u00e9s)\"}]},{\"@type\":\"WebSite\",\"@id\":\"https:\\\/\\\/ecosupplements.be\\\/fr\\\/#website\",\"url\":\"https:\\\/\\\/ecosupplements.be\\\/fr\\\/\",\"name\":\"ECO Supplements\",\"description\":\"Eco Supplements - Gezonde supplementen\",\"publisher\":{\"@id\":\"https:\\\/\\\/ecosupplements.be\\\/fr\\\/#organization\"},\"potentialAction\":[{\"@type\":\"SearchAction\",\"target\":{\"@type\":\"EntryPoint\",\"urlTemplate\":\"https:\\\/\\\/ecosupplements.be\\\/fr\\\/?s={search_term_string}\"},\"query-input\":{\"@type\":\"PropertyValueSpecification\",\"valueRequired\":true,\"valueName\":\"search_term_string\"}}],\"inLanguage\":\"fr-FR\"},{\"@type\":\"Organization\",\"@id\":\"https:\\\/\\\/ecosupplements.be\\\/fr\\\/#organization\",\"name\":\"Eco Supplements\",\"url\":\"https:\\\/\\\/ecosupplements.be\\\/fr\\\/\",\"logo\":{\"@type\":\"ImageObject\",\"inLanguage\":\"fr-FR\",\"@id\":\"https:\\\/\\\/ecosupplements.be\\\/fr\\\/#\\\/schema\\\/logo\\\/image\\\/\",\"url\":\"https:\\\/\\\/ecosupplements.be\\\/wp-content\\\/uploads\\\/2022\\\/06\\\/ecosupplement-family.png\",\"contentUrl\":\"https:\\\/\\\/ecosupplements.be\\\/wp-content\\\/uploads\\\/2022\\\/06\\\/ecosupplement-family.png\",\"width\":593,\"height\":374,\"caption\":\"Eco Supplements\"},\"image\":{\"@id\":\"https:\\\/\\\/ecosupplements.be\\\/fr\\\/#\\\/schema\\\/logo\\\/image\\\/\"}}]}<\/script>\n<meta property=\"product:brand\" content=\"NFO\" \/>\n<meta property=\"product:price:amount\" content=\"37.67\" \/>\n<meta property=\"product:price:currency\" content=\"EUR\" \/>\n<meta property=\"og:availability\" content=\"out of stock\" \/>\n<meta property=\"product:availability\" content=\"out of stock\" \/>\n<meta property=\"product:retailer_item_id\" content=\"6430077253292\" \/>\n<meta property=\"product:condition\" content=\"new\" \/>\n<!-- \/ Yoast SEO Premium plugin. -->","yoast_head_json":{"title":"Spiruline &amp; chlorelle (260 comprim\u00e9s) - ECO Supplements","description":"Wij hebben een ruime keuze aan producten van Spiruline &amp; chlorelle (260 comprim\u00e9s) . Winkel bij Eco Supplements altijd gratis verzending boven 100\u20ac","robots":{"index":"index","follow":"follow","max-snippet":"max-snippet:-1","max-image-preview":"max-image-preview:large","max-video-preview":"max-video-preview:-1"},"canonical":"https:\/\/ecosupplements.be\/fr\/produit\/nfo-spirulina-chlorella-260-tabs\/","og_locale":"fr_FR","og_type":"article","og_title":"Spiruline &amp; chlorelle (260 comprim\u00e9s)","og_description":"Wij hebben een ruime keuze aan producten van Spiruline &amp; chlorelle (260 comprim\u00e9s) . Winkel bij Eco Supplements altijd gratis verzending boven 100\u20ac","og_url":"https:\/\/ecosupplements.be\/fr\/produit\/nfo-spirulina-chlorella-260-tabs\/","og_site_name":"ECO Supplements","article_modified_time":"2025-08-28T02:27:17+00:00","og_image":[{"width":759,"height":759,"url":"https:\/\/ecosupplements.be\/wp-content\/uploads\/2025\/08\/NFO-NFO-Spirulina-chlorella-260-tabs.jpg","type":"image\/jpeg"}],"twitter_card":"summary_large_image","twitter_misc":{"Prix":"37.67&nbsp;&euro;","Disponibilit\u00e9":"Rupture de stock"},"schema":{"@context":"https:\/\/schema.org","@graph":[{"@type":["WebPage","ItemPage"],"@id":"https:\/\/ecosupplements.be\/fr\/produit\/nfo-spirulina-chlorella-260-tabs\/","url":"https:\/\/ecosupplements.be\/fr\/produit\/nfo-spirulina-chlorella-260-tabs\/","name":"Spiruline &amp; chlorelle (260 comprim\u00e9s) - ECO Supplements","isPartOf":{"@id":"https:\/\/ecosupplements.be\/fr\/#website"},"primaryImageOfPage":{"@id":"https:\/\/ecosupplements.be\/fr\/produit\/nfo-spirulina-chlorella-260-tabs\/#primaryimage"},"image":{"@id":"https:\/\/ecosupplements.be\/fr\/produit\/nfo-spirulina-chlorella-260-tabs\/#primaryimage"},"thumbnailUrl":"https:\/\/ecosupplements.be\/wp-content\/uploads\/2025\/08\/NFO-Spirulina-chlorella-260-tabs.jpg","datePublished":"2025-07-26T00:15:12+00:00","dateModified":"2025-08-28T02:27:17+00:00","description":"Wij hebben een ruime keuze aan producten van Spiruline &amp; chlorelle (260 comprim\u00e9s) . Winkel bij Eco Supplements altijd gratis verzending boven 100\u20ac","breadcrumb":{"@id":"https:\/\/ecosupplements.be\/fr\/produit\/nfo-spirulina-chlorella-260-tabs\/#breadcrumb"},"inLanguage":"fr-FR","potentialAction":[{"@type":"ReadAction","target":["https:\/\/ecosupplements.be\/fr\/produit\/nfo-spirulina-chlorella-260-tabs\/"]}]},{"@type":"ImageObject","inLanguage":"fr-FR","@id":"https:\/\/ecosupplements.be\/fr\/produit\/nfo-spirulina-chlorella-260-tabs\/#primaryimage","url":"https:\/\/ecosupplements.be\/wp-content\/uploads\/2025\/08\/NFO-Spirulina-chlorella-260-tabs.jpg","contentUrl":"https:\/\/ecosupplements.be\/wp-content\/uploads\/2025\/08\/NFO-Spirulina-chlorella-260-tabs.jpg","width":759,"height":759},{"@type":"BreadcrumbList","@id":"https:\/\/ecosupplements.be\/fr\/produit\/nfo-spirulina-chlorella-260-tabs\/#breadcrumb","itemListElement":[{"@type":"ListItem","position":1,"name":"Home","item":"https:\/\/ecosupplements.be\/fr\/"},{"@type":"ListItem","position":2,"name":"Boutique","item":"https:\/\/ecosupplements.be\/fr\/boutique\/"},{"@type":"ListItem","position":3,"name":"Spiruline &amp; chlorelle (260 comprim\u00e9s)"}]},{"@type":"WebSite","@id":"https:\/\/ecosupplements.be\/fr\/#website","url":"https:\/\/ecosupplements.be\/fr\/","name":"ECO Supplements","description":"Eco Supplements - Gezonde supplementen","publisher":{"@id":"https:\/\/ecosupplements.be\/fr\/#organization"},"potentialAction":[{"@type":"SearchAction","target":{"@type":"EntryPoint","urlTemplate":"https:\/\/ecosupplements.be\/fr\/?s={search_term_string}"},"query-input":{"@type":"PropertyValueSpecification","valueRequired":true,"valueName":"search_term_string"}}],"inLanguage":"fr-FR"},{"@type":"Organization","@id":"https:\/\/ecosupplements.be\/fr\/#organization","name":"Eco Supplements","url":"https:\/\/ecosupplements.be\/fr\/","logo":{"@type":"ImageObject","inLanguage":"fr-FR","@id":"https:\/\/ecosupplements.be\/fr\/#\/schema\/logo\/image\/","url":"https:\/\/ecosupplements.be\/wp-content\/uploads\/2022\/06\/ecosupplement-family.png","contentUrl":"https:\/\/ecosupplements.be\/wp-content\/uploads\/2022\/06\/ecosupplement-family.png","width":593,"height":374,"caption":"Eco Supplements"},"image":{"@id":"https:\/\/ecosupplements.be\/fr\/#\/schema\/logo\/image\/"}}]},"product_brand":"NFO","product_price_amount":"37.67","product_price_currency":"EUR","og_availability":"out of stock","product_availability":"out of stock","product_retailer_item_id":"6430077253292","product_condition":"new"},"_links":{"self":[{"href":"https:\/\/ecosupplements.be\/fr\/wp-json\/wp\/v2\/product\/301881","targetHints":{"allow":["GET"]}}],"collection":[{"href":"https:\/\/ecosupplements.be\/fr\/wp-json\/wp\/v2\/product"}],"about":[{"href":"https:\/\/ecosupplements.be\/fr\/wp-json\/wp\/v2\/types\/product"}],"replies":[{"embeddable":true,"href":"https:\/\/ecosupplements.be\/fr\/wp-json\/wp\/v2\/comments?post=301881"}],"wp:featuredmedia":[{"embeddable":true,"href":"https:\/\/ecosupplements.be\/fr\/wp-json\/wp\/v2\/media\/276021"}],"wp:attachment":[{"href":"https:\/\/ecosupplements.be\/fr\/wp-json\/wp\/v2\/media?parent=301881"}],"wp:term":[{"taxonomy":"product_brand","embeddable":true,"href":"https:\/\/ecosupplements.be\/fr\/wp-json\/wp\/v2\/product_brand?post=301881"},{"taxonomy":"product_cat","embeddable":true,"href":"https:\/\/ecosupplements.be\/fr\/wp-json\/wp\/v2\/product_cat?post=301881"},{"taxonomy":"product_tag","embeddable":true,"href":"https:\/\/ecosupplements.be\/fr\/wp-json\/wp\/v2\/product_tag?post=301881"}],"curies":[{"name":"wp","href":"https:\/\/api.w.org\/{rel}","templated":true}]}}