{"id":301956,"date":"2025-07-26T03:00:27","date_gmt":"2025-07-26T02:00:27","guid":{"rendered":"https:\/\/ecosupplements.be\/product\/now-foods-beef-gelatin-550-mg-200-caps\/"},"modified":"2025-08-28T03:28:42","modified_gmt":"2025-08-28T02:28:42","slug":"now-foods-beef-gelatin-550-mg-200-caps","status":"publish","type":"product","link":"https:\/\/ecosupplements.be\/fr\/produit\/now-foods-beef-gelatin-550-mg-200-caps\/","title":{"rendered":"G\u00e9latine de b\u0153uf NOW FOODS 550 mg (200 g\u00e9lules)"},"content":{"rendered":"<p><strong>Nom du produit :<\/strong> NOW FOODS Beef Gelatin 550 mg (200 caps.)<\/p>\n<p><strong>Description :<\/strong> D\u00e9couvrez la g\u00e9latine de b\u0153uf en capsules, un choix naturel pour ceux qui appr\u00e9cient les ingr\u00e9dients purs et d&#8217;origine contr\u00f4l\u00e9e.Chaque capsule contient de la g\u00e9latine de b\u0153uf hydrolys\u00e9e, pr\u00e9par\u00e9e par un processus enzymatique pour une qualit\u00e9 optimale.<\/p>\n<p><strong>Ingr\u00e9dients principaux :<\/strong> G\u00e9latine de b\u0153uf hydrolys\u00e9e, composant de la capsule : g\u00e9latine; anti-agglom\u00e9rant : sels magn\u00e9siques d&#8217;acides gras v\u00e9g\u00e9taux.<\/p>\n<table border=\"1\" width=\"257\" style=\"height:48px\">\n<tbody>\n<tr>\n<td><strong>Contenu par dose (4 capsules) :<\/strong><\/td>\n<td>G\u00e9latine bovine 2200 mg<\/td>\n<\/tr>\n<\/tbody>\n<\/table>\n<p><strong>Utilisation recommand\u00e9e :<\/strong> Prendre 4 capsules par jour avec un verre d&#8217;eau lors des repas. Ne pas d\u00e9passer la dose journali\u00e8re recommand\u00e9e.<\/p>\n<p><strong>Caract\u00e9ristiques pratiques :<\/strong> Ce produit est pr\u00e9sent\u00e9 sous forme de capsules faciles \u00e0 consommer, con\u00e7ues pour s&#8217;int\u00e9grer ais\u00e9ment dans votre routine quotidienne.<\/p>\n<p><em>Note:<\/em> Ce compl\u00e9ment alimentaire n&#8217;est pas destin\u00e9 aux enfants, ni aux femmes enceintes ou allaitantes. En cas d&#8217;hypersensibilit\u00e9 \u00e0 l&#8217;un des composants du produit ou si vous suivez un traitement m\u00e9dical particulier, il est conseill\u00e9 de consulter un professionnel de sant\u00e9 avant utilisation. Les compl\u00e9ments alimentaires ne doivent pas \u00eatre utilis\u00e9s comme substitut \u00e0 une alimentation vari\u00e9e et \u00e9quilibr\u00e9e ainsi qu&#8217;\u00e0 un mode de vie sain.Des variations naturelles de couleur peuvent survenir dans ce produit.<\/p>\n<p><strong>Conservation :<\/strong> Conserver dans un endroit frais et sec, hors de port\u00e9e des enfants.&lt;\/p<\/p>\n","protected":false},"excerpt":{"rendered":"<p>Nom du produit : NOW FOODS Beef Gelatin 550 mg (200 caps.) Description : D\u00e9couvrez la g\u00e9latine de b\u0153uf en capsules, un choix naturel pour ceux qui appr\u00e9cient les ingr\u00e9dients purs et d&#8217;origine contr\u00f4l\u00e9e.Chaque capsule contient de la g\u00e9latine de b\u0153uf hydrolys\u00e9e, pr\u00e9par\u00e9e par un processus enzymatique pour une qualit\u00e9 optimale. Ingr\u00e9dients principaux : G\u00e9latine [&#8230;]\n","protected":false},"featured_media":276096,"comment_status":"closed","ping_status":"open","template":"","meta":[],"product_brand":[4733],"product_cat":[5053],"product_tag":[],"class_list":{"0":"post-301956","1":"product","2":"type-product","3":"status-publish","4":"has-post-thumbnail","6":"product_brand-now-foods-2","7":"product_cat-vitamines-et-mineraux","9":"first","10":"instock","11":"taxable","12":"shipping-taxable","13":"purchasable","14":"product-type-simple"},"yoast_head":"<!-- This site is optimized with the Yoast SEO Premium plugin v27.3 (Yoast SEO v27.3) - https:\/\/yoast.com\/product\/yoast-seo-premium-wordpress\/ -->\n<title>G\u00e9latine de b\u0153uf NOW FOODS 550 mg (200 g\u00e9lules) - ECO Supplements<\/title>\n<meta name=\"description\" content=\"Wij hebben een ruime keuze aan producten van G\u00e9latine de b\u0153uf NOW FOODS 550 mg (200 g\u00e9lules) . Winkel bij Eco Supplements altijd gratis verzending boven 100\u20ac\" \/>\n<meta name=\"robots\" content=\"index, follow, max-snippet:-1, max-image-preview:large, max-video-preview:-1\" \/>\n<link rel=\"canonical\" href=\"https:\/\/ecosupplements.be\/fr\/produit\/now-foods-beef-gelatin-550-mg-200-caps\/\" \/>\n<meta property=\"og:locale\" content=\"fr_FR\" \/>\n<meta property=\"og:type\" content=\"article\" \/>\n<meta property=\"og:title\" content=\"G\u00e9latine de b\u0153uf NOW FOODS 550 mg (200 g\u00e9lules)\" \/>\n<meta property=\"og:description\" content=\"Wij hebben een ruime keuze aan producten van G\u00e9latine de b\u0153uf NOW FOODS 550 mg (200 g\u00e9lules) . Winkel bij Eco Supplements altijd gratis verzending boven 100\u20ac\" \/>\n<meta property=\"og:url\" content=\"https:\/\/ecosupplements.be\/fr\/produit\/now-foods-beef-gelatin-550-mg-200-caps\/\" \/>\n<meta property=\"og:site_name\" content=\"ECO Supplements\" \/>\n<meta property=\"article:modified_time\" content=\"2025-08-28T02:28:42+00:00\" \/>\n<meta property=\"og:image\" content=\"https:\/\/ecosupplements.be\/wp-content\/uploads\/2025\/08\/NOW-Foods-NOW-FOODS-Beef-Gelatin-550-mg-200-caps.jpg\" \/>\n\t<meta property=\"og:image:width\" content=\"495\" \/>\n\t<meta property=\"og:image:height\" content=\"880\" \/>\n\t<meta property=\"og:image:type\" content=\"image\/jpeg\" \/>\n<meta name=\"twitter:card\" content=\"summary_large_image\" \/>\n<meta name=\"twitter:label1\" content=\"Prix\" \/>\n\t<meta name=\"twitter:data1\" content=\"17.57&nbsp;&euro;\" \/>\n\t<meta name=\"twitter:label2\" content=\"Disponibilit\u00e9\" \/>\n\t<meta name=\"twitter:data2\" content=\"En stock\" \/>\n<script type=\"application\/ld+json\" class=\"yoast-schema-graph\">{\"@context\":\"https:\\\/\\\/schema.org\",\"@graph\":[{\"@type\":[\"WebPage\",\"ItemPage\"],\"@id\":\"https:\\\/\\\/ecosupplements.be\\\/fr\\\/produit\\\/now-foods-beef-gelatin-550-mg-200-caps\\\/\",\"url\":\"https:\\\/\\\/ecosupplements.be\\\/fr\\\/produit\\\/now-foods-beef-gelatin-550-mg-200-caps\\\/\",\"name\":\"G\u00e9latine de b\u0153uf NOW FOODS 550 mg (200 g\u00e9lules) - ECO Supplements\",\"isPartOf\":{\"@id\":\"https:\\\/\\\/ecosupplements.be\\\/fr\\\/#website\"},\"primaryImageOfPage\":{\"@id\":\"https:\\\/\\\/ecosupplements.be\\\/fr\\\/produit\\\/now-foods-beef-gelatin-550-mg-200-caps\\\/#primaryimage\"},\"image\":{\"@id\":\"https:\\\/\\\/ecosupplements.be\\\/fr\\\/produit\\\/now-foods-beef-gelatin-550-mg-200-caps\\\/#primaryimage\"},\"thumbnailUrl\":\"https:\\\/\\\/ecosupplements.be\\\/wp-content\\\/uploads\\\/2025\\\/08\\\/NOW-FOODS-Beef-Gelatin-550-mg-200-caps.jpg\",\"datePublished\":\"2025-07-26T02:00:27+00:00\",\"dateModified\":\"2025-08-28T02:28:42+00:00\",\"description\":\"Wij hebben een ruime keuze aan producten van G\u00e9latine de b\u0153uf NOW FOODS 550 mg (200 g\u00e9lules) . Winkel bij Eco Supplements altijd gratis verzending boven 100\u20ac\",\"breadcrumb\":{\"@id\":\"https:\\\/\\\/ecosupplements.be\\\/fr\\\/produit\\\/now-foods-beef-gelatin-550-mg-200-caps\\\/#breadcrumb\"},\"inLanguage\":\"fr-FR\",\"potentialAction\":[{\"@type\":\"ReadAction\",\"target\":[\"https:\\\/\\\/ecosupplements.be\\\/fr\\\/produit\\\/now-foods-beef-gelatin-550-mg-200-caps\\\/\"]}]},{\"@type\":\"ImageObject\",\"inLanguage\":\"fr-FR\",\"@id\":\"https:\\\/\\\/ecosupplements.be\\\/fr\\\/produit\\\/now-foods-beef-gelatin-550-mg-200-caps\\\/#primaryimage\",\"url\":\"https:\\\/\\\/ecosupplements.be\\\/wp-content\\\/uploads\\\/2025\\\/08\\\/NOW-FOODS-Beef-Gelatin-550-mg-200-caps.jpg\",\"contentUrl\":\"https:\\\/\\\/ecosupplements.be\\\/wp-content\\\/uploads\\\/2025\\\/08\\\/NOW-FOODS-Beef-Gelatin-550-mg-200-caps.jpg\",\"width\":495,\"height\":880},{\"@type\":\"BreadcrumbList\",\"@id\":\"https:\\\/\\\/ecosupplements.be\\\/fr\\\/produit\\\/now-foods-beef-gelatin-550-mg-200-caps\\\/#breadcrumb\",\"itemListElement\":[{\"@type\":\"ListItem\",\"position\":1,\"name\":\"Home\",\"item\":\"https:\\\/\\\/ecosupplements.be\\\/fr\\\/\"},{\"@type\":\"ListItem\",\"position\":2,\"name\":\"Boutique\",\"item\":\"https:\\\/\\\/ecosupplements.be\\\/fr\\\/boutique\\\/\"},{\"@type\":\"ListItem\",\"position\":3,\"name\":\"G\u00e9latine de b\u0153uf NOW FOODS 550 mg (200 g\u00e9lules)\"}]},{\"@type\":\"WebSite\",\"@id\":\"https:\\\/\\\/ecosupplements.be\\\/fr\\\/#website\",\"url\":\"https:\\\/\\\/ecosupplements.be\\\/fr\\\/\",\"name\":\"ECO Supplements\",\"description\":\"Eco Supplements - Gezonde supplementen\",\"publisher\":{\"@id\":\"https:\\\/\\\/ecosupplements.be\\\/fr\\\/#organization\"},\"potentialAction\":[{\"@type\":\"SearchAction\",\"target\":{\"@type\":\"EntryPoint\",\"urlTemplate\":\"https:\\\/\\\/ecosupplements.be\\\/fr\\\/?s={search_term_string}\"},\"query-input\":{\"@type\":\"PropertyValueSpecification\",\"valueRequired\":true,\"valueName\":\"search_term_string\"}}],\"inLanguage\":\"fr-FR\"},{\"@type\":\"Organization\",\"@id\":\"https:\\\/\\\/ecosupplements.be\\\/fr\\\/#organization\",\"name\":\"Eco Supplements\",\"url\":\"https:\\\/\\\/ecosupplements.be\\\/fr\\\/\",\"logo\":{\"@type\":\"ImageObject\",\"inLanguage\":\"fr-FR\",\"@id\":\"https:\\\/\\\/ecosupplements.be\\\/fr\\\/#\\\/schema\\\/logo\\\/image\\\/\",\"url\":\"https:\\\/\\\/ecosupplements.be\\\/wp-content\\\/uploads\\\/2022\\\/06\\\/ecosupplement-family.png\",\"contentUrl\":\"https:\\\/\\\/ecosupplements.be\\\/wp-content\\\/uploads\\\/2022\\\/06\\\/ecosupplement-family.png\",\"width\":593,\"height\":374,\"caption\":\"Eco Supplements\"},\"image\":{\"@id\":\"https:\\\/\\\/ecosupplements.be\\\/fr\\\/#\\\/schema\\\/logo\\\/image\\\/\"}}]}<\/script>\n<meta property=\"product:brand\" content=\"NOW Foods\" \/>\n<meta property=\"product:price:amount\" content=\"17.57\" \/>\n<meta property=\"product:price:currency\" content=\"EUR\" \/>\n<meta property=\"og:availability\" content=\"instock\" \/>\n<meta property=\"product:availability\" content=\"instock\" \/>\n<meta property=\"product:retailer_item_id\" content=\"733739065056\" \/>\n<meta property=\"product:condition\" content=\"new\" \/>\n<!-- \/ Yoast SEO Premium plugin. -->","yoast_head_json":{"title":"G\u00e9latine de b\u0153uf NOW FOODS 550 mg (200 g\u00e9lules) - ECO Supplements","description":"Wij hebben een ruime keuze aan producten van G\u00e9latine de b\u0153uf NOW FOODS 550 mg (200 g\u00e9lules) . Winkel bij Eco Supplements altijd gratis verzending boven 100\u20ac","robots":{"index":"index","follow":"follow","max-snippet":"max-snippet:-1","max-image-preview":"max-image-preview:large","max-video-preview":"max-video-preview:-1"},"canonical":"https:\/\/ecosupplements.be\/fr\/produit\/now-foods-beef-gelatin-550-mg-200-caps\/","og_locale":"fr_FR","og_type":"article","og_title":"G\u00e9latine de b\u0153uf NOW FOODS 550 mg (200 g\u00e9lules)","og_description":"Wij hebben een ruime keuze aan producten van G\u00e9latine de b\u0153uf NOW FOODS 550 mg (200 g\u00e9lules) . Winkel bij Eco Supplements altijd gratis verzending boven 100\u20ac","og_url":"https:\/\/ecosupplements.be\/fr\/produit\/now-foods-beef-gelatin-550-mg-200-caps\/","og_site_name":"ECO Supplements","article_modified_time":"2025-08-28T02:28:42+00:00","og_image":[{"width":495,"height":880,"url":"https:\/\/ecosupplements.be\/wp-content\/uploads\/2025\/08\/NOW-Foods-NOW-FOODS-Beef-Gelatin-550-mg-200-caps.jpg","type":"image\/jpeg"}],"twitter_card":"summary_large_image","twitter_misc":{"Prix":"17.57&nbsp;&euro;","Disponibilit\u00e9":"En stock"},"schema":{"@context":"https:\/\/schema.org","@graph":[{"@type":["WebPage","ItemPage"],"@id":"https:\/\/ecosupplements.be\/fr\/produit\/now-foods-beef-gelatin-550-mg-200-caps\/","url":"https:\/\/ecosupplements.be\/fr\/produit\/now-foods-beef-gelatin-550-mg-200-caps\/","name":"G\u00e9latine de b\u0153uf NOW FOODS 550 mg (200 g\u00e9lules) - ECO Supplements","isPartOf":{"@id":"https:\/\/ecosupplements.be\/fr\/#website"},"primaryImageOfPage":{"@id":"https:\/\/ecosupplements.be\/fr\/produit\/now-foods-beef-gelatin-550-mg-200-caps\/#primaryimage"},"image":{"@id":"https:\/\/ecosupplements.be\/fr\/produit\/now-foods-beef-gelatin-550-mg-200-caps\/#primaryimage"},"thumbnailUrl":"https:\/\/ecosupplements.be\/wp-content\/uploads\/2025\/08\/NOW-FOODS-Beef-Gelatin-550-mg-200-caps.jpg","datePublished":"2025-07-26T02:00:27+00:00","dateModified":"2025-08-28T02:28:42+00:00","description":"Wij hebben een ruime keuze aan producten van G\u00e9latine de b\u0153uf NOW FOODS 550 mg (200 g\u00e9lules) . Winkel bij Eco Supplements altijd gratis verzending boven 100\u20ac","breadcrumb":{"@id":"https:\/\/ecosupplements.be\/fr\/produit\/now-foods-beef-gelatin-550-mg-200-caps\/#breadcrumb"},"inLanguage":"fr-FR","potentialAction":[{"@type":"ReadAction","target":["https:\/\/ecosupplements.be\/fr\/produit\/now-foods-beef-gelatin-550-mg-200-caps\/"]}]},{"@type":"ImageObject","inLanguage":"fr-FR","@id":"https:\/\/ecosupplements.be\/fr\/produit\/now-foods-beef-gelatin-550-mg-200-caps\/#primaryimage","url":"https:\/\/ecosupplements.be\/wp-content\/uploads\/2025\/08\/NOW-FOODS-Beef-Gelatin-550-mg-200-caps.jpg","contentUrl":"https:\/\/ecosupplements.be\/wp-content\/uploads\/2025\/08\/NOW-FOODS-Beef-Gelatin-550-mg-200-caps.jpg","width":495,"height":880},{"@type":"BreadcrumbList","@id":"https:\/\/ecosupplements.be\/fr\/produit\/now-foods-beef-gelatin-550-mg-200-caps\/#breadcrumb","itemListElement":[{"@type":"ListItem","position":1,"name":"Home","item":"https:\/\/ecosupplements.be\/fr\/"},{"@type":"ListItem","position":2,"name":"Boutique","item":"https:\/\/ecosupplements.be\/fr\/boutique\/"},{"@type":"ListItem","position":3,"name":"G\u00e9latine de b\u0153uf NOW FOODS 550 mg (200 g\u00e9lules)"}]},{"@type":"WebSite","@id":"https:\/\/ecosupplements.be\/fr\/#website","url":"https:\/\/ecosupplements.be\/fr\/","name":"ECO Supplements","description":"Eco Supplements - Gezonde supplementen","publisher":{"@id":"https:\/\/ecosupplements.be\/fr\/#organization"},"potentialAction":[{"@type":"SearchAction","target":{"@type":"EntryPoint","urlTemplate":"https:\/\/ecosupplements.be\/fr\/?s={search_term_string}"},"query-input":{"@type":"PropertyValueSpecification","valueRequired":true,"valueName":"search_term_string"}}],"inLanguage":"fr-FR"},{"@type":"Organization","@id":"https:\/\/ecosupplements.be\/fr\/#organization","name":"Eco Supplements","url":"https:\/\/ecosupplements.be\/fr\/","logo":{"@type":"ImageObject","inLanguage":"fr-FR","@id":"https:\/\/ecosupplements.be\/fr\/#\/schema\/logo\/image\/","url":"https:\/\/ecosupplements.be\/wp-content\/uploads\/2022\/06\/ecosupplement-family.png","contentUrl":"https:\/\/ecosupplements.be\/wp-content\/uploads\/2022\/06\/ecosupplement-family.png","width":593,"height":374,"caption":"Eco Supplements"},"image":{"@id":"https:\/\/ecosupplements.be\/fr\/#\/schema\/logo\/image\/"}}]},"product_brand":"NOW Foods","product_price_amount":"17.57","product_price_currency":"EUR","og_availability":"instock","product_availability":"instock","product_retailer_item_id":"733739065056","product_condition":"new"},"_links":{"self":[{"href":"https:\/\/ecosupplements.be\/fr\/wp-json\/wp\/v2\/product\/301956","targetHints":{"allow":["GET"]}}],"collection":[{"href":"https:\/\/ecosupplements.be\/fr\/wp-json\/wp\/v2\/product"}],"about":[{"href":"https:\/\/ecosupplements.be\/fr\/wp-json\/wp\/v2\/types\/product"}],"replies":[{"embeddable":true,"href":"https:\/\/ecosupplements.be\/fr\/wp-json\/wp\/v2\/comments?post=301956"}],"wp:featuredmedia":[{"embeddable":true,"href":"https:\/\/ecosupplements.be\/fr\/wp-json\/wp\/v2\/media\/276096"}],"wp:attachment":[{"href":"https:\/\/ecosupplements.be\/fr\/wp-json\/wp\/v2\/media?parent=301956"}],"wp:term":[{"taxonomy":"product_brand","embeddable":true,"href":"https:\/\/ecosupplements.be\/fr\/wp-json\/wp\/v2\/product_brand?post=301956"},{"taxonomy":"product_cat","embeddable":true,"href":"https:\/\/ecosupplements.be\/fr\/wp-json\/wp\/v2\/product_cat?post=301956"},{"taxonomy":"product_tag","embeddable":true,"href":"https:\/\/ecosupplements.be\/fr\/wp-json\/wp\/v2\/product_tag?post=301956"}],"curies":[{"name":"wp","href":"https:\/\/api.w.org\/{rel}","templated":true}]}}