{"id":301965,"date":"2025-07-26T03:15:12","date_gmt":"2025-07-26T02:15:12","guid":{"rendered":"https:\/\/ecosupplements.be\/product\/now-foods-cinnamon-bark-600-mg-240-caps\/"},"modified":"2025-08-28T03:28:52","modified_gmt":"2025-08-28T02:28:52","slug":"now-foods-cinnamon-bark-600-mg-240-caps","status":"publish","type":"product","link":"https:\/\/ecosupplements.be\/fr\/produit\/now-foods-cinnamon-bark-600-mg-240-caps\/","title":{"rendered":"NOW FOODS \u00c9corce de Cannelle 600 mg (240 g\u00e9lules)"},"content":{"rendered":"<h2>Description du Produit<\/h2>\n<p><strong>nom du produit :<\/strong> NOW FOODS Cinnamon Bark 600 mg (240 caps.)<\/p>\n<h3>Ingr\u00e9dients principaux<\/h3>\n<p>Ce produit contient de la poudre de l&#8217;\u00e9corce de plusieurs types de cannelle : Cinnamomum verum, Cinnamomum aromaticum\/cassia et Cinnamomum burmannii. Les capsules sont fabriqu\u00e9es \u00e0 partir d&#8217;hydroxypropylm\u00e9thylcellulose, avec des agents anti-agglom\u00e9rants naturels comme les acides gras v\u00e9g\u00e9taux et le dioxyde de silicium.<\/p>\n<h3>Contenu et emballage<\/h3>\n<p>Ce flacon contient 240 capsules, chacune dos\u00e9e \u00e0 600 mg d&#8217;\u00e9corce de cannelle en poudre.<\/p>\n<h3>Utilisation recommand\u00e9e<\/h3>\n<p>Prendre deux capsules par jour avec un grand verre d&#8217;eau lors des repas. Il est conseill\u00e9 de ne pas d\u00e9passer la dose journali\u00e8re recommand\u00e9e.<\/p>\n<h4>Caract\u00e9ristiques pratiques<\/h4>\n<p>Ces capsules sont faciles \u00e0 utiliser au quotidien gr\u00e2ce \u00e0 leur format pratique qui permet une int\u00e9gration simple dans votre routine quotidienne.<\/p>\n<h5>Mise en valeur du produit<\/h5>\n<p>NOW FOODS Cinnamon Bark est un choix parfait pour ceux qui appr\u00e9cient les ingr\u00e9dients naturels dans un mode de vie actif. Ce produit utilise des \u00e9corces de cannelle soigneusement s\u00e9lectionn\u00e9es pour leur qualit\u00e9 sup\u00e9rieure, offrant ainsi une exp\u00e9rience authentique et pure.<\/p>\n<hr \/>\n<p><b>Note :<\/b> Conserver dans un endroit frais et sec, hors de port\u00e9e des enfants. Ce compl\u00e9ment alimentaire n&#8217;est pas destin\u00e9 aux enfants ni aux femmes enceintes ou allaitantes. En cas d&#8217;allergie \u00e0 l&#8217;un des composants, \u00e9vitez l&#8217;utilisation. Consultez toujours votre m\u00e9decin avant d&#8217;introduire un nouveau compl\u00e9ment alimentaire dans votre r\u00e9gime.<\/p>\n","protected":false},"excerpt":{"rendered":"<p>Description du Produit nom du produit : NOW FOODS Cinnamon Bark 600 mg (240 caps.) Ingr\u00e9dients principaux Ce produit contient de la poudre de l&#8217;\u00e9corce de plusieurs types de cannelle : Cinnamomum verum, Cinnamomum aromaticum\/cassia et Cinnamomum burmannii. Les capsules sont fabriqu\u00e9es \u00e0 partir d&#8217;hydroxypropylm\u00e9thylcellulose, avec des agents anti-agglom\u00e9rants naturels comme les acides gras v\u00e9g\u00e9taux [&#8230;]\n","protected":false},"featured_media":276105,"comment_status":"closed","ping_status":"open","template":"","meta":[],"product_brand":[4733],"product_cat":[5052,5094,5053],"product_tag":[],"class_list":{"0":"post-301965","1":"product","2":"type-product","3":"status-publish","4":"has-post-thumbnail","6":"product_brand-now-foods-2","7":"product_cat-sante-et-bien-etre","8":"product_cat-supplements-a-base-de-plantes","9":"product_cat-vitamines-et-mineraux","11":"first","12":"instock","13":"taxable","14":"shipping-taxable","15":"purchasable","16":"product-type-simple"},"yoast_head":"<!-- This site is optimized with the Yoast SEO Premium plugin v27.5 (Yoast SEO v27.5) - https:\/\/yoast.com\/product\/yoast-seo-premium-wordpress\/ -->\n<title>NOW FOODS \u00c9corce de Cannelle 600 mg (240 g\u00e9lules) - ECO Supplements<\/title>\n<meta name=\"description\" content=\"Wij hebben een ruime keuze aan producten van NOW FOODS \u00c9corce de Cannelle 600 mg (240 g\u00e9lules) . Winkel bij Eco Supplements altijd gratis verzending boven 100\u20ac\" \/>\n<meta name=\"robots\" content=\"index, follow, max-snippet:-1, max-image-preview:large, max-video-preview:-1\" \/>\n<link rel=\"canonical\" href=\"https:\/\/ecosupplements.be\/fr\/produit\/now-foods-cinnamon-bark-600-mg-240-caps\/\" \/>\n<meta property=\"og:locale\" content=\"fr_FR\" \/>\n<meta property=\"og:type\" content=\"article\" \/>\n<meta property=\"og:title\" content=\"NOW FOODS \u00c9corce de Cannelle 600 mg (240 g\u00e9lules)\" \/>\n<meta property=\"og:description\" content=\"Wij hebben een ruime keuze aan producten van NOW FOODS \u00c9corce de Cannelle 600 mg (240 g\u00e9lules) . Winkel bij Eco Supplements altijd gratis verzending boven 100\u20ac\" \/>\n<meta property=\"og:url\" content=\"https:\/\/ecosupplements.be\/fr\/produit\/now-foods-cinnamon-bark-600-mg-240-caps\/\" \/>\n<meta property=\"og:site_name\" content=\"ECO Supplements\" \/>\n<meta property=\"article:modified_time\" content=\"2025-08-28T02:28:52+00:00\" \/>\n<meta property=\"og:image\" content=\"https:\/\/ecosupplements.be\/wp-content\/uploads\/2025\/08\/NOW-Foods-NOW-FOODS-Cinnamon-Bark-600-mg-240-caps.jpg\" \/>\n\t<meta property=\"og:image:width\" content=\"495\" \/>\n\t<meta property=\"og:image:height\" content=\"880\" \/>\n\t<meta property=\"og:image:type\" content=\"image\/jpeg\" \/>\n<meta name=\"twitter:card\" content=\"summary_large_image\" \/>\n<meta name=\"twitter:label1\" content=\"Prix\" \/>\n\t<meta name=\"twitter:data1\" content=\"23.71&nbsp;&euro;\" \/>\n\t<meta name=\"twitter:label2\" content=\"Disponibilit\u00e9\" \/>\n\t<meta name=\"twitter:data2\" content=\"En stock\" \/>\n<script type=\"application\/ld+json\" class=\"yoast-schema-graph\">{\"@context\":\"https:\\\/\\\/schema.org\",\"@graph\":[{\"@type\":[\"WebPage\",\"ItemPage\"],\"@id\":\"https:\\\/\\\/ecosupplements.be\\\/fr\\\/produit\\\/now-foods-cinnamon-bark-600-mg-240-caps\\\/\",\"url\":\"https:\\\/\\\/ecosupplements.be\\\/fr\\\/produit\\\/now-foods-cinnamon-bark-600-mg-240-caps\\\/\",\"name\":\"NOW FOODS \u00c9corce de Cannelle 600 mg (240 g\u00e9lules) - ECO Supplements\",\"isPartOf\":{\"@id\":\"https:\\\/\\\/ecosupplements.be\\\/fr\\\/#website\"},\"primaryImageOfPage\":{\"@id\":\"https:\\\/\\\/ecosupplements.be\\\/fr\\\/produit\\\/now-foods-cinnamon-bark-600-mg-240-caps\\\/#primaryimage\"},\"image\":{\"@id\":\"https:\\\/\\\/ecosupplements.be\\\/fr\\\/produit\\\/now-foods-cinnamon-bark-600-mg-240-caps\\\/#primaryimage\"},\"thumbnailUrl\":\"https:\\\/\\\/ecosupplements.be\\\/wp-content\\\/uploads\\\/2025\\\/08\\\/NOW-FOODS-Cinnamon-Bark-600-mg-240-caps.jpg\",\"datePublished\":\"2025-07-26T02:15:12+00:00\",\"dateModified\":\"2025-08-28T02:28:52+00:00\",\"description\":\"Wij hebben een ruime keuze aan producten van NOW FOODS \u00c9corce de Cannelle 600 mg (240 g\u00e9lules) . Winkel bij Eco Supplements altijd gratis verzending boven 100\u20ac\",\"breadcrumb\":{\"@id\":\"https:\\\/\\\/ecosupplements.be\\\/fr\\\/produit\\\/now-foods-cinnamon-bark-600-mg-240-caps\\\/#breadcrumb\"},\"inLanguage\":\"fr-FR\",\"potentialAction\":[{\"@type\":\"ReadAction\",\"target\":[\"https:\\\/\\\/ecosupplements.be\\\/fr\\\/produit\\\/now-foods-cinnamon-bark-600-mg-240-caps\\\/\"]}]},{\"@type\":\"ImageObject\",\"inLanguage\":\"fr-FR\",\"@id\":\"https:\\\/\\\/ecosupplements.be\\\/fr\\\/produit\\\/now-foods-cinnamon-bark-600-mg-240-caps\\\/#primaryimage\",\"url\":\"https:\\\/\\\/ecosupplements.be\\\/wp-content\\\/uploads\\\/2025\\\/08\\\/NOW-FOODS-Cinnamon-Bark-600-mg-240-caps.jpg\",\"contentUrl\":\"https:\\\/\\\/ecosupplements.be\\\/wp-content\\\/uploads\\\/2025\\\/08\\\/NOW-FOODS-Cinnamon-Bark-600-mg-240-caps.jpg\",\"width\":495,\"height\":880},{\"@type\":\"BreadcrumbList\",\"@id\":\"https:\\\/\\\/ecosupplements.be\\\/fr\\\/produit\\\/now-foods-cinnamon-bark-600-mg-240-caps\\\/#breadcrumb\",\"itemListElement\":[{\"@type\":\"ListItem\",\"position\":1,\"name\":\"Home\",\"item\":\"https:\\\/\\\/ecosupplements.be\\\/fr\\\/\"},{\"@type\":\"ListItem\",\"position\":2,\"name\":\"Boutique\",\"item\":\"https:\\\/\\\/ecosupplements.be\\\/fr\\\/boutique\\\/\"},{\"@type\":\"ListItem\",\"position\":3,\"name\":\"NOW FOODS \u00c9corce de Cannelle 600 mg (240 g\u00e9lules)\"}]},{\"@type\":\"WebSite\",\"@id\":\"https:\\\/\\\/ecosupplements.be\\\/fr\\\/#website\",\"url\":\"https:\\\/\\\/ecosupplements.be\\\/fr\\\/\",\"name\":\"ECO Supplements\",\"description\":\"Eco Supplements - Gezonde supplementen\",\"publisher\":{\"@id\":\"https:\\\/\\\/ecosupplements.be\\\/fr\\\/#organization\"},\"potentialAction\":[{\"@type\":\"SearchAction\",\"target\":{\"@type\":\"EntryPoint\",\"urlTemplate\":\"https:\\\/\\\/ecosupplements.be\\\/fr\\\/?s={search_term_string}\"},\"query-input\":{\"@type\":\"PropertyValueSpecification\",\"valueRequired\":true,\"valueName\":\"search_term_string\"}}],\"inLanguage\":\"fr-FR\"},{\"@type\":\"Organization\",\"@id\":\"https:\\\/\\\/ecosupplements.be\\\/fr\\\/#organization\",\"name\":\"Eco Supplements\",\"url\":\"https:\\\/\\\/ecosupplements.be\\\/fr\\\/\",\"logo\":{\"@type\":\"ImageObject\",\"inLanguage\":\"fr-FR\",\"@id\":\"https:\\\/\\\/ecosupplements.be\\\/fr\\\/#\\\/schema\\\/logo\\\/image\\\/\",\"url\":\"https:\\\/\\\/ecosupplements.be\\\/wp-content\\\/uploads\\\/2022\\\/06\\\/ecosupplement-family.png\",\"contentUrl\":\"https:\\\/\\\/ecosupplements.be\\\/wp-content\\\/uploads\\\/2022\\\/06\\\/ecosupplement-family.png\",\"width\":593,\"height\":374,\"caption\":\"Eco Supplements\"},\"image\":{\"@id\":\"https:\\\/\\\/ecosupplements.be\\\/fr\\\/#\\\/schema\\\/logo\\\/image\\\/\"}}]}<\/script>\n<meta property=\"product:brand\" content=\"NOW Foods\" \/>\n<meta property=\"product:price:amount\" content=\"23.71\" \/>\n<meta property=\"product:price:currency\" content=\"EUR\" \/>\n<meta property=\"og:availability\" content=\"instock\" \/>\n<meta property=\"product:availability\" content=\"instock\" \/>\n<meta property=\"product:retailer_item_id\" content=\"733739046376\" \/>\n<meta property=\"product:condition\" content=\"new\" \/>\n<!-- \/ Yoast SEO Premium plugin. -->","yoast_head_json":{"title":"NOW FOODS \u00c9corce de Cannelle 600 mg (240 g\u00e9lules) - ECO Supplements","description":"Wij hebben een ruime keuze aan producten van NOW FOODS \u00c9corce de Cannelle 600 mg (240 g\u00e9lules) . Winkel bij Eco Supplements altijd gratis verzending boven 100\u20ac","robots":{"index":"index","follow":"follow","max-snippet":"max-snippet:-1","max-image-preview":"max-image-preview:large","max-video-preview":"max-video-preview:-1"},"canonical":"https:\/\/ecosupplements.be\/fr\/produit\/now-foods-cinnamon-bark-600-mg-240-caps\/","og_locale":"fr_FR","og_type":"article","og_title":"NOW FOODS \u00c9corce de Cannelle 600 mg (240 g\u00e9lules)","og_description":"Wij hebben een ruime keuze aan producten van NOW FOODS \u00c9corce de Cannelle 600 mg (240 g\u00e9lules) . Winkel bij Eco Supplements altijd gratis verzending boven 100\u20ac","og_url":"https:\/\/ecosupplements.be\/fr\/produit\/now-foods-cinnamon-bark-600-mg-240-caps\/","og_site_name":"ECO Supplements","article_modified_time":"2025-08-28T02:28:52+00:00","og_image":[{"width":495,"height":880,"url":"https:\/\/ecosupplements.be\/wp-content\/uploads\/2025\/08\/NOW-Foods-NOW-FOODS-Cinnamon-Bark-600-mg-240-caps.jpg","type":"image\/jpeg"}],"twitter_card":"summary_large_image","twitter_misc":{"Prix":"23.71&nbsp;&euro;","Disponibilit\u00e9":"En stock"},"schema":{"@context":"https:\/\/schema.org","@graph":[{"@type":["WebPage","ItemPage"],"@id":"https:\/\/ecosupplements.be\/fr\/produit\/now-foods-cinnamon-bark-600-mg-240-caps\/","url":"https:\/\/ecosupplements.be\/fr\/produit\/now-foods-cinnamon-bark-600-mg-240-caps\/","name":"NOW FOODS \u00c9corce de Cannelle 600 mg (240 g\u00e9lules) - ECO Supplements","isPartOf":{"@id":"https:\/\/ecosupplements.be\/fr\/#website"},"primaryImageOfPage":{"@id":"https:\/\/ecosupplements.be\/fr\/produit\/now-foods-cinnamon-bark-600-mg-240-caps\/#primaryimage"},"image":{"@id":"https:\/\/ecosupplements.be\/fr\/produit\/now-foods-cinnamon-bark-600-mg-240-caps\/#primaryimage"},"thumbnailUrl":"https:\/\/ecosupplements.be\/wp-content\/uploads\/2025\/08\/NOW-FOODS-Cinnamon-Bark-600-mg-240-caps.jpg","datePublished":"2025-07-26T02:15:12+00:00","dateModified":"2025-08-28T02:28:52+00:00","description":"Wij hebben een ruime keuze aan producten van NOW FOODS \u00c9corce de Cannelle 600 mg (240 g\u00e9lules) . Winkel bij Eco Supplements altijd gratis verzending boven 100\u20ac","breadcrumb":{"@id":"https:\/\/ecosupplements.be\/fr\/produit\/now-foods-cinnamon-bark-600-mg-240-caps\/#breadcrumb"},"inLanguage":"fr-FR","potentialAction":[{"@type":"ReadAction","target":["https:\/\/ecosupplements.be\/fr\/produit\/now-foods-cinnamon-bark-600-mg-240-caps\/"]}]},{"@type":"ImageObject","inLanguage":"fr-FR","@id":"https:\/\/ecosupplements.be\/fr\/produit\/now-foods-cinnamon-bark-600-mg-240-caps\/#primaryimage","url":"https:\/\/ecosupplements.be\/wp-content\/uploads\/2025\/08\/NOW-FOODS-Cinnamon-Bark-600-mg-240-caps.jpg","contentUrl":"https:\/\/ecosupplements.be\/wp-content\/uploads\/2025\/08\/NOW-FOODS-Cinnamon-Bark-600-mg-240-caps.jpg","width":495,"height":880},{"@type":"BreadcrumbList","@id":"https:\/\/ecosupplements.be\/fr\/produit\/now-foods-cinnamon-bark-600-mg-240-caps\/#breadcrumb","itemListElement":[{"@type":"ListItem","position":1,"name":"Home","item":"https:\/\/ecosupplements.be\/fr\/"},{"@type":"ListItem","position":2,"name":"Boutique","item":"https:\/\/ecosupplements.be\/fr\/boutique\/"},{"@type":"ListItem","position":3,"name":"NOW FOODS \u00c9corce de Cannelle 600 mg (240 g\u00e9lules)"}]},{"@type":"WebSite","@id":"https:\/\/ecosupplements.be\/fr\/#website","url":"https:\/\/ecosupplements.be\/fr\/","name":"ECO Supplements","description":"Eco Supplements - Gezonde supplementen","publisher":{"@id":"https:\/\/ecosupplements.be\/fr\/#organization"},"potentialAction":[{"@type":"SearchAction","target":{"@type":"EntryPoint","urlTemplate":"https:\/\/ecosupplements.be\/fr\/?s={search_term_string}"},"query-input":{"@type":"PropertyValueSpecification","valueRequired":true,"valueName":"search_term_string"}}],"inLanguage":"fr-FR"},{"@type":"Organization","@id":"https:\/\/ecosupplements.be\/fr\/#organization","name":"Eco Supplements","url":"https:\/\/ecosupplements.be\/fr\/","logo":{"@type":"ImageObject","inLanguage":"fr-FR","@id":"https:\/\/ecosupplements.be\/fr\/#\/schema\/logo\/image\/","url":"https:\/\/ecosupplements.be\/wp-content\/uploads\/2022\/06\/ecosupplement-family.png","contentUrl":"https:\/\/ecosupplements.be\/wp-content\/uploads\/2022\/06\/ecosupplement-family.png","width":593,"height":374,"caption":"Eco Supplements"},"image":{"@id":"https:\/\/ecosupplements.be\/fr\/#\/schema\/logo\/image\/"}}]},"product_brand":"NOW Foods","product_price_amount":"23.71","product_price_currency":"EUR","og_availability":"instock","product_availability":"instock","product_retailer_item_id":"733739046376","product_condition":"new"},"_links":{"self":[{"href":"https:\/\/ecosupplements.be\/fr\/wp-json\/wp\/v2\/product\/301965","targetHints":{"allow":["GET"]}}],"collection":[{"href":"https:\/\/ecosupplements.be\/fr\/wp-json\/wp\/v2\/product"}],"about":[{"href":"https:\/\/ecosupplements.be\/fr\/wp-json\/wp\/v2\/types\/product"}],"replies":[{"embeddable":true,"href":"https:\/\/ecosupplements.be\/fr\/wp-json\/wp\/v2\/comments?post=301965"}],"wp:featuredmedia":[{"embeddable":true,"href":"https:\/\/ecosupplements.be\/fr\/wp-json\/wp\/v2\/media\/276105"}],"wp:attachment":[{"href":"https:\/\/ecosupplements.be\/fr\/wp-json\/wp\/v2\/media?parent=301965"}],"wp:term":[{"taxonomy":"product_brand","embeddable":true,"href":"https:\/\/ecosupplements.be\/fr\/wp-json\/wp\/v2\/product_brand?post=301965"},{"taxonomy":"product_cat","embeddable":true,"href":"https:\/\/ecosupplements.be\/fr\/wp-json\/wp\/v2\/product_cat?post=301965"},{"taxonomy":"product_tag","embeddable":true,"href":"https:\/\/ecosupplements.be\/fr\/wp-json\/wp\/v2\/product_tag?post=301965"}],"curies":[{"name":"wp","href":"https:\/\/api.w.org\/{rel}","templated":true}]}}