{"id":301989,"date":"2025-07-26T03:31:15","date_gmt":"2025-07-26T02:31:15","guid":{"rendered":"https:\/\/ecosupplements.be\/product\/now-foods-l-arginine-1000-g-2-2-lbs\/"},"modified":"2025-08-28T03:29:17","modified_gmt":"2025-08-28T02:29:17","slug":"now-foods-l-arginine-1000-g-2-2-lbs","status":"publish","type":"product","link":"https:\/\/ecosupplements.be\/fr\/produit\/now-foods-l-arginine-1000-g-2-2-lbs\/","title":{"rendered":"NOW FOODS L-Arginine (1000 mg \/ 2.2 lbs.)"},"content":{"rendered":"<p><strong>Nom du produit :<\/strong> NOW FOODS L-Arginine (1000 g \/ 2.2 lbs.)<\/p>\n<p><strong>Description :<\/strong> D\u00e9couvrez la L-arginine de NOW Foods, un choix naturel pour ceux qui appr\u00e9cient les ingr\u00e9dients purs dans leur quotidien. Ce produit est formul\u00e9 \u00e0 partir de L-arginine en poudre, sans additifs artificiels, garantissant une grande puret\u00e9 et une origine naturelle.<\/p>\n<p><strong>Ingr\u00e9dients principaux :<\/strong> L-arginine en poudre.<\/p>\n<table border=\"1\" width=\"263\" style=\"height:66px\">\n<tbody>\n<tr>\n<td><strong>Contenu par dose :<\/strong><\/td>\n<td>3000 mg de L-arginine<\/td>\n<\/tr>\n<\/tbody>\n<\/table>\n<p><strong>Utilisation recommand\u00e9e :<\/strong> Ajouter 1\/2 cuill\u00e8re \u00e0 caf\u00e9 plate (3 g) \u00e0 une boisson de votre choix entre les repas.Ne pas d\u00e9passer la dose journali\u00e8re recommand\u00e9e.<\/p>\n<p><strong>Packaging et contenu :<\/strong> Le produit est conditionn\u00e9 dans un emballage pratique de 1000 g (2.2 lbs), facile \u00e0 utiliser au quotidien.<\/p>\n<p><em>Note : Ce compl\u00e9ment alimentaire doit \u00eatre utilis\u00e9 dans le cadre d&#8217;un mode de vie \u00e9quilibr\u00e9 et ne remplace pas une alimentation vari\u00e9e.<\/em><\/p>\n<p><em>Ce produit n&#8217;est pas destin\u00e9 aux enfants, aux femmes enceintes ou allaitantes. conserver dans un endroit frais et sec,hors de port\u00e9e des enfants.<\/em><\/p>\n","protected":false},"excerpt":{"rendered":"<p>Nom du produit : NOW FOODS L-Arginine (1000 g \/ 2.2 lbs.) Description : D\u00e9couvrez la L-arginine de NOW Foods, un choix naturel pour ceux qui appr\u00e9cient les ingr\u00e9dients purs dans leur quotidien. Ce produit est formul\u00e9 \u00e0 partir de L-arginine en poudre, sans additifs artificiels, garantissant une grande puret\u00e9 et une origine naturelle. Ingr\u00e9dients [&#8230;]\n","protected":false},"featured_media":276129,"comment_status":"closed","ping_status":"open","template":"","meta":[],"product_brand":[4733],"product_cat":[5067,5053],"product_tag":[],"class_list":{"0":"post-301989","1":"product","2":"type-product","3":"status-publish","4":"has-post-thumbnail","6":"product_brand-now-foods-2","7":"product_cat-acides-amines-et-bcaa","8":"product_cat-vitamines-et-mineraux","10":"first","11":"instock","12":"taxable","13":"shipping-taxable","14":"purchasable","15":"product-type-simple"},"yoast_head":"<!-- This site is optimized with the Yoast SEO Premium plugin v27.3 (Yoast SEO v27.3) - https:\/\/yoast.com\/product\/yoast-seo-premium-wordpress\/ -->\n<title>NOW FOODS L-Arginine (1000 mg \/ 2.2 lbs.) - ECO Supplements<\/title>\n<meta name=\"description\" content=\"Wij hebben een ruime keuze aan producten van NOW FOODS L-Arginine (1000 mg \/ 2.2 lbs.) . Winkel bij Eco Supplements altijd gratis verzending boven 100\u20ac\" \/>\n<meta name=\"robots\" content=\"index, follow, max-snippet:-1, max-image-preview:large, max-video-preview:-1\" \/>\n<link rel=\"canonical\" href=\"https:\/\/ecosupplements.be\/fr\/produit\/now-foods-l-arginine-1000-g-2-2-lbs\/\" \/>\n<meta property=\"og:locale\" content=\"fr_FR\" \/>\n<meta property=\"og:type\" content=\"article\" \/>\n<meta property=\"og:title\" content=\"NOW FOODS L-Arginine (1000 mg \/ 2.2 lbs.)\" \/>\n<meta property=\"og:description\" content=\"Wij hebben een ruime keuze aan producten van NOW FOODS L-Arginine (1000 mg \/ 2.2 lbs.) . Winkel bij Eco Supplements altijd gratis verzending boven 100\u20ac\" \/>\n<meta property=\"og:url\" content=\"https:\/\/ecosupplements.be\/fr\/produit\/now-foods-l-arginine-1000-g-2-2-lbs\/\" \/>\n<meta property=\"og:site_name\" content=\"ECO Supplements\" \/>\n<meta property=\"article:modified_time\" content=\"2025-08-28T02:29:17+00:00\" \/>\n<meta property=\"og:image\" content=\"https:\/\/ecosupplements.be\/wp-content\/uploads\/2025\/08\/NOW-Foods-NOW-FOODS-L-Arginine-1000-g-2.2-lbs.jpg\" \/>\n\t<meta property=\"og:image:width\" content=\"605\" \/>\n\t<meta property=\"og:image:height\" content=\"880\" \/>\n\t<meta property=\"og:image:type\" content=\"image\/jpeg\" \/>\n<meta name=\"twitter:card\" content=\"summary_large_image\" \/>\n<meta name=\"twitter:label1\" content=\"Prix\" \/>\n\t<meta name=\"twitter:data1\" content=\"63.60&nbsp;&euro;\" \/>\n\t<meta name=\"twitter:label2\" content=\"Disponibilit\u00e9\" \/>\n\t<meta name=\"twitter:data2\" content=\"En stock\" \/>\n<script type=\"application\/ld+json\" class=\"yoast-schema-graph\">{\"@context\":\"https:\\\/\\\/schema.org\",\"@graph\":[{\"@type\":[\"WebPage\",\"ItemPage\"],\"@id\":\"https:\\\/\\\/ecosupplements.be\\\/fr\\\/produit\\\/now-foods-l-arginine-1000-g-2-2-lbs\\\/\",\"url\":\"https:\\\/\\\/ecosupplements.be\\\/fr\\\/produit\\\/now-foods-l-arginine-1000-g-2-2-lbs\\\/\",\"name\":\"NOW FOODS L-Arginine (1000 mg \\\/ 2.2 lbs.) - ECO Supplements\",\"isPartOf\":{\"@id\":\"https:\\\/\\\/ecosupplements.be\\\/fr\\\/#website\"},\"primaryImageOfPage\":{\"@id\":\"https:\\\/\\\/ecosupplements.be\\\/fr\\\/produit\\\/now-foods-l-arginine-1000-g-2-2-lbs\\\/#primaryimage\"},\"image\":{\"@id\":\"https:\\\/\\\/ecosupplements.be\\\/fr\\\/produit\\\/now-foods-l-arginine-1000-g-2-2-lbs\\\/#primaryimage\"},\"thumbnailUrl\":\"https:\\\/\\\/ecosupplements.be\\\/wp-content\\\/uploads\\\/2025\\\/08\\\/NOW-FOODS-L-Arginine-1000-g-2.2-lbs.jpg\",\"datePublished\":\"2025-07-26T02:31:15+00:00\",\"dateModified\":\"2025-08-28T02:29:17+00:00\",\"description\":\"Wij hebben een ruime keuze aan producten van NOW FOODS L-Arginine (1000 mg \\\/ 2.2 lbs.) . Winkel bij Eco Supplements altijd gratis verzending boven 100\u20ac\",\"breadcrumb\":{\"@id\":\"https:\\\/\\\/ecosupplements.be\\\/fr\\\/produit\\\/now-foods-l-arginine-1000-g-2-2-lbs\\\/#breadcrumb\"},\"inLanguage\":\"fr-FR\",\"potentialAction\":[{\"@type\":\"ReadAction\",\"target\":[\"https:\\\/\\\/ecosupplements.be\\\/fr\\\/produit\\\/now-foods-l-arginine-1000-g-2-2-lbs\\\/\"]}]},{\"@type\":\"ImageObject\",\"inLanguage\":\"fr-FR\",\"@id\":\"https:\\\/\\\/ecosupplements.be\\\/fr\\\/produit\\\/now-foods-l-arginine-1000-g-2-2-lbs\\\/#primaryimage\",\"url\":\"https:\\\/\\\/ecosupplements.be\\\/wp-content\\\/uploads\\\/2025\\\/08\\\/NOW-FOODS-L-Arginine-1000-g-2.2-lbs.jpg\",\"contentUrl\":\"https:\\\/\\\/ecosupplements.be\\\/wp-content\\\/uploads\\\/2025\\\/08\\\/NOW-FOODS-L-Arginine-1000-g-2.2-lbs.jpg\",\"width\":605,\"height\":880},{\"@type\":\"BreadcrumbList\",\"@id\":\"https:\\\/\\\/ecosupplements.be\\\/fr\\\/produit\\\/now-foods-l-arginine-1000-g-2-2-lbs\\\/#breadcrumb\",\"itemListElement\":[{\"@type\":\"ListItem\",\"position\":1,\"name\":\"Home\",\"item\":\"https:\\\/\\\/ecosupplements.be\\\/fr\\\/\"},{\"@type\":\"ListItem\",\"position\":2,\"name\":\"Boutique\",\"item\":\"https:\\\/\\\/ecosupplements.be\\\/fr\\\/boutique\\\/\"},{\"@type\":\"ListItem\",\"position\":3,\"name\":\"NOW FOODS L-Arginine (1000 mg \\\/ 2.2 lbs.)\"}]},{\"@type\":\"WebSite\",\"@id\":\"https:\\\/\\\/ecosupplements.be\\\/fr\\\/#website\",\"url\":\"https:\\\/\\\/ecosupplements.be\\\/fr\\\/\",\"name\":\"ECO Supplements\",\"description\":\"Eco Supplements - Gezonde supplementen\",\"publisher\":{\"@id\":\"https:\\\/\\\/ecosupplements.be\\\/fr\\\/#organization\"},\"potentialAction\":[{\"@type\":\"SearchAction\",\"target\":{\"@type\":\"EntryPoint\",\"urlTemplate\":\"https:\\\/\\\/ecosupplements.be\\\/fr\\\/?s={search_term_string}\"},\"query-input\":{\"@type\":\"PropertyValueSpecification\",\"valueRequired\":true,\"valueName\":\"search_term_string\"}}],\"inLanguage\":\"fr-FR\"},{\"@type\":\"Organization\",\"@id\":\"https:\\\/\\\/ecosupplements.be\\\/fr\\\/#organization\",\"name\":\"Eco Supplements\",\"url\":\"https:\\\/\\\/ecosupplements.be\\\/fr\\\/\",\"logo\":{\"@type\":\"ImageObject\",\"inLanguage\":\"fr-FR\",\"@id\":\"https:\\\/\\\/ecosupplements.be\\\/fr\\\/#\\\/schema\\\/logo\\\/image\\\/\",\"url\":\"https:\\\/\\\/ecosupplements.be\\\/wp-content\\\/uploads\\\/2022\\\/06\\\/ecosupplement-family.png\",\"contentUrl\":\"https:\\\/\\\/ecosupplements.be\\\/wp-content\\\/uploads\\\/2022\\\/06\\\/ecosupplement-family.png\",\"width\":593,\"height\":374,\"caption\":\"Eco Supplements\"},\"image\":{\"@id\":\"https:\\\/\\\/ecosupplements.be\\\/fr\\\/#\\\/schema\\\/logo\\\/image\\\/\"}}]}<\/script>\n<meta property=\"product:brand\" content=\"NOW Foods\" \/>\n<meta property=\"product:price:amount\" content=\"63.60\" \/>\n<meta property=\"product:price:currency\" content=\"EUR\" \/>\n<meta property=\"og:availability\" content=\"instock\" \/>\n<meta property=\"product:availability\" content=\"instock\" \/>\n<meta property=\"product:retailer_item_id\" content=\"733739002112\" \/>\n<meta property=\"product:condition\" content=\"new\" \/>\n<!-- \/ Yoast SEO Premium plugin. -->","yoast_head_json":{"title":"NOW FOODS L-Arginine (1000 mg \/ 2.2 lbs.) - ECO Supplements","description":"Wij hebben een ruime keuze aan producten van NOW FOODS L-Arginine (1000 mg \/ 2.2 lbs.) . Winkel bij Eco Supplements altijd gratis verzending boven 100\u20ac","robots":{"index":"index","follow":"follow","max-snippet":"max-snippet:-1","max-image-preview":"max-image-preview:large","max-video-preview":"max-video-preview:-1"},"canonical":"https:\/\/ecosupplements.be\/fr\/produit\/now-foods-l-arginine-1000-g-2-2-lbs\/","og_locale":"fr_FR","og_type":"article","og_title":"NOW FOODS L-Arginine (1000 mg \/ 2.2 lbs.)","og_description":"Wij hebben een ruime keuze aan producten van NOW FOODS L-Arginine (1000 mg \/ 2.2 lbs.) . Winkel bij Eco Supplements altijd gratis verzending boven 100\u20ac","og_url":"https:\/\/ecosupplements.be\/fr\/produit\/now-foods-l-arginine-1000-g-2-2-lbs\/","og_site_name":"ECO Supplements","article_modified_time":"2025-08-28T02:29:17+00:00","og_image":[{"width":605,"height":880,"url":"https:\/\/ecosupplements.be\/wp-content\/uploads\/2025\/08\/NOW-Foods-NOW-FOODS-L-Arginine-1000-g-2.2-lbs.jpg","type":"image\/jpeg"}],"twitter_card":"summary_large_image","twitter_misc":{"Prix":"63.60&nbsp;&euro;","Disponibilit\u00e9":"En stock"},"schema":{"@context":"https:\/\/schema.org","@graph":[{"@type":["WebPage","ItemPage"],"@id":"https:\/\/ecosupplements.be\/fr\/produit\/now-foods-l-arginine-1000-g-2-2-lbs\/","url":"https:\/\/ecosupplements.be\/fr\/produit\/now-foods-l-arginine-1000-g-2-2-lbs\/","name":"NOW FOODS L-Arginine (1000 mg \/ 2.2 lbs.) - ECO Supplements","isPartOf":{"@id":"https:\/\/ecosupplements.be\/fr\/#website"},"primaryImageOfPage":{"@id":"https:\/\/ecosupplements.be\/fr\/produit\/now-foods-l-arginine-1000-g-2-2-lbs\/#primaryimage"},"image":{"@id":"https:\/\/ecosupplements.be\/fr\/produit\/now-foods-l-arginine-1000-g-2-2-lbs\/#primaryimage"},"thumbnailUrl":"https:\/\/ecosupplements.be\/wp-content\/uploads\/2025\/08\/NOW-FOODS-L-Arginine-1000-g-2.2-lbs.jpg","datePublished":"2025-07-26T02:31:15+00:00","dateModified":"2025-08-28T02:29:17+00:00","description":"Wij hebben een ruime keuze aan producten van NOW FOODS L-Arginine (1000 mg \/ 2.2 lbs.) . Winkel bij Eco Supplements altijd gratis verzending boven 100\u20ac","breadcrumb":{"@id":"https:\/\/ecosupplements.be\/fr\/produit\/now-foods-l-arginine-1000-g-2-2-lbs\/#breadcrumb"},"inLanguage":"fr-FR","potentialAction":[{"@type":"ReadAction","target":["https:\/\/ecosupplements.be\/fr\/produit\/now-foods-l-arginine-1000-g-2-2-lbs\/"]}]},{"@type":"ImageObject","inLanguage":"fr-FR","@id":"https:\/\/ecosupplements.be\/fr\/produit\/now-foods-l-arginine-1000-g-2-2-lbs\/#primaryimage","url":"https:\/\/ecosupplements.be\/wp-content\/uploads\/2025\/08\/NOW-FOODS-L-Arginine-1000-g-2.2-lbs.jpg","contentUrl":"https:\/\/ecosupplements.be\/wp-content\/uploads\/2025\/08\/NOW-FOODS-L-Arginine-1000-g-2.2-lbs.jpg","width":605,"height":880},{"@type":"BreadcrumbList","@id":"https:\/\/ecosupplements.be\/fr\/produit\/now-foods-l-arginine-1000-g-2-2-lbs\/#breadcrumb","itemListElement":[{"@type":"ListItem","position":1,"name":"Home","item":"https:\/\/ecosupplements.be\/fr\/"},{"@type":"ListItem","position":2,"name":"Boutique","item":"https:\/\/ecosupplements.be\/fr\/boutique\/"},{"@type":"ListItem","position":3,"name":"NOW FOODS L-Arginine (1000 mg \/ 2.2 lbs.)"}]},{"@type":"WebSite","@id":"https:\/\/ecosupplements.be\/fr\/#website","url":"https:\/\/ecosupplements.be\/fr\/","name":"ECO Supplements","description":"Eco Supplements - Gezonde supplementen","publisher":{"@id":"https:\/\/ecosupplements.be\/fr\/#organization"},"potentialAction":[{"@type":"SearchAction","target":{"@type":"EntryPoint","urlTemplate":"https:\/\/ecosupplements.be\/fr\/?s={search_term_string}"},"query-input":{"@type":"PropertyValueSpecification","valueRequired":true,"valueName":"search_term_string"}}],"inLanguage":"fr-FR"},{"@type":"Organization","@id":"https:\/\/ecosupplements.be\/fr\/#organization","name":"Eco Supplements","url":"https:\/\/ecosupplements.be\/fr\/","logo":{"@type":"ImageObject","inLanguage":"fr-FR","@id":"https:\/\/ecosupplements.be\/fr\/#\/schema\/logo\/image\/","url":"https:\/\/ecosupplements.be\/wp-content\/uploads\/2022\/06\/ecosupplement-family.png","contentUrl":"https:\/\/ecosupplements.be\/wp-content\/uploads\/2022\/06\/ecosupplement-family.png","width":593,"height":374,"caption":"Eco Supplements"},"image":{"@id":"https:\/\/ecosupplements.be\/fr\/#\/schema\/logo\/image\/"}}]},"product_brand":"NOW Foods","product_price_amount":"63.60","product_price_currency":"EUR","og_availability":"instock","product_availability":"instock","product_retailer_item_id":"733739002112","product_condition":"new"},"_links":{"self":[{"href":"https:\/\/ecosupplements.be\/fr\/wp-json\/wp\/v2\/product\/301989","targetHints":{"allow":["GET"]}}],"collection":[{"href":"https:\/\/ecosupplements.be\/fr\/wp-json\/wp\/v2\/product"}],"about":[{"href":"https:\/\/ecosupplements.be\/fr\/wp-json\/wp\/v2\/types\/product"}],"replies":[{"embeddable":true,"href":"https:\/\/ecosupplements.be\/fr\/wp-json\/wp\/v2\/comments?post=301989"}],"wp:featuredmedia":[{"embeddable":true,"href":"https:\/\/ecosupplements.be\/fr\/wp-json\/wp\/v2\/media\/276129"}],"wp:attachment":[{"href":"https:\/\/ecosupplements.be\/fr\/wp-json\/wp\/v2\/media?parent=301989"}],"wp:term":[{"taxonomy":"product_brand","embeddable":true,"href":"https:\/\/ecosupplements.be\/fr\/wp-json\/wp\/v2\/product_brand?post=301989"},{"taxonomy":"product_cat","embeddable":true,"href":"https:\/\/ecosupplements.be\/fr\/wp-json\/wp\/v2\/product_cat?post=301989"},{"taxonomy":"product_tag","embeddable":true,"href":"https:\/\/ecosupplements.be\/fr\/wp-json\/wp\/v2\/product_tag?post=301989"}],"curies":[{"name":"wp","href":"https:\/\/api.w.org\/{rel}","templated":true}]}}