{"id":302013,"date":"2025-07-26T04:00:28","date_gmt":"2025-07-26T03:00:28","guid":{"rendered":"https:\/\/ecosupplements.be\/product\/now-foods-policosanol-10-mg-90-vcaps\/"},"modified":"2025-08-28T03:29:42","modified_gmt":"2025-08-28T02:29:42","slug":"now-foods-policosanol-10-mg-90-vcaps","status":"publish","type":"product","link":"https:\/\/ecosupplements.be\/fr\/produit\/now-foods-policosanol-10-mg-90-vcaps\/","title":{"rendered":"NOW FOODS Policosanol 10 mg (90 g\u00e9lules v\u00e9g\u00e9tales)"},"content":{"rendered":"<p><strong>Nom du produit :<\/strong> NOW FOODS Policosanol 10 mg (90 vcaps)<\/p>\n<p><strong>Description :<\/strong> D\u00e9couvrez le choix naturel pour ceux qui appr\u00e9cient les ingr\u00e9dients purs et d&#8217;origine naturelle. Ce compl\u00e9ment alimentaire est formul\u00e9 \u00e0 partir de polycosanol, une mixture d&#8217;alcools gras longue cha\u00eene issus de la canne \u00e0 sucre. Chaque capsule est con\u00e7ue pour \u00eatre simple et pratique \u00e0 utiliser au quotidien.<\/p>\n<div><strong>Ingr\u00e9dients principaux :<\/strong><\/div>\n<ul>\n<li>Polycosanol (m\u00e9lange d&#8217;alcools gras longue cha\u00eene)<\/li>\n<li>Amidon de riz<\/li>\n<li>Celulose en poudre (anti-agglom\u00e9rant)<\/li>\n<li>Dioxyde de silicium, sels magn\u00e9siques d&#8217;acides gras v\u00e9g\u00e9taux (anti-agglom\u00e9rants)<\/li>\n<\/ul>\n<p><strong>Contenu et emballage :<\/strong> Bo\u00eete contenant 90 capsules v\u00e9g\u00e9tales.<\/p>\n<p><strong>Utilisation recommand\u00e9e :<\/strong> Prendre une capsule une \u00e0 deux fois par jour avec un repas, accompagn\u00e9e d&#8217;un verre d&#8217;eau.<\/p>\n<p><b>Mise en garde : <\/b>Ce produit n&#8217;est pas destin\u00e9 \u00e0 remplacer une alimentation vari\u00e9e et \u00e9quilibr\u00e9e.Ne pas d\u00e9passer la dose journali\u00e8re recommand\u00e9e. Conserver dans un endroit sec et frais, hors de port\u00e9e des enfants.Ne pas utiliser si l&#8217;emballage est endommag\u00e9.<\/p>\n<p><b>Rangement : <\/b>A conserver dans un lieu sec et sombre \u00e0 temp\u00e9rature ambiante.<\/p>\n<p>Ce produit est un excellent choix pour int\u00e9grer dans votre routine quotidienne, offrant simplicit\u00e9 et praticit\u00e9 sans compromettre la qualit\u00e9 des ingr\u00e9dients naturels utilis\u00e9s.<\/p>\n","protected":false},"excerpt":{"rendered":"<p>Nom du produit : NOW FOODS Policosanol 10 mg (90 vcaps) Description : D\u00e9couvrez le choix naturel pour ceux qui appr\u00e9cient les ingr\u00e9dients purs et d&#8217;origine naturelle. Ce compl\u00e9ment alimentaire est formul\u00e9 \u00e0 partir de polycosanol, une mixture d&#8217;alcools gras longue cha\u00eene issus de la canne \u00e0 sucre. Chaque capsule est con\u00e7ue pour \u00eatre simple [&#8230;]\n","protected":false},"featured_media":276153,"comment_status":"closed","ping_status":"open","template":"","meta":[],"product_brand":[4733],"product_cat":[5053],"product_tag":[],"class_list":{"0":"post-302013","1":"product","2":"type-product","3":"status-publish","4":"has-post-thumbnail","6":"product_brand-now-foods-2","7":"product_cat-vitamines-et-mineraux","9":"first","10":"instock","11":"taxable","12":"shipping-taxable","13":"purchasable","14":"product-type-simple"},"yoast_head":"<!-- This site is optimized with the Yoast SEO Premium plugin v27.3 (Yoast SEO v27.3) - https:\/\/yoast.com\/product\/yoast-seo-premium-wordpress\/ -->\n<title>NOW FOODS Policosanol 10 mg (90 g\u00e9lules v\u00e9g\u00e9tales) - ECO Supplements<\/title>\n<meta name=\"description\" content=\"Wij hebben een ruime keuze aan producten van NOW FOODS Policosanol 10 mg (90 g\u00e9lules v\u00e9g\u00e9tales) . Winkel bij Eco Supplements altijd gratis verzending boven 100\u20ac\" \/>\n<meta name=\"robots\" content=\"index, follow, max-snippet:-1, max-image-preview:large, max-video-preview:-1\" \/>\n<link rel=\"canonical\" href=\"https:\/\/ecosupplements.be\/fr\/produit\/now-foods-policosanol-10-mg-90-vcaps\/\" \/>\n<meta property=\"og:locale\" content=\"fr_FR\" \/>\n<meta property=\"og:type\" content=\"article\" \/>\n<meta property=\"og:title\" content=\"NOW FOODS Policosanol 10 mg (90 g\u00e9lules v\u00e9g\u00e9tales)\" \/>\n<meta property=\"og:description\" content=\"Wij hebben een ruime keuze aan producten van NOW FOODS Policosanol 10 mg (90 g\u00e9lules v\u00e9g\u00e9tales) . Winkel bij Eco Supplements altijd gratis verzending boven 100\u20ac\" \/>\n<meta property=\"og:url\" content=\"https:\/\/ecosupplements.be\/fr\/produit\/now-foods-policosanol-10-mg-90-vcaps\/\" \/>\n<meta property=\"og:site_name\" content=\"ECO Supplements\" \/>\n<meta property=\"article:modified_time\" content=\"2025-08-28T02:29:42+00:00\" \/>\n<meta property=\"og:image\" content=\"https:\/\/ecosupplements.be\/wp-content\/uploads\/2025\/08\/NOW-Foods-NOW-FOODS-Policosanol-10-mg-90-vcaps.jpg\" \/>\n\t<meta property=\"og:image:width\" content=\"454\" \/>\n\t<meta property=\"og:image:height\" content=\"880\" \/>\n\t<meta property=\"og:image:type\" content=\"image\/jpeg\" \/>\n<meta name=\"twitter:card\" content=\"summary_large_image\" \/>\n<meta name=\"twitter:label1\" content=\"Prix\" \/>\n\t<meta name=\"twitter:data1\" content=\"12.21&nbsp;&euro;\" \/>\n\t<meta name=\"twitter:label2\" content=\"Disponibilit\u00e9\" \/>\n\t<meta name=\"twitter:data2\" content=\"En stock\" \/>\n<script type=\"application\/ld+json\" class=\"yoast-schema-graph\">{\"@context\":\"https:\\\/\\\/schema.org\",\"@graph\":[{\"@type\":[\"WebPage\",\"ItemPage\"],\"@id\":\"https:\\\/\\\/ecosupplements.be\\\/fr\\\/produit\\\/now-foods-policosanol-10-mg-90-vcaps\\\/\",\"url\":\"https:\\\/\\\/ecosupplements.be\\\/fr\\\/produit\\\/now-foods-policosanol-10-mg-90-vcaps\\\/\",\"name\":\"NOW FOODS Policosanol 10 mg (90 g\u00e9lules v\u00e9g\u00e9tales) - ECO Supplements\",\"isPartOf\":{\"@id\":\"https:\\\/\\\/ecosupplements.be\\\/fr\\\/#website\"},\"primaryImageOfPage\":{\"@id\":\"https:\\\/\\\/ecosupplements.be\\\/fr\\\/produit\\\/now-foods-policosanol-10-mg-90-vcaps\\\/#primaryimage\"},\"image\":{\"@id\":\"https:\\\/\\\/ecosupplements.be\\\/fr\\\/produit\\\/now-foods-policosanol-10-mg-90-vcaps\\\/#primaryimage\"},\"thumbnailUrl\":\"https:\\\/\\\/ecosupplements.be\\\/wp-content\\\/uploads\\\/2025\\\/08\\\/NOW-FOODS-Policosanol-10-mg-90-vcaps.jpg\",\"datePublished\":\"2025-07-26T03:00:28+00:00\",\"dateModified\":\"2025-08-28T02:29:42+00:00\",\"description\":\"Wij hebben een ruime keuze aan producten van NOW FOODS Policosanol 10 mg (90 g\u00e9lules v\u00e9g\u00e9tales) . Winkel bij Eco Supplements altijd gratis verzending boven 100\u20ac\",\"breadcrumb\":{\"@id\":\"https:\\\/\\\/ecosupplements.be\\\/fr\\\/produit\\\/now-foods-policosanol-10-mg-90-vcaps\\\/#breadcrumb\"},\"inLanguage\":\"fr-FR\",\"potentialAction\":[{\"@type\":\"ReadAction\",\"target\":[\"https:\\\/\\\/ecosupplements.be\\\/fr\\\/produit\\\/now-foods-policosanol-10-mg-90-vcaps\\\/\"]}]},{\"@type\":\"ImageObject\",\"inLanguage\":\"fr-FR\",\"@id\":\"https:\\\/\\\/ecosupplements.be\\\/fr\\\/produit\\\/now-foods-policosanol-10-mg-90-vcaps\\\/#primaryimage\",\"url\":\"https:\\\/\\\/ecosupplements.be\\\/wp-content\\\/uploads\\\/2025\\\/08\\\/NOW-FOODS-Policosanol-10-mg-90-vcaps.jpg\",\"contentUrl\":\"https:\\\/\\\/ecosupplements.be\\\/wp-content\\\/uploads\\\/2025\\\/08\\\/NOW-FOODS-Policosanol-10-mg-90-vcaps.jpg\",\"width\":454,\"height\":880},{\"@type\":\"BreadcrumbList\",\"@id\":\"https:\\\/\\\/ecosupplements.be\\\/fr\\\/produit\\\/now-foods-policosanol-10-mg-90-vcaps\\\/#breadcrumb\",\"itemListElement\":[{\"@type\":\"ListItem\",\"position\":1,\"name\":\"Home\",\"item\":\"https:\\\/\\\/ecosupplements.be\\\/fr\\\/\"},{\"@type\":\"ListItem\",\"position\":2,\"name\":\"Boutique\",\"item\":\"https:\\\/\\\/ecosupplements.be\\\/fr\\\/boutique\\\/\"},{\"@type\":\"ListItem\",\"position\":3,\"name\":\"NOW FOODS Policosanol 10 mg (90 g\u00e9lules v\u00e9g\u00e9tales)\"}]},{\"@type\":\"WebSite\",\"@id\":\"https:\\\/\\\/ecosupplements.be\\\/fr\\\/#website\",\"url\":\"https:\\\/\\\/ecosupplements.be\\\/fr\\\/\",\"name\":\"ECO Supplements\",\"description\":\"Eco Supplements - Gezonde supplementen\",\"publisher\":{\"@id\":\"https:\\\/\\\/ecosupplements.be\\\/fr\\\/#organization\"},\"potentialAction\":[{\"@type\":\"SearchAction\",\"target\":{\"@type\":\"EntryPoint\",\"urlTemplate\":\"https:\\\/\\\/ecosupplements.be\\\/fr\\\/?s={search_term_string}\"},\"query-input\":{\"@type\":\"PropertyValueSpecification\",\"valueRequired\":true,\"valueName\":\"search_term_string\"}}],\"inLanguage\":\"fr-FR\"},{\"@type\":\"Organization\",\"@id\":\"https:\\\/\\\/ecosupplements.be\\\/fr\\\/#organization\",\"name\":\"Eco Supplements\",\"url\":\"https:\\\/\\\/ecosupplements.be\\\/fr\\\/\",\"logo\":{\"@type\":\"ImageObject\",\"inLanguage\":\"fr-FR\",\"@id\":\"https:\\\/\\\/ecosupplements.be\\\/fr\\\/#\\\/schema\\\/logo\\\/image\\\/\",\"url\":\"https:\\\/\\\/ecosupplements.be\\\/wp-content\\\/uploads\\\/2022\\\/06\\\/ecosupplement-family.png\",\"contentUrl\":\"https:\\\/\\\/ecosupplements.be\\\/wp-content\\\/uploads\\\/2022\\\/06\\\/ecosupplement-family.png\",\"width\":593,\"height\":374,\"caption\":\"Eco Supplements\"},\"image\":{\"@id\":\"https:\\\/\\\/ecosupplements.be\\\/fr\\\/#\\\/schema\\\/logo\\\/image\\\/\"}}]}<\/script>\n<meta property=\"product:brand\" content=\"NOW Foods\" \/>\n<meta property=\"product:price:amount\" content=\"12.21\" \/>\n<meta property=\"product:price:currency\" content=\"EUR\" \/>\n<meta property=\"og:availability\" content=\"instock\" \/>\n<meta property=\"product:availability\" content=\"instock\" \/>\n<meta property=\"product:retailer_item_id\" content=\"733739018236\" \/>\n<meta property=\"product:condition\" content=\"new\" \/>\n<!-- \/ Yoast SEO Premium plugin. -->","yoast_head_json":{"title":"NOW FOODS Policosanol 10 mg (90 g\u00e9lules v\u00e9g\u00e9tales) - ECO Supplements","description":"Wij hebben een ruime keuze aan producten van NOW FOODS Policosanol 10 mg (90 g\u00e9lules v\u00e9g\u00e9tales) . Winkel bij Eco Supplements altijd gratis verzending boven 100\u20ac","robots":{"index":"index","follow":"follow","max-snippet":"max-snippet:-1","max-image-preview":"max-image-preview:large","max-video-preview":"max-video-preview:-1"},"canonical":"https:\/\/ecosupplements.be\/fr\/produit\/now-foods-policosanol-10-mg-90-vcaps\/","og_locale":"fr_FR","og_type":"article","og_title":"NOW FOODS Policosanol 10 mg (90 g\u00e9lules v\u00e9g\u00e9tales)","og_description":"Wij hebben een ruime keuze aan producten van NOW FOODS Policosanol 10 mg (90 g\u00e9lules v\u00e9g\u00e9tales) . Winkel bij Eco Supplements altijd gratis verzending boven 100\u20ac","og_url":"https:\/\/ecosupplements.be\/fr\/produit\/now-foods-policosanol-10-mg-90-vcaps\/","og_site_name":"ECO Supplements","article_modified_time":"2025-08-28T02:29:42+00:00","og_image":[{"width":454,"height":880,"url":"https:\/\/ecosupplements.be\/wp-content\/uploads\/2025\/08\/NOW-Foods-NOW-FOODS-Policosanol-10-mg-90-vcaps.jpg","type":"image\/jpeg"}],"twitter_card":"summary_large_image","twitter_misc":{"Prix":"12.21&nbsp;&euro;","Disponibilit\u00e9":"En stock"},"schema":{"@context":"https:\/\/schema.org","@graph":[{"@type":["WebPage","ItemPage"],"@id":"https:\/\/ecosupplements.be\/fr\/produit\/now-foods-policosanol-10-mg-90-vcaps\/","url":"https:\/\/ecosupplements.be\/fr\/produit\/now-foods-policosanol-10-mg-90-vcaps\/","name":"NOW FOODS Policosanol 10 mg (90 g\u00e9lules v\u00e9g\u00e9tales) - ECO Supplements","isPartOf":{"@id":"https:\/\/ecosupplements.be\/fr\/#website"},"primaryImageOfPage":{"@id":"https:\/\/ecosupplements.be\/fr\/produit\/now-foods-policosanol-10-mg-90-vcaps\/#primaryimage"},"image":{"@id":"https:\/\/ecosupplements.be\/fr\/produit\/now-foods-policosanol-10-mg-90-vcaps\/#primaryimage"},"thumbnailUrl":"https:\/\/ecosupplements.be\/wp-content\/uploads\/2025\/08\/NOW-FOODS-Policosanol-10-mg-90-vcaps.jpg","datePublished":"2025-07-26T03:00:28+00:00","dateModified":"2025-08-28T02:29:42+00:00","description":"Wij hebben een ruime keuze aan producten van NOW FOODS Policosanol 10 mg (90 g\u00e9lules v\u00e9g\u00e9tales) . Winkel bij Eco Supplements altijd gratis verzending boven 100\u20ac","breadcrumb":{"@id":"https:\/\/ecosupplements.be\/fr\/produit\/now-foods-policosanol-10-mg-90-vcaps\/#breadcrumb"},"inLanguage":"fr-FR","potentialAction":[{"@type":"ReadAction","target":["https:\/\/ecosupplements.be\/fr\/produit\/now-foods-policosanol-10-mg-90-vcaps\/"]}]},{"@type":"ImageObject","inLanguage":"fr-FR","@id":"https:\/\/ecosupplements.be\/fr\/produit\/now-foods-policosanol-10-mg-90-vcaps\/#primaryimage","url":"https:\/\/ecosupplements.be\/wp-content\/uploads\/2025\/08\/NOW-FOODS-Policosanol-10-mg-90-vcaps.jpg","contentUrl":"https:\/\/ecosupplements.be\/wp-content\/uploads\/2025\/08\/NOW-FOODS-Policosanol-10-mg-90-vcaps.jpg","width":454,"height":880},{"@type":"BreadcrumbList","@id":"https:\/\/ecosupplements.be\/fr\/produit\/now-foods-policosanol-10-mg-90-vcaps\/#breadcrumb","itemListElement":[{"@type":"ListItem","position":1,"name":"Home","item":"https:\/\/ecosupplements.be\/fr\/"},{"@type":"ListItem","position":2,"name":"Boutique","item":"https:\/\/ecosupplements.be\/fr\/boutique\/"},{"@type":"ListItem","position":3,"name":"NOW FOODS Policosanol 10 mg (90 g\u00e9lules v\u00e9g\u00e9tales)"}]},{"@type":"WebSite","@id":"https:\/\/ecosupplements.be\/fr\/#website","url":"https:\/\/ecosupplements.be\/fr\/","name":"ECO Supplements","description":"Eco Supplements - Gezonde supplementen","publisher":{"@id":"https:\/\/ecosupplements.be\/fr\/#organization"},"potentialAction":[{"@type":"SearchAction","target":{"@type":"EntryPoint","urlTemplate":"https:\/\/ecosupplements.be\/fr\/?s={search_term_string}"},"query-input":{"@type":"PropertyValueSpecification","valueRequired":true,"valueName":"search_term_string"}}],"inLanguage":"fr-FR"},{"@type":"Organization","@id":"https:\/\/ecosupplements.be\/fr\/#organization","name":"Eco Supplements","url":"https:\/\/ecosupplements.be\/fr\/","logo":{"@type":"ImageObject","inLanguage":"fr-FR","@id":"https:\/\/ecosupplements.be\/fr\/#\/schema\/logo\/image\/","url":"https:\/\/ecosupplements.be\/wp-content\/uploads\/2022\/06\/ecosupplement-family.png","contentUrl":"https:\/\/ecosupplements.be\/wp-content\/uploads\/2022\/06\/ecosupplement-family.png","width":593,"height":374,"caption":"Eco Supplements"},"image":{"@id":"https:\/\/ecosupplements.be\/fr\/#\/schema\/logo\/image\/"}}]},"product_brand":"NOW Foods","product_price_amount":"12.21","product_price_currency":"EUR","og_availability":"instock","product_availability":"instock","product_retailer_item_id":"733739018236","product_condition":"new"},"_links":{"self":[{"href":"https:\/\/ecosupplements.be\/fr\/wp-json\/wp\/v2\/product\/302013","targetHints":{"allow":["GET"]}}],"collection":[{"href":"https:\/\/ecosupplements.be\/fr\/wp-json\/wp\/v2\/product"}],"about":[{"href":"https:\/\/ecosupplements.be\/fr\/wp-json\/wp\/v2\/types\/product"}],"replies":[{"embeddable":true,"href":"https:\/\/ecosupplements.be\/fr\/wp-json\/wp\/v2\/comments?post=302013"}],"wp:featuredmedia":[{"embeddable":true,"href":"https:\/\/ecosupplements.be\/fr\/wp-json\/wp\/v2\/media\/276153"}],"wp:attachment":[{"href":"https:\/\/ecosupplements.be\/fr\/wp-json\/wp\/v2\/media?parent=302013"}],"wp:term":[{"taxonomy":"product_brand","embeddable":true,"href":"https:\/\/ecosupplements.be\/fr\/wp-json\/wp\/v2\/product_brand?post=302013"},{"taxonomy":"product_cat","embeddable":true,"href":"https:\/\/ecosupplements.be\/fr\/wp-json\/wp\/v2\/product_cat?post=302013"},{"taxonomy":"product_tag","embeddable":true,"href":"https:\/\/ecosupplements.be\/fr\/wp-json\/wp\/v2\/product_tag?post=302013"}],"curies":[{"name":"wp","href":"https:\/\/api.w.org\/{rel}","templated":true}]}}