{"id":302022,"date":"2025-07-26T04:00:28","date_gmt":"2025-07-26T03:00:28","guid":{"rendered":"https:\/\/ecosupplements.be\/product\/now-foods-vitamin-d3-4000-iu-240-sgels\/"},"modified":"2025-08-28T03:29:52","modified_gmt":"2025-08-28T02:29:52","slug":"now-foods-vitamin-d3-4000-iu-240-sgels","status":"publish","type":"product","link":"https:\/\/ecosupplements.be\/fr\/produit\/now-foods-vitamin-d3-4000-iu-240-sgels\/","title":{"rendered":"Vitamine D3 4000 UI de NOW FOODS (240 capsules molles)"},"content":{"rendered":"<div class=\"product-description\">\n<h2>NOW FOODS Vitamin D3 4000 IU (240 sgels)<\/h2>\n<p>D\u00e9couvrez le compl\u00e9ment de haute qualit\u00e9 NOW FOODS Vitamin D3,pr\u00e9sent\u00e9 sous forme de softgels pratiques. chaque softgel contient une formulation soigneusement \u00e9labor\u00e9e pour s&#8217;int\u00e9grer harmonieusement \u00e0 votre quotidien.<\/p>\n<h3>Ingr\u00e9dients principaux<\/h3>\n<p>Ce produit est compos\u00e9 de vitamine D3 (cholecalciferol) extraite de lanoline, encapsul\u00e9e dans des softgels faciles \u00e0 avaler. Les ingr\u00e9dients sont d&#8217;origine naturelle et s\u00e9lectionn\u00e9s pour leur puret\u00e9 \u00e9lev\u00e9e.<\/p>\n<h3>Contenu et emballage<\/h3>\n<p>Le flacon contient 240 softgels,offrant un approvisionnement durable et pratique.<\/p>\n<h3>Utilisation<\/h3>\n<p>Pour une utilisation quotidienne, il est recommand\u00e9 de prendre un softgel par jour avec un repas. Ce format simple facilite l&#8217;int\u00e9gration du produit dans votre routine journali\u00e8re sans complication.<\/p>\n<h4>Caract\u00e9ristiques pratiques<\/h4>\n<ul>\n<li>Softgels faciles \u00e0 avaler<\/li>\n<li>Format compact et facile \u00e0 transporter<\/li>\n<\/ul>\n<p>Ce produit est un choix parfait pour ceux qui appr\u00e9cient les ingr\u00e9dients naturels dans un mode de vie actif et \u00e9quilibr\u00e9. Il s&#8217;int\u00e8gre ais\u00e9ment dans votre routine quotidienne gr\u00e2ce \u00e0 son format pratique.<\/p>\n<h4>Note:<\/h4>\n<p>Gardez le flacon dans un endroit frais et sec, hors de port\u00e9e des enfants.<\/p>\n<\/div>\n","protected":false},"excerpt":{"rendered":"<p>NOW FOODS Vitamin D3 4000 IU (240 sgels) D\u00e9couvrez le compl\u00e9ment de haute qualit\u00e9 NOW FOODS Vitamin D3,pr\u00e9sent\u00e9 sous forme de softgels pratiques. chaque softgel contient une formulation soigneusement \u00e9labor\u00e9e pour s&#8217;int\u00e9grer harmonieusement \u00e0 votre quotidien. Ingr\u00e9dients principaux Ce produit est compos\u00e9 de vitamine D3 (cholecalciferol) extraite de lanoline, encapsul\u00e9e dans des softgels faciles \u00e0 [&#8230;]\n","protected":false},"featured_media":276162,"comment_status":"closed","ping_status":"open","template":"","meta":[],"product_brand":[4733],"product_cat":[5053,5059],"product_tag":[],"class_list":{"0":"post-302022","1":"product","2":"type-product","3":"status-publish","4":"has-post-thumbnail","6":"product_brand-now-foods-2","7":"product_cat-vitamines-et-mineraux","8":"product_cat-vitamines-simples","10":"first","11":"instock","12":"taxable","13":"shipping-taxable","14":"purchasable","15":"product-type-simple"},"yoast_head":"<!-- This site is optimized with the Yoast SEO Premium plugin v27.3 (Yoast SEO v27.3) - https:\/\/yoast.com\/product\/yoast-seo-premium-wordpress\/ -->\n<title>Vitamine D3 4000 UI de NOW FOODS (240 capsules molles) - ECO Supplements<\/title>\n<meta name=\"description\" content=\"Wij hebben een ruime keuze aan producten van Vitamine D3 4000 UI de NOW FOODS (240 capsules molles) . Winkel bij Eco Supplements altijd gratis verzending boven 100\u20ac\" \/>\n<meta name=\"robots\" content=\"index, follow, max-snippet:-1, max-image-preview:large, max-video-preview:-1\" \/>\n<link rel=\"canonical\" href=\"https:\/\/ecosupplements.be\/fr\/produit\/now-foods-vitamin-d3-4000-iu-240-sgels\/\" \/>\n<meta property=\"og:locale\" content=\"fr_FR\" \/>\n<meta property=\"og:type\" content=\"article\" \/>\n<meta property=\"og:title\" content=\"Vitamine D3 4000 UI de NOW FOODS (240 capsules molles)\" \/>\n<meta property=\"og:description\" content=\"Wij hebben een ruime keuze aan producten van Vitamine D3 4000 UI de NOW FOODS (240 capsules molles) . Winkel bij Eco Supplements altijd gratis verzending boven 100\u20ac\" \/>\n<meta property=\"og:url\" content=\"https:\/\/ecosupplements.be\/fr\/produit\/now-foods-vitamin-d3-4000-iu-240-sgels\/\" \/>\n<meta property=\"og:site_name\" content=\"ECO Supplements\" \/>\n<meta property=\"article:modified_time\" content=\"2025-08-28T02:29:52+00:00\" \/>\n<meta property=\"og:image\" content=\"https:\/\/ecosupplements.be\/wp-content\/uploads\/2025\/08\/NOW-Foods-NOW-FOODS-Vitamin-D3-4000-IU-240-sgels.jpg\" \/>\n\t<meta property=\"og:image:width\" content=\"880\" \/>\n\t<meta property=\"og:image:height\" content=\"880\" \/>\n\t<meta property=\"og:image:type\" content=\"image\/jpeg\" \/>\n<meta name=\"twitter:card\" content=\"summary_large_image\" \/>\n<meta name=\"twitter:label1\" content=\"Prix\" \/>\n\t<meta name=\"twitter:data1\" content=\"14.36&nbsp;&euro;\" \/>\n\t<meta name=\"twitter:label2\" content=\"Disponibilit\u00e9\" \/>\n\t<meta name=\"twitter:data2\" content=\"En stock\" \/>\n<script type=\"application\/ld+json\" class=\"yoast-schema-graph\">{\"@context\":\"https:\\\/\\\/schema.org\",\"@graph\":[{\"@type\":[\"WebPage\",\"ItemPage\"],\"@id\":\"https:\\\/\\\/ecosupplements.be\\\/fr\\\/produit\\\/now-foods-vitamin-d3-4000-iu-240-sgels\\\/\",\"url\":\"https:\\\/\\\/ecosupplements.be\\\/fr\\\/produit\\\/now-foods-vitamin-d3-4000-iu-240-sgels\\\/\",\"name\":\"Vitamine D3 4000 UI de NOW FOODS (240 capsules molles) - ECO Supplements\",\"isPartOf\":{\"@id\":\"https:\\\/\\\/ecosupplements.be\\\/fr\\\/#website\"},\"primaryImageOfPage\":{\"@id\":\"https:\\\/\\\/ecosupplements.be\\\/fr\\\/produit\\\/now-foods-vitamin-d3-4000-iu-240-sgels\\\/#primaryimage\"},\"image\":{\"@id\":\"https:\\\/\\\/ecosupplements.be\\\/fr\\\/produit\\\/now-foods-vitamin-d3-4000-iu-240-sgels\\\/#primaryimage\"},\"thumbnailUrl\":\"https:\\\/\\\/ecosupplements.be\\\/wp-content\\\/uploads\\\/2025\\\/08\\\/NOW-FOODS-Vitamin-D3-4000-IU-240-sgels.jpg\",\"datePublished\":\"2025-07-26T03:00:28+00:00\",\"dateModified\":\"2025-08-28T02:29:52+00:00\",\"description\":\"Wij hebben een ruime keuze aan producten van Vitamine D3 4000 UI de NOW FOODS (240 capsules molles) . Winkel bij Eco Supplements altijd gratis verzending boven 100\u20ac\",\"breadcrumb\":{\"@id\":\"https:\\\/\\\/ecosupplements.be\\\/fr\\\/produit\\\/now-foods-vitamin-d3-4000-iu-240-sgels\\\/#breadcrumb\"},\"inLanguage\":\"fr-FR\",\"potentialAction\":[{\"@type\":\"ReadAction\",\"target\":[\"https:\\\/\\\/ecosupplements.be\\\/fr\\\/produit\\\/now-foods-vitamin-d3-4000-iu-240-sgels\\\/\"]}]},{\"@type\":\"ImageObject\",\"inLanguage\":\"fr-FR\",\"@id\":\"https:\\\/\\\/ecosupplements.be\\\/fr\\\/produit\\\/now-foods-vitamin-d3-4000-iu-240-sgels\\\/#primaryimage\",\"url\":\"https:\\\/\\\/ecosupplements.be\\\/wp-content\\\/uploads\\\/2025\\\/08\\\/NOW-FOODS-Vitamin-D3-4000-IU-240-sgels.jpg\",\"contentUrl\":\"https:\\\/\\\/ecosupplements.be\\\/wp-content\\\/uploads\\\/2025\\\/08\\\/NOW-FOODS-Vitamin-D3-4000-IU-240-sgels.jpg\",\"width\":880,\"height\":880},{\"@type\":\"BreadcrumbList\",\"@id\":\"https:\\\/\\\/ecosupplements.be\\\/fr\\\/produit\\\/now-foods-vitamin-d3-4000-iu-240-sgels\\\/#breadcrumb\",\"itemListElement\":[{\"@type\":\"ListItem\",\"position\":1,\"name\":\"Home\",\"item\":\"https:\\\/\\\/ecosupplements.be\\\/fr\\\/\"},{\"@type\":\"ListItem\",\"position\":2,\"name\":\"Boutique\",\"item\":\"https:\\\/\\\/ecosupplements.be\\\/fr\\\/boutique\\\/\"},{\"@type\":\"ListItem\",\"position\":3,\"name\":\"Vitamine D3 4000 UI de NOW FOODS (240 capsules molles)\"}]},{\"@type\":\"WebSite\",\"@id\":\"https:\\\/\\\/ecosupplements.be\\\/fr\\\/#website\",\"url\":\"https:\\\/\\\/ecosupplements.be\\\/fr\\\/\",\"name\":\"ECO Supplements\",\"description\":\"Eco Supplements - Gezonde supplementen\",\"publisher\":{\"@id\":\"https:\\\/\\\/ecosupplements.be\\\/fr\\\/#organization\"},\"potentialAction\":[{\"@type\":\"SearchAction\",\"target\":{\"@type\":\"EntryPoint\",\"urlTemplate\":\"https:\\\/\\\/ecosupplements.be\\\/fr\\\/?s={search_term_string}\"},\"query-input\":{\"@type\":\"PropertyValueSpecification\",\"valueRequired\":true,\"valueName\":\"search_term_string\"}}],\"inLanguage\":\"fr-FR\"},{\"@type\":\"Organization\",\"@id\":\"https:\\\/\\\/ecosupplements.be\\\/fr\\\/#organization\",\"name\":\"Eco Supplements\",\"url\":\"https:\\\/\\\/ecosupplements.be\\\/fr\\\/\",\"logo\":{\"@type\":\"ImageObject\",\"inLanguage\":\"fr-FR\",\"@id\":\"https:\\\/\\\/ecosupplements.be\\\/fr\\\/#\\\/schema\\\/logo\\\/image\\\/\",\"url\":\"https:\\\/\\\/ecosupplements.be\\\/wp-content\\\/uploads\\\/2022\\\/06\\\/ecosupplement-family.png\",\"contentUrl\":\"https:\\\/\\\/ecosupplements.be\\\/wp-content\\\/uploads\\\/2022\\\/06\\\/ecosupplement-family.png\",\"width\":593,\"height\":374,\"caption\":\"Eco Supplements\"},\"image\":{\"@id\":\"https:\\\/\\\/ecosupplements.be\\\/fr\\\/#\\\/schema\\\/logo\\\/image\\\/\"}}]}<\/script>\n<meta property=\"product:brand\" content=\"NOW Foods\" \/>\n<meta property=\"product:price:amount\" content=\"14.36\" \/>\n<meta property=\"product:price:currency\" content=\"EUR\" \/>\n<meta property=\"og:availability\" content=\"instock\" \/>\n<meta property=\"product:availability\" content=\"instock\" \/>\n<meta property=\"product:retailer_item_id\" content=\"733739903730\" \/>\n<meta property=\"product:condition\" content=\"new\" \/>\n<!-- \/ Yoast SEO Premium plugin. -->","yoast_head_json":{"title":"Vitamine D3 4000 UI de NOW FOODS (240 capsules molles) - ECO Supplements","description":"Wij hebben een ruime keuze aan producten van Vitamine D3 4000 UI de NOW FOODS (240 capsules molles) . Winkel bij Eco Supplements altijd gratis verzending boven 100\u20ac","robots":{"index":"index","follow":"follow","max-snippet":"max-snippet:-1","max-image-preview":"max-image-preview:large","max-video-preview":"max-video-preview:-1"},"canonical":"https:\/\/ecosupplements.be\/fr\/produit\/now-foods-vitamin-d3-4000-iu-240-sgels\/","og_locale":"fr_FR","og_type":"article","og_title":"Vitamine D3 4000 UI de NOW FOODS (240 capsules molles)","og_description":"Wij hebben een ruime keuze aan producten van Vitamine D3 4000 UI de NOW FOODS (240 capsules molles) . Winkel bij Eco Supplements altijd gratis verzending boven 100\u20ac","og_url":"https:\/\/ecosupplements.be\/fr\/produit\/now-foods-vitamin-d3-4000-iu-240-sgels\/","og_site_name":"ECO Supplements","article_modified_time":"2025-08-28T02:29:52+00:00","og_image":[{"width":880,"height":880,"url":"https:\/\/ecosupplements.be\/wp-content\/uploads\/2025\/08\/NOW-Foods-NOW-FOODS-Vitamin-D3-4000-IU-240-sgels.jpg","type":"image\/jpeg"}],"twitter_card":"summary_large_image","twitter_misc":{"Prix":"14.36&nbsp;&euro;","Disponibilit\u00e9":"En stock"},"schema":{"@context":"https:\/\/schema.org","@graph":[{"@type":["WebPage","ItemPage"],"@id":"https:\/\/ecosupplements.be\/fr\/produit\/now-foods-vitamin-d3-4000-iu-240-sgels\/","url":"https:\/\/ecosupplements.be\/fr\/produit\/now-foods-vitamin-d3-4000-iu-240-sgels\/","name":"Vitamine D3 4000 UI de NOW FOODS (240 capsules molles) - ECO Supplements","isPartOf":{"@id":"https:\/\/ecosupplements.be\/fr\/#website"},"primaryImageOfPage":{"@id":"https:\/\/ecosupplements.be\/fr\/produit\/now-foods-vitamin-d3-4000-iu-240-sgels\/#primaryimage"},"image":{"@id":"https:\/\/ecosupplements.be\/fr\/produit\/now-foods-vitamin-d3-4000-iu-240-sgels\/#primaryimage"},"thumbnailUrl":"https:\/\/ecosupplements.be\/wp-content\/uploads\/2025\/08\/NOW-FOODS-Vitamin-D3-4000-IU-240-sgels.jpg","datePublished":"2025-07-26T03:00:28+00:00","dateModified":"2025-08-28T02:29:52+00:00","description":"Wij hebben een ruime keuze aan producten van Vitamine D3 4000 UI de NOW FOODS (240 capsules molles) . Winkel bij Eco Supplements altijd gratis verzending boven 100\u20ac","breadcrumb":{"@id":"https:\/\/ecosupplements.be\/fr\/produit\/now-foods-vitamin-d3-4000-iu-240-sgels\/#breadcrumb"},"inLanguage":"fr-FR","potentialAction":[{"@type":"ReadAction","target":["https:\/\/ecosupplements.be\/fr\/produit\/now-foods-vitamin-d3-4000-iu-240-sgels\/"]}]},{"@type":"ImageObject","inLanguage":"fr-FR","@id":"https:\/\/ecosupplements.be\/fr\/produit\/now-foods-vitamin-d3-4000-iu-240-sgels\/#primaryimage","url":"https:\/\/ecosupplements.be\/wp-content\/uploads\/2025\/08\/NOW-FOODS-Vitamin-D3-4000-IU-240-sgels.jpg","contentUrl":"https:\/\/ecosupplements.be\/wp-content\/uploads\/2025\/08\/NOW-FOODS-Vitamin-D3-4000-IU-240-sgels.jpg","width":880,"height":880},{"@type":"BreadcrumbList","@id":"https:\/\/ecosupplements.be\/fr\/produit\/now-foods-vitamin-d3-4000-iu-240-sgels\/#breadcrumb","itemListElement":[{"@type":"ListItem","position":1,"name":"Home","item":"https:\/\/ecosupplements.be\/fr\/"},{"@type":"ListItem","position":2,"name":"Boutique","item":"https:\/\/ecosupplements.be\/fr\/boutique\/"},{"@type":"ListItem","position":3,"name":"Vitamine D3 4000 UI de NOW FOODS (240 capsules molles)"}]},{"@type":"WebSite","@id":"https:\/\/ecosupplements.be\/fr\/#website","url":"https:\/\/ecosupplements.be\/fr\/","name":"ECO Supplements","description":"Eco Supplements - Gezonde supplementen","publisher":{"@id":"https:\/\/ecosupplements.be\/fr\/#organization"},"potentialAction":[{"@type":"SearchAction","target":{"@type":"EntryPoint","urlTemplate":"https:\/\/ecosupplements.be\/fr\/?s={search_term_string}"},"query-input":{"@type":"PropertyValueSpecification","valueRequired":true,"valueName":"search_term_string"}}],"inLanguage":"fr-FR"},{"@type":"Organization","@id":"https:\/\/ecosupplements.be\/fr\/#organization","name":"Eco Supplements","url":"https:\/\/ecosupplements.be\/fr\/","logo":{"@type":"ImageObject","inLanguage":"fr-FR","@id":"https:\/\/ecosupplements.be\/fr\/#\/schema\/logo\/image\/","url":"https:\/\/ecosupplements.be\/wp-content\/uploads\/2022\/06\/ecosupplement-family.png","contentUrl":"https:\/\/ecosupplements.be\/wp-content\/uploads\/2022\/06\/ecosupplement-family.png","width":593,"height":374,"caption":"Eco Supplements"},"image":{"@id":"https:\/\/ecosupplements.be\/fr\/#\/schema\/logo\/image\/"}}]},"product_brand":"NOW Foods","product_price_amount":"14.36","product_price_currency":"EUR","og_availability":"instock","product_availability":"instock","product_retailer_item_id":"733739903730","product_condition":"new"},"_links":{"self":[{"href":"https:\/\/ecosupplements.be\/fr\/wp-json\/wp\/v2\/product\/302022","targetHints":{"allow":["GET"]}}],"collection":[{"href":"https:\/\/ecosupplements.be\/fr\/wp-json\/wp\/v2\/product"}],"about":[{"href":"https:\/\/ecosupplements.be\/fr\/wp-json\/wp\/v2\/types\/product"}],"replies":[{"embeddable":true,"href":"https:\/\/ecosupplements.be\/fr\/wp-json\/wp\/v2\/comments?post=302022"}],"wp:featuredmedia":[{"embeddable":true,"href":"https:\/\/ecosupplements.be\/fr\/wp-json\/wp\/v2\/media\/276162"}],"wp:attachment":[{"href":"https:\/\/ecosupplements.be\/fr\/wp-json\/wp\/v2\/media?parent=302022"}],"wp:term":[{"taxonomy":"product_brand","embeddable":true,"href":"https:\/\/ecosupplements.be\/fr\/wp-json\/wp\/v2\/product_brand?post=302022"},{"taxonomy":"product_cat","embeddable":true,"href":"https:\/\/ecosupplements.be\/fr\/wp-json\/wp\/v2\/product_cat?post=302022"},{"taxonomy":"product_tag","embeddable":true,"href":"https:\/\/ecosupplements.be\/fr\/wp-json\/wp\/v2\/product_tag?post=302022"}],"curies":[{"name":"wp","href":"https:\/\/api.w.org\/{rel}","templated":true}]}}