{"id":302055,"date":"2025-07-26T04:31:18","date_gmt":"2025-07-26T03:31:18","guid":{"rendered":"https:\/\/ecosupplements.be\/product\/olma-pharm-omega-3-forte-from-peruvian-anchovies-60-capsules\/"},"modified":"2025-08-28T03:30:33","modified_gmt":"2025-08-28T02:30:33","slug":"olma-pharm-omega-3-forte-from-peruvian-anchovies-60-capsules","status":"publish","type":"product","link":"https:\/\/ecosupplements.be\/fr\/produit\/olma-pharm-omega-3-forte-from-peruvian-anchovies-60-capsules\/","title":{"rendered":"OMEGA 3 Forte d&#8217;Anchois P\u00e9ruviens (60 capsules)"},"content":{"rendered":"<p><strong>OLMA PHARM Omega 3 Forte from Peruvian Anchovies (60 capsules)<\/strong><\/p>\n<p>D\u00e9couvrez les capsules OLMA PHARM Omega 3 Forte, \u00e9labor\u00e9es \u00e0 partir d&#8217;huile de haute qualit\u00e9 extraite des anchois p\u00e9ruviens. Ces capsules sont un choix parfait pour ceux qui appr\u00e9cient les ingr\u00e9dients naturels dans un mode de vie actif.<\/p>\n<p>Ces capsules contiennent de l&#8217;huile issue exclusivement d&#8217;anchois p\u00e9ruviens, reconnus pour leur puret\u00e9 exceptionnelle. Le processus de fabrication garantit la conservation des qualit\u00e9s naturelles du produit, sans ajout d&#8217;ar\u00f4mes artificiels ou de conservateurs.<\/p>\n<p><strong>Ingr\u00e9dients principaux :<\/strong> huile de poisson issue d&#8217;anchois p\u00e9ruviens, composants de la capsule : g\u00e9latine bovine, glyc\u00e9rol (pour maintenir l&#8217;humidit\u00e9), eau.<\/p>\n<p><strong>Contenu et emballage :<\/strong> Chaque paquet contient 60 capsules faciles \u00e0 utiliser.<\/p>\n<p><strong>Utilisation :<\/strong> La dose journali\u00e8re recommand\u00e9e est une capsule. Il est conseill\u00e9 d&#8217;avaler la capsule avec un peu d&#8217;eau.<\/p>\n<p>Ces capsules sont con\u00e7ues pour \u00eatre int\u00e9gr\u00e9es facilement dans votre quotidien sans modifier vos habitudes alimentaires habituelles. Elles se distinguent par leur format pratique qui permet une utilisation simple et efficace au quotidien.<\/p>\n","protected":false},"excerpt":{"rendered":"<p>OLMA PHARM Omega 3 Forte from Peruvian Anchovies (60 capsules) D\u00e9couvrez les capsules OLMA PHARM Omega 3 Forte, \u00e9labor\u00e9es \u00e0 partir d&#8217;huile de haute qualit\u00e9 extraite des anchois p\u00e9ruviens. Ces capsules sont un choix parfait pour ceux qui appr\u00e9cient les ingr\u00e9dients naturels dans un mode de vie actif. Ces capsules contiennent de l&#8217;huile issue exclusivement [&#8230;]\n","protected":false},"featured_media":276195,"comment_status":"closed","ping_status":"open","template":"","meta":[],"product_brand":[5376],"product_cat":[5082,5053],"product_tag":[],"class_list":{"0":"post-302055","1":"product","2":"type-product","3":"status-publish","4":"has-post-thumbnail","6":"product_brand-olma-pharm-2","7":"product_cat-omegas-efa-cla-huiles","8":"product_cat-vitamines-et-mineraux","10":"first","11":"instock","12":"taxable","13":"shipping-taxable","14":"purchasable","15":"product-type-simple"},"yoast_head":"<!-- This site is optimized with the Yoast SEO Premium plugin v27.3 (Yoast SEO v27.3) - https:\/\/yoast.com\/product\/yoast-seo-premium-wordpress\/ -->\n<title>OMEGA 3 Forte d&#039;Anchois P\u00e9ruviens (60 capsules) - ECO Supplements<\/title>\n<meta name=\"description\" content=\"Wij hebben een ruime keuze aan producten van OMEGA 3 Forte d&#039;Anchois P\u00e9ruviens (60 capsules) . Winkel bij Eco Supplements altijd gratis verzending boven 100\u20ac\" \/>\n<meta name=\"robots\" content=\"index, follow, max-snippet:-1, max-image-preview:large, max-video-preview:-1\" \/>\n<link rel=\"canonical\" href=\"https:\/\/ecosupplements.be\/fr\/produit\/olma-pharm-omega-3-forte-from-peruvian-anchovies-60-capsules\/\" \/>\n<meta property=\"og:locale\" content=\"fr_FR\" \/>\n<meta property=\"og:type\" content=\"article\" \/>\n<meta property=\"og:title\" content=\"OMEGA 3 Forte d&#039;Anchois P\u00e9ruviens (60 capsules)\" \/>\n<meta property=\"og:description\" content=\"Wij hebben een ruime keuze aan producten van OMEGA 3 Forte d&#039;Anchois P\u00e9ruviens (60 capsules) . Winkel bij Eco Supplements altijd gratis verzending boven 100\u20ac\" \/>\n<meta property=\"og:url\" content=\"https:\/\/ecosupplements.be\/fr\/produit\/olma-pharm-omega-3-forte-from-peruvian-anchovies-60-capsules\/\" \/>\n<meta property=\"og:site_name\" content=\"ECO Supplements\" \/>\n<meta property=\"article:modified_time\" content=\"2025-08-28T02:30:33+00:00\" \/>\n<meta property=\"og:image\" content=\"https:\/\/ecosupplements.be\/wp-content\/uploads\/2025\/08\/Olma-Pharm-OLMA-PHARM-Omega-3-Forte-from-Peruvian-Anchovies-60-capsules.jpg\" \/>\n\t<meta property=\"og:image:width\" content=\"1050\" \/>\n\t<meta property=\"og:image:height\" content=\"1576\" \/>\n\t<meta property=\"og:image:type\" content=\"image\/jpeg\" \/>\n<meta name=\"twitter:card\" content=\"summary_large_image\" \/>\n<meta name=\"twitter:label1\" content=\"Prix\" \/>\n\t<meta name=\"twitter:data1\" content=\"18.62&nbsp;&euro;\" \/>\n\t<meta name=\"twitter:label2\" content=\"Disponibilit\u00e9\" \/>\n\t<meta name=\"twitter:data2\" content=\"En stock\" \/>\n<script type=\"application\/ld+json\" class=\"yoast-schema-graph\">{\"@context\":\"https:\\\/\\\/schema.org\",\"@graph\":[{\"@type\":[\"WebPage\",\"ItemPage\"],\"@id\":\"https:\\\/\\\/ecosupplements.be\\\/fr\\\/produit\\\/olma-pharm-omega-3-forte-from-peruvian-anchovies-60-capsules\\\/\",\"url\":\"https:\\\/\\\/ecosupplements.be\\\/fr\\\/produit\\\/olma-pharm-omega-3-forte-from-peruvian-anchovies-60-capsules\\\/\",\"name\":\"OMEGA 3 Forte d'Anchois P\u00e9ruviens (60 capsules) - ECO Supplements\",\"isPartOf\":{\"@id\":\"https:\\\/\\\/ecosupplements.be\\\/fr\\\/#website\"},\"primaryImageOfPage\":{\"@id\":\"https:\\\/\\\/ecosupplements.be\\\/fr\\\/produit\\\/olma-pharm-omega-3-forte-from-peruvian-anchovies-60-capsules\\\/#primaryimage\"},\"image\":{\"@id\":\"https:\\\/\\\/ecosupplements.be\\\/fr\\\/produit\\\/olma-pharm-omega-3-forte-from-peruvian-anchovies-60-capsules\\\/#primaryimage\"},\"thumbnailUrl\":\"https:\\\/\\\/ecosupplements.be\\\/wp-content\\\/uploads\\\/2025\\\/08\\\/OLMA-PHARM-Omega-3-Forte-from-Peruvian-Anchovies-60-capsules.jpg\",\"datePublished\":\"2025-07-26T03:31:18+00:00\",\"dateModified\":\"2025-08-28T02:30:33+00:00\",\"description\":\"Wij hebben een ruime keuze aan producten van OMEGA 3 Forte d'Anchois P\u00e9ruviens (60 capsules) . Winkel bij Eco Supplements altijd gratis verzending boven 100\u20ac\",\"breadcrumb\":{\"@id\":\"https:\\\/\\\/ecosupplements.be\\\/fr\\\/produit\\\/olma-pharm-omega-3-forte-from-peruvian-anchovies-60-capsules\\\/#breadcrumb\"},\"inLanguage\":\"fr-FR\",\"potentialAction\":[{\"@type\":\"ReadAction\",\"target\":[\"https:\\\/\\\/ecosupplements.be\\\/fr\\\/produit\\\/olma-pharm-omega-3-forte-from-peruvian-anchovies-60-capsules\\\/\"]}]},{\"@type\":\"ImageObject\",\"inLanguage\":\"fr-FR\",\"@id\":\"https:\\\/\\\/ecosupplements.be\\\/fr\\\/produit\\\/olma-pharm-omega-3-forte-from-peruvian-anchovies-60-capsules\\\/#primaryimage\",\"url\":\"https:\\\/\\\/ecosupplements.be\\\/wp-content\\\/uploads\\\/2025\\\/08\\\/OLMA-PHARM-Omega-3-Forte-from-Peruvian-Anchovies-60-capsules.jpg\",\"contentUrl\":\"https:\\\/\\\/ecosupplements.be\\\/wp-content\\\/uploads\\\/2025\\\/08\\\/OLMA-PHARM-Omega-3-Forte-from-Peruvian-Anchovies-60-capsules.jpg\",\"width\":1050,\"height\":1576},{\"@type\":\"BreadcrumbList\",\"@id\":\"https:\\\/\\\/ecosupplements.be\\\/fr\\\/produit\\\/olma-pharm-omega-3-forte-from-peruvian-anchovies-60-capsules\\\/#breadcrumb\",\"itemListElement\":[{\"@type\":\"ListItem\",\"position\":1,\"name\":\"Home\",\"item\":\"https:\\\/\\\/ecosupplements.be\\\/fr\\\/\"},{\"@type\":\"ListItem\",\"position\":2,\"name\":\"Boutique\",\"item\":\"https:\\\/\\\/ecosupplements.be\\\/fr\\\/boutique\\\/\"},{\"@type\":\"ListItem\",\"position\":3,\"name\":\"OMEGA 3 Forte d&#8217;Anchois P\u00e9ruviens (60 capsules)\"}]},{\"@type\":\"WebSite\",\"@id\":\"https:\\\/\\\/ecosupplements.be\\\/fr\\\/#website\",\"url\":\"https:\\\/\\\/ecosupplements.be\\\/fr\\\/\",\"name\":\"ECO Supplements\",\"description\":\"Eco Supplements - Gezonde supplementen\",\"publisher\":{\"@id\":\"https:\\\/\\\/ecosupplements.be\\\/fr\\\/#organization\"},\"potentialAction\":[{\"@type\":\"SearchAction\",\"target\":{\"@type\":\"EntryPoint\",\"urlTemplate\":\"https:\\\/\\\/ecosupplements.be\\\/fr\\\/?s={search_term_string}\"},\"query-input\":{\"@type\":\"PropertyValueSpecification\",\"valueRequired\":true,\"valueName\":\"search_term_string\"}}],\"inLanguage\":\"fr-FR\"},{\"@type\":\"Organization\",\"@id\":\"https:\\\/\\\/ecosupplements.be\\\/fr\\\/#organization\",\"name\":\"Eco Supplements\",\"url\":\"https:\\\/\\\/ecosupplements.be\\\/fr\\\/\",\"logo\":{\"@type\":\"ImageObject\",\"inLanguage\":\"fr-FR\",\"@id\":\"https:\\\/\\\/ecosupplements.be\\\/fr\\\/#\\\/schema\\\/logo\\\/image\\\/\",\"url\":\"https:\\\/\\\/ecosupplements.be\\\/wp-content\\\/uploads\\\/2022\\\/06\\\/ecosupplement-family.png\",\"contentUrl\":\"https:\\\/\\\/ecosupplements.be\\\/wp-content\\\/uploads\\\/2022\\\/06\\\/ecosupplement-family.png\",\"width\":593,\"height\":374,\"caption\":\"Eco Supplements\"},\"image\":{\"@id\":\"https:\\\/\\\/ecosupplements.be\\\/fr\\\/#\\\/schema\\\/logo\\\/image\\\/\"}}]}<\/script>\n<meta property=\"product:brand\" content=\"Olma Pharm\" \/>\n<meta property=\"product:price:amount\" content=\"18.62\" \/>\n<meta property=\"product:price:currency\" content=\"EUR\" \/>\n<meta property=\"og:availability\" content=\"instock\" \/>\n<meta property=\"product:availability\" content=\"instock\" \/>\n<meta property=\"product:retailer_item_id\" content=\"5904474880647\" \/>\n<meta property=\"product:condition\" content=\"new\" \/>\n<!-- \/ Yoast SEO Premium plugin. -->","yoast_head_json":{"title":"OMEGA 3 Forte d'Anchois P\u00e9ruviens (60 capsules) - ECO Supplements","description":"Wij hebben een ruime keuze aan producten van OMEGA 3 Forte d'Anchois P\u00e9ruviens (60 capsules) . Winkel bij Eco Supplements altijd gratis verzending boven 100\u20ac","robots":{"index":"index","follow":"follow","max-snippet":"max-snippet:-1","max-image-preview":"max-image-preview:large","max-video-preview":"max-video-preview:-1"},"canonical":"https:\/\/ecosupplements.be\/fr\/produit\/olma-pharm-omega-3-forte-from-peruvian-anchovies-60-capsules\/","og_locale":"fr_FR","og_type":"article","og_title":"OMEGA 3 Forte d'Anchois P\u00e9ruviens (60 capsules)","og_description":"Wij hebben een ruime keuze aan producten van OMEGA 3 Forte d'Anchois P\u00e9ruviens (60 capsules) . Winkel bij Eco Supplements altijd gratis verzending boven 100\u20ac","og_url":"https:\/\/ecosupplements.be\/fr\/produit\/olma-pharm-omega-3-forte-from-peruvian-anchovies-60-capsules\/","og_site_name":"ECO Supplements","article_modified_time":"2025-08-28T02:30:33+00:00","og_image":[{"width":1050,"height":1576,"url":"https:\/\/ecosupplements.be\/wp-content\/uploads\/2025\/08\/Olma-Pharm-OLMA-PHARM-Omega-3-Forte-from-Peruvian-Anchovies-60-capsules.jpg","type":"image\/jpeg"}],"twitter_card":"summary_large_image","twitter_misc":{"Prix":"18.62&nbsp;&euro;","Disponibilit\u00e9":"En stock"},"schema":{"@context":"https:\/\/schema.org","@graph":[{"@type":["WebPage","ItemPage"],"@id":"https:\/\/ecosupplements.be\/fr\/produit\/olma-pharm-omega-3-forte-from-peruvian-anchovies-60-capsules\/","url":"https:\/\/ecosupplements.be\/fr\/produit\/olma-pharm-omega-3-forte-from-peruvian-anchovies-60-capsules\/","name":"OMEGA 3 Forte d'Anchois P\u00e9ruviens (60 capsules) - ECO Supplements","isPartOf":{"@id":"https:\/\/ecosupplements.be\/fr\/#website"},"primaryImageOfPage":{"@id":"https:\/\/ecosupplements.be\/fr\/produit\/olma-pharm-omega-3-forte-from-peruvian-anchovies-60-capsules\/#primaryimage"},"image":{"@id":"https:\/\/ecosupplements.be\/fr\/produit\/olma-pharm-omega-3-forte-from-peruvian-anchovies-60-capsules\/#primaryimage"},"thumbnailUrl":"https:\/\/ecosupplements.be\/wp-content\/uploads\/2025\/08\/OLMA-PHARM-Omega-3-Forte-from-Peruvian-Anchovies-60-capsules.jpg","datePublished":"2025-07-26T03:31:18+00:00","dateModified":"2025-08-28T02:30:33+00:00","description":"Wij hebben een ruime keuze aan producten van OMEGA 3 Forte d'Anchois P\u00e9ruviens (60 capsules) . Winkel bij Eco Supplements altijd gratis verzending boven 100\u20ac","breadcrumb":{"@id":"https:\/\/ecosupplements.be\/fr\/produit\/olma-pharm-omega-3-forte-from-peruvian-anchovies-60-capsules\/#breadcrumb"},"inLanguage":"fr-FR","potentialAction":[{"@type":"ReadAction","target":["https:\/\/ecosupplements.be\/fr\/produit\/olma-pharm-omega-3-forte-from-peruvian-anchovies-60-capsules\/"]}]},{"@type":"ImageObject","inLanguage":"fr-FR","@id":"https:\/\/ecosupplements.be\/fr\/produit\/olma-pharm-omega-3-forte-from-peruvian-anchovies-60-capsules\/#primaryimage","url":"https:\/\/ecosupplements.be\/wp-content\/uploads\/2025\/08\/OLMA-PHARM-Omega-3-Forte-from-Peruvian-Anchovies-60-capsules.jpg","contentUrl":"https:\/\/ecosupplements.be\/wp-content\/uploads\/2025\/08\/OLMA-PHARM-Omega-3-Forte-from-Peruvian-Anchovies-60-capsules.jpg","width":1050,"height":1576},{"@type":"BreadcrumbList","@id":"https:\/\/ecosupplements.be\/fr\/produit\/olma-pharm-omega-3-forte-from-peruvian-anchovies-60-capsules\/#breadcrumb","itemListElement":[{"@type":"ListItem","position":1,"name":"Home","item":"https:\/\/ecosupplements.be\/fr\/"},{"@type":"ListItem","position":2,"name":"Boutique","item":"https:\/\/ecosupplements.be\/fr\/boutique\/"},{"@type":"ListItem","position":3,"name":"OMEGA 3 Forte d&#8217;Anchois P\u00e9ruviens (60 capsules)"}]},{"@type":"WebSite","@id":"https:\/\/ecosupplements.be\/fr\/#website","url":"https:\/\/ecosupplements.be\/fr\/","name":"ECO Supplements","description":"Eco Supplements - Gezonde supplementen","publisher":{"@id":"https:\/\/ecosupplements.be\/fr\/#organization"},"potentialAction":[{"@type":"SearchAction","target":{"@type":"EntryPoint","urlTemplate":"https:\/\/ecosupplements.be\/fr\/?s={search_term_string}"},"query-input":{"@type":"PropertyValueSpecification","valueRequired":true,"valueName":"search_term_string"}}],"inLanguage":"fr-FR"},{"@type":"Organization","@id":"https:\/\/ecosupplements.be\/fr\/#organization","name":"Eco Supplements","url":"https:\/\/ecosupplements.be\/fr\/","logo":{"@type":"ImageObject","inLanguage":"fr-FR","@id":"https:\/\/ecosupplements.be\/fr\/#\/schema\/logo\/image\/","url":"https:\/\/ecosupplements.be\/wp-content\/uploads\/2022\/06\/ecosupplement-family.png","contentUrl":"https:\/\/ecosupplements.be\/wp-content\/uploads\/2022\/06\/ecosupplement-family.png","width":593,"height":374,"caption":"Eco Supplements"},"image":{"@id":"https:\/\/ecosupplements.be\/fr\/#\/schema\/logo\/image\/"}}]},"product_brand":"Olma Pharm","product_price_amount":"18.62","product_price_currency":"EUR","og_availability":"instock","product_availability":"instock","product_retailer_item_id":"5904474880647","product_condition":"new"},"_links":{"self":[{"href":"https:\/\/ecosupplements.be\/fr\/wp-json\/wp\/v2\/product\/302055","targetHints":{"allow":["GET"]}}],"collection":[{"href":"https:\/\/ecosupplements.be\/fr\/wp-json\/wp\/v2\/product"}],"about":[{"href":"https:\/\/ecosupplements.be\/fr\/wp-json\/wp\/v2\/types\/product"}],"replies":[{"embeddable":true,"href":"https:\/\/ecosupplements.be\/fr\/wp-json\/wp\/v2\/comments?post=302055"}],"wp:featuredmedia":[{"embeddable":true,"href":"https:\/\/ecosupplements.be\/fr\/wp-json\/wp\/v2\/media\/276195"}],"wp:attachment":[{"href":"https:\/\/ecosupplements.be\/fr\/wp-json\/wp\/v2\/media?parent=302055"}],"wp:term":[{"taxonomy":"product_brand","embeddable":true,"href":"https:\/\/ecosupplements.be\/fr\/wp-json\/wp\/v2\/product_brand?post=302055"},{"taxonomy":"product_cat","embeddable":true,"href":"https:\/\/ecosupplements.be\/fr\/wp-json\/wp\/v2\/product_cat?post=302055"},{"taxonomy":"product_tag","embeddable":true,"href":"https:\/\/ecosupplements.be\/fr\/wp-json\/wp\/v2\/product_tag?post=302055"}],"curies":[{"name":"wp","href":"https:\/\/api.w.org\/{rel}","templated":true}]}}