{"id":302064,"date":"2025-07-26T04:45:13","date_gmt":"2025-07-26T03:45:13","guid":{"rendered":"https:\/\/ecosupplements.be\/product\/olmuhle-solling-bio-mango-balsamic-cream-100-ml-3-4-fl-oz\/"},"modified":"2025-08-28T03:30:43","modified_gmt":"2025-08-28T02:30:43","slug":"olmuhle-solling-bio-mango-balsamic-cream-100-ml-3-4-fl-oz","status":"publish","type":"product","link":"https:\/\/ecosupplements.be\/fr\/produit\/olmuhle-solling-bio-mango-balsamic-cream-100-ml-3-4-fl-oz\/","title":{"rendered":"Cr\u00e8me balsamique \u00e0 la mangue bio de la Solling (100 ml\/ 3.4 fl. oz.)"},"content":{"rendered":"<p><strong>Nom du produit :<\/strong> OLMUHLE SOLLING Bio mango balsamic cream<\/p>\n<p><strong>Description :<\/strong> D\u00e9couvrez la douceur fruit\u00e9e de notre cr\u00e8me balsamique \u00e0 la mangue, une composition exquise faite avec du vinaigre de vin brandy fait maison et une pur\u00e9e de mangue biologique. Parfaite pour enrichir vos vinaigrettes en l&#8217;associant \u00e0 de l&#8217;huile d&#8217;olive extra vierge bio ou d&#8217;autres huiles, cette cr\u00e8me offre une multitude de possibilit\u00e9s pour rehausser vos plats.<\/p>\n<p><strong>Ingr\u00e9dients :<\/strong> Sirop de sucre inverti*, pur\u00e9e de mangue* (36%), vinaigre de vin brandy*. *Issus de l&#8217;agriculture biologique. Contient des sulfites.<\/p>\n<p><strong>Contenu et emballage :<\/strong> Flacon pratique de 100 ml \/ 3.4 fl. oz.<\/p>\n<p><strong>Utilisation recommand\u00e9e :<\/strong> Id\u00e9ale comme compl\u00e9ment pour assaisonner salades, dips, sauces et desserts.<\/p>\n<p><b>Modes pratiques : <\/b>Ce produit est facile \u00e0 utiliser au quotidien gr\u00e2ce \u00e0 son emballage fonctionnel qui permet un dosage pr\u00e9cis sans gaspillage.<\/p>\n<p><b>Conservation : <\/b>Gardez dans un endroit frais et sombre pour maintenir sa qualit\u00e9 optimale.<\/p>\n<p>Note: Les informations sur les valeurs nutritionnelles ne sont pas incluses conform\u00e9ment aux instructions fournies.<\/p>\n","protected":false},"excerpt":{"rendered":"<p>Nom du produit : OLMUHLE SOLLING Bio mango balsamic cream Description : D\u00e9couvrez la douceur fruit\u00e9e de notre cr\u00e8me balsamique \u00e0 la mangue, une composition exquise faite avec du vinaigre de vin brandy fait maison et une pur\u00e9e de mangue biologique. Parfaite pour enrichir vos vinaigrettes en l&#8217;associant \u00e0 de l&#8217;huile d&#8217;olive extra vierge bio [&#8230;]\n","protected":false},"featured_media":276204,"comment_status":"closed","ping_status":"open","template":"","meta":[],"product_brand":[5377],"product_cat":[5054],"product_tag":[],"class_list":{"0":"post-302064","1":"product","2":"type-product","3":"status-publish","4":"has-post-thumbnail","6":"product_brand-olmuhle-solling-2","7":"product_cat-nourriture-saine","9":"first","10":"instock","11":"taxable","12":"shipping-taxable","13":"purchasable","14":"product-type-simple"},"yoast_head":"<!-- This site is optimized with the Yoast SEO Premium plugin v27.3 (Yoast SEO v27.3) - https:\/\/yoast.com\/product\/yoast-seo-premium-wordpress\/ -->\n<title>Cr\u00e8me balsamique \u00e0 la mangue bio de la Solling (100 ml\/ 3.4 fl. oz.) - ECO Supplements<\/title>\n<meta name=\"description\" content=\"Wij hebben een ruime keuze aan producten van Cr\u00e8me balsamique \u00e0 la mangue bio de la Solling (100 ml\/ 3.4 fl. oz.) . Winkel bij Eco Supplements altijd gratis verzending boven 100\u20ac\" \/>\n<meta name=\"robots\" content=\"index, follow, max-snippet:-1, max-image-preview:large, max-video-preview:-1\" \/>\n<link rel=\"canonical\" href=\"https:\/\/ecosupplements.be\/fr\/produit\/olmuhle-solling-bio-mango-balsamic-cream-100-ml-3-4-fl-oz\/\" \/>\n<meta property=\"og:locale\" content=\"fr_FR\" \/>\n<meta property=\"og:type\" content=\"article\" \/>\n<meta property=\"og:title\" content=\"Cr\u00e8me balsamique \u00e0 la mangue bio de la Solling (100 ml\/ 3.4 fl. oz.)\" \/>\n<meta property=\"og:description\" content=\"Wij hebben een ruime keuze aan producten van Cr\u00e8me balsamique \u00e0 la mangue bio de la Solling (100 ml\/ 3.4 fl. oz.) . Winkel bij Eco Supplements altijd gratis verzending boven 100\u20ac\" \/>\n<meta property=\"og:url\" content=\"https:\/\/ecosupplements.be\/fr\/produit\/olmuhle-solling-bio-mango-balsamic-cream-100-ml-3-4-fl-oz\/\" \/>\n<meta property=\"og:site_name\" content=\"ECO Supplements\" \/>\n<meta property=\"article:modified_time\" content=\"2025-08-28T02:30:43+00:00\" \/>\n<meta property=\"og:image\" content=\"https:\/\/ecosupplements.be\/wp-content\/uploads\/2025\/08\/Olmuhle-Solling-OLMUHLE-SOLLING-Bio-mango-balsamic-cream-100-ml-3.4-fl.-oz.jpg\" \/>\n\t<meta property=\"og:image:width\" content=\"157\" \/>\n\t<meta property=\"og:image:height\" content=\"600\" \/>\n\t<meta property=\"og:image:type\" content=\"image\/jpeg\" \/>\n<meta name=\"twitter:card\" content=\"summary_large_image\" \/>\n<meta name=\"twitter:label1\" content=\"Prix\" \/>\n\t<meta name=\"twitter:data1\" content=\"7.78&nbsp;&euro;\" \/>\n\t<meta name=\"twitter:label2\" content=\"Disponibilit\u00e9\" \/>\n\t<meta name=\"twitter:data2\" content=\"En stock\" \/>\n<script type=\"application\/ld+json\" class=\"yoast-schema-graph\">{\"@context\":\"https:\\\/\\\/schema.org\",\"@graph\":[{\"@type\":[\"WebPage\",\"ItemPage\"],\"@id\":\"https:\\\/\\\/ecosupplements.be\\\/fr\\\/produit\\\/olmuhle-solling-bio-mango-balsamic-cream-100-ml-3-4-fl-oz\\\/\",\"url\":\"https:\\\/\\\/ecosupplements.be\\\/fr\\\/produit\\\/olmuhle-solling-bio-mango-balsamic-cream-100-ml-3-4-fl-oz\\\/\",\"name\":\"Cr\u00e8me balsamique \u00e0 la mangue bio de la Solling (100 ml\\\/ 3.4 fl. oz.) - ECO Supplements\",\"isPartOf\":{\"@id\":\"https:\\\/\\\/ecosupplements.be\\\/fr\\\/#website\"},\"primaryImageOfPage\":{\"@id\":\"https:\\\/\\\/ecosupplements.be\\\/fr\\\/produit\\\/olmuhle-solling-bio-mango-balsamic-cream-100-ml-3-4-fl-oz\\\/#primaryimage\"},\"image\":{\"@id\":\"https:\\\/\\\/ecosupplements.be\\\/fr\\\/produit\\\/olmuhle-solling-bio-mango-balsamic-cream-100-ml-3-4-fl-oz\\\/#primaryimage\"},\"thumbnailUrl\":\"https:\\\/\\\/ecosupplements.be\\\/wp-content\\\/uploads\\\/2025\\\/08\\\/OLMUHLE-SOLLING-Bio-mango-balsamic-cream-100-ml-3.4-fl.-oz.jpg\",\"datePublished\":\"2025-07-26T03:45:13+00:00\",\"dateModified\":\"2025-08-28T02:30:43+00:00\",\"description\":\"Wij hebben een ruime keuze aan producten van Cr\u00e8me balsamique \u00e0 la mangue bio de la Solling (100 ml\\\/ 3.4 fl. oz.) . Winkel bij Eco Supplements altijd gratis verzending boven 100\u20ac\",\"breadcrumb\":{\"@id\":\"https:\\\/\\\/ecosupplements.be\\\/fr\\\/produit\\\/olmuhle-solling-bio-mango-balsamic-cream-100-ml-3-4-fl-oz\\\/#breadcrumb\"},\"inLanguage\":\"fr-FR\",\"potentialAction\":[{\"@type\":\"ReadAction\",\"target\":[\"https:\\\/\\\/ecosupplements.be\\\/fr\\\/produit\\\/olmuhle-solling-bio-mango-balsamic-cream-100-ml-3-4-fl-oz\\\/\"]}]},{\"@type\":\"ImageObject\",\"inLanguage\":\"fr-FR\",\"@id\":\"https:\\\/\\\/ecosupplements.be\\\/fr\\\/produit\\\/olmuhle-solling-bio-mango-balsamic-cream-100-ml-3-4-fl-oz\\\/#primaryimage\",\"url\":\"https:\\\/\\\/ecosupplements.be\\\/wp-content\\\/uploads\\\/2025\\\/08\\\/OLMUHLE-SOLLING-Bio-mango-balsamic-cream-100-ml-3.4-fl.-oz.jpg\",\"contentUrl\":\"https:\\\/\\\/ecosupplements.be\\\/wp-content\\\/uploads\\\/2025\\\/08\\\/OLMUHLE-SOLLING-Bio-mango-balsamic-cream-100-ml-3.4-fl.-oz.jpg\",\"width\":157,\"height\":600},{\"@type\":\"BreadcrumbList\",\"@id\":\"https:\\\/\\\/ecosupplements.be\\\/fr\\\/produit\\\/olmuhle-solling-bio-mango-balsamic-cream-100-ml-3-4-fl-oz\\\/#breadcrumb\",\"itemListElement\":[{\"@type\":\"ListItem\",\"position\":1,\"name\":\"Home\",\"item\":\"https:\\\/\\\/ecosupplements.be\\\/fr\\\/\"},{\"@type\":\"ListItem\",\"position\":2,\"name\":\"Boutique\",\"item\":\"https:\\\/\\\/ecosupplements.be\\\/fr\\\/boutique\\\/\"},{\"@type\":\"ListItem\",\"position\":3,\"name\":\"Cr\u00e8me balsamique \u00e0 la mangue bio de la Solling (100 ml\\\/ 3.4 fl. oz.)\"}]},{\"@type\":\"WebSite\",\"@id\":\"https:\\\/\\\/ecosupplements.be\\\/fr\\\/#website\",\"url\":\"https:\\\/\\\/ecosupplements.be\\\/fr\\\/\",\"name\":\"ECO Supplements\",\"description\":\"Eco Supplements - Gezonde supplementen\",\"publisher\":{\"@id\":\"https:\\\/\\\/ecosupplements.be\\\/fr\\\/#organization\"},\"potentialAction\":[{\"@type\":\"SearchAction\",\"target\":{\"@type\":\"EntryPoint\",\"urlTemplate\":\"https:\\\/\\\/ecosupplements.be\\\/fr\\\/?s={search_term_string}\"},\"query-input\":{\"@type\":\"PropertyValueSpecification\",\"valueRequired\":true,\"valueName\":\"search_term_string\"}}],\"inLanguage\":\"fr-FR\"},{\"@type\":\"Organization\",\"@id\":\"https:\\\/\\\/ecosupplements.be\\\/fr\\\/#organization\",\"name\":\"Eco Supplements\",\"url\":\"https:\\\/\\\/ecosupplements.be\\\/fr\\\/\",\"logo\":{\"@type\":\"ImageObject\",\"inLanguage\":\"fr-FR\",\"@id\":\"https:\\\/\\\/ecosupplements.be\\\/fr\\\/#\\\/schema\\\/logo\\\/image\\\/\",\"url\":\"https:\\\/\\\/ecosupplements.be\\\/wp-content\\\/uploads\\\/2022\\\/06\\\/ecosupplement-family.png\",\"contentUrl\":\"https:\\\/\\\/ecosupplements.be\\\/wp-content\\\/uploads\\\/2022\\\/06\\\/ecosupplement-family.png\",\"width\":593,\"height\":374,\"caption\":\"Eco Supplements\"},\"image\":{\"@id\":\"https:\\\/\\\/ecosupplements.be\\\/fr\\\/#\\\/schema\\\/logo\\\/image\\\/\"}}]}<\/script>\n<meta property=\"product:brand\" content=\"\u00d6lm\u00fchle Solling\" \/>\n<meta property=\"product:price:amount\" content=\"7.78\" \/>\n<meta property=\"product:price:currency\" content=\"EUR\" \/>\n<meta property=\"og:availability\" content=\"instock\" \/>\n<meta property=\"product:availability\" content=\"instock\" \/>\n<meta property=\"product:retailer_item_id\" content=\"4031192328111\" \/>\n<meta property=\"product:condition\" content=\"new\" \/>\n<!-- \/ Yoast SEO Premium plugin. -->","yoast_head_json":{"title":"Cr\u00e8me balsamique \u00e0 la mangue bio de la Solling (100 ml\/ 3.4 fl. oz.) - ECO Supplements","description":"Wij hebben een ruime keuze aan producten van Cr\u00e8me balsamique \u00e0 la mangue bio de la Solling (100 ml\/ 3.4 fl. oz.) . Winkel bij Eco Supplements altijd gratis verzending boven 100\u20ac","robots":{"index":"index","follow":"follow","max-snippet":"max-snippet:-1","max-image-preview":"max-image-preview:large","max-video-preview":"max-video-preview:-1"},"canonical":"https:\/\/ecosupplements.be\/fr\/produit\/olmuhle-solling-bio-mango-balsamic-cream-100-ml-3-4-fl-oz\/","og_locale":"fr_FR","og_type":"article","og_title":"Cr\u00e8me balsamique \u00e0 la mangue bio de la Solling (100 ml\/ 3.4 fl. oz.)","og_description":"Wij hebben een ruime keuze aan producten van Cr\u00e8me balsamique \u00e0 la mangue bio de la Solling (100 ml\/ 3.4 fl. oz.) . Winkel bij Eco Supplements altijd gratis verzending boven 100\u20ac","og_url":"https:\/\/ecosupplements.be\/fr\/produit\/olmuhle-solling-bio-mango-balsamic-cream-100-ml-3-4-fl-oz\/","og_site_name":"ECO Supplements","article_modified_time":"2025-08-28T02:30:43+00:00","og_image":[{"width":157,"height":600,"url":"https:\/\/ecosupplements.be\/wp-content\/uploads\/2025\/08\/Olmuhle-Solling-OLMUHLE-SOLLING-Bio-mango-balsamic-cream-100-ml-3.4-fl.-oz.jpg","type":"image\/jpeg"}],"twitter_card":"summary_large_image","twitter_misc":{"Prix":"7.78&nbsp;&euro;","Disponibilit\u00e9":"En stock"},"schema":{"@context":"https:\/\/schema.org","@graph":[{"@type":["WebPage","ItemPage"],"@id":"https:\/\/ecosupplements.be\/fr\/produit\/olmuhle-solling-bio-mango-balsamic-cream-100-ml-3-4-fl-oz\/","url":"https:\/\/ecosupplements.be\/fr\/produit\/olmuhle-solling-bio-mango-balsamic-cream-100-ml-3-4-fl-oz\/","name":"Cr\u00e8me balsamique \u00e0 la mangue bio de la Solling (100 ml\/ 3.4 fl. oz.) - ECO Supplements","isPartOf":{"@id":"https:\/\/ecosupplements.be\/fr\/#website"},"primaryImageOfPage":{"@id":"https:\/\/ecosupplements.be\/fr\/produit\/olmuhle-solling-bio-mango-balsamic-cream-100-ml-3-4-fl-oz\/#primaryimage"},"image":{"@id":"https:\/\/ecosupplements.be\/fr\/produit\/olmuhle-solling-bio-mango-balsamic-cream-100-ml-3-4-fl-oz\/#primaryimage"},"thumbnailUrl":"https:\/\/ecosupplements.be\/wp-content\/uploads\/2025\/08\/OLMUHLE-SOLLING-Bio-mango-balsamic-cream-100-ml-3.4-fl.-oz.jpg","datePublished":"2025-07-26T03:45:13+00:00","dateModified":"2025-08-28T02:30:43+00:00","description":"Wij hebben een ruime keuze aan producten van Cr\u00e8me balsamique \u00e0 la mangue bio de la Solling (100 ml\/ 3.4 fl. oz.) . Winkel bij Eco Supplements altijd gratis verzending boven 100\u20ac","breadcrumb":{"@id":"https:\/\/ecosupplements.be\/fr\/produit\/olmuhle-solling-bio-mango-balsamic-cream-100-ml-3-4-fl-oz\/#breadcrumb"},"inLanguage":"fr-FR","potentialAction":[{"@type":"ReadAction","target":["https:\/\/ecosupplements.be\/fr\/produit\/olmuhle-solling-bio-mango-balsamic-cream-100-ml-3-4-fl-oz\/"]}]},{"@type":"ImageObject","inLanguage":"fr-FR","@id":"https:\/\/ecosupplements.be\/fr\/produit\/olmuhle-solling-bio-mango-balsamic-cream-100-ml-3-4-fl-oz\/#primaryimage","url":"https:\/\/ecosupplements.be\/wp-content\/uploads\/2025\/08\/OLMUHLE-SOLLING-Bio-mango-balsamic-cream-100-ml-3.4-fl.-oz.jpg","contentUrl":"https:\/\/ecosupplements.be\/wp-content\/uploads\/2025\/08\/OLMUHLE-SOLLING-Bio-mango-balsamic-cream-100-ml-3.4-fl.-oz.jpg","width":157,"height":600},{"@type":"BreadcrumbList","@id":"https:\/\/ecosupplements.be\/fr\/produit\/olmuhle-solling-bio-mango-balsamic-cream-100-ml-3-4-fl-oz\/#breadcrumb","itemListElement":[{"@type":"ListItem","position":1,"name":"Home","item":"https:\/\/ecosupplements.be\/fr\/"},{"@type":"ListItem","position":2,"name":"Boutique","item":"https:\/\/ecosupplements.be\/fr\/boutique\/"},{"@type":"ListItem","position":3,"name":"Cr\u00e8me balsamique \u00e0 la mangue bio de la Solling (100 ml\/ 3.4 fl. oz.)"}]},{"@type":"WebSite","@id":"https:\/\/ecosupplements.be\/fr\/#website","url":"https:\/\/ecosupplements.be\/fr\/","name":"ECO Supplements","description":"Eco Supplements - Gezonde supplementen","publisher":{"@id":"https:\/\/ecosupplements.be\/fr\/#organization"},"potentialAction":[{"@type":"SearchAction","target":{"@type":"EntryPoint","urlTemplate":"https:\/\/ecosupplements.be\/fr\/?s={search_term_string}"},"query-input":{"@type":"PropertyValueSpecification","valueRequired":true,"valueName":"search_term_string"}}],"inLanguage":"fr-FR"},{"@type":"Organization","@id":"https:\/\/ecosupplements.be\/fr\/#organization","name":"Eco Supplements","url":"https:\/\/ecosupplements.be\/fr\/","logo":{"@type":"ImageObject","inLanguage":"fr-FR","@id":"https:\/\/ecosupplements.be\/fr\/#\/schema\/logo\/image\/","url":"https:\/\/ecosupplements.be\/wp-content\/uploads\/2022\/06\/ecosupplement-family.png","contentUrl":"https:\/\/ecosupplements.be\/wp-content\/uploads\/2022\/06\/ecosupplement-family.png","width":593,"height":374,"caption":"Eco Supplements"},"image":{"@id":"https:\/\/ecosupplements.be\/fr\/#\/schema\/logo\/image\/"}}]},"product_brand":"\u00d6lm\u00fchle Solling","product_price_amount":"7.78","product_price_currency":"EUR","og_availability":"instock","product_availability":"instock","product_retailer_item_id":"4031192328111","product_condition":"new"},"_links":{"self":[{"href":"https:\/\/ecosupplements.be\/fr\/wp-json\/wp\/v2\/product\/302064","targetHints":{"allow":["GET"]}}],"collection":[{"href":"https:\/\/ecosupplements.be\/fr\/wp-json\/wp\/v2\/product"}],"about":[{"href":"https:\/\/ecosupplements.be\/fr\/wp-json\/wp\/v2\/types\/product"}],"replies":[{"embeddable":true,"href":"https:\/\/ecosupplements.be\/fr\/wp-json\/wp\/v2\/comments?post=302064"}],"wp:featuredmedia":[{"embeddable":true,"href":"https:\/\/ecosupplements.be\/fr\/wp-json\/wp\/v2\/media\/276204"}],"wp:attachment":[{"href":"https:\/\/ecosupplements.be\/fr\/wp-json\/wp\/v2\/media?parent=302064"}],"wp:term":[{"taxonomy":"product_brand","embeddable":true,"href":"https:\/\/ecosupplements.be\/fr\/wp-json\/wp\/v2\/product_brand?post=302064"},{"taxonomy":"product_cat","embeddable":true,"href":"https:\/\/ecosupplements.be\/fr\/wp-json\/wp\/v2\/product_cat?post=302064"},{"taxonomy":"product_tag","embeddable":true,"href":"https:\/\/ecosupplements.be\/fr\/wp-json\/wp\/v2\/product_tag?post=302064"}],"curies":[{"name":"wp","href":"https:\/\/api.w.org\/{rel}","templated":true}]}}