{"id":302067,"date":"2025-07-26T04:45:13","date_gmt":"2025-07-26T03:45:13","guid":{"rendered":"https:\/\/ecosupplements.be\/product\/olmuhle-solling-bio-coconut-oil-1000-ml-33-8-fl-oz\/"},"modified":"2025-08-28T03:30:46","modified_gmt":"2025-08-28T02:30:46","slug":"olmuhle-solling-bio-coconut-oil-1000-ml-33-8-fl-oz","status":"publish","type":"product","link":"https:\/\/ecosupplements.be\/fr\/produit\/olmuhle-solling-bio-coconut-oil-1000-ml-33-8-fl-oz\/","title":{"rendered":"Huile de noix de coco biologique OLMUHLE SOLLING (1000 ml\/ 33.8 fl. oz.)"},"content":{"rendered":"<p><strong>Nom du produit :<\/strong> OLMUHLE SOLLING Bio Coconut Oil (1000 ml \/ 33.8 fl. oz.)<\/p>\n<p><strong>Description :<\/strong> D\u00e9couvrez la puret\u00e9 et la qualit\u00e9 sup\u00e9rieure avec l&#8217;huile de coco bio d&#8217;OLMUHLE SOLLING, extraite m\u00e9caniquement \u00e0 partir de noix de coco m\u00fbres pour conserver ses qualit\u00e9s naturelles. Ce produit est non blanchi et non raffin\u00e9, offrant une d\u00e9licate note de coco qui enrichit vos pr\u00e9parations culinaires.<\/p>\n<p><strong>Ingr\u00e9dients principaux :<\/strong> Huile de coco issue de l&#8217;agriculture biologique.<\/p>\n<p><strong>Contenu et emballage :<\/strong> Le produit est conditionn\u00e9 dans un flacon pratique de 1000 ml, id\u00e9al pour une utilisation r\u00e9guli\u00e8re en cuisine.<\/p>\n<p><strong>Utilisation :<\/strong> Parfaite pour la cuisson \u00e0 haute temp\u00e9rature comme le fritage, la cuisson au four ou m\u00eame \u00e9tal\u00e9e sur du pain.Elle peut \u00e9galement \u00eatre utilis\u00e9e dans diverses recettes pour ajouter une touche exotique.<\/p>\n<p><b>Valeurs nutritionnelles (pour 100 g) : <\/b><\/br><br \/>\n&#8211; \u00c9nergie : 3700 kJ\/900 kcal<\/br><br \/>\n&#8211; Lipides : 100 g<\/br><br \/>\n&nbsp;&nbsp; dont acides gras satur\u00e9s : 92 g<\/br><br \/>\n&nbsp;&nbsp; dont acides gras monoinsatur\u00e9s : 6.5 g<\/br><br \/>\n&nbsp;&nbsp; dont acides gras polyinsatur\u00e9s : 1.5 g<\/br><br \/>\n&#8211; Glucides : 0 g <\/br><br \/>\n&nbsp;&nbsp; dont sucres: 0 g <\/br><br \/>\n&#8211; Fibres alimentaires: 0g <\/ br ><br \/>\n&#8211; Prot\u00e9ines: <span style=\"text-align:center\">0g <\/span><\/ br ><br \/>\n&#8211; Sel: <span style=\"text-align:center\">0g <\/ span ><\/ p ><\/p>\n<p><strong> Caract\u00e9ristiques pratiques:<\/ strong > L &#8216;huile reste stable m\u00eame \u00e0 haute temp\u00e9rature, ce qui en fait un choix id\u00e9al pour toutes vos m\u00e9thodes de cuisson pr\u00e9f\u00e9r\u00e9es sans alt\u00e9rer le go\u00fbt des aliments.<\/ p ><\/p>\n<p><strong> Conservation:<\/ strong > Pour maintenir sa fra\u00eecheur, conservez le flacon dans un endroit frais et \u00e0 l &#8216;abri de la lumi\u00e8re directe du soleil.<\/ p ><\/p>\n<p><em> Un choix parfait pour ceux qui appr\u00e9cient les ingr\u00e9dients naturels dans un mode vie sain.<\/em><\/ p ><\/p>\n","protected":false},"excerpt":{"rendered":"<p>Nom du produit : OLMUHLE SOLLING Bio Coconut Oil (1000 ml \/ 33.8 fl. oz.) Description : D\u00e9couvrez la puret\u00e9 et la qualit\u00e9 sup\u00e9rieure avec l&#8217;huile de coco bio d&#8217;OLMUHLE SOLLING, extraite m\u00e9caniquement \u00e0 partir de noix de coco m\u00fbres pour conserver ses qualit\u00e9s naturelles. Ce produit est non blanchi et non raffin\u00e9, offrant une [&#8230;]\n","protected":false},"featured_media":276207,"comment_status":"closed","ping_status":"open","template":"","meta":[],"product_brand":[5377],"product_cat":[5054],"product_tag":[],"class_list":{"0":"post-302067","1":"product","2":"type-product","3":"status-publish","4":"has-post-thumbnail","6":"product_brand-olmuhle-solling-2","7":"product_cat-nourriture-saine","9":"first","10":"instock","11":"taxable","12":"shipping-taxable","13":"purchasable","14":"product-type-simple"},"yoast_head":"<!-- This site is optimized with the Yoast SEO Premium plugin v27.5 (Yoast SEO v27.5) - https:\/\/yoast.com\/product\/yoast-seo-premium-wordpress\/ -->\n<title>Huile de noix de coco biologique OLMUHLE SOLLING (1000 ml\/ 33.8 fl. oz.) - ECO Supplements<\/title>\n<meta name=\"description\" content=\"Wij hebben een ruime keuze aan producten van Huile de noix de coco biologique OLMUHLE SOLLING (1000 ml\/ 33.8 fl. oz.) . Winkel bij Eco Supplements altijd gratis verzending boven 100\u20ac\" \/>\n<meta name=\"robots\" content=\"index, follow, max-snippet:-1, max-image-preview:large, max-video-preview:-1\" \/>\n<link rel=\"canonical\" href=\"https:\/\/ecosupplements.be\/fr\/produit\/olmuhle-solling-bio-coconut-oil-1000-ml-33-8-fl-oz\/\" \/>\n<meta property=\"og:locale\" content=\"fr_FR\" \/>\n<meta property=\"og:type\" content=\"article\" \/>\n<meta property=\"og:title\" content=\"Huile de noix de coco biologique OLMUHLE SOLLING (1000 ml\/ 33.8 fl. oz.)\" \/>\n<meta property=\"og:description\" content=\"Wij hebben een ruime keuze aan producten van Huile de noix de coco biologique OLMUHLE SOLLING (1000 ml\/ 33.8 fl. oz.) . Winkel bij Eco Supplements altijd gratis verzending boven 100\u20ac\" \/>\n<meta property=\"og:url\" content=\"https:\/\/ecosupplements.be\/fr\/produit\/olmuhle-solling-bio-coconut-oil-1000-ml-33-8-fl-oz\/\" \/>\n<meta property=\"og:site_name\" content=\"ECO Supplements\" \/>\n<meta property=\"article:modified_time\" content=\"2025-08-28T02:30:46+00:00\" \/>\n<meta property=\"og:image\" content=\"https:\/\/ecosupplements.be\/wp-content\/uploads\/2025\/08\/Olmuhle-Solling-OLMUHLE-SOLLING-Bio-Coconut-oil-1000-ml-33.8-fl.-oz.jpg\" \/>\n\t<meta property=\"og:image:width\" content=\"600\" \/>\n\t<meta property=\"og:image:height\" content=\"600\" \/>\n\t<meta property=\"og:image:type\" content=\"image\/jpeg\" \/>\n<meta name=\"twitter:card\" content=\"summary_large_image\" \/>\n<meta name=\"twitter:label1\" content=\"Prix\" \/>\n\t<meta name=\"twitter:data1\" content=\"26.17&nbsp;&euro;\" \/>\n\t<meta name=\"twitter:label2\" content=\"Disponibilit\u00e9\" \/>\n\t<meta name=\"twitter:data2\" content=\"En stock\" \/>\n<script type=\"application\/ld+json\" class=\"yoast-schema-graph\">{\"@context\":\"https:\\\/\\\/schema.org\",\"@graph\":[{\"@type\":[\"WebPage\",\"ItemPage\"],\"@id\":\"https:\\\/\\\/ecosupplements.be\\\/fr\\\/produit\\\/olmuhle-solling-bio-coconut-oil-1000-ml-33-8-fl-oz\\\/\",\"url\":\"https:\\\/\\\/ecosupplements.be\\\/fr\\\/produit\\\/olmuhle-solling-bio-coconut-oil-1000-ml-33-8-fl-oz\\\/\",\"name\":\"Huile de noix de coco biologique OLMUHLE SOLLING (1000 ml\\\/ 33.8 fl. oz.) - ECO Supplements\",\"isPartOf\":{\"@id\":\"https:\\\/\\\/ecosupplements.be\\\/fr\\\/#website\"},\"primaryImageOfPage\":{\"@id\":\"https:\\\/\\\/ecosupplements.be\\\/fr\\\/produit\\\/olmuhle-solling-bio-coconut-oil-1000-ml-33-8-fl-oz\\\/#primaryimage\"},\"image\":{\"@id\":\"https:\\\/\\\/ecosupplements.be\\\/fr\\\/produit\\\/olmuhle-solling-bio-coconut-oil-1000-ml-33-8-fl-oz\\\/#primaryimage\"},\"thumbnailUrl\":\"https:\\\/\\\/ecosupplements.be\\\/wp-content\\\/uploads\\\/2025\\\/08\\\/OLMUHLE-SOLLING-Bio-Coconut-oil-1000-ml-33.8-fl.-oz.jpg\",\"datePublished\":\"2025-07-26T03:45:13+00:00\",\"dateModified\":\"2025-08-28T02:30:46+00:00\",\"description\":\"Wij hebben een ruime keuze aan producten van Huile de noix de coco biologique OLMUHLE SOLLING (1000 ml\\\/ 33.8 fl. oz.) . Winkel bij Eco Supplements altijd gratis verzending boven 100\u20ac\",\"breadcrumb\":{\"@id\":\"https:\\\/\\\/ecosupplements.be\\\/fr\\\/produit\\\/olmuhle-solling-bio-coconut-oil-1000-ml-33-8-fl-oz\\\/#breadcrumb\"},\"inLanguage\":\"fr-FR\",\"potentialAction\":[{\"@type\":\"ReadAction\",\"target\":[\"https:\\\/\\\/ecosupplements.be\\\/fr\\\/produit\\\/olmuhle-solling-bio-coconut-oil-1000-ml-33-8-fl-oz\\\/\"]}]},{\"@type\":\"ImageObject\",\"inLanguage\":\"fr-FR\",\"@id\":\"https:\\\/\\\/ecosupplements.be\\\/fr\\\/produit\\\/olmuhle-solling-bio-coconut-oil-1000-ml-33-8-fl-oz\\\/#primaryimage\",\"url\":\"https:\\\/\\\/ecosupplements.be\\\/wp-content\\\/uploads\\\/2025\\\/08\\\/OLMUHLE-SOLLING-Bio-Coconut-oil-1000-ml-33.8-fl.-oz.jpg\",\"contentUrl\":\"https:\\\/\\\/ecosupplements.be\\\/wp-content\\\/uploads\\\/2025\\\/08\\\/OLMUHLE-SOLLING-Bio-Coconut-oil-1000-ml-33.8-fl.-oz.jpg\",\"width\":600,\"height\":600},{\"@type\":\"BreadcrumbList\",\"@id\":\"https:\\\/\\\/ecosupplements.be\\\/fr\\\/produit\\\/olmuhle-solling-bio-coconut-oil-1000-ml-33-8-fl-oz\\\/#breadcrumb\",\"itemListElement\":[{\"@type\":\"ListItem\",\"position\":1,\"name\":\"Home\",\"item\":\"https:\\\/\\\/ecosupplements.be\\\/fr\\\/\"},{\"@type\":\"ListItem\",\"position\":2,\"name\":\"Boutique\",\"item\":\"https:\\\/\\\/ecosupplements.be\\\/fr\\\/boutique\\\/\"},{\"@type\":\"ListItem\",\"position\":3,\"name\":\"Huile de noix de coco biologique OLMUHLE SOLLING (1000 ml\\\/ 33.8 fl. oz.)\"}]},{\"@type\":\"WebSite\",\"@id\":\"https:\\\/\\\/ecosupplements.be\\\/fr\\\/#website\",\"url\":\"https:\\\/\\\/ecosupplements.be\\\/fr\\\/\",\"name\":\"ECO Supplements\",\"description\":\"Eco Supplements - Gezonde supplementen\",\"publisher\":{\"@id\":\"https:\\\/\\\/ecosupplements.be\\\/fr\\\/#organization\"},\"potentialAction\":[{\"@type\":\"SearchAction\",\"target\":{\"@type\":\"EntryPoint\",\"urlTemplate\":\"https:\\\/\\\/ecosupplements.be\\\/fr\\\/?s={search_term_string}\"},\"query-input\":{\"@type\":\"PropertyValueSpecification\",\"valueRequired\":true,\"valueName\":\"search_term_string\"}}],\"inLanguage\":\"fr-FR\"},{\"@type\":\"Organization\",\"@id\":\"https:\\\/\\\/ecosupplements.be\\\/fr\\\/#organization\",\"name\":\"Eco Supplements\",\"url\":\"https:\\\/\\\/ecosupplements.be\\\/fr\\\/\",\"logo\":{\"@type\":\"ImageObject\",\"inLanguage\":\"fr-FR\",\"@id\":\"https:\\\/\\\/ecosupplements.be\\\/fr\\\/#\\\/schema\\\/logo\\\/image\\\/\",\"url\":\"https:\\\/\\\/ecosupplements.be\\\/wp-content\\\/uploads\\\/2022\\\/06\\\/ecosupplement-family.png\",\"contentUrl\":\"https:\\\/\\\/ecosupplements.be\\\/wp-content\\\/uploads\\\/2022\\\/06\\\/ecosupplement-family.png\",\"width\":593,\"height\":374,\"caption\":\"Eco Supplements\"},\"image\":{\"@id\":\"https:\\\/\\\/ecosupplements.be\\\/fr\\\/#\\\/schema\\\/logo\\\/image\\\/\"}}]}<\/script>\n<meta property=\"product:brand\" content=\"\u00d6lm\u00fchle Solling\" \/>\n<meta property=\"product:price:amount\" content=\"26.17\" \/>\n<meta property=\"product:price:currency\" content=\"EUR\" \/>\n<meta property=\"og:availability\" content=\"instock\" \/>\n<meta property=\"product:availability\" content=\"instock\" \/>\n<meta property=\"product:retailer_item_id\" content=\"4031192158510\" \/>\n<meta property=\"product:condition\" content=\"new\" \/>\n<!-- \/ Yoast SEO Premium plugin. -->","yoast_head_json":{"title":"Huile de noix de coco biologique OLMUHLE SOLLING (1000 ml\/ 33.8 fl. oz.) - ECO Supplements","description":"Wij hebben een ruime keuze aan producten van Huile de noix de coco biologique OLMUHLE SOLLING (1000 ml\/ 33.8 fl. oz.) . Winkel bij Eco Supplements altijd gratis verzending boven 100\u20ac","robots":{"index":"index","follow":"follow","max-snippet":"max-snippet:-1","max-image-preview":"max-image-preview:large","max-video-preview":"max-video-preview:-1"},"canonical":"https:\/\/ecosupplements.be\/fr\/produit\/olmuhle-solling-bio-coconut-oil-1000-ml-33-8-fl-oz\/","og_locale":"fr_FR","og_type":"article","og_title":"Huile de noix de coco biologique OLMUHLE SOLLING (1000 ml\/ 33.8 fl. oz.)","og_description":"Wij hebben een ruime keuze aan producten van Huile de noix de coco biologique OLMUHLE SOLLING (1000 ml\/ 33.8 fl. oz.) . Winkel bij Eco Supplements altijd gratis verzending boven 100\u20ac","og_url":"https:\/\/ecosupplements.be\/fr\/produit\/olmuhle-solling-bio-coconut-oil-1000-ml-33-8-fl-oz\/","og_site_name":"ECO Supplements","article_modified_time":"2025-08-28T02:30:46+00:00","og_image":[{"width":600,"height":600,"url":"https:\/\/ecosupplements.be\/wp-content\/uploads\/2025\/08\/Olmuhle-Solling-OLMUHLE-SOLLING-Bio-Coconut-oil-1000-ml-33.8-fl.-oz.jpg","type":"image\/jpeg"}],"twitter_card":"summary_large_image","twitter_misc":{"Prix":"26.17&nbsp;&euro;","Disponibilit\u00e9":"En stock"},"schema":{"@context":"https:\/\/schema.org","@graph":[{"@type":["WebPage","ItemPage"],"@id":"https:\/\/ecosupplements.be\/fr\/produit\/olmuhle-solling-bio-coconut-oil-1000-ml-33-8-fl-oz\/","url":"https:\/\/ecosupplements.be\/fr\/produit\/olmuhle-solling-bio-coconut-oil-1000-ml-33-8-fl-oz\/","name":"Huile de noix de coco biologique OLMUHLE SOLLING (1000 ml\/ 33.8 fl. oz.) - ECO Supplements","isPartOf":{"@id":"https:\/\/ecosupplements.be\/fr\/#website"},"primaryImageOfPage":{"@id":"https:\/\/ecosupplements.be\/fr\/produit\/olmuhle-solling-bio-coconut-oil-1000-ml-33-8-fl-oz\/#primaryimage"},"image":{"@id":"https:\/\/ecosupplements.be\/fr\/produit\/olmuhle-solling-bio-coconut-oil-1000-ml-33-8-fl-oz\/#primaryimage"},"thumbnailUrl":"https:\/\/ecosupplements.be\/wp-content\/uploads\/2025\/08\/OLMUHLE-SOLLING-Bio-Coconut-oil-1000-ml-33.8-fl.-oz.jpg","datePublished":"2025-07-26T03:45:13+00:00","dateModified":"2025-08-28T02:30:46+00:00","description":"Wij hebben een ruime keuze aan producten van Huile de noix de coco biologique OLMUHLE SOLLING (1000 ml\/ 33.8 fl. oz.) . Winkel bij Eco Supplements altijd gratis verzending boven 100\u20ac","breadcrumb":{"@id":"https:\/\/ecosupplements.be\/fr\/produit\/olmuhle-solling-bio-coconut-oil-1000-ml-33-8-fl-oz\/#breadcrumb"},"inLanguage":"fr-FR","potentialAction":[{"@type":"ReadAction","target":["https:\/\/ecosupplements.be\/fr\/produit\/olmuhle-solling-bio-coconut-oil-1000-ml-33-8-fl-oz\/"]}]},{"@type":"ImageObject","inLanguage":"fr-FR","@id":"https:\/\/ecosupplements.be\/fr\/produit\/olmuhle-solling-bio-coconut-oil-1000-ml-33-8-fl-oz\/#primaryimage","url":"https:\/\/ecosupplements.be\/wp-content\/uploads\/2025\/08\/OLMUHLE-SOLLING-Bio-Coconut-oil-1000-ml-33.8-fl.-oz.jpg","contentUrl":"https:\/\/ecosupplements.be\/wp-content\/uploads\/2025\/08\/OLMUHLE-SOLLING-Bio-Coconut-oil-1000-ml-33.8-fl.-oz.jpg","width":600,"height":600},{"@type":"BreadcrumbList","@id":"https:\/\/ecosupplements.be\/fr\/produit\/olmuhle-solling-bio-coconut-oil-1000-ml-33-8-fl-oz\/#breadcrumb","itemListElement":[{"@type":"ListItem","position":1,"name":"Home","item":"https:\/\/ecosupplements.be\/fr\/"},{"@type":"ListItem","position":2,"name":"Boutique","item":"https:\/\/ecosupplements.be\/fr\/boutique\/"},{"@type":"ListItem","position":3,"name":"Huile de noix de coco biologique OLMUHLE SOLLING (1000 ml\/ 33.8 fl. oz.)"}]},{"@type":"WebSite","@id":"https:\/\/ecosupplements.be\/fr\/#website","url":"https:\/\/ecosupplements.be\/fr\/","name":"ECO Supplements","description":"Eco Supplements - Gezonde supplementen","publisher":{"@id":"https:\/\/ecosupplements.be\/fr\/#organization"},"potentialAction":[{"@type":"SearchAction","target":{"@type":"EntryPoint","urlTemplate":"https:\/\/ecosupplements.be\/fr\/?s={search_term_string}"},"query-input":{"@type":"PropertyValueSpecification","valueRequired":true,"valueName":"search_term_string"}}],"inLanguage":"fr-FR"},{"@type":"Organization","@id":"https:\/\/ecosupplements.be\/fr\/#organization","name":"Eco Supplements","url":"https:\/\/ecosupplements.be\/fr\/","logo":{"@type":"ImageObject","inLanguage":"fr-FR","@id":"https:\/\/ecosupplements.be\/fr\/#\/schema\/logo\/image\/","url":"https:\/\/ecosupplements.be\/wp-content\/uploads\/2022\/06\/ecosupplement-family.png","contentUrl":"https:\/\/ecosupplements.be\/wp-content\/uploads\/2022\/06\/ecosupplement-family.png","width":593,"height":374,"caption":"Eco Supplements"},"image":{"@id":"https:\/\/ecosupplements.be\/fr\/#\/schema\/logo\/image\/"}}]},"product_brand":"\u00d6lm\u00fchle Solling","product_price_amount":"26.17","product_price_currency":"EUR","og_availability":"instock","product_availability":"instock","product_retailer_item_id":"4031192158510","product_condition":"new"},"_links":{"self":[{"href":"https:\/\/ecosupplements.be\/fr\/wp-json\/wp\/v2\/product\/302067","targetHints":{"allow":["GET"]}}],"collection":[{"href":"https:\/\/ecosupplements.be\/fr\/wp-json\/wp\/v2\/product"}],"about":[{"href":"https:\/\/ecosupplements.be\/fr\/wp-json\/wp\/v2\/types\/product"}],"replies":[{"embeddable":true,"href":"https:\/\/ecosupplements.be\/fr\/wp-json\/wp\/v2\/comments?post=302067"}],"wp:featuredmedia":[{"embeddable":true,"href":"https:\/\/ecosupplements.be\/fr\/wp-json\/wp\/v2\/media\/276207"}],"wp:attachment":[{"href":"https:\/\/ecosupplements.be\/fr\/wp-json\/wp\/v2\/media?parent=302067"}],"wp:term":[{"taxonomy":"product_brand","embeddable":true,"href":"https:\/\/ecosupplements.be\/fr\/wp-json\/wp\/v2\/product_brand?post=302067"},{"taxonomy":"product_cat","embeddable":true,"href":"https:\/\/ecosupplements.be\/fr\/wp-json\/wp\/v2\/product_cat?post=302067"},{"taxonomy":"product_tag","embeddable":true,"href":"https:\/\/ecosupplements.be\/fr\/wp-json\/wp\/v2\/product_tag?post=302067"}],"curies":[{"name":"wp","href":"https:\/\/api.w.org\/{rel}","templated":true}]}}