{"id":302073,"date":"2025-07-26T04:46:11","date_gmt":"2025-07-26T03:46:11","guid":{"rendered":"https:\/\/ecosupplements.be\/product\/olmuhle-solling-bio-mct-coconut-oil-500-ml-16-9-fl-oz\/"},"modified":"2025-08-28T03:30:54","modified_gmt":"2025-08-28T02:30:54","slug":"olmuhle-solling-bio-mct-coconut-oil-500-ml-16-9-fl-oz","status":"publish","type":"product","link":"https:\/\/ecosupplements.be\/fr\/produit\/olmuhle-solling-bio-mct-coconut-oil-500-ml-16-9-fl-oz\/","title":{"rendered":"Huile de noix de coco MCT biologique OLMUHLE SOLLING (500 ml\/ 16.9 fl. oz.)"},"content":{"rendered":"<p><strong>Nom du produit :<\/strong> OLMUHLE SOLLING Bio MCT Coconut Oil<\/p>\n<p><strong>contenu et emballage :<\/strong> Huile de noix de coco MCT biologique, conditionn\u00e9e dans un flacon pratique de 500 ml (16.9 fl. oz.).<\/p>\n<p><strong>Ingr\u00e9dients principaux :<\/strong> huile de noix de coco MCT issue d&#8217;agriculture biologique, riche en acides gras \u00e0 cha\u00eene moyenne.<\/p>\n<p>Cette huile est obtenue par extraction m\u00e9canique pure,garantissant une qualit\u00e9 sup\u00e9rieure et respectant les normes strictes des directives \u00e9cologiques.<\/p>\n<p><strong>utilisation :<\/strong> Parfait pour enrichir vos smoothies,jus,shakes ou vinaigrettes.Ajoutez simplement selon votre go\u00fbt pour rehausser la saveur naturelle de vos pr\u00e9parations culinaires.<\/p>\n<p><strong>Description g\u00e9n\u00e9rale :<\/strong><\/p>\n<ul>\n<li>Fabriqu\u00e9e exclusivement \u00e0 partir d&#8217;ingr\u00e9dients naturels et purs.<\/li>\n<li>Sans additifs ni conservateurs artificiels, refl\u00e9tant l&#8217;engagement envers un style de vie sain et actif.<\/li>\n<li>L&#8217;emballage est con\u00e7u pour \u00eatre facile \u00e0 utiliser au quotidien, assurant une manipulation simple et efficace.<\/li>\n<\/ul>\n<p>Ce produit est un choix id\u00e9al pour ceux qui appr\u00e9cient les ingr\u00e9dients naturels dans leur cuisine quotidienne. Il se marie parfaitement avec divers plats tout en maintenant la puret\u00e9 des saveurs naturelles.<\/p>\n<p><strong>Note:<\/strong> Conserver dans un endroit frais et ombrag\u00e9 pour maintenir sa fra\u00eecheur optimale.<\/p>\n","protected":false},"excerpt":{"rendered":"<p>Nom du produit : OLMUHLE SOLLING Bio MCT Coconut Oil contenu et emballage : Huile de noix de coco MCT biologique, conditionn\u00e9e dans un flacon pratique de 500 ml (16.9 fl. oz.). Ingr\u00e9dients principaux : huile de noix de coco MCT issue d&#8217;agriculture biologique, riche en acides gras \u00e0 cha\u00eene moyenne. Cette huile est obtenue [&#8230;]\n","protected":false},"featured_media":276213,"comment_status":"closed","ping_status":"open","template":"","meta":[],"product_brand":[5377],"product_cat":[5054],"product_tag":[],"class_list":{"0":"post-302073","1":"product","2":"type-product","3":"status-publish","4":"has-post-thumbnail","6":"product_brand-olmuhle-solling-2","7":"product_cat-nourriture-saine","9":"first","10":"instock","11":"taxable","12":"shipping-taxable","13":"purchasable","14":"product-type-simple"},"yoast_head":"<!-- This site is optimized with the Yoast SEO Premium plugin v27.3 (Yoast SEO v27.3) - https:\/\/yoast.com\/product\/yoast-seo-premium-wordpress\/ -->\n<title>Huile de noix de coco MCT biologique OLMUHLE SOLLING (500 ml\/ 16.9 fl. oz.) - ECO Supplements<\/title>\n<meta name=\"description\" content=\"Wij hebben een ruime keuze aan producten van Huile de noix de coco MCT biologique OLMUHLE SOLLING (500 ml\/ 16.9 fl. oz.) . Winkel bij Eco Supplements altijd gratis verzending boven 100\u20ac\" \/>\n<meta name=\"robots\" content=\"index, follow, max-snippet:-1, max-image-preview:large, max-video-preview:-1\" \/>\n<link rel=\"canonical\" href=\"https:\/\/ecosupplements.be\/fr\/produit\/olmuhle-solling-bio-mct-coconut-oil-500-ml-16-9-fl-oz\/\" \/>\n<meta property=\"og:locale\" content=\"fr_FR\" \/>\n<meta property=\"og:type\" content=\"article\" \/>\n<meta property=\"og:title\" content=\"Huile de noix de coco MCT biologique OLMUHLE SOLLING (500 ml\/ 16.9 fl. oz.)\" \/>\n<meta property=\"og:description\" content=\"Wij hebben een ruime keuze aan producten van Huile de noix de coco MCT biologique OLMUHLE SOLLING (500 ml\/ 16.9 fl. oz.) . Winkel bij Eco Supplements altijd gratis verzending boven 100\u20ac\" \/>\n<meta property=\"og:url\" content=\"https:\/\/ecosupplements.be\/fr\/produit\/olmuhle-solling-bio-mct-coconut-oil-500-ml-16-9-fl-oz\/\" \/>\n<meta property=\"og:site_name\" content=\"ECO Supplements\" \/>\n<meta property=\"article:modified_time\" content=\"2025-08-28T02:30:54+00:00\" \/>\n<meta property=\"og:image\" content=\"https:\/\/ecosupplements.be\/wp-content\/uploads\/2025\/08\/Olmuhle-Solling-OLMUHLE-SOLLING-Bio-MCT-Coconut-oil-500-ml-16.9-fl.-oz.jpg\" \/>\n\t<meta property=\"og:image:width\" content=\"139\" \/>\n\t<meta property=\"og:image:height\" content=\"600\" \/>\n\t<meta property=\"og:image:type\" content=\"image\/jpeg\" \/>\n<meta name=\"twitter:card\" content=\"summary_large_image\" \/>\n<meta name=\"twitter:label1\" content=\"Prix\" \/>\n\t<meta name=\"twitter:data1\" content=\"21.45&nbsp;&euro;\" \/>\n\t<meta name=\"twitter:label2\" content=\"Disponibilit\u00e9\" \/>\n\t<meta name=\"twitter:data2\" content=\"En stock\" \/>\n<script type=\"application\/ld+json\" class=\"yoast-schema-graph\">{\"@context\":\"https:\\\/\\\/schema.org\",\"@graph\":[{\"@type\":[\"WebPage\",\"ItemPage\"],\"@id\":\"https:\\\/\\\/ecosupplements.be\\\/fr\\\/produit\\\/olmuhle-solling-bio-mct-coconut-oil-500-ml-16-9-fl-oz\\\/\",\"url\":\"https:\\\/\\\/ecosupplements.be\\\/fr\\\/produit\\\/olmuhle-solling-bio-mct-coconut-oil-500-ml-16-9-fl-oz\\\/\",\"name\":\"Huile de noix de coco MCT biologique OLMUHLE SOLLING (500 ml\\\/ 16.9 fl. oz.) - ECO Supplements\",\"isPartOf\":{\"@id\":\"https:\\\/\\\/ecosupplements.be\\\/fr\\\/#website\"},\"primaryImageOfPage\":{\"@id\":\"https:\\\/\\\/ecosupplements.be\\\/fr\\\/produit\\\/olmuhle-solling-bio-mct-coconut-oil-500-ml-16-9-fl-oz\\\/#primaryimage\"},\"image\":{\"@id\":\"https:\\\/\\\/ecosupplements.be\\\/fr\\\/produit\\\/olmuhle-solling-bio-mct-coconut-oil-500-ml-16-9-fl-oz\\\/#primaryimage\"},\"thumbnailUrl\":\"https:\\\/\\\/ecosupplements.be\\\/wp-content\\\/uploads\\\/2025\\\/08\\\/OLMUHLE-SOLLING-Bio-MCT-Coconut-oil-500-ml-16.9-fl.-oz.jpg\",\"datePublished\":\"2025-07-26T03:46:11+00:00\",\"dateModified\":\"2025-08-28T02:30:54+00:00\",\"description\":\"Wij hebben een ruime keuze aan producten van Huile de noix de coco MCT biologique OLMUHLE SOLLING (500 ml\\\/ 16.9 fl. oz.) . Winkel bij Eco Supplements altijd gratis verzending boven 100\u20ac\",\"breadcrumb\":{\"@id\":\"https:\\\/\\\/ecosupplements.be\\\/fr\\\/produit\\\/olmuhle-solling-bio-mct-coconut-oil-500-ml-16-9-fl-oz\\\/#breadcrumb\"},\"inLanguage\":\"fr-FR\",\"potentialAction\":[{\"@type\":\"ReadAction\",\"target\":[\"https:\\\/\\\/ecosupplements.be\\\/fr\\\/produit\\\/olmuhle-solling-bio-mct-coconut-oil-500-ml-16-9-fl-oz\\\/\"]}]},{\"@type\":\"ImageObject\",\"inLanguage\":\"fr-FR\",\"@id\":\"https:\\\/\\\/ecosupplements.be\\\/fr\\\/produit\\\/olmuhle-solling-bio-mct-coconut-oil-500-ml-16-9-fl-oz\\\/#primaryimage\",\"url\":\"https:\\\/\\\/ecosupplements.be\\\/wp-content\\\/uploads\\\/2025\\\/08\\\/OLMUHLE-SOLLING-Bio-MCT-Coconut-oil-500-ml-16.9-fl.-oz.jpg\",\"contentUrl\":\"https:\\\/\\\/ecosupplements.be\\\/wp-content\\\/uploads\\\/2025\\\/08\\\/OLMUHLE-SOLLING-Bio-MCT-Coconut-oil-500-ml-16.9-fl.-oz.jpg\",\"width\":139,\"height\":600},{\"@type\":\"BreadcrumbList\",\"@id\":\"https:\\\/\\\/ecosupplements.be\\\/fr\\\/produit\\\/olmuhle-solling-bio-mct-coconut-oil-500-ml-16-9-fl-oz\\\/#breadcrumb\",\"itemListElement\":[{\"@type\":\"ListItem\",\"position\":1,\"name\":\"Home\",\"item\":\"https:\\\/\\\/ecosupplements.be\\\/fr\\\/\"},{\"@type\":\"ListItem\",\"position\":2,\"name\":\"Boutique\",\"item\":\"https:\\\/\\\/ecosupplements.be\\\/fr\\\/boutique\\\/\"},{\"@type\":\"ListItem\",\"position\":3,\"name\":\"Huile de noix de coco MCT biologique OLMUHLE SOLLING (500 ml\\\/ 16.9 fl. oz.)\"}]},{\"@type\":\"WebSite\",\"@id\":\"https:\\\/\\\/ecosupplements.be\\\/fr\\\/#website\",\"url\":\"https:\\\/\\\/ecosupplements.be\\\/fr\\\/\",\"name\":\"ECO Supplements\",\"description\":\"Eco Supplements - Gezonde supplementen\",\"publisher\":{\"@id\":\"https:\\\/\\\/ecosupplements.be\\\/fr\\\/#organization\"},\"potentialAction\":[{\"@type\":\"SearchAction\",\"target\":{\"@type\":\"EntryPoint\",\"urlTemplate\":\"https:\\\/\\\/ecosupplements.be\\\/fr\\\/?s={search_term_string}\"},\"query-input\":{\"@type\":\"PropertyValueSpecification\",\"valueRequired\":true,\"valueName\":\"search_term_string\"}}],\"inLanguage\":\"fr-FR\"},{\"@type\":\"Organization\",\"@id\":\"https:\\\/\\\/ecosupplements.be\\\/fr\\\/#organization\",\"name\":\"Eco Supplements\",\"url\":\"https:\\\/\\\/ecosupplements.be\\\/fr\\\/\",\"logo\":{\"@type\":\"ImageObject\",\"inLanguage\":\"fr-FR\",\"@id\":\"https:\\\/\\\/ecosupplements.be\\\/fr\\\/#\\\/schema\\\/logo\\\/image\\\/\",\"url\":\"https:\\\/\\\/ecosupplements.be\\\/wp-content\\\/uploads\\\/2022\\\/06\\\/ecosupplement-family.png\",\"contentUrl\":\"https:\\\/\\\/ecosupplements.be\\\/wp-content\\\/uploads\\\/2022\\\/06\\\/ecosupplement-family.png\",\"width\":593,\"height\":374,\"caption\":\"Eco Supplements\"},\"image\":{\"@id\":\"https:\\\/\\\/ecosupplements.be\\\/fr\\\/#\\\/schema\\\/logo\\\/image\\\/\"}}]}<\/script>\n<meta property=\"product:brand\" content=\"\u00d6lm\u00fchle Solling\" \/>\n<meta property=\"product:price:amount\" content=\"21.45\" \/>\n<meta property=\"product:price:currency\" content=\"EUR\" \/>\n<meta property=\"og:availability\" content=\"instock\" \/>\n<meta property=\"product:availability\" content=\"instock\" \/>\n<meta property=\"product:retailer_item_id\" content=\"4031192216517\" \/>\n<meta property=\"product:condition\" content=\"new\" \/>\n<!-- \/ Yoast SEO Premium plugin. -->","yoast_head_json":{"title":"Huile de noix de coco MCT biologique OLMUHLE SOLLING (500 ml\/ 16.9 fl. oz.) - ECO Supplements","description":"Wij hebben een ruime keuze aan producten van Huile de noix de coco MCT biologique OLMUHLE SOLLING (500 ml\/ 16.9 fl. oz.) . Winkel bij Eco Supplements altijd gratis verzending boven 100\u20ac","robots":{"index":"index","follow":"follow","max-snippet":"max-snippet:-1","max-image-preview":"max-image-preview:large","max-video-preview":"max-video-preview:-1"},"canonical":"https:\/\/ecosupplements.be\/fr\/produit\/olmuhle-solling-bio-mct-coconut-oil-500-ml-16-9-fl-oz\/","og_locale":"fr_FR","og_type":"article","og_title":"Huile de noix de coco MCT biologique OLMUHLE SOLLING (500 ml\/ 16.9 fl. oz.)","og_description":"Wij hebben een ruime keuze aan producten van Huile de noix de coco MCT biologique OLMUHLE SOLLING (500 ml\/ 16.9 fl. oz.) . Winkel bij Eco Supplements altijd gratis verzending boven 100\u20ac","og_url":"https:\/\/ecosupplements.be\/fr\/produit\/olmuhle-solling-bio-mct-coconut-oil-500-ml-16-9-fl-oz\/","og_site_name":"ECO Supplements","article_modified_time":"2025-08-28T02:30:54+00:00","og_image":[{"width":139,"height":600,"url":"https:\/\/ecosupplements.be\/wp-content\/uploads\/2025\/08\/Olmuhle-Solling-OLMUHLE-SOLLING-Bio-MCT-Coconut-oil-500-ml-16.9-fl.-oz.jpg","type":"image\/jpeg"}],"twitter_card":"summary_large_image","twitter_misc":{"Prix":"21.45&nbsp;&euro;","Disponibilit\u00e9":"En stock"},"schema":{"@context":"https:\/\/schema.org","@graph":[{"@type":["WebPage","ItemPage"],"@id":"https:\/\/ecosupplements.be\/fr\/produit\/olmuhle-solling-bio-mct-coconut-oil-500-ml-16-9-fl-oz\/","url":"https:\/\/ecosupplements.be\/fr\/produit\/olmuhle-solling-bio-mct-coconut-oil-500-ml-16-9-fl-oz\/","name":"Huile de noix de coco MCT biologique OLMUHLE SOLLING (500 ml\/ 16.9 fl. oz.) - ECO Supplements","isPartOf":{"@id":"https:\/\/ecosupplements.be\/fr\/#website"},"primaryImageOfPage":{"@id":"https:\/\/ecosupplements.be\/fr\/produit\/olmuhle-solling-bio-mct-coconut-oil-500-ml-16-9-fl-oz\/#primaryimage"},"image":{"@id":"https:\/\/ecosupplements.be\/fr\/produit\/olmuhle-solling-bio-mct-coconut-oil-500-ml-16-9-fl-oz\/#primaryimage"},"thumbnailUrl":"https:\/\/ecosupplements.be\/wp-content\/uploads\/2025\/08\/OLMUHLE-SOLLING-Bio-MCT-Coconut-oil-500-ml-16.9-fl.-oz.jpg","datePublished":"2025-07-26T03:46:11+00:00","dateModified":"2025-08-28T02:30:54+00:00","description":"Wij hebben een ruime keuze aan producten van Huile de noix de coco MCT biologique OLMUHLE SOLLING (500 ml\/ 16.9 fl. oz.) . Winkel bij Eco Supplements altijd gratis verzending boven 100\u20ac","breadcrumb":{"@id":"https:\/\/ecosupplements.be\/fr\/produit\/olmuhle-solling-bio-mct-coconut-oil-500-ml-16-9-fl-oz\/#breadcrumb"},"inLanguage":"fr-FR","potentialAction":[{"@type":"ReadAction","target":["https:\/\/ecosupplements.be\/fr\/produit\/olmuhle-solling-bio-mct-coconut-oil-500-ml-16-9-fl-oz\/"]}]},{"@type":"ImageObject","inLanguage":"fr-FR","@id":"https:\/\/ecosupplements.be\/fr\/produit\/olmuhle-solling-bio-mct-coconut-oil-500-ml-16-9-fl-oz\/#primaryimage","url":"https:\/\/ecosupplements.be\/wp-content\/uploads\/2025\/08\/OLMUHLE-SOLLING-Bio-MCT-Coconut-oil-500-ml-16.9-fl.-oz.jpg","contentUrl":"https:\/\/ecosupplements.be\/wp-content\/uploads\/2025\/08\/OLMUHLE-SOLLING-Bio-MCT-Coconut-oil-500-ml-16.9-fl.-oz.jpg","width":139,"height":600},{"@type":"BreadcrumbList","@id":"https:\/\/ecosupplements.be\/fr\/produit\/olmuhle-solling-bio-mct-coconut-oil-500-ml-16-9-fl-oz\/#breadcrumb","itemListElement":[{"@type":"ListItem","position":1,"name":"Home","item":"https:\/\/ecosupplements.be\/fr\/"},{"@type":"ListItem","position":2,"name":"Boutique","item":"https:\/\/ecosupplements.be\/fr\/boutique\/"},{"@type":"ListItem","position":3,"name":"Huile de noix de coco MCT biologique OLMUHLE SOLLING (500 ml\/ 16.9 fl. oz.)"}]},{"@type":"WebSite","@id":"https:\/\/ecosupplements.be\/fr\/#website","url":"https:\/\/ecosupplements.be\/fr\/","name":"ECO Supplements","description":"Eco Supplements - Gezonde supplementen","publisher":{"@id":"https:\/\/ecosupplements.be\/fr\/#organization"},"potentialAction":[{"@type":"SearchAction","target":{"@type":"EntryPoint","urlTemplate":"https:\/\/ecosupplements.be\/fr\/?s={search_term_string}"},"query-input":{"@type":"PropertyValueSpecification","valueRequired":true,"valueName":"search_term_string"}}],"inLanguage":"fr-FR"},{"@type":"Organization","@id":"https:\/\/ecosupplements.be\/fr\/#organization","name":"Eco Supplements","url":"https:\/\/ecosupplements.be\/fr\/","logo":{"@type":"ImageObject","inLanguage":"fr-FR","@id":"https:\/\/ecosupplements.be\/fr\/#\/schema\/logo\/image\/","url":"https:\/\/ecosupplements.be\/wp-content\/uploads\/2022\/06\/ecosupplement-family.png","contentUrl":"https:\/\/ecosupplements.be\/wp-content\/uploads\/2022\/06\/ecosupplement-family.png","width":593,"height":374,"caption":"Eco Supplements"},"image":{"@id":"https:\/\/ecosupplements.be\/fr\/#\/schema\/logo\/image\/"}}]},"product_brand":"\u00d6lm\u00fchle Solling","product_price_amount":"21.45","product_price_currency":"EUR","og_availability":"instock","product_availability":"instock","product_retailer_item_id":"4031192216517","product_condition":"new"},"_links":{"self":[{"href":"https:\/\/ecosupplements.be\/fr\/wp-json\/wp\/v2\/product\/302073","targetHints":{"allow":["GET"]}}],"collection":[{"href":"https:\/\/ecosupplements.be\/fr\/wp-json\/wp\/v2\/product"}],"about":[{"href":"https:\/\/ecosupplements.be\/fr\/wp-json\/wp\/v2\/types\/product"}],"replies":[{"embeddable":true,"href":"https:\/\/ecosupplements.be\/fr\/wp-json\/wp\/v2\/comments?post=302073"}],"wp:featuredmedia":[{"embeddable":true,"href":"https:\/\/ecosupplements.be\/fr\/wp-json\/wp\/v2\/media\/276213"}],"wp:attachment":[{"href":"https:\/\/ecosupplements.be\/fr\/wp-json\/wp\/v2\/media?parent=302073"}],"wp:term":[{"taxonomy":"product_brand","embeddable":true,"href":"https:\/\/ecosupplements.be\/fr\/wp-json\/wp\/v2\/product_brand?post=302073"},{"taxonomy":"product_cat","embeddable":true,"href":"https:\/\/ecosupplements.be\/fr\/wp-json\/wp\/v2\/product_cat?post=302073"},{"taxonomy":"product_tag","embeddable":true,"href":"https:\/\/ecosupplements.be\/fr\/wp-json\/wp\/v2\/product_tag?post=302073"}],"curies":[{"name":"wp","href":"https:\/\/api.w.org\/{rel}","templated":true}]}}