{"id":302076,"date":"2025-07-26T04:46:11","date_gmt":"2025-07-26T03:46:11","guid":{"rendered":"https:\/\/ecosupplements.be\/product\/olmuhle-solling-bio-rosehip-powder-500-g-176-oz\/"},"modified":"2025-08-28T03:30:57","modified_gmt":"2025-08-28T02:30:57","slug":"olmuhle-solling-bio-rosehip-powder-500-g-176-oz","status":"publish","type":"product","link":"https:\/\/ecosupplements.be\/fr\/produit\/olmuhle-solling-bio-rosehip-powder-500-g-176-oz\/","title":{"rendered":"Poudre de cynorhodon biologique OLMUHLE SOLLING (500 g \/ 17,6 oz.)"},"content":{"rendered":"<h1>OLMUHLE SOLLING BIO Rosehip Powder (500 g \/ 17,6 oz.)<\/h1>\n<p>D\u00e9couvrez le <strong>OLMUHLE SOLLING BIO Rosehip Powder<\/strong>, un produit issu de l&#8217;agriculture biologique, parfait pour ceux qui appr\u00e9cient les ingr\u00e9dients naturels dans leur quotidien. Ce produit est \u00e9labor\u00e9 \u00e0 partir de fruits de rose s\u00e9ch\u00e9s et finement moulus, garantissant une qualit\u00e9 sup\u00e9rieure et une puret\u00e9 exceptionnelle.<\/p>\n<p><strong>Ingr\u00e9dients :<\/strong> Poudre de cynorrhodon*.<\/p>\n<p>*issu d&#8217;agricultures biologiques certifi\u00e9es.<\/p>\n<p><em>Ce produit peut contenir des traces de noix, s\u00e9same et moutarde.<\/em><\/p>\n<table border=\"3\">\n<tbody>\n<tr>\n<td><strong>Valeurs nutritionnelles<\/strong><\/td>\n<td style=\"text-align:center\"><strong>Pour 100 g<\/strong><\/td>\n<\/tr>\n<tr>\n<td>Valeur \u00e9nerg\u00e9tique<\/td>\n<td style=\"text-align:center\">1159 kJ\/277 kcal<\/td>\n<\/tr>\n<tr>\n<td>Teneur en mati\u00e8res grasses<br \/>&#8211; dont acides gras satur\u00e9s<\/td>\n<td style=\"text-align:center\">0,5 g<br \/>0,2 g <\/td>\n<\/tr>\n<tr>\n<td>Teneur en glucides<br \/>&#8211; dont sucres <\/ td > <\/p>\n<td>46 , 8\u00a0g<br \/>24 , 5\u00a0g <\/ td ><br \/>\n <\/ tr ><\/p>\n<tr>\n<td> Fibres alimentaires\n<\/td>\n<td>35\u00a0g\n<\/td>\n<\/tr>\n<tr>\n<td> Prot\u00e9ines<br \/>\n2 , 8\u00a0g<br \/>\n<\/tr>\n<tr>Sel&lt;0 ,1 gVitamine C400 mg (500%*)<\/tbody>\n<\/table>\n<p>*valeur quotidienne bas\u00e9e sur un r\u00e9gime de 2000 calories.<\/p>\n<h3>Modes d&#8217;utilisation :<\/h3>\n<p>Ajoutez une touche naturelle \u00e0 vos smoothies,desserts,jus ou yaourts avec notre poudre de cynorrhodon. Un choix simple pour enrichir votre alimentation quotidienne sans effort.<\/p>\n<h3>Conservation :<\/h3>\n<p>Pour pr\u00e9server la fra\u00eecheur du produit, conservez-le dans un endroit frais et \u00e0 l&#8217;abri du soleil direct.<\/p>\n<p>Avec OLMUHLE SOLLING BIO Rosehip Powder,int\u00e9grez facilement la qualit\u00e9 et la naturalit\u00e9 dans votre routine culinaire!<\/p>\n","protected":false},"excerpt":{"rendered":"<p>OLMUHLE SOLLING BIO Rosehip Powder (500 g \/ 17,6 oz.) D\u00e9couvrez le OLMUHLE SOLLING BIO Rosehip Powder, un produit issu de l&#8217;agriculture biologique, parfait pour ceux qui appr\u00e9cient les ingr\u00e9dients naturels dans leur quotidien. Ce produit est \u00e9labor\u00e9 \u00e0 partir de fruits de rose s\u00e9ch\u00e9s et finement moulus, garantissant une qualit\u00e9 sup\u00e9rieure et une puret\u00e9 [&#8230;]\n","protected":false},"featured_media":276216,"comment_status":"closed","ping_status":"open","template":"","meta":[],"product_brand":[5377],"product_cat":[5052,5094,5053],"product_tag":[],"class_list":{"0":"post-302076","1":"product","2":"type-product","3":"status-publish","4":"has-post-thumbnail","6":"product_brand-olmuhle-solling-2","7":"product_cat-sante-et-bien-etre","8":"product_cat-supplements-a-base-de-plantes","9":"product_cat-vitamines-et-mineraux","11":"first","12":"instock","13":"taxable","14":"shipping-taxable","15":"purchasable","16":"product-type-simple"},"yoast_head":"<!-- This site is optimized with the Yoast SEO Premium plugin v27.3 (Yoast SEO v27.3) - https:\/\/yoast.com\/product\/yoast-seo-premium-wordpress\/ -->\n<title>Poudre de cynorhodon biologique OLMUHLE SOLLING (500 g \/ 17,6 oz.) - ECO Supplements<\/title>\n<meta name=\"description\" content=\"Wij hebben een ruime keuze aan producten van Poudre de cynorhodon biologique OLMUHLE SOLLING (500 g \/ 17,6 oz.) . Winkel bij Eco Supplements altijd gratis verzending boven 100\u20ac\" \/>\n<meta name=\"robots\" content=\"index, follow, max-snippet:-1, max-image-preview:large, max-video-preview:-1\" \/>\n<link rel=\"canonical\" href=\"https:\/\/ecosupplements.be\/fr\/produit\/olmuhle-solling-bio-rosehip-powder-500-g-176-oz\/\" \/>\n<meta property=\"og:locale\" content=\"fr_FR\" \/>\n<meta property=\"og:type\" content=\"article\" \/>\n<meta property=\"og:title\" content=\"Poudre de cynorhodon biologique OLMUHLE SOLLING (500 g \/ 17,6 oz.)\" \/>\n<meta property=\"og:description\" content=\"Wij hebben een ruime keuze aan producten van Poudre de cynorhodon biologique OLMUHLE SOLLING (500 g \/ 17,6 oz.) . Winkel bij Eco Supplements altijd gratis verzending boven 100\u20ac\" \/>\n<meta property=\"og:url\" content=\"https:\/\/ecosupplements.be\/fr\/produit\/olmuhle-solling-bio-rosehip-powder-500-g-176-oz\/\" \/>\n<meta property=\"og:site_name\" content=\"ECO Supplements\" \/>\n<meta property=\"article:modified_time\" content=\"2025-08-28T02:30:57+00:00\" \/>\n<meta property=\"og:image\" content=\"https:\/\/ecosupplements.be\/wp-content\/uploads\/2025\/08\/Olmuhle-Solling-OLMUHLE-SOLLING-BIO-Rosehip-powder-500-g-176-oz.jpg\" \/>\n\t<meta property=\"og:image:width\" content=\"1080\" \/>\n\t<meta property=\"og:image:height\" content=\"1653\" \/>\n\t<meta property=\"og:image:type\" content=\"image\/jpeg\" \/>\n<meta name=\"twitter:card\" content=\"summary_large_image\" \/>\n<meta name=\"twitter:label1\" content=\"Prix\" \/>\n\t<meta name=\"twitter:data1\" content=\"13.96&nbsp;&euro;\" \/>\n\t<meta name=\"twitter:label2\" content=\"Disponibilit\u00e9\" \/>\n\t<meta name=\"twitter:data2\" content=\"En stock\" \/>\n<script type=\"application\/ld+json\" class=\"yoast-schema-graph\">{\"@context\":\"https:\\\/\\\/schema.org\",\"@graph\":[{\"@type\":[\"WebPage\",\"ItemPage\"],\"@id\":\"https:\\\/\\\/ecosupplements.be\\\/fr\\\/produit\\\/olmuhle-solling-bio-rosehip-powder-500-g-176-oz\\\/\",\"url\":\"https:\\\/\\\/ecosupplements.be\\\/fr\\\/produit\\\/olmuhle-solling-bio-rosehip-powder-500-g-176-oz\\\/\",\"name\":\"Poudre de cynorhodon biologique OLMUHLE SOLLING (500 g \\\/ 17,6 oz.) - ECO Supplements\",\"isPartOf\":{\"@id\":\"https:\\\/\\\/ecosupplements.be\\\/fr\\\/#website\"},\"primaryImageOfPage\":{\"@id\":\"https:\\\/\\\/ecosupplements.be\\\/fr\\\/produit\\\/olmuhle-solling-bio-rosehip-powder-500-g-176-oz\\\/#primaryimage\"},\"image\":{\"@id\":\"https:\\\/\\\/ecosupplements.be\\\/fr\\\/produit\\\/olmuhle-solling-bio-rosehip-powder-500-g-176-oz\\\/#primaryimage\"},\"thumbnailUrl\":\"https:\\\/\\\/ecosupplements.be\\\/wp-content\\\/uploads\\\/2025\\\/08\\\/OLMUHLE-SOLLING-BIO-Rosehip-powder-500-g-176-oz.jpg\",\"datePublished\":\"2025-07-26T03:46:11+00:00\",\"dateModified\":\"2025-08-28T02:30:57+00:00\",\"description\":\"Wij hebben een ruime keuze aan producten van Poudre de cynorhodon biologique OLMUHLE SOLLING (500 g \\\/ 17,6 oz.) . Winkel bij Eco Supplements altijd gratis verzending boven 100\u20ac\",\"breadcrumb\":{\"@id\":\"https:\\\/\\\/ecosupplements.be\\\/fr\\\/produit\\\/olmuhle-solling-bio-rosehip-powder-500-g-176-oz\\\/#breadcrumb\"},\"inLanguage\":\"fr-FR\",\"potentialAction\":[{\"@type\":\"ReadAction\",\"target\":[\"https:\\\/\\\/ecosupplements.be\\\/fr\\\/produit\\\/olmuhle-solling-bio-rosehip-powder-500-g-176-oz\\\/\"]}]},{\"@type\":\"ImageObject\",\"inLanguage\":\"fr-FR\",\"@id\":\"https:\\\/\\\/ecosupplements.be\\\/fr\\\/produit\\\/olmuhle-solling-bio-rosehip-powder-500-g-176-oz\\\/#primaryimage\",\"url\":\"https:\\\/\\\/ecosupplements.be\\\/wp-content\\\/uploads\\\/2025\\\/08\\\/OLMUHLE-SOLLING-BIO-Rosehip-powder-500-g-176-oz.jpg\",\"contentUrl\":\"https:\\\/\\\/ecosupplements.be\\\/wp-content\\\/uploads\\\/2025\\\/08\\\/OLMUHLE-SOLLING-BIO-Rosehip-powder-500-g-176-oz.jpg\",\"width\":1080,\"height\":1653},{\"@type\":\"BreadcrumbList\",\"@id\":\"https:\\\/\\\/ecosupplements.be\\\/fr\\\/produit\\\/olmuhle-solling-bio-rosehip-powder-500-g-176-oz\\\/#breadcrumb\",\"itemListElement\":[{\"@type\":\"ListItem\",\"position\":1,\"name\":\"Home\",\"item\":\"https:\\\/\\\/ecosupplements.be\\\/fr\\\/\"},{\"@type\":\"ListItem\",\"position\":2,\"name\":\"Boutique\",\"item\":\"https:\\\/\\\/ecosupplements.be\\\/fr\\\/boutique\\\/\"},{\"@type\":\"ListItem\",\"position\":3,\"name\":\"Poudre de cynorhodon biologique OLMUHLE SOLLING (500 g \\\/ 17,6 oz.)\"}]},{\"@type\":\"WebSite\",\"@id\":\"https:\\\/\\\/ecosupplements.be\\\/fr\\\/#website\",\"url\":\"https:\\\/\\\/ecosupplements.be\\\/fr\\\/\",\"name\":\"ECO Supplements\",\"description\":\"Eco Supplements - Gezonde supplementen\",\"publisher\":{\"@id\":\"https:\\\/\\\/ecosupplements.be\\\/fr\\\/#organization\"},\"potentialAction\":[{\"@type\":\"SearchAction\",\"target\":{\"@type\":\"EntryPoint\",\"urlTemplate\":\"https:\\\/\\\/ecosupplements.be\\\/fr\\\/?s={search_term_string}\"},\"query-input\":{\"@type\":\"PropertyValueSpecification\",\"valueRequired\":true,\"valueName\":\"search_term_string\"}}],\"inLanguage\":\"fr-FR\"},{\"@type\":\"Organization\",\"@id\":\"https:\\\/\\\/ecosupplements.be\\\/fr\\\/#organization\",\"name\":\"Eco Supplements\",\"url\":\"https:\\\/\\\/ecosupplements.be\\\/fr\\\/\",\"logo\":{\"@type\":\"ImageObject\",\"inLanguage\":\"fr-FR\",\"@id\":\"https:\\\/\\\/ecosupplements.be\\\/fr\\\/#\\\/schema\\\/logo\\\/image\\\/\",\"url\":\"https:\\\/\\\/ecosupplements.be\\\/wp-content\\\/uploads\\\/2022\\\/06\\\/ecosupplement-family.png\",\"contentUrl\":\"https:\\\/\\\/ecosupplements.be\\\/wp-content\\\/uploads\\\/2022\\\/06\\\/ecosupplement-family.png\",\"width\":593,\"height\":374,\"caption\":\"Eco Supplements\"},\"image\":{\"@id\":\"https:\\\/\\\/ecosupplements.be\\\/fr\\\/#\\\/schema\\\/logo\\\/image\\\/\"}}]}<\/script>\n<meta property=\"product:brand\" content=\"\u00d6lm\u00fchle Solling\" \/>\n<meta property=\"product:price:amount\" content=\"13.96\" \/>\n<meta property=\"product:price:currency\" content=\"EUR\" \/>\n<meta property=\"og:availability\" content=\"instock\" \/>\n<meta property=\"product:availability\" content=\"instock\" \/>\n<meta property=\"product:retailer_item_id\" content=\"4031192484534\" \/>\n<meta property=\"product:condition\" content=\"new\" \/>\n<!-- \/ Yoast SEO Premium plugin. -->","yoast_head_json":{"title":"Poudre de cynorhodon biologique OLMUHLE SOLLING (500 g \/ 17,6 oz.) - ECO Supplements","description":"Wij hebben een ruime keuze aan producten van Poudre de cynorhodon biologique OLMUHLE SOLLING (500 g \/ 17,6 oz.) . Winkel bij Eco Supplements altijd gratis verzending boven 100\u20ac","robots":{"index":"index","follow":"follow","max-snippet":"max-snippet:-1","max-image-preview":"max-image-preview:large","max-video-preview":"max-video-preview:-1"},"canonical":"https:\/\/ecosupplements.be\/fr\/produit\/olmuhle-solling-bio-rosehip-powder-500-g-176-oz\/","og_locale":"fr_FR","og_type":"article","og_title":"Poudre de cynorhodon biologique OLMUHLE SOLLING (500 g \/ 17,6 oz.)","og_description":"Wij hebben een ruime keuze aan producten van Poudre de cynorhodon biologique OLMUHLE SOLLING (500 g \/ 17,6 oz.) . Winkel bij Eco Supplements altijd gratis verzending boven 100\u20ac","og_url":"https:\/\/ecosupplements.be\/fr\/produit\/olmuhle-solling-bio-rosehip-powder-500-g-176-oz\/","og_site_name":"ECO Supplements","article_modified_time":"2025-08-28T02:30:57+00:00","og_image":[{"width":1080,"height":1653,"url":"https:\/\/ecosupplements.be\/wp-content\/uploads\/2025\/08\/Olmuhle-Solling-OLMUHLE-SOLLING-BIO-Rosehip-powder-500-g-176-oz.jpg","type":"image\/jpeg"}],"twitter_card":"summary_large_image","twitter_misc":{"Prix":"13.96&nbsp;&euro;","Disponibilit\u00e9":"En stock"},"schema":{"@context":"https:\/\/schema.org","@graph":[{"@type":["WebPage","ItemPage"],"@id":"https:\/\/ecosupplements.be\/fr\/produit\/olmuhle-solling-bio-rosehip-powder-500-g-176-oz\/","url":"https:\/\/ecosupplements.be\/fr\/produit\/olmuhle-solling-bio-rosehip-powder-500-g-176-oz\/","name":"Poudre de cynorhodon biologique OLMUHLE SOLLING (500 g \/ 17,6 oz.) - ECO Supplements","isPartOf":{"@id":"https:\/\/ecosupplements.be\/fr\/#website"},"primaryImageOfPage":{"@id":"https:\/\/ecosupplements.be\/fr\/produit\/olmuhle-solling-bio-rosehip-powder-500-g-176-oz\/#primaryimage"},"image":{"@id":"https:\/\/ecosupplements.be\/fr\/produit\/olmuhle-solling-bio-rosehip-powder-500-g-176-oz\/#primaryimage"},"thumbnailUrl":"https:\/\/ecosupplements.be\/wp-content\/uploads\/2025\/08\/OLMUHLE-SOLLING-BIO-Rosehip-powder-500-g-176-oz.jpg","datePublished":"2025-07-26T03:46:11+00:00","dateModified":"2025-08-28T02:30:57+00:00","description":"Wij hebben een ruime keuze aan producten van Poudre de cynorhodon biologique OLMUHLE SOLLING (500 g \/ 17,6 oz.) . Winkel bij Eco Supplements altijd gratis verzending boven 100\u20ac","breadcrumb":{"@id":"https:\/\/ecosupplements.be\/fr\/produit\/olmuhle-solling-bio-rosehip-powder-500-g-176-oz\/#breadcrumb"},"inLanguage":"fr-FR","potentialAction":[{"@type":"ReadAction","target":["https:\/\/ecosupplements.be\/fr\/produit\/olmuhle-solling-bio-rosehip-powder-500-g-176-oz\/"]}]},{"@type":"ImageObject","inLanguage":"fr-FR","@id":"https:\/\/ecosupplements.be\/fr\/produit\/olmuhle-solling-bio-rosehip-powder-500-g-176-oz\/#primaryimage","url":"https:\/\/ecosupplements.be\/wp-content\/uploads\/2025\/08\/OLMUHLE-SOLLING-BIO-Rosehip-powder-500-g-176-oz.jpg","contentUrl":"https:\/\/ecosupplements.be\/wp-content\/uploads\/2025\/08\/OLMUHLE-SOLLING-BIO-Rosehip-powder-500-g-176-oz.jpg","width":1080,"height":1653},{"@type":"BreadcrumbList","@id":"https:\/\/ecosupplements.be\/fr\/produit\/olmuhle-solling-bio-rosehip-powder-500-g-176-oz\/#breadcrumb","itemListElement":[{"@type":"ListItem","position":1,"name":"Home","item":"https:\/\/ecosupplements.be\/fr\/"},{"@type":"ListItem","position":2,"name":"Boutique","item":"https:\/\/ecosupplements.be\/fr\/boutique\/"},{"@type":"ListItem","position":3,"name":"Poudre de cynorhodon biologique OLMUHLE SOLLING (500 g \/ 17,6 oz.)"}]},{"@type":"WebSite","@id":"https:\/\/ecosupplements.be\/fr\/#website","url":"https:\/\/ecosupplements.be\/fr\/","name":"ECO Supplements","description":"Eco Supplements - Gezonde supplementen","publisher":{"@id":"https:\/\/ecosupplements.be\/fr\/#organization"},"potentialAction":[{"@type":"SearchAction","target":{"@type":"EntryPoint","urlTemplate":"https:\/\/ecosupplements.be\/fr\/?s={search_term_string}"},"query-input":{"@type":"PropertyValueSpecification","valueRequired":true,"valueName":"search_term_string"}}],"inLanguage":"fr-FR"},{"@type":"Organization","@id":"https:\/\/ecosupplements.be\/fr\/#organization","name":"Eco Supplements","url":"https:\/\/ecosupplements.be\/fr\/","logo":{"@type":"ImageObject","inLanguage":"fr-FR","@id":"https:\/\/ecosupplements.be\/fr\/#\/schema\/logo\/image\/","url":"https:\/\/ecosupplements.be\/wp-content\/uploads\/2022\/06\/ecosupplement-family.png","contentUrl":"https:\/\/ecosupplements.be\/wp-content\/uploads\/2022\/06\/ecosupplement-family.png","width":593,"height":374,"caption":"Eco Supplements"},"image":{"@id":"https:\/\/ecosupplements.be\/fr\/#\/schema\/logo\/image\/"}}]},"product_brand":"\u00d6lm\u00fchle Solling","product_price_amount":"13.96","product_price_currency":"EUR","og_availability":"instock","product_availability":"instock","product_retailer_item_id":"4031192484534","product_condition":"new"},"_links":{"self":[{"href":"https:\/\/ecosupplements.be\/fr\/wp-json\/wp\/v2\/product\/302076","targetHints":{"allow":["GET"]}}],"collection":[{"href":"https:\/\/ecosupplements.be\/fr\/wp-json\/wp\/v2\/product"}],"about":[{"href":"https:\/\/ecosupplements.be\/fr\/wp-json\/wp\/v2\/types\/product"}],"replies":[{"embeddable":true,"href":"https:\/\/ecosupplements.be\/fr\/wp-json\/wp\/v2\/comments?post=302076"}],"wp:featuredmedia":[{"embeddable":true,"href":"https:\/\/ecosupplements.be\/fr\/wp-json\/wp\/v2\/media\/276216"}],"wp:attachment":[{"href":"https:\/\/ecosupplements.be\/fr\/wp-json\/wp\/v2\/media?parent=302076"}],"wp:term":[{"taxonomy":"product_brand","embeddable":true,"href":"https:\/\/ecosupplements.be\/fr\/wp-json\/wp\/v2\/product_brand?post=302076"},{"taxonomy":"product_cat","embeddable":true,"href":"https:\/\/ecosupplements.be\/fr\/wp-json\/wp\/v2\/product_cat?post=302076"},{"taxonomy":"product_tag","embeddable":true,"href":"https:\/\/ecosupplements.be\/fr\/wp-json\/wp\/v2\/product_tag?post=302076"}],"curies":[{"name":"wp","href":"https:\/\/api.w.org\/{rel}","templated":true}]}}