{"id":302148,"date":"2025-07-26T05:45:12","date_gmt":"2025-07-26T04:45:12","guid":{"rendered":"https:\/\/ecosupplements.be\/product\/osavi-colostrum-1200-mg-100-g-3527-oz\/"},"modified":"2025-08-28T03:32:20","modified_gmt":"2025-08-28T02:32:20","slug":"osavi-colostrum-1200-mg-100-g-3527-oz","status":"publish","type":"product","link":"https:\/\/ecosupplements.be\/fr\/produit\/osavi-colostrum-1200-mg-100-g-3527-oz\/","title":{"rendered":"Colostrum d&#8217;OSAVI, 1200 mg (100 g \/ 3,527 oz.)"},"content":{"rendered":"<p><strong>Nom du produit :<\/strong> OSAVI Colostrum, 1200 mg (100 g \/ 3,527 oz.)<\/p>\n<p><strong>Description :<\/strong> D\u00e9couvrez OSAVI Colostrum, un choix naturel pour ceux qui appr\u00e9cient les ingr\u00e9dients purs et d&#8217;origine naturelle.Ce produit est \u00e9labor\u00e9 \u00e0 partir de colostrum bovin, le premier lait riche en nutriments produits juste apr\u00e8s la naissance.<\/p>\n<p><strong>Ingr\u00e9dients principaux :<\/strong> Colostrum bovin (contient de la lactose), standardis\u00e9 \u00e0 min. 30% d&#8217;immunoglobulines G.<\/p>\n<p><strong>contenu et emballage :<\/strong> Chaque paquet contient 100 g de poudre, ce qui correspond \u00e0 environ 3,527 onces.<\/p>\n<p><strong>Utilisation recommand\u00e9e :<\/strong> Dissoudre une mesure de poudre dans 200 ml de liquide. Il est sugg\u00e9r\u00e9 d&#8217;utiliser ce produit le matin pour int\u00e9grer facilement dans votre routine quotidienne.<\/p>\n<p><strong>caract\u00e9ristiques pratiques :<\/strong> Le format en poudre permet une utilisation simple et rapide, id\u00e9al pour ceux qui cherchent \u00e0 incorporer des \u00e9l\u00e9ments naturels dans leur quotidien sans complication.<\/p>\n<p><em>Note : Ne pas d\u00e9passer la dose journali\u00e8re recommand\u00e9e. Ce compl\u00e9ment alimentaire ne doit pas \u00eatre utilis\u00e9 comme substitut d&#8217;une alimentation vari\u00e9e. Pour maintenir un \u00e9tat optimal, adoptez une alimentation diversifi\u00e9e et un mode de vie actif.<\/em><\/p>\n<p><strong>rangement:<\/strong><\/p>\n<p>Gardez le produit dans un endroit sec et sombre \u00e0 temp\u00e9rature ambiante, hors de port\u00e9e des enfants.<\/p>\n","protected":false},"excerpt":{"rendered":"<p>Nom du produit : OSAVI Colostrum, 1200 mg (100 g \/ 3,527 oz.) Description : D\u00e9couvrez OSAVI Colostrum, un choix naturel pour ceux qui appr\u00e9cient les ingr\u00e9dients purs et d&#8217;origine naturelle.Ce produit est \u00e9labor\u00e9 \u00e0 partir de colostrum bovin, le premier lait riche en nutriments produits juste apr\u00e8s la naissance. Ingr\u00e9dients principaux : Colostrum bovin [&#8230;]\n","protected":false},"featured_media":276288,"comment_status":"closed","ping_status":"open","template":"","meta":[],"product_brand":[4756],"product_cat":[5053],"product_tag":[],"class_list":{"0":"post-302148","1":"product","2":"type-product","3":"status-publish","4":"has-post-thumbnail","6":"product_brand-osavi-2","7":"product_cat-vitamines-et-mineraux","9":"first","10":"outofstock","11":"taxable","12":"shipping-taxable","13":"purchasable","14":"product-type-simple"},"yoast_head":"<!-- This site is optimized with the Yoast SEO Premium plugin v27.3 (Yoast SEO v27.3) - https:\/\/yoast.com\/product\/yoast-seo-premium-wordpress\/ -->\n<title>Colostrum d&#039;OSAVI, 1200 mg (100 g \/ 3,527 oz.) - ECO Supplements<\/title>\n<meta name=\"description\" content=\"Wij hebben een ruime keuze aan producten van Colostrum d&#039;OSAVI, 1200 mg (100 g \/ 3,527 oz.) . Winkel bij Eco Supplements altijd gratis verzending boven 100\u20ac\" \/>\n<meta name=\"robots\" content=\"index, follow, max-snippet:-1, max-image-preview:large, max-video-preview:-1\" \/>\n<link rel=\"canonical\" href=\"https:\/\/ecosupplements.be\/fr\/produit\/osavi-colostrum-1200-mg-100-g-3527-oz\/\" \/>\n<meta property=\"og:locale\" content=\"fr_FR\" \/>\n<meta property=\"og:type\" content=\"article\" \/>\n<meta property=\"og:title\" content=\"Colostrum d&#039;OSAVI, 1200 mg (100 g \/ 3,527 oz.)\" \/>\n<meta property=\"og:description\" content=\"Wij hebben een ruime keuze aan producten van Colostrum d&#039;OSAVI, 1200 mg (100 g \/ 3,527 oz.) . Winkel bij Eco Supplements altijd gratis verzending boven 100\u20ac\" \/>\n<meta property=\"og:url\" content=\"https:\/\/ecosupplements.be\/fr\/produit\/osavi-colostrum-1200-mg-100-g-3527-oz\/\" \/>\n<meta property=\"og:site_name\" content=\"ECO Supplements\" \/>\n<meta property=\"article:modified_time\" content=\"2025-08-28T02:32:20+00:00\" \/>\n<meta property=\"og:image\" content=\"https:\/\/ecosupplements.be\/wp-content\/uploads\/2025\/08\/Osavi-OSAVI-Colostrum-1200-mg-100-g-3527-oz.jpg\" \/>\n\t<meta property=\"og:image:width\" content=\"930\" \/>\n\t<meta property=\"og:image:height\" content=\"750\" \/>\n\t<meta property=\"og:image:type\" content=\"image\/jpeg\" \/>\n<meta name=\"twitter:card\" content=\"summary_large_image\" \/>\n<meta name=\"twitter:label1\" content=\"Prix\" \/>\n\t<meta name=\"twitter:data1\" content=\"29.34&nbsp;&euro;\" \/>\n\t<meta name=\"twitter:label2\" content=\"Disponibilit\u00e9\" \/>\n\t<meta name=\"twitter:data2\" content=\"Rupture de stock\" \/>\n<script type=\"application\/ld+json\" class=\"yoast-schema-graph\">{\"@context\":\"https:\\\/\\\/schema.org\",\"@graph\":[{\"@type\":[\"WebPage\",\"ItemPage\"],\"@id\":\"https:\\\/\\\/ecosupplements.be\\\/fr\\\/produit\\\/osavi-colostrum-1200-mg-100-g-3527-oz\\\/\",\"url\":\"https:\\\/\\\/ecosupplements.be\\\/fr\\\/produit\\\/osavi-colostrum-1200-mg-100-g-3527-oz\\\/\",\"name\":\"Colostrum d'OSAVI, 1200 mg (100 g \\\/ 3,527 oz.) - ECO Supplements\",\"isPartOf\":{\"@id\":\"https:\\\/\\\/ecosupplements.be\\\/fr\\\/#website\"},\"primaryImageOfPage\":{\"@id\":\"https:\\\/\\\/ecosupplements.be\\\/fr\\\/produit\\\/osavi-colostrum-1200-mg-100-g-3527-oz\\\/#primaryimage\"},\"image\":{\"@id\":\"https:\\\/\\\/ecosupplements.be\\\/fr\\\/produit\\\/osavi-colostrum-1200-mg-100-g-3527-oz\\\/#primaryimage\"},\"thumbnailUrl\":\"https:\\\/\\\/ecosupplements.be\\\/wp-content\\\/uploads\\\/2025\\\/08\\\/OSAVI-Colostrum-1200-mg-100-g-3527-oz.jpg\",\"datePublished\":\"2025-07-26T04:45:12+00:00\",\"dateModified\":\"2025-08-28T02:32:20+00:00\",\"description\":\"Wij hebben een ruime keuze aan producten van Colostrum d'OSAVI, 1200 mg (100 g \\\/ 3,527 oz.) . Winkel bij Eco Supplements altijd gratis verzending boven 100\u20ac\",\"breadcrumb\":{\"@id\":\"https:\\\/\\\/ecosupplements.be\\\/fr\\\/produit\\\/osavi-colostrum-1200-mg-100-g-3527-oz\\\/#breadcrumb\"},\"inLanguage\":\"fr-FR\",\"potentialAction\":[{\"@type\":\"ReadAction\",\"target\":[\"https:\\\/\\\/ecosupplements.be\\\/fr\\\/produit\\\/osavi-colostrum-1200-mg-100-g-3527-oz\\\/\"]}]},{\"@type\":\"ImageObject\",\"inLanguage\":\"fr-FR\",\"@id\":\"https:\\\/\\\/ecosupplements.be\\\/fr\\\/produit\\\/osavi-colostrum-1200-mg-100-g-3527-oz\\\/#primaryimage\",\"url\":\"https:\\\/\\\/ecosupplements.be\\\/wp-content\\\/uploads\\\/2025\\\/08\\\/OSAVI-Colostrum-1200-mg-100-g-3527-oz.jpg\",\"contentUrl\":\"https:\\\/\\\/ecosupplements.be\\\/wp-content\\\/uploads\\\/2025\\\/08\\\/OSAVI-Colostrum-1200-mg-100-g-3527-oz.jpg\",\"width\":930,\"height\":750},{\"@type\":\"BreadcrumbList\",\"@id\":\"https:\\\/\\\/ecosupplements.be\\\/fr\\\/produit\\\/osavi-colostrum-1200-mg-100-g-3527-oz\\\/#breadcrumb\",\"itemListElement\":[{\"@type\":\"ListItem\",\"position\":1,\"name\":\"Home\",\"item\":\"https:\\\/\\\/ecosupplements.be\\\/fr\\\/\"},{\"@type\":\"ListItem\",\"position\":2,\"name\":\"Boutique\",\"item\":\"https:\\\/\\\/ecosupplements.be\\\/fr\\\/boutique\\\/\"},{\"@type\":\"ListItem\",\"position\":3,\"name\":\"Colostrum d&#8217;OSAVI, 1200 mg (100 g \\\/ 3,527 oz.)\"}]},{\"@type\":\"WebSite\",\"@id\":\"https:\\\/\\\/ecosupplements.be\\\/fr\\\/#website\",\"url\":\"https:\\\/\\\/ecosupplements.be\\\/fr\\\/\",\"name\":\"ECO Supplements\",\"description\":\"Eco Supplements - Gezonde supplementen\",\"publisher\":{\"@id\":\"https:\\\/\\\/ecosupplements.be\\\/fr\\\/#organization\"},\"potentialAction\":[{\"@type\":\"SearchAction\",\"target\":{\"@type\":\"EntryPoint\",\"urlTemplate\":\"https:\\\/\\\/ecosupplements.be\\\/fr\\\/?s={search_term_string}\"},\"query-input\":{\"@type\":\"PropertyValueSpecification\",\"valueRequired\":true,\"valueName\":\"search_term_string\"}}],\"inLanguage\":\"fr-FR\"},{\"@type\":\"Organization\",\"@id\":\"https:\\\/\\\/ecosupplements.be\\\/fr\\\/#organization\",\"name\":\"Eco Supplements\",\"url\":\"https:\\\/\\\/ecosupplements.be\\\/fr\\\/\",\"logo\":{\"@type\":\"ImageObject\",\"inLanguage\":\"fr-FR\",\"@id\":\"https:\\\/\\\/ecosupplements.be\\\/fr\\\/#\\\/schema\\\/logo\\\/image\\\/\",\"url\":\"https:\\\/\\\/ecosupplements.be\\\/wp-content\\\/uploads\\\/2022\\\/06\\\/ecosupplement-family.png\",\"contentUrl\":\"https:\\\/\\\/ecosupplements.be\\\/wp-content\\\/uploads\\\/2022\\\/06\\\/ecosupplement-family.png\",\"width\":593,\"height\":374,\"caption\":\"Eco Supplements\"},\"image\":{\"@id\":\"https:\\\/\\\/ecosupplements.be\\\/fr\\\/#\\\/schema\\\/logo\\\/image\\\/\"}}]}<\/script>\n<meta property=\"product:brand\" content=\"Osavi\" \/>\n<meta property=\"product:price:amount\" content=\"29.34\" \/>\n<meta property=\"product:price:currency\" content=\"EUR\" \/>\n<meta property=\"og:availability\" content=\"out of stock\" \/>\n<meta property=\"product:availability\" content=\"out of stock\" \/>\n<meta property=\"product:retailer_item_id\" content=\"5904139923405\" \/>\n<meta property=\"product:condition\" content=\"new\" \/>\n<!-- \/ Yoast SEO Premium plugin. -->","yoast_head_json":{"title":"Colostrum d'OSAVI, 1200 mg (100 g \/ 3,527 oz.) - ECO Supplements","description":"Wij hebben een ruime keuze aan producten van Colostrum d'OSAVI, 1200 mg (100 g \/ 3,527 oz.) . Winkel bij Eco Supplements altijd gratis verzending boven 100\u20ac","robots":{"index":"index","follow":"follow","max-snippet":"max-snippet:-1","max-image-preview":"max-image-preview:large","max-video-preview":"max-video-preview:-1"},"canonical":"https:\/\/ecosupplements.be\/fr\/produit\/osavi-colostrum-1200-mg-100-g-3527-oz\/","og_locale":"fr_FR","og_type":"article","og_title":"Colostrum d'OSAVI, 1200 mg (100 g \/ 3,527 oz.)","og_description":"Wij hebben een ruime keuze aan producten van Colostrum d'OSAVI, 1200 mg (100 g \/ 3,527 oz.) . Winkel bij Eco Supplements altijd gratis verzending boven 100\u20ac","og_url":"https:\/\/ecosupplements.be\/fr\/produit\/osavi-colostrum-1200-mg-100-g-3527-oz\/","og_site_name":"ECO Supplements","article_modified_time":"2025-08-28T02:32:20+00:00","og_image":[{"width":930,"height":750,"url":"https:\/\/ecosupplements.be\/wp-content\/uploads\/2025\/08\/Osavi-OSAVI-Colostrum-1200-mg-100-g-3527-oz.jpg","type":"image\/jpeg"}],"twitter_card":"summary_large_image","twitter_misc":{"Prix":"29.34&nbsp;&euro;","Disponibilit\u00e9":"Rupture de stock"},"schema":{"@context":"https:\/\/schema.org","@graph":[{"@type":["WebPage","ItemPage"],"@id":"https:\/\/ecosupplements.be\/fr\/produit\/osavi-colostrum-1200-mg-100-g-3527-oz\/","url":"https:\/\/ecosupplements.be\/fr\/produit\/osavi-colostrum-1200-mg-100-g-3527-oz\/","name":"Colostrum d'OSAVI, 1200 mg (100 g \/ 3,527 oz.) - ECO Supplements","isPartOf":{"@id":"https:\/\/ecosupplements.be\/fr\/#website"},"primaryImageOfPage":{"@id":"https:\/\/ecosupplements.be\/fr\/produit\/osavi-colostrum-1200-mg-100-g-3527-oz\/#primaryimage"},"image":{"@id":"https:\/\/ecosupplements.be\/fr\/produit\/osavi-colostrum-1200-mg-100-g-3527-oz\/#primaryimage"},"thumbnailUrl":"https:\/\/ecosupplements.be\/wp-content\/uploads\/2025\/08\/OSAVI-Colostrum-1200-mg-100-g-3527-oz.jpg","datePublished":"2025-07-26T04:45:12+00:00","dateModified":"2025-08-28T02:32:20+00:00","description":"Wij hebben een ruime keuze aan producten van Colostrum d'OSAVI, 1200 mg (100 g \/ 3,527 oz.) . Winkel bij Eco Supplements altijd gratis verzending boven 100\u20ac","breadcrumb":{"@id":"https:\/\/ecosupplements.be\/fr\/produit\/osavi-colostrum-1200-mg-100-g-3527-oz\/#breadcrumb"},"inLanguage":"fr-FR","potentialAction":[{"@type":"ReadAction","target":["https:\/\/ecosupplements.be\/fr\/produit\/osavi-colostrum-1200-mg-100-g-3527-oz\/"]}]},{"@type":"ImageObject","inLanguage":"fr-FR","@id":"https:\/\/ecosupplements.be\/fr\/produit\/osavi-colostrum-1200-mg-100-g-3527-oz\/#primaryimage","url":"https:\/\/ecosupplements.be\/wp-content\/uploads\/2025\/08\/OSAVI-Colostrum-1200-mg-100-g-3527-oz.jpg","contentUrl":"https:\/\/ecosupplements.be\/wp-content\/uploads\/2025\/08\/OSAVI-Colostrum-1200-mg-100-g-3527-oz.jpg","width":930,"height":750},{"@type":"BreadcrumbList","@id":"https:\/\/ecosupplements.be\/fr\/produit\/osavi-colostrum-1200-mg-100-g-3527-oz\/#breadcrumb","itemListElement":[{"@type":"ListItem","position":1,"name":"Home","item":"https:\/\/ecosupplements.be\/fr\/"},{"@type":"ListItem","position":2,"name":"Boutique","item":"https:\/\/ecosupplements.be\/fr\/boutique\/"},{"@type":"ListItem","position":3,"name":"Colostrum d&#8217;OSAVI, 1200 mg (100 g \/ 3,527 oz.)"}]},{"@type":"WebSite","@id":"https:\/\/ecosupplements.be\/fr\/#website","url":"https:\/\/ecosupplements.be\/fr\/","name":"ECO Supplements","description":"Eco Supplements - Gezonde supplementen","publisher":{"@id":"https:\/\/ecosupplements.be\/fr\/#organization"},"potentialAction":[{"@type":"SearchAction","target":{"@type":"EntryPoint","urlTemplate":"https:\/\/ecosupplements.be\/fr\/?s={search_term_string}"},"query-input":{"@type":"PropertyValueSpecification","valueRequired":true,"valueName":"search_term_string"}}],"inLanguage":"fr-FR"},{"@type":"Organization","@id":"https:\/\/ecosupplements.be\/fr\/#organization","name":"Eco Supplements","url":"https:\/\/ecosupplements.be\/fr\/","logo":{"@type":"ImageObject","inLanguage":"fr-FR","@id":"https:\/\/ecosupplements.be\/fr\/#\/schema\/logo\/image\/","url":"https:\/\/ecosupplements.be\/wp-content\/uploads\/2022\/06\/ecosupplement-family.png","contentUrl":"https:\/\/ecosupplements.be\/wp-content\/uploads\/2022\/06\/ecosupplement-family.png","width":593,"height":374,"caption":"Eco Supplements"},"image":{"@id":"https:\/\/ecosupplements.be\/fr\/#\/schema\/logo\/image\/"}}]},"product_brand":"Osavi","product_price_amount":"29.34","product_price_currency":"EUR","og_availability":"out of stock","product_availability":"out of stock","product_retailer_item_id":"5904139923405","product_condition":"new"},"_links":{"self":[{"href":"https:\/\/ecosupplements.be\/fr\/wp-json\/wp\/v2\/product\/302148","targetHints":{"allow":["GET"]}}],"collection":[{"href":"https:\/\/ecosupplements.be\/fr\/wp-json\/wp\/v2\/product"}],"about":[{"href":"https:\/\/ecosupplements.be\/fr\/wp-json\/wp\/v2\/types\/product"}],"replies":[{"embeddable":true,"href":"https:\/\/ecosupplements.be\/fr\/wp-json\/wp\/v2\/comments?post=302148"}],"wp:featuredmedia":[{"embeddable":true,"href":"https:\/\/ecosupplements.be\/fr\/wp-json\/wp\/v2\/media\/276288"}],"wp:attachment":[{"href":"https:\/\/ecosupplements.be\/fr\/wp-json\/wp\/v2\/media?parent=302148"}],"wp:term":[{"taxonomy":"product_brand","embeddable":true,"href":"https:\/\/ecosupplements.be\/fr\/wp-json\/wp\/v2\/product_brand?post=302148"},{"taxonomy":"product_cat","embeddable":true,"href":"https:\/\/ecosupplements.be\/fr\/wp-json\/wp\/v2\/product_cat?post=302148"},{"taxonomy":"product_tag","embeddable":true,"href":"https:\/\/ecosupplements.be\/fr\/wp-json\/wp\/v2\/product_tag?post=302148"}],"curies":[{"name":"wp","href":"https:\/\/api.w.org\/{rel}","templated":true}]}}