{"id":302178,"date":"2025-07-26T06:00:27","date_gmt":"2025-07-26T05:00:27","guid":{"rendered":"https:\/\/ecosupplements.be\/product\/osavi-daily-omega-d3-1600-mg-natural-lemon-flavour-500-ml-16-9-fl-oz\/"},"modified":"2025-08-28T03:32:52","modified_gmt":"2025-08-28T02:32:52","slug":"osavi-daily-omega-d3-1600-mg-natural-lemon-flavour-500-ml-16-9-fl-oz","status":"publish","type":"product","link":"https:\/\/ecosupplements.be\/fr\/produit\/osavi-daily-omega-d3-1600-mg-natural-lemon-flavour-500-ml-16-9-fl-oz\/","title":{"rendered":"OSAVI Om\u00e9ga quotidien +D3 1600 mg, saveur naturelle de citron (500 ml \/ 16.9 fl. oz.)"},"content":{"rendered":"<p><strong>Nom du produit :<\/strong> OSAVI Daily Omega +D3 1600 mg, saveur naturelle de citron (500 ml \/ 16.9 fl. oz.)<\/p>\n<p><strong>Description :<\/strong> D\u00e9couvrez le choix parfait pour ceux qui appr\u00e9cient les ingr\u00e9dients naturels dans un mode de vie actif. Notre produit contient une composition riche en huile de poisson issue de poissons p\u00e9lagiques et est agr\u00e9ment\u00e9 d&#8217;un ar\u00f4me naturel de citron pour une exp\u00e9rience gustative agr\u00e9able.<\/p>\n<p><strong>Ingr\u00e9dients principaux :<\/strong> Huile de poisson, ar\u00f4me naturel de citron, antioxydant : m\u00e9lange de tocoph\u00e9rols.<\/p>\n<p><strong>Contenu et emballage :<\/strong> Chaque bouteille contient 500 ml (16.9 fl. oz.) d&#8217;huile enrichie en om\u00e9ga-3 et vitamine D3.<\/p>\n<p><strong>Utilisation recommand\u00e9e :<\/strong> Prenez une cuill\u00e8re \u00e0 caf\u00e9 (5 ml) par jour. Il est conseill\u00e9 d&#8217;utiliser ce produit avec un repas ou imm\u00e9diatement apr\u00e8s pour optimiser l&#8217;exp\u00e9rience.<\/p>\n<p><strong>Caract\u00e9ristiques pratiques :<\/strong> Ce format pratique permet une utilisation quotidienne simple et efficace, avec un go\u00fbt rafra\u00eechissant qui facilite l&#8217;int\u00e9gration dans votre routine quotidienne sans perturber vos habitudes alimentaires habituelles.<\/p>\n<p><em>Note:<\/em><\/br><br \/>\nIl est vital de ne pas d\u00e9passer la dose journali\u00e8re recommand\u00e9e indiqu\u00e9e. Ce compl\u00e9ment alimentaire ne doit pas \u00eatre utilis\u00e9 comme substitut \u00e0 une alimentation vari\u00e9e et \u00e9quilibr\u00e9e ainsi qu&#8217;\u00e0 un mode de vie sain.<\/br><br \/>\n<strong>Rangement:<\/br><br \/>\nConservez le produit dans un endroit frais et sec, \u00e0 l&#8217;abri des enfants en bas \u00e2ge. Apr\u00e8s ouverture,gardez au r\u00e9frig\u00e9rateur et consommez dans les trois mois pour maintenir la fra\u00eecheur du produit.<\/p>\n","protected":false},"excerpt":{"rendered":"<p>Nom du produit : OSAVI Daily Omega +D3 1600 mg, saveur naturelle de citron (500 ml \/ 16.9 fl. oz.) Description : D\u00e9couvrez le choix parfait pour ceux qui appr\u00e9cient les ingr\u00e9dients naturels dans un mode de vie actif. Notre produit contient une composition riche en huile de poisson issue de poissons p\u00e9lagiques et est [&#8230;]\n","protected":false},"featured_media":276318,"comment_status":"closed","ping_status":"open","template":"","meta":[],"product_brand":[4756],"product_cat":[5082,5053],"product_tag":[],"class_list":{"0":"post-302178","1":"product","2":"type-product","3":"status-publish","4":"has-post-thumbnail","6":"product_brand-osavi-2","7":"product_cat-omegas-efa-cla-huiles","8":"product_cat-vitamines-et-mineraux","10":"first","11":"instock","12":"taxable","13":"shipping-taxable","14":"purchasable","15":"product-type-simple"},"yoast_head":"<!-- This site is optimized with the Yoast SEO Premium plugin v27.3 (Yoast SEO v27.3) - https:\/\/yoast.com\/product\/yoast-seo-premium-wordpress\/ -->\n<title>OSAVI Om\u00e9ga quotidien +D3 1600 mg, saveur naturelle de citron (500 ml \/ 16.9 fl. oz.) - ECO Supplements<\/title>\n<meta name=\"description\" content=\"Wij hebben een ruime keuze aan producten van OSAVI Om\u00e9ga quotidien +D3 1600 mg, saveur naturelle de citron (500 ml \/ 16.9 fl. oz.) . Winkel bij Eco Supplements altijd gratis verzending boven 100\u20ac\" \/>\n<meta name=\"robots\" content=\"index, follow, max-snippet:-1, max-image-preview:large, max-video-preview:-1\" \/>\n<link rel=\"canonical\" href=\"https:\/\/ecosupplements.be\/fr\/produit\/osavi-daily-omega-d3-1600-mg-natural-lemon-flavour-500-ml-16-9-fl-oz\/\" \/>\n<meta property=\"og:locale\" content=\"fr_FR\" \/>\n<meta property=\"og:type\" content=\"article\" \/>\n<meta property=\"og:title\" content=\"OSAVI Om\u00e9ga quotidien +D3 1600 mg, saveur naturelle de citron (500 ml \/ 16.9 fl. oz.)\" \/>\n<meta property=\"og:description\" content=\"Wij hebben een ruime keuze aan producten van OSAVI Om\u00e9ga quotidien +D3 1600 mg, saveur naturelle de citron (500 ml \/ 16.9 fl. oz.) . Winkel bij Eco Supplements altijd gratis verzending boven 100\u20ac\" \/>\n<meta property=\"og:url\" content=\"https:\/\/ecosupplements.be\/fr\/produit\/osavi-daily-omega-d3-1600-mg-natural-lemon-flavour-500-ml-16-9-fl-oz\/\" \/>\n<meta property=\"og:site_name\" content=\"ECO Supplements\" \/>\n<meta property=\"article:modified_time\" content=\"2025-08-28T02:32:52+00:00\" \/>\n<meta property=\"og:image\" content=\"https:\/\/ecosupplements.be\/wp-content\/uploads\/2025\/08\/Osavi-OSAVI-Daily-Omega-D3-1600-mg-natural-lemon-flavour-500-ml-16.9-fl.-oz.jpg\" \/>\n\t<meta property=\"og:image:width\" content=\"350\" \/>\n\t<meta property=\"og:image:height\" content=\"350\" \/>\n\t<meta property=\"og:image:type\" content=\"image\/jpeg\" \/>\n<meta name=\"twitter:card\" content=\"summary_large_image\" \/>\n<meta name=\"twitter:label1\" content=\"Prix\" \/>\n\t<meta name=\"twitter:data1\" content=\"38.26&nbsp;&euro;\" \/>\n\t<meta name=\"twitter:label2\" content=\"Disponibilit\u00e9\" \/>\n\t<meta name=\"twitter:data2\" content=\"En stock\" \/>\n<script type=\"application\/ld+json\" class=\"yoast-schema-graph\">{\"@context\":\"https:\\\/\\\/schema.org\",\"@graph\":[{\"@type\":[\"WebPage\",\"ItemPage\"],\"@id\":\"https:\\\/\\\/ecosupplements.be\\\/fr\\\/produit\\\/osavi-daily-omega-d3-1600-mg-natural-lemon-flavour-500-ml-16-9-fl-oz\\\/\",\"url\":\"https:\\\/\\\/ecosupplements.be\\\/fr\\\/produit\\\/osavi-daily-omega-d3-1600-mg-natural-lemon-flavour-500-ml-16-9-fl-oz\\\/\",\"name\":\"OSAVI Om\u00e9ga quotidien +D3 1600 mg, saveur naturelle de citron (500 ml \\\/ 16.9 fl. oz.) - ECO Supplements\",\"isPartOf\":{\"@id\":\"https:\\\/\\\/ecosupplements.be\\\/fr\\\/#website\"},\"primaryImageOfPage\":{\"@id\":\"https:\\\/\\\/ecosupplements.be\\\/fr\\\/produit\\\/osavi-daily-omega-d3-1600-mg-natural-lemon-flavour-500-ml-16-9-fl-oz\\\/#primaryimage\"},\"image\":{\"@id\":\"https:\\\/\\\/ecosupplements.be\\\/fr\\\/produit\\\/osavi-daily-omega-d3-1600-mg-natural-lemon-flavour-500-ml-16-9-fl-oz\\\/#primaryimage\"},\"thumbnailUrl\":\"https:\\\/\\\/ecosupplements.be\\\/wp-content\\\/uploads\\\/2025\\\/08\\\/OSAVI-Daily-Omega-D3-1600-mg-natural-lemon-flavour-500-ml-16.9-fl.-oz.jpg\",\"datePublished\":\"2025-07-26T05:00:27+00:00\",\"dateModified\":\"2025-08-28T02:32:52+00:00\",\"description\":\"Wij hebben een ruime keuze aan producten van OSAVI Om\u00e9ga quotidien +D3 1600 mg, saveur naturelle de citron (500 ml \\\/ 16.9 fl. oz.) . Winkel bij Eco Supplements altijd gratis verzending boven 100\u20ac\",\"breadcrumb\":{\"@id\":\"https:\\\/\\\/ecosupplements.be\\\/fr\\\/produit\\\/osavi-daily-omega-d3-1600-mg-natural-lemon-flavour-500-ml-16-9-fl-oz\\\/#breadcrumb\"},\"inLanguage\":\"fr-FR\",\"potentialAction\":[{\"@type\":\"ReadAction\",\"target\":[\"https:\\\/\\\/ecosupplements.be\\\/fr\\\/produit\\\/osavi-daily-omega-d3-1600-mg-natural-lemon-flavour-500-ml-16-9-fl-oz\\\/\"]}]},{\"@type\":\"ImageObject\",\"inLanguage\":\"fr-FR\",\"@id\":\"https:\\\/\\\/ecosupplements.be\\\/fr\\\/produit\\\/osavi-daily-omega-d3-1600-mg-natural-lemon-flavour-500-ml-16-9-fl-oz\\\/#primaryimage\",\"url\":\"https:\\\/\\\/ecosupplements.be\\\/wp-content\\\/uploads\\\/2025\\\/08\\\/OSAVI-Daily-Omega-D3-1600-mg-natural-lemon-flavour-500-ml-16.9-fl.-oz.jpg\",\"contentUrl\":\"https:\\\/\\\/ecosupplements.be\\\/wp-content\\\/uploads\\\/2025\\\/08\\\/OSAVI-Daily-Omega-D3-1600-mg-natural-lemon-flavour-500-ml-16.9-fl.-oz.jpg\",\"width\":350,\"height\":350},{\"@type\":\"BreadcrumbList\",\"@id\":\"https:\\\/\\\/ecosupplements.be\\\/fr\\\/produit\\\/osavi-daily-omega-d3-1600-mg-natural-lemon-flavour-500-ml-16-9-fl-oz\\\/#breadcrumb\",\"itemListElement\":[{\"@type\":\"ListItem\",\"position\":1,\"name\":\"Home\",\"item\":\"https:\\\/\\\/ecosupplements.be\\\/fr\\\/\"},{\"@type\":\"ListItem\",\"position\":2,\"name\":\"Boutique\",\"item\":\"https:\\\/\\\/ecosupplements.be\\\/fr\\\/boutique\\\/\"},{\"@type\":\"ListItem\",\"position\":3,\"name\":\"OSAVI Om\u00e9ga quotidien +D3 1600 mg, saveur naturelle de citron (500 ml \\\/ 16.9 fl. oz.)\"}]},{\"@type\":\"WebSite\",\"@id\":\"https:\\\/\\\/ecosupplements.be\\\/fr\\\/#website\",\"url\":\"https:\\\/\\\/ecosupplements.be\\\/fr\\\/\",\"name\":\"ECO Supplements\",\"description\":\"Eco Supplements - Gezonde supplementen\",\"publisher\":{\"@id\":\"https:\\\/\\\/ecosupplements.be\\\/fr\\\/#organization\"},\"potentialAction\":[{\"@type\":\"SearchAction\",\"target\":{\"@type\":\"EntryPoint\",\"urlTemplate\":\"https:\\\/\\\/ecosupplements.be\\\/fr\\\/?s={search_term_string}\"},\"query-input\":{\"@type\":\"PropertyValueSpecification\",\"valueRequired\":true,\"valueName\":\"search_term_string\"}}],\"inLanguage\":\"fr-FR\"},{\"@type\":\"Organization\",\"@id\":\"https:\\\/\\\/ecosupplements.be\\\/fr\\\/#organization\",\"name\":\"Eco Supplements\",\"url\":\"https:\\\/\\\/ecosupplements.be\\\/fr\\\/\",\"logo\":{\"@type\":\"ImageObject\",\"inLanguage\":\"fr-FR\",\"@id\":\"https:\\\/\\\/ecosupplements.be\\\/fr\\\/#\\\/schema\\\/logo\\\/image\\\/\",\"url\":\"https:\\\/\\\/ecosupplements.be\\\/wp-content\\\/uploads\\\/2022\\\/06\\\/ecosupplement-family.png\",\"contentUrl\":\"https:\\\/\\\/ecosupplements.be\\\/wp-content\\\/uploads\\\/2022\\\/06\\\/ecosupplement-family.png\",\"width\":593,\"height\":374,\"caption\":\"Eco Supplements\"},\"image\":{\"@id\":\"https:\\\/\\\/ecosupplements.be\\\/fr\\\/#\\\/schema\\\/logo\\\/image\\\/\"}}]}<\/script>\n<meta property=\"product:brand\" content=\"Osavi\" \/>\n<meta property=\"product:price:amount\" content=\"38.26\" \/>\n<meta property=\"product:price:currency\" content=\"EUR\" \/>\n<meta property=\"og:availability\" content=\"instock\" \/>\n<meta property=\"product:availability\" content=\"instock\" \/>\n<meta property=\"product:retailer_item_id\" content=\"5904139922941\" \/>\n<meta property=\"product:condition\" content=\"new\" \/>\n<!-- \/ Yoast SEO Premium plugin. -->","yoast_head_json":{"title":"OSAVI Om\u00e9ga quotidien +D3 1600 mg, saveur naturelle de citron (500 ml \/ 16.9 fl. oz.) - ECO Supplements","description":"Wij hebben een ruime keuze aan producten van OSAVI Om\u00e9ga quotidien +D3 1600 mg, saveur naturelle de citron (500 ml \/ 16.9 fl. oz.) . Winkel bij Eco Supplements altijd gratis verzending boven 100\u20ac","robots":{"index":"index","follow":"follow","max-snippet":"max-snippet:-1","max-image-preview":"max-image-preview:large","max-video-preview":"max-video-preview:-1"},"canonical":"https:\/\/ecosupplements.be\/fr\/produit\/osavi-daily-omega-d3-1600-mg-natural-lemon-flavour-500-ml-16-9-fl-oz\/","og_locale":"fr_FR","og_type":"article","og_title":"OSAVI Om\u00e9ga quotidien +D3 1600 mg, saveur naturelle de citron (500 ml \/ 16.9 fl. oz.)","og_description":"Wij hebben een ruime keuze aan producten van OSAVI Om\u00e9ga quotidien +D3 1600 mg, saveur naturelle de citron (500 ml \/ 16.9 fl. oz.) . Winkel bij Eco Supplements altijd gratis verzending boven 100\u20ac","og_url":"https:\/\/ecosupplements.be\/fr\/produit\/osavi-daily-omega-d3-1600-mg-natural-lemon-flavour-500-ml-16-9-fl-oz\/","og_site_name":"ECO Supplements","article_modified_time":"2025-08-28T02:32:52+00:00","og_image":[{"width":350,"height":350,"url":"https:\/\/ecosupplements.be\/wp-content\/uploads\/2025\/08\/Osavi-OSAVI-Daily-Omega-D3-1600-mg-natural-lemon-flavour-500-ml-16.9-fl.-oz.jpg","type":"image\/jpeg"}],"twitter_card":"summary_large_image","twitter_misc":{"Prix":"38.26&nbsp;&euro;","Disponibilit\u00e9":"En stock"},"schema":{"@context":"https:\/\/schema.org","@graph":[{"@type":["WebPage","ItemPage"],"@id":"https:\/\/ecosupplements.be\/fr\/produit\/osavi-daily-omega-d3-1600-mg-natural-lemon-flavour-500-ml-16-9-fl-oz\/","url":"https:\/\/ecosupplements.be\/fr\/produit\/osavi-daily-omega-d3-1600-mg-natural-lemon-flavour-500-ml-16-9-fl-oz\/","name":"OSAVI Om\u00e9ga quotidien +D3 1600 mg, saveur naturelle de citron (500 ml \/ 16.9 fl. oz.) - ECO Supplements","isPartOf":{"@id":"https:\/\/ecosupplements.be\/fr\/#website"},"primaryImageOfPage":{"@id":"https:\/\/ecosupplements.be\/fr\/produit\/osavi-daily-omega-d3-1600-mg-natural-lemon-flavour-500-ml-16-9-fl-oz\/#primaryimage"},"image":{"@id":"https:\/\/ecosupplements.be\/fr\/produit\/osavi-daily-omega-d3-1600-mg-natural-lemon-flavour-500-ml-16-9-fl-oz\/#primaryimage"},"thumbnailUrl":"https:\/\/ecosupplements.be\/wp-content\/uploads\/2025\/08\/OSAVI-Daily-Omega-D3-1600-mg-natural-lemon-flavour-500-ml-16.9-fl.-oz.jpg","datePublished":"2025-07-26T05:00:27+00:00","dateModified":"2025-08-28T02:32:52+00:00","description":"Wij hebben een ruime keuze aan producten van OSAVI Om\u00e9ga quotidien +D3 1600 mg, saveur naturelle de citron (500 ml \/ 16.9 fl. oz.) . Winkel bij Eco Supplements altijd gratis verzending boven 100\u20ac","breadcrumb":{"@id":"https:\/\/ecosupplements.be\/fr\/produit\/osavi-daily-omega-d3-1600-mg-natural-lemon-flavour-500-ml-16-9-fl-oz\/#breadcrumb"},"inLanguage":"fr-FR","potentialAction":[{"@type":"ReadAction","target":["https:\/\/ecosupplements.be\/fr\/produit\/osavi-daily-omega-d3-1600-mg-natural-lemon-flavour-500-ml-16-9-fl-oz\/"]}]},{"@type":"ImageObject","inLanguage":"fr-FR","@id":"https:\/\/ecosupplements.be\/fr\/produit\/osavi-daily-omega-d3-1600-mg-natural-lemon-flavour-500-ml-16-9-fl-oz\/#primaryimage","url":"https:\/\/ecosupplements.be\/wp-content\/uploads\/2025\/08\/OSAVI-Daily-Omega-D3-1600-mg-natural-lemon-flavour-500-ml-16.9-fl.-oz.jpg","contentUrl":"https:\/\/ecosupplements.be\/wp-content\/uploads\/2025\/08\/OSAVI-Daily-Omega-D3-1600-mg-natural-lemon-flavour-500-ml-16.9-fl.-oz.jpg","width":350,"height":350},{"@type":"BreadcrumbList","@id":"https:\/\/ecosupplements.be\/fr\/produit\/osavi-daily-omega-d3-1600-mg-natural-lemon-flavour-500-ml-16-9-fl-oz\/#breadcrumb","itemListElement":[{"@type":"ListItem","position":1,"name":"Home","item":"https:\/\/ecosupplements.be\/fr\/"},{"@type":"ListItem","position":2,"name":"Boutique","item":"https:\/\/ecosupplements.be\/fr\/boutique\/"},{"@type":"ListItem","position":3,"name":"OSAVI Om\u00e9ga quotidien +D3 1600 mg, saveur naturelle de citron (500 ml \/ 16.9 fl. oz.)"}]},{"@type":"WebSite","@id":"https:\/\/ecosupplements.be\/fr\/#website","url":"https:\/\/ecosupplements.be\/fr\/","name":"ECO Supplements","description":"Eco Supplements - Gezonde supplementen","publisher":{"@id":"https:\/\/ecosupplements.be\/fr\/#organization"},"potentialAction":[{"@type":"SearchAction","target":{"@type":"EntryPoint","urlTemplate":"https:\/\/ecosupplements.be\/fr\/?s={search_term_string}"},"query-input":{"@type":"PropertyValueSpecification","valueRequired":true,"valueName":"search_term_string"}}],"inLanguage":"fr-FR"},{"@type":"Organization","@id":"https:\/\/ecosupplements.be\/fr\/#organization","name":"Eco Supplements","url":"https:\/\/ecosupplements.be\/fr\/","logo":{"@type":"ImageObject","inLanguage":"fr-FR","@id":"https:\/\/ecosupplements.be\/fr\/#\/schema\/logo\/image\/","url":"https:\/\/ecosupplements.be\/wp-content\/uploads\/2022\/06\/ecosupplement-family.png","contentUrl":"https:\/\/ecosupplements.be\/wp-content\/uploads\/2022\/06\/ecosupplement-family.png","width":593,"height":374,"caption":"Eco Supplements"},"image":{"@id":"https:\/\/ecosupplements.be\/fr\/#\/schema\/logo\/image\/"}}]},"product_brand":"Osavi","product_price_amount":"38.26","product_price_currency":"EUR","og_availability":"instock","product_availability":"instock","product_retailer_item_id":"5904139922941","product_condition":"new"},"_links":{"self":[{"href":"https:\/\/ecosupplements.be\/fr\/wp-json\/wp\/v2\/product\/302178","targetHints":{"allow":["GET"]}}],"collection":[{"href":"https:\/\/ecosupplements.be\/fr\/wp-json\/wp\/v2\/product"}],"about":[{"href":"https:\/\/ecosupplements.be\/fr\/wp-json\/wp\/v2\/types\/product"}],"replies":[{"embeddable":true,"href":"https:\/\/ecosupplements.be\/fr\/wp-json\/wp\/v2\/comments?post=302178"}],"wp:featuredmedia":[{"embeddable":true,"href":"https:\/\/ecosupplements.be\/fr\/wp-json\/wp\/v2\/media\/276318"}],"wp:attachment":[{"href":"https:\/\/ecosupplements.be\/fr\/wp-json\/wp\/v2\/media?parent=302178"}],"wp:term":[{"taxonomy":"product_brand","embeddable":true,"href":"https:\/\/ecosupplements.be\/fr\/wp-json\/wp\/v2\/product_brand?post=302178"},{"taxonomy":"product_cat","embeddable":true,"href":"https:\/\/ecosupplements.be\/fr\/wp-json\/wp\/v2\/product_cat?post=302178"},{"taxonomy":"product_tag","embeddable":true,"href":"https:\/\/ecosupplements.be\/fr\/wp-json\/wp\/v2\/product_tag?post=302178"}],"curies":[{"name":"wp","href":"https:\/\/api.w.org\/{rel}","templated":true}]}}