{"id":302184,"date":"2025-07-26T06:15:13","date_gmt":"2025-07-26T05:15:13","guid":{"rendered":"https:\/\/ecosupplements.be\/product\/osavi-daily-omega-1600-mg-natural-lemon-flavour-500-ml-16-9-fl-oz\/"},"modified":"2025-08-28T03:32:59","modified_gmt":"2025-08-28T02:32:59","slug":"osavi-daily-omega-1600-mg-natural-lemon-flavour-500-ml-16-9-fl-oz","status":"publish","type":"product","link":"https:\/\/ecosupplements.be\/fr\/produit\/osavi-daily-omega-1600-mg-natural-lemon-flavour-500-ml-16-9-fl-oz\/","title":{"rendered":"OMEGA quotidien OSAVI 1600 mg, saveur naturelle de citron (500 ml \/ 16.9 fl. oz.)"},"content":{"rendered":"<h2>OSAVI Daily omega 1600 mg,saveur naturelle de citron (500 ml \/ 16.9 fl. oz.)<\/h2>\n<p>D\u00e9couvrez OSAVI Daily omega, un choix parfait pour ceux qui appr\u00e9cient les ingr\u00e9dients naturels dans un mode de vie actif. Ce produit est formul\u00e9 \u00e0 partir d&#8217;huile de poisson issue de poissons p\u00e9lagiques,reconnue pour sa grande puret\u00e9 et enrichie d&#8217;un ar\u00f4me naturel de citron pour une exp\u00e9rience gustative agr\u00e9able.<\/p>\n<p><strong>Ingr\u00e9dients principaux :<\/strong> Huile de poisson, ar\u00f4me naturel de citron, antioxydant : m\u00e9lange de tocoph\u00e9rols.<\/p>\n<p>Ce flacon pratique contient 500 ml d&#8217;huile avec une recommandation simple d&#8217;utilisation : une cuill\u00e8re \u00e0 caf\u00e9 (5 ml) par jour. Il est conseill\u00e9 d&#8217;int\u00e9grer cette huile dans votre routine quotidienne, que ce soit pendant ou juste apr\u00e8s un repas.<\/p>\n<p><strong>Caract\u00e9ristiques pratiques :<\/strong><\/p>\n<ul>\n<li>Format liquide facile \u00e0 consommer<\/li>\n<li>Sauveur d\u00e9licate et rafra\u00eechissante gr\u00e2ce au citron naturel<\/li>\n<li>Bouteille \u00e9l\u00e9gante et fonctionnelle qui pr\u00e9serve la fra\u00eecheur du produit<\/li>\n<\/ul>\n<p>Ce produit est con\u00e7u pour s&#8217;int\u00e9grer harmonieusement dans votre quotidien sans pr\u00e9tendre remplacer une alimentation vari\u00e9e et \u00e9quilibr\u00e9e. Pour maintenir son efficacit\u00e9 optimale, conservez le flacon dans un endroit frais et sec \u00e0 temp\u00e9rature ambiante avant ouverture et au r\u00e9frig\u00e9rateur apr\u00e8s ouverture, en utilisant le contenu sous trois mois.<\/p>\n<p><em>Un compl\u00e9ment simple pour un usage quotidien qui s&#8217;harmonise avec votre rythme de vie dynamique.<\/em><\/p>\n","protected":false},"excerpt":{"rendered":"<p>OSAVI Daily omega 1600 mg,saveur naturelle de citron (500 ml \/ 16.9 fl. oz.) D\u00e9couvrez OSAVI Daily omega, un choix parfait pour ceux qui appr\u00e9cient les ingr\u00e9dients naturels dans un mode de vie actif. Ce produit est formul\u00e9 \u00e0 partir d&#8217;huile de poisson issue de poissons p\u00e9lagiques,reconnue pour sa grande puret\u00e9 et enrichie d&#8217;un ar\u00f4me [&#8230;]\n","protected":false},"featured_media":276324,"comment_status":"closed","ping_status":"open","template":"","meta":[],"product_brand":[4756],"product_cat":[5082,5053],"product_tag":[],"class_list":{"0":"post-302184","1":"product","2":"type-product","3":"status-publish","4":"has-post-thumbnail","6":"product_brand-osavi-2","7":"product_cat-omegas-efa-cla-huiles","8":"product_cat-vitamines-et-mineraux","10":"first","11":"instock","12":"taxable","13":"shipping-taxable","14":"purchasable","15":"product-type-simple"},"yoast_head":"<!-- This site is optimized with the Yoast SEO Premium plugin v27.3 (Yoast SEO v27.3) - https:\/\/yoast.com\/product\/yoast-seo-premium-wordpress\/ -->\n<title>OMEGA quotidien OSAVI 1600 mg, saveur naturelle de citron (500 ml \/ 16.9 fl. oz.) - ECO Supplements<\/title>\n<meta name=\"description\" content=\"Wij hebben een ruime keuze aan producten van OMEGA quotidien OSAVI 1600 mg, saveur naturelle de citron (500 ml \/ 16.9 fl. oz.) . Winkel bij Eco Supplements altijd gratis verzending boven 100\u20ac\" \/>\n<meta name=\"robots\" content=\"index, follow, max-snippet:-1, max-image-preview:large, max-video-preview:-1\" \/>\n<link rel=\"canonical\" href=\"https:\/\/ecosupplements.be\/fr\/produit\/osavi-daily-omega-1600-mg-natural-lemon-flavour-500-ml-16-9-fl-oz\/\" \/>\n<meta property=\"og:locale\" content=\"fr_FR\" \/>\n<meta property=\"og:type\" content=\"article\" \/>\n<meta property=\"og:title\" content=\"OMEGA quotidien OSAVI 1600 mg, saveur naturelle de citron (500 ml \/ 16.9 fl. oz.)\" \/>\n<meta property=\"og:description\" content=\"Wij hebben een ruime keuze aan producten van OMEGA quotidien OSAVI 1600 mg, saveur naturelle de citron (500 ml \/ 16.9 fl. oz.) . Winkel bij Eco Supplements altijd gratis verzending boven 100\u20ac\" \/>\n<meta property=\"og:url\" content=\"https:\/\/ecosupplements.be\/fr\/produit\/osavi-daily-omega-1600-mg-natural-lemon-flavour-500-ml-16-9-fl-oz\/\" \/>\n<meta property=\"og:site_name\" content=\"ECO Supplements\" \/>\n<meta property=\"article:modified_time\" content=\"2025-08-28T02:32:59+00:00\" \/>\n<meta property=\"og:image\" content=\"https:\/\/ecosupplements.be\/wp-content\/uploads\/2025\/08\/Osavi-OSAVI-Daily-Omega-1600-mg-natural-lemon-flavour-500-ml-16.9-fl.-oz.jpg\" \/>\n\t<meta property=\"og:image:width\" content=\"896\" \/>\n\t<meta property=\"og:image:height\" content=\"1000\" \/>\n\t<meta property=\"og:image:type\" content=\"image\/jpeg\" \/>\n<meta name=\"twitter:card\" content=\"summary_large_image\" \/>\n<meta name=\"twitter:label1\" content=\"Prix\" \/>\n\t<meta name=\"twitter:data1\" content=\"36.41&nbsp;&euro;\" \/>\n\t<meta name=\"twitter:label2\" content=\"Disponibilit\u00e9\" \/>\n\t<meta name=\"twitter:data2\" content=\"En stock\" \/>\n<script type=\"application\/ld+json\" class=\"yoast-schema-graph\">{\"@context\":\"https:\\\/\\\/schema.org\",\"@graph\":[{\"@type\":[\"WebPage\",\"ItemPage\"],\"@id\":\"https:\\\/\\\/ecosupplements.be\\\/fr\\\/produit\\\/osavi-daily-omega-1600-mg-natural-lemon-flavour-500-ml-16-9-fl-oz\\\/\",\"url\":\"https:\\\/\\\/ecosupplements.be\\\/fr\\\/produit\\\/osavi-daily-omega-1600-mg-natural-lemon-flavour-500-ml-16-9-fl-oz\\\/\",\"name\":\"OMEGA quotidien OSAVI 1600 mg, saveur naturelle de citron (500 ml \\\/ 16.9 fl. oz.) - ECO Supplements\",\"isPartOf\":{\"@id\":\"https:\\\/\\\/ecosupplements.be\\\/fr\\\/#website\"},\"primaryImageOfPage\":{\"@id\":\"https:\\\/\\\/ecosupplements.be\\\/fr\\\/produit\\\/osavi-daily-omega-1600-mg-natural-lemon-flavour-500-ml-16-9-fl-oz\\\/#primaryimage\"},\"image\":{\"@id\":\"https:\\\/\\\/ecosupplements.be\\\/fr\\\/produit\\\/osavi-daily-omega-1600-mg-natural-lemon-flavour-500-ml-16-9-fl-oz\\\/#primaryimage\"},\"thumbnailUrl\":\"https:\\\/\\\/ecosupplements.be\\\/wp-content\\\/uploads\\\/2025\\\/08\\\/OSAVI-Daily-Omega-1600-mg-natural-lemon-flavour-500-ml-16.9-fl.-oz.jpg\",\"datePublished\":\"2025-07-26T05:15:13+00:00\",\"dateModified\":\"2025-08-28T02:32:59+00:00\",\"description\":\"Wij hebben een ruime keuze aan producten van OMEGA quotidien OSAVI 1600 mg, saveur naturelle de citron (500 ml \\\/ 16.9 fl. oz.) . Winkel bij Eco Supplements altijd gratis verzending boven 100\u20ac\",\"breadcrumb\":{\"@id\":\"https:\\\/\\\/ecosupplements.be\\\/fr\\\/produit\\\/osavi-daily-omega-1600-mg-natural-lemon-flavour-500-ml-16-9-fl-oz\\\/#breadcrumb\"},\"inLanguage\":\"fr-FR\",\"potentialAction\":[{\"@type\":\"ReadAction\",\"target\":[\"https:\\\/\\\/ecosupplements.be\\\/fr\\\/produit\\\/osavi-daily-omega-1600-mg-natural-lemon-flavour-500-ml-16-9-fl-oz\\\/\"]}]},{\"@type\":\"ImageObject\",\"inLanguage\":\"fr-FR\",\"@id\":\"https:\\\/\\\/ecosupplements.be\\\/fr\\\/produit\\\/osavi-daily-omega-1600-mg-natural-lemon-flavour-500-ml-16-9-fl-oz\\\/#primaryimage\",\"url\":\"https:\\\/\\\/ecosupplements.be\\\/wp-content\\\/uploads\\\/2025\\\/08\\\/OSAVI-Daily-Omega-1600-mg-natural-lemon-flavour-500-ml-16.9-fl.-oz.jpg\",\"contentUrl\":\"https:\\\/\\\/ecosupplements.be\\\/wp-content\\\/uploads\\\/2025\\\/08\\\/OSAVI-Daily-Omega-1600-mg-natural-lemon-flavour-500-ml-16.9-fl.-oz.jpg\",\"width\":896,\"height\":1000},{\"@type\":\"BreadcrumbList\",\"@id\":\"https:\\\/\\\/ecosupplements.be\\\/fr\\\/produit\\\/osavi-daily-omega-1600-mg-natural-lemon-flavour-500-ml-16-9-fl-oz\\\/#breadcrumb\",\"itemListElement\":[{\"@type\":\"ListItem\",\"position\":1,\"name\":\"Home\",\"item\":\"https:\\\/\\\/ecosupplements.be\\\/fr\\\/\"},{\"@type\":\"ListItem\",\"position\":2,\"name\":\"Boutique\",\"item\":\"https:\\\/\\\/ecosupplements.be\\\/fr\\\/boutique\\\/\"},{\"@type\":\"ListItem\",\"position\":3,\"name\":\"OMEGA quotidien OSAVI 1600 mg, saveur naturelle de citron (500 ml \\\/ 16.9 fl. oz.)\"}]},{\"@type\":\"WebSite\",\"@id\":\"https:\\\/\\\/ecosupplements.be\\\/fr\\\/#website\",\"url\":\"https:\\\/\\\/ecosupplements.be\\\/fr\\\/\",\"name\":\"ECO Supplements\",\"description\":\"Eco Supplements - Gezonde supplementen\",\"publisher\":{\"@id\":\"https:\\\/\\\/ecosupplements.be\\\/fr\\\/#organization\"},\"potentialAction\":[{\"@type\":\"SearchAction\",\"target\":{\"@type\":\"EntryPoint\",\"urlTemplate\":\"https:\\\/\\\/ecosupplements.be\\\/fr\\\/?s={search_term_string}\"},\"query-input\":{\"@type\":\"PropertyValueSpecification\",\"valueRequired\":true,\"valueName\":\"search_term_string\"}}],\"inLanguage\":\"fr-FR\"},{\"@type\":\"Organization\",\"@id\":\"https:\\\/\\\/ecosupplements.be\\\/fr\\\/#organization\",\"name\":\"Eco Supplements\",\"url\":\"https:\\\/\\\/ecosupplements.be\\\/fr\\\/\",\"logo\":{\"@type\":\"ImageObject\",\"inLanguage\":\"fr-FR\",\"@id\":\"https:\\\/\\\/ecosupplements.be\\\/fr\\\/#\\\/schema\\\/logo\\\/image\\\/\",\"url\":\"https:\\\/\\\/ecosupplements.be\\\/wp-content\\\/uploads\\\/2022\\\/06\\\/ecosupplement-family.png\",\"contentUrl\":\"https:\\\/\\\/ecosupplements.be\\\/wp-content\\\/uploads\\\/2022\\\/06\\\/ecosupplement-family.png\",\"width\":593,\"height\":374,\"caption\":\"Eco Supplements\"},\"image\":{\"@id\":\"https:\\\/\\\/ecosupplements.be\\\/fr\\\/#\\\/schema\\\/logo\\\/image\\\/\"}}]}<\/script>\n<meta property=\"product:brand\" content=\"Osavi\" \/>\n<meta property=\"product:price:amount\" content=\"36.41\" \/>\n<meta property=\"product:price:currency\" content=\"EUR\" \/>\n<meta property=\"og:availability\" content=\"instock\" \/>\n<meta property=\"product:availability\" content=\"instock\" \/>\n<meta property=\"product:retailer_item_id\" content=\"5904139922972\" \/>\n<meta property=\"product:condition\" content=\"new\" \/>\n<!-- \/ Yoast SEO Premium plugin. -->","yoast_head_json":{"title":"OMEGA quotidien OSAVI 1600 mg, saveur naturelle de citron (500 ml \/ 16.9 fl. oz.) - ECO Supplements","description":"Wij hebben een ruime keuze aan producten van OMEGA quotidien OSAVI 1600 mg, saveur naturelle de citron (500 ml \/ 16.9 fl. oz.) . Winkel bij Eco Supplements altijd gratis verzending boven 100\u20ac","robots":{"index":"index","follow":"follow","max-snippet":"max-snippet:-1","max-image-preview":"max-image-preview:large","max-video-preview":"max-video-preview:-1"},"canonical":"https:\/\/ecosupplements.be\/fr\/produit\/osavi-daily-omega-1600-mg-natural-lemon-flavour-500-ml-16-9-fl-oz\/","og_locale":"fr_FR","og_type":"article","og_title":"OMEGA quotidien OSAVI 1600 mg, saveur naturelle de citron (500 ml \/ 16.9 fl. oz.)","og_description":"Wij hebben een ruime keuze aan producten van OMEGA quotidien OSAVI 1600 mg, saveur naturelle de citron (500 ml \/ 16.9 fl. oz.) . Winkel bij Eco Supplements altijd gratis verzending boven 100\u20ac","og_url":"https:\/\/ecosupplements.be\/fr\/produit\/osavi-daily-omega-1600-mg-natural-lemon-flavour-500-ml-16-9-fl-oz\/","og_site_name":"ECO Supplements","article_modified_time":"2025-08-28T02:32:59+00:00","og_image":[{"width":896,"height":1000,"url":"https:\/\/ecosupplements.be\/wp-content\/uploads\/2025\/08\/Osavi-OSAVI-Daily-Omega-1600-mg-natural-lemon-flavour-500-ml-16.9-fl.-oz.jpg","type":"image\/jpeg"}],"twitter_card":"summary_large_image","twitter_misc":{"Prix":"36.41&nbsp;&euro;","Disponibilit\u00e9":"En stock"},"schema":{"@context":"https:\/\/schema.org","@graph":[{"@type":["WebPage","ItemPage"],"@id":"https:\/\/ecosupplements.be\/fr\/produit\/osavi-daily-omega-1600-mg-natural-lemon-flavour-500-ml-16-9-fl-oz\/","url":"https:\/\/ecosupplements.be\/fr\/produit\/osavi-daily-omega-1600-mg-natural-lemon-flavour-500-ml-16-9-fl-oz\/","name":"OMEGA quotidien OSAVI 1600 mg, saveur naturelle de citron (500 ml \/ 16.9 fl. oz.) - ECO Supplements","isPartOf":{"@id":"https:\/\/ecosupplements.be\/fr\/#website"},"primaryImageOfPage":{"@id":"https:\/\/ecosupplements.be\/fr\/produit\/osavi-daily-omega-1600-mg-natural-lemon-flavour-500-ml-16-9-fl-oz\/#primaryimage"},"image":{"@id":"https:\/\/ecosupplements.be\/fr\/produit\/osavi-daily-omega-1600-mg-natural-lemon-flavour-500-ml-16-9-fl-oz\/#primaryimage"},"thumbnailUrl":"https:\/\/ecosupplements.be\/wp-content\/uploads\/2025\/08\/OSAVI-Daily-Omega-1600-mg-natural-lemon-flavour-500-ml-16.9-fl.-oz.jpg","datePublished":"2025-07-26T05:15:13+00:00","dateModified":"2025-08-28T02:32:59+00:00","description":"Wij hebben een ruime keuze aan producten van OMEGA quotidien OSAVI 1600 mg, saveur naturelle de citron (500 ml \/ 16.9 fl. oz.) . Winkel bij Eco Supplements altijd gratis verzending boven 100\u20ac","breadcrumb":{"@id":"https:\/\/ecosupplements.be\/fr\/produit\/osavi-daily-omega-1600-mg-natural-lemon-flavour-500-ml-16-9-fl-oz\/#breadcrumb"},"inLanguage":"fr-FR","potentialAction":[{"@type":"ReadAction","target":["https:\/\/ecosupplements.be\/fr\/produit\/osavi-daily-omega-1600-mg-natural-lemon-flavour-500-ml-16-9-fl-oz\/"]}]},{"@type":"ImageObject","inLanguage":"fr-FR","@id":"https:\/\/ecosupplements.be\/fr\/produit\/osavi-daily-omega-1600-mg-natural-lemon-flavour-500-ml-16-9-fl-oz\/#primaryimage","url":"https:\/\/ecosupplements.be\/wp-content\/uploads\/2025\/08\/OSAVI-Daily-Omega-1600-mg-natural-lemon-flavour-500-ml-16.9-fl.-oz.jpg","contentUrl":"https:\/\/ecosupplements.be\/wp-content\/uploads\/2025\/08\/OSAVI-Daily-Omega-1600-mg-natural-lemon-flavour-500-ml-16.9-fl.-oz.jpg","width":896,"height":1000},{"@type":"BreadcrumbList","@id":"https:\/\/ecosupplements.be\/fr\/produit\/osavi-daily-omega-1600-mg-natural-lemon-flavour-500-ml-16-9-fl-oz\/#breadcrumb","itemListElement":[{"@type":"ListItem","position":1,"name":"Home","item":"https:\/\/ecosupplements.be\/fr\/"},{"@type":"ListItem","position":2,"name":"Boutique","item":"https:\/\/ecosupplements.be\/fr\/boutique\/"},{"@type":"ListItem","position":3,"name":"OMEGA quotidien OSAVI 1600 mg, saveur naturelle de citron (500 ml \/ 16.9 fl. oz.)"}]},{"@type":"WebSite","@id":"https:\/\/ecosupplements.be\/fr\/#website","url":"https:\/\/ecosupplements.be\/fr\/","name":"ECO Supplements","description":"Eco Supplements - Gezonde supplementen","publisher":{"@id":"https:\/\/ecosupplements.be\/fr\/#organization"},"potentialAction":[{"@type":"SearchAction","target":{"@type":"EntryPoint","urlTemplate":"https:\/\/ecosupplements.be\/fr\/?s={search_term_string}"},"query-input":{"@type":"PropertyValueSpecification","valueRequired":true,"valueName":"search_term_string"}}],"inLanguage":"fr-FR"},{"@type":"Organization","@id":"https:\/\/ecosupplements.be\/fr\/#organization","name":"Eco Supplements","url":"https:\/\/ecosupplements.be\/fr\/","logo":{"@type":"ImageObject","inLanguage":"fr-FR","@id":"https:\/\/ecosupplements.be\/fr\/#\/schema\/logo\/image\/","url":"https:\/\/ecosupplements.be\/wp-content\/uploads\/2022\/06\/ecosupplement-family.png","contentUrl":"https:\/\/ecosupplements.be\/wp-content\/uploads\/2022\/06\/ecosupplement-family.png","width":593,"height":374,"caption":"Eco Supplements"},"image":{"@id":"https:\/\/ecosupplements.be\/fr\/#\/schema\/logo\/image\/"}}]},"product_brand":"Osavi","product_price_amount":"36.41","product_price_currency":"EUR","og_availability":"instock","product_availability":"instock","product_retailer_item_id":"5904139922972","product_condition":"new"},"_links":{"self":[{"href":"https:\/\/ecosupplements.be\/fr\/wp-json\/wp\/v2\/product\/302184","targetHints":{"allow":["GET"]}}],"collection":[{"href":"https:\/\/ecosupplements.be\/fr\/wp-json\/wp\/v2\/product"}],"about":[{"href":"https:\/\/ecosupplements.be\/fr\/wp-json\/wp\/v2\/types\/product"}],"replies":[{"embeddable":true,"href":"https:\/\/ecosupplements.be\/fr\/wp-json\/wp\/v2\/comments?post=302184"}],"wp:featuredmedia":[{"embeddable":true,"href":"https:\/\/ecosupplements.be\/fr\/wp-json\/wp\/v2\/media\/276324"}],"wp:attachment":[{"href":"https:\/\/ecosupplements.be\/fr\/wp-json\/wp\/v2\/media?parent=302184"}],"wp:term":[{"taxonomy":"product_brand","embeddable":true,"href":"https:\/\/ecosupplements.be\/fr\/wp-json\/wp\/v2\/product_brand?post=302184"},{"taxonomy":"product_cat","embeddable":true,"href":"https:\/\/ecosupplements.be\/fr\/wp-json\/wp\/v2\/product_cat?post=302184"},{"taxonomy":"product_tag","embeddable":true,"href":"https:\/\/ecosupplements.be\/fr\/wp-json\/wp\/v2\/product_tag?post=302184"}],"curies":[{"name":"wp","href":"https:\/\/api.w.org\/{rel}","templated":true}]}}