{"id":302217,"date":"2025-07-26T06:45:12","date_gmt":"2025-07-26T05:45:12","guid":{"rendered":"https:\/\/ecosupplements.be\/product\/osavi-collagen-joints-bones-153-g-539-oz\/"},"modified":"2025-08-28T03:33:37","modified_gmt":"2025-08-28T02:33:37","slug":"osavi-collagen-joints-bones-153-g-539-oz","status":"publish","type":"product","link":"https:\/\/ecosupplements.be\/fr\/produit\/osavi-collagen-joints-bones-153-g-539-oz\/","title":{"rendered":"Collag\u00e8ne pour les articulations et les os OSAVI (153 g \/ 5,39 oz.)"},"content":{"rendered":"<p><strong>Nom du produit :<\/strong> OSAVI Collagen Joints &amp; Bones (153 g \/ 5,39 oz.)<\/p>\n<p><strong>Description :<\/strong> D\u00e9couvrez une s\u00e9lection raffin\u00e9e d&#8217;ingr\u00e9dients naturels avec OSAVI Collagen Joints &amp; Bones. Ce produit est compos\u00e9 de peptides de collag\u00e8ne bovin et d&#8217;extrait de fruits de l&#8217;\u00e9glantier, choisis pour leur haute qualit\u00e9 et leur origine naturelle.<\/p>\n<p><strong>Ingr\u00e9dients principaux :<\/strong> Peptides de collag\u00e8ne bovin,extrait de fruits d&#8217;\u00e9glantier.<\/p>\n<p><strong>Contenu et emballage :<\/strong> Chaque paquet contient 153 g (5,39 oz) du produit sous forme de poudre.<\/p>\n<p><strong>Utilisation :<\/strong> Pour une utilisation quotidienne pratique, dissolvez simplement une mesure du produit dans 200 ml d&#8217;eau ou ajoutez-la directement \u00e0 vos aliments pr\u00e9f\u00e9r\u00e9s comme les entr\u00e9es, salades, petits d\u00e9jeuners ou desserts.<\/p>\n<p><b>Note:<\/b> Il est conseill\u00e9 de ne pas d\u00e9passer la dose journali\u00e8re recommand\u00e9e. Les compl\u00e9ments alimentaires ne doivent pas \u00eatre utilis\u00e9s comme substitut \u00e0 un r\u00e9gime alimentaire vari\u00e9. Un mode de vie \u00e9quilibr\u00e9 est essentiel pour maintenir un bon \u00e9tat g\u00e9n\u00e9ral.<\/p>\n<p><b>Mise en garde:<\/b><\/p>\n<ul>\n<li>Garder hors de port\u00e9e des enfants.<\/li>\n<li>A conserver dans un endroit sec \u00e0 temp\u00e9rature ambiante entre 15 &#8211; 25\u00b0C.<\/li>\n<li>A prot\u00e9ger contre l&#8217;humidit\u00e9 et la lumi\u00e8re directe du soleil.<\/li>\n<\/ul>\n<p>Ce choix parfait s&#8217;int\u00e8gre harmonieusement dans votre routine quotidienne tout en respectant votre pr\u00e9f\u00e9rence pour les produits naturels et simples \u00e0 utiliser.Profitez chaque jour des avantages pratiques qu&#8217;offre OSAVI Collagen Joints &amp; Bones!<\/p>\n","protected":false},"excerpt":{"rendered":"<p>Nom du produit : OSAVI Collagen Joints &amp; Bones (153 g \/ 5,39 oz.) Description : D\u00e9couvrez une s\u00e9lection raffin\u00e9e d&#8217;ingr\u00e9dients naturels avec OSAVI Collagen Joints &amp; Bones. Ce produit est compos\u00e9 de peptides de collag\u00e8ne bovin et d&#8217;extrait de fruits de l&#8217;\u00e9glantier, choisis pour leur haute qualit\u00e9 et leur origine naturelle. Ingr\u00e9dients principaux : [&#8230;]\n","protected":false},"featured_media":276357,"comment_status":"closed","ping_status":"open","template":"","meta":[],"product_brand":[4756],"product_cat":[5121,5052,5053],"product_tag":[],"class_list":{"0":"post-302217","1":"product","2":"type-product","3":"status-publish","4":"has-post-thumbnail","6":"product_brand-osavi-2","7":"product_cat-collagene","8":"product_cat-sante-et-bien-etre","9":"product_cat-vitamines-et-mineraux","11":"first","12":"instock","13":"taxable","14":"shipping-taxable","15":"purchasable","16":"product-type-simple"},"yoast_head":"<!-- This site is optimized with the Yoast SEO Premium plugin v27.3 (Yoast SEO v27.3) - https:\/\/yoast.com\/product\/yoast-seo-premium-wordpress\/ -->\n<title>Collag\u00e8ne pour les articulations et les os OSAVI (153 g \/ 5,39 oz.) - ECO Supplements<\/title>\n<meta name=\"description\" content=\"Wij hebben een ruime keuze aan producten van Collag\u00e8ne pour les articulations et les os OSAVI (153 g \/ 5,39 oz.) . Winkel bij Eco Supplements altijd gratis verzending boven 100\u20ac\" \/>\n<meta name=\"robots\" content=\"index, follow, max-snippet:-1, max-image-preview:large, max-video-preview:-1\" \/>\n<link rel=\"canonical\" href=\"https:\/\/ecosupplements.be\/fr\/produit\/osavi-collagen-joints-bones-153-g-539-oz\/\" \/>\n<meta property=\"og:locale\" content=\"fr_FR\" \/>\n<meta property=\"og:type\" content=\"article\" \/>\n<meta property=\"og:title\" content=\"Collag\u00e8ne pour les articulations et les os OSAVI (153 g \/ 5,39 oz.)\" \/>\n<meta property=\"og:description\" content=\"Wij hebben een ruime keuze aan producten van Collag\u00e8ne pour les articulations et les os OSAVI (153 g \/ 5,39 oz.) . Winkel bij Eco Supplements altijd gratis verzending boven 100\u20ac\" \/>\n<meta property=\"og:url\" content=\"https:\/\/ecosupplements.be\/fr\/produit\/osavi-collagen-joints-bones-153-g-539-oz\/\" \/>\n<meta property=\"og:site_name\" content=\"ECO Supplements\" \/>\n<meta property=\"article:modified_time\" content=\"2025-08-28T02:33:37+00:00\" \/>\n<meta property=\"og:image\" content=\"https:\/\/ecosupplements.be\/wp-content\/uploads\/2025\/08\/Osavi-OSAVI-Collagen-Joints-Bones-153-g-539-oz.jpg\" \/>\n\t<meta property=\"og:image:width\" content=\"933\" \/>\n\t<meta property=\"og:image:height\" content=\"750\" \/>\n\t<meta property=\"og:image:type\" content=\"image\/jpeg\" \/>\n<meta name=\"twitter:card\" content=\"summary_large_image\" \/>\n<meta name=\"twitter:label1\" content=\"Prix\" \/>\n\t<meta name=\"twitter:data1\" content=\"19.37&nbsp;&euro;\" \/>\n\t<meta name=\"twitter:label2\" content=\"Disponibilit\u00e9\" \/>\n\t<meta name=\"twitter:data2\" content=\"En stock\" \/>\n<script type=\"application\/ld+json\" class=\"yoast-schema-graph\">{\"@context\":\"https:\\\/\\\/schema.org\",\"@graph\":[{\"@type\":[\"WebPage\",\"ItemPage\"],\"@id\":\"https:\\\/\\\/ecosupplements.be\\\/fr\\\/produit\\\/osavi-collagen-joints-bones-153-g-539-oz\\\/\",\"url\":\"https:\\\/\\\/ecosupplements.be\\\/fr\\\/produit\\\/osavi-collagen-joints-bones-153-g-539-oz\\\/\",\"name\":\"Collag\u00e8ne pour les articulations et les os OSAVI (153 g \\\/ 5,39 oz.) - ECO Supplements\",\"isPartOf\":{\"@id\":\"https:\\\/\\\/ecosupplements.be\\\/fr\\\/#website\"},\"primaryImageOfPage\":{\"@id\":\"https:\\\/\\\/ecosupplements.be\\\/fr\\\/produit\\\/osavi-collagen-joints-bones-153-g-539-oz\\\/#primaryimage\"},\"image\":{\"@id\":\"https:\\\/\\\/ecosupplements.be\\\/fr\\\/produit\\\/osavi-collagen-joints-bones-153-g-539-oz\\\/#primaryimage\"},\"thumbnailUrl\":\"https:\\\/\\\/ecosupplements.be\\\/wp-content\\\/uploads\\\/2025\\\/08\\\/OSAVI-Collagen-Joints-Bones-153-g-539-oz.jpg\",\"datePublished\":\"2025-07-26T05:45:12+00:00\",\"dateModified\":\"2025-08-28T02:33:37+00:00\",\"description\":\"Wij hebben een ruime keuze aan producten van Collag\u00e8ne pour les articulations et les os OSAVI (153 g \\\/ 5,39 oz.) . Winkel bij Eco Supplements altijd gratis verzending boven 100\u20ac\",\"breadcrumb\":{\"@id\":\"https:\\\/\\\/ecosupplements.be\\\/fr\\\/produit\\\/osavi-collagen-joints-bones-153-g-539-oz\\\/#breadcrumb\"},\"inLanguage\":\"fr-FR\",\"potentialAction\":[{\"@type\":\"ReadAction\",\"target\":[\"https:\\\/\\\/ecosupplements.be\\\/fr\\\/produit\\\/osavi-collagen-joints-bones-153-g-539-oz\\\/\"]}]},{\"@type\":\"ImageObject\",\"inLanguage\":\"fr-FR\",\"@id\":\"https:\\\/\\\/ecosupplements.be\\\/fr\\\/produit\\\/osavi-collagen-joints-bones-153-g-539-oz\\\/#primaryimage\",\"url\":\"https:\\\/\\\/ecosupplements.be\\\/wp-content\\\/uploads\\\/2025\\\/08\\\/OSAVI-Collagen-Joints-Bones-153-g-539-oz.jpg\",\"contentUrl\":\"https:\\\/\\\/ecosupplements.be\\\/wp-content\\\/uploads\\\/2025\\\/08\\\/OSAVI-Collagen-Joints-Bones-153-g-539-oz.jpg\",\"width\":933,\"height\":750},{\"@type\":\"BreadcrumbList\",\"@id\":\"https:\\\/\\\/ecosupplements.be\\\/fr\\\/produit\\\/osavi-collagen-joints-bones-153-g-539-oz\\\/#breadcrumb\",\"itemListElement\":[{\"@type\":\"ListItem\",\"position\":1,\"name\":\"Home\",\"item\":\"https:\\\/\\\/ecosupplements.be\\\/fr\\\/\"},{\"@type\":\"ListItem\",\"position\":2,\"name\":\"Boutique\",\"item\":\"https:\\\/\\\/ecosupplements.be\\\/fr\\\/boutique\\\/\"},{\"@type\":\"ListItem\",\"position\":3,\"name\":\"Collag\u00e8ne pour les articulations et les os OSAVI (153 g \\\/ 5,39 oz.)\"}]},{\"@type\":\"WebSite\",\"@id\":\"https:\\\/\\\/ecosupplements.be\\\/fr\\\/#website\",\"url\":\"https:\\\/\\\/ecosupplements.be\\\/fr\\\/\",\"name\":\"ECO Supplements\",\"description\":\"Eco Supplements - Gezonde supplementen\",\"publisher\":{\"@id\":\"https:\\\/\\\/ecosupplements.be\\\/fr\\\/#organization\"},\"potentialAction\":[{\"@type\":\"SearchAction\",\"target\":{\"@type\":\"EntryPoint\",\"urlTemplate\":\"https:\\\/\\\/ecosupplements.be\\\/fr\\\/?s={search_term_string}\"},\"query-input\":{\"@type\":\"PropertyValueSpecification\",\"valueRequired\":true,\"valueName\":\"search_term_string\"}}],\"inLanguage\":\"fr-FR\"},{\"@type\":\"Organization\",\"@id\":\"https:\\\/\\\/ecosupplements.be\\\/fr\\\/#organization\",\"name\":\"Eco Supplements\",\"url\":\"https:\\\/\\\/ecosupplements.be\\\/fr\\\/\",\"logo\":{\"@type\":\"ImageObject\",\"inLanguage\":\"fr-FR\",\"@id\":\"https:\\\/\\\/ecosupplements.be\\\/fr\\\/#\\\/schema\\\/logo\\\/image\\\/\",\"url\":\"https:\\\/\\\/ecosupplements.be\\\/wp-content\\\/uploads\\\/2022\\\/06\\\/ecosupplement-family.png\",\"contentUrl\":\"https:\\\/\\\/ecosupplements.be\\\/wp-content\\\/uploads\\\/2022\\\/06\\\/ecosupplement-family.png\",\"width\":593,\"height\":374,\"caption\":\"Eco Supplements\"},\"image\":{\"@id\":\"https:\\\/\\\/ecosupplements.be\\\/fr\\\/#\\\/schema\\\/logo\\\/image\\\/\"}}]}<\/script>\n<meta property=\"product:brand\" content=\"Osavi\" \/>\n<meta property=\"product:price:amount\" content=\"19.37\" \/>\n<meta property=\"product:price:currency\" content=\"EUR\" \/>\n<meta property=\"og:availability\" content=\"instock\" \/>\n<meta property=\"product:availability\" content=\"instock\" \/>\n<meta property=\"product:retailer_item_id\" content=\"5904139922033\" \/>\n<meta property=\"product:condition\" content=\"new\" \/>\n<!-- \/ Yoast SEO Premium plugin. -->","yoast_head_json":{"title":"Collag\u00e8ne pour les articulations et les os OSAVI (153 g \/ 5,39 oz.) - ECO Supplements","description":"Wij hebben een ruime keuze aan producten van Collag\u00e8ne pour les articulations et les os OSAVI (153 g \/ 5,39 oz.) . Winkel bij Eco Supplements altijd gratis verzending boven 100\u20ac","robots":{"index":"index","follow":"follow","max-snippet":"max-snippet:-1","max-image-preview":"max-image-preview:large","max-video-preview":"max-video-preview:-1"},"canonical":"https:\/\/ecosupplements.be\/fr\/produit\/osavi-collagen-joints-bones-153-g-539-oz\/","og_locale":"fr_FR","og_type":"article","og_title":"Collag\u00e8ne pour les articulations et les os OSAVI (153 g \/ 5,39 oz.)","og_description":"Wij hebben een ruime keuze aan producten van Collag\u00e8ne pour les articulations et les os OSAVI (153 g \/ 5,39 oz.) . Winkel bij Eco Supplements altijd gratis verzending boven 100\u20ac","og_url":"https:\/\/ecosupplements.be\/fr\/produit\/osavi-collagen-joints-bones-153-g-539-oz\/","og_site_name":"ECO Supplements","article_modified_time":"2025-08-28T02:33:37+00:00","og_image":[{"width":933,"height":750,"url":"https:\/\/ecosupplements.be\/wp-content\/uploads\/2025\/08\/Osavi-OSAVI-Collagen-Joints-Bones-153-g-539-oz.jpg","type":"image\/jpeg"}],"twitter_card":"summary_large_image","twitter_misc":{"Prix":"19.37&nbsp;&euro;","Disponibilit\u00e9":"En stock"},"schema":{"@context":"https:\/\/schema.org","@graph":[{"@type":["WebPage","ItemPage"],"@id":"https:\/\/ecosupplements.be\/fr\/produit\/osavi-collagen-joints-bones-153-g-539-oz\/","url":"https:\/\/ecosupplements.be\/fr\/produit\/osavi-collagen-joints-bones-153-g-539-oz\/","name":"Collag\u00e8ne pour les articulations et les os OSAVI (153 g \/ 5,39 oz.) - ECO Supplements","isPartOf":{"@id":"https:\/\/ecosupplements.be\/fr\/#website"},"primaryImageOfPage":{"@id":"https:\/\/ecosupplements.be\/fr\/produit\/osavi-collagen-joints-bones-153-g-539-oz\/#primaryimage"},"image":{"@id":"https:\/\/ecosupplements.be\/fr\/produit\/osavi-collagen-joints-bones-153-g-539-oz\/#primaryimage"},"thumbnailUrl":"https:\/\/ecosupplements.be\/wp-content\/uploads\/2025\/08\/OSAVI-Collagen-Joints-Bones-153-g-539-oz.jpg","datePublished":"2025-07-26T05:45:12+00:00","dateModified":"2025-08-28T02:33:37+00:00","description":"Wij hebben een ruime keuze aan producten van Collag\u00e8ne pour les articulations et les os OSAVI (153 g \/ 5,39 oz.) . Winkel bij Eco Supplements altijd gratis verzending boven 100\u20ac","breadcrumb":{"@id":"https:\/\/ecosupplements.be\/fr\/produit\/osavi-collagen-joints-bones-153-g-539-oz\/#breadcrumb"},"inLanguage":"fr-FR","potentialAction":[{"@type":"ReadAction","target":["https:\/\/ecosupplements.be\/fr\/produit\/osavi-collagen-joints-bones-153-g-539-oz\/"]}]},{"@type":"ImageObject","inLanguage":"fr-FR","@id":"https:\/\/ecosupplements.be\/fr\/produit\/osavi-collagen-joints-bones-153-g-539-oz\/#primaryimage","url":"https:\/\/ecosupplements.be\/wp-content\/uploads\/2025\/08\/OSAVI-Collagen-Joints-Bones-153-g-539-oz.jpg","contentUrl":"https:\/\/ecosupplements.be\/wp-content\/uploads\/2025\/08\/OSAVI-Collagen-Joints-Bones-153-g-539-oz.jpg","width":933,"height":750},{"@type":"BreadcrumbList","@id":"https:\/\/ecosupplements.be\/fr\/produit\/osavi-collagen-joints-bones-153-g-539-oz\/#breadcrumb","itemListElement":[{"@type":"ListItem","position":1,"name":"Home","item":"https:\/\/ecosupplements.be\/fr\/"},{"@type":"ListItem","position":2,"name":"Boutique","item":"https:\/\/ecosupplements.be\/fr\/boutique\/"},{"@type":"ListItem","position":3,"name":"Collag\u00e8ne pour les articulations et les os OSAVI (153 g \/ 5,39 oz.)"}]},{"@type":"WebSite","@id":"https:\/\/ecosupplements.be\/fr\/#website","url":"https:\/\/ecosupplements.be\/fr\/","name":"ECO Supplements","description":"Eco Supplements - Gezonde supplementen","publisher":{"@id":"https:\/\/ecosupplements.be\/fr\/#organization"},"potentialAction":[{"@type":"SearchAction","target":{"@type":"EntryPoint","urlTemplate":"https:\/\/ecosupplements.be\/fr\/?s={search_term_string}"},"query-input":{"@type":"PropertyValueSpecification","valueRequired":true,"valueName":"search_term_string"}}],"inLanguage":"fr-FR"},{"@type":"Organization","@id":"https:\/\/ecosupplements.be\/fr\/#organization","name":"Eco Supplements","url":"https:\/\/ecosupplements.be\/fr\/","logo":{"@type":"ImageObject","inLanguage":"fr-FR","@id":"https:\/\/ecosupplements.be\/fr\/#\/schema\/logo\/image\/","url":"https:\/\/ecosupplements.be\/wp-content\/uploads\/2022\/06\/ecosupplement-family.png","contentUrl":"https:\/\/ecosupplements.be\/wp-content\/uploads\/2022\/06\/ecosupplement-family.png","width":593,"height":374,"caption":"Eco Supplements"},"image":{"@id":"https:\/\/ecosupplements.be\/fr\/#\/schema\/logo\/image\/"}}]},"product_brand":"Osavi","product_price_amount":"19.37","product_price_currency":"EUR","og_availability":"instock","product_availability":"instock","product_retailer_item_id":"5904139922033","product_condition":"new"},"_links":{"self":[{"href":"https:\/\/ecosupplements.be\/fr\/wp-json\/wp\/v2\/product\/302217","targetHints":{"allow":["GET"]}}],"collection":[{"href":"https:\/\/ecosupplements.be\/fr\/wp-json\/wp\/v2\/product"}],"about":[{"href":"https:\/\/ecosupplements.be\/fr\/wp-json\/wp\/v2\/types\/product"}],"replies":[{"embeddable":true,"href":"https:\/\/ecosupplements.be\/fr\/wp-json\/wp\/v2\/comments?post=302217"}],"wp:featuredmedia":[{"embeddable":true,"href":"https:\/\/ecosupplements.be\/fr\/wp-json\/wp\/v2\/media\/276357"}],"wp:attachment":[{"href":"https:\/\/ecosupplements.be\/fr\/wp-json\/wp\/v2\/media?parent=302217"}],"wp:term":[{"taxonomy":"product_brand","embeddable":true,"href":"https:\/\/ecosupplements.be\/fr\/wp-json\/wp\/v2\/product_brand?post=302217"},{"taxonomy":"product_cat","embeddable":true,"href":"https:\/\/ecosupplements.be\/fr\/wp-json\/wp\/v2\/product_cat?post=302217"},{"taxonomy":"product_tag","embeddable":true,"href":"https:\/\/ecosupplements.be\/fr\/wp-json\/wp\/v2\/product_tag?post=302217"}],"curies":[{"name":"wp","href":"https:\/\/api.w.org\/{rel}","templated":true}]}}