{"id":302250,"date":"2025-07-26T07:01:24","date_gmt":"2025-07-26T06:01:24","guid":{"rendered":"https:\/\/ecosupplements.be\/product\/osavi-quercetin-with-bromelain-120-caps\/"},"modified":"2025-08-28T03:34:17","modified_gmt":"2025-08-28T02:34:17","slug":"osavi-quercetin-with-bromelain-120-caps","status":"publish","type":"product","link":"https:\/\/ecosupplements.be\/fr\/produit\/osavi-quercetin-with-bromelain-120-caps\/","title":{"rendered":"Querc\u00e9tine avec brom\u00e9la\u00efne OSAVI (120 g\u00e9lules)"},"content":{"rendered":"<p><strong>Nom du produit :<\/strong> OSAVI Quercetin with Bromelain (120 caps)<\/p>\n<p><strong>Description :<\/strong> D\u00e9couvrez notre compl\u00e9ment alimentaire en capsules, compos\u00e9 de querc\u00e9tine FlaviPure\u00ae extraite des fleurs de Sophora japonica et de brom\u00e9la\u00efne, un enzyme prot\u00e9olytique issu des fruits d&#8217;ananas. Ce produit est con\u00e7u pour s&#8217;int\u00e9grer harmonieusement \u00e0 votre quotidien.<\/p>\n<ul>\n<li>M\u00e9lange riche en querc\u00e9tine FlaviPure\u00ae et brom\u00e9la\u00efne.<\/li>\n<li>La querc\u00e9tine FlaviPure\u00ae est une forme pure extraite naturellement.<\/li>\n<li>La brom\u00e9la\u00efne provient des ananas comestibles, offrant une texture fine et une qualit\u00e9 sup\u00e9rieure.<\/li>\n<\/ul>\n<p><strong>Ingr\u00e9dients principaux :<\/strong><\/p>\n<ul>\n<li>Dihydrate de querc\u00e9tine issue du Sophora japonica<\/li>\n<li>Brom\u00e9la\u00efne extraite d&#8217;ananas comosus<\/li>\n<li>G\u00e9lule v\u00e9g\u00e9tale (hydroxypropylmethylcellulose)<\/li>\n<\/ul>\n<p><strong>Contenu et emballage :<\/strong><\/p>\n<p>ce produit se pr\u00e9sente sous forme de bo\u00eete contenant 120 capsules faciles \u00e0 utiliser.<\/p>\n<p><strong>Utilisation recommand\u00e9e :<\/strong><\/p>\n<p>Pour un usage optimal, consommez deux capsules par jour apr\u00e8s les repas avec un verre d&#8217;eau. Ne d\u00e9passez pas la dose journali\u00e8re recommand\u00e9e.<\/p>\n<p><b>Note:<\/b> Ce compl\u00e9ment alimentaire ne doit pas \u00eatre utilis\u00e9 comme substitut \u00e0 une alimentation vari\u00e9e. Il est important de maintenir un mode de vie \u00e9quilibr\u00e9 et actif. Conservez le produit dans un endroit frais et sec, hors de port\u00e9e des enfants.<\/p>\n<p>Ce choix parfait pour ceux qui appr\u00e9cient les ingr\u00e9dients naturels vous accompagnera dans votre routine quotidienne sans effort!<\/p>\n","protected":false},"excerpt":{"rendered":"<p>Nom du produit : OSAVI Quercetin with Bromelain (120 caps) Description : D\u00e9couvrez notre compl\u00e9ment alimentaire en capsules, compos\u00e9 de querc\u00e9tine FlaviPure\u00ae extraite des fleurs de Sophora japonica et de brom\u00e9la\u00efne, un enzyme prot\u00e9olytique issu des fruits d&#8217;ananas. Ce produit est con\u00e7u pour s&#8217;int\u00e9grer harmonieusement \u00e0 votre quotidien. M\u00e9lange riche en querc\u00e9tine FlaviPure\u00ae et brom\u00e9la\u00efne. [&#8230;]\n","protected":false},"featured_media":276390,"comment_status":"closed","ping_status":"open","template":"","meta":[],"product_brand":[4756],"product_cat":[5052,5094,5053],"product_tag":[],"class_list":{"0":"post-302250","1":"product","2":"type-product","3":"status-publish","4":"has-post-thumbnail","6":"product_brand-osavi-2","7":"product_cat-sante-et-bien-etre","8":"product_cat-supplements-a-base-de-plantes","9":"product_cat-vitamines-et-mineraux","11":"first","12":"instock","13":"taxable","14":"shipping-taxable","15":"purchasable","16":"product-type-simple"},"yoast_head":"<!-- This site is optimized with the Yoast SEO Premium plugin v27.3 (Yoast SEO v27.3) - https:\/\/yoast.com\/product\/yoast-seo-premium-wordpress\/ -->\n<title>Querc\u00e9tine avec brom\u00e9la\u00efne OSAVI (120 g\u00e9lules) - ECO Supplements<\/title>\n<meta name=\"description\" content=\"Wij hebben een ruime keuze aan producten van Querc\u00e9tine avec brom\u00e9la\u00efne OSAVI (120 g\u00e9lules) . Winkel bij Eco Supplements altijd gratis verzending boven 100\u20ac\" \/>\n<meta name=\"robots\" content=\"index, follow, max-snippet:-1, max-image-preview:large, max-video-preview:-1\" \/>\n<link rel=\"canonical\" href=\"https:\/\/ecosupplements.be\/fr\/produit\/osavi-quercetin-with-bromelain-120-caps\/\" \/>\n<meta property=\"og:locale\" content=\"fr_FR\" \/>\n<meta property=\"og:type\" content=\"article\" \/>\n<meta property=\"og:title\" content=\"Querc\u00e9tine avec brom\u00e9la\u00efne OSAVI (120 g\u00e9lules)\" \/>\n<meta property=\"og:description\" content=\"Wij hebben een ruime keuze aan producten van Querc\u00e9tine avec brom\u00e9la\u00efne OSAVI (120 g\u00e9lules) . Winkel bij Eco Supplements altijd gratis verzending boven 100\u20ac\" \/>\n<meta property=\"og:url\" content=\"https:\/\/ecosupplements.be\/fr\/produit\/osavi-quercetin-with-bromelain-120-caps\/\" \/>\n<meta property=\"og:site_name\" content=\"ECO Supplements\" \/>\n<meta property=\"article:modified_time\" content=\"2025-08-28T02:34:17+00:00\" \/>\n<meta property=\"og:image\" content=\"https:\/\/ecosupplements.be\/wp-content\/uploads\/2025\/08\/Osavi-OSAVI-Quercetin-with-bromelain-120-caps.jpg\" \/>\n\t<meta property=\"og:image:width\" content=\"1080\" \/>\n\t<meta property=\"og:image:height\" content=\"1080\" \/>\n\t<meta property=\"og:image:type\" content=\"image\/jpeg\" \/>\n<meta name=\"twitter:card\" content=\"summary_large_image\" \/>\n<meta name=\"twitter:label1\" content=\"Prix\" \/>\n\t<meta name=\"twitter:data1\" content=\"23.81&nbsp;&euro;\" \/>\n\t<meta name=\"twitter:label2\" content=\"Disponibilit\u00e9\" \/>\n\t<meta name=\"twitter:data2\" content=\"En stock\" \/>\n<script type=\"application\/ld+json\" class=\"yoast-schema-graph\">{\"@context\":\"https:\\\/\\\/schema.org\",\"@graph\":[{\"@type\":[\"WebPage\",\"ItemPage\"],\"@id\":\"https:\\\/\\\/ecosupplements.be\\\/fr\\\/produit\\\/osavi-quercetin-with-bromelain-120-caps\\\/\",\"url\":\"https:\\\/\\\/ecosupplements.be\\\/fr\\\/produit\\\/osavi-quercetin-with-bromelain-120-caps\\\/\",\"name\":\"Querc\u00e9tine avec brom\u00e9la\u00efne OSAVI (120 g\u00e9lules) - ECO Supplements\",\"isPartOf\":{\"@id\":\"https:\\\/\\\/ecosupplements.be\\\/fr\\\/#website\"},\"primaryImageOfPage\":{\"@id\":\"https:\\\/\\\/ecosupplements.be\\\/fr\\\/produit\\\/osavi-quercetin-with-bromelain-120-caps\\\/#primaryimage\"},\"image\":{\"@id\":\"https:\\\/\\\/ecosupplements.be\\\/fr\\\/produit\\\/osavi-quercetin-with-bromelain-120-caps\\\/#primaryimage\"},\"thumbnailUrl\":\"https:\\\/\\\/ecosupplements.be\\\/wp-content\\\/uploads\\\/2025\\\/08\\\/OSAVI-Quercetin-with-bromelain-120-caps.jpg\",\"datePublished\":\"2025-07-26T06:01:24+00:00\",\"dateModified\":\"2025-08-28T02:34:17+00:00\",\"description\":\"Wij hebben een ruime keuze aan producten van Querc\u00e9tine avec brom\u00e9la\u00efne OSAVI (120 g\u00e9lules) . Winkel bij Eco Supplements altijd gratis verzending boven 100\u20ac\",\"breadcrumb\":{\"@id\":\"https:\\\/\\\/ecosupplements.be\\\/fr\\\/produit\\\/osavi-quercetin-with-bromelain-120-caps\\\/#breadcrumb\"},\"inLanguage\":\"fr-FR\",\"potentialAction\":[{\"@type\":\"ReadAction\",\"target\":[\"https:\\\/\\\/ecosupplements.be\\\/fr\\\/produit\\\/osavi-quercetin-with-bromelain-120-caps\\\/\"]}]},{\"@type\":\"ImageObject\",\"inLanguage\":\"fr-FR\",\"@id\":\"https:\\\/\\\/ecosupplements.be\\\/fr\\\/produit\\\/osavi-quercetin-with-bromelain-120-caps\\\/#primaryimage\",\"url\":\"https:\\\/\\\/ecosupplements.be\\\/wp-content\\\/uploads\\\/2025\\\/08\\\/OSAVI-Quercetin-with-bromelain-120-caps.jpg\",\"contentUrl\":\"https:\\\/\\\/ecosupplements.be\\\/wp-content\\\/uploads\\\/2025\\\/08\\\/OSAVI-Quercetin-with-bromelain-120-caps.jpg\",\"width\":1080,\"height\":1080},{\"@type\":\"BreadcrumbList\",\"@id\":\"https:\\\/\\\/ecosupplements.be\\\/fr\\\/produit\\\/osavi-quercetin-with-bromelain-120-caps\\\/#breadcrumb\",\"itemListElement\":[{\"@type\":\"ListItem\",\"position\":1,\"name\":\"Home\",\"item\":\"https:\\\/\\\/ecosupplements.be\\\/fr\\\/\"},{\"@type\":\"ListItem\",\"position\":2,\"name\":\"Boutique\",\"item\":\"https:\\\/\\\/ecosupplements.be\\\/fr\\\/boutique\\\/\"},{\"@type\":\"ListItem\",\"position\":3,\"name\":\"Querc\u00e9tine avec brom\u00e9la\u00efne OSAVI (120 g\u00e9lules)\"}]},{\"@type\":\"WebSite\",\"@id\":\"https:\\\/\\\/ecosupplements.be\\\/fr\\\/#website\",\"url\":\"https:\\\/\\\/ecosupplements.be\\\/fr\\\/\",\"name\":\"ECO Supplements\",\"description\":\"Eco Supplements - Gezonde supplementen\",\"publisher\":{\"@id\":\"https:\\\/\\\/ecosupplements.be\\\/fr\\\/#organization\"},\"potentialAction\":[{\"@type\":\"SearchAction\",\"target\":{\"@type\":\"EntryPoint\",\"urlTemplate\":\"https:\\\/\\\/ecosupplements.be\\\/fr\\\/?s={search_term_string}\"},\"query-input\":{\"@type\":\"PropertyValueSpecification\",\"valueRequired\":true,\"valueName\":\"search_term_string\"}}],\"inLanguage\":\"fr-FR\"},{\"@type\":\"Organization\",\"@id\":\"https:\\\/\\\/ecosupplements.be\\\/fr\\\/#organization\",\"name\":\"Eco Supplements\",\"url\":\"https:\\\/\\\/ecosupplements.be\\\/fr\\\/\",\"logo\":{\"@type\":\"ImageObject\",\"inLanguage\":\"fr-FR\",\"@id\":\"https:\\\/\\\/ecosupplements.be\\\/fr\\\/#\\\/schema\\\/logo\\\/image\\\/\",\"url\":\"https:\\\/\\\/ecosupplements.be\\\/wp-content\\\/uploads\\\/2022\\\/06\\\/ecosupplement-family.png\",\"contentUrl\":\"https:\\\/\\\/ecosupplements.be\\\/wp-content\\\/uploads\\\/2022\\\/06\\\/ecosupplement-family.png\",\"width\":593,\"height\":374,\"caption\":\"Eco Supplements\"},\"image\":{\"@id\":\"https:\\\/\\\/ecosupplements.be\\\/fr\\\/#\\\/schema\\\/logo\\\/image\\\/\"}}]}<\/script>\n<meta property=\"product:brand\" content=\"Osavi\" \/>\n<meta property=\"product:price:amount\" content=\"23.81\" \/>\n<meta property=\"product:price:currency\" content=\"EUR\" \/>\n<meta property=\"og:availability\" content=\"instock\" \/>\n<meta property=\"product:availability\" content=\"instock\" \/>\n<meta property=\"product:retailer_item_id\" content=\"5904139925249\" \/>\n<meta property=\"product:condition\" content=\"new\" \/>\n<!-- \/ Yoast SEO Premium plugin. -->","yoast_head_json":{"title":"Querc\u00e9tine avec brom\u00e9la\u00efne OSAVI (120 g\u00e9lules) - ECO Supplements","description":"Wij hebben een ruime keuze aan producten van Querc\u00e9tine avec brom\u00e9la\u00efne OSAVI (120 g\u00e9lules) . Winkel bij Eco Supplements altijd gratis verzending boven 100\u20ac","robots":{"index":"index","follow":"follow","max-snippet":"max-snippet:-1","max-image-preview":"max-image-preview:large","max-video-preview":"max-video-preview:-1"},"canonical":"https:\/\/ecosupplements.be\/fr\/produit\/osavi-quercetin-with-bromelain-120-caps\/","og_locale":"fr_FR","og_type":"article","og_title":"Querc\u00e9tine avec brom\u00e9la\u00efne OSAVI (120 g\u00e9lules)","og_description":"Wij hebben een ruime keuze aan producten van Querc\u00e9tine avec brom\u00e9la\u00efne OSAVI (120 g\u00e9lules) . Winkel bij Eco Supplements altijd gratis verzending boven 100\u20ac","og_url":"https:\/\/ecosupplements.be\/fr\/produit\/osavi-quercetin-with-bromelain-120-caps\/","og_site_name":"ECO Supplements","article_modified_time":"2025-08-28T02:34:17+00:00","og_image":[{"width":1080,"height":1080,"url":"https:\/\/ecosupplements.be\/wp-content\/uploads\/2025\/08\/Osavi-OSAVI-Quercetin-with-bromelain-120-caps.jpg","type":"image\/jpeg"}],"twitter_card":"summary_large_image","twitter_misc":{"Prix":"23.81&nbsp;&euro;","Disponibilit\u00e9":"En stock"},"schema":{"@context":"https:\/\/schema.org","@graph":[{"@type":["WebPage","ItemPage"],"@id":"https:\/\/ecosupplements.be\/fr\/produit\/osavi-quercetin-with-bromelain-120-caps\/","url":"https:\/\/ecosupplements.be\/fr\/produit\/osavi-quercetin-with-bromelain-120-caps\/","name":"Querc\u00e9tine avec brom\u00e9la\u00efne OSAVI (120 g\u00e9lules) - ECO Supplements","isPartOf":{"@id":"https:\/\/ecosupplements.be\/fr\/#website"},"primaryImageOfPage":{"@id":"https:\/\/ecosupplements.be\/fr\/produit\/osavi-quercetin-with-bromelain-120-caps\/#primaryimage"},"image":{"@id":"https:\/\/ecosupplements.be\/fr\/produit\/osavi-quercetin-with-bromelain-120-caps\/#primaryimage"},"thumbnailUrl":"https:\/\/ecosupplements.be\/wp-content\/uploads\/2025\/08\/OSAVI-Quercetin-with-bromelain-120-caps.jpg","datePublished":"2025-07-26T06:01:24+00:00","dateModified":"2025-08-28T02:34:17+00:00","description":"Wij hebben een ruime keuze aan producten van Querc\u00e9tine avec brom\u00e9la\u00efne OSAVI (120 g\u00e9lules) . Winkel bij Eco Supplements altijd gratis verzending boven 100\u20ac","breadcrumb":{"@id":"https:\/\/ecosupplements.be\/fr\/produit\/osavi-quercetin-with-bromelain-120-caps\/#breadcrumb"},"inLanguage":"fr-FR","potentialAction":[{"@type":"ReadAction","target":["https:\/\/ecosupplements.be\/fr\/produit\/osavi-quercetin-with-bromelain-120-caps\/"]}]},{"@type":"ImageObject","inLanguage":"fr-FR","@id":"https:\/\/ecosupplements.be\/fr\/produit\/osavi-quercetin-with-bromelain-120-caps\/#primaryimage","url":"https:\/\/ecosupplements.be\/wp-content\/uploads\/2025\/08\/OSAVI-Quercetin-with-bromelain-120-caps.jpg","contentUrl":"https:\/\/ecosupplements.be\/wp-content\/uploads\/2025\/08\/OSAVI-Quercetin-with-bromelain-120-caps.jpg","width":1080,"height":1080},{"@type":"BreadcrumbList","@id":"https:\/\/ecosupplements.be\/fr\/produit\/osavi-quercetin-with-bromelain-120-caps\/#breadcrumb","itemListElement":[{"@type":"ListItem","position":1,"name":"Home","item":"https:\/\/ecosupplements.be\/fr\/"},{"@type":"ListItem","position":2,"name":"Boutique","item":"https:\/\/ecosupplements.be\/fr\/boutique\/"},{"@type":"ListItem","position":3,"name":"Querc\u00e9tine avec brom\u00e9la\u00efne OSAVI (120 g\u00e9lules)"}]},{"@type":"WebSite","@id":"https:\/\/ecosupplements.be\/fr\/#website","url":"https:\/\/ecosupplements.be\/fr\/","name":"ECO Supplements","description":"Eco Supplements - Gezonde supplementen","publisher":{"@id":"https:\/\/ecosupplements.be\/fr\/#organization"},"potentialAction":[{"@type":"SearchAction","target":{"@type":"EntryPoint","urlTemplate":"https:\/\/ecosupplements.be\/fr\/?s={search_term_string}"},"query-input":{"@type":"PropertyValueSpecification","valueRequired":true,"valueName":"search_term_string"}}],"inLanguage":"fr-FR"},{"@type":"Organization","@id":"https:\/\/ecosupplements.be\/fr\/#organization","name":"Eco Supplements","url":"https:\/\/ecosupplements.be\/fr\/","logo":{"@type":"ImageObject","inLanguage":"fr-FR","@id":"https:\/\/ecosupplements.be\/fr\/#\/schema\/logo\/image\/","url":"https:\/\/ecosupplements.be\/wp-content\/uploads\/2022\/06\/ecosupplement-family.png","contentUrl":"https:\/\/ecosupplements.be\/wp-content\/uploads\/2022\/06\/ecosupplement-family.png","width":593,"height":374,"caption":"Eco Supplements"},"image":{"@id":"https:\/\/ecosupplements.be\/fr\/#\/schema\/logo\/image\/"}}]},"product_brand":"Osavi","product_price_amount":"23.81","product_price_currency":"EUR","og_availability":"instock","product_availability":"instock","product_retailer_item_id":"5904139925249","product_condition":"new"},"_links":{"self":[{"href":"https:\/\/ecosupplements.be\/fr\/wp-json\/wp\/v2\/product\/302250","targetHints":{"allow":["GET"]}}],"collection":[{"href":"https:\/\/ecosupplements.be\/fr\/wp-json\/wp\/v2\/product"}],"about":[{"href":"https:\/\/ecosupplements.be\/fr\/wp-json\/wp\/v2\/types\/product"}],"replies":[{"embeddable":true,"href":"https:\/\/ecosupplements.be\/fr\/wp-json\/wp\/v2\/comments?post=302250"}],"wp:featuredmedia":[{"embeddable":true,"href":"https:\/\/ecosupplements.be\/fr\/wp-json\/wp\/v2\/media\/276390"}],"wp:attachment":[{"href":"https:\/\/ecosupplements.be\/fr\/wp-json\/wp\/v2\/media?parent=302250"}],"wp:term":[{"taxonomy":"product_brand","embeddable":true,"href":"https:\/\/ecosupplements.be\/fr\/wp-json\/wp\/v2\/product_brand?post=302250"},{"taxonomy":"product_cat","embeddable":true,"href":"https:\/\/ecosupplements.be\/fr\/wp-json\/wp\/v2\/product_cat?post=302250"},{"taxonomy":"product_tag","embeddable":true,"href":"https:\/\/ecosupplements.be\/fr\/wp-json\/wp\/v2\/product_tag?post=302250"}],"curies":[{"name":"wp","href":"https:\/\/api.w.org\/{rel}","templated":true}]}}