{"id":302316,"date":"2025-07-26T08:00:26","date_gmt":"2025-07-26T07:00:26","guid":{"rendered":"https:\/\/ecosupplements.be\/product\/osavi-oregano-oil-257-mg-60-caps\/"},"modified":"2025-08-28T03:35:32","modified_gmt":"2025-08-28T02:35:32","slug":"osavi-oregano-oil-257-mg-60-caps","status":"publish","type":"product","link":"https:\/\/ecosupplements.be\/fr\/produit\/osavi-oregano-oil-257-mg-60-caps\/","title":{"rendered":"Huile d&#8217;origan OSAVI, 257 mg (60 g\u00e9lules)"},"content":{"rendered":"<p><strong>Nom du produit :<\/strong> OSAVI Oregano Oil, 257 mg (60 caps)<\/p>\n<p><strong>Description :<\/strong> D\u00e9couvrez le choix naturel pour les amateurs de qualit\u00e9 avec l&#8217;huile d&#8217;origan OSAVI. Chaque capsule contient 257 mg d&#8217;extrait pur issu des feuilles d&#8217;Origanum vulgare, encapsul\u00e9 dans une g\u00e9lule facile \u00e0 avaler.L&#8217;huile est extraite pour garantir une grande puret\u00e9 et est m\u00e9lang\u00e9e avec de l&#8217;huile d&#8217;olive extra vierge pour une meilleure absorption.<\/p>\n<p><strong>Ingr\u00e9dients principaux :<\/strong> Huile issue des feuilles d&#8217;origan (Origanum vulgare), enveloppe de la capsule (g\u00e9latine bovine, agents hydratants : sorbitol et glyc\u00e9rol, eau), huile d&#8217;olive extra vierge.<\/p>\n<p><strong>Contenu et emballage :<\/strong> Ce produit est pr\u00e9sent\u00e9 dans un flacon contenant 60 capsules.<\/p>\n<p><strong>Utilisation recommand\u00e9e :<\/strong> Pour un usage quotidien, il est conseill\u00e9 de prendre une capsule par jour avec un verre d&#8217;eau apr\u00e8s le repas.<\/p>\n<p><strong>Caract\u00e9ristiques pratiques :<\/strong> Les capsules sont con\u00e7ues pour \u00eatre faciles \u00e0 utiliser au quotidien. Le format compact du flacon permet de le transporter ais\u00e9ment partout o\u00f9 vous allez.<\/p>\n<p><em>Ce compl\u00e9ment alimentaire doit \u00eatre utilis\u00e9 dans le cadre d&#8217;un mode de vie \u00e9quilibr\u00e9 et ne doit pas remplacer une alimentation vari\u00e9e. Ne pas d\u00e9passer la dose journali\u00e8re recommand\u00e9e. Tenir hors de port\u00e9e des enfants. Conserver dans un endroit sec et frais \u00e0 l&#8217;abri de la lumi\u00e8re directe.<\/em><\/p>\n","protected":false},"excerpt":{"rendered":"<p>Nom du produit : OSAVI Oregano Oil, 257 mg (60 caps) Description : D\u00e9couvrez le choix naturel pour les amateurs de qualit\u00e9 avec l&#8217;huile d&#8217;origan OSAVI. Chaque capsule contient 257 mg d&#8217;extrait pur issu des feuilles d&#8217;Origanum vulgare, encapsul\u00e9 dans une g\u00e9lule facile \u00e0 avaler.L&#8217;huile est extraite pour garantir une grande puret\u00e9 et est m\u00e9lang\u00e9e [&#8230;]\n","protected":false},"featured_media":276456,"comment_status":"closed","ping_status":"open","template":"","meta":[],"product_brand":[4756],"product_cat":[5052,5094,5053],"product_tag":[],"class_list":{"0":"post-302316","1":"product","2":"type-product","3":"status-publish","4":"has-post-thumbnail","6":"product_brand-osavi-2","7":"product_cat-sante-et-bien-etre","8":"product_cat-supplements-a-base-de-plantes","9":"product_cat-vitamines-et-mineraux","11":"first","12":"instock","13":"taxable","14":"shipping-taxable","15":"purchasable","16":"product-type-simple"},"yoast_head":"<!-- This site is optimized with the Yoast SEO Premium plugin v27.3 (Yoast SEO v27.3) - https:\/\/yoast.com\/product\/yoast-seo-premium-wordpress\/ -->\n<title>Huile d&#039;origan OSAVI, 257 mg (60 g\u00e9lules) - ECO Supplements<\/title>\n<meta name=\"description\" content=\"Wij hebben een ruime keuze aan producten van Huile d&#039;origan OSAVI, 257 mg (60 g\u00e9lules) . Winkel bij Eco Supplements altijd gratis verzending boven 100\u20ac\" \/>\n<meta name=\"robots\" content=\"index, follow, max-snippet:-1, max-image-preview:large, max-video-preview:-1\" \/>\n<link rel=\"canonical\" href=\"https:\/\/ecosupplements.be\/fr\/produit\/osavi-oregano-oil-257-mg-60-caps\/\" \/>\n<meta property=\"og:locale\" content=\"fr_FR\" \/>\n<meta property=\"og:type\" content=\"article\" \/>\n<meta property=\"og:title\" content=\"Huile d&#039;origan OSAVI, 257 mg (60 g\u00e9lules)\" \/>\n<meta property=\"og:description\" content=\"Wij hebben een ruime keuze aan producten van Huile d&#039;origan OSAVI, 257 mg (60 g\u00e9lules) . Winkel bij Eco Supplements altijd gratis verzending boven 100\u20ac\" \/>\n<meta property=\"og:url\" content=\"https:\/\/ecosupplements.be\/fr\/produit\/osavi-oregano-oil-257-mg-60-caps\/\" \/>\n<meta property=\"og:site_name\" content=\"ECO Supplements\" \/>\n<meta property=\"article:modified_time\" content=\"2025-08-28T02:35:32+00:00\" \/>\n<meta property=\"og:image\" content=\"https:\/\/ecosupplements.be\/wp-content\/uploads\/2025\/08\/Osavi-OSAVI-Oregano-Oil-257-mg-60-caps.jpg\" \/>\n\t<meta property=\"og:image:width\" content=\"650\" \/>\n\t<meta property=\"og:image:height\" content=\"650\" \/>\n\t<meta property=\"og:image:type\" content=\"image\/jpeg\" \/>\n<meta name=\"twitter:card\" content=\"summary_large_image\" \/>\n<meta name=\"twitter:label1\" content=\"Prix\" \/>\n\t<meta name=\"twitter:data1\" content=\"13.29&nbsp;&euro;\" \/>\n\t<meta name=\"twitter:label2\" content=\"Disponibilit\u00e9\" \/>\n\t<meta name=\"twitter:data2\" content=\"En stock\" \/>\n<script type=\"application\/ld+json\" class=\"yoast-schema-graph\">{\"@context\":\"https:\\\/\\\/schema.org\",\"@graph\":[{\"@type\":[\"WebPage\",\"ItemPage\"],\"@id\":\"https:\\\/\\\/ecosupplements.be\\\/fr\\\/produit\\\/osavi-oregano-oil-257-mg-60-caps\\\/\",\"url\":\"https:\\\/\\\/ecosupplements.be\\\/fr\\\/produit\\\/osavi-oregano-oil-257-mg-60-caps\\\/\",\"name\":\"Huile d'origan OSAVI, 257 mg (60 g\u00e9lules) - ECO Supplements\",\"isPartOf\":{\"@id\":\"https:\\\/\\\/ecosupplements.be\\\/fr\\\/#website\"},\"primaryImageOfPage\":{\"@id\":\"https:\\\/\\\/ecosupplements.be\\\/fr\\\/produit\\\/osavi-oregano-oil-257-mg-60-caps\\\/#primaryimage\"},\"image\":{\"@id\":\"https:\\\/\\\/ecosupplements.be\\\/fr\\\/produit\\\/osavi-oregano-oil-257-mg-60-caps\\\/#primaryimage\"},\"thumbnailUrl\":\"https:\\\/\\\/ecosupplements.be\\\/wp-content\\\/uploads\\\/2025\\\/08\\\/OSAVI-Oregano-Oil-257-mg-60-caps.jpg\",\"datePublished\":\"2025-07-26T07:00:26+00:00\",\"dateModified\":\"2025-08-28T02:35:32+00:00\",\"description\":\"Wij hebben een ruime keuze aan producten van Huile d'origan OSAVI, 257 mg (60 g\u00e9lules) . Winkel bij Eco Supplements altijd gratis verzending boven 100\u20ac\",\"breadcrumb\":{\"@id\":\"https:\\\/\\\/ecosupplements.be\\\/fr\\\/produit\\\/osavi-oregano-oil-257-mg-60-caps\\\/#breadcrumb\"},\"inLanguage\":\"fr-FR\",\"potentialAction\":[{\"@type\":\"ReadAction\",\"target\":[\"https:\\\/\\\/ecosupplements.be\\\/fr\\\/produit\\\/osavi-oregano-oil-257-mg-60-caps\\\/\"]}]},{\"@type\":\"ImageObject\",\"inLanguage\":\"fr-FR\",\"@id\":\"https:\\\/\\\/ecosupplements.be\\\/fr\\\/produit\\\/osavi-oregano-oil-257-mg-60-caps\\\/#primaryimage\",\"url\":\"https:\\\/\\\/ecosupplements.be\\\/wp-content\\\/uploads\\\/2025\\\/08\\\/OSAVI-Oregano-Oil-257-mg-60-caps.jpg\",\"contentUrl\":\"https:\\\/\\\/ecosupplements.be\\\/wp-content\\\/uploads\\\/2025\\\/08\\\/OSAVI-Oregano-Oil-257-mg-60-caps.jpg\",\"width\":650,\"height\":650},{\"@type\":\"BreadcrumbList\",\"@id\":\"https:\\\/\\\/ecosupplements.be\\\/fr\\\/produit\\\/osavi-oregano-oil-257-mg-60-caps\\\/#breadcrumb\",\"itemListElement\":[{\"@type\":\"ListItem\",\"position\":1,\"name\":\"Home\",\"item\":\"https:\\\/\\\/ecosupplements.be\\\/fr\\\/\"},{\"@type\":\"ListItem\",\"position\":2,\"name\":\"Boutique\",\"item\":\"https:\\\/\\\/ecosupplements.be\\\/fr\\\/boutique\\\/\"},{\"@type\":\"ListItem\",\"position\":3,\"name\":\"Huile d&#8217;origan OSAVI, 257 mg (60 g\u00e9lules)\"}]},{\"@type\":\"WebSite\",\"@id\":\"https:\\\/\\\/ecosupplements.be\\\/fr\\\/#website\",\"url\":\"https:\\\/\\\/ecosupplements.be\\\/fr\\\/\",\"name\":\"ECO Supplements\",\"description\":\"Eco Supplements - Gezonde supplementen\",\"publisher\":{\"@id\":\"https:\\\/\\\/ecosupplements.be\\\/fr\\\/#organization\"},\"potentialAction\":[{\"@type\":\"SearchAction\",\"target\":{\"@type\":\"EntryPoint\",\"urlTemplate\":\"https:\\\/\\\/ecosupplements.be\\\/fr\\\/?s={search_term_string}\"},\"query-input\":{\"@type\":\"PropertyValueSpecification\",\"valueRequired\":true,\"valueName\":\"search_term_string\"}}],\"inLanguage\":\"fr-FR\"},{\"@type\":\"Organization\",\"@id\":\"https:\\\/\\\/ecosupplements.be\\\/fr\\\/#organization\",\"name\":\"Eco Supplements\",\"url\":\"https:\\\/\\\/ecosupplements.be\\\/fr\\\/\",\"logo\":{\"@type\":\"ImageObject\",\"inLanguage\":\"fr-FR\",\"@id\":\"https:\\\/\\\/ecosupplements.be\\\/fr\\\/#\\\/schema\\\/logo\\\/image\\\/\",\"url\":\"https:\\\/\\\/ecosupplements.be\\\/wp-content\\\/uploads\\\/2022\\\/06\\\/ecosupplement-family.png\",\"contentUrl\":\"https:\\\/\\\/ecosupplements.be\\\/wp-content\\\/uploads\\\/2022\\\/06\\\/ecosupplement-family.png\",\"width\":593,\"height\":374,\"caption\":\"Eco Supplements\"},\"image\":{\"@id\":\"https:\\\/\\\/ecosupplements.be\\\/fr\\\/#\\\/schema\\\/logo\\\/image\\\/\"}}]}<\/script>\n<meta property=\"product:brand\" content=\"Osavi\" \/>\n<meta property=\"product:price:amount\" content=\"13.29\" \/>\n<meta property=\"product:price:currency\" content=\"EUR\" \/>\n<meta property=\"og:availability\" content=\"instock\" \/>\n<meta property=\"product:availability\" content=\"instock\" \/>\n<meta property=\"product:retailer_item_id\" content=\"5904139922378\" \/>\n<meta property=\"product:condition\" content=\"new\" \/>\n<!-- \/ Yoast SEO Premium plugin. -->","yoast_head_json":{"title":"Huile d'origan OSAVI, 257 mg (60 g\u00e9lules) - ECO Supplements","description":"Wij hebben een ruime keuze aan producten van Huile d'origan OSAVI, 257 mg (60 g\u00e9lules) . Winkel bij Eco Supplements altijd gratis verzending boven 100\u20ac","robots":{"index":"index","follow":"follow","max-snippet":"max-snippet:-1","max-image-preview":"max-image-preview:large","max-video-preview":"max-video-preview:-1"},"canonical":"https:\/\/ecosupplements.be\/fr\/produit\/osavi-oregano-oil-257-mg-60-caps\/","og_locale":"fr_FR","og_type":"article","og_title":"Huile d'origan OSAVI, 257 mg (60 g\u00e9lules)","og_description":"Wij hebben een ruime keuze aan producten van Huile d'origan OSAVI, 257 mg (60 g\u00e9lules) . Winkel bij Eco Supplements altijd gratis verzending boven 100\u20ac","og_url":"https:\/\/ecosupplements.be\/fr\/produit\/osavi-oregano-oil-257-mg-60-caps\/","og_site_name":"ECO Supplements","article_modified_time":"2025-08-28T02:35:32+00:00","og_image":[{"width":650,"height":650,"url":"https:\/\/ecosupplements.be\/wp-content\/uploads\/2025\/08\/Osavi-OSAVI-Oregano-Oil-257-mg-60-caps.jpg","type":"image\/jpeg"}],"twitter_card":"summary_large_image","twitter_misc":{"Prix":"13.29&nbsp;&euro;","Disponibilit\u00e9":"En stock"},"schema":{"@context":"https:\/\/schema.org","@graph":[{"@type":["WebPage","ItemPage"],"@id":"https:\/\/ecosupplements.be\/fr\/produit\/osavi-oregano-oil-257-mg-60-caps\/","url":"https:\/\/ecosupplements.be\/fr\/produit\/osavi-oregano-oil-257-mg-60-caps\/","name":"Huile d'origan OSAVI, 257 mg (60 g\u00e9lules) - ECO Supplements","isPartOf":{"@id":"https:\/\/ecosupplements.be\/fr\/#website"},"primaryImageOfPage":{"@id":"https:\/\/ecosupplements.be\/fr\/produit\/osavi-oregano-oil-257-mg-60-caps\/#primaryimage"},"image":{"@id":"https:\/\/ecosupplements.be\/fr\/produit\/osavi-oregano-oil-257-mg-60-caps\/#primaryimage"},"thumbnailUrl":"https:\/\/ecosupplements.be\/wp-content\/uploads\/2025\/08\/OSAVI-Oregano-Oil-257-mg-60-caps.jpg","datePublished":"2025-07-26T07:00:26+00:00","dateModified":"2025-08-28T02:35:32+00:00","description":"Wij hebben een ruime keuze aan producten van Huile d'origan OSAVI, 257 mg (60 g\u00e9lules) . Winkel bij Eco Supplements altijd gratis verzending boven 100\u20ac","breadcrumb":{"@id":"https:\/\/ecosupplements.be\/fr\/produit\/osavi-oregano-oil-257-mg-60-caps\/#breadcrumb"},"inLanguage":"fr-FR","potentialAction":[{"@type":"ReadAction","target":["https:\/\/ecosupplements.be\/fr\/produit\/osavi-oregano-oil-257-mg-60-caps\/"]}]},{"@type":"ImageObject","inLanguage":"fr-FR","@id":"https:\/\/ecosupplements.be\/fr\/produit\/osavi-oregano-oil-257-mg-60-caps\/#primaryimage","url":"https:\/\/ecosupplements.be\/wp-content\/uploads\/2025\/08\/OSAVI-Oregano-Oil-257-mg-60-caps.jpg","contentUrl":"https:\/\/ecosupplements.be\/wp-content\/uploads\/2025\/08\/OSAVI-Oregano-Oil-257-mg-60-caps.jpg","width":650,"height":650},{"@type":"BreadcrumbList","@id":"https:\/\/ecosupplements.be\/fr\/produit\/osavi-oregano-oil-257-mg-60-caps\/#breadcrumb","itemListElement":[{"@type":"ListItem","position":1,"name":"Home","item":"https:\/\/ecosupplements.be\/fr\/"},{"@type":"ListItem","position":2,"name":"Boutique","item":"https:\/\/ecosupplements.be\/fr\/boutique\/"},{"@type":"ListItem","position":3,"name":"Huile d&#8217;origan OSAVI, 257 mg (60 g\u00e9lules)"}]},{"@type":"WebSite","@id":"https:\/\/ecosupplements.be\/fr\/#website","url":"https:\/\/ecosupplements.be\/fr\/","name":"ECO Supplements","description":"Eco Supplements - Gezonde supplementen","publisher":{"@id":"https:\/\/ecosupplements.be\/fr\/#organization"},"potentialAction":[{"@type":"SearchAction","target":{"@type":"EntryPoint","urlTemplate":"https:\/\/ecosupplements.be\/fr\/?s={search_term_string}"},"query-input":{"@type":"PropertyValueSpecification","valueRequired":true,"valueName":"search_term_string"}}],"inLanguage":"fr-FR"},{"@type":"Organization","@id":"https:\/\/ecosupplements.be\/fr\/#organization","name":"Eco Supplements","url":"https:\/\/ecosupplements.be\/fr\/","logo":{"@type":"ImageObject","inLanguage":"fr-FR","@id":"https:\/\/ecosupplements.be\/fr\/#\/schema\/logo\/image\/","url":"https:\/\/ecosupplements.be\/wp-content\/uploads\/2022\/06\/ecosupplement-family.png","contentUrl":"https:\/\/ecosupplements.be\/wp-content\/uploads\/2022\/06\/ecosupplement-family.png","width":593,"height":374,"caption":"Eco Supplements"},"image":{"@id":"https:\/\/ecosupplements.be\/fr\/#\/schema\/logo\/image\/"}}]},"product_brand":"Osavi","product_price_amount":"13.29","product_price_currency":"EUR","og_availability":"instock","product_availability":"instock","product_retailer_item_id":"5904139922378","product_condition":"new"},"_links":{"self":[{"href":"https:\/\/ecosupplements.be\/fr\/wp-json\/wp\/v2\/product\/302316","targetHints":{"allow":["GET"]}}],"collection":[{"href":"https:\/\/ecosupplements.be\/fr\/wp-json\/wp\/v2\/product"}],"about":[{"href":"https:\/\/ecosupplements.be\/fr\/wp-json\/wp\/v2\/types\/product"}],"replies":[{"embeddable":true,"href":"https:\/\/ecosupplements.be\/fr\/wp-json\/wp\/v2\/comments?post=302316"}],"wp:featuredmedia":[{"embeddable":true,"href":"https:\/\/ecosupplements.be\/fr\/wp-json\/wp\/v2\/media\/276456"}],"wp:attachment":[{"href":"https:\/\/ecosupplements.be\/fr\/wp-json\/wp\/v2\/media?parent=302316"}],"wp:term":[{"taxonomy":"product_brand","embeddable":true,"href":"https:\/\/ecosupplements.be\/fr\/wp-json\/wp\/v2\/product_brand?post=302316"},{"taxonomy":"product_cat","embeddable":true,"href":"https:\/\/ecosupplements.be\/fr\/wp-json\/wp\/v2\/product_cat?post=302316"},{"taxonomy":"product_tag","embeddable":true,"href":"https:\/\/ecosupplements.be\/fr\/wp-json\/wp\/v2\/product_tag?post=302316"}],"curies":[{"name":"wp","href":"https:\/\/api.w.org\/{rel}","templated":true}]}}