{"id":302325,"date":"2025-07-26T08:15:12","date_gmt":"2025-07-26T07:15:12","guid":{"rendered":"https:\/\/ecosupplements.be\/product\/osavi-omega-3-extra-650-mg-lemon-flavor-180-caps\/"},"modified":"2025-08-28T03:35:42","modified_gmt":"2025-08-28T02:35:42","slug":"osavi-omega-3-extra-650-mg-lemon-flavor-180-caps","status":"publish","type":"product","link":"https:\/\/ecosupplements.be\/fr\/produit\/osavi-omega-3-extra-650-mg-lemon-flavor-180-caps\/","title":{"rendered":"OSAVI Om\u00e9ga-3 Extra, 650 mg &#8211; saveur de citron (180 g\u00e9lules)"},"content":{"rendered":"<p><strong>Nom du produit :<\/strong> OSAVI Omega-3 Extra, 650 mg &#8211; saveur citron (180 capsules)<\/p>\n<p><strong>Description :<\/strong> D\u00e9couvrez notre compl\u00e9ment alimentaire \u00e0 base d&#8217;huile de poisson de haute puret\u00e9, provenant de sources durables telles que les anchois, les sardines, les maquereaux et le thon. Chaque capsule est enrichie d&#8217;un ar\u00f4me naturel de citron pour une exp\u00e9rience gustative agr\u00e9able sans l&#8217;arri\u00e8re-go\u00fbt habituel du poisson.<\/p>\n<p><strong>Ingr\u00e9dients principaux :<\/strong> Huile de poisson pelagique, enveloppe (g\u00e9latine bovine, glyc\u00e9rol mainteneur d&#8217;humidit\u00e9, eau), ar\u00f4me naturel de citron et antioxydant : m\u00e9lange de tocoph\u00e9rols.<\/p>\n<p><strong>Contenu et emballage :<\/strong> Le produit est pr\u00e9sent\u00e9 dans un flacon contenant 180 capsules faciles \u00e0 avaler.<\/p>\n<p><strong>Utilisation recommand\u00e9e :<\/strong> Prendre deux capsules par jour. Ne pas d\u00e9passer la dose journali\u00e8re recommand\u00e9e.<\/p>\n<p>Ce compl\u00e9ment alimentaire est un choix parfait pour ceux qui appr\u00e9cient les ingr\u00e9dients naturels dans un mode de vie actif. il se distingue par sa composition soign\u00e9e et son format pratique pour une utilisation quotidienne sans soucis.<\/p>\n","protected":false},"excerpt":{"rendered":"<p>Nom du produit : OSAVI Omega-3 Extra, 650 mg &#8211; saveur citron (180 capsules) Description : D\u00e9couvrez notre compl\u00e9ment alimentaire \u00e0 base d&#8217;huile de poisson de haute puret\u00e9, provenant de sources durables telles que les anchois, les sardines, les maquereaux et le thon. Chaque capsule est enrichie d&#8217;un ar\u00f4me naturel de citron pour une exp\u00e9rience [&#8230;]\n","protected":false},"featured_media":276465,"comment_status":"closed","ping_status":"open","template":"","meta":[],"product_brand":[4756],"product_cat":[5082,5053],"product_tag":[],"class_list":{"0":"post-302325","1":"product","2":"type-product","3":"status-publish","4":"has-post-thumbnail","6":"product_brand-osavi-2","7":"product_cat-omegas-efa-cla-huiles","8":"product_cat-vitamines-et-mineraux","10":"first","11":"instock","12":"taxable","13":"shipping-taxable","14":"purchasable","15":"product-type-simple"},"yoast_head":"<!-- This site is optimized with the Yoast SEO Premium plugin v27.3 (Yoast SEO v27.3) - https:\/\/yoast.com\/product\/yoast-seo-premium-wordpress\/ -->\n<title>OSAVI Om\u00e9ga-3 Extra, 650 mg - saveur de citron (180 g\u00e9lules) - ECO Supplements<\/title>\n<meta name=\"description\" content=\"Wij hebben een ruime keuze aan producten van OSAVI Om\u00e9ga-3 Extra, 650 mg - saveur de citron (180 g\u00e9lules) . Winkel bij Eco Supplements altijd gratis verzending boven 100\u20ac\" \/>\n<meta name=\"robots\" content=\"index, follow, max-snippet:-1, max-image-preview:large, max-video-preview:-1\" \/>\n<link rel=\"canonical\" href=\"https:\/\/ecosupplements.be\/fr\/produit\/osavi-omega-3-extra-650-mg-lemon-flavor-180-caps\/\" \/>\n<meta property=\"og:locale\" content=\"fr_FR\" \/>\n<meta property=\"og:type\" content=\"article\" \/>\n<meta property=\"og:title\" content=\"OSAVI Om\u00e9ga-3 Extra, 650 mg - saveur de citron (180 g\u00e9lules)\" \/>\n<meta property=\"og:description\" content=\"Wij hebben een ruime keuze aan producten van OSAVI Om\u00e9ga-3 Extra, 650 mg - saveur de citron (180 g\u00e9lules) . Winkel bij Eco Supplements altijd gratis verzending boven 100\u20ac\" \/>\n<meta property=\"og:url\" content=\"https:\/\/ecosupplements.be\/fr\/produit\/osavi-omega-3-extra-650-mg-lemon-flavor-180-caps\/\" \/>\n<meta property=\"og:site_name\" content=\"ECO Supplements\" \/>\n<meta property=\"article:modified_time\" content=\"2025-08-28T02:35:42+00:00\" \/>\n<meta property=\"og:image\" content=\"https:\/\/ecosupplements.be\/wp-content\/uploads\/2025\/08\/Osavi-OSAVI-Omega-3-Extra-650-mg-lemon-flavor-180-caps.jpg\" \/>\n\t<meta property=\"og:image:width\" content=\"395\" \/>\n\t<meta property=\"og:image:height\" content=\"750\" \/>\n\t<meta property=\"og:image:type\" content=\"image\/jpeg\" \/>\n<meta name=\"twitter:card\" content=\"summary_large_image\" \/>\n<meta name=\"twitter:label1\" content=\"Prix\" \/>\n\t<meta name=\"twitter:data1\" content=\"35.61&nbsp;&euro;\" \/>\n\t<meta name=\"twitter:label2\" content=\"Disponibilit\u00e9\" \/>\n\t<meta name=\"twitter:data2\" content=\"En stock\" \/>\n<script type=\"application\/ld+json\" class=\"yoast-schema-graph\">{\"@context\":\"https:\\\/\\\/schema.org\",\"@graph\":[{\"@type\":[\"WebPage\",\"ItemPage\"],\"@id\":\"https:\\\/\\\/ecosupplements.be\\\/fr\\\/produit\\\/osavi-omega-3-extra-650-mg-lemon-flavor-180-caps\\\/\",\"url\":\"https:\\\/\\\/ecosupplements.be\\\/fr\\\/produit\\\/osavi-omega-3-extra-650-mg-lemon-flavor-180-caps\\\/\",\"name\":\"OSAVI Om\u00e9ga-3 Extra, 650 mg - saveur de citron (180 g\u00e9lules) - ECO Supplements\",\"isPartOf\":{\"@id\":\"https:\\\/\\\/ecosupplements.be\\\/fr\\\/#website\"},\"primaryImageOfPage\":{\"@id\":\"https:\\\/\\\/ecosupplements.be\\\/fr\\\/produit\\\/osavi-omega-3-extra-650-mg-lemon-flavor-180-caps\\\/#primaryimage\"},\"image\":{\"@id\":\"https:\\\/\\\/ecosupplements.be\\\/fr\\\/produit\\\/osavi-omega-3-extra-650-mg-lemon-flavor-180-caps\\\/#primaryimage\"},\"thumbnailUrl\":\"https:\\\/\\\/ecosupplements.be\\\/wp-content\\\/uploads\\\/2025\\\/08\\\/OSAVI-Omega-3-Extra-650-mg-lemon-flavor-180-caps.jpg\",\"datePublished\":\"2025-07-26T07:15:12+00:00\",\"dateModified\":\"2025-08-28T02:35:42+00:00\",\"description\":\"Wij hebben een ruime keuze aan producten van OSAVI Om\u00e9ga-3 Extra, 650 mg - saveur de citron (180 g\u00e9lules) . Winkel bij Eco Supplements altijd gratis verzending boven 100\u20ac\",\"breadcrumb\":{\"@id\":\"https:\\\/\\\/ecosupplements.be\\\/fr\\\/produit\\\/osavi-omega-3-extra-650-mg-lemon-flavor-180-caps\\\/#breadcrumb\"},\"inLanguage\":\"fr-FR\",\"potentialAction\":[{\"@type\":\"ReadAction\",\"target\":[\"https:\\\/\\\/ecosupplements.be\\\/fr\\\/produit\\\/osavi-omega-3-extra-650-mg-lemon-flavor-180-caps\\\/\"]}]},{\"@type\":\"ImageObject\",\"inLanguage\":\"fr-FR\",\"@id\":\"https:\\\/\\\/ecosupplements.be\\\/fr\\\/produit\\\/osavi-omega-3-extra-650-mg-lemon-flavor-180-caps\\\/#primaryimage\",\"url\":\"https:\\\/\\\/ecosupplements.be\\\/wp-content\\\/uploads\\\/2025\\\/08\\\/OSAVI-Omega-3-Extra-650-mg-lemon-flavor-180-caps.jpg\",\"contentUrl\":\"https:\\\/\\\/ecosupplements.be\\\/wp-content\\\/uploads\\\/2025\\\/08\\\/OSAVI-Omega-3-Extra-650-mg-lemon-flavor-180-caps.jpg\",\"width\":395,\"height\":750},{\"@type\":\"BreadcrumbList\",\"@id\":\"https:\\\/\\\/ecosupplements.be\\\/fr\\\/produit\\\/osavi-omega-3-extra-650-mg-lemon-flavor-180-caps\\\/#breadcrumb\",\"itemListElement\":[{\"@type\":\"ListItem\",\"position\":1,\"name\":\"Home\",\"item\":\"https:\\\/\\\/ecosupplements.be\\\/fr\\\/\"},{\"@type\":\"ListItem\",\"position\":2,\"name\":\"Boutique\",\"item\":\"https:\\\/\\\/ecosupplements.be\\\/fr\\\/boutique\\\/\"},{\"@type\":\"ListItem\",\"position\":3,\"name\":\"OSAVI Om\u00e9ga-3 Extra, 650 mg &#8211; saveur de citron (180 g\u00e9lules)\"}]},{\"@type\":\"WebSite\",\"@id\":\"https:\\\/\\\/ecosupplements.be\\\/fr\\\/#website\",\"url\":\"https:\\\/\\\/ecosupplements.be\\\/fr\\\/\",\"name\":\"ECO Supplements\",\"description\":\"Eco Supplements - Gezonde supplementen\",\"publisher\":{\"@id\":\"https:\\\/\\\/ecosupplements.be\\\/fr\\\/#organization\"},\"potentialAction\":[{\"@type\":\"SearchAction\",\"target\":{\"@type\":\"EntryPoint\",\"urlTemplate\":\"https:\\\/\\\/ecosupplements.be\\\/fr\\\/?s={search_term_string}\"},\"query-input\":{\"@type\":\"PropertyValueSpecification\",\"valueRequired\":true,\"valueName\":\"search_term_string\"}}],\"inLanguage\":\"fr-FR\"},{\"@type\":\"Organization\",\"@id\":\"https:\\\/\\\/ecosupplements.be\\\/fr\\\/#organization\",\"name\":\"Eco Supplements\",\"url\":\"https:\\\/\\\/ecosupplements.be\\\/fr\\\/\",\"logo\":{\"@type\":\"ImageObject\",\"inLanguage\":\"fr-FR\",\"@id\":\"https:\\\/\\\/ecosupplements.be\\\/fr\\\/#\\\/schema\\\/logo\\\/image\\\/\",\"url\":\"https:\\\/\\\/ecosupplements.be\\\/wp-content\\\/uploads\\\/2022\\\/06\\\/ecosupplement-family.png\",\"contentUrl\":\"https:\\\/\\\/ecosupplements.be\\\/wp-content\\\/uploads\\\/2022\\\/06\\\/ecosupplement-family.png\",\"width\":593,\"height\":374,\"caption\":\"Eco Supplements\"},\"image\":{\"@id\":\"https:\\\/\\\/ecosupplements.be\\\/fr\\\/#\\\/schema\\\/logo\\\/image\\\/\"}}]}<\/script>\n<meta property=\"product:brand\" content=\"Osavi\" \/>\n<meta property=\"product:price:amount\" content=\"35.61\" \/>\n<meta property=\"product:price:currency\" content=\"EUR\" \/>\n<meta property=\"og:availability\" content=\"instock\" \/>\n<meta property=\"product:availability\" content=\"instock\" \/>\n<meta property=\"product:retailer_item_id\" content=\"5904139922750\" \/>\n<meta property=\"product:condition\" content=\"new\" \/>\n<!-- \/ Yoast SEO Premium plugin. -->","yoast_head_json":{"title":"OSAVI Om\u00e9ga-3 Extra, 650 mg - saveur de citron (180 g\u00e9lules) - ECO Supplements","description":"Wij hebben een ruime keuze aan producten van OSAVI Om\u00e9ga-3 Extra, 650 mg - saveur de citron (180 g\u00e9lules) . Winkel bij Eco Supplements altijd gratis verzending boven 100\u20ac","robots":{"index":"index","follow":"follow","max-snippet":"max-snippet:-1","max-image-preview":"max-image-preview:large","max-video-preview":"max-video-preview:-1"},"canonical":"https:\/\/ecosupplements.be\/fr\/produit\/osavi-omega-3-extra-650-mg-lemon-flavor-180-caps\/","og_locale":"fr_FR","og_type":"article","og_title":"OSAVI Om\u00e9ga-3 Extra, 650 mg - saveur de citron (180 g\u00e9lules)","og_description":"Wij hebben een ruime keuze aan producten van OSAVI Om\u00e9ga-3 Extra, 650 mg - saveur de citron (180 g\u00e9lules) . Winkel bij Eco Supplements altijd gratis verzending boven 100\u20ac","og_url":"https:\/\/ecosupplements.be\/fr\/produit\/osavi-omega-3-extra-650-mg-lemon-flavor-180-caps\/","og_site_name":"ECO Supplements","article_modified_time":"2025-08-28T02:35:42+00:00","og_image":[{"width":395,"height":750,"url":"https:\/\/ecosupplements.be\/wp-content\/uploads\/2025\/08\/Osavi-OSAVI-Omega-3-Extra-650-mg-lemon-flavor-180-caps.jpg","type":"image\/jpeg"}],"twitter_card":"summary_large_image","twitter_misc":{"Prix":"35.61&nbsp;&euro;","Disponibilit\u00e9":"En stock"},"schema":{"@context":"https:\/\/schema.org","@graph":[{"@type":["WebPage","ItemPage"],"@id":"https:\/\/ecosupplements.be\/fr\/produit\/osavi-omega-3-extra-650-mg-lemon-flavor-180-caps\/","url":"https:\/\/ecosupplements.be\/fr\/produit\/osavi-omega-3-extra-650-mg-lemon-flavor-180-caps\/","name":"OSAVI Om\u00e9ga-3 Extra, 650 mg - saveur de citron (180 g\u00e9lules) - ECO Supplements","isPartOf":{"@id":"https:\/\/ecosupplements.be\/fr\/#website"},"primaryImageOfPage":{"@id":"https:\/\/ecosupplements.be\/fr\/produit\/osavi-omega-3-extra-650-mg-lemon-flavor-180-caps\/#primaryimage"},"image":{"@id":"https:\/\/ecosupplements.be\/fr\/produit\/osavi-omega-3-extra-650-mg-lemon-flavor-180-caps\/#primaryimage"},"thumbnailUrl":"https:\/\/ecosupplements.be\/wp-content\/uploads\/2025\/08\/OSAVI-Omega-3-Extra-650-mg-lemon-flavor-180-caps.jpg","datePublished":"2025-07-26T07:15:12+00:00","dateModified":"2025-08-28T02:35:42+00:00","description":"Wij hebben een ruime keuze aan producten van OSAVI Om\u00e9ga-3 Extra, 650 mg - saveur de citron (180 g\u00e9lules) . Winkel bij Eco Supplements altijd gratis verzending boven 100\u20ac","breadcrumb":{"@id":"https:\/\/ecosupplements.be\/fr\/produit\/osavi-omega-3-extra-650-mg-lemon-flavor-180-caps\/#breadcrumb"},"inLanguage":"fr-FR","potentialAction":[{"@type":"ReadAction","target":["https:\/\/ecosupplements.be\/fr\/produit\/osavi-omega-3-extra-650-mg-lemon-flavor-180-caps\/"]}]},{"@type":"ImageObject","inLanguage":"fr-FR","@id":"https:\/\/ecosupplements.be\/fr\/produit\/osavi-omega-3-extra-650-mg-lemon-flavor-180-caps\/#primaryimage","url":"https:\/\/ecosupplements.be\/wp-content\/uploads\/2025\/08\/OSAVI-Omega-3-Extra-650-mg-lemon-flavor-180-caps.jpg","contentUrl":"https:\/\/ecosupplements.be\/wp-content\/uploads\/2025\/08\/OSAVI-Omega-3-Extra-650-mg-lemon-flavor-180-caps.jpg","width":395,"height":750},{"@type":"BreadcrumbList","@id":"https:\/\/ecosupplements.be\/fr\/produit\/osavi-omega-3-extra-650-mg-lemon-flavor-180-caps\/#breadcrumb","itemListElement":[{"@type":"ListItem","position":1,"name":"Home","item":"https:\/\/ecosupplements.be\/fr\/"},{"@type":"ListItem","position":2,"name":"Boutique","item":"https:\/\/ecosupplements.be\/fr\/boutique\/"},{"@type":"ListItem","position":3,"name":"OSAVI Om\u00e9ga-3 Extra, 650 mg &#8211; saveur de citron (180 g\u00e9lules)"}]},{"@type":"WebSite","@id":"https:\/\/ecosupplements.be\/fr\/#website","url":"https:\/\/ecosupplements.be\/fr\/","name":"ECO Supplements","description":"Eco Supplements - Gezonde supplementen","publisher":{"@id":"https:\/\/ecosupplements.be\/fr\/#organization"},"potentialAction":[{"@type":"SearchAction","target":{"@type":"EntryPoint","urlTemplate":"https:\/\/ecosupplements.be\/fr\/?s={search_term_string}"},"query-input":{"@type":"PropertyValueSpecification","valueRequired":true,"valueName":"search_term_string"}}],"inLanguage":"fr-FR"},{"@type":"Organization","@id":"https:\/\/ecosupplements.be\/fr\/#organization","name":"Eco Supplements","url":"https:\/\/ecosupplements.be\/fr\/","logo":{"@type":"ImageObject","inLanguage":"fr-FR","@id":"https:\/\/ecosupplements.be\/fr\/#\/schema\/logo\/image\/","url":"https:\/\/ecosupplements.be\/wp-content\/uploads\/2022\/06\/ecosupplement-family.png","contentUrl":"https:\/\/ecosupplements.be\/wp-content\/uploads\/2022\/06\/ecosupplement-family.png","width":593,"height":374,"caption":"Eco Supplements"},"image":{"@id":"https:\/\/ecosupplements.be\/fr\/#\/schema\/logo\/image\/"}}]},"product_brand":"Osavi","product_price_amount":"35.61","product_price_currency":"EUR","og_availability":"instock","product_availability":"instock","product_retailer_item_id":"5904139922750","product_condition":"new"},"_links":{"self":[{"href":"https:\/\/ecosupplements.be\/fr\/wp-json\/wp\/v2\/product\/302325","targetHints":{"allow":["GET"]}}],"collection":[{"href":"https:\/\/ecosupplements.be\/fr\/wp-json\/wp\/v2\/product"}],"about":[{"href":"https:\/\/ecosupplements.be\/fr\/wp-json\/wp\/v2\/types\/product"}],"replies":[{"embeddable":true,"href":"https:\/\/ecosupplements.be\/fr\/wp-json\/wp\/v2\/comments?post=302325"}],"wp:featuredmedia":[{"embeddable":true,"href":"https:\/\/ecosupplements.be\/fr\/wp-json\/wp\/v2\/media\/276465"}],"wp:attachment":[{"href":"https:\/\/ecosupplements.be\/fr\/wp-json\/wp\/v2\/media?parent=302325"}],"wp:term":[{"taxonomy":"product_brand","embeddable":true,"href":"https:\/\/ecosupplements.be\/fr\/wp-json\/wp\/v2\/product_brand?post=302325"},{"taxonomy":"product_cat","embeddable":true,"href":"https:\/\/ecosupplements.be\/fr\/wp-json\/wp\/v2\/product_cat?post=302325"},{"taxonomy":"product_tag","embeddable":true,"href":"https:\/\/ecosupplements.be\/fr\/wp-json\/wp\/v2\/product_tag?post=302325"}],"curies":[{"name":"wp","href":"https:\/\/api.w.org\/{rel}","templated":true}]}}