{"id":302421,"date":"2025-07-26T09:30:20","date_gmt":"2025-07-26T08:30:20","guid":{"rendered":"https:\/\/ecosupplements.be\/product\/osavi-norwegian-cod-liver-oil-1000-mg-omega-3-lemon-mint-flavor-250-ml-8-5-fl-oz\/"},"modified":"2025-08-28T03:37:24","modified_gmt":"2025-08-28T02:37:24","slug":"osavi-norwegian-cod-liver-oil-1000-mg-omega-3-lemon-mint-flavor-250-ml-8-5-fl-oz","status":"publish","type":"product","link":"https:\/\/ecosupplements.be\/fr\/produit\/osavi-norwegian-cod-liver-oil-1000-mg-omega-3-lemon-mint-flavor-250-ml-8-5-fl-oz\/","title":{"rendered":"Huile de foie de morue norv\u00e9gienne OSAVI, 1000 mg d&#8217;Om\u00e9ga 3 &#8211; saveur citron-menthe (250 ml \/ 8.5 fl. oz.)"},"content":{"rendered":"<p><strong>Nom du produit :<\/strong> OSAVI Norwegian Cod Liver Oil, 1000 mg Omega 3 &#8211; saveur citron-menthe (250 ml \/ 8.5 fl. oz.)<\/p>\n<p><strong>Description :<\/strong> D\u00e9couvrez le plaisir d&#8217;int\u00e9grer \u00e0 votre quotidien notre huile de foie de morue norv\u00e9gienne, reconnue pour sa grande puret\u00e9 et son origine naturelle.Ce produit est soigneusement aromatis\u00e9 avec des saveurs naturelles de citron et de menthe pour une exp\u00e9rience gustative rafra\u00eechissante sans l&#8217;arri\u00e8re-go\u00fbt habituel des huiles de poisson.<\/p>\n<p><strong>Ingr\u00e9dients principaux :<\/strong> Huile de foie de morue, ar\u00f4me naturel de citron, ar\u00f4me naturel de menthe poivr\u00e9e, vitamine A (palmitate de r\u00e9tinyle), antioxydant : m\u00e9lange de tocoph\u00e9rols.<\/p>\n<p><strong>Contenu et emballage :<\/strong> Chaque bouteille contient 250 ml (8.5 fl. oz.) d&#8217;huile.<\/p>\n<p><strong>Utilisation recommand\u00e9e :<\/strong> Pour une utilisation simple au quotidien, il est conseill\u00e9 d&#8217;ajouter une cuill\u00e8re \u00e0 caf\u00e9 (5 ml) dans votre alimentation pendant ou apr\u00e8s les repas.<\/p>\n<p><em>Ce produit est un choix parfait pour ceux qui appr\u00e9cient les ingr\u00e9dients naturels dans un mode vie actif et \u00e9quilibr\u00e9.<\/em><\/p>\n<p><em>Veuillez noter que ce compl\u00e9ment alimentaire doit \u00eatre utilis\u00e9 dans le cadre d&#8217;une alimentation vari\u00e9e et ne doit pas d\u00e9passer la dose journali\u00e8re recommand\u00e9e. apr\u00e8s ouverture, conserver au r\u00e9frig\u00e9rateur et consommer dans les trois mois.<\/em><\/p>\n","protected":false},"excerpt":{"rendered":"<p>Nom du produit : OSAVI Norwegian Cod Liver Oil, 1000 mg Omega 3 &#8211; saveur citron-menthe (250 ml \/ 8.5 fl. oz.) Description : D\u00e9couvrez le plaisir d&#8217;int\u00e9grer \u00e0 votre quotidien notre huile de foie de morue norv\u00e9gienne, reconnue pour sa grande puret\u00e9 et son origine naturelle.Ce produit est soigneusement aromatis\u00e9 avec des saveurs naturelles [&#8230;]\n","protected":false},"featured_media":276561,"comment_status":"closed","ping_status":"open","template":"","meta":[],"product_brand":[4756],"product_cat":[5082,5053],"product_tag":[],"class_list":{"0":"post-302421","1":"product","2":"type-product","3":"status-publish","4":"has-post-thumbnail","6":"product_brand-osavi-2","7":"product_cat-omegas-efa-cla-huiles","8":"product_cat-vitamines-et-mineraux","10":"first","11":"instock","12":"taxable","13":"shipping-taxable","14":"purchasable","15":"product-type-simple"},"yoast_head":"<!-- This site is optimized with the Yoast SEO Premium plugin v27.3 (Yoast SEO v27.3) - https:\/\/yoast.com\/product\/yoast-seo-premium-wordpress\/ -->\n<title>Huile de foie de morue norv\u00e9gienne OSAVI, 1000 mg d&#039;Om\u00e9ga 3 - saveur citron-menthe (250 ml \/ 8.5 fl. oz.) - ECO Supplements<\/title>\n<meta name=\"description\" content=\"Wij hebben een ruime keuze aan producten van Huile de foie de morue norv\u00e9gienne OSAVI, 1000 mg d&#039;Om\u00e9ga 3 - saveur citron-menthe (250 ml \/ 8.5 fl. oz.) . Winkel bij Eco Supplements altijd gratis verzending boven 100\u20ac\" \/>\n<meta name=\"robots\" content=\"index, follow, max-snippet:-1, max-image-preview:large, max-video-preview:-1\" \/>\n<link rel=\"canonical\" href=\"https:\/\/ecosupplements.be\/fr\/produit\/osavi-norwegian-cod-liver-oil-1000-mg-omega-3-lemon-mint-flavor-250-ml-8-5-fl-oz\/\" \/>\n<meta property=\"og:locale\" content=\"fr_FR\" \/>\n<meta property=\"og:type\" content=\"article\" \/>\n<meta property=\"og:title\" content=\"Huile de foie de morue norv\u00e9gienne OSAVI, 1000 mg d&#039;Om\u00e9ga 3 - saveur citron-menthe (250 ml \/ 8.5 fl. oz.)\" \/>\n<meta property=\"og:description\" content=\"Wij hebben een ruime keuze aan producten van Huile de foie de morue norv\u00e9gienne OSAVI, 1000 mg d&#039;Om\u00e9ga 3 - saveur citron-menthe (250 ml \/ 8.5 fl. oz.) . Winkel bij Eco Supplements altijd gratis verzending boven 100\u20ac\" \/>\n<meta property=\"og:url\" content=\"https:\/\/ecosupplements.be\/fr\/produit\/osavi-norwegian-cod-liver-oil-1000-mg-omega-3-lemon-mint-flavor-250-ml-8-5-fl-oz\/\" \/>\n<meta property=\"og:site_name\" content=\"ECO Supplements\" \/>\n<meta property=\"article:modified_time\" content=\"2025-08-28T02:37:24+00:00\" \/>\n<meta property=\"og:image\" content=\"https:\/\/ecosupplements.be\/wp-content\/uploads\/2025\/08\/Osavi-OSAVI-Norwegian-Cod-Liver-Oil-1000-mg-Omega-3-lemon-mint-flavor-250-ml-8.5-fl.-oz.jpg\" \/>\n\t<meta property=\"og:image:width\" content=\"817\" \/>\n\t<meta property=\"og:image:height\" content=\"1000\" \/>\n\t<meta property=\"og:image:type\" content=\"image\/jpeg\" \/>\n<meta name=\"twitter:card\" content=\"summary_large_image\" \/>\n<meta name=\"twitter:label1\" content=\"Prix\" \/>\n\t<meta name=\"twitter:data1\" content=\"19.20&nbsp;&euro;\" \/>\n\t<meta name=\"twitter:label2\" content=\"Disponibilit\u00e9\" \/>\n\t<meta name=\"twitter:data2\" content=\"En stock\" \/>\n<script type=\"application\/ld+json\" class=\"yoast-schema-graph\">{\"@context\":\"https:\\\/\\\/schema.org\",\"@graph\":[{\"@type\":[\"WebPage\",\"ItemPage\"],\"@id\":\"https:\\\/\\\/ecosupplements.be\\\/fr\\\/produit\\\/osavi-norwegian-cod-liver-oil-1000-mg-omega-3-lemon-mint-flavor-250-ml-8-5-fl-oz\\\/\",\"url\":\"https:\\\/\\\/ecosupplements.be\\\/fr\\\/produit\\\/osavi-norwegian-cod-liver-oil-1000-mg-omega-3-lemon-mint-flavor-250-ml-8-5-fl-oz\\\/\",\"name\":\"Huile de foie de morue norv\u00e9gienne OSAVI, 1000 mg d'Om\u00e9ga 3 - saveur citron-menthe (250 ml \\\/ 8.5 fl. oz.) - ECO Supplements\",\"isPartOf\":{\"@id\":\"https:\\\/\\\/ecosupplements.be\\\/fr\\\/#website\"},\"primaryImageOfPage\":{\"@id\":\"https:\\\/\\\/ecosupplements.be\\\/fr\\\/produit\\\/osavi-norwegian-cod-liver-oil-1000-mg-omega-3-lemon-mint-flavor-250-ml-8-5-fl-oz\\\/#primaryimage\"},\"image\":{\"@id\":\"https:\\\/\\\/ecosupplements.be\\\/fr\\\/produit\\\/osavi-norwegian-cod-liver-oil-1000-mg-omega-3-lemon-mint-flavor-250-ml-8-5-fl-oz\\\/#primaryimage\"},\"thumbnailUrl\":\"https:\\\/\\\/ecosupplements.be\\\/wp-content\\\/uploads\\\/2025\\\/08\\\/OSAVI-Norwegian-Cod-Liver-Oil-1000-mg-Omega-3-lemon-mint-flavor-250-ml-8.5-fl.-oz.jpg\",\"datePublished\":\"2025-07-26T08:30:20+00:00\",\"dateModified\":\"2025-08-28T02:37:24+00:00\",\"description\":\"Wij hebben een ruime keuze aan producten van Huile de foie de morue norv\u00e9gienne OSAVI, 1000 mg d'Om\u00e9ga 3 - saveur citron-menthe (250 ml \\\/ 8.5 fl. oz.) . Winkel bij Eco Supplements altijd gratis verzending boven 100\u20ac\",\"breadcrumb\":{\"@id\":\"https:\\\/\\\/ecosupplements.be\\\/fr\\\/produit\\\/osavi-norwegian-cod-liver-oil-1000-mg-omega-3-lemon-mint-flavor-250-ml-8-5-fl-oz\\\/#breadcrumb\"},\"inLanguage\":\"fr-FR\",\"potentialAction\":[{\"@type\":\"ReadAction\",\"target\":[\"https:\\\/\\\/ecosupplements.be\\\/fr\\\/produit\\\/osavi-norwegian-cod-liver-oil-1000-mg-omega-3-lemon-mint-flavor-250-ml-8-5-fl-oz\\\/\"]}]},{\"@type\":\"ImageObject\",\"inLanguage\":\"fr-FR\",\"@id\":\"https:\\\/\\\/ecosupplements.be\\\/fr\\\/produit\\\/osavi-norwegian-cod-liver-oil-1000-mg-omega-3-lemon-mint-flavor-250-ml-8-5-fl-oz\\\/#primaryimage\",\"url\":\"https:\\\/\\\/ecosupplements.be\\\/wp-content\\\/uploads\\\/2025\\\/08\\\/OSAVI-Norwegian-Cod-Liver-Oil-1000-mg-Omega-3-lemon-mint-flavor-250-ml-8.5-fl.-oz.jpg\",\"contentUrl\":\"https:\\\/\\\/ecosupplements.be\\\/wp-content\\\/uploads\\\/2025\\\/08\\\/OSAVI-Norwegian-Cod-Liver-Oil-1000-mg-Omega-3-lemon-mint-flavor-250-ml-8.5-fl.-oz.jpg\",\"width\":817,\"height\":1000},{\"@type\":\"BreadcrumbList\",\"@id\":\"https:\\\/\\\/ecosupplements.be\\\/fr\\\/produit\\\/osavi-norwegian-cod-liver-oil-1000-mg-omega-3-lemon-mint-flavor-250-ml-8-5-fl-oz\\\/#breadcrumb\",\"itemListElement\":[{\"@type\":\"ListItem\",\"position\":1,\"name\":\"Home\",\"item\":\"https:\\\/\\\/ecosupplements.be\\\/fr\\\/\"},{\"@type\":\"ListItem\",\"position\":2,\"name\":\"Boutique\",\"item\":\"https:\\\/\\\/ecosupplements.be\\\/fr\\\/boutique\\\/\"},{\"@type\":\"ListItem\",\"position\":3,\"name\":\"Huile de foie de morue norv\u00e9gienne OSAVI, 1000 mg d&#8217;Om\u00e9ga 3 &#8211; saveur citron-menthe (250 ml \\\/ 8.5 fl. oz.)\"}]},{\"@type\":\"WebSite\",\"@id\":\"https:\\\/\\\/ecosupplements.be\\\/fr\\\/#website\",\"url\":\"https:\\\/\\\/ecosupplements.be\\\/fr\\\/\",\"name\":\"ECO Supplements\",\"description\":\"Eco Supplements - Gezonde supplementen\",\"publisher\":{\"@id\":\"https:\\\/\\\/ecosupplements.be\\\/fr\\\/#organization\"},\"potentialAction\":[{\"@type\":\"SearchAction\",\"target\":{\"@type\":\"EntryPoint\",\"urlTemplate\":\"https:\\\/\\\/ecosupplements.be\\\/fr\\\/?s={search_term_string}\"},\"query-input\":{\"@type\":\"PropertyValueSpecification\",\"valueRequired\":true,\"valueName\":\"search_term_string\"}}],\"inLanguage\":\"fr-FR\"},{\"@type\":\"Organization\",\"@id\":\"https:\\\/\\\/ecosupplements.be\\\/fr\\\/#organization\",\"name\":\"Eco Supplements\",\"url\":\"https:\\\/\\\/ecosupplements.be\\\/fr\\\/\",\"logo\":{\"@type\":\"ImageObject\",\"inLanguage\":\"fr-FR\",\"@id\":\"https:\\\/\\\/ecosupplements.be\\\/fr\\\/#\\\/schema\\\/logo\\\/image\\\/\",\"url\":\"https:\\\/\\\/ecosupplements.be\\\/wp-content\\\/uploads\\\/2022\\\/06\\\/ecosupplement-family.png\",\"contentUrl\":\"https:\\\/\\\/ecosupplements.be\\\/wp-content\\\/uploads\\\/2022\\\/06\\\/ecosupplement-family.png\",\"width\":593,\"height\":374,\"caption\":\"Eco Supplements\"},\"image\":{\"@id\":\"https:\\\/\\\/ecosupplements.be\\\/fr\\\/#\\\/schema\\\/logo\\\/image\\\/\"}}]}<\/script>\n<meta property=\"product:brand\" content=\"Osavi\" \/>\n<meta property=\"product:price:amount\" content=\"19.20\" \/>\n<meta property=\"product:price:currency\" content=\"EUR\" \/>\n<meta property=\"og:availability\" content=\"instock\" \/>\n<meta property=\"product:availability\" content=\"instock\" \/>\n<meta property=\"product:retailer_item_id\" content=\"5904139922873\" \/>\n<meta property=\"product:condition\" content=\"new\" \/>\n<!-- \/ Yoast SEO Premium plugin. -->","yoast_head_json":{"title":"Huile de foie de morue norv\u00e9gienne OSAVI, 1000 mg d'Om\u00e9ga 3 - saveur citron-menthe (250 ml \/ 8.5 fl. oz.) - ECO Supplements","description":"Wij hebben een ruime keuze aan producten van Huile de foie de morue norv\u00e9gienne OSAVI, 1000 mg d'Om\u00e9ga 3 - saveur citron-menthe (250 ml \/ 8.5 fl. oz.) . Winkel bij Eco Supplements altijd gratis verzending boven 100\u20ac","robots":{"index":"index","follow":"follow","max-snippet":"max-snippet:-1","max-image-preview":"max-image-preview:large","max-video-preview":"max-video-preview:-1"},"canonical":"https:\/\/ecosupplements.be\/fr\/produit\/osavi-norwegian-cod-liver-oil-1000-mg-omega-3-lemon-mint-flavor-250-ml-8-5-fl-oz\/","og_locale":"fr_FR","og_type":"article","og_title":"Huile de foie de morue norv\u00e9gienne OSAVI, 1000 mg d'Om\u00e9ga 3 - saveur citron-menthe (250 ml \/ 8.5 fl. oz.)","og_description":"Wij hebben een ruime keuze aan producten van Huile de foie de morue norv\u00e9gienne OSAVI, 1000 mg d'Om\u00e9ga 3 - saveur citron-menthe (250 ml \/ 8.5 fl. oz.) . Winkel bij Eco Supplements altijd gratis verzending boven 100\u20ac","og_url":"https:\/\/ecosupplements.be\/fr\/produit\/osavi-norwegian-cod-liver-oil-1000-mg-omega-3-lemon-mint-flavor-250-ml-8-5-fl-oz\/","og_site_name":"ECO Supplements","article_modified_time":"2025-08-28T02:37:24+00:00","og_image":[{"width":817,"height":1000,"url":"https:\/\/ecosupplements.be\/wp-content\/uploads\/2025\/08\/Osavi-OSAVI-Norwegian-Cod-Liver-Oil-1000-mg-Omega-3-lemon-mint-flavor-250-ml-8.5-fl.-oz.jpg","type":"image\/jpeg"}],"twitter_card":"summary_large_image","twitter_misc":{"Prix":"19.20&nbsp;&euro;","Disponibilit\u00e9":"En stock"},"schema":{"@context":"https:\/\/schema.org","@graph":[{"@type":["WebPage","ItemPage"],"@id":"https:\/\/ecosupplements.be\/fr\/produit\/osavi-norwegian-cod-liver-oil-1000-mg-omega-3-lemon-mint-flavor-250-ml-8-5-fl-oz\/","url":"https:\/\/ecosupplements.be\/fr\/produit\/osavi-norwegian-cod-liver-oil-1000-mg-omega-3-lemon-mint-flavor-250-ml-8-5-fl-oz\/","name":"Huile de foie de morue norv\u00e9gienne OSAVI, 1000 mg d'Om\u00e9ga 3 - saveur citron-menthe (250 ml \/ 8.5 fl. oz.) - ECO Supplements","isPartOf":{"@id":"https:\/\/ecosupplements.be\/fr\/#website"},"primaryImageOfPage":{"@id":"https:\/\/ecosupplements.be\/fr\/produit\/osavi-norwegian-cod-liver-oil-1000-mg-omega-3-lemon-mint-flavor-250-ml-8-5-fl-oz\/#primaryimage"},"image":{"@id":"https:\/\/ecosupplements.be\/fr\/produit\/osavi-norwegian-cod-liver-oil-1000-mg-omega-3-lemon-mint-flavor-250-ml-8-5-fl-oz\/#primaryimage"},"thumbnailUrl":"https:\/\/ecosupplements.be\/wp-content\/uploads\/2025\/08\/OSAVI-Norwegian-Cod-Liver-Oil-1000-mg-Omega-3-lemon-mint-flavor-250-ml-8.5-fl.-oz.jpg","datePublished":"2025-07-26T08:30:20+00:00","dateModified":"2025-08-28T02:37:24+00:00","description":"Wij hebben een ruime keuze aan producten van Huile de foie de morue norv\u00e9gienne OSAVI, 1000 mg d'Om\u00e9ga 3 - saveur citron-menthe (250 ml \/ 8.5 fl. oz.) . Winkel bij Eco Supplements altijd gratis verzending boven 100\u20ac","breadcrumb":{"@id":"https:\/\/ecosupplements.be\/fr\/produit\/osavi-norwegian-cod-liver-oil-1000-mg-omega-3-lemon-mint-flavor-250-ml-8-5-fl-oz\/#breadcrumb"},"inLanguage":"fr-FR","potentialAction":[{"@type":"ReadAction","target":["https:\/\/ecosupplements.be\/fr\/produit\/osavi-norwegian-cod-liver-oil-1000-mg-omega-3-lemon-mint-flavor-250-ml-8-5-fl-oz\/"]}]},{"@type":"ImageObject","inLanguage":"fr-FR","@id":"https:\/\/ecosupplements.be\/fr\/produit\/osavi-norwegian-cod-liver-oil-1000-mg-omega-3-lemon-mint-flavor-250-ml-8-5-fl-oz\/#primaryimage","url":"https:\/\/ecosupplements.be\/wp-content\/uploads\/2025\/08\/OSAVI-Norwegian-Cod-Liver-Oil-1000-mg-Omega-3-lemon-mint-flavor-250-ml-8.5-fl.-oz.jpg","contentUrl":"https:\/\/ecosupplements.be\/wp-content\/uploads\/2025\/08\/OSAVI-Norwegian-Cod-Liver-Oil-1000-mg-Omega-3-lemon-mint-flavor-250-ml-8.5-fl.-oz.jpg","width":817,"height":1000},{"@type":"BreadcrumbList","@id":"https:\/\/ecosupplements.be\/fr\/produit\/osavi-norwegian-cod-liver-oil-1000-mg-omega-3-lemon-mint-flavor-250-ml-8-5-fl-oz\/#breadcrumb","itemListElement":[{"@type":"ListItem","position":1,"name":"Home","item":"https:\/\/ecosupplements.be\/fr\/"},{"@type":"ListItem","position":2,"name":"Boutique","item":"https:\/\/ecosupplements.be\/fr\/boutique\/"},{"@type":"ListItem","position":3,"name":"Huile de foie de morue norv\u00e9gienne OSAVI, 1000 mg d&#8217;Om\u00e9ga 3 &#8211; saveur citron-menthe (250 ml \/ 8.5 fl. oz.)"}]},{"@type":"WebSite","@id":"https:\/\/ecosupplements.be\/fr\/#website","url":"https:\/\/ecosupplements.be\/fr\/","name":"ECO Supplements","description":"Eco Supplements - Gezonde supplementen","publisher":{"@id":"https:\/\/ecosupplements.be\/fr\/#organization"},"potentialAction":[{"@type":"SearchAction","target":{"@type":"EntryPoint","urlTemplate":"https:\/\/ecosupplements.be\/fr\/?s={search_term_string}"},"query-input":{"@type":"PropertyValueSpecification","valueRequired":true,"valueName":"search_term_string"}}],"inLanguage":"fr-FR"},{"@type":"Organization","@id":"https:\/\/ecosupplements.be\/fr\/#organization","name":"Eco Supplements","url":"https:\/\/ecosupplements.be\/fr\/","logo":{"@type":"ImageObject","inLanguage":"fr-FR","@id":"https:\/\/ecosupplements.be\/fr\/#\/schema\/logo\/image\/","url":"https:\/\/ecosupplements.be\/wp-content\/uploads\/2022\/06\/ecosupplement-family.png","contentUrl":"https:\/\/ecosupplements.be\/wp-content\/uploads\/2022\/06\/ecosupplement-family.png","width":593,"height":374,"caption":"Eco Supplements"},"image":{"@id":"https:\/\/ecosupplements.be\/fr\/#\/schema\/logo\/image\/"}}]},"product_brand":"Osavi","product_price_amount":"19.20","product_price_currency":"EUR","og_availability":"instock","product_availability":"instock","product_retailer_item_id":"5904139922873","product_condition":"new"},"_links":{"self":[{"href":"https:\/\/ecosupplements.be\/fr\/wp-json\/wp\/v2\/product\/302421","targetHints":{"allow":["GET"]}}],"collection":[{"href":"https:\/\/ecosupplements.be\/fr\/wp-json\/wp\/v2\/product"}],"about":[{"href":"https:\/\/ecosupplements.be\/fr\/wp-json\/wp\/v2\/types\/product"}],"replies":[{"embeddable":true,"href":"https:\/\/ecosupplements.be\/fr\/wp-json\/wp\/v2\/comments?post=302421"}],"wp:featuredmedia":[{"embeddable":true,"href":"https:\/\/ecosupplements.be\/fr\/wp-json\/wp\/v2\/media\/276561"}],"wp:attachment":[{"href":"https:\/\/ecosupplements.be\/fr\/wp-json\/wp\/v2\/media?parent=302421"}],"wp:term":[{"taxonomy":"product_brand","embeddable":true,"href":"https:\/\/ecosupplements.be\/fr\/wp-json\/wp\/v2\/product_brand?post=302421"},{"taxonomy":"product_cat","embeddable":true,"href":"https:\/\/ecosupplements.be\/fr\/wp-json\/wp\/v2\/product_cat?post=302421"},{"taxonomy":"product_tag","embeddable":true,"href":"https:\/\/ecosupplements.be\/fr\/wp-json\/wp\/v2\/product_tag?post=302421"}],"curies":[{"name":"wp","href":"https:\/\/api.w.org\/{rel}","templated":true}]}}