{"id":302433,"date":"2025-07-26T09:31:18","date_gmt":"2025-07-26T08:31:18","guid":{"rendered":"https:\/\/ecosupplements.be\/product\/osavi-norwegian-cod-liver-oil-for-kids-500-mg-lemon-flavor-500-ml-16-9-fl-oz\/"},"modified":"2025-08-28T03:37:38","modified_gmt":"2025-08-28T02:37:38","slug":"osavi-norwegian-cod-liver-oil-for-kids-500-mg-lemon-flavor-500-ml-16-9-fl-oz","status":"publish","type":"product","link":"https:\/\/ecosupplements.be\/fr\/produit\/osavi-norwegian-cod-liver-oil-for-kids-500-mg-lemon-flavor-500-ml-16-9-fl-oz\/","title":{"rendered":"Huile de foie de morue norv\u00e9gienne pour enfants, 500 mg &#8211; saveur citron (500 ml \/ 16.9 fl. oz.)"},"content":{"rendered":"<p><strong>Nom du produit :<\/strong> OSAVI Norwegian Cod Liver Oil for Kids,500 mg &#8211; saveur citron (500 ml \/ 16.9 fl. oz.)<\/p>\n<p><strong>Description :<\/strong> D\u00e9couvrez notre huile de foie de morue norv\u00e9gienne, sp\u00e9cialement con\u00e7ue pour \u00eatre int\u00e9gr\u00e9e dans le quotidien. Avec son agr\u00e9able ar\u00f4me naturel de citron, ce produit est un choix parfait pour ceux qui appr\u00e9cient les ingr\u00e9dients naturels.<\/p>\n<p><strong>Ingr\u00e9dients principaux :<\/strong> Huile de foie de morue, ar\u00f4me naturel de citron, vitamine A (palmitate de r\u00e9tinyle), antioxydant : m\u00e9lange de tocoph\u00e9rols.<\/p>\n<p>Cette huile est obtenue \u00e0 partir des foies frais et purs des morues p\u00each\u00e9es dans les eaux froides norv\u00e9giennes, reconnues pour leur grande puret\u00e9.<\/p>\n<p><strong>Contenu et emballage :<\/strong> chaque bouteille contient 500 ml d&#8217;huile. Le packaging pratique assure une utilisation facile et une conservation optimale du produit.<\/p>\n<p><strong>Utilisation recommand\u00e9e :<\/strong> une demi-cuill\u00e8re \u00e0 caf\u00e9 (2,5 ml) pendant ou apr\u00e8s le repas est suffisante pour int\u00e9grer ce produit dans l&#8217;alimentation quotidienne.<\/p>\n<p>Ce compl\u00e9ment alimentaire s&#8217;int\u00e8gre harmonieusement \u00e0 un mode de vie \u00e9quilibr\u00e9 sans pr\u00e9tendre remplacer une alimentation vari\u00e9e et \u00e9quilibr\u00e9e ni un mode de vie sain.<\/p>\n<p><em>Note : Il est conseill\u00e9 aux femmes enceintes ou allaitantes ainsi qu&#8217;aux personnes ayant des allergies sp\u00e9cifiques aux composants du produit d&#8217;en discuter avec un professionnel avant utilisation.Ne pas d\u00e9passer la dose journali\u00e8re recommand\u00e9e.<\/em><\/p>\n","protected":false},"excerpt":{"rendered":"<p>Nom du produit : OSAVI Norwegian Cod Liver Oil for Kids,500 mg &#8211; saveur citron (500 ml \/ 16.9 fl. oz.) Description : D\u00e9couvrez notre huile de foie de morue norv\u00e9gienne, sp\u00e9cialement con\u00e7ue pour \u00eatre int\u00e9gr\u00e9e dans le quotidien. Avec son agr\u00e9able ar\u00f4me naturel de citron, ce produit est un choix parfait pour ceux qui [&#8230;]\n","protected":false},"featured_media":276573,"comment_status":"closed","ping_status":"open","template":"","meta":[],"product_brand":[4756],"product_cat":[5082,5053],"product_tag":[],"class_list":{"0":"post-302433","1":"product","2":"type-product","3":"status-publish","4":"has-post-thumbnail","6":"product_brand-osavi-2","7":"product_cat-omegas-efa-cla-huiles","8":"product_cat-vitamines-et-mineraux","10":"first","11":"instock","12":"taxable","13":"shipping-taxable","14":"purchasable","15":"product-type-simple"},"yoast_head":"<!-- This site is optimized with the Yoast SEO Premium plugin v27.3 (Yoast SEO v27.3) - https:\/\/yoast.com\/product\/yoast-seo-premium-wordpress\/ -->\n<title>Huile de foie de morue norv\u00e9gienne pour enfants, 500 mg - saveur citron (500 ml \/ 16.9 fl. oz.) - ECO Supplements<\/title>\n<meta name=\"description\" content=\"Wij hebben een ruime keuze aan producten van Huile de foie de morue norv\u00e9gienne pour enfants, 500 mg - saveur citron (500 ml \/ 16.9 fl. oz.) . Winkel bij Eco Supplements altijd gratis verzending boven 100\u20ac\" \/>\n<meta name=\"robots\" content=\"index, follow, max-snippet:-1, max-image-preview:large, max-video-preview:-1\" \/>\n<link rel=\"canonical\" href=\"https:\/\/ecosupplements.be\/fr\/produit\/osavi-norwegian-cod-liver-oil-for-kids-500-mg-lemon-flavor-500-ml-16-9-fl-oz\/\" \/>\n<meta property=\"og:locale\" content=\"fr_FR\" \/>\n<meta property=\"og:type\" content=\"article\" \/>\n<meta property=\"og:title\" content=\"Huile de foie de morue norv\u00e9gienne pour enfants, 500 mg - saveur citron (500 ml \/ 16.9 fl. oz.)\" \/>\n<meta property=\"og:description\" content=\"Wij hebben een ruime keuze aan producten van Huile de foie de morue norv\u00e9gienne pour enfants, 500 mg - saveur citron (500 ml \/ 16.9 fl. oz.) . Winkel bij Eco Supplements altijd gratis verzending boven 100\u20ac\" \/>\n<meta property=\"og:url\" content=\"https:\/\/ecosupplements.be\/fr\/produit\/osavi-norwegian-cod-liver-oil-for-kids-500-mg-lemon-flavor-500-ml-16-9-fl-oz\/\" \/>\n<meta property=\"og:site_name\" content=\"ECO Supplements\" \/>\n<meta property=\"article:modified_time\" content=\"2025-08-28T02:37:38+00:00\" \/>\n<meta property=\"og:image\" content=\"https:\/\/ecosupplements.be\/wp-content\/uploads\/2025\/08\/Osavi-OSAVI-Norwegian-Cod-Liver-Oil-for-Kids-500-mg-lemon-flavor-500-ml-16.9-fl.-oz.jpg\" \/>\n\t<meta property=\"og:image:width\" content=\"896\" \/>\n\t<meta property=\"og:image:height\" content=\"1000\" \/>\n\t<meta property=\"og:image:type\" content=\"image\/jpeg\" \/>\n<meta name=\"twitter:card\" content=\"summary_large_image\" \/>\n<meta name=\"twitter:label1\" content=\"Prix\" \/>\n\t<meta name=\"twitter:data1\" content=\"29.95&nbsp;&euro;\" \/>\n\t<meta name=\"twitter:label2\" content=\"Disponibilit\u00e9\" \/>\n\t<meta name=\"twitter:data2\" content=\"En stock\" \/>\n<script type=\"application\/ld+json\" class=\"yoast-schema-graph\">{\"@context\":\"https:\\\/\\\/schema.org\",\"@graph\":[{\"@type\":[\"WebPage\",\"ItemPage\"],\"@id\":\"https:\\\/\\\/ecosupplements.be\\\/fr\\\/produit\\\/osavi-norwegian-cod-liver-oil-for-kids-500-mg-lemon-flavor-500-ml-16-9-fl-oz\\\/\",\"url\":\"https:\\\/\\\/ecosupplements.be\\\/fr\\\/produit\\\/osavi-norwegian-cod-liver-oil-for-kids-500-mg-lemon-flavor-500-ml-16-9-fl-oz\\\/\",\"name\":\"Huile de foie de morue norv\u00e9gienne pour enfants, 500 mg - saveur citron (500 ml \\\/ 16.9 fl. oz.) - ECO Supplements\",\"isPartOf\":{\"@id\":\"https:\\\/\\\/ecosupplements.be\\\/fr\\\/#website\"},\"primaryImageOfPage\":{\"@id\":\"https:\\\/\\\/ecosupplements.be\\\/fr\\\/produit\\\/osavi-norwegian-cod-liver-oil-for-kids-500-mg-lemon-flavor-500-ml-16-9-fl-oz\\\/#primaryimage\"},\"image\":{\"@id\":\"https:\\\/\\\/ecosupplements.be\\\/fr\\\/produit\\\/osavi-norwegian-cod-liver-oil-for-kids-500-mg-lemon-flavor-500-ml-16-9-fl-oz\\\/#primaryimage\"},\"thumbnailUrl\":\"https:\\\/\\\/ecosupplements.be\\\/wp-content\\\/uploads\\\/2025\\\/08\\\/OSAVI-Norwegian-Cod-Liver-Oil-for-Kids-500-mg-lemon-flavor-500-ml-16.9-fl.-oz.jpg\",\"datePublished\":\"2025-07-26T08:31:18+00:00\",\"dateModified\":\"2025-08-28T02:37:38+00:00\",\"description\":\"Wij hebben een ruime keuze aan producten van Huile de foie de morue norv\u00e9gienne pour enfants, 500 mg - saveur citron (500 ml \\\/ 16.9 fl. oz.) . Winkel bij Eco Supplements altijd gratis verzending boven 100\u20ac\",\"breadcrumb\":{\"@id\":\"https:\\\/\\\/ecosupplements.be\\\/fr\\\/produit\\\/osavi-norwegian-cod-liver-oil-for-kids-500-mg-lemon-flavor-500-ml-16-9-fl-oz\\\/#breadcrumb\"},\"inLanguage\":\"fr-FR\",\"potentialAction\":[{\"@type\":\"ReadAction\",\"target\":[\"https:\\\/\\\/ecosupplements.be\\\/fr\\\/produit\\\/osavi-norwegian-cod-liver-oil-for-kids-500-mg-lemon-flavor-500-ml-16-9-fl-oz\\\/\"]}]},{\"@type\":\"ImageObject\",\"inLanguage\":\"fr-FR\",\"@id\":\"https:\\\/\\\/ecosupplements.be\\\/fr\\\/produit\\\/osavi-norwegian-cod-liver-oil-for-kids-500-mg-lemon-flavor-500-ml-16-9-fl-oz\\\/#primaryimage\",\"url\":\"https:\\\/\\\/ecosupplements.be\\\/wp-content\\\/uploads\\\/2025\\\/08\\\/OSAVI-Norwegian-Cod-Liver-Oil-for-Kids-500-mg-lemon-flavor-500-ml-16.9-fl.-oz.jpg\",\"contentUrl\":\"https:\\\/\\\/ecosupplements.be\\\/wp-content\\\/uploads\\\/2025\\\/08\\\/OSAVI-Norwegian-Cod-Liver-Oil-for-Kids-500-mg-lemon-flavor-500-ml-16.9-fl.-oz.jpg\",\"width\":896,\"height\":1000},{\"@type\":\"BreadcrumbList\",\"@id\":\"https:\\\/\\\/ecosupplements.be\\\/fr\\\/produit\\\/osavi-norwegian-cod-liver-oil-for-kids-500-mg-lemon-flavor-500-ml-16-9-fl-oz\\\/#breadcrumb\",\"itemListElement\":[{\"@type\":\"ListItem\",\"position\":1,\"name\":\"Home\",\"item\":\"https:\\\/\\\/ecosupplements.be\\\/fr\\\/\"},{\"@type\":\"ListItem\",\"position\":2,\"name\":\"Boutique\",\"item\":\"https:\\\/\\\/ecosupplements.be\\\/fr\\\/boutique\\\/\"},{\"@type\":\"ListItem\",\"position\":3,\"name\":\"Huile de foie de morue norv\u00e9gienne pour enfants, 500 mg &#8211; saveur citron (500 ml \\\/ 16.9 fl. oz.)\"}]},{\"@type\":\"WebSite\",\"@id\":\"https:\\\/\\\/ecosupplements.be\\\/fr\\\/#website\",\"url\":\"https:\\\/\\\/ecosupplements.be\\\/fr\\\/\",\"name\":\"ECO Supplements\",\"description\":\"Eco Supplements - Gezonde supplementen\",\"publisher\":{\"@id\":\"https:\\\/\\\/ecosupplements.be\\\/fr\\\/#organization\"},\"potentialAction\":[{\"@type\":\"SearchAction\",\"target\":{\"@type\":\"EntryPoint\",\"urlTemplate\":\"https:\\\/\\\/ecosupplements.be\\\/fr\\\/?s={search_term_string}\"},\"query-input\":{\"@type\":\"PropertyValueSpecification\",\"valueRequired\":true,\"valueName\":\"search_term_string\"}}],\"inLanguage\":\"fr-FR\"},{\"@type\":\"Organization\",\"@id\":\"https:\\\/\\\/ecosupplements.be\\\/fr\\\/#organization\",\"name\":\"Eco Supplements\",\"url\":\"https:\\\/\\\/ecosupplements.be\\\/fr\\\/\",\"logo\":{\"@type\":\"ImageObject\",\"inLanguage\":\"fr-FR\",\"@id\":\"https:\\\/\\\/ecosupplements.be\\\/fr\\\/#\\\/schema\\\/logo\\\/image\\\/\",\"url\":\"https:\\\/\\\/ecosupplements.be\\\/wp-content\\\/uploads\\\/2022\\\/06\\\/ecosupplement-family.png\",\"contentUrl\":\"https:\\\/\\\/ecosupplements.be\\\/wp-content\\\/uploads\\\/2022\\\/06\\\/ecosupplement-family.png\",\"width\":593,\"height\":374,\"caption\":\"Eco Supplements\"},\"image\":{\"@id\":\"https:\\\/\\\/ecosupplements.be\\\/fr\\\/#\\\/schema\\\/logo\\\/image\\\/\"}}]}<\/script>\n<meta property=\"product:brand\" content=\"Osavi\" \/>\n<meta property=\"product:price:amount\" content=\"29.95\" \/>\n<meta property=\"product:price:currency\" content=\"EUR\" \/>\n<meta property=\"og:availability\" content=\"instock\" \/>\n<meta property=\"product:availability\" content=\"instock\" \/>\n<meta property=\"product:retailer_item_id\" content=\"5904139922910\" \/>\n<meta property=\"product:condition\" content=\"new\" \/>\n<!-- \/ Yoast SEO Premium plugin. -->","yoast_head_json":{"title":"Huile de foie de morue norv\u00e9gienne pour enfants, 500 mg - saveur citron (500 ml \/ 16.9 fl. oz.) - ECO Supplements","description":"Wij hebben een ruime keuze aan producten van Huile de foie de morue norv\u00e9gienne pour enfants, 500 mg - saveur citron (500 ml \/ 16.9 fl. oz.) . Winkel bij Eco Supplements altijd gratis verzending boven 100\u20ac","robots":{"index":"index","follow":"follow","max-snippet":"max-snippet:-1","max-image-preview":"max-image-preview:large","max-video-preview":"max-video-preview:-1"},"canonical":"https:\/\/ecosupplements.be\/fr\/produit\/osavi-norwegian-cod-liver-oil-for-kids-500-mg-lemon-flavor-500-ml-16-9-fl-oz\/","og_locale":"fr_FR","og_type":"article","og_title":"Huile de foie de morue norv\u00e9gienne pour enfants, 500 mg - saveur citron (500 ml \/ 16.9 fl. oz.)","og_description":"Wij hebben een ruime keuze aan producten van Huile de foie de morue norv\u00e9gienne pour enfants, 500 mg - saveur citron (500 ml \/ 16.9 fl. oz.) . Winkel bij Eco Supplements altijd gratis verzending boven 100\u20ac","og_url":"https:\/\/ecosupplements.be\/fr\/produit\/osavi-norwegian-cod-liver-oil-for-kids-500-mg-lemon-flavor-500-ml-16-9-fl-oz\/","og_site_name":"ECO Supplements","article_modified_time":"2025-08-28T02:37:38+00:00","og_image":[{"width":896,"height":1000,"url":"https:\/\/ecosupplements.be\/wp-content\/uploads\/2025\/08\/Osavi-OSAVI-Norwegian-Cod-Liver-Oil-for-Kids-500-mg-lemon-flavor-500-ml-16.9-fl.-oz.jpg","type":"image\/jpeg"}],"twitter_card":"summary_large_image","twitter_misc":{"Prix":"29.95&nbsp;&euro;","Disponibilit\u00e9":"En stock"},"schema":{"@context":"https:\/\/schema.org","@graph":[{"@type":["WebPage","ItemPage"],"@id":"https:\/\/ecosupplements.be\/fr\/produit\/osavi-norwegian-cod-liver-oil-for-kids-500-mg-lemon-flavor-500-ml-16-9-fl-oz\/","url":"https:\/\/ecosupplements.be\/fr\/produit\/osavi-norwegian-cod-liver-oil-for-kids-500-mg-lemon-flavor-500-ml-16-9-fl-oz\/","name":"Huile de foie de morue norv\u00e9gienne pour enfants, 500 mg - saveur citron (500 ml \/ 16.9 fl. oz.) - ECO Supplements","isPartOf":{"@id":"https:\/\/ecosupplements.be\/fr\/#website"},"primaryImageOfPage":{"@id":"https:\/\/ecosupplements.be\/fr\/produit\/osavi-norwegian-cod-liver-oil-for-kids-500-mg-lemon-flavor-500-ml-16-9-fl-oz\/#primaryimage"},"image":{"@id":"https:\/\/ecosupplements.be\/fr\/produit\/osavi-norwegian-cod-liver-oil-for-kids-500-mg-lemon-flavor-500-ml-16-9-fl-oz\/#primaryimage"},"thumbnailUrl":"https:\/\/ecosupplements.be\/wp-content\/uploads\/2025\/08\/OSAVI-Norwegian-Cod-Liver-Oil-for-Kids-500-mg-lemon-flavor-500-ml-16.9-fl.-oz.jpg","datePublished":"2025-07-26T08:31:18+00:00","dateModified":"2025-08-28T02:37:38+00:00","description":"Wij hebben een ruime keuze aan producten van Huile de foie de morue norv\u00e9gienne pour enfants, 500 mg - saveur citron (500 ml \/ 16.9 fl. oz.) . Winkel bij Eco Supplements altijd gratis verzending boven 100\u20ac","breadcrumb":{"@id":"https:\/\/ecosupplements.be\/fr\/produit\/osavi-norwegian-cod-liver-oil-for-kids-500-mg-lemon-flavor-500-ml-16-9-fl-oz\/#breadcrumb"},"inLanguage":"fr-FR","potentialAction":[{"@type":"ReadAction","target":["https:\/\/ecosupplements.be\/fr\/produit\/osavi-norwegian-cod-liver-oil-for-kids-500-mg-lemon-flavor-500-ml-16-9-fl-oz\/"]}]},{"@type":"ImageObject","inLanguage":"fr-FR","@id":"https:\/\/ecosupplements.be\/fr\/produit\/osavi-norwegian-cod-liver-oil-for-kids-500-mg-lemon-flavor-500-ml-16-9-fl-oz\/#primaryimage","url":"https:\/\/ecosupplements.be\/wp-content\/uploads\/2025\/08\/OSAVI-Norwegian-Cod-Liver-Oil-for-Kids-500-mg-lemon-flavor-500-ml-16.9-fl.-oz.jpg","contentUrl":"https:\/\/ecosupplements.be\/wp-content\/uploads\/2025\/08\/OSAVI-Norwegian-Cod-Liver-Oil-for-Kids-500-mg-lemon-flavor-500-ml-16.9-fl.-oz.jpg","width":896,"height":1000},{"@type":"BreadcrumbList","@id":"https:\/\/ecosupplements.be\/fr\/produit\/osavi-norwegian-cod-liver-oil-for-kids-500-mg-lemon-flavor-500-ml-16-9-fl-oz\/#breadcrumb","itemListElement":[{"@type":"ListItem","position":1,"name":"Home","item":"https:\/\/ecosupplements.be\/fr\/"},{"@type":"ListItem","position":2,"name":"Boutique","item":"https:\/\/ecosupplements.be\/fr\/boutique\/"},{"@type":"ListItem","position":3,"name":"Huile de foie de morue norv\u00e9gienne pour enfants, 500 mg &#8211; saveur citron (500 ml \/ 16.9 fl. oz.)"}]},{"@type":"WebSite","@id":"https:\/\/ecosupplements.be\/fr\/#website","url":"https:\/\/ecosupplements.be\/fr\/","name":"ECO Supplements","description":"Eco Supplements - Gezonde supplementen","publisher":{"@id":"https:\/\/ecosupplements.be\/fr\/#organization"},"potentialAction":[{"@type":"SearchAction","target":{"@type":"EntryPoint","urlTemplate":"https:\/\/ecosupplements.be\/fr\/?s={search_term_string}"},"query-input":{"@type":"PropertyValueSpecification","valueRequired":true,"valueName":"search_term_string"}}],"inLanguage":"fr-FR"},{"@type":"Organization","@id":"https:\/\/ecosupplements.be\/fr\/#organization","name":"Eco Supplements","url":"https:\/\/ecosupplements.be\/fr\/","logo":{"@type":"ImageObject","inLanguage":"fr-FR","@id":"https:\/\/ecosupplements.be\/fr\/#\/schema\/logo\/image\/","url":"https:\/\/ecosupplements.be\/wp-content\/uploads\/2022\/06\/ecosupplement-family.png","contentUrl":"https:\/\/ecosupplements.be\/wp-content\/uploads\/2022\/06\/ecosupplement-family.png","width":593,"height":374,"caption":"Eco Supplements"},"image":{"@id":"https:\/\/ecosupplements.be\/fr\/#\/schema\/logo\/image\/"}}]},"product_brand":"Osavi","product_price_amount":"29.95","product_price_currency":"EUR","og_availability":"instock","product_availability":"instock","product_retailer_item_id":"5904139922910","product_condition":"new"},"_links":{"self":[{"href":"https:\/\/ecosupplements.be\/fr\/wp-json\/wp\/v2\/product\/302433","targetHints":{"allow":["GET"]}}],"collection":[{"href":"https:\/\/ecosupplements.be\/fr\/wp-json\/wp\/v2\/product"}],"about":[{"href":"https:\/\/ecosupplements.be\/fr\/wp-json\/wp\/v2\/types\/product"}],"replies":[{"embeddable":true,"href":"https:\/\/ecosupplements.be\/fr\/wp-json\/wp\/v2\/comments?post=302433"}],"wp:featuredmedia":[{"embeddable":true,"href":"https:\/\/ecosupplements.be\/fr\/wp-json\/wp\/v2\/media\/276573"}],"wp:attachment":[{"href":"https:\/\/ecosupplements.be\/fr\/wp-json\/wp\/v2\/media?parent=302433"}],"wp:term":[{"taxonomy":"product_brand","embeddable":true,"href":"https:\/\/ecosupplements.be\/fr\/wp-json\/wp\/v2\/product_brand?post=302433"},{"taxonomy":"product_cat","embeddable":true,"href":"https:\/\/ecosupplements.be\/fr\/wp-json\/wp\/v2\/product_cat?post=302433"},{"taxonomy":"product_tag","embeddable":true,"href":"https:\/\/ecosupplements.be\/fr\/wp-json\/wp\/v2\/product_tag?post=302433"}],"curies":[{"name":"wp","href":"https:\/\/api.w.org\/{rel}","templated":true}]}}