{"id":302463,"date":"2025-07-26T09:46:06","date_gmt":"2025-07-26T08:46:06","guid":{"rendered":"https:\/\/ecosupplements.be\/product\/osavi-vitamin-b6-p-5p-30-mg-60-vcaps\/"},"modified":"2025-08-28T03:38:13","modified_gmt":"2025-08-28T02:38:13","slug":"osavi-vitamin-b6-p-5p-30-mg-60-vcaps","status":"publish","type":"product","link":"https:\/\/ecosupplements.be\/fr\/produit\/osavi-vitamin-b6-p-5p-30-mg-60-vcaps\/","title":{"rendered":"Vitamine B6 OSAVI, P-5P 30 mg (60 g\u00e9lules v\u00e9g\u00e9tales)"},"content":{"rendered":"<p><strong>Nom du produit :<\/strong> OSAVI Vitamin B6, P-5P 30 mg (60 vcaps)<\/p>\n<p><strong>Description :<\/strong> D\u00e9couvrez notre compl\u00e9ment \u00e0 base de vitamine B6 sous forme de P-5P, con\u00e7u pour s&#8217;int\u00e9grer harmonieusement \u00e0 votre quotidien. chaque capsule est pr\u00e9par\u00e9e avec soin pour maintenir la puret\u00e9 et l&#8217;origine naturelle des ingr\u00e9dients.<\/p>\n<p><strong>Ingr\u00e9dients principaux :<\/strong> Inuline, enveloppe de capsule (hydroxypropylm\u00e9thylcellulose), 5\u2032-phosphate pyridoxal (P-5-P).<\/p>\n<p><strong>Contenu et emballage :<\/strong> Ce produit est pr\u00e9sent\u00e9 dans un emballage contenant 60 capsules v\u00e9g\u00e9tariennes.<\/p>\n<p><strong>Utilisation recommand\u00e9e :<\/strong> Pour une utilisation optimale, il est conseill\u00e9 d&#8217;avaler une capsule par jour avec un verre d&#8217;eau, de pr\u00e9f\u00e9rence le matin.<\/p>\n<p><strong>caract\u00e9ristiques pratiques :<\/strong> Les capsules sont faciles \u00e0 avaler et con\u00e7ues pour \u00eatre int\u00e9gr\u00e9es simplement dans votre routine quotidienne. Le format pratique permet de les transporter ais\u00e9ment o\u00f9 que vous alliez.<\/p>\n<p>Ce produit est un choix parfait pour ceux qui appr\u00e9cient les ingr\u00e9dients naturels dans un mode de vie actif et \u00e9quilibr\u00e9. Il se marie bien avec une alimentation vari\u00e9e et un style de vie dynamique.<\/p>\n","protected":false},"excerpt":{"rendered":"<p>Nom du produit : OSAVI Vitamin B6, P-5P 30 mg (60 vcaps) Description : D\u00e9couvrez notre compl\u00e9ment \u00e0 base de vitamine B6 sous forme de P-5P, con\u00e7u pour s&#8217;int\u00e9grer harmonieusement \u00e0 votre quotidien. chaque capsule est pr\u00e9par\u00e9e avec soin pour maintenir la puret\u00e9 et l&#8217;origine naturelle des ingr\u00e9dients. Ingr\u00e9dients principaux : Inuline, enveloppe de capsule [&#8230;]\n","protected":false},"featured_media":276603,"comment_status":"closed","ping_status":"open","template":"","meta":[],"product_brand":[4756],"product_cat":[5053],"product_tag":[],"class_list":{"0":"post-302463","1":"product","2":"type-product","3":"status-publish","4":"has-post-thumbnail","6":"product_brand-osavi-2","7":"product_cat-vitamines-et-mineraux","9":"first","10":"instock","11":"taxable","12":"shipping-taxable","13":"purchasable","14":"product-type-simple"},"yoast_head":"<!-- This site is optimized with the Yoast SEO Premium plugin v27.3 (Yoast SEO v27.3) - https:\/\/yoast.com\/product\/yoast-seo-premium-wordpress\/ -->\n<title>Vitamine B6 OSAVI, P-5P 30 mg (60 g\u00e9lules v\u00e9g\u00e9tales) - ECO Supplements<\/title>\n<meta name=\"description\" content=\"Wij hebben een ruime keuze aan producten van Vitamine B6 OSAVI, P-5P 30 mg (60 g\u00e9lules v\u00e9g\u00e9tales) . Winkel bij Eco Supplements altijd gratis verzending boven 100\u20ac\" \/>\n<meta name=\"robots\" content=\"index, follow, max-snippet:-1, max-image-preview:large, max-video-preview:-1\" \/>\n<link rel=\"canonical\" href=\"https:\/\/ecosupplements.be\/fr\/produit\/osavi-vitamin-b6-p-5p-30-mg-60-vcaps\/\" \/>\n<meta property=\"og:locale\" content=\"fr_FR\" \/>\n<meta property=\"og:type\" content=\"article\" \/>\n<meta property=\"og:title\" content=\"Vitamine B6 OSAVI, P-5P 30 mg (60 g\u00e9lules v\u00e9g\u00e9tales)\" \/>\n<meta property=\"og:description\" content=\"Wij hebben een ruime keuze aan producten van Vitamine B6 OSAVI, P-5P 30 mg (60 g\u00e9lules v\u00e9g\u00e9tales) . Winkel bij Eco Supplements altijd gratis verzending boven 100\u20ac\" \/>\n<meta property=\"og:url\" content=\"https:\/\/ecosupplements.be\/fr\/produit\/osavi-vitamin-b6-p-5p-30-mg-60-vcaps\/\" \/>\n<meta property=\"og:site_name\" content=\"ECO Supplements\" \/>\n<meta property=\"article:modified_time\" content=\"2025-08-28T02:38:13+00:00\" \/>\n<meta property=\"og:image\" content=\"https:\/\/ecosupplements.be\/wp-content\/uploads\/2025\/08\/Osavi-OSAVI-Vitamin-B6-P-5P-30-mg-60-vcaps.jpg\" \/>\n\t<meta property=\"og:image:width\" content=\"560\" \/>\n\t<meta property=\"og:image:height\" content=\"750\" \/>\n\t<meta property=\"og:image:type\" content=\"image\/jpeg\" \/>\n<meta name=\"twitter:card\" content=\"summary_large_image\" \/>\n<meta name=\"twitter:label1\" content=\"Prix\" \/>\n\t<meta name=\"twitter:data1\" content=\"6.64&nbsp;&euro;\" \/>\n\t<meta name=\"twitter:label2\" content=\"Disponibilit\u00e9\" \/>\n\t<meta name=\"twitter:data2\" content=\"En stock\" \/>\n<script type=\"application\/ld+json\" class=\"yoast-schema-graph\">{\"@context\":\"https:\\\/\\\/schema.org\",\"@graph\":[{\"@type\":[\"WebPage\",\"ItemPage\"],\"@id\":\"https:\\\/\\\/ecosupplements.be\\\/fr\\\/produit\\\/osavi-vitamin-b6-p-5p-30-mg-60-vcaps\\\/\",\"url\":\"https:\\\/\\\/ecosupplements.be\\\/fr\\\/produit\\\/osavi-vitamin-b6-p-5p-30-mg-60-vcaps\\\/\",\"name\":\"Vitamine B6 OSAVI, P-5P 30 mg (60 g\u00e9lules v\u00e9g\u00e9tales) - ECO Supplements\",\"isPartOf\":{\"@id\":\"https:\\\/\\\/ecosupplements.be\\\/fr\\\/#website\"},\"primaryImageOfPage\":{\"@id\":\"https:\\\/\\\/ecosupplements.be\\\/fr\\\/produit\\\/osavi-vitamin-b6-p-5p-30-mg-60-vcaps\\\/#primaryimage\"},\"image\":{\"@id\":\"https:\\\/\\\/ecosupplements.be\\\/fr\\\/produit\\\/osavi-vitamin-b6-p-5p-30-mg-60-vcaps\\\/#primaryimage\"},\"thumbnailUrl\":\"https:\\\/\\\/ecosupplements.be\\\/wp-content\\\/uploads\\\/2025\\\/08\\\/OSAVI-Vitamin-B6-P-5P-30-mg-60-vcaps.jpg\",\"datePublished\":\"2025-07-26T08:46:06+00:00\",\"dateModified\":\"2025-08-28T02:38:13+00:00\",\"description\":\"Wij hebben een ruime keuze aan producten van Vitamine B6 OSAVI, P-5P 30 mg (60 g\u00e9lules v\u00e9g\u00e9tales) . Winkel bij Eco Supplements altijd gratis verzending boven 100\u20ac\",\"breadcrumb\":{\"@id\":\"https:\\\/\\\/ecosupplements.be\\\/fr\\\/produit\\\/osavi-vitamin-b6-p-5p-30-mg-60-vcaps\\\/#breadcrumb\"},\"inLanguage\":\"fr-FR\",\"potentialAction\":[{\"@type\":\"ReadAction\",\"target\":[\"https:\\\/\\\/ecosupplements.be\\\/fr\\\/produit\\\/osavi-vitamin-b6-p-5p-30-mg-60-vcaps\\\/\"]}]},{\"@type\":\"ImageObject\",\"inLanguage\":\"fr-FR\",\"@id\":\"https:\\\/\\\/ecosupplements.be\\\/fr\\\/produit\\\/osavi-vitamin-b6-p-5p-30-mg-60-vcaps\\\/#primaryimage\",\"url\":\"https:\\\/\\\/ecosupplements.be\\\/wp-content\\\/uploads\\\/2025\\\/08\\\/OSAVI-Vitamin-B6-P-5P-30-mg-60-vcaps.jpg\",\"contentUrl\":\"https:\\\/\\\/ecosupplements.be\\\/wp-content\\\/uploads\\\/2025\\\/08\\\/OSAVI-Vitamin-B6-P-5P-30-mg-60-vcaps.jpg\",\"width\":560,\"height\":750},{\"@type\":\"BreadcrumbList\",\"@id\":\"https:\\\/\\\/ecosupplements.be\\\/fr\\\/produit\\\/osavi-vitamin-b6-p-5p-30-mg-60-vcaps\\\/#breadcrumb\",\"itemListElement\":[{\"@type\":\"ListItem\",\"position\":1,\"name\":\"Home\",\"item\":\"https:\\\/\\\/ecosupplements.be\\\/fr\\\/\"},{\"@type\":\"ListItem\",\"position\":2,\"name\":\"Boutique\",\"item\":\"https:\\\/\\\/ecosupplements.be\\\/fr\\\/boutique\\\/\"},{\"@type\":\"ListItem\",\"position\":3,\"name\":\"Vitamine B6 OSAVI, P-5P 30 mg (60 g\u00e9lules v\u00e9g\u00e9tales)\"}]},{\"@type\":\"WebSite\",\"@id\":\"https:\\\/\\\/ecosupplements.be\\\/fr\\\/#website\",\"url\":\"https:\\\/\\\/ecosupplements.be\\\/fr\\\/\",\"name\":\"ECO Supplements\",\"description\":\"Eco Supplements - Gezonde supplementen\",\"publisher\":{\"@id\":\"https:\\\/\\\/ecosupplements.be\\\/fr\\\/#organization\"},\"potentialAction\":[{\"@type\":\"SearchAction\",\"target\":{\"@type\":\"EntryPoint\",\"urlTemplate\":\"https:\\\/\\\/ecosupplements.be\\\/fr\\\/?s={search_term_string}\"},\"query-input\":{\"@type\":\"PropertyValueSpecification\",\"valueRequired\":true,\"valueName\":\"search_term_string\"}}],\"inLanguage\":\"fr-FR\"},{\"@type\":\"Organization\",\"@id\":\"https:\\\/\\\/ecosupplements.be\\\/fr\\\/#organization\",\"name\":\"Eco Supplements\",\"url\":\"https:\\\/\\\/ecosupplements.be\\\/fr\\\/\",\"logo\":{\"@type\":\"ImageObject\",\"inLanguage\":\"fr-FR\",\"@id\":\"https:\\\/\\\/ecosupplements.be\\\/fr\\\/#\\\/schema\\\/logo\\\/image\\\/\",\"url\":\"https:\\\/\\\/ecosupplements.be\\\/wp-content\\\/uploads\\\/2022\\\/06\\\/ecosupplement-family.png\",\"contentUrl\":\"https:\\\/\\\/ecosupplements.be\\\/wp-content\\\/uploads\\\/2022\\\/06\\\/ecosupplement-family.png\",\"width\":593,\"height\":374,\"caption\":\"Eco Supplements\"},\"image\":{\"@id\":\"https:\\\/\\\/ecosupplements.be\\\/fr\\\/#\\\/schema\\\/logo\\\/image\\\/\"}}]}<\/script>\n<meta property=\"product:brand\" content=\"Osavi\" \/>\n<meta property=\"product:price:amount\" content=\"6.64\" \/>\n<meta property=\"product:price:currency\" content=\"EUR\" \/>\n<meta property=\"og:availability\" content=\"instock\" \/>\n<meta property=\"product:availability\" content=\"instock\" \/>\n<meta property=\"product:retailer_item_id\" content=\"5904139922514\" \/>\n<meta property=\"product:condition\" content=\"new\" \/>\n<!-- \/ Yoast SEO Premium plugin. -->","yoast_head_json":{"title":"Vitamine B6 OSAVI, P-5P 30 mg (60 g\u00e9lules v\u00e9g\u00e9tales) - ECO Supplements","description":"Wij hebben een ruime keuze aan producten van Vitamine B6 OSAVI, P-5P 30 mg (60 g\u00e9lules v\u00e9g\u00e9tales) . Winkel bij Eco Supplements altijd gratis verzending boven 100\u20ac","robots":{"index":"index","follow":"follow","max-snippet":"max-snippet:-1","max-image-preview":"max-image-preview:large","max-video-preview":"max-video-preview:-1"},"canonical":"https:\/\/ecosupplements.be\/fr\/produit\/osavi-vitamin-b6-p-5p-30-mg-60-vcaps\/","og_locale":"fr_FR","og_type":"article","og_title":"Vitamine B6 OSAVI, P-5P 30 mg (60 g\u00e9lules v\u00e9g\u00e9tales)","og_description":"Wij hebben een ruime keuze aan producten van Vitamine B6 OSAVI, P-5P 30 mg (60 g\u00e9lules v\u00e9g\u00e9tales) . Winkel bij Eco Supplements altijd gratis verzending boven 100\u20ac","og_url":"https:\/\/ecosupplements.be\/fr\/produit\/osavi-vitamin-b6-p-5p-30-mg-60-vcaps\/","og_site_name":"ECO Supplements","article_modified_time":"2025-08-28T02:38:13+00:00","og_image":[{"width":560,"height":750,"url":"https:\/\/ecosupplements.be\/wp-content\/uploads\/2025\/08\/Osavi-OSAVI-Vitamin-B6-P-5P-30-mg-60-vcaps.jpg","type":"image\/jpeg"}],"twitter_card":"summary_large_image","twitter_misc":{"Prix":"6.64&nbsp;&euro;","Disponibilit\u00e9":"En stock"},"schema":{"@context":"https:\/\/schema.org","@graph":[{"@type":["WebPage","ItemPage"],"@id":"https:\/\/ecosupplements.be\/fr\/produit\/osavi-vitamin-b6-p-5p-30-mg-60-vcaps\/","url":"https:\/\/ecosupplements.be\/fr\/produit\/osavi-vitamin-b6-p-5p-30-mg-60-vcaps\/","name":"Vitamine B6 OSAVI, P-5P 30 mg (60 g\u00e9lules v\u00e9g\u00e9tales) - ECO Supplements","isPartOf":{"@id":"https:\/\/ecosupplements.be\/fr\/#website"},"primaryImageOfPage":{"@id":"https:\/\/ecosupplements.be\/fr\/produit\/osavi-vitamin-b6-p-5p-30-mg-60-vcaps\/#primaryimage"},"image":{"@id":"https:\/\/ecosupplements.be\/fr\/produit\/osavi-vitamin-b6-p-5p-30-mg-60-vcaps\/#primaryimage"},"thumbnailUrl":"https:\/\/ecosupplements.be\/wp-content\/uploads\/2025\/08\/OSAVI-Vitamin-B6-P-5P-30-mg-60-vcaps.jpg","datePublished":"2025-07-26T08:46:06+00:00","dateModified":"2025-08-28T02:38:13+00:00","description":"Wij hebben een ruime keuze aan producten van Vitamine B6 OSAVI, P-5P 30 mg (60 g\u00e9lules v\u00e9g\u00e9tales) . Winkel bij Eco Supplements altijd gratis verzending boven 100\u20ac","breadcrumb":{"@id":"https:\/\/ecosupplements.be\/fr\/produit\/osavi-vitamin-b6-p-5p-30-mg-60-vcaps\/#breadcrumb"},"inLanguage":"fr-FR","potentialAction":[{"@type":"ReadAction","target":["https:\/\/ecosupplements.be\/fr\/produit\/osavi-vitamin-b6-p-5p-30-mg-60-vcaps\/"]}]},{"@type":"ImageObject","inLanguage":"fr-FR","@id":"https:\/\/ecosupplements.be\/fr\/produit\/osavi-vitamin-b6-p-5p-30-mg-60-vcaps\/#primaryimage","url":"https:\/\/ecosupplements.be\/wp-content\/uploads\/2025\/08\/OSAVI-Vitamin-B6-P-5P-30-mg-60-vcaps.jpg","contentUrl":"https:\/\/ecosupplements.be\/wp-content\/uploads\/2025\/08\/OSAVI-Vitamin-B6-P-5P-30-mg-60-vcaps.jpg","width":560,"height":750},{"@type":"BreadcrumbList","@id":"https:\/\/ecosupplements.be\/fr\/produit\/osavi-vitamin-b6-p-5p-30-mg-60-vcaps\/#breadcrumb","itemListElement":[{"@type":"ListItem","position":1,"name":"Home","item":"https:\/\/ecosupplements.be\/fr\/"},{"@type":"ListItem","position":2,"name":"Boutique","item":"https:\/\/ecosupplements.be\/fr\/boutique\/"},{"@type":"ListItem","position":3,"name":"Vitamine B6 OSAVI, P-5P 30 mg (60 g\u00e9lules v\u00e9g\u00e9tales)"}]},{"@type":"WebSite","@id":"https:\/\/ecosupplements.be\/fr\/#website","url":"https:\/\/ecosupplements.be\/fr\/","name":"ECO Supplements","description":"Eco Supplements - Gezonde supplementen","publisher":{"@id":"https:\/\/ecosupplements.be\/fr\/#organization"},"potentialAction":[{"@type":"SearchAction","target":{"@type":"EntryPoint","urlTemplate":"https:\/\/ecosupplements.be\/fr\/?s={search_term_string}"},"query-input":{"@type":"PropertyValueSpecification","valueRequired":true,"valueName":"search_term_string"}}],"inLanguage":"fr-FR"},{"@type":"Organization","@id":"https:\/\/ecosupplements.be\/fr\/#organization","name":"Eco Supplements","url":"https:\/\/ecosupplements.be\/fr\/","logo":{"@type":"ImageObject","inLanguage":"fr-FR","@id":"https:\/\/ecosupplements.be\/fr\/#\/schema\/logo\/image\/","url":"https:\/\/ecosupplements.be\/wp-content\/uploads\/2022\/06\/ecosupplement-family.png","contentUrl":"https:\/\/ecosupplements.be\/wp-content\/uploads\/2022\/06\/ecosupplement-family.png","width":593,"height":374,"caption":"Eco Supplements"},"image":{"@id":"https:\/\/ecosupplements.be\/fr\/#\/schema\/logo\/image\/"}}]},"product_brand":"Osavi","product_price_amount":"6.64","product_price_currency":"EUR","og_availability":"instock","product_availability":"instock","product_retailer_item_id":"5904139922514","product_condition":"new"},"_links":{"self":[{"href":"https:\/\/ecosupplements.be\/fr\/wp-json\/wp\/v2\/product\/302463","targetHints":{"allow":["GET"]}}],"collection":[{"href":"https:\/\/ecosupplements.be\/fr\/wp-json\/wp\/v2\/product"}],"about":[{"href":"https:\/\/ecosupplements.be\/fr\/wp-json\/wp\/v2\/types\/product"}],"replies":[{"embeddable":true,"href":"https:\/\/ecosupplements.be\/fr\/wp-json\/wp\/v2\/comments?post=302463"}],"wp:featuredmedia":[{"embeddable":true,"href":"https:\/\/ecosupplements.be\/fr\/wp-json\/wp\/v2\/media\/276603"}],"wp:attachment":[{"href":"https:\/\/ecosupplements.be\/fr\/wp-json\/wp\/v2\/media?parent=302463"}],"wp:term":[{"taxonomy":"product_brand","embeddable":true,"href":"https:\/\/ecosupplements.be\/fr\/wp-json\/wp\/v2\/product_brand?post=302463"},{"taxonomy":"product_cat","embeddable":true,"href":"https:\/\/ecosupplements.be\/fr\/wp-json\/wp\/v2\/product_cat?post=302463"},{"taxonomy":"product_tag","embeddable":true,"href":"https:\/\/ecosupplements.be\/fr\/wp-json\/wp\/v2\/product_tag?post=302463"}],"curies":[{"name":"wp","href":"https:\/\/api.w.org\/{rel}","templated":true}]}}