{"id":302517,"date":"2025-07-26T10:45:12","date_gmt":"2025-07-26T09:45:12","guid":{"rendered":"https:\/\/ecosupplements.be\/product\/osavi-herbal-sleep-support-60-vcaps\/"},"modified":"2025-08-28T03:39:10","modified_gmt":"2025-08-28T02:39:10","slug":"osavi-herbal-sleep-support-60-vcaps","status":"publish","type":"product","link":"https:\/\/ecosupplements.be\/fr\/produit\/osavi-herbal-sleep-support-60-vcaps\/","title":{"rendered":"Soutien naturel au sommeil \u00e0 base de plantes OSAVI (60 g\u00e9lules v\u00e9g\u00e9tales)"},"content":{"rendered":"<p><strong>Nom du produit :<\/strong> OSAVI herbal Sleep Support (60 vcaps)<\/p>\n<p><strong>Description :<\/strong> Ce compl\u00e9ment alimentaire est compos\u00e9 de trois extraits v\u00e9g\u00e9taux standardis\u00e9s, con\u00e7us pour \u00eatre utilis\u00e9s ensemble dans une action synergique. Il est formul\u00e9 \u00e0 partir d&#8217;ingr\u00e9dients de haute qualit\u00e9 et d&#8217;origine naturelle.<\/p>\n<p><strong>Ingr\u00e9dients principaux :<\/strong> Extrait de passiflore (<i>Passiflora incarnata<\/i>), extrait de c\u00f4nes de houblon (<i>Humulus lupulus<\/i>) et extrait de feuilles de m\u00e9lisse (<i>Melissa officinalis<\/i>). Ces composants sont encapsul\u00e9s dans une g\u00e9lule v\u00e9g\u00e9tale facile \u00e0 avaler.<\/p>\n<p><strong>Contenu et emballage :<\/strong> Le produit est pr\u00e9sent\u00e9 sous forme de capsules v\u00e9g\u00e9tales, avec un total de 60 unit\u00e9s par emballage.<\/p>\n<p><strong>Utilisation :<\/strong> Il est recommand\u00e9 d&#8217;avaler la capsule avec un verre d&#8217;eau, environ une heure avant le coucher. Ne pas d\u00e9passer la dose journali\u00e8re recommand\u00e9e.<\/p>\n<p><strong>Fonctionnalit\u00e9s pratiques :<\/strong><\/p>\n<ul>\n<li>Capsules faciles \u00e0 utiliser<\/li>\n<li>G\u00e9lules v\u00e9g\u00e9tales adapt\u00e9es aux r\u00e9gimes vari\u00e9s<\/li>\n<li>ingr\u00e9dients soigneusement s\u00e9lectionn\u00e9s pour leur puret\u00e9 et leur origine naturelle<\/li>\n<\/ul>\n<p>Ce produit s&#8217;int\u00e8gre parfaitement dans un mode vie actif en offrant une option simple pour ceux qui appr\u00e9cient les ingr\u00e9dients naturels. Il convient aux personnes cherchant des produits respectueux des pratiques durables sans compromettre la qualit\u00e9.<\/p>\n<p><b>Note importante : <\/b>Ce compl\u00e9ment alimentaire ne doit pas \u00eatre utilis\u00e9 comme substitut \u00e0 une alimentation vari\u00e9e et \u00e9quilibr\u00e9e ni \u00e0 un mode vie sain. Conserver dans un endroit sec et frais, hors port\u00e9e des enfants.&lt;\/p<\/p>\n","protected":false},"excerpt":{"rendered":"<p>Nom du produit : OSAVI herbal Sleep Support (60 vcaps) Description : Ce compl\u00e9ment alimentaire est compos\u00e9 de trois extraits v\u00e9g\u00e9taux standardis\u00e9s, con\u00e7us pour \u00eatre utilis\u00e9s ensemble dans une action synergique. Il est formul\u00e9 \u00e0 partir d&#8217;ingr\u00e9dients de haute qualit\u00e9 et d&#8217;origine naturelle. Ingr\u00e9dients principaux : Extrait de passiflore (Passiflora incarnata), extrait de c\u00f4nes de [&#8230;]\n","protected":false},"featured_media":276657,"comment_status":"closed","ping_status":"open","template":"","meta":[],"product_brand":[4756],"product_cat":[5052,5094,5053],"product_tag":[],"class_list":{"0":"post-302517","1":"product","2":"type-product","3":"status-publish","4":"has-post-thumbnail","6":"product_brand-osavi-2","7":"product_cat-sante-et-bien-etre","8":"product_cat-supplements-a-base-de-plantes","9":"product_cat-vitamines-et-mineraux","11":"first","12":"instock","13":"taxable","14":"shipping-taxable","15":"purchasable","16":"product-type-simple"},"yoast_head":"<!-- This site is optimized with the Yoast SEO Premium plugin v27.5 (Yoast SEO v27.5) - https:\/\/yoast.com\/product\/yoast-seo-premium-wordpress\/ -->\n<title>Soutien naturel au sommeil \u00e0 base de plantes OSAVI (60 g\u00e9lules v\u00e9g\u00e9tales) - ECO Supplements<\/title>\n<meta name=\"description\" content=\"Wij hebben een ruime keuze aan producten van Soutien naturel au sommeil \u00e0 base de plantes OSAVI (60 g\u00e9lules v\u00e9g\u00e9tales) . Winkel bij Eco Supplements altijd gratis verzending boven 100\u20ac\" \/>\n<meta name=\"robots\" content=\"index, follow, max-snippet:-1, max-image-preview:large, max-video-preview:-1\" \/>\n<link rel=\"canonical\" href=\"https:\/\/ecosupplements.be\/fr\/produit\/osavi-herbal-sleep-support-60-vcaps\/\" \/>\n<meta property=\"og:locale\" content=\"fr_FR\" \/>\n<meta property=\"og:type\" content=\"article\" \/>\n<meta property=\"og:title\" content=\"Soutien naturel au sommeil \u00e0 base de plantes OSAVI (60 g\u00e9lules v\u00e9g\u00e9tales)\" \/>\n<meta property=\"og:description\" content=\"Wij hebben een ruime keuze aan producten van Soutien naturel au sommeil \u00e0 base de plantes OSAVI (60 g\u00e9lules v\u00e9g\u00e9tales) . Winkel bij Eco Supplements altijd gratis verzending boven 100\u20ac\" \/>\n<meta property=\"og:url\" content=\"https:\/\/ecosupplements.be\/fr\/produit\/osavi-herbal-sleep-support-60-vcaps\/\" \/>\n<meta property=\"og:site_name\" content=\"ECO Supplements\" \/>\n<meta property=\"article:modified_time\" content=\"2025-08-28T02:39:10+00:00\" \/>\n<meta property=\"og:image\" content=\"https:\/\/ecosupplements.be\/wp-content\/uploads\/2025\/08\/Osavi-OSAVI-Herbal-Sleep-Support-60-vcaps.jpg\" \/>\n\t<meta property=\"og:image:width\" content=\"1080\" \/>\n\t<meta property=\"og:image:height\" content=\"1080\" \/>\n\t<meta property=\"og:image:type\" content=\"image\/jpeg\" \/>\n<meta name=\"twitter:card\" content=\"summary_large_image\" \/>\n<meta name=\"twitter:label1\" content=\"Prix\" \/>\n\t<meta name=\"twitter:data1\" content=\"9.19&nbsp;&euro;\" \/>\n\t<meta name=\"twitter:label2\" content=\"Disponibilit\u00e9\" \/>\n\t<meta name=\"twitter:data2\" content=\"En stock\" \/>\n<script type=\"application\/ld+json\" class=\"yoast-schema-graph\">{\"@context\":\"https:\\\/\\\/schema.org\",\"@graph\":[{\"@type\":[\"WebPage\",\"ItemPage\"],\"@id\":\"https:\\\/\\\/ecosupplements.be\\\/fr\\\/produit\\\/osavi-herbal-sleep-support-60-vcaps\\\/\",\"url\":\"https:\\\/\\\/ecosupplements.be\\\/fr\\\/produit\\\/osavi-herbal-sleep-support-60-vcaps\\\/\",\"name\":\"Soutien naturel au sommeil \u00e0 base de plantes OSAVI (60 g\u00e9lules v\u00e9g\u00e9tales) - ECO Supplements\",\"isPartOf\":{\"@id\":\"https:\\\/\\\/ecosupplements.be\\\/fr\\\/#website\"},\"primaryImageOfPage\":{\"@id\":\"https:\\\/\\\/ecosupplements.be\\\/fr\\\/produit\\\/osavi-herbal-sleep-support-60-vcaps\\\/#primaryimage\"},\"image\":{\"@id\":\"https:\\\/\\\/ecosupplements.be\\\/fr\\\/produit\\\/osavi-herbal-sleep-support-60-vcaps\\\/#primaryimage\"},\"thumbnailUrl\":\"https:\\\/\\\/ecosupplements.be\\\/wp-content\\\/uploads\\\/2025\\\/08\\\/OSAVI-Herbal-Sleep-Support-60-vcaps.jpg\",\"datePublished\":\"2025-07-26T09:45:12+00:00\",\"dateModified\":\"2025-08-28T02:39:10+00:00\",\"description\":\"Wij hebben een ruime keuze aan producten van Soutien naturel au sommeil \u00e0 base de plantes OSAVI (60 g\u00e9lules v\u00e9g\u00e9tales) . Winkel bij Eco Supplements altijd gratis verzending boven 100\u20ac\",\"breadcrumb\":{\"@id\":\"https:\\\/\\\/ecosupplements.be\\\/fr\\\/produit\\\/osavi-herbal-sleep-support-60-vcaps\\\/#breadcrumb\"},\"inLanguage\":\"fr-FR\",\"potentialAction\":[{\"@type\":\"ReadAction\",\"target\":[\"https:\\\/\\\/ecosupplements.be\\\/fr\\\/produit\\\/osavi-herbal-sleep-support-60-vcaps\\\/\"]}]},{\"@type\":\"ImageObject\",\"inLanguage\":\"fr-FR\",\"@id\":\"https:\\\/\\\/ecosupplements.be\\\/fr\\\/produit\\\/osavi-herbal-sleep-support-60-vcaps\\\/#primaryimage\",\"url\":\"https:\\\/\\\/ecosupplements.be\\\/wp-content\\\/uploads\\\/2025\\\/08\\\/OSAVI-Herbal-Sleep-Support-60-vcaps.jpg\",\"contentUrl\":\"https:\\\/\\\/ecosupplements.be\\\/wp-content\\\/uploads\\\/2025\\\/08\\\/OSAVI-Herbal-Sleep-Support-60-vcaps.jpg\",\"width\":1080,\"height\":1080},{\"@type\":\"BreadcrumbList\",\"@id\":\"https:\\\/\\\/ecosupplements.be\\\/fr\\\/produit\\\/osavi-herbal-sleep-support-60-vcaps\\\/#breadcrumb\",\"itemListElement\":[{\"@type\":\"ListItem\",\"position\":1,\"name\":\"Home\",\"item\":\"https:\\\/\\\/ecosupplements.be\\\/fr\\\/\"},{\"@type\":\"ListItem\",\"position\":2,\"name\":\"Boutique\",\"item\":\"https:\\\/\\\/ecosupplements.be\\\/fr\\\/boutique\\\/\"},{\"@type\":\"ListItem\",\"position\":3,\"name\":\"Soutien naturel au sommeil \u00e0 base de plantes OSAVI (60 g\u00e9lules v\u00e9g\u00e9tales)\"}]},{\"@type\":\"WebSite\",\"@id\":\"https:\\\/\\\/ecosupplements.be\\\/fr\\\/#website\",\"url\":\"https:\\\/\\\/ecosupplements.be\\\/fr\\\/\",\"name\":\"ECO Supplements\",\"description\":\"Eco Supplements - Gezonde supplementen\",\"publisher\":{\"@id\":\"https:\\\/\\\/ecosupplements.be\\\/fr\\\/#organization\"},\"potentialAction\":[{\"@type\":\"SearchAction\",\"target\":{\"@type\":\"EntryPoint\",\"urlTemplate\":\"https:\\\/\\\/ecosupplements.be\\\/fr\\\/?s={search_term_string}\"},\"query-input\":{\"@type\":\"PropertyValueSpecification\",\"valueRequired\":true,\"valueName\":\"search_term_string\"}}],\"inLanguage\":\"fr-FR\"},{\"@type\":\"Organization\",\"@id\":\"https:\\\/\\\/ecosupplements.be\\\/fr\\\/#organization\",\"name\":\"Eco Supplements\",\"url\":\"https:\\\/\\\/ecosupplements.be\\\/fr\\\/\",\"logo\":{\"@type\":\"ImageObject\",\"inLanguage\":\"fr-FR\",\"@id\":\"https:\\\/\\\/ecosupplements.be\\\/fr\\\/#\\\/schema\\\/logo\\\/image\\\/\",\"url\":\"https:\\\/\\\/ecosupplements.be\\\/wp-content\\\/uploads\\\/2022\\\/06\\\/ecosupplement-family.png\",\"contentUrl\":\"https:\\\/\\\/ecosupplements.be\\\/wp-content\\\/uploads\\\/2022\\\/06\\\/ecosupplement-family.png\",\"width\":593,\"height\":374,\"caption\":\"Eco Supplements\"},\"image\":{\"@id\":\"https:\\\/\\\/ecosupplements.be\\\/fr\\\/#\\\/schema\\\/logo\\\/image\\\/\"}}]}<\/script>\n<meta property=\"product:brand\" content=\"Osavi\" \/>\n<meta property=\"product:price:amount\" content=\"9.19\" \/>\n<meta property=\"product:price:currency\" content=\"EUR\" \/>\n<meta property=\"og:availability\" content=\"instock\" \/>\n<meta property=\"product:availability\" content=\"instock\" \/>\n<meta property=\"product:retailer_item_id\" content=\"5904139922453\" \/>\n<meta property=\"product:condition\" content=\"new\" \/>\n<!-- \/ Yoast SEO Premium plugin. -->","yoast_head_json":{"title":"Soutien naturel au sommeil \u00e0 base de plantes OSAVI (60 g\u00e9lules v\u00e9g\u00e9tales) - ECO Supplements","description":"Wij hebben een ruime keuze aan producten van Soutien naturel au sommeil \u00e0 base de plantes OSAVI (60 g\u00e9lules v\u00e9g\u00e9tales) . Winkel bij Eco Supplements altijd gratis verzending boven 100\u20ac","robots":{"index":"index","follow":"follow","max-snippet":"max-snippet:-1","max-image-preview":"max-image-preview:large","max-video-preview":"max-video-preview:-1"},"canonical":"https:\/\/ecosupplements.be\/fr\/produit\/osavi-herbal-sleep-support-60-vcaps\/","og_locale":"fr_FR","og_type":"article","og_title":"Soutien naturel au sommeil \u00e0 base de plantes OSAVI (60 g\u00e9lules v\u00e9g\u00e9tales)","og_description":"Wij hebben een ruime keuze aan producten van Soutien naturel au sommeil \u00e0 base de plantes OSAVI (60 g\u00e9lules v\u00e9g\u00e9tales) . Winkel bij Eco Supplements altijd gratis verzending boven 100\u20ac","og_url":"https:\/\/ecosupplements.be\/fr\/produit\/osavi-herbal-sleep-support-60-vcaps\/","og_site_name":"ECO Supplements","article_modified_time":"2025-08-28T02:39:10+00:00","og_image":[{"width":1080,"height":1080,"url":"https:\/\/ecosupplements.be\/wp-content\/uploads\/2025\/08\/Osavi-OSAVI-Herbal-Sleep-Support-60-vcaps.jpg","type":"image\/jpeg"}],"twitter_card":"summary_large_image","twitter_misc":{"Prix":"9.19&nbsp;&euro;","Disponibilit\u00e9":"En stock"},"schema":{"@context":"https:\/\/schema.org","@graph":[{"@type":["WebPage","ItemPage"],"@id":"https:\/\/ecosupplements.be\/fr\/produit\/osavi-herbal-sleep-support-60-vcaps\/","url":"https:\/\/ecosupplements.be\/fr\/produit\/osavi-herbal-sleep-support-60-vcaps\/","name":"Soutien naturel au sommeil \u00e0 base de plantes OSAVI (60 g\u00e9lules v\u00e9g\u00e9tales) - ECO Supplements","isPartOf":{"@id":"https:\/\/ecosupplements.be\/fr\/#website"},"primaryImageOfPage":{"@id":"https:\/\/ecosupplements.be\/fr\/produit\/osavi-herbal-sleep-support-60-vcaps\/#primaryimage"},"image":{"@id":"https:\/\/ecosupplements.be\/fr\/produit\/osavi-herbal-sleep-support-60-vcaps\/#primaryimage"},"thumbnailUrl":"https:\/\/ecosupplements.be\/wp-content\/uploads\/2025\/08\/OSAVI-Herbal-Sleep-Support-60-vcaps.jpg","datePublished":"2025-07-26T09:45:12+00:00","dateModified":"2025-08-28T02:39:10+00:00","description":"Wij hebben een ruime keuze aan producten van Soutien naturel au sommeil \u00e0 base de plantes OSAVI (60 g\u00e9lules v\u00e9g\u00e9tales) . Winkel bij Eco Supplements altijd gratis verzending boven 100\u20ac","breadcrumb":{"@id":"https:\/\/ecosupplements.be\/fr\/produit\/osavi-herbal-sleep-support-60-vcaps\/#breadcrumb"},"inLanguage":"fr-FR","potentialAction":[{"@type":"ReadAction","target":["https:\/\/ecosupplements.be\/fr\/produit\/osavi-herbal-sleep-support-60-vcaps\/"]}]},{"@type":"ImageObject","inLanguage":"fr-FR","@id":"https:\/\/ecosupplements.be\/fr\/produit\/osavi-herbal-sleep-support-60-vcaps\/#primaryimage","url":"https:\/\/ecosupplements.be\/wp-content\/uploads\/2025\/08\/OSAVI-Herbal-Sleep-Support-60-vcaps.jpg","contentUrl":"https:\/\/ecosupplements.be\/wp-content\/uploads\/2025\/08\/OSAVI-Herbal-Sleep-Support-60-vcaps.jpg","width":1080,"height":1080},{"@type":"BreadcrumbList","@id":"https:\/\/ecosupplements.be\/fr\/produit\/osavi-herbal-sleep-support-60-vcaps\/#breadcrumb","itemListElement":[{"@type":"ListItem","position":1,"name":"Home","item":"https:\/\/ecosupplements.be\/fr\/"},{"@type":"ListItem","position":2,"name":"Boutique","item":"https:\/\/ecosupplements.be\/fr\/boutique\/"},{"@type":"ListItem","position":3,"name":"Soutien naturel au sommeil \u00e0 base de plantes OSAVI (60 g\u00e9lules v\u00e9g\u00e9tales)"}]},{"@type":"WebSite","@id":"https:\/\/ecosupplements.be\/fr\/#website","url":"https:\/\/ecosupplements.be\/fr\/","name":"ECO Supplements","description":"Eco Supplements - Gezonde supplementen","publisher":{"@id":"https:\/\/ecosupplements.be\/fr\/#organization"},"potentialAction":[{"@type":"SearchAction","target":{"@type":"EntryPoint","urlTemplate":"https:\/\/ecosupplements.be\/fr\/?s={search_term_string}"},"query-input":{"@type":"PropertyValueSpecification","valueRequired":true,"valueName":"search_term_string"}}],"inLanguage":"fr-FR"},{"@type":"Organization","@id":"https:\/\/ecosupplements.be\/fr\/#organization","name":"Eco Supplements","url":"https:\/\/ecosupplements.be\/fr\/","logo":{"@type":"ImageObject","inLanguage":"fr-FR","@id":"https:\/\/ecosupplements.be\/fr\/#\/schema\/logo\/image\/","url":"https:\/\/ecosupplements.be\/wp-content\/uploads\/2022\/06\/ecosupplement-family.png","contentUrl":"https:\/\/ecosupplements.be\/wp-content\/uploads\/2022\/06\/ecosupplement-family.png","width":593,"height":374,"caption":"Eco Supplements"},"image":{"@id":"https:\/\/ecosupplements.be\/fr\/#\/schema\/logo\/image\/"}}]},"product_brand":"Osavi","product_price_amount":"9.19","product_price_currency":"EUR","og_availability":"instock","product_availability":"instock","product_retailer_item_id":"5904139922453","product_condition":"new"},"_links":{"self":[{"href":"https:\/\/ecosupplements.be\/fr\/wp-json\/wp\/v2\/product\/302517","targetHints":{"allow":["GET"]}}],"collection":[{"href":"https:\/\/ecosupplements.be\/fr\/wp-json\/wp\/v2\/product"}],"about":[{"href":"https:\/\/ecosupplements.be\/fr\/wp-json\/wp\/v2\/types\/product"}],"replies":[{"embeddable":true,"href":"https:\/\/ecosupplements.be\/fr\/wp-json\/wp\/v2\/comments?post=302517"}],"wp:featuredmedia":[{"embeddable":true,"href":"https:\/\/ecosupplements.be\/fr\/wp-json\/wp\/v2\/media\/276657"}],"wp:attachment":[{"href":"https:\/\/ecosupplements.be\/fr\/wp-json\/wp\/v2\/media?parent=302517"}],"wp:term":[{"taxonomy":"product_brand","embeddable":true,"href":"https:\/\/ecosupplements.be\/fr\/wp-json\/wp\/v2\/product_brand?post=302517"},{"taxonomy":"product_cat","embeddable":true,"href":"https:\/\/ecosupplements.be\/fr\/wp-json\/wp\/v2\/product_cat?post=302517"},{"taxonomy":"product_tag","embeddable":true,"href":"https:\/\/ecosupplements.be\/fr\/wp-json\/wp\/v2\/product_tag?post=302517"}],"curies":[{"name":"wp","href":"https:\/\/api.w.org\/{rel}","templated":true}]}}