{"id":302565,"date":"2025-07-26T11:31:17","date_gmt":"2025-07-26T10:31:17","guid":{"rendered":"https:\/\/ecosupplements.be\/product\/ostrovit-chlorella-vege-1000-tabs\/"},"modified":"2025-08-28T03:40:06","modified_gmt":"2025-08-28T02:40:06","slug":"ostrovit-chlorella-vege-1000-tabs","status":"publish","type":"product","link":"https:\/\/ecosupplements.be\/fr\/produit\/ostrovit-chlorella-vege-1000-tabs\/","title":{"rendered":"OSTROVIT Chlorelle VEGAN (1000 comprim\u00e9s)"},"content":{"rendered":"<p><strong>Nom du produit :<\/strong> OSTROVIT Chlorella VEGE (1000 tabs)<\/p>\n<p><strong>Description :<\/strong> D\u00e9couvrez OSTROVIT chlorella VEGE, un compl\u00e9ment alimentaire de haute qualit\u00e9 \u00e0 base de chlorella en poudre. Ce produit est id\u00e9al pour ceux qui cherchent \u00e0 int\u00e9grer des ingr\u00e9dients naturels dans leur quotidien. Les tablettes sont faciles \u00e0 consommer et parfaites pour une utilisation r\u00e9guli\u00e8re.<\/p>\n<p><strong>Ingr\u00e9dients principaux :<\/strong> Chlorella en poudre (CHLORELLA PYRENOIDOSA),agent anti-agglom\u00e9rant : dioxyde de silicium.<\/p>\n<p><strong>Contenu et emballage :<\/strong> Le produit est pr\u00e9sent\u00e9 sous forme de tablettes, avec un total de 1000 unit\u00e9s par emballage.<\/p>\n<p><strong>Utilisation recommand\u00e9e :<\/strong> Consommez 1 portion (4 tablettes) deux fois par jour. Ne d\u00e9passez pas la dose journali\u00e8re recommand\u00e9e.<\/p>\n<p><em>Note:<\/em> Ce compl\u00e9ment alimentaire ne doit pas \u00eatre utilis\u00e9 comme substitut d&#8217;un r\u00e9gime alimentaire vari\u00e9. Un mode de vie \u00e9quilibr\u00e9 est critically important.<\/p>\n<p><em>Allerg\u00e8nes potentiels:<\/em> Peut contenir des traces de lait (y compris lactose), soja, arachides, graines de s\u00e9same, c\u00e9r\u00e9ales contenant du gluten, \u0153ufs, crustac\u00e9s et poissons.<\/p>\n<div class=\"nutrition_table_wrapper\">\n<div class=\"top_info\"><label>Poids net du produit : 248 g<\/label><\/div>\n<div class=\"top_info\"><label>Nombre de portions dans l&#8217;emballage : 250<\/label><\/div>\n<div class=\"top_info\"><label>Taille d&#8217;une portion : 4 tablettes<\/label><\/div>\n<table>\n<tbody>\n<tr>\n<th>Ingr\u00e9dients actifs<\/th>\n<th>Par portion<\/th>\n<th>Pour 2 portions<\/th>\n<\/tr>\n<tr style=\"text-align:center\">\n                <!-- Displaying the ingredient and its quantity in a neutral way without suggesting health benefits --><\/p>\n<td style=\"text-align:left;font-weight:600\">Chlorella en poudre<\/td>\n<td style=\"text-align:center\">990 mg<\/td>\n<td style=\"text-align:center\">1980 mg\u00a0<\/td>\n<\/tr>\n<\/tbody>\n<\/table>\n<\/div>\n","protected":false},"excerpt":{"rendered":"<p>Nom du produit : OSTROVIT Chlorella VEGE (1000 tabs) Description : D\u00e9couvrez OSTROVIT chlorella VEGE, un compl\u00e9ment alimentaire de haute qualit\u00e9 \u00e0 base de chlorella en poudre. Ce produit est id\u00e9al pour ceux qui cherchent \u00e0 int\u00e9grer des ingr\u00e9dients naturels dans leur quotidien. Les tablettes sont faciles \u00e0 consommer et parfaites pour une utilisation r\u00e9guli\u00e8re. [&#8230;]\n","protected":false},"featured_media":276705,"comment_status":"closed","ping_status":"open","template":"","meta":[],"product_brand":[5326],"product_cat":[5053],"product_tag":[],"class_list":{"0":"post-302565","1":"product","2":"type-product","3":"status-publish","4":"has-post-thumbnail","6":"product_brand-ostrovit-2","7":"product_cat-vitamines-et-mineraux","9":"first","10":"instock","11":"taxable","12":"shipping-taxable","13":"purchasable","14":"product-type-simple"},"yoast_head":"<!-- This site is optimized with the Yoast SEO Premium plugin v27.3 (Yoast SEO v27.3) - https:\/\/yoast.com\/product\/yoast-seo-premium-wordpress\/ -->\n<title>OSTROVIT Chlorelle VEGAN (1000 comprim\u00e9s) - ECO Supplements<\/title>\n<meta name=\"description\" content=\"Wij hebben een ruime keuze aan producten van OSTROVIT Chlorelle VEGAN (1000 comprim\u00e9s) . Winkel bij Eco Supplements altijd gratis verzending boven 100\u20ac\" \/>\n<meta name=\"robots\" content=\"index, follow, max-snippet:-1, max-image-preview:large, max-video-preview:-1\" \/>\n<link rel=\"canonical\" href=\"https:\/\/ecosupplements.be\/fr\/produit\/ostrovit-chlorella-vege-1000-tabs\/\" \/>\n<meta property=\"og:locale\" content=\"fr_FR\" \/>\n<meta property=\"og:type\" content=\"article\" \/>\n<meta property=\"og:title\" content=\"OSTROVIT Chlorelle VEGAN (1000 comprim\u00e9s)\" \/>\n<meta property=\"og:description\" content=\"Wij hebben een ruime keuze aan producten van OSTROVIT Chlorelle VEGAN (1000 comprim\u00e9s) . Winkel bij Eco Supplements altijd gratis verzending boven 100\u20ac\" \/>\n<meta property=\"og:url\" content=\"https:\/\/ecosupplements.be\/fr\/produit\/ostrovit-chlorella-vege-1000-tabs\/\" \/>\n<meta property=\"og:site_name\" content=\"ECO Supplements\" \/>\n<meta property=\"article:modified_time\" content=\"2025-08-28T02:40:06+00:00\" \/>\n<meta property=\"og:image\" content=\"https:\/\/ecosupplements.be\/wp-content\/uploads\/2025\/08\/Ostrovit-OSTROVIT-Chlorella-VEGE-1000-tabs.jpg\" \/>\n\t<meta property=\"og:image:width\" content=\"1000\" \/>\n\t<meta property=\"og:image:height\" content=\"1000\" \/>\n\t<meta property=\"og:image:type\" content=\"image\/jpeg\" \/>\n<meta name=\"twitter:card\" content=\"summary_large_image\" \/>\n<meta name=\"twitter:label1\" content=\"Prix\" \/>\n\t<meta name=\"twitter:data1\" content=\"10.72&nbsp;&euro;\" \/>\n\t<meta name=\"twitter:label2\" content=\"Disponibilit\u00e9\" \/>\n\t<meta name=\"twitter:data2\" content=\"En stock\" \/>\n<script type=\"application\/ld+json\" class=\"yoast-schema-graph\">{\"@context\":\"https:\\\/\\\/schema.org\",\"@graph\":[{\"@type\":[\"WebPage\",\"ItemPage\"],\"@id\":\"https:\\\/\\\/ecosupplements.be\\\/fr\\\/produit\\\/ostrovit-chlorella-vege-1000-tabs\\\/\",\"url\":\"https:\\\/\\\/ecosupplements.be\\\/fr\\\/produit\\\/ostrovit-chlorella-vege-1000-tabs\\\/\",\"name\":\"OSTROVIT Chlorelle VEGAN (1000 comprim\u00e9s) - ECO Supplements\",\"isPartOf\":{\"@id\":\"https:\\\/\\\/ecosupplements.be\\\/fr\\\/#website\"},\"primaryImageOfPage\":{\"@id\":\"https:\\\/\\\/ecosupplements.be\\\/fr\\\/produit\\\/ostrovit-chlorella-vege-1000-tabs\\\/#primaryimage\"},\"image\":{\"@id\":\"https:\\\/\\\/ecosupplements.be\\\/fr\\\/produit\\\/ostrovit-chlorella-vege-1000-tabs\\\/#primaryimage\"},\"thumbnailUrl\":\"https:\\\/\\\/ecosupplements.be\\\/wp-content\\\/uploads\\\/2025\\\/08\\\/OSTROVIT-Chlorella-VEGE-1000-tabs.jpg\",\"datePublished\":\"2025-07-26T10:31:17+00:00\",\"dateModified\":\"2025-08-28T02:40:06+00:00\",\"description\":\"Wij hebben een ruime keuze aan producten van OSTROVIT Chlorelle VEGAN (1000 comprim\u00e9s) . Winkel bij Eco Supplements altijd gratis verzending boven 100\u20ac\",\"breadcrumb\":{\"@id\":\"https:\\\/\\\/ecosupplements.be\\\/fr\\\/produit\\\/ostrovit-chlorella-vege-1000-tabs\\\/#breadcrumb\"},\"inLanguage\":\"fr-FR\",\"potentialAction\":[{\"@type\":\"ReadAction\",\"target\":[\"https:\\\/\\\/ecosupplements.be\\\/fr\\\/produit\\\/ostrovit-chlorella-vege-1000-tabs\\\/\"]}]},{\"@type\":\"ImageObject\",\"inLanguage\":\"fr-FR\",\"@id\":\"https:\\\/\\\/ecosupplements.be\\\/fr\\\/produit\\\/ostrovit-chlorella-vege-1000-tabs\\\/#primaryimage\",\"url\":\"https:\\\/\\\/ecosupplements.be\\\/wp-content\\\/uploads\\\/2025\\\/08\\\/OSTROVIT-Chlorella-VEGE-1000-tabs.jpg\",\"contentUrl\":\"https:\\\/\\\/ecosupplements.be\\\/wp-content\\\/uploads\\\/2025\\\/08\\\/OSTROVIT-Chlorella-VEGE-1000-tabs.jpg\",\"width\":1000,\"height\":1000},{\"@type\":\"BreadcrumbList\",\"@id\":\"https:\\\/\\\/ecosupplements.be\\\/fr\\\/produit\\\/ostrovit-chlorella-vege-1000-tabs\\\/#breadcrumb\",\"itemListElement\":[{\"@type\":\"ListItem\",\"position\":1,\"name\":\"Home\",\"item\":\"https:\\\/\\\/ecosupplements.be\\\/fr\\\/\"},{\"@type\":\"ListItem\",\"position\":2,\"name\":\"Boutique\",\"item\":\"https:\\\/\\\/ecosupplements.be\\\/fr\\\/boutique\\\/\"},{\"@type\":\"ListItem\",\"position\":3,\"name\":\"OSTROVIT Chlorelle VEGAN (1000 comprim\u00e9s)\"}]},{\"@type\":\"WebSite\",\"@id\":\"https:\\\/\\\/ecosupplements.be\\\/fr\\\/#website\",\"url\":\"https:\\\/\\\/ecosupplements.be\\\/fr\\\/\",\"name\":\"ECO Supplements\",\"description\":\"Eco Supplements - Gezonde supplementen\",\"publisher\":{\"@id\":\"https:\\\/\\\/ecosupplements.be\\\/fr\\\/#organization\"},\"potentialAction\":[{\"@type\":\"SearchAction\",\"target\":{\"@type\":\"EntryPoint\",\"urlTemplate\":\"https:\\\/\\\/ecosupplements.be\\\/fr\\\/?s={search_term_string}\"},\"query-input\":{\"@type\":\"PropertyValueSpecification\",\"valueRequired\":true,\"valueName\":\"search_term_string\"}}],\"inLanguage\":\"fr-FR\"},{\"@type\":\"Organization\",\"@id\":\"https:\\\/\\\/ecosupplements.be\\\/fr\\\/#organization\",\"name\":\"Eco Supplements\",\"url\":\"https:\\\/\\\/ecosupplements.be\\\/fr\\\/\",\"logo\":{\"@type\":\"ImageObject\",\"inLanguage\":\"fr-FR\",\"@id\":\"https:\\\/\\\/ecosupplements.be\\\/fr\\\/#\\\/schema\\\/logo\\\/image\\\/\",\"url\":\"https:\\\/\\\/ecosupplements.be\\\/wp-content\\\/uploads\\\/2022\\\/06\\\/ecosupplement-family.png\",\"contentUrl\":\"https:\\\/\\\/ecosupplements.be\\\/wp-content\\\/uploads\\\/2022\\\/06\\\/ecosupplement-family.png\",\"width\":593,\"height\":374,\"caption\":\"Eco Supplements\"},\"image\":{\"@id\":\"https:\\\/\\\/ecosupplements.be\\\/fr\\\/#\\\/schema\\\/logo\\\/image\\\/\"}}]}<\/script>\n<meta property=\"product:brand\" content=\"Ostrovit\" \/>\n<meta property=\"product:price:amount\" content=\"10.72\" \/>\n<meta property=\"product:price:currency\" content=\"EUR\" \/>\n<meta property=\"og:availability\" content=\"instock\" \/>\n<meta property=\"product:availability\" content=\"instock\" \/>\n<meta property=\"product:retailer_item_id\" content=\"5903246225853\" \/>\n<meta property=\"product:condition\" content=\"new\" \/>\n<!-- \/ Yoast SEO Premium plugin. -->","yoast_head_json":{"title":"OSTROVIT Chlorelle VEGAN (1000 comprim\u00e9s) - ECO Supplements","description":"Wij hebben een ruime keuze aan producten van OSTROVIT Chlorelle VEGAN (1000 comprim\u00e9s) . Winkel bij Eco Supplements altijd gratis verzending boven 100\u20ac","robots":{"index":"index","follow":"follow","max-snippet":"max-snippet:-1","max-image-preview":"max-image-preview:large","max-video-preview":"max-video-preview:-1"},"canonical":"https:\/\/ecosupplements.be\/fr\/produit\/ostrovit-chlorella-vege-1000-tabs\/","og_locale":"fr_FR","og_type":"article","og_title":"OSTROVIT Chlorelle VEGAN (1000 comprim\u00e9s)","og_description":"Wij hebben een ruime keuze aan producten van OSTROVIT Chlorelle VEGAN (1000 comprim\u00e9s) . Winkel bij Eco Supplements altijd gratis verzending boven 100\u20ac","og_url":"https:\/\/ecosupplements.be\/fr\/produit\/ostrovit-chlorella-vege-1000-tabs\/","og_site_name":"ECO Supplements","article_modified_time":"2025-08-28T02:40:06+00:00","og_image":[{"width":1000,"height":1000,"url":"https:\/\/ecosupplements.be\/wp-content\/uploads\/2025\/08\/Ostrovit-OSTROVIT-Chlorella-VEGE-1000-tabs.jpg","type":"image\/jpeg"}],"twitter_card":"summary_large_image","twitter_misc":{"Prix":"10.72&nbsp;&euro;","Disponibilit\u00e9":"En stock"},"schema":{"@context":"https:\/\/schema.org","@graph":[{"@type":["WebPage","ItemPage"],"@id":"https:\/\/ecosupplements.be\/fr\/produit\/ostrovit-chlorella-vege-1000-tabs\/","url":"https:\/\/ecosupplements.be\/fr\/produit\/ostrovit-chlorella-vege-1000-tabs\/","name":"OSTROVIT Chlorelle VEGAN (1000 comprim\u00e9s) - ECO Supplements","isPartOf":{"@id":"https:\/\/ecosupplements.be\/fr\/#website"},"primaryImageOfPage":{"@id":"https:\/\/ecosupplements.be\/fr\/produit\/ostrovit-chlorella-vege-1000-tabs\/#primaryimage"},"image":{"@id":"https:\/\/ecosupplements.be\/fr\/produit\/ostrovit-chlorella-vege-1000-tabs\/#primaryimage"},"thumbnailUrl":"https:\/\/ecosupplements.be\/wp-content\/uploads\/2025\/08\/OSTROVIT-Chlorella-VEGE-1000-tabs.jpg","datePublished":"2025-07-26T10:31:17+00:00","dateModified":"2025-08-28T02:40:06+00:00","description":"Wij hebben een ruime keuze aan producten van OSTROVIT Chlorelle VEGAN (1000 comprim\u00e9s) . Winkel bij Eco Supplements altijd gratis verzending boven 100\u20ac","breadcrumb":{"@id":"https:\/\/ecosupplements.be\/fr\/produit\/ostrovit-chlorella-vege-1000-tabs\/#breadcrumb"},"inLanguage":"fr-FR","potentialAction":[{"@type":"ReadAction","target":["https:\/\/ecosupplements.be\/fr\/produit\/ostrovit-chlorella-vege-1000-tabs\/"]}]},{"@type":"ImageObject","inLanguage":"fr-FR","@id":"https:\/\/ecosupplements.be\/fr\/produit\/ostrovit-chlorella-vege-1000-tabs\/#primaryimage","url":"https:\/\/ecosupplements.be\/wp-content\/uploads\/2025\/08\/OSTROVIT-Chlorella-VEGE-1000-tabs.jpg","contentUrl":"https:\/\/ecosupplements.be\/wp-content\/uploads\/2025\/08\/OSTROVIT-Chlorella-VEGE-1000-tabs.jpg","width":1000,"height":1000},{"@type":"BreadcrumbList","@id":"https:\/\/ecosupplements.be\/fr\/produit\/ostrovit-chlorella-vege-1000-tabs\/#breadcrumb","itemListElement":[{"@type":"ListItem","position":1,"name":"Home","item":"https:\/\/ecosupplements.be\/fr\/"},{"@type":"ListItem","position":2,"name":"Boutique","item":"https:\/\/ecosupplements.be\/fr\/boutique\/"},{"@type":"ListItem","position":3,"name":"OSTROVIT Chlorelle VEGAN (1000 comprim\u00e9s)"}]},{"@type":"WebSite","@id":"https:\/\/ecosupplements.be\/fr\/#website","url":"https:\/\/ecosupplements.be\/fr\/","name":"ECO Supplements","description":"Eco Supplements - Gezonde supplementen","publisher":{"@id":"https:\/\/ecosupplements.be\/fr\/#organization"},"potentialAction":[{"@type":"SearchAction","target":{"@type":"EntryPoint","urlTemplate":"https:\/\/ecosupplements.be\/fr\/?s={search_term_string}"},"query-input":{"@type":"PropertyValueSpecification","valueRequired":true,"valueName":"search_term_string"}}],"inLanguage":"fr-FR"},{"@type":"Organization","@id":"https:\/\/ecosupplements.be\/fr\/#organization","name":"Eco Supplements","url":"https:\/\/ecosupplements.be\/fr\/","logo":{"@type":"ImageObject","inLanguage":"fr-FR","@id":"https:\/\/ecosupplements.be\/fr\/#\/schema\/logo\/image\/","url":"https:\/\/ecosupplements.be\/wp-content\/uploads\/2022\/06\/ecosupplement-family.png","contentUrl":"https:\/\/ecosupplements.be\/wp-content\/uploads\/2022\/06\/ecosupplement-family.png","width":593,"height":374,"caption":"Eco Supplements"},"image":{"@id":"https:\/\/ecosupplements.be\/fr\/#\/schema\/logo\/image\/"}}]},"product_brand":"Ostrovit","product_price_amount":"10.72","product_price_currency":"EUR","og_availability":"instock","product_availability":"instock","product_retailer_item_id":"5903246225853","product_condition":"new"},"_links":{"self":[{"href":"https:\/\/ecosupplements.be\/fr\/wp-json\/wp\/v2\/product\/302565","targetHints":{"allow":["GET"]}}],"collection":[{"href":"https:\/\/ecosupplements.be\/fr\/wp-json\/wp\/v2\/product"}],"about":[{"href":"https:\/\/ecosupplements.be\/fr\/wp-json\/wp\/v2\/types\/product"}],"replies":[{"embeddable":true,"href":"https:\/\/ecosupplements.be\/fr\/wp-json\/wp\/v2\/comments?post=302565"}],"wp:featuredmedia":[{"embeddable":true,"href":"https:\/\/ecosupplements.be\/fr\/wp-json\/wp\/v2\/media\/276705"}],"wp:attachment":[{"href":"https:\/\/ecosupplements.be\/fr\/wp-json\/wp\/v2\/media?parent=302565"}],"wp:term":[{"taxonomy":"product_brand","embeddable":true,"href":"https:\/\/ecosupplements.be\/fr\/wp-json\/wp\/v2\/product_brand?post=302565"},{"taxonomy":"product_cat","embeddable":true,"href":"https:\/\/ecosupplements.be\/fr\/wp-json\/wp\/v2\/product_cat?post=302565"},{"taxonomy":"product_tag","embeddable":true,"href":"https:\/\/ecosupplements.be\/fr\/wp-json\/wp\/v2\/product_tag?post=302565"}],"curies":[{"name":"wp","href":"https:\/\/api.w.org\/{rel}","templated":true}]}}