{"id":302583,"date":"2025-07-26T11:45:12","date_gmt":"2025-07-26T10:45:12","guid":{"rendered":"https:\/\/ecosupplements.be\/product\/ostrovit-diet-spaghetti-konjac-noodles-400-g\/"},"modified":"2025-08-28T03:40:25","modified_gmt":"2025-08-28T02:40:25","slug":"ostrovit-diet-spaghetti-konjac-noodles-400-g","status":"publish","type":"product","link":"https:\/\/ecosupplements.be\/fr\/produit\/ostrovit-diet-spaghetti-konjac-noodles-400-g\/","title":{"rendered":"Nouilles de Konjac Ostrovit pour r\u00e9gime (400 g)"},"content":{"rendered":"<h2>OSTROVIT Diet Spaghetti Konjac Noodles (400 g)<\/h2>\n<p>D\u00e9couvrez les <strong>OSTROVIT Diet spaghetti konjac Noodles<\/strong>, un choix parfait pour ceux qui appr\u00e9cient les ingr\u00e9dients naturels dans leur cuisine quotidienne. Fabriqu\u00e9s \u00e0 partir de glucomannane de konjac, une fibre soluble extraite de la racine naturelle du konjac, ces noodles sont con\u00e7us pour s&#8217;int\u00e9grer harmonieusement \u00e0 vos repas.<\/p>\n<h3>Ingr\u00e9dients principaux<\/h3>\n<ul>\n<li>Eau<\/li>\n<li>Konjac en poudre (3%)<\/li>\n<li>R\u00e9gulateur d&#8217;acidit\u00e9: acide citrique<\/li>\n<\/ul>\n<h3>Contenu et emballage<\/h3>\n<p>Ce produit est conditionn\u00e9 dans un emballage pratique de 400 g, avec un poids net \u00e9goutt\u00e9 de 250 g.<\/p>\n<h3>Utilisation recommand\u00e9e<\/h3>\n<ol>\n<li>Ouvrir le paquet et drainer l&#8217;exc\u00e8s d&#8217;eau.<\/li>\n<li>Rincer sous l&#8217;eau courante pendant 2-3 minutes.<\/li>\n<li>Ajouter votre sauce favorite, faire sauter ou incorporer dans une soupe.<\/li>\n<li>Savourer!<\/li>\n<\/ol>\n<p>Gardez ce produit dans un endroit sec et frais, \u00e0 l&#8217;abri des rayons directs du soleil.assurez-vous que le paquet est bien ferm\u00e9 apr\u00e8s chaque utilisation.<\/p>\n<h4>Note:<\/h4>\n<p>Veuillez ne pas consommer ce produit en cas d&#8217;allergie \u00e0 l&#8217;un de ses composants.<\/p>\n<div class=\"nutrition_table_wrapper\">\n<div class=\"top_info\"><label>Masse netto apr\u00e8s drainage: <\/label><span>250 g<span><\/div>\n<p>\n    Tableau nutritionnel par portion:<\/p>\n<table border=\"1\">\n<thead>\n<tr>\n<th>Nutriments (Pour 100g)<\/th>\n<th>Valeur \u00e9nerg\u00e9tique (kJ\/kcal)<\/th>\n<\/tr>\n<\/thead>\n<p>        Teneur en mati\u00e8res grasses: &lt;0.01g<br \/>\n        &#8211; dont acides gras satur\u00e9s:0g<br \/>\n        Glucides:1.3g<br \/>\n        &#8211; dont sucres:0g<br \/>\n        Fibres alimentaires :0.5g<br \/>\n        Prot\u00e9ines :0 g<br \/>\n       Sel :0 g<br \/>\n    <\/table>\n<\/p><\/div>\n<\/p><\/div>\n","protected":false},"excerpt":{"rendered":"<p>OSTROVIT Diet Spaghetti Konjac Noodles (400 g) D\u00e9couvrez les OSTROVIT Diet spaghetti konjac Noodles, un choix parfait pour ceux qui appr\u00e9cient les ingr\u00e9dients naturels dans leur cuisine quotidienne. Fabriqu\u00e9s \u00e0 partir de glucomannane de konjac, une fibre soluble extraite de la racine naturelle du konjac, ces noodles sont con\u00e7us pour s&#8217;int\u00e9grer harmonieusement \u00e0 vos repas. [&#8230;]\n","protected":false},"featured_media":276723,"comment_status":"closed","ping_status":"open","template":"","meta":[],"product_brand":[5326],"product_cat":[5054],"product_tag":[],"class_list":{"0":"post-302583","1":"product","2":"type-product","3":"status-publish","4":"has-post-thumbnail","6":"product_brand-ostrovit-2","7":"product_cat-nourriture-saine","9":"first","10":"instock","11":"taxable","12":"shipping-taxable","13":"purchasable","14":"product-type-simple"},"yoast_head":"<!-- This site is optimized with the Yoast SEO Premium plugin v27.5 (Yoast SEO v27.5) - https:\/\/yoast.com\/product\/yoast-seo-premium-wordpress\/ -->\n<title>Nouilles de Konjac Ostrovit pour r\u00e9gime (400 g) - ECO Supplements<\/title>\n<meta name=\"description\" content=\"Wij hebben een ruime keuze aan producten van Nouilles de Konjac Ostrovit pour r\u00e9gime (400 g) . Winkel bij Eco Supplements altijd gratis verzending boven 100\u20ac\" \/>\n<meta name=\"robots\" content=\"index, follow, max-snippet:-1, max-image-preview:large, max-video-preview:-1\" \/>\n<link rel=\"canonical\" href=\"https:\/\/ecosupplements.be\/fr\/produit\/ostrovit-diet-spaghetti-konjac-noodles-400-g\/\" \/>\n<meta property=\"og:locale\" content=\"fr_FR\" \/>\n<meta property=\"og:type\" content=\"article\" \/>\n<meta property=\"og:title\" content=\"Nouilles de Konjac Ostrovit pour r\u00e9gime (400 g)\" \/>\n<meta property=\"og:description\" content=\"Wij hebben een ruime keuze aan producten van Nouilles de Konjac Ostrovit pour r\u00e9gime (400 g) . Winkel bij Eco Supplements altijd gratis verzending boven 100\u20ac\" \/>\n<meta property=\"og:url\" content=\"https:\/\/ecosupplements.be\/fr\/produit\/ostrovit-diet-spaghetti-konjac-noodles-400-g\/\" \/>\n<meta property=\"og:site_name\" content=\"ECO Supplements\" \/>\n<meta property=\"article:modified_time\" content=\"2025-08-28T02:40:25+00:00\" \/>\n<meta property=\"og:image\" content=\"https:\/\/ecosupplements.be\/wp-content\/uploads\/2025\/08\/Ostrovit-OSTROVIT-Diet-Spaghetti-Konjac-Noodles-400-g.jpg\" \/>\n\t<meta property=\"og:image:width\" content=\"1000\" \/>\n\t<meta property=\"og:image:height\" content=\"1000\" \/>\n\t<meta property=\"og:image:type\" content=\"image\/jpeg\" \/>\n<meta name=\"twitter:card\" content=\"summary_large_image\" \/>\n<meta name=\"twitter:label1\" content=\"Prix\" \/>\n\t<meta name=\"twitter:data1\" content=\"1.64&nbsp;&euro;\" \/>\n\t<meta name=\"twitter:label2\" content=\"Disponibilit\u00e9\" \/>\n\t<meta name=\"twitter:data2\" content=\"En stock\" \/>\n<script type=\"application\/ld+json\" class=\"yoast-schema-graph\">{\"@context\":\"https:\\\/\\\/schema.org\",\"@graph\":[{\"@type\":[\"WebPage\",\"ItemPage\"],\"@id\":\"https:\\\/\\\/ecosupplements.be\\\/fr\\\/produit\\\/ostrovit-diet-spaghetti-konjac-noodles-400-g\\\/\",\"url\":\"https:\\\/\\\/ecosupplements.be\\\/fr\\\/produit\\\/ostrovit-diet-spaghetti-konjac-noodles-400-g\\\/\",\"name\":\"Nouilles de Konjac Ostrovit pour r\u00e9gime (400 g) - ECO Supplements\",\"isPartOf\":{\"@id\":\"https:\\\/\\\/ecosupplements.be\\\/fr\\\/#website\"},\"primaryImageOfPage\":{\"@id\":\"https:\\\/\\\/ecosupplements.be\\\/fr\\\/produit\\\/ostrovit-diet-spaghetti-konjac-noodles-400-g\\\/#primaryimage\"},\"image\":{\"@id\":\"https:\\\/\\\/ecosupplements.be\\\/fr\\\/produit\\\/ostrovit-diet-spaghetti-konjac-noodles-400-g\\\/#primaryimage\"},\"thumbnailUrl\":\"https:\\\/\\\/ecosupplements.be\\\/wp-content\\\/uploads\\\/2025\\\/08\\\/OSTROVIT-Diet-Spaghetti-Konjac-Noodles-400-g.jpg\",\"datePublished\":\"2025-07-26T10:45:12+00:00\",\"dateModified\":\"2025-08-28T02:40:25+00:00\",\"description\":\"Wij hebben een ruime keuze aan producten van Nouilles de Konjac Ostrovit pour r\u00e9gime (400 g) . Winkel bij Eco Supplements altijd gratis verzending boven 100\u20ac\",\"breadcrumb\":{\"@id\":\"https:\\\/\\\/ecosupplements.be\\\/fr\\\/produit\\\/ostrovit-diet-spaghetti-konjac-noodles-400-g\\\/#breadcrumb\"},\"inLanguage\":\"fr-FR\",\"potentialAction\":[{\"@type\":\"ReadAction\",\"target\":[\"https:\\\/\\\/ecosupplements.be\\\/fr\\\/produit\\\/ostrovit-diet-spaghetti-konjac-noodles-400-g\\\/\"]}]},{\"@type\":\"ImageObject\",\"inLanguage\":\"fr-FR\",\"@id\":\"https:\\\/\\\/ecosupplements.be\\\/fr\\\/produit\\\/ostrovit-diet-spaghetti-konjac-noodles-400-g\\\/#primaryimage\",\"url\":\"https:\\\/\\\/ecosupplements.be\\\/wp-content\\\/uploads\\\/2025\\\/08\\\/OSTROVIT-Diet-Spaghetti-Konjac-Noodles-400-g.jpg\",\"contentUrl\":\"https:\\\/\\\/ecosupplements.be\\\/wp-content\\\/uploads\\\/2025\\\/08\\\/OSTROVIT-Diet-Spaghetti-Konjac-Noodles-400-g.jpg\",\"width\":1000,\"height\":1000},{\"@type\":\"BreadcrumbList\",\"@id\":\"https:\\\/\\\/ecosupplements.be\\\/fr\\\/produit\\\/ostrovit-diet-spaghetti-konjac-noodles-400-g\\\/#breadcrumb\",\"itemListElement\":[{\"@type\":\"ListItem\",\"position\":1,\"name\":\"Home\",\"item\":\"https:\\\/\\\/ecosupplements.be\\\/fr\\\/\"},{\"@type\":\"ListItem\",\"position\":2,\"name\":\"Boutique\",\"item\":\"https:\\\/\\\/ecosupplements.be\\\/fr\\\/boutique\\\/\"},{\"@type\":\"ListItem\",\"position\":3,\"name\":\"Nouilles de Konjac Ostrovit pour r\u00e9gime (400 g)\"}]},{\"@type\":\"WebSite\",\"@id\":\"https:\\\/\\\/ecosupplements.be\\\/fr\\\/#website\",\"url\":\"https:\\\/\\\/ecosupplements.be\\\/fr\\\/\",\"name\":\"ECO Supplements\",\"description\":\"Eco Supplements - Gezonde supplementen\",\"publisher\":{\"@id\":\"https:\\\/\\\/ecosupplements.be\\\/fr\\\/#organization\"},\"potentialAction\":[{\"@type\":\"SearchAction\",\"target\":{\"@type\":\"EntryPoint\",\"urlTemplate\":\"https:\\\/\\\/ecosupplements.be\\\/fr\\\/?s={search_term_string}\"},\"query-input\":{\"@type\":\"PropertyValueSpecification\",\"valueRequired\":true,\"valueName\":\"search_term_string\"}}],\"inLanguage\":\"fr-FR\"},{\"@type\":\"Organization\",\"@id\":\"https:\\\/\\\/ecosupplements.be\\\/fr\\\/#organization\",\"name\":\"Eco Supplements\",\"url\":\"https:\\\/\\\/ecosupplements.be\\\/fr\\\/\",\"logo\":{\"@type\":\"ImageObject\",\"inLanguage\":\"fr-FR\",\"@id\":\"https:\\\/\\\/ecosupplements.be\\\/fr\\\/#\\\/schema\\\/logo\\\/image\\\/\",\"url\":\"https:\\\/\\\/ecosupplements.be\\\/wp-content\\\/uploads\\\/2022\\\/06\\\/ecosupplement-family.png\",\"contentUrl\":\"https:\\\/\\\/ecosupplements.be\\\/wp-content\\\/uploads\\\/2022\\\/06\\\/ecosupplement-family.png\",\"width\":593,\"height\":374,\"caption\":\"Eco Supplements\"},\"image\":{\"@id\":\"https:\\\/\\\/ecosupplements.be\\\/fr\\\/#\\\/schema\\\/logo\\\/image\\\/\"}}]}<\/script>\n<meta property=\"product:brand\" content=\"Ostrovit\" \/>\n<meta property=\"product:price:amount\" content=\"1.64\" \/>\n<meta property=\"product:price:currency\" content=\"EUR\" \/>\n<meta property=\"og:availability\" content=\"instock\" \/>\n<meta property=\"product:availability\" content=\"instock\" \/>\n<meta property=\"product:retailer_item_id\" content=\"5903933902913\" \/>\n<meta property=\"product:condition\" content=\"new\" \/>\n<!-- \/ Yoast SEO Premium plugin. -->","yoast_head_json":{"title":"Nouilles de Konjac Ostrovit pour r\u00e9gime (400 g) - ECO Supplements","description":"Wij hebben een ruime keuze aan producten van Nouilles de Konjac Ostrovit pour r\u00e9gime (400 g) . Winkel bij Eco Supplements altijd gratis verzending boven 100\u20ac","robots":{"index":"index","follow":"follow","max-snippet":"max-snippet:-1","max-image-preview":"max-image-preview:large","max-video-preview":"max-video-preview:-1"},"canonical":"https:\/\/ecosupplements.be\/fr\/produit\/ostrovit-diet-spaghetti-konjac-noodles-400-g\/","og_locale":"fr_FR","og_type":"article","og_title":"Nouilles de Konjac Ostrovit pour r\u00e9gime (400 g)","og_description":"Wij hebben een ruime keuze aan producten van Nouilles de Konjac Ostrovit pour r\u00e9gime (400 g) . Winkel bij Eco Supplements altijd gratis verzending boven 100\u20ac","og_url":"https:\/\/ecosupplements.be\/fr\/produit\/ostrovit-diet-spaghetti-konjac-noodles-400-g\/","og_site_name":"ECO Supplements","article_modified_time":"2025-08-28T02:40:25+00:00","og_image":[{"width":1000,"height":1000,"url":"https:\/\/ecosupplements.be\/wp-content\/uploads\/2025\/08\/Ostrovit-OSTROVIT-Diet-Spaghetti-Konjac-Noodles-400-g.jpg","type":"image\/jpeg"}],"twitter_card":"summary_large_image","twitter_misc":{"Prix":"1.64&nbsp;&euro;","Disponibilit\u00e9":"En stock"},"schema":{"@context":"https:\/\/schema.org","@graph":[{"@type":["WebPage","ItemPage"],"@id":"https:\/\/ecosupplements.be\/fr\/produit\/ostrovit-diet-spaghetti-konjac-noodles-400-g\/","url":"https:\/\/ecosupplements.be\/fr\/produit\/ostrovit-diet-spaghetti-konjac-noodles-400-g\/","name":"Nouilles de Konjac Ostrovit pour r\u00e9gime (400 g) - ECO Supplements","isPartOf":{"@id":"https:\/\/ecosupplements.be\/fr\/#website"},"primaryImageOfPage":{"@id":"https:\/\/ecosupplements.be\/fr\/produit\/ostrovit-diet-spaghetti-konjac-noodles-400-g\/#primaryimage"},"image":{"@id":"https:\/\/ecosupplements.be\/fr\/produit\/ostrovit-diet-spaghetti-konjac-noodles-400-g\/#primaryimage"},"thumbnailUrl":"https:\/\/ecosupplements.be\/wp-content\/uploads\/2025\/08\/OSTROVIT-Diet-Spaghetti-Konjac-Noodles-400-g.jpg","datePublished":"2025-07-26T10:45:12+00:00","dateModified":"2025-08-28T02:40:25+00:00","description":"Wij hebben een ruime keuze aan producten van Nouilles de Konjac Ostrovit pour r\u00e9gime (400 g) . Winkel bij Eco Supplements altijd gratis verzending boven 100\u20ac","breadcrumb":{"@id":"https:\/\/ecosupplements.be\/fr\/produit\/ostrovit-diet-spaghetti-konjac-noodles-400-g\/#breadcrumb"},"inLanguage":"fr-FR","potentialAction":[{"@type":"ReadAction","target":["https:\/\/ecosupplements.be\/fr\/produit\/ostrovit-diet-spaghetti-konjac-noodles-400-g\/"]}]},{"@type":"ImageObject","inLanguage":"fr-FR","@id":"https:\/\/ecosupplements.be\/fr\/produit\/ostrovit-diet-spaghetti-konjac-noodles-400-g\/#primaryimage","url":"https:\/\/ecosupplements.be\/wp-content\/uploads\/2025\/08\/OSTROVIT-Diet-Spaghetti-Konjac-Noodles-400-g.jpg","contentUrl":"https:\/\/ecosupplements.be\/wp-content\/uploads\/2025\/08\/OSTROVIT-Diet-Spaghetti-Konjac-Noodles-400-g.jpg","width":1000,"height":1000},{"@type":"BreadcrumbList","@id":"https:\/\/ecosupplements.be\/fr\/produit\/ostrovit-diet-spaghetti-konjac-noodles-400-g\/#breadcrumb","itemListElement":[{"@type":"ListItem","position":1,"name":"Home","item":"https:\/\/ecosupplements.be\/fr\/"},{"@type":"ListItem","position":2,"name":"Boutique","item":"https:\/\/ecosupplements.be\/fr\/boutique\/"},{"@type":"ListItem","position":3,"name":"Nouilles de Konjac Ostrovit pour r\u00e9gime (400 g)"}]},{"@type":"WebSite","@id":"https:\/\/ecosupplements.be\/fr\/#website","url":"https:\/\/ecosupplements.be\/fr\/","name":"ECO Supplements","description":"Eco Supplements - Gezonde supplementen","publisher":{"@id":"https:\/\/ecosupplements.be\/fr\/#organization"},"potentialAction":[{"@type":"SearchAction","target":{"@type":"EntryPoint","urlTemplate":"https:\/\/ecosupplements.be\/fr\/?s={search_term_string}"},"query-input":{"@type":"PropertyValueSpecification","valueRequired":true,"valueName":"search_term_string"}}],"inLanguage":"fr-FR"},{"@type":"Organization","@id":"https:\/\/ecosupplements.be\/fr\/#organization","name":"Eco Supplements","url":"https:\/\/ecosupplements.be\/fr\/","logo":{"@type":"ImageObject","inLanguage":"fr-FR","@id":"https:\/\/ecosupplements.be\/fr\/#\/schema\/logo\/image\/","url":"https:\/\/ecosupplements.be\/wp-content\/uploads\/2022\/06\/ecosupplement-family.png","contentUrl":"https:\/\/ecosupplements.be\/wp-content\/uploads\/2022\/06\/ecosupplement-family.png","width":593,"height":374,"caption":"Eco Supplements"},"image":{"@id":"https:\/\/ecosupplements.be\/fr\/#\/schema\/logo\/image\/"}}]},"product_brand":"Ostrovit","product_price_amount":"1.64","product_price_currency":"EUR","og_availability":"instock","product_availability":"instock","product_retailer_item_id":"5903933902913","product_condition":"new"},"_links":{"self":[{"href":"https:\/\/ecosupplements.be\/fr\/wp-json\/wp\/v2\/product\/302583","targetHints":{"allow":["GET"]}}],"collection":[{"href":"https:\/\/ecosupplements.be\/fr\/wp-json\/wp\/v2\/product"}],"about":[{"href":"https:\/\/ecosupplements.be\/fr\/wp-json\/wp\/v2\/types\/product"}],"replies":[{"embeddable":true,"href":"https:\/\/ecosupplements.be\/fr\/wp-json\/wp\/v2\/comments?post=302583"}],"wp:featuredmedia":[{"embeddable":true,"href":"https:\/\/ecosupplements.be\/fr\/wp-json\/wp\/v2\/media\/276723"}],"wp:attachment":[{"href":"https:\/\/ecosupplements.be\/fr\/wp-json\/wp\/v2\/media?parent=302583"}],"wp:term":[{"taxonomy":"product_brand","embeddable":true,"href":"https:\/\/ecosupplements.be\/fr\/wp-json\/wp\/v2\/product_brand?post=302583"},{"taxonomy":"product_cat","embeddable":true,"href":"https:\/\/ecosupplements.be\/fr\/wp-json\/wp\/v2\/product_cat?post=302583"},{"taxonomy":"product_tag","embeddable":true,"href":"https:\/\/ecosupplements.be\/fr\/wp-json\/wp\/v2\/product_tag?post=302583"}],"curies":[{"name":"wp","href":"https:\/\/api.w.org\/{rel}","templated":true}]}}