{"id":302637,"date":"2025-07-26T13:00:23","date_gmt":"2025-07-26T12:00:23","guid":{"rendered":"https:\/\/ecosupplements.be\/product\/ostrovit-marine-collagen-2040-mg-90-caps\/"},"modified":"2025-08-28T03:41:25","modified_gmt":"2025-08-28T02:41:25","slug":"ostrovit-marine-collagen-2040-mg-90-caps","status":"publish","type":"product","link":"https:\/\/ecosupplements.be\/fr\/produit\/ostrovit-marine-collagen-2040-mg-90-caps\/","title":{"rendered":"Collag\u00e8ne Marin OSTROVIT 2040 mg (90 g\u00e9lules)"},"content":{"rendered":"<h2>OSTROVIT Marine Collagen 2040 mg (90 caps)<\/h2>\n<p>D\u00e9couvrez OSTROVIT Marine Collagen, un compl\u00e9ment de haute qualit\u00e9 qui int\u00e8gre des peptides de collag\u00e8ne marin de type I. Ces ingr\u00e9dients sont reconnus pour leur origine naturelle et leur grande puret\u00e9.<\/p>\n<p>Ce produit est pr\u00e9sent\u00e9 sous forme de capsules faciles \u00e0 avaler, con\u00e7ues pour s&#8217;int\u00e9grer simplement dans votre quotidien. Chaque paquet contient 90 capsules, offrant ainsi 45 portions.<\/p>\n<h3>Ingr\u00e9dients principaux<\/h3>\n<ul>\n<li>Peptides de collag\u00e8ne marin (hydrolys\u00e9s)<\/li>\n<li>Enveloppe de la capsule : g\u00e9latine, eau purifi\u00e9e<\/li>\n<li>Anti-agglom\u00e9rant : sels magn\u00e9siens d&#8217;acides gras<\/li>\n<\/ul>\n<p>Ce produit peut contenir des traces de lait (y compris lactose), soja, arachides, autres noix, graines de s\u00e9same, c\u00e9r\u00e9ales contenant du gluten, \u0153ufs, crustac\u00e9s et poissons.<\/p>\n<h3>Utilisation recommand\u00e9e<\/h3>\n<p>Prenez une portion (2 capsules) par jour. Ne d\u00e9passez pas la dose journali\u00e8re recommand\u00e9e.<\/p>\n<h3>Caract\u00e9ristiques pratiques<\/h3>\n<ul>\n<li><strong>Poids net :<\/strong> 101 g<\/li>\n<li><strong>Nombres d&#8217;unit\u00e9s :<\/strong> 90 capsules par emballage<\/li>\n<li><strong>Taille d&#8217;une portion :<\/strong> 2 capsules <\/li>\n<li><strong>Nombres des portions:<\/strong>:45 <\/ul>\n<\/ul>\n<table style=\"width:100%\">\n<thead style=\"background-color:#f4f4f4\">\n<tr>\n<th>ingr\u00e9dients actifs par portion:<\/th>\n<\/tr>\n<p>&lt;\/thead<\/p>\n<tbody>\n<tr>\n<td style=\"text-align:left\">Peptides de collag\u00e8ne marin hydrolys\u00e9s: 2040 mg <\/td>\n<\/tr>\n<\/tbody>\n<p>Maintenez le produit dans un endroit sec et frais entre 15-25\u00b0C et \u00e0 l&#8217;abri du soleil direct pour pr\u00e9server sa qualit\u00e9 optimale.<\/p>\n","protected":false},"excerpt":{"rendered":"<p>OSTROVIT Marine Collagen 2040 mg (90 caps) D\u00e9couvrez OSTROVIT Marine Collagen, un compl\u00e9ment de haute qualit\u00e9 qui int\u00e8gre des peptides de collag\u00e8ne marin de type I. Ces ingr\u00e9dients sont reconnus pour leur origine naturelle et leur grande puret\u00e9. Ce produit est pr\u00e9sent\u00e9 sous forme de capsules faciles \u00e0 avaler, con\u00e7ues pour s&#8217;int\u00e9grer simplement dans votre [&#8230;]\n","protected":false},"featured_media":276777,"comment_status":"closed","ping_status":"open","template":"","meta":[],"product_brand":[5326],"product_cat":[5121,5052,5053],"product_tag":[],"class_list":{"0":"post-302637","1":"product","2":"type-product","3":"status-publish","4":"has-post-thumbnail","6":"product_brand-ostrovit-2","7":"product_cat-collagene","8":"product_cat-sante-et-bien-etre","9":"product_cat-vitamines-et-mineraux","11":"first","12":"instock","13":"taxable","14":"shipping-taxable","15":"purchasable","16":"product-type-simple"},"yoast_head":"<!-- This site is optimized with the Yoast SEO Premium plugin v27.5 (Yoast SEO v27.5) - https:\/\/yoast.com\/product\/yoast-seo-premium-wordpress\/ -->\n<title>Collag\u00e8ne Marin OSTROVIT 2040 mg (90 g\u00e9lules) - ECO Supplements<\/title>\n<meta name=\"description\" content=\"Wij hebben een ruime keuze aan producten van Collag\u00e8ne Marin OSTROVIT 2040 mg (90 g\u00e9lules) . Winkel bij Eco Supplements altijd gratis verzending boven 100\u20ac\" \/>\n<meta name=\"robots\" content=\"index, follow, max-snippet:-1, max-image-preview:large, max-video-preview:-1\" \/>\n<link rel=\"canonical\" href=\"https:\/\/ecosupplements.be\/fr\/produit\/ostrovit-marine-collagen-2040-mg-90-caps\/\" \/>\n<meta property=\"og:locale\" content=\"fr_FR\" \/>\n<meta property=\"og:type\" content=\"article\" \/>\n<meta property=\"og:title\" content=\"Collag\u00e8ne Marin OSTROVIT 2040 mg (90 g\u00e9lules)\" \/>\n<meta property=\"og:description\" content=\"Wij hebben een ruime keuze aan producten van Collag\u00e8ne Marin OSTROVIT 2040 mg (90 g\u00e9lules) . Winkel bij Eco Supplements altijd gratis verzending boven 100\u20ac\" \/>\n<meta property=\"og:url\" content=\"https:\/\/ecosupplements.be\/fr\/produit\/ostrovit-marine-collagen-2040-mg-90-caps\/\" \/>\n<meta property=\"og:site_name\" content=\"ECO Supplements\" \/>\n<meta property=\"article:modified_time\" content=\"2025-08-28T02:41:25+00:00\" \/>\n<meta property=\"og:image\" content=\"https:\/\/ecosupplements.be\/wp-content\/uploads\/2025\/08\/Ostrovit-OSTROVIT-Marine-Collagen-2040-mg-90-caps.jpg\" \/>\n\t<meta property=\"og:image:width\" content=\"1000\" \/>\n\t<meta property=\"og:image:height\" content=\"1000\" \/>\n\t<meta property=\"og:image:type\" content=\"image\/jpeg\" \/>\n<meta name=\"twitter:card\" content=\"summary_large_image\" \/>\n<meta name=\"twitter:label1\" content=\"Prix\" \/>\n\t<meta name=\"twitter:data1\" content=\"9.92&nbsp;&euro;\" \/>\n\t<meta name=\"twitter:label2\" content=\"Disponibilit\u00e9\" \/>\n\t<meta name=\"twitter:data2\" content=\"En stock\" \/>\n<script type=\"application\/ld+json\" class=\"yoast-schema-graph\">{\"@context\":\"https:\\\/\\\/schema.org\",\"@graph\":[{\"@type\":[\"WebPage\",\"ItemPage\"],\"@id\":\"https:\\\/\\\/ecosupplements.be\\\/fr\\\/produit\\\/ostrovit-marine-collagen-2040-mg-90-caps\\\/\",\"url\":\"https:\\\/\\\/ecosupplements.be\\\/fr\\\/produit\\\/ostrovit-marine-collagen-2040-mg-90-caps\\\/\",\"name\":\"Collag\u00e8ne Marin OSTROVIT 2040 mg (90 g\u00e9lules) - ECO Supplements\",\"isPartOf\":{\"@id\":\"https:\\\/\\\/ecosupplements.be\\\/fr\\\/#website\"},\"primaryImageOfPage\":{\"@id\":\"https:\\\/\\\/ecosupplements.be\\\/fr\\\/produit\\\/ostrovit-marine-collagen-2040-mg-90-caps\\\/#primaryimage\"},\"image\":{\"@id\":\"https:\\\/\\\/ecosupplements.be\\\/fr\\\/produit\\\/ostrovit-marine-collagen-2040-mg-90-caps\\\/#primaryimage\"},\"thumbnailUrl\":\"https:\\\/\\\/ecosupplements.be\\\/wp-content\\\/uploads\\\/2025\\\/08\\\/OSTROVIT-Marine-Collagen-2040-mg-90-caps.jpg\",\"datePublished\":\"2025-07-26T12:00:23+00:00\",\"dateModified\":\"2025-08-28T02:41:25+00:00\",\"description\":\"Wij hebben een ruime keuze aan producten van Collag\u00e8ne Marin OSTROVIT 2040 mg (90 g\u00e9lules) . Winkel bij Eco Supplements altijd gratis verzending boven 100\u20ac\",\"breadcrumb\":{\"@id\":\"https:\\\/\\\/ecosupplements.be\\\/fr\\\/produit\\\/ostrovit-marine-collagen-2040-mg-90-caps\\\/#breadcrumb\"},\"inLanguage\":\"fr-FR\",\"potentialAction\":[{\"@type\":\"ReadAction\",\"target\":[\"https:\\\/\\\/ecosupplements.be\\\/fr\\\/produit\\\/ostrovit-marine-collagen-2040-mg-90-caps\\\/\"]}]},{\"@type\":\"ImageObject\",\"inLanguage\":\"fr-FR\",\"@id\":\"https:\\\/\\\/ecosupplements.be\\\/fr\\\/produit\\\/ostrovit-marine-collagen-2040-mg-90-caps\\\/#primaryimage\",\"url\":\"https:\\\/\\\/ecosupplements.be\\\/wp-content\\\/uploads\\\/2025\\\/08\\\/OSTROVIT-Marine-Collagen-2040-mg-90-caps.jpg\",\"contentUrl\":\"https:\\\/\\\/ecosupplements.be\\\/wp-content\\\/uploads\\\/2025\\\/08\\\/OSTROVIT-Marine-Collagen-2040-mg-90-caps.jpg\",\"width\":1000,\"height\":1000},{\"@type\":\"BreadcrumbList\",\"@id\":\"https:\\\/\\\/ecosupplements.be\\\/fr\\\/produit\\\/ostrovit-marine-collagen-2040-mg-90-caps\\\/#breadcrumb\",\"itemListElement\":[{\"@type\":\"ListItem\",\"position\":1,\"name\":\"Home\",\"item\":\"https:\\\/\\\/ecosupplements.be\\\/fr\\\/\"},{\"@type\":\"ListItem\",\"position\":2,\"name\":\"Boutique\",\"item\":\"https:\\\/\\\/ecosupplements.be\\\/fr\\\/boutique\\\/\"},{\"@type\":\"ListItem\",\"position\":3,\"name\":\"Collag\u00e8ne Marin OSTROVIT 2040 mg (90 g\u00e9lules)\"}]},{\"@type\":\"WebSite\",\"@id\":\"https:\\\/\\\/ecosupplements.be\\\/fr\\\/#website\",\"url\":\"https:\\\/\\\/ecosupplements.be\\\/fr\\\/\",\"name\":\"ECO Supplements\",\"description\":\"Eco Supplements - Gezonde supplementen\",\"publisher\":{\"@id\":\"https:\\\/\\\/ecosupplements.be\\\/fr\\\/#organization\"},\"potentialAction\":[{\"@type\":\"SearchAction\",\"target\":{\"@type\":\"EntryPoint\",\"urlTemplate\":\"https:\\\/\\\/ecosupplements.be\\\/fr\\\/?s={search_term_string}\"},\"query-input\":{\"@type\":\"PropertyValueSpecification\",\"valueRequired\":true,\"valueName\":\"search_term_string\"}}],\"inLanguage\":\"fr-FR\"},{\"@type\":\"Organization\",\"@id\":\"https:\\\/\\\/ecosupplements.be\\\/fr\\\/#organization\",\"name\":\"Eco Supplements\",\"url\":\"https:\\\/\\\/ecosupplements.be\\\/fr\\\/\",\"logo\":{\"@type\":\"ImageObject\",\"inLanguage\":\"fr-FR\",\"@id\":\"https:\\\/\\\/ecosupplements.be\\\/fr\\\/#\\\/schema\\\/logo\\\/image\\\/\",\"url\":\"https:\\\/\\\/ecosupplements.be\\\/wp-content\\\/uploads\\\/2022\\\/06\\\/ecosupplement-family.png\",\"contentUrl\":\"https:\\\/\\\/ecosupplements.be\\\/wp-content\\\/uploads\\\/2022\\\/06\\\/ecosupplement-family.png\",\"width\":593,\"height\":374,\"caption\":\"Eco Supplements\"},\"image\":{\"@id\":\"https:\\\/\\\/ecosupplements.be\\\/fr\\\/#\\\/schema\\\/logo\\\/image\\\/\"}}]}<\/script>\n<meta property=\"product:brand\" content=\"Ostrovit\" \/>\n<meta property=\"product:price:amount\" content=\"9.92\" \/>\n<meta property=\"product:price:currency\" content=\"EUR\" \/>\n<meta property=\"og:availability\" content=\"instock\" \/>\n<meta property=\"product:availability\" content=\"instock\" \/>\n<meta property=\"product:retailer_item_id\" content=\"5903933913667\" \/>\n<meta property=\"product:condition\" content=\"new\" \/>\n<!-- \/ Yoast SEO Premium plugin. -->","yoast_head_json":{"title":"Collag\u00e8ne Marin OSTROVIT 2040 mg (90 g\u00e9lules) - ECO Supplements","description":"Wij hebben een ruime keuze aan producten van Collag\u00e8ne Marin OSTROVIT 2040 mg (90 g\u00e9lules) . Winkel bij Eco Supplements altijd gratis verzending boven 100\u20ac","robots":{"index":"index","follow":"follow","max-snippet":"max-snippet:-1","max-image-preview":"max-image-preview:large","max-video-preview":"max-video-preview:-1"},"canonical":"https:\/\/ecosupplements.be\/fr\/produit\/ostrovit-marine-collagen-2040-mg-90-caps\/","og_locale":"fr_FR","og_type":"article","og_title":"Collag\u00e8ne Marin OSTROVIT 2040 mg (90 g\u00e9lules)","og_description":"Wij hebben een ruime keuze aan producten van Collag\u00e8ne Marin OSTROVIT 2040 mg (90 g\u00e9lules) . Winkel bij Eco Supplements altijd gratis verzending boven 100\u20ac","og_url":"https:\/\/ecosupplements.be\/fr\/produit\/ostrovit-marine-collagen-2040-mg-90-caps\/","og_site_name":"ECO Supplements","article_modified_time":"2025-08-28T02:41:25+00:00","og_image":[{"width":1000,"height":1000,"url":"https:\/\/ecosupplements.be\/wp-content\/uploads\/2025\/08\/Ostrovit-OSTROVIT-Marine-Collagen-2040-mg-90-caps.jpg","type":"image\/jpeg"}],"twitter_card":"summary_large_image","twitter_misc":{"Prix":"9.92&nbsp;&euro;","Disponibilit\u00e9":"En stock"},"schema":{"@context":"https:\/\/schema.org","@graph":[{"@type":["WebPage","ItemPage"],"@id":"https:\/\/ecosupplements.be\/fr\/produit\/ostrovit-marine-collagen-2040-mg-90-caps\/","url":"https:\/\/ecosupplements.be\/fr\/produit\/ostrovit-marine-collagen-2040-mg-90-caps\/","name":"Collag\u00e8ne Marin OSTROVIT 2040 mg (90 g\u00e9lules) - ECO Supplements","isPartOf":{"@id":"https:\/\/ecosupplements.be\/fr\/#website"},"primaryImageOfPage":{"@id":"https:\/\/ecosupplements.be\/fr\/produit\/ostrovit-marine-collagen-2040-mg-90-caps\/#primaryimage"},"image":{"@id":"https:\/\/ecosupplements.be\/fr\/produit\/ostrovit-marine-collagen-2040-mg-90-caps\/#primaryimage"},"thumbnailUrl":"https:\/\/ecosupplements.be\/wp-content\/uploads\/2025\/08\/OSTROVIT-Marine-Collagen-2040-mg-90-caps.jpg","datePublished":"2025-07-26T12:00:23+00:00","dateModified":"2025-08-28T02:41:25+00:00","description":"Wij hebben een ruime keuze aan producten van Collag\u00e8ne Marin OSTROVIT 2040 mg (90 g\u00e9lules) . Winkel bij Eco Supplements altijd gratis verzending boven 100\u20ac","breadcrumb":{"@id":"https:\/\/ecosupplements.be\/fr\/produit\/ostrovit-marine-collagen-2040-mg-90-caps\/#breadcrumb"},"inLanguage":"fr-FR","potentialAction":[{"@type":"ReadAction","target":["https:\/\/ecosupplements.be\/fr\/produit\/ostrovit-marine-collagen-2040-mg-90-caps\/"]}]},{"@type":"ImageObject","inLanguage":"fr-FR","@id":"https:\/\/ecosupplements.be\/fr\/produit\/ostrovit-marine-collagen-2040-mg-90-caps\/#primaryimage","url":"https:\/\/ecosupplements.be\/wp-content\/uploads\/2025\/08\/OSTROVIT-Marine-Collagen-2040-mg-90-caps.jpg","contentUrl":"https:\/\/ecosupplements.be\/wp-content\/uploads\/2025\/08\/OSTROVIT-Marine-Collagen-2040-mg-90-caps.jpg","width":1000,"height":1000},{"@type":"BreadcrumbList","@id":"https:\/\/ecosupplements.be\/fr\/produit\/ostrovit-marine-collagen-2040-mg-90-caps\/#breadcrumb","itemListElement":[{"@type":"ListItem","position":1,"name":"Home","item":"https:\/\/ecosupplements.be\/fr\/"},{"@type":"ListItem","position":2,"name":"Boutique","item":"https:\/\/ecosupplements.be\/fr\/boutique\/"},{"@type":"ListItem","position":3,"name":"Collag\u00e8ne Marin OSTROVIT 2040 mg (90 g\u00e9lules)"}]},{"@type":"WebSite","@id":"https:\/\/ecosupplements.be\/fr\/#website","url":"https:\/\/ecosupplements.be\/fr\/","name":"ECO Supplements","description":"Eco Supplements - Gezonde supplementen","publisher":{"@id":"https:\/\/ecosupplements.be\/fr\/#organization"},"potentialAction":[{"@type":"SearchAction","target":{"@type":"EntryPoint","urlTemplate":"https:\/\/ecosupplements.be\/fr\/?s={search_term_string}"},"query-input":{"@type":"PropertyValueSpecification","valueRequired":true,"valueName":"search_term_string"}}],"inLanguage":"fr-FR"},{"@type":"Organization","@id":"https:\/\/ecosupplements.be\/fr\/#organization","name":"Eco Supplements","url":"https:\/\/ecosupplements.be\/fr\/","logo":{"@type":"ImageObject","inLanguage":"fr-FR","@id":"https:\/\/ecosupplements.be\/fr\/#\/schema\/logo\/image\/","url":"https:\/\/ecosupplements.be\/wp-content\/uploads\/2022\/06\/ecosupplement-family.png","contentUrl":"https:\/\/ecosupplements.be\/wp-content\/uploads\/2022\/06\/ecosupplement-family.png","width":593,"height":374,"caption":"Eco Supplements"},"image":{"@id":"https:\/\/ecosupplements.be\/fr\/#\/schema\/logo\/image\/"}}]},"product_brand":"Ostrovit","product_price_amount":"9.92","product_price_currency":"EUR","og_availability":"instock","product_availability":"instock","product_retailer_item_id":"5903933913667","product_condition":"new"},"_links":{"self":[{"href":"https:\/\/ecosupplements.be\/fr\/wp-json\/wp\/v2\/product\/302637","targetHints":{"allow":["GET"]}}],"collection":[{"href":"https:\/\/ecosupplements.be\/fr\/wp-json\/wp\/v2\/product"}],"about":[{"href":"https:\/\/ecosupplements.be\/fr\/wp-json\/wp\/v2\/types\/product"}],"replies":[{"embeddable":true,"href":"https:\/\/ecosupplements.be\/fr\/wp-json\/wp\/v2\/comments?post=302637"}],"wp:featuredmedia":[{"embeddable":true,"href":"https:\/\/ecosupplements.be\/fr\/wp-json\/wp\/v2\/media\/276777"}],"wp:attachment":[{"href":"https:\/\/ecosupplements.be\/fr\/wp-json\/wp\/v2\/media?parent=302637"}],"wp:term":[{"taxonomy":"product_brand","embeddable":true,"href":"https:\/\/ecosupplements.be\/fr\/wp-json\/wp\/v2\/product_brand?post=302637"},{"taxonomy":"product_cat","embeddable":true,"href":"https:\/\/ecosupplements.be\/fr\/wp-json\/wp\/v2\/product_cat?post=302637"},{"taxonomy":"product_tag","embeddable":true,"href":"https:\/\/ecosupplements.be\/fr\/wp-json\/wp\/v2\/product_tag?post=302637"}],"curies":[{"name":"wp","href":"https:\/\/api.w.org\/{rel}","templated":true}]}}